{"id":3063,"date":"2026-02-28T01:08:46","date_gmt":"2026-02-28T04:08:46","guid":{"rendered":"https:\/\/bibliotecajuridicavirtual.cl\/?post_type=product&#038;p=3063"},"modified":"2026-02-28T01:09:12","modified_gmt":"2026-02-28T04:09:12","slug":"derecho-de-danos-y-responsabilidad-civil-temas-actuales-y-futuros-ano-noviembre-2023-390-pag-autor-gian-franco-rosso-elorriaga","status":"publish","type":"product","link":"https:\/\/bibliotecajuridicavirtual.cl\/index.php\/product\/derecho-de-danos-y-responsabilidad-civil-temas-actuales-y-futuros-ano-noviembre-2023-390-pag-autor-gian-franco-rosso-elorriaga\/","title":{"rendered":"Derecho de Da\u00f1os y Responsabilidad Civil &#8211;  Temas Actuales y Futuros. A\u00f1o Noviembre 2023\/ 390 P\u00e1g. Autor  Gian Franco Rosso Elorriaga"},"content":{"rendered":"<p style=\"font-weight: 400;\">La noci\u00f3n de Derecho de da\u00f1os comprende la multiplicidad de reg\u00edmenes de cobertura de riesgos existentes en la actualidad, de los cuales la responsabilidad civil es s\u00f3lo una especie. El libro recopila las investigaciones relativas a esos otros reg\u00edmenes llevadas adelante por profesores que imparten lecciones en el Mag\u00edster Derecho de Da\u00f1os y Responsabilidad Civil de la Universidad de los Andes, afiliados a esta casa de estudios e invitados de otras instituciones, d\u00e1ndole un efectivo contenido a la noci\u00f3n de Derecho de Da\u00f1os en clave sist\u00e9mica. As\u00ed, los trabajos permiten el conocimiento de la propias estructuras, principios, reglas y efectos de los reg\u00edmenes dirigidos a la indemnizaci\u00f3n o restituci\u00f3n de da\u00f1os materiales o inmateriales que sufren las personas, no constitutivos de responsabilidad civil, las diferencias con esta pero, asimismo, las vinculaciones que con ella se presentan. Igualmente, ofrecen al lector un conjunto de tem\u00e1ticas variadas referidas a los da\u00f1os, cargados de informaci\u00f3n, de an\u00e1lisis bajo una mirada moderna y pr\u00e1ctica, de gran utilidad para docentes, abogados y estudiantes.<\/p>\n<p style=\"font-weight: 400;\">\n<p style=\"font-weight: 400;\"><b><strong>CAP\u00cdTULO I<\/strong><\/b><br \/>\n<b><strong>EL DERECHO DE DA\u00d1OS EXTRA RESPONSABILIDAD CIVIL<\/strong><\/b><\/p>\n<p style=\"font-weight: 400;\"><em>Los principios de la Seguridad Social ante la normativa y la jurisprudencia<\/em><br \/>\nHugo Cifuentes Lillo &#8211; Roberto Cer\u00f3n Reyes &#8211; Mar\u00eda Ang\u00e9lica Duvauchelle Ruedi<\/p>\n<p style=\"font-weight: 400;\"><em>Los deberes del liquidador de seguros en Chile<\/em><br \/>\nMarcelo Nasser Olea<\/p>\n<p style=\"font-weight: 400;\"><em>Indemnizaciones por hecho o acto l\u00edcito<\/em><br \/>\nCarlos C\u00e9spedes Mu\u00f1oz<\/p>\n<p style=\"font-weight: 400;\"><b><strong>CAP\u00cdTULO II<\/strong><\/b><br \/>\n<b><strong>DERECHO GENERAL DE LA RESPONSABILIDAD CIVIL<\/strong><\/b><\/p>\n<p style=\"font-weight: 400;\"><em>Por qu\u00e9 debe la v\u00edctima soportar el da\u00f1o y en qu\u00e9 situaciones el victimario debe responder en la responsabilidad civil actual<\/em><br \/>\nYasna Ot\u00e1rola Espinoza<\/p>\n<p style=\"font-weight: 400;\"><em>El da\u00f1o como elemento esencial de la responsabilidad civil extracontractual<\/em><br \/>\nHern\u00e1n Corral Talciani &#8211; Manuel Grasso<\/p>\n<p style=\"font-weight: 400;\"><em>La construcci\u00f3n de la culpa en la dogm\u00e1tica moderna<\/em><br \/>\nCristi\u00e1n Aedo Barrena<\/p>\n<p style=\"font-weight: 400;\"><em>Una aproximaci\u00f3n general sobre la causalidad. T\u00f3picos relevantes<\/em><br \/>\nRenzo Munita Marambio<\/p>\n<p style=\"font-weight: 400;\"><em>Da\u00f1o causado por un miembro no identificado de un grupo determinado: dos versiones del famoso caso de los cazadores<\/em><br \/>\nCristi\u00e1n Banfi del R\u00edo<\/p>\n<p style=\"font-weight: 400;\"><b><strong>CAP\u00cdTULO III<\/strong><\/b><br \/>\n<b><strong>DERECHO ESPECIAL DE LA RESPONSABILIDAD CIVIL<\/strong><\/b><\/p>\n<p style=\"font-weight: 400;\"><em>El incumplimiento: noci\u00f3n y clases<\/em><br \/>\nLilian C. San Mart\u00edn Neira<\/p>\n<p style=\"font-weight: 400;\"><em>Responsabilidad precontractual: or\u00edgenes en el derecho comparado y su recepci\u00f3n en el derecho chileno<\/em><br \/>\nIsabel Margarita Zuloaga R\u00edos<\/p>\n<p style=\"font-weight: 400;\"><em>Algunas consideraciones acerca de los acuerdos preliminares<\/em><br \/>\nIsabel Margarita Zuloaga R\u00edos<\/p>\n","protected":false},"excerpt":{"rendered":"<p>La noci\u00f3n de Derecho de da\u00f1os comprende la multiplicidad de reg\u00edmenes de cobertura de riesgos existentes en la actualidad, de los cuales la responsabilidad civil es s\u00f3lo una especie. El libro recopila las investigaciones relativas a esos otros reg\u00edmenes llevadas adelante por profesores que imparten lecciones en el Mag\u00edster Derecho de Da\u00f1os y Responsabilidad Civil de la Universidad de los Andes, afiliados a esta casa de estudios e invitados de otras instituciones, d\u00e1ndole un efectivo contenido a la noci\u00f3n de Derecho de Da\u00f1os en clave sist\u00e9mica. As\u00ed, los trabajos permiten el conocimiento de la propias estructuras, principios, reglas y efectos de los reg\u00edmenes dirigidos a la indemnizaci\u00f3n o restituci\u00f3n de da\u00f1os materiales o inmateriales que sufren las personas, no constitutivos de responsabilidad civil, las diferencias con esta pero, asimismo, las vinculaciones que con ella se presentan. Igualmente, ofrecen al lector un conjunto de tem\u00e1ticas variadas referidas a los da\u00f1os, cargados de informaci\u00f3n, de an\u00e1lisis bajo una mirada moderna y pr\u00e1ctica, de gran utilidad para docentes, abogados y estudiantes. CAP\u00cdTULO I EL DERECHO DE DA\u00d1OS EXTRA RESPONSABILIDAD CIVIL Los principios de la Seguridad Social ante la normativa y la jurisprudencia Hugo Cifuentes Lillo &#8211; Roberto Cer\u00f3n Reyes &#8211; Mar\u00eda Ang\u00e9lica Duvauchelle Ruedi Los deberes del liquidador de seguros en Chile Marcelo Nasser Olea Indemnizaciones por hecho o acto l\u00edcito Carlos C\u00e9spedes Mu\u00f1oz CAP\u00cdTULO II DERECHO GENERAL DE LA RESPONSABILIDAD CIVIL Por qu\u00e9 debe la v\u00edctima soportar el da\u00f1o y en qu\u00e9 situaciones el victimario debe responder en la responsabilidad civil actual Yasna Ot\u00e1rola Espinoza El da\u00f1o como elemento esencial de la responsabilidad civil extracontractual Hern\u00e1n Corral Talciani &#8211; Manuel Grasso La construcci\u00f3n de la culpa en la dogm\u00e1tica moderna Cristi\u00e1n Aedo Barrena Una aproximaci\u00f3n general sobre la causalidad. T\u00f3picos relevantes Renzo Munita Marambio Da\u00f1o causado por un miembro no identificado de un grupo determinado: dos versiones del famoso caso de los cazadores Cristi\u00e1n Banfi del R\u00edo CAP\u00cdTULO III DERECHO ESPECIAL DE LA RESPONSABILIDAD CIVIL El incumplimiento: noci\u00f3n y clases Lilian C. San Mart\u00edn Neira Responsabilidad precontractual: or\u00edgenes en el derecho comparado y su recepci\u00f3n en el derecho chileno Isabel Margarita Zuloaga R\u00edos Algunas consideraciones acerca de los acuerdos preliminares Isabel Margarita Zuloaga R\u00edos<\/p>\n","protected":false},"featured_media":3104,"comment_status":"open","ping_status":"closed","template":"","meta":{"inline_featured_image":false,"_joinchat":[]},"product_brand":[],"product_cat":[27],"product_tag":[],"class_list":{"0":"post-3063","1":"product","2":"type-product","3":"status-publish","4":"has-post-thumbnail","6":"product_cat-civil","7":"product_shipping_class-a-convenir","9":"first","10":"instock","11":"shipping-taxable","12":"purchasable","13":"product-type-simple"},"_links":{"self":[{"href":"https:\/\/bibliotecajuridicavirtual.cl\/index.php\/wp-json\/wp\/v2\/product\/3063","targetHints":{"allow":["GET"]}}],"collection":[{"href":"https:\/\/bibliotecajuridicavirtual.cl\/index.php\/wp-json\/wp\/v2\/product"}],"about":[{"href":"https:\/\/bibliotecajuridicavirtual.cl\/index.php\/wp-json\/wp\/v2\/types\/product"}],"replies":[{"embeddable":true,"href":"https:\/\/bibliotecajuridicavirtual.cl\/index.php\/wp-json\/wp\/v2\/comments?post=3063"}],"wp:featuredmedia":[{"embeddable":true,"href":"https:\/\/bibliotecajuridicavirtual.cl\/index.php\/wp-json\/wp\/v2\/media\/3104"}],"wp:attachment":[{"href":"https:\/\/bibliotecajuridicavirtual.cl\/index.php\/wp-json\/wp\/v2\/media?parent=3063"}],"wp:term":[{"taxonomy":"product_brand","embeddable":true,"href":"https:\/\/bibliotecajuridicavirtual.cl\/index.php\/wp-json\/wp\/v2\/product_brand?post=3063"},{"taxonomy":"product_cat","embeddable":true,"href":"https:\/\/bibliotecajuridicavirtual.cl\/index.php\/wp-json\/wp\/v2\/product_cat?post=3063"},{"taxonomy":"product_tag","embeddable":true,"href":"https:\/\/bibliotecajuridicavirtual.cl\/index.php\/wp-json\/wp\/v2\/product_tag?post=3063"}],"curies":[{"name":"wp","href":"https:\/\/api.w.org\/{rel}","templated":true}]}}