{"id":3071,"date":"2026-02-28T01:08:46","date_gmt":"2026-02-28T04:08:46","guid":{"rendered":"https:\/\/bibliotecajuridicavirtual.cl\/?post_type=product&#038;p=3071"},"modified":"2026-02-28T01:09:21","modified_gmt":"2026-02-28T04:09:21","slug":"casos-practicos-de-responsabilidad-medica-ano-octubre-2023-98-pag-autor-ruben-antonio-caceres-palacios","status":"publish","type":"product","link":"https:\/\/bibliotecajuridicavirtual.cl\/index.php\/product\/casos-practicos-de-responsabilidad-medica-ano-octubre-2023-98-pag-autor-ruben-antonio-caceres-palacios\/","title":{"rendered":"Casos Pr\u00e1cticos de Responsabilidad Medica. A\u00f1o Octubre 2023\/ 98 P\u00e1g. Autor Rub\u00e9n Antonio C\u00e1ceres Palacios"},"content":{"rendered":"<p style=\"font-weight: 400;\">En el presente libro, hemos querido abarcar la responsabilidad m\u00e9dica desde el enfoque pr\u00e1ctico por medio de la realizaci\u00f3n de casos pr\u00e1cticos en los diferentes t\u00f3picos que componen este \u00e1mbito jur\u00eddico, analizando la aplicaci\u00f3n de la normativa que responde a la controversia planteada, esto es, Ley 20.584 Deberes y derechos de los pacientes en la prestaci\u00f3n de salud, Ley 19.966 que establece r\u00e9gimen de garant\u00edas expl\u00edcitas en salud, Decreto con Fuerza de Ley N\u00b01\/2005 Ministerio de Salud, C\u00f3digo Sanitario, as\u00ed como tambi\u00e9n los aspectos propios de la pr\u00e1ctica forense legal al momento de la identificaci\u00f3n y ponderaci\u00f3n de un caso que reviste los caracteres de negligencia m\u00e9dica, sea en la no prestaci\u00f3n, atenci\u00f3n tard\u00eda o realizar dicha prestaci\u00f3n de manera imperfecta. Trabajo que viene en plantear una variante pr\u00e1ctica a esta materia para quienes en el desarrollo de la profesi\u00f3n legal tengan un insumo que plasme los planteamientos te\u00f3ricos y doctrinales en lo que ocurre al momento de llevar a la realidad todo lo aprendido en la academia, as\u00ed como tambi\u00e9n de un enfoque abierto tanto para los funcionaros del \u00e1mbito de la salud en conocer las consecuencias legales de una prestaci\u00f3n que no se ajuste a su lex artis m\u00e9dica y que como resultado de ello conlleva un da\u00f1o en la persona del paciente, por lo cual contribuye a la informaci\u00f3n y formaci\u00f3n en estas materias en el \u00e1mbito de la salud y finalmente el objetivo principal que toda persona interesada en la materia con el presente trabajo adquiera informaci\u00f3n tratada en forma pr\u00e1ctica para incorporar en herramientas legales en casos de prestaci\u00f3n sanitaria que se tratar\u00e1n a lo largo del presente libro, siendo la informaci\u00f3n el elemento m\u00e1s importante para saber que exigir en nuestra convivencia social al momento de requerir atenci\u00f3n sanitaria.<\/p>\n<p style=\"font-weight: 400;\">Como se puede apreciar, se trata de un trabajo ideado y materializado desde el enfoque pr\u00e1ctico y que sea de acceso a toda la poblaci\u00f3n independiente del tratamiento de elementos tanto legales como sanitarios, que finalmente contribuya a conocer sobre la responsabilidad legal sanitaria en nuestro pa\u00eds, pasos a seguir as\u00ed como las consecuencias legales de no cumplir por parte del prestador sea p\u00fablico o privado, persona natural o jur\u00eddica, y apuntar a tomar consciencia de que en este \u00e1mbito est\u00e1n involucrados y expuestos derechos humanos de los pacientes, haciendo condicionante que es l\u00f3gico que de no cumplirse con la seguridad en la prestaci\u00f3n no se cuenta ya con una atenci\u00f3n de calidad ni se cumple con el deber de indemnidad en la propia atenci\u00f3n para con el paciente, considerando que el paciente asiste al recinto sanitario para el tratamiento de su sintomatolog\u00eda que lo aqueja y que ser\u00e1 tratado de aquella patolog\u00eda m\u00e1s no acrecentar dicho estado por una prestaci\u00f3n deficiente, tard\u00eda u omisiva.<\/p>\n<p style=\"font-weight: 400;\">\n<p style=\"font-weight: 400;\"><b><strong>CASO N\u00b0 1. FALTA DE SERVICIO<\/strong><\/b><\/p>\n<p style=\"font-weight: 400;\">An\u00e1lisis-Resoluci\u00f3n<br \/>\nProceder previo a la judicializaci\u00f3n<br \/>\nRol 1561-2015 Corte Suprema<br \/>\nRol 14.891-2016, Corte Suprema<br \/>\nRol 38.890-2017, Corte Suprema<\/p>\n<p style=\"font-weight: 400;\"><b><strong>CASO N\u00b0 2. OLVIDO EN CUERPO DEL PACIENTE<\/strong><\/b><\/p>\n<p style=\"font-weight: 400;\">An\u00e1lisis-Resoluci\u00f3n<br \/>\nRol 42.931-2021 Corte Suprema<\/p>\n<p style=\"font-weight: 400;\"><b><strong>CASO N\u00b0 3. CIRUG\u00cdA EST\u00c9TICA<\/strong><\/b><\/p>\n<p style=\"font-weight: 400;\">An\u00e1lisis-Resoluci\u00f3n<\/p>\n<p style=\"font-weight: 400;\"><b><strong>CASO N\u00b0 4. TIEMPOS GES<\/strong><\/b><\/p>\n<p style=\"font-weight: 400;\">An\u00e1lisis-Resoluci\u00f3n<\/p>\n<p style=\"font-weight: 400;\"><b><strong>CASO N\u00b0 5. MALA PRAXIS QUIRURGICA<\/strong><\/b><\/p>\n<p style=\"font-weight: 400;\">An\u00e1lisis-Resoluci\u00f3n<br \/>\nRol 24997-2019 Corte Suprema<\/p>\n<p style=\"font-weight: 400;\"><b><strong>CASO N\u00b0 6. INFECCI\u00d3N INTRAHOSPITALARIA<\/strong><\/b><\/p>\n<p style=\"font-weight: 400;\">An\u00e1lisis- Resoluci\u00f3n<br \/>\nRol 21.468-2019 Corte Suprema<br \/>\nRol 11.238-2019 Corte Suprema<\/p>\n<p style=\"font-weight: 400;\"><b><strong>CASO N\u00b0 7. MEDICAMENTO<\/strong><\/b><\/p>\n<p style=\"font-weight: 400;\">An\u00e1lisis-Resoluci\u00f3n<br \/>\nRol N\u00b0 43.707-2017 Corte Suprema<\/p>\n<p style=\"font-weight: 400;\"><b><strong>CASO N\u00b0 8. ERROR DE DIAGN\u00d3STICO<\/strong><\/b><\/p>\n<p style=\"font-weight: 400;\">An\u00e1lisis-Resoluci\u00f3n<\/p>\n<p style=\"font-weight: 400;\"><b><strong>CASO N\u00b0 9. PRIVACI\u00d3N POR MALA PRAXIS<\/strong><\/b><\/p>\n<p style=\"font-weight: 400;\">An\u00e1lisis-Resoluci\u00f3n<br \/>\nFallo Rol 6.549-2018 Corte Suprema<br \/>\nRol 38.890-2017 Corte Suprema<\/p>\n<p style=\"font-weight: 400;\"><b><strong>CASO N\u00b0 10. TRATAMIENTO DENTAL<\/strong><\/b><\/p>\n<p style=\"font-weight: 400;\">An\u00e1lisis-Resoluci\u00f3n<br \/>\nCorte de Apelaciones de Santiago Rol 15.790-2018<\/p>\n<p style=\"font-weight: 400;\"><b><strong>CASO N\u00b0 11. ANAMNESIS<\/strong><\/b><\/p>\n<p style=\"font-weight: 400;\">An\u00e1lisis-Resoluci\u00f3n<\/p>\n<p style=\"font-weight: 400;\"><b><strong>CASO N\u00b0 12. ACCIDENTE LABORAL<\/strong><\/b><\/p>\n<p style=\"font-weight: 400;\">An\u00e1lisis-Resoluci\u00f3n<\/p>\n<p style=\"font-weight: 400;\"><b><strong>ANEXO<\/strong><\/b><\/p>\n<p style=\"font-weight: 400;\"><b><strong>LEY 20.584 REGULA LOS DERECHOS Y DEBERES QUE TIENEN LAS PERSONAS EN RELACI\u00d3N CON ACCIONES VINCULADAS A SU ATENCI\u00d3N EN SALUD<\/strong><\/b><\/p>\n","protected":false},"excerpt":{"rendered":"<p>En el presente libro, hemos querido abarcar la responsabilidad m\u00e9dica desde el enfoque pr\u00e1ctico por medio de la realizaci\u00f3n de casos pr\u00e1cticos en los diferentes t\u00f3picos que componen este \u00e1mbito jur\u00eddico, analizando la aplicaci\u00f3n de la normativa que responde a la controversia planteada, esto es, Ley 20.584 Deberes y derechos de los pacientes en la prestaci\u00f3n de salud, Ley 19.966 que establece r\u00e9gimen de garant\u00edas expl\u00edcitas en salud, Decreto con Fuerza de Ley N\u00b01\/2005 Ministerio de Salud, C\u00f3digo Sanitario, as\u00ed como tambi\u00e9n los aspectos propios de la pr\u00e1ctica forense legal al momento de la identificaci\u00f3n y ponderaci\u00f3n de un caso que reviste los caracteres de negligencia m\u00e9dica, sea en la no prestaci\u00f3n, atenci\u00f3n tard\u00eda o realizar dicha prestaci\u00f3n de manera imperfecta. Trabajo que viene en plantear una variante pr\u00e1ctica a esta materia para quienes en el desarrollo de la profesi\u00f3n legal tengan un insumo que plasme los planteamientos te\u00f3ricos y doctrinales en lo que ocurre al momento de llevar a la realidad todo lo aprendido en la academia, as\u00ed como tambi\u00e9n de un enfoque abierto tanto para los funcionaros del \u00e1mbito de la salud en conocer las consecuencias legales de una prestaci\u00f3n que no se ajuste a su lex artis m\u00e9dica y que como resultado de ello conlleva un da\u00f1o en la persona del paciente, por lo cual contribuye a la informaci\u00f3n y formaci\u00f3n en estas materias en el \u00e1mbito de la salud y finalmente el objetivo principal que toda persona interesada en la materia con el presente trabajo adquiera informaci\u00f3n tratada en forma pr\u00e1ctica para incorporar en herramientas legales en casos de prestaci\u00f3n sanitaria que se tratar\u00e1n a lo largo del presente libro, siendo la informaci\u00f3n el elemento m\u00e1s importante para saber que exigir en nuestra convivencia social al momento de requerir atenci\u00f3n sanitaria. Como se puede apreciar, se trata de un trabajo ideado y materializado desde el enfoque pr\u00e1ctico y que sea de acceso a toda la poblaci\u00f3n independiente del tratamiento de elementos tanto legales como sanitarios, que finalmente contribuya a conocer sobre la responsabilidad legal sanitaria en nuestro pa\u00eds, pasos a seguir as\u00ed como las consecuencias legales de no cumplir por parte del prestador sea p\u00fablico o privado, persona natural o jur\u00eddica, y apuntar a tomar consciencia de que en este \u00e1mbito est\u00e1n involucrados y expuestos derechos humanos de los pacientes, haciendo condicionante que es l\u00f3gico que de no cumplirse con la seguridad en la prestaci\u00f3n no se cuenta ya con una atenci\u00f3n de calidad ni se cumple con el deber de indemnidad en la propia atenci\u00f3n para con el paciente, considerando que el paciente asiste al recinto sanitario para el tratamiento de su sintomatolog\u00eda que lo aqueja y que ser\u00e1 tratado de aquella patolog\u00eda m\u00e1s no acrecentar dicho estado por una prestaci\u00f3n deficiente, tard\u00eda u omisiva. CASO N\u00b0 1. FALTA DE SERVICIO An\u00e1lisis-Resoluci\u00f3n Proceder previo a la judicializaci\u00f3n Rol 1561-2015 Corte Suprema Rol 14.891-2016, Corte Suprema Rol 38.890-2017, Corte Suprema CASO N\u00b0 2. OLVIDO EN CUERPO DEL PACIENTE An\u00e1lisis-Resoluci\u00f3n Rol 42.931-2021 Corte Suprema CASO N\u00b0 3. CIRUG\u00cdA EST\u00c9TICA An\u00e1lisis-Resoluci\u00f3n CASO N\u00b0 4. TIEMPOS GES An\u00e1lisis-Resoluci\u00f3n CASO N\u00b0 5. MALA PRAXIS QUIRURGICA An\u00e1lisis-Resoluci\u00f3n Rol 24997-2019 Corte Suprema CASO N\u00b0 6. INFECCI\u00d3N INTRAHOSPITALARIA An\u00e1lisis- Resoluci\u00f3n Rol 21.468-2019 Corte Suprema Rol 11.238-2019 Corte Suprema CASO N\u00b0 7. MEDICAMENTO An\u00e1lisis-Resoluci\u00f3n Rol N\u00b0 43.707-2017 Corte Suprema CASO N\u00b0 8. ERROR DE DIAGN\u00d3STICO An\u00e1lisis-Resoluci\u00f3n CASO N\u00b0 9. PRIVACI\u00d3N POR MALA PRAXIS An\u00e1lisis-Resoluci\u00f3n Fallo Rol 6.549-2018 Corte Suprema Rol 38.890-2017 Corte Suprema CASO N\u00b0 10. TRATAMIENTO DENTAL An\u00e1lisis-Resoluci\u00f3n Corte de Apelaciones de Santiago Rol 15.790-2018 CASO N\u00b0 11. ANAMNESIS An\u00e1lisis-Resoluci\u00f3n CASO N\u00b0 12. ACCIDENTE LABORAL An\u00e1lisis-Resoluci\u00f3n ANEXO LEY 20.584 REGULA LOS DERECHOS Y DEBERES QUE TIENEN LAS PERSONAS EN RELACI\u00d3N CON ACCIONES VINCULADAS A SU ATENCI\u00d3N EN SALUD<\/p>\n","protected":false},"featured_media":3112,"comment_status":"open","ping_status":"closed","template":"","meta":{"inline_featured_image":false,"_joinchat":[]},"product_brand":[],"product_cat":[27],"product_tag":[],"class_list":{"0":"post-3071","1":"product","2":"type-product","3":"status-publish","4":"has-post-thumbnail","6":"product_cat-civil","7":"product_shipping_class-a-convenir","9":"first","10":"instock","11":"shipping-taxable","12":"purchasable","13":"product-type-simple"},"_links":{"self":[{"href":"https:\/\/bibliotecajuridicavirtual.cl\/index.php\/wp-json\/wp\/v2\/product\/3071","targetHints":{"allow":["GET"]}}],"collection":[{"href":"https:\/\/bibliotecajuridicavirtual.cl\/index.php\/wp-json\/wp\/v2\/product"}],"about":[{"href":"https:\/\/bibliotecajuridicavirtual.cl\/index.php\/wp-json\/wp\/v2\/types\/product"}],"replies":[{"embeddable":true,"href":"https:\/\/bibliotecajuridicavirtual.cl\/index.php\/wp-json\/wp\/v2\/comments?post=3071"}],"wp:featuredmedia":[{"embeddable":true,"href":"https:\/\/bibliotecajuridicavirtual.cl\/index.php\/wp-json\/wp\/v2\/media\/3112"}],"wp:attachment":[{"href":"https:\/\/bibliotecajuridicavirtual.cl\/index.php\/wp-json\/wp\/v2\/media?parent=3071"}],"wp:term":[{"taxonomy":"product_brand","embeddable":true,"href":"https:\/\/bibliotecajuridicavirtual.cl\/index.php\/wp-json\/wp\/v2\/product_brand?post=3071"},{"taxonomy":"product_cat","embeddable":true,"href":"https:\/\/bibliotecajuridicavirtual.cl\/index.php\/wp-json\/wp\/v2\/product_cat?post=3071"},{"taxonomy":"product_tag","embeddable":true,"href":"https:\/\/bibliotecajuridicavirtual.cl\/index.php\/wp-json\/wp\/v2\/product_tag?post=3071"}],"curies":[{"name":"wp","href":"https:\/\/api.w.org\/{rel}","templated":true}]}}