{"id":3072,"date":"2026-02-28T01:08:47","date_gmt":"2026-02-28T04:08:47","guid":{"rendered":"https:\/\/bibliotecajuridicavirtual.cl\/?post_type=product&#038;p=3072"},"modified":"2026-02-28T01:09:22","modified_gmt":"2026-02-28T04:09:22","slug":"control-de-armas-sexta-edicion-actualizada-ano-noviembre-2023-450-pag-autor-sergio-cea-cienfuegos-patricio-morales-contardo","status":"publish","type":"product","link":"https:\/\/bibliotecajuridicavirtual.cl\/index.php\/product\/control-de-armas-sexta-edicion-actualizada-ano-noviembre-2023-450-pag-autor-sergio-cea-cienfuegos-patricio-morales-contardo\/","title":{"rendered":"Control de Armas- Sexta Edici\u00f3n Actualizada . A\u00f1o Noviembre 2023\/ 450 P\u00e1g. Autor Sergio Cea Cienfuegos &#8211; Patricio Morales Contardo"},"content":{"rendered":"<p style=\"font-weight: 400;\">La Ley de Control de Armas completa m\u00e1s de cinco d\u00e9cadas de aplicaci\u00f3n desde su entrada en vigencia en el a\u00f1o 1972. Su creaci\u00f3n obedeci\u00f3 a ciertos determinados fines de persecuci\u00f3n criminal propios de la realidad social del Chile de la \u00e9poca, tales como el combate a los grupos armados que operaban al margen de la ley. Tales objetivos han cambiado por otros y se ha verificado un amplio debate en torno a las armas de fuego y su utilizaci\u00f3n il\u00edcita en el contexto de la criminalidad en el contexto de la criminalidad com\u00fan, pero, sobre todo, por su proliferaci\u00f3n en manos de los miembros de bandas de crimen organizado, usualmente vinculadas con el narcotr\u00e1fico. Ahora, en el a\u00f1o 2023, la Ley de Control de Armas mantiene su importancia y ha experimentado nuevas modificaciones, siendo la m\u00e1s importante la Ley N\u00b0 21.412 del 13 de enero de 2022.<\/p>\n<p style=\"font-weight: 400;\">Esta sexta edici\u00f3n obedece a la necesidad de contar con un texto actualizado que siga representando una valiosa herramienta para quienes aplican estas normas en sus actividades jurisdiccionales y de otra \u00edndole profesional. Se trata de un texto escrito en un lenguaje sencillo y directo, muy \u00fatil para quienes requieran interpretar a diario sus disposiciones, y aplicarlas con certeza. Particular importancia reviste el an\u00e1lisis de los tipos penales de esta ley de gran aplicaci\u00f3n en el foro penal.<\/p>\n<p style=\"font-weight: 400;\"><b><strong>CAP\u00cdTULO PRIMERO<\/strong><\/b><br \/>\n<b><strong>ORIGEN Y FUNDAMENTACI\u00d3N DE LA LEY N\u00ba 17.798<\/strong><\/b><\/p>\n<ol>\n<li style=\"font-weight: 400;\">An\u00e1lisis hist\u00f3rico<br \/>\n1.1. La sociedad chilena a comienzos del a\u00f1o 1972<br \/>\n1.2. La dispersi\u00f3n normativa en materia de control de armas<br \/>\n1.3. La moci\u00f3n del senador Carmona<br \/>\n1.4. La Comisi\u00f3n de Constituci\u00f3n, Legislaci\u00f3n, Justicia y Reglamento del Senado<\/li>\n<li style=\"font-weight: 400;\">El sistema de control de armas propuesto por la ley N\u00ba 17.798<br \/>\n2.1. El bien jur\u00eddico protegido<br \/>\n2.2. El marco constitucional y legal de la ley N\u00ba 17.798<\/li>\n<\/ol>\n<p style=\"font-weight: 400;\"><b><strong>CAP\u00cdTULO SEGUNDO<\/strong><\/b><br \/>\n<b><strong>AN\u00c1LISIS SISTEM\u00c1TICO DE LA LEY N\u00ba 17.798, SOBRE CONTROL DE ARMAS<\/strong><\/b><\/p>\n<p style=\"font-weight: 400;\">T\u00edtulo I. \u201cControl y tenencia responsable de armas y elemetos similares\u201d<\/p>\n<p style=\"font-weight: 400;\">Art\u00edculo 1\u00ba<br \/>\nArt\u00edculo 2\u00ba<br \/>\nArt\u00edculo 3\u00ba<br \/>\nArt\u00edculo 3\u00ba A<br \/>\nArt\u00edculo 4\u00ba<br \/>\nArt\u00edculo 4\u00ba A<br \/>\nArt\u00edculo 4\u00ba B<br \/>\nArt\u00edculo 5\u00ba<br \/>\nArt\u00edculo 5\u00ba A<br \/>\nArt\u00edculo 5\u00ba B<br \/>\nArt\u00edculo 5\u00ba C<br \/>\nArt\u00edculo 5\u00ba D<br \/>\nArt\u00edculo 6\u00ba<br \/>\nArt\u00edculo 7\u00ba<\/p>\n<p style=\"font-weight: 400;\">T\u00edtulo II. \u201cDe la penalidad\u201d<\/p>\n<p style=\"font-weight: 400;\">Art\u00edculo 8\u00ba<br \/>\nArt\u00edculo 9\u00ba<br \/>\nArt\u00edculo 9\u00ba A<br \/>\nArt\u00edculo 9\u00ba B<br \/>\nArt\u00edculo 10<br \/>\nArt\u00edculo 10 A<br \/>\nArt\u00edculo 10 B<br \/>\nArt\u00edculo 11<br \/>\nArt\u00edculo 12<br \/>\nArt\u00edculo 13<br \/>\nArt\u00edculo 14<br \/>\nArt\u00edculo 14 A<br \/>\nArt\u00edculo 14 B<br \/>\nArt\u00edculo 14 C<br \/>\nArt\u00edculo 14 D<br \/>\nArt\u00edculo 14 E<br \/>\nArt\u00edculo 14 F<br \/>\nArt\u00edculo 15<br \/>\nArt\u00edculo 16<br \/>\nArt\u00edculo 17<br \/>\nArt\u00edculo 17 A<br \/>\nArt\u00edculo 17 B<br \/>\nArt\u00edculo 17 C<\/p>\n<p style=\"font-weight: 400;\">T\u00edtulo III. \u201cJurisdicci\u00f3n, competencia y procedimiento\u201d<\/p>\n<p style=\"font-weight: 400;\">Art\u00edculo 18<br \/>\nArt\u00edculo 19. Derogado<br \/>\nArt\u00edculo 19 A<br \/>\nArt\u00edculo 19 B<br \/>\nArt\u00edculo 20<\/p>\n<p style=\"font-weight: 400;\">T\u00edtulo IV. \u201cDe los registros de armas de fuego de las instituciones del Estado\u201d<\/p>\n<p style=\"font-weight: 400;\">Art\u00edculo 20 A<\/p>\n<p style=\"font-weight: 400;\">T\u00edtulo V. \u201cDel Plan Anual de Fiscalizaci\u00f3n de Armas de Fuego\u201d<\/p>\n<p style=\"font-weight: 400;\">Art\u00edculo 20 B<\/p>\n<p style=\"font-weight: 400;\">Disposiciones complementarias<\/p>\n<p style=\"font-weight: 400;\">Art\u00edculo 21<br \/>\nArt\u00edculo 22<br \/>\nArt\u00edculo 23<br \/>\nArt\u00edculo 24<br \/>\nArt\u00edculo 25. Derogado<br \/>\nArt\u00edculo 26<br \/>\nArt\u00edculo 27<br \/>\nArt\u00edculo 28<br \/>\nArt\u00edculo transitorio<\/p>\n<p style=\"font-weight: 400;\">\n<p style=\"font-weight: 400;\"><b><strong>ANEXOS<\/strong><\/b><\/p>\n<p style=\"font-weight: 400;\">Anexo N\u00ba 1. Decreto N\u00ba 400. Fija texto refundido, coordinado y sistematizado de la Ley N\u00ba 17.798, sobre Control de Armas.Ministerio de Defensa Nacional Subsecretar\u00eda de Guerra<\/p>\n<p style=\"font-weight: 400;\">Anexo N\u00ba 2. Moci\u00f3n del Honorable Senador se\u00f1or Carmona, con la que indica un proyecto de ley que introduce diversas modificaciones a la Ley N\u00ba 12.927, de Seguridad Interior del Estado<\/p>\n<p style=\"font-weight: 400;\">Anexo N\u00ba 3. Informe de la Comisi\u00f3n de Constituci\u00f3n, Legislaci\u00f3n, Justicia y Reglamento, reca\u00eddo en la moci\u00f3n del Honorable Senador se\u00f1or Carmona, con la que inicia un proyecto de ley que modifica diversas disposiciones de la Ley N\u00ba 12.927, sobre Seguridad del Estado<\/p>\n","protected":false},"excerpt":{"rendered":"<p>La Ley de Control de Armas completa m\u00e1s de cinco d\u00e9cadas de aplicaci\u00f3n desde su entrada en vigencia en el a\u00f1o 1972. Su creaci\u00f3n obedeci\u00f3 a ciertos determinados fines de persecuci\u00f3n criminal propios de la realidad social del Chile de la \u00e9poca, tales como el combate a los grupos armados que operaban al margen de la ley. Tales objetivos han cambiado por otros y se ha verificado un amplio debate en torno a las armas de fuego y su utilizaci\u00f3n il\u00edcita en el contexto de la criminalidad en el contexto de la criminalidad com\u00fan, pero, sobre todo, por su proliferaci\u00f3n en manos de los miembros de bandas de crimen organizado, usualmente vinculadas con el narcotr\u00e1fico. Ahora, en el a\u00f1o 2023, la Ley de Control de Armas mantiene su importancia y ha experimentado nuevas modificaciones, siendo la m\u00e1s importante la Ley N\u00b0 21.412 del 13 de enero de 2022. Esta sexta edici\u00f3n obedece a la necesidad de contar con un texto actualizado que siga representando una valiosa herramienta para quienes aplican estas normas en sus actividades jurisdiccionales y de otra \u00edndole profesional. Se trata de un texto escrito en un lenguaje sencillo y directo, muy \u00fatil para quienes requieran interpretar a diario sus disposiciones, y aplicarlas con certeza. Particular importancia reviste el an\u00e1lisis de los tipos penales de esta ley de gran aplicaci\u00f3n en el foro penal. CAP\u00cdTULO PRIMERO ORIGEN Y FUNDAMENTACI\u00d3N DE LA LEY N\u00ba 17.798 An\u00e1lisis hist\u00f3rico 1.1. La sociedad chilena a comienzos del a\u00f1o 1972 1.2. La dispersi\u00f3n normativa en materia de control de armas 1.3. La moci\u00f3n del senador Carmona 1.4. La Comisi\u00f3n de Constituci\u00f3n, Legislaci\u00f3n, Justicia y Reglamento del Senado El sistema de control de armas propuesto por la ley N\u00ba 17.798 2.1. El bien jur\u00eddico protegido 2.2. El marco constitucional y legal de la ley N\u00ba 17.798 CAP\u00cdTULO SEGUNDO AN\u00c1LISIS SISTEM\u00c1TICO DE LA LEY N\u00ba 17.798, SOBRE CONTROL DE ARMAS T\u00edtulo I. \u201cControl y tenencia responsable de armas y elemetos similares\u201d Art\u00edculo 1\u00ba Art\u00edculo 2\u00ba Art\u00edculo 3\u00ba Art\u00edculo 3\u00ba A Art\u00edculo 4\u00ba Art\u00edculo 4\u00ba A Art\u00edculo 4\u00ba B Art\u00edculo 5\u00ba Art\u00edculo 5\u00ba A Art\u00edculo 5\u00ba B Art\u00edculo 5\u00ba C Art\u00edculo 5\u00ba D Art\u00edculo 6\u00ba Art\u00edculo 7\u00ba T\u00edtulo II. \u201cDe la penalidad\u201d Art\u00edculo 8\u00ba Art\u00edculo 9\u00ba Art\u00edculo 9\u00ba A Art\u00edculo 9\u00ba B Art\u00edculo 10 Art\u00edculo 10 A Art\u00edculo 10 B Art\u00edculo 11 Art\u00edculo 12 Art\u00edculo 13 Art\u00edculo 14 Art\u00edculo 14 A Art\u00edculo 14 B Art\u00edculo 14 C Art\u00edculo 14 D Art\u00edculo 14 E Art\u00edculo 14 F Art\u00edculo 15 Art\u00edculo 16 Art\u00edculo 17 Art\u00edculo 17 A Art\u00edculo 17 B Art\u00edculo 17 C T\u00edtulo III. \u201cJurisdicci\u00f3n, competencia y procedimiento\u201d Art\u00edculo 18 Art\u00edculo 19. Derogado Art\u00edculo 19 A Art\u00edculo 19 B Art\u00edculo 20 T\u00edtulo IV. \u201cDe los registros de armas de fuego de las instituciones del Estado\u201d Art\u00edculo 20 A T\u00edtulo V. \u201cDel Plan Anual de Fiscalizaci\u00f3n de Armas de Fuego\u201d Art\u00edculo 20 B Disposiciones complementarias Art\u00edculo 21 Art\u00edculo 22 Art\u00edculo 23 Art\u00edculo 24 Art\u00edculo 25. Derogado Art\u00edculo 26 Art\u00edculo 27 Art\u00edculo 28 Art\u00edculo transitorio ANEXOS Anexo N\u00ba 1. Decreto N\u00ba 400. Fija texto refundido, coordinado y sistematizado de la Ley N\u00ba 17.798, sobre Control de Armas.Ministerio de Defensa Nacional Subsecretar\u00eda de Guerra Anexo N\u00ba 2. Moci\u00f3n del Honorable Senador se\u00f1or Carmona, con la que indica un proyecto de ley que introduce diversas modificaciones a la Ley N\u00ba 12.927, de Seguridad Interior del Estado Anexo N\u00ba 3. Informe de la Comisi\u00f3n de Constituci\u00f3n, Legislaci\u00f3n, Justicia y Reglamento, reca\u00eddo en la moci\u00f3n del Honorable Senador se\u00f1or Carmona, con la que inicia un proyecto de ley que modifica diversas disposiciones de la Ley N\u00ba 12.927, sobre Seguridad del Estado<\/p>\n","protected":false},"featured_media":3113,"comment_status":"open","ping_status":"closed","template":"","meta":{"inline_featured_image":false,"_joinchat":[]},"product_brand":[],"product_cat":[30,42],"product_tag":[],"class_list":{"0":"post-3072","1":"product","2":"type-product","3":"status-publish","4":"has-post-thumbnail","6":"product_cat-penal","7":"product_cat-thomson-reuters","8":"product_shipping_class-a-convenir","10":"first","11":"instock","12":"shipping-taxable","13":"purchasable","14":"product-type-simple"},"_links":{"self":[{"href":"https:\/\/bibliotecajuridicavirtual.cl\/index.php\/wp-json\/wp\/v2\/product\/3072","targetHints":{"allow":["GET"]}}],"collection":[{"href":"https:\/\/bibliotecajuridicavirtual.cl\/index.php\/wp-json\/wp\/v2\/product"}],"about":[{"href":"https:\/\/bibliotecajuridicavirtual.cl\/index.php\/wp-json\/wp\/v2\/types\/product"}],"replies":[{"embeddable":true,"href":"https:\/\/bibliotecajuridicavirtual.cl\/index.php\/wp-json\/wp\/v2\/comments?post=3072"}],"wp:featuredmedia":[{"embeddable":true,"href":"https:\/\/bibliotecajuridicavirtual.cl\/index.php\/wp-json\/wp\/v2\/media\/3113"}],"wp:attachment":[{"href":"https:\/\/bibliotecajuridicavirtual.cl\/index.php\/wp-json\/wp\/v2\/media?parent=3072"}],"wp:term":[{"taxonomy":"product_brand","embeddable":true,"href":"https:\/\/bibliotecajuridicavirtual.cl\/index.php\/wp-json\/wp\/v2\/product_brand?post=3072"},{"taxonomy":"product_cat","embeddable":true,"href":"https:\/\/bibliotecajuridicavirtual.cl\/index.php\/wp-json\/wp\/v2\/product_cat?post=3072"},{"taxonomy":"product_tag","embeddable":true,"href":"https:\/\/bibliotecajuridicavirtual.cl\/index.php\/wp-json\/wp\/v2\/product_tag?post=3072"}],"curies":[{"name":"wp","href":"https:\/\/api.w.org\/{rel}","templated":true}]}}