{"id":3073,"date":"2026-02-28T01:08:47","date_gmt":"2026-02-28T04:08:47","guid":{"rendered":"https:\/\/bibliotecajuridicavirtual.cl\/?post_type=product&#038;p=3073"},"modified":"2026-02-28T01:09:24","modified_gmt":"2026-02-28T04:09:24","slug":"norma-persona-y-sociedad-ano-2023-176-pag-autor-gunther-jakobs-alemania","status":"publish","type":"product","link":"https:\/\/bibliotecajuridicavirtual.cl\/index.php\/product\/norma-persona-y-sociedad-ano-2023-176-pag-autor-gunther-jakobs-alemania\/","title":{"rendered":"Norma, Persona y Sociedad. A\u00f1o 2023\/ 176 P\u00e1g. Autor G\u00fcnther Jakobs (Alemania)"},"content":{"rendered":"<p style=\"font-weight: 400;\">En confesi\u00f3n de credo metodol\u00f3gico, Jakobs afirma en el pr\u00f3logo a la segunda edici\u00f3n de su Derecho Penal de 1991 1: \u00ab El mundo conceptual jur\u00eddico-penal\u00a0\u00a0ha de organizarse con arreglo a la misi\u00f3n social del Derecho penal y no conforme a datos previos naturales o de cualquier otra clase ajenos a la sociedad\u00bb.<\/p>\n<p style=\"font-weight: 400;\">En la obra que aqu\u00ed se presenta, el autor ofrece un desarrollo integral de los fundamentos filos\u00f3ficos de su concepci\u00f3n metodol\u00f3gica, exponiendo de manera compendiada su entendimiento sobre la persona, la norma y la imputaci\u00f3n, y con ello haciendo evidentes las bases para el entendimiento de la \u00abmisi\u00f3n social\u00bb del Derecho Penal.<\/p>\n<p style=\"font-weight: 400;\">Esta es la raz\u00f3n por la que este libro resulta, en coincidencia con la opini\u00f3n de su propio autor \u2013seg\u00fan expres\u00f3 al aceptar la edici\u00f3n en espa\u00f1ol\u2013, uno de los libros m\u00e1s importantes de su obra. Y ciertamente esa es la raz\u00f3n por la que hemos asumido la responsabilidad de la traducci\u00f3n.<\/p>\n<p style=\"font-weight: 400;\">\n<ol>\n<li style=\"font-weight: 400;\"><b><strong> UN INDIVIDUO AISLADO<\/strong><\/b><\/li>\n<li style=\"font-weight: 400;\"><b><strong> DOS INDIVIDUOS UNO JUNTO AL OTRO<\/strong><\/b><\/li>\n<li style=\"font-weight: 400;\">Mutua influencia de los individuos<br \/>\nB.\u00a0\u00a0\u00a0\u00a0\u00a0\u00a0\u00a0Los l\u00edmites de la cooperaci\u00f3n<br \/>\nC.\u00a0\u00a0\u00a0\u00a0\u00a0\u00a0\u00a0\u00bfContrato?<\/li>\n<\/ol>\n<p style=\"font-weight: 400;\"><b><strong>III. COORDINACI\u00d3N DE UN GRUPO A TRAV\u00c9S DE LA FUERZA<\/strong><\/b><\/p>\n<ol>\n<li style=\"font-weight: 400;\"><b><strong> PERSONA, SUJETO, SOCIEDAD<\/strong><\/b><\/li>\n<li style=\"font-weight: 400;\">Esquema de ordenamiento<br \/>\n1.\u00a0\u00a0\u00a0\u00a0\u00a0\u00a0\u00a0Orden de los individuos<br \/>\n2.\u00a0\u00a0\u00a0\u00a0\u00a0\u00a0\u00a0Orden del grupo<\/li>\n<li style=\"font-weight: 400;\">Reconocimiento<\/li>\n<li style=\"font-weight: 400;\">Objetividad de la persona<\/li>\n<li style=\"font-weight: 400;\">Persona y cuerpo<\/li>\n<li style=\"font-weight: 400;\">Relaci\u00f3n entre el individuo y la persona<br \/>\n1.\u00a0\u00a0\u00a0\u00a0\u00a0\u00a0\u00a0Nuevamente, \u00f3rdenes diferentes<br \/>\n2.\u00a0\u00a0\u00a0\u00a0\u00a0\u00a0\u00a0Nuevamente, \u00bfla fuerza es el comienzo?<\/li>\n<li style=\"font-weight: 400;\"><b><strong> REALIDAD DE LA NORMA<\/strong><\/b><\/li>\n<li style=\"font-weight: 400;\">Modelo<br \/>\nB. Norma y sujeto<br \/>\nC. Realidad de la norma como proceso<br \/>\nE. Mezcla de latitudes<\/li>\n<li style=\"font-weight: 400;\"><b><strong> LA SOCIEDAD COMO ACUERDO<\/strong><\/b><\/li>\n<li style=\"font-weight: 400;\">Lo cognitivo<br \/>\nB.\u00a0\u00a0\u00a0\u00a0\u00a0\u00a0\u00a0Lo normativo<\/li>\n<\/ol>\n<p style=\"font-weight: 400;\"><b><strong>VII. INTERIORIDAD<\/strong><\/b><\/p>\n<ol>\n<li style=\"font-weight: 400;\">\u00bfEs necesaria la subjetividad?<br \/>\nB.\u00a0\u00a0\u00a0\u00a0\u00a0\u00a0\u00a0\u00bfEs subsidiaria la subjetividad?<br \/>\nC.\u00a0\u00a0\u00a0\u00a0\u00a0\u00a0\u00a0Nuevamente, \u00bfsolo un acuerdo?<\/li>\n<\/ol>\n<p style=\"font-weight: 400;\"><b><strong>VIII. PERSONA Y OBLIGACI\u00d3N<\/strong><\/b><\/p>\n<ol>\n<li style=\"font-weight: 400;\">Concepto de obligaci\u00f3n<br \/>\nB.\u00a0\u00a0\u00a0\u00a0\u00a0\u00a0\u00a0Autodespersonalizaci\u00f3n<br \/>\nC.\u00a0\u00a0\u00a0\u00a0\u00a0\u00a0\u00a0Despersonalizaci\u00f3n forzada<\/li>\n<li style=\"font-weight: 400;\"><b><strong> REACCI\u00d3N A LAS PERTURBACIONES<\/strong><\/b><\/li>\n<li style=\"font-weight: 400;\">\u00bfLESI\u00d3N AL DERECHO COMO DERECHO?<\/li>\n<li style=\"font-weight: 400;\">IMPUTACI\u00d3N<br \/>\n1. Modelo<br \/>\na. Personalidad solo formal<br \/>\nb. Autocontrol<br \/>\nc. Significado social de comportamiento<br \/>\n2. Culpabilidad y exigibilidad<br \/>\na. Entendimiento individual<br \/>\nb. Existencia del orden<\/li>\n<li style=\"font-weight: 400;\">SANCI\u00d3N-PRESERVACI\u00d3N DE LA REALIDAD NORMATIVA<br \/>\n1. \u00bfP\u00e9rdida de la personalidad?<br \/>\n2. Marginaci\u00f3n del hecho<br \/>\na. La pena como r\u00e9plica<br \/>\nb. La pena como dolor<\/li>\n<li style=\"font-weight: 400;\">EL INFRACTOR Y LA EXTERIORIDAD<\/li>\n<li style=\"font-weight: 400;\"><b><strong> LA ECONOM\u00cdA COMO SOCIEDAD<\/strong><\/b><\/li>\n<li style=\"font-weight: 400;\">El problema del estatus<br \/>\nB. Poder de definici\u00f3n de la econom\u00eda<\/li>\n<li style=\"font-weight: 400;\"><b><strong> UNIVERSALIZACI\u00d3N?<\/strong><\/b><\/li>\n<\/ol>\n<p style=\"font-weight: 400;\"><b><strong>XII. TESIS<\/strong><\/b><\/p>\n<p style=\"font-weight: 400;\">Individuos<br \/>\nNormas, personas<br \/>\nSociedad<br \/>\nObligaci\u00f3n<br \/>\nPerturbaciones<br \/>\nEconom\u00eda<br \/>\n\u00bfUniversalizaci\u00f3n?<\/p>\n","protected":false},"excerpt":{"rendered":"<p>En confesi\u00f3n de credo metodol\u00f3gico, Jakobs afirma en el pr\u00f3logo a la segunda edici\u00f3n de su Derecho Penal de 1991 1: \u00ab El mundo conceptual jur\u00eddico-penal\u00a0\u00a0ha de organizarse con arreglo a la misi\u00f3n social del Derecho penal y no conforme a datos previos naturales o de cualquier otra clase ajenos a la sociedad\u00bb. En la obra que aqu\u00ed se presenta, el autor ofrece un desarrollo integral de los fundamentos filos\u00f3ficos de su concepci\u00f3n metodol\u00f3gica, exponiendo de manera compendiada su entendimiento sobre la persona, la norma y la imputaci\u00f3n, y con ello haciendo evidentes las bases para el entendimiento de la \u00abmisi\u00f3n social\u00bb del Derecho Penal. Esta es la raz\u00f3n por la que este libro resulta, en coincidencia con la opini\u00f3n de su propio autor \u2013seg\u00fan expres\u00f3 al aceptar la edici\u00f3n en espa\u00f1ol\u2013, uno de los libros m\u00e1s importantes de su obra. Y ciertamente esa es la raz\u00f3n por la que hemos asumido la responsabilidad de la traducci\u00f3n. UN INDIVIDUO AISLADO DOS INDIVIDUOS UNO JUNTO AL OTRO Mutua influencia de los individuos B.\u00a0\u00a0\u00a0\u00a0\u00a0\u00a0\u00a0Los l\u00edmites de la cooperaci\u00f3n C.\u00a0\u00a0\u00a0\u00a0\u00a0\u00a0\u00a0\u00bfContrato? III. COORDINACI\u00d3N DE UN GRUPO A TRAV\u00c9S DE LA FUERZA PERSONA, SUJETO, SOCIEDAD Esquema de ordenamiento 1.\u00a0\u00a0\u00a0\u00a0\u00a0\u00a0\u00a0Orden de los individuos 2.\u00a0\u00a0\u00a0\u00a0\u00a0\u00a0\u00a0Orden del grupo Reconocimiento Objetividad de la persona Persona y cuerpo Relaci\u00f3n entre el individuo y la persona 1.\u00a0\u00a0\u00a0\u00a0\u00a0\u00a0\u00a0Nuevamente, \u00f3rdenes diferentes 2.\u00a0\u00a0\u00a0\u00a0\u00a0\u00a0\u00a0Nuevamente, \u00bfla fuerza es el comienzo? REALIDAD DE LA NORMA Modelo B. Norma y sujeto C. Realidad de la norma como proceso E. Mezcla de latitudes LA SOCIEDAD COMO ACUERDO Lo cognitivo B.\u00a0\u00a0\u00a0\u00a0\u00a0\u00a0\u00a0Lo normativo VII. INTERIORIDAD \u00bfEs necesaria la subjetividad? B.\u00a0\u00a0\u00a0\u00a0\u00a0\u00a0\u00a0\u00bfEs subsidiaria la subjetividad? C.\u00a0\u00a0\u00a0\u00a0\u00a0\u00a0\u00a0Nuevamente, \u00bfsolo un acuerdo? VIII. PERSONA Y OBLIGACI\u00d3N Concepto de obligaci\u00f3n B.\u00a0\u00a0\u00a0\u00a0\u00a0\u00a0\u00a0Autodespersonalizaci\u00f3n C.\u00a0\u00a0\u00a0\u00a0\u00a0\u00a0\u00a0Despersonalizaci\u00f3n forzada REACCI\u00d3N A LAS PERTURBACIONES \u00bfLESI\u00d3N AL DERECHO COMO DERECHO? IMPUTACI\u00d3N 1. Modelo a. Personalidad solo formal b. Autocontrol c. Significado social de comportamiento 2. Culpabilidad y exigibilidad a. Entendimiento individual b. Existencia del orden SANCI\u00d3N-PRESERVACI\u00d3N DE LA REALIDAD NORMATIVA 1. \u00bfP\u00e9rdida de la personalidad? 2. Marginaci\u00f3n del hecho a. La pena como r\u00e9plica b. La pena como dolor EL INFRACTOR Y LA EXTERIORIDAD LA ECONOM\u00cdA COMO SOCIEDAD El problema del estatus B. Poder de definici\u00f3n de la econom\u00eda UNIVERSALIZACI\u00d3N? XII. TESIS Individuos Normas, personas Sociedad Obligaci\u00f3n Perturbaciones Econom\u00eda \u00bfUniversalizaci\u00f3n?<\/p>\n","protected":false},"featured_media":3114,"comment_status":"open","ping_status":"closed","template":"","meta":{"inline_featured_image":false,"_joinchat":[]},"product_brand":[],"product_cat":[44],"product_tag":[],"class_list":{"0":"post-3073","1":"product","2":"type-product","3":"status-publish","4":"has-post-thumbnail","6":"product_cat-filosofia-del-derecho-y-introduccion","7":"product_shipping_class-a-convenir","9":"first","10":"instock","11":"shipping-taxable","12":"purchasable","13":"product-type-simple"},"_links":{"self":[{"href":"https:\/\/bibliotecajuridicavirtual.cl\/index.php\/wp-json\/wp\/v2\/product\/3073","targetHints":{"allow":["GET"]}}],"collection":[{"href":"https:\/\/bibliotecajuridicavirtual.cl\/index.php\/wp-json\/wp\/v2\/product"}],"about":[{"href":"https:\/\/bibliotecajuridicavirtual.cl\/index.php\/wp-json\/wp\/v2\/types\/product"}],"replies":[{"embeddable":true,"href":"https:\/\/bibliotecajuridicavirtual.cl\/index.php\/wp-json\/wp\/v2\/comments?post=3073"}],"wp:featuredmedia":[{"embeddable":true,"href":"https:\/\/bibliotecajuridicavirtual.cl\/index.php\/wp-json\/wp\/v2\/media\/3114"}],"wp:attachment":[{"href":"https:\/\/bibliotecajuridicavirtual.cl\/index.php\/wp-json\/wp\/v2\/media?parent=3073"}],"wp:term":[{"taxonomy":"product_brand","embeddable":true,"href":"https:\/\/bibliotecajuridicavirtual.cl\/index.php\/wp-json\/wp\/v2\/product_brand?post=3073"},{"taxonomy":"product_cat","embeddable":true,"href":"https:\/\/bibliotecajuridicavirtual.cl\/index.php\/wp-json\/wp\/v2\/product_cat?post=3073"},{"taxonomy":"product_tag","embeddable":true,"href":"https:\/\/bibliotecajuridicavirtual.cl\/index.php\/wp-json\/wp\/v2\/product_tag?post=3073"}],"curies":[{"name":"wp","href":"https:\/\/api.w.org\/{rel}","templated":true}]}}