{"id":3074,"date":"2026-02-28T01:08:47","date_gmt":"2026-02-28T04:08:47","guid":{"rendered":"https:\/\/bibliotecajuridicavirtual.cl\/?post_type=product&#038;p=3074"},"modified":"2026-02-28T01:09:25","modified_gmt":"2026-02-28T04:09:25","slug":"un-tributo-a-la-ensenanza-del-derecho-tributario-homenaje-al-profesor-juan-manuel-baraona-sainz-ano-noviembre-2023-288-pag-autor-agustin-barroilhet-diez-francisco-selame-marchant-mario-silva-p","status":"publish","type":"product","link":"https:\/\/bibliotecajuridicavirtual.cl\/index.php\/product\/un-tributo-a-la-ensenanza-del-derecho-tributario-homenaje-al-profesor-juan-manuel-baraona-sainz-ano-noviembre-2023-288-pag-autor-agustin-barroilhet-diez-francisco-selame-marchant-mario-silva-p\/","title":{"rendered":"Un Tributo a la Ense\u00f1anza del Derecho Tributario &#8211; Homenaje al Profesor Juan Manuel Baraona Sainz. A\u00f1o Noviembre 2023\/288 P\u00e1g. Autor Agust\u00edn Barroilhet D\u00edez &#8211; Francisco Selam\u00e9 Marchant &#8211; Mario Silva Poblete &#8211; Octavio Aguayo Gajardo"},"content":{"rendered":"<p style=\"font-weight: 400;\">Esta obra colectiva recoge las mejores tesis del Mag\u00edster en Derecho con Menci\u00f3n en Derecho Tributario de la Facultad de Derecho de la Universidad de Chile, programa que se dictara casi ininterrumpidamente desde el a\u00f1o 1983 hasta el a\u00f1o 2021, y que fue sucedido por el nuevo Mag\u00edster en Derecho Tributario de la misma universidad. Los ocho cap\u00edtulos est\u00e1n agrupados en materias generales e Impuesto a la Renta, y tratan comprensivamente las deficiencias del juicio ejecutivo tributario, la distribuci\u00f3n de la carga de la prueba en materia tributaria, las consecuencias en la tributaci\u00f3n internacional de la divisi\u00f3n de sociedades, la regulaci\u00f3n de las ventas indirectas de activos y sus consecuencias tributarias, la interpretaci\u00f3n de los gastos necesarios para producir la renta, los m\u00e9todos indirectos para para determinar la obligaci\u00f3n tributaria, la historia y aplicaci\u00f3n de la normativa de precios de transferencia, y la historia, evoluci\u00f3n y tratamiento de los gastos rechazados.<\/p>\n<p style=\"font-weight: 400;\">Entre los profesores de Mag\u00edster nadie destac\u00f3 m\u00e1s que el profesor Juan Manuel Baraona Sainz, fundador y verdadera alma del programa, que falleciera tempranamente en 2021. Con esta obra colegas, profesionales, y todos los egresados de dicho programa queremos rendirle un homenaje. Habr\u00edamos querido poder hacerle este homenaje en vida, pero su inesperada muerte nos dej\u00f3 con una profunda tristeza y cambi\u00f3 nuestros planes. Que la herencia intelectual de Juan Manuel, quien fuera profesor de todos los autores, sea un peque\u00f1o consuelo para todos los que tuvimos el gusto de aprender y compartir con \u00e9l.<\/p>\n<p style=\"font-weight: 400;\"><b><strong>EN HOMENAJE AL PROFESOR JUAN MANUEL BARAONA<\/strong><\/b><\/p>\n<p style=\"font-weight: 400;\"><em>Pablo Ruiz-Tagle: Un \u201ctributo\u201d al profesor Juan Manuel Baraona<\/em><br \/>\nPablo Ruiz-Tagle<\/p>\n<p style=\"font-weight: 400;\"><em>Francisco Ag\u00fcero Vargas: El legado de Juan Manuel Baraona en el Derecho de la Competencia chileno<\/em><br \/>\nFrancisco Ag\u00fcero Vargas<\/p>\n<p style=\"font-weight: 400;\"><em>Mario Silva Poblete: Palabras en homenaje a Juan Manuel Baraona<\/em><br \/>\nMario Silva Poblete<\/p>\n<p style=\"font-weight: 400;\"><em>Ricardo Escobar Calder\u00f3n: La \u00faltima clase del \u00faltimo curso del profesor Juan Manuel Baraona (24 de junio 2021)<\/em><br \/>\nRicardo Escobar Calder\u00f3n<\/p>\n<p style=\"font-weight: 400;\"><em>Prevenciones editoriales<\/em><br \/>\nAgust\u00edn Barroilhet D\u00edez &#8211; Francisco Selam\u00e9 Marchant &#8211; Mario Silva Poblete &#8211; Octavio Aguayo Gajardo<\/p>\n<p style=\"font-weight: 400;\"><b><strong>MATERIAS TRIBUTARIAS GENERALES<\/strong><\/b><\/p>\n<p style=\"font-weight: 400;\"><em>Deficiencias del juicio ejecutivo tributario<\/em><br \/>\nJos\u00e9 Ignacio Riquelme Alvear<\/p>\n<ol>\n<li style=\"font-weight: 400;\">Del juicio ejecutivo tributario<br \/>\nII. Naturaleza jur\u00eddica del juicio ejecutivo tributario<br \/>\nIII. Consecuencias del transcurso del tiempo en el juicio ejecutivo tributario<br \/>\nIV. Conclusiones<\/li>\n<\/ol>\n<p><em>Distribuci\u00f3n de la carga de la prueba en el Derecho Tributario<\/em><br \/>\nFelipe Andr\u00e9s Pozo Fern\u00e1ndez<\/p>\n<ul>\n<li style=\"font-weight: 400;\">Introducci\u00f3n<br \/>\nII. El art\u00edculo 21 del C\u00f3digo Tributario como regla de distribuci\u00f3n<br \/>\nIII. Particularidades de la carga de la prueba en la etapa administrativa<br \/>\nIV. Particularidades de la carga de la prueba en la etapa jurisdiccional<br \/>\nV. Particularidades de la carga de la prueba en el \u00e1mbito penal tributario y administrativo sancionatorio<br \/>\nVI. Conclusiones<\/li>\n<\/ul>\n<p>&nbsp;<\/p>\n<p style=\"font-weight: 400;\"><em>De las divisiones de sociedades con implicancia internacional, sus efectos tributarios y un elefante<\/em><br \/>\nGert Greve Arcil<\/p>\n<ol>\n<li style=\"font-weight: 400;\">Cuestiones previas<br \/>\nII. El reconocimiento en chile de sociedades extranjeras<br \/>\nIII. El reconocimiento en chile de las convenciones en el extranjero<br \/>\nIV. La divisi\u00f3n de sociedades extranjeras<br \/>\nV. Divisiones internacionales<br \/>\nVI. Conclusiones<\/li>\n<\/ol>\n<p style=\"font-weight: 400;\"><b><strong>IMPUESTO A LA RENTA<\/strong><\/b><\/p>\n<p style=\"font-weight: 400;\"><em>Norma sobre ventas indirectas y convenios tributarios: an\u00e1lisis cr\u00edtico de la interpretaci\u00f3n del SII<\/em><br \/>\nClaudia M\u00e9ndez Massardo<\/p>\n<ol>\n<li style=\"font-weight: 400;\">Introducci\u00f3n<br \/>\nII. C\u00f3mo tributan en chile las ganancias de capital derivadas de ventas indirectas<br \/>\nIII. Los CDI Suscritos Por Chile<br \/>\nIV. An\u00e1lisis de la norma de venta indirecta a la luz de la Circular N\u00b0 59 de 2014<br \/>\nV. Conclusiones<\/li>\n<\/ol>\n<p style=\"font-weight: 400;\"><em>T\u00f3picos de interpretaci\u00f3n y vocablo gasto necesario<\/em><br \/>\nJavier Valdivia Barr\u00eda<\/p>\n<ol start=\"3\">\n<li style=\"font-weight: 400;\">Introducci\u00f3n<br \/>\nII. Aproximaci\u00f3n patrimonial<br \/>\nIII. Concepto de gasto y la facultad legal de interpretaci\u00f3n del Servicio de Impuestos Internos<br \/>\nIV. Modelo cl\u00e1sico de interpretaci\u00f3n jur\u00eddica<br \/>\nV. Modelo de interpretaci\u00f3n \u201cmenos tradicional\u201d<br \/>\nVI. Interpretaci\u00f3n menos tradicional y caso contenido en oficio SII N\u00b0 3.229\/07<br \/>\nVII. Jurisprudencia judicial<br \/>\nVIII. Gasto en proyecto de modernizaci\u00f3n tributaria y texto final en la Ley 21.210<br \/>\nIX. Actualizaci\u00f3n a la fecha de la presente publicaci\u00f3n<\/li>\n<\/ol>\n<p style=\"font-weight: 400;\"><em>El Art\u00edculo 35 de la Ley sobre Impuesto a la Renta<\/em><br \/>\nOscar Otazo Carrasco<\/p>\n<ol>\n<li style=\"font-weight: 400;\">Introducci\u00f3n<br \/>\nII. Norma jur\u00eddica objeto de an\u00e1lisis y evoluci\u00f3n normativa<br \/>\nIII. Contexto normativo<br \/>\nIV. Naturaleza jur\u00eddica del art\u00edculo 35 de la LIR<br \/>\nV. Estructura y secuencia de aplicaci\u00f3n de la norma<br \/>\nVI. Facultad de tasaci\u00f3n<br \/>\nVII. Reglas de valoraci\u00f3n<br \/>\nVIII. Problemas que suscita la aplicaci\u00f3n pr\u00e1ctica de la norma<br \/>\nIX. Conclusiones<\/li>\n<\/ol>\n<p style=\"font-weight: 400;\"><em>Precios de transferencia: primeros a\u00f1os de aplicaci\u00f3n de la normativa en Chile<\/em><br \/>\nJuan Pablo Gallegos Basualto<\/p>\n<ol>\n<li style=\"font-weight: 400;\">Introducci\u00f3n<br \/>\nII. La norma de precios de transferencia en chile<br \/>\nIII. Modelo matem\u00e1tico de precios de transferencia<br \/>\nIV. Interpretando la norma tributaria<br \/>\nV. An\u00e1lisis de casos<br \/>\nVI. Conclusiones<\/li>\n<\/ol>\n<p style=\"font-weight: 400;\"><b><strong>NORMAS LEGALES, ADMINISTRATIVAS Y OTROS<\/strong><\/b><\/p>\n<p style=\"font-weight: 400;\"><em>Art\u00edculo 21 de la Ley sobre impuesto a la renta: aproximaciones para su correcta aplicaci\u00f3n<\/em><br \/>\nOctavio Canales Tapia<\/p>\n<ol>\n<li style=\"font-weight: 400;\">Cuestiones previas<br \/>\nII. Historia de la normativa de los Arts. 21 y 31 de la LIR<br \/>\nII. Articulo 21 Sobre gastos rechazados y retiros presuntos<br \/>\nIII. Reflexiones finales<\/li>\n<\/ol>\n","protected":false},"excerpt":{"rendered":"<p>Esta obra colectiva recoge las mejores tesis del Mag\u00edster en Derecho con Menci\u00f3n en Derecho Tributario de la Facultad de Derecho de la Universidad de Chile, programa que se dictara casi ininterrumpidamente desde el a\u00f1o 1983 hasta el a\u00f1o 2021, y que fue sucedido por el nuevo Mag\u00edster en Derecho Tributario de la misma universidad. Los ocho cap\u00edtulos est\u00e1n agrupados en materias generales e Impuesto a la Renta, y tratan comprensivamente las deficiencias del juicio ejecutivo tributario, la distribuci\u00f3n de la carga de la prueba en materia tributaria, las consecuencias en la tributaci\u00f3n internacional de la divisi\u00f3n de sociedades, la regulaci\u00f3n de las ventas indirectas de activos y sus consecuencias tributarias, la interpretaci\u00f3n de los gastos necesarios para producir la renta, los m\u00e9todos indirectos para para determinar la obligaci\u00f3n tributaria, la historia y aplicaci\u00f3n de la normativa de precios de transferencia, y la historia, evoluci\u00f3n y tratamiento de los gastos rechazados. Entre los profesores de Mag\u00edster nadie destac\u00f3 m\u00e1s que el profesor Juan Manuel Baraona Sainz, fundador y verdadera alma del programa, que falleciera tempranamente en 2021. Con esta obra colegas, profesionales, y todos los egresados de dicho programa queremos rendirle un homenaje. Habr\u00edamos querido poder hacerle este homenaje en vida, pero su inesperada muerte nos dej\u00f3 con una profunda tristeza y cambi\u00f3 nuestros planes. Que la herencia intelectual de Juan Manuel, quien fuera profesor de todos los autores, sea un peque\u00f1o consuelo para todos los que tuvimos el gusto de aprender y compartir con \u00e9l. EN HOMENAJE AL PROFESOR JUAN MANUEL BARAONA Pablo Ruiz-Tagle: Un \u201ctributo\u201d al profesor Juan Manuel Baraona Pablo Ruiz-Tagle Francisco Ag\u00fcero Vargas: El legado de Juan Manuel Baraona en el Derecho de la Competencia chileno Francisco Ag\u00fcero Vargas Mario Silva Poblete: Palabras en homenaje a Juan Manuel Baraona Mario Silva Poblete Ricardo Escobar Calder\u00f3n: La \u00faltima clase del \u00faltimo curso del profesor Juan Manuel Baraona (24 de junio 2021) Ricardo Escobar Calder\u00f3n Prevenciones editoriales Agust\u00edn Barroilhet D\u00edez &#8211; Francisco Selam\u00e9 Marchant &#8211; Mario Silva Poblete &#8211; Octavio Aguayo Gajardo MATERIAS TRIBUTARIAS GENERALES Deficiencias del juicio ejecutivo tributario Jos\u00e9 Ignacio Riquelme Alvear Del juicio ejecutivo tributario II. Naturaleza jur\u00eddica del juicio ejecutivo tributario III. Consecuencias del transcurso del tiempo en el juicio ejecutivo tributario IV. Conclusiones Distribuci\u00f3n de la carga de la prueba en el Derecho Tributario Felipe Andr\u00e9s Pozo Fern\u00e1ndez Introducci\u00f3n II. El art\u00edculo 21 del C\u00f3digo Tributario como regla de distribuci\u00f3n III. Particularidades de la carga de la prueba en la etapa administrativa IV. Particularidades de la carga de la prueba en la etapa jurisdiccional V. Particularidades de la carga de la prueba en el \u00e1mbito penal tributario y administrativo sancionatorio VI. Conclusiones &nbsp; De las divisiones de sociedades con implicancia internacional, sus efectos tributarios y un elefante Gert Greve Arcil Cuestiones previas II. El reconocimiento en chile de sociedades extranjeras III. El reconocimiento en chile de las convenciones en el extranjero IV. La divisi\u00f3n de sociedades extranjeras V. Divisiones internacionales VI. Conclusiones IMPUESTO A LA RENTA Norma sobre ventas indirectas y convenios tributarios: an\u00e1lisis cr\u00edtico de la interpretaci\u00f3n del SII Claudia M\u00e9ndez Massardo Introducci\u00f3n II. C\u00f3mo tributan en chile las ganancias de capital derivadas de ventas indirectas III. Los CDI Suscritos Por Chile IV. An\u00e1lisis de la norma de venta indirecta a la luz de la Circular N\u00b0 59 de 2014 V. Conclusiones T\u00f3picos de interpretaci\u00f3n y vocablo gasto necesario Javier Valdivia Barr\u00eda Introducci\u00f3n II. Aproximaci\u00f3n patrimonial III. Concepto de gasto y la facultad legal de interpretaci\u00f3n del Servicio de Impuestos Internos IV. Modelo cl\u00e1sico de interpretaci\u00f3n jur\u00eddica V. Modelo de interpretaci\u00f3n \u201cmenos tradicional\u201d VI. Interpretaci\u00f3n menos tradicional y caso contenido en oficio SII N\u00b0 3.229\/07 VII. Jurisprudencia judicial VIII. Gasto en proyecto de modernizaci\u00f3n tributaria y texto final en la Ley 21.210 IX. Actualizaci\u00f3n a la fecha de la presente publicaci\u00f3n El Art\u00edculo 35 de la Ley sobre Impuesto a la Renta Oscar Otazo Carrasco Introducci\u00f3n II. Norma jur\u00eddica objeto de an\u00e1lisis y evoluci\u00f3n normativa III. Contexto normativo IV. Naturaleza jur\u00eddica del art\u00edculo 35 de la LIR V. Estructura y secuencia de aplicaci\u00f3n de la norma VI. Facultad de tasaci\u00f3n VII. Reglas de valoraci\u00f3n VIII. Problemas que suscita la aplicaci\u00f3n pr\u00e1ctica de la norma IX. Conclusiones Precios de transferencia: primeros a\u00f1os de aplicaci\u00f3n de la normativa en Chile Juan Pablo Gallegos Basualto Introducci\u00f3n II. La norma de precios de transferencia en chile III. Modelo matem\u00e1tico de precios de transferencia IV. Interpretando la norma tributaria V. An\u00e1lisis de casos VI. Conclusiones NORMAS LEGALES, ADMINISTRATIVAS Y OTROS Art\u00edculo 21 de la Ley sobre impuesto a la renta: aproximaciones para su correcta aplicaci\u00f3n Octavio Canales Tapia Cuestiones previas II. Historia de la normativa de los Arts. 21 y 31 de la LIR II. Articulo 21 Sobre gastos rechazados y retiros presuntos III. Reflexiones finales<\/p>\n","protected":false},"featured_media":3115,"comment_status":"open","ping_status":"closed","template":"","meta":{"inline_featured_image":false,"_joinchat":[]},"product_brand":[],"product_cat":[28],"product_tag":[],"class_list":{"0":"post-3074","1":"product","2":"type-product","3":"status-publish","4":"has-post-thumbnail","6":"product_cat-tributario","7":"product_shipping_class-a-convenir","9":"first","10":"instock","11":"shipping-taxable","12":"purchasable","13":"product-type-simple"},"_links":{"self":[{"href":"https:\/\/bibliotecajuridicavirtual.cl\/index.php\/wp-json\/wp\/v2\/product\/3074","targetHints":{"allow":["GET"]}}],"collection":[{"href":"https:\/\/bibliotecajuridicavirtual.cl\/index.php\/wp-json\/wp\/v2\/product"}],"about":[{"href":"https:\/\/bibliotecajuridicavirtual.cl\/index.php\/wp-json\/wp\/v2\/types\/product"}],"replies":[{"embeddable":true,"href":"https:\/\/bibliotecajuridicavirtual.cl\/index.php\/wp-json\/wp\/v2\/comments?post=3074"}],"wp:featuredmedia":[{"embeddable":true,"href":"https:\/\/bibliotecajuridicavirtual.cl\/index.php\/wp-json\/wp\/v2\/media\/3115"}],"wp:attachment":[{"href":"https:\/\/bibliotecajuridicavirtual.cl\/index.php\/wp-json\/wp\/v2\/media?parent=3074"}],"wp:term":[{"taxonomy":"product_brand","embeddable":true,"href":"https:\/\/bibliotecajuridicavirtual.cl\/index.php\/wp-json\/wp\/v2\/product_brand?post=3074"},{"taxonomy":"product_cat","embeddable":true,"href":"https:\/\/bibliotecajuridicavirtual.cl\/index.php\/wp-json\/wp\/v2\/product_cat?post=3074"},{"taxonomy":"product_tag","embeddable":true,"href":"https:\/\/bibliotecajuridicavirtual.cl\/index.php\/wp-json\/wp\/v2\/product_tag?post=3074"}],"curies":[{"name":"wp","href":"https:\/\/api.w.org\/{rel}","templated":true}]}}