{"id":3077,"date":"2026-02-28T01:08:47","date_gmt":"2026-02-28T04:08:47","guid":{"rendered":"https:\/\/bibliotecajuridicavirtual.cl\/?post_type=product&#038;p=3077"},"modified":"2026-02-28T01:09:29","modified_gmt":"2026-02-28T04:09:29","slug":"manual-de-tribunales-de-familia-ano-julio-2022-233-pag-autor-rodrigo-silva-montes","status":"publish","type":"product","link":"https:\/\/bibliotecajuridicavirtual.cl\/index.php\/product\/manual-de-tribunales-de-familia-ano-julio-2022-233-pag-autor-rodrigo-silva-montes\/","title":{"rendered":"Manual de Tribunales de Familia. A\u00f1o Julio 2022\/ 233 Pag. Autor Rodrigo Silva Montes"},"content":{"rendered":"<p style=\"font-weight: 400;\">Despu\u00e9s de la publicaci\u00f3n de la s\u00e9ptima edici\u00f3n de este libro, hubo varis novedades legislativas y reglamentarias de que debemos ocuparnos, como es el Auto Acordado Acta N\u00b0 13-2021 de fecha 22 de enero 2021, para remates judiciales de bienes inmuebles mediante el uso de videoconferencia. Asimismo, con fecha 11 de mayo de 2021, se public\u00f3 la Ley N\u00b0 21.331 sobre reconocimiento y protecci\u00f3n de los derechos de las personas en la atenci\u00f3n de salud mental. Su art\u00edculo 25 modifica el n\u00famero 10 de la Ley N\u00b0 20.584, que regula los derechos y deberes que tienen las personas en relaci\u00f3n con acciones vinculadas a su atenci\u00f3n en salud, disponiendo que todo ni\u00f1o, ni\u00f1a y adolescente, tiene derecho a recibir informaci\u00f3n sobre su enfermedad y la forma en que se realizar\u00e1 su tratamiento, adaptada a su edad, desarrollo mental y estado afectivo y psicol\u00f3gico.<\/p>\n<p style=\"font-weight: 400;\">Por otro lado, la Ley N\u00b0 21.378 de octubre de 2021, establece monitoreo telem\u00e1tico en las Leyes N\u00b0 20.066 sobre violencia intrafamiliar y N\u00b0 19.968 sobre los tribunales de familia. El 6 de octubre de 2021 se public\u00f3 la Ley N\u00b0 21.271, adecuando el C\u00f3digo del Trabajo en materia de protecci\u00f3n de los ni\u00f1os, ni\u00f1as, y adolescentes en el mundo laboral. El 18 de noviembre de 2021 se public\u00f3 la Ley N\u00b0 21.389, que cre\u00f3 el Registro Nacional de Deudores de Pensiones de Alimentos y modific\u00f3 diversos cuerpos legales para perfeccionar el sistema de pago de las pensiones de alimentos y modific\u00f3 diversos cuerpos legales para perfeccionar el sistema de pago de las pensiones de alimentos.<\/p>\n<p style=\"font-weight: 400;\">El 30 de noviembre de 2021 se public\u00f3 la Ley N\u00b021.394, que introdujo reformas al sistema de justicia para enfrentar la situaci\u00f3n luego del estado de excepci\u00f3n constitucional de cat\u00e1strofe por calamidad p\u00fablica. Su art\u00edculo 4\u00b0 introduce varias modificaciones a la Ley N\u00b0 19.958, que cre\u00f3 los Tribunales de Familia.<\/p>\n<p style=\"font-weight: 400;\">El 11 de diciembre de 2021 se public\u00f3 en el Diario Oficial el Decreto Supremo N\u00b04, de 9 de noviembre de 2020, del Ministerio Secretar\u00eda General de la Presidencia, Reglamento de la Ley N\u00b0 21.180 sobre Transformaci\u00f3n Digital del Estado.<\/p>\n<p style=\"font-weight: 400;\">La Ley N\u00b0 21.400 que modifica diversos cuerpos legales para regular en igualdad de condiciones el matrimonio entre personas del mismo sexo, se public\u00f3 en el Diario Oficial del 10 de diciembre de 2021, y entr\u00f3 a regir el 10 de marzo de 2022.<\/p>\n<p><b><strong>T\u00cdTULO I<\/strong><\/b><br \/>\n<b><strong>DE LOS JUZGADOS DE FAMILIA Y SU ORGANIZACI\u00d3N<\/strong><\/b><\/p>\n<p style=\"font-weight: 400;\"><b><strong>P\u00c1RRAFO 1\u00ba: DE LOS JUZGADOS DE FAMILIA<\/strong><\/b><\/p>\n<ol>\n<li style=\"font-weight: 400;\">De la Jurisdicci\u00f3n<br \/>\nb. Conformaci\u00f3n: Tribunales Unipersonales de Varios Jueces<br \/>\nc. Conformaci\u00f3n de los Juzgados de Familia<br \/>\nd. Funcionamiento de los Tribunales de Familia<br \/>\n&#8211; Sala<br \/>\n&#8211; Atenci\u00f3n de p\u00fablico y mediaci\u00f3n<br \/>\n&#8211; Servicios<br \/>\n&#8211; Administraci\u00f3n de causas<br \/>\n&#8211; Cumplimiento<br \/>\ne. Se Crean Nuevos Tribunales de Familia<\/li>\n<\/ol>\n<p style=\"font-weight: 400;\"><b><strong>P\u00c1RRAFO 2\u00ba: DEL CONCEPTO T\u00c9CNICO (ARTS. 5\u00ba Y SIGUINTES)<\/strong><\/b><\/p>\n<ol>\n<li style=\"font-weight: 400;\">De las Funciones y Atribuciones del Consejo T\u00e9cnico<br \/>\nb. Integraci\u00f3n del Consejo T\u00e9cnico<br \/>\nc. Requisitos para Integrar el Consejo T\u00e9cnico<\/li>\n<\/ol>\n<p style=\"font-weight: 400;\"><b><strong>T\u00cdTULO II<br \/>\nDE LA COMPETENCIA DE LOS JUZGADOS DE FAMILIA (ART. 8\u00ba)<\/strong><\/b><\/p>\n<p style=\"font-weight: 400;\"><b><strong>T\u00cdTULO III<\/strong><\/b><br \/>\n<b><strong>DEL PROCEDIMIENTO<\/strong><\/b><\/p>\n<p style=\"font-weight: 400;\">LEGISLACI\u00d3N APLICABLE<\/p>\n<p style=\"font-weight: 400;\"><b><strong>P\u00c1RRAFO 1\u00ba: DE LOS PRINCIPIOS DEL PROCEDIMIENTO<\/strong><\/b><\/p>\n<ol>\n<li style=\"font-weight: 400;\">Principio de la Oralidad<br \/>\nb. Principio de la Publicidad<br \/>\nc. Principio de la Concentraci\u00f3n<br \/>\nd. Principio de la Inmediaci\u00f3n<br \/>\ne. Actuaci\u00f3n de Oficio-Celeridad<br \/>\nf. Principio de la Colaboraci\u00f3n o \u201cB\u00fasqueda de Soluciones Colaborativas\u201d entre las Partes<br \/>\ng. Gratuidad de las Actuaciones<br \/>\nh. Inter\u00e9s Superior del Ni\u00f1o, Ni\u00f1a o Adolescente<br \/>\ni. Econom\u00eda Procesal<br \/>\ni) Acumulaci\u00f3n necesaria (art. 17)<br \/>\nii) Representaci\u00f3n voluntaria (art. 18)<\/li>\n<\/ol>\n<p style=\"font-weight: 400;\"><b><strong>P\u00c1RRAFO 2\u00ba: DE LAS \u201cREGLAS GENERALES\u201d (ARTS. 17 Y SIGUIENTES)<\/strong><\/b><\/p>\n<ol>\n<li style=\"font-weight: 400;\">De la Competencia<br \/>\nA. Competencia amplia<br \/>\nB. Acumulaci\u00f3n necesaria<br \/>\nC. Extensi\u00f3n de la competencia territorial<br \/>\nD. Amplia competencia para decretar medidas cautelares<\/li>\n<li style=\"font-weight: 400;\">De las Medidas Cautelares<br \/>\nA. Concepto<br \/>\nB. Clases<br \/>\nC. Forma de decretarlas<br \/>\nD. Legislaci\u00f3n aplicable<\/li>\n<li style=\"font-weight: 400;\">De la Comparecencia en Juicio (Art. 18)<\/li>\n<li style=\"font-weight: 400;\">Suspensi\u00f3n del Procedimiento (Art. 20)<\/li>\n<li style=\"font-weight: 400;\">De las Notificaciones (Art. 23)<br \/>\nA. Notificaci\u00f3n personal<br \/>\nB. Notificaci\u00f3n personal especial o subsidiaria<br \/>\nC. Alguna otra forma que el juez estime id\u00f3nea<br \/>\nD. Carta certificada<br \/>\nE. Estado diario<br \/>\nF. Notificaci\u00f3n por la polic\u00eda<br \/>\nG. Notificaci\u00f3n electr\u00f3nica<\/li>\n<li style=\"font-weight: 400;\">De los incidentes<br \/>\nA. Incidentes promovidos durante el transcurso de una audiencia<br \/>\nB. Los otros incidentes<br \/>\nC. Nulidad procesal<br \/>\nD. Abandono de procedimiento<br \/>\nE. Revocaci\u00f3n de actos fraudulentos del alimentante<\/li>\n<\/ol>\n<p style=\"font-weight: 400;\"><b><strong>P\u00c1RRAFO 3\u00ba: DE LA PRUEBA<\/strong><\/b><\/p>\n<ol>\n<li style=\"font-weight: 400;\">Disposiciones Generales Acerca de la Prueba<br \/>\nA. Libertad de prueba<br \/>\nB. Amplitud de prueba<br \/>\nC. Facultad de oficio<br \/>\nD. Convenciones probatorias (art 30)<br \/>\nE. Examen de admisibilidad de la prueba<br \/>\nF. Valoraci\u00f3n de la prueba<br \/>\na. Concepto de sana cr\u00edtica<br \/>\nb. Prueba y sentencia<\/li>\n<li style=\"font-weight: 400;\">De la Prueba Testimonial (Arts. 33 y Siguientes)<br \/>\nA. De los testigos<br \/>\nB. Deber de comparecer a declarar<br \/>\nC. Debe de declarar<br \/>\nD. Objeto de declaraci\u00f3n<br \/>\nE. Forma de declaraci\u00f3n<\/li>\n<li style=\"font-weight: 400;\">De la Prueba Pericial (Arts. 45 y Siguientes)<br \/>\nA. Casos en que procede<br \/>\nB. Fuente u origen de la prueba pericial<br \/>\nC. Carga del perito de declarar<br \/>\nD. Requisitos del informe<br \/>\nE. Improcedencia de inhabilitaci\u00f3n de los peritos<\/li>\n<li style=\"font-weight: 400;\">De la Declaraci\u00f3n de las Partes (Arts. 50 y Siguientes)<br \/>\nA. Procedencia de la declaraci\u00f3n<br \/>\nB. Clases de preguntas<br \/>\nC. Preguntas rec\u00edprocas<br \/>\nD. Sanci\u00f3n por no comparecencia<\/li>\n<li style=\"font-weight: 400;\">Otros Medios de Prueba<\/li>\n<\/ol>\n<p style=\"font-weight: 400;\"><b><strong>P\u00c1RRAFO 3\u00ba BIS: ADMISIBILIDAD Y ETAPA DE RECEPCI\u00d3N (ARTS. 54-1 Y 54-2)<\/strong><\/b><\/p>\n<p style=\"font-weight: 400;\"><b><strong>P\u00c1RRAFO 4\u00ba: DEL PROCEDIMIENTO ORDINARIO<\/strong><\/b><\/p>\n<ol>\n<li style=\"font-weight: 400;\">Aplicaci\u00f3n<\/li>\n<li style=\"font-weight: 400;\">Del Inicio del Proceso<br \/>\nA. Por medida prejudicial cautelar (art. 71)<br \/>\nB. Por demanda<\/li>\n<li style=\"font-weight: 400;\">Providencias a la Demanda<br \/>\nA. Inadmisibilidad<br \/>\nB. Improcedencia<br \/>\nC. Admisibilidad<\/li>\n<li style=\"font-weight: 400;\">De las Actitudes que puede Tomar el Demandado<br \/>\nA. Rebeld\u00eda<br \/>\nB. Reconvenci\u00f3n<br \/>\nC. Contestar la demanda<\/li>\n<li style=\"font-weight: 400;\">De la Audiencia Preparatoria<br \/>\nA. Carga de comparecer<br \/>\nB. Objeto de la audiencia preparatoria<br \/>\nC. Forma de la audiencia<br \/>\nD. Del t\u00e9rmino de la audiencia preparatoria<\/li>\n<li style=\"font-weight: 400;\">De la Audiencia del Juicio<br \/>\nA. Forma de la audiencia<br \/>\nB. Objetivos de la audiencia<br \/>\nC. Desarrollo de la audiencia<\/li>\n<li style=\"font-weight: 400;\">Audiencias por videoconferencia<br \/>\nA. Concepto<br \/>\nB. Requisitos<br \/>\nC. Procedimiento<\/li>\n<li style=\"font-weight: 400;\">De la sentencia<br \/>\nA. Oportunidad para dictarla<br \/>\nB. Oportunidad para redactarla<br \/>\nC. Contenido de la sentencia<\/li>\n<li style=\"font-weight: 400;\">De los recursos<br \/>\nA. De la reposici\u00f3n<br \/>\nB. De la apelaci\u00f3n<br \/>\nC. Del recurso de casaci\u00f3n en la forma<br \/>\nD. Otros recursos, casaci\u00f3n de oficio<br \/>\nE. Del recurso especial de revisi\u00f3n en los procesos de adopci\u00f3n<\/li>\n<\/ol>\n<p style=\"font-weight: 400;\"><b><strong>T\u00cdTULO IV<br \/>\nPROCEDIMIENTOS ESPECIALES<\/strong><\/b><\/p>\n<p style=\"font-weight: 400;\"><b><strong>P\u00c1RRAFO 1\u00ba: DE LA APLICACI\u00d3N JUDICIAL DE MEDIDAS DE PROTECCI\u00d3N DE LOS DERECHOS DE LOS NI\u00d1OS, NI\u00d1AS O ADOLESCENTES (ARTS. 68 Y SIGUIENTES<\/strong><\/b><\/p>\n<ol>\n<li style=\"font-weight: 400;\">\u00c1mbito de Aplicaci\u00f3n de este Procedimiento<\/li>\n<li style=\"font-weight: 400;\">De la Intervenci\u00f3n del Menor<\/li>\n<li style=\"font-weight: 400;\">Amplitud en Cuanto a los Titulares de la Acci\u00f3n<\/li>\n<li style=\"font-weight: 400;\">Del Requerimiento<\/li>\n<li style=\"font-weight: 400;\">De la Audiencia Preparatoria<br \/>\n&#8211; Citaciones<br \/>\n&#8211; De la audiencia misma<\/li>\n<li style=\"font-weight: 400;\">De la Audiencia del Juicio<br \/>\n&#8211; Objeto de la audiencia<br \/>\n&#8211; Llamado a conciliaci\u00f3n (despu\u00e9s de la prueba)<br \/>\n&#8211; De la sentencia<\/li>\n<li style=\"font-weight: 400;\">De las Medidas Cautelares Especiales<br \/>\n&#8211; Fundamento de estas medidas<br \/>\n&#8211; Oportunidad para pedirlas o decretarlas<br \/>\n&#8211; Titular de la acci\u00f3n<br \/>\n&#8211; Enumeraci\u00f3n<br \/>\n&#8211; Duraci\u00f3n de las medidas<br \/>\n&#8211; De la resoluci\u00f3n que las dispone y su cumplimiento<br \/>\n&#8211; Obligaci\u00f3n de informar<br \/>\n&#8211; Incumplimiento de las medidas adoptadas<br \/>\n&#8211; Derecho de audiencia del menor<br \/>\n&#8211; Suspensi\u00f3n, modificaci\u00f3n y cesaci\u00f3n de las medidas de precauci\u00f3n<\/li>\n<li style=\"font-weight: 400;\">Obligaci\u00f3n de Visita de Establecimientos<\/li>\n<li style=\"font-weight: 400;\">Deber de Informaci\u00f3n del SENAME (Art. 80 Bis)<\/li>\n<\/ol>\n<p style=\"font-weight: 400;\"><b><strong>P\u00c1RRAFO 2\u00ba: DEL PROCEDIMIENTO RELATIVO A LOS ACTOS DE VIOLENCIA INTRAFAMILIAR (ARTS. 81 Y SIGUIENTES)<\/strong><\/b><\/p>\n<ol>\n<li style=\"font-weight: 400;\">Legislaci\u00f3n Aplicable<\/li>\n<li style=\"font-weight: 400;\">Reglas de la Competencia<\/li>\n<li style=\"font-weight: 400;\">Del Inicio del Proceso<br \/>\nA. Demanda<br \/>\nB. Denuncia<\/li>\n<li style=\"font-weight: 400;\">De las Actuaciones Judiciales Previas a la Audiencia Preparatoria<\/li>\n<li style=\"font-weight: 400;\">Medidas Cautelares en Protecci\u00f3n de la V\u00edctima y del Grupo Familiar (Arts. 92 y Siguientes)<br \/>\nA. Caracter\u00edsticas<br \/>\nB. Enumeraci\u00f3n<br \/>\nC. Comunicaci\u00f3n y ejecuci\u00f3n de las medidas cautelares<br \/>\nD. Incumplimiento de medidas cautelares<\/li>\n<li style=\"font-weight: 400;\">Del Juicio Oral<br \/>\nA. De la audiencia preparatoria<br \/>\nB. Suspensi\u00f3n condicional de la dictaci\u00f3n de la sentencia<br \/>\nC. Casos en que no procede la suspensi\u00f3n condicional de la sentencia<br \/>\nD. Efectos de la suspensi\u00f3n condicional de la dictaci\u00f3n de la sentencia<br \/>\nE. El t\u00e9rmino del proceso<\/li>\n<\/ol>\n<p style=\"font-weight: 400;\"><b><strong>P\u00c1RRAFO 3\u00ba: DE LOS ACTOS JUDICIALES NO CONTENCIOSOS (ART. 102)<\/strong><\/b><\/p>\n<ol>\n<li style=\"font-weight: 400;\">\u00c1mbito de Aplicaci\u00f3n<br \/>\n2. Legislaci\u00f3n Aplicable<br \/>\n3. Procedimiento<\/li>\n<\/ol>\n<p style=\"font-weight: 400;\">P\u00c1RRAFO 4\u00ba: PROCEDIMIENTO CONTRAVENCIONAL ANTE LOS TRIBUNALES DE FAMILIA (ARTS. 102 Y SIGUIENTES)<\/p>\n<ol>\n<li style=\"font-weight: 400;\">\u00c1mbito de Aplicaci\u00f3n<br \/>\nA. Concepto de \u201ccontravenci\u00f3n de car\u00e1cter administrativo\u201d<br \/>\nB. Competencia<\/li>\n<li style=\"font-weight: 400;\">Legislaci\u00f3n Aplicable<\/li>\n<li style=\"font-weight: 400;\">Procedimiento<br \/>\nA. Del inicio del proceso<br \/>\nB. De la audiencia \u00fanica<br \/>\nC. De la sentencia<br \/>\nD. Substituci\u00f3n de la condena<br \/>\nE. Quebrantamiento de condena<\/li>\n<\/ol>\n<p style=\"font-weight: 400;\"><b><strong>PROCEDIMIENTO ESPECIAL DE LOS JUICIOS DE ALIMENTOS<\/strong><\/b><\/p>\n<ol>\n<li style=\"font-weight: 400;\">\u00c1mbito de aplicaci\u00f3n<br \/>\nA. Competencia<br \/>\nB. Legislaci\u00f3n aplicable<\/li>\n<li style=\"font-weight: 400;\">Procedimiento<br \/>\nA. Del inicio del proceso<br \/>\nB. Cambio de domicilio del demandado<br \/>\nC. Providencia a la demanda<br \/>\nD. Sanci\u00f3n por incumplimiento<\/li>\n<li style=\"font-weight: 400;\">Alimentos provisorios<br \/>\nA. Demanda de pensi\u00f3n alimenticia provisoria<br \/>\nB. Oposici\u00f3n del demandado<\/li>\n<li style=\"font-weight: 400;\">Admisi\u00f3n provisional de la demanda<\/li>\n<li style=\"font-weight: 400;\">Incidentes<br \/>\nA. Revocaci\u00f3n de actos fraudulentos del alimentante<br \/>\nB. Substituci\u00f3n condicional de modalidad de pago de pensi\u00f3n alimenticia definitiva o provisoria de trabajadores dependientes<\/li>\n<li style=\"font-weight: 400;\">Recursos<\/li>\n<li style=\"font-weight: 400;\">Ejecuci\u00f3n de las resoluciones<\/li>\n<li style=\"font-weight: 400;\">De la mediaci\u00f3n en los juicios de alimentos (Art. 109)<\/li>\n<\/ol>\n<p style=\"font-weight: 400;\"><b><strong>T\u00cdTULO V<\/strong><\/b><br \/>\n<b><strong>DE LA MEDIACI\u00d3N FAMILIAR<\/strong><\/b><\/p>\n<ol>\n<li style=\"font-weight: 400;\">Concepto de mediaci\u00f3n<br \/>\nB. Del registro de mediadores<br \/>\nC. Requisitos para ser mediador<br \/>\nD. Eliminaci\u00f3n del registro<br \/>\nE. Sanciones<br \/>\nF. Recursos<br \/>\nG. Costo de la mediaci\u00f3n<br \/>\nH. Procedencia de la mediaci\u00f3n: mediaci\u00f3n previa, voluntaria y prohibida<br \/>\nI. Distribuci\u00f3n de asuntos<br \/>\nJ. Fuentes de la mediaci\u00f3n<br \/>\nK. Principios de la mediaci\u00f3n<br \/>\nL. Del procedimiento de mediaci\u00f3n<br \/>\nM. Acta de mediaci\u00f3n<br \/>\nN. Frustraci\u00f3n de la mediaci\u00f3n<br \/>\n\u00d1. Causas relativas al derecho de alimentos<\/li>\n<\/ol>\n<p style=\"font-weight: 400;\"><b><strong>T\u00cdTULO VI<br \/>\nPLANTA DE PERSONAL<\/strong><\/b><\/p>\n<p style=\"font-weight: 400;\"><b><strong>T\u00cdTULO VII<br \/>\nDISPOSICIONES VARIAS<\/strong><\/b><\/p>\n<p style=\"font-weight: 400;\"><b><strong>DE LA ADOPCI\u00d3N DE MENORES<\/strong><\/b><\/p>\n<ol>\n<li style=\"font-weight: 400;\">De las Reglas Comunes a Ambos Procesos de Adopci\u00f3n<br \/>\nA. Competencia<br \/>\nB. Consentimiento del menor adoptado<br \/>\nC. Reserva<br \/>\nD. Audiencia especial<br \/>\nE. Menores susceptibles de adopci\u00f3n<\/li>\n<li style=\"font-weight: 400;\">Del Procedimiento Previo a la Adopci\u00f3n<br \/>\nA. Inicio del proceso<br \/>\na. De oficio por el juez<br \/>\nb. A solicitud del SENAME<br \/>\nc. Solicitud del que tenga al menor a su cuidado<br \/>\nB. Fijaci\u00f3n de la audiencia preparatoria<br \/>\nC. Notificaciones<br \/>\nD. De la audiencia preparatoria<br \/>\nE. De la audiencia del juicio<\/li>\n<li style=\"font-weight: 400;\">Del Procedimiento de Adopci\u00f3n Propiamente Tal<br \/>\nA. Del inicio del proceso<br \/>\nB. Acumulaci\u00f3n necesaria<br \/>\nC. Providencia del juez<br \/>\nD. De la audiencia preparatoria y del juicio oral<b><strong>ANEXOS<\/strong><\/b><\/p>\n<p>1. Ley N\u00b019.968 crea los Tribunales de Familia, de 30 de agosto de 2004 modificada por la Ley N\u00b020.286 de 15 de septiembre de 2008<br \/>\n2. Aprueba reglamento de la Ley N\u00b0 19.968 que crea los Tribuales de Familia y deroga decreto N\u00b0 957 que aprueba normas reglamentarias necesarias para la ejecuci\u00f3n de la Ley N\u00b0 19.968 publicado en el Diario Oficial de 25 de mayo de 2009<br \/>\n3. Auto Acordado relativo al funcionamiento de los Juzgados de Familia, dictado por la Corte Suprema (8 de octubre de 2005)<br \/>\n4. Auto Acordado sobre distribuci\u00f3n de causas entre los nuevos Tribunales de Familia, dictado por la Corte de Apelaciones de Santiago (7 de octubre de 2005)<br \/>\n5. Nuevo Auto Acordado sobre distribuci\u00f3n de causas entre los nuevos Tribunales de Familia, dictado por la C.A. de Santiago, de 20 de noviembre de 2006 (Publicado en el D.O. de 15 de diciembre de 2006)<br \/>\n7. Decreto N\u00b0 830, promulga Convenci\u00f3n sobre los Derechos del Ni\u00f1o<br \/>\n8. Reglas m\u00ednimas de las Naciones Unidas para la administraci\u00f3n de la justicia de menores (\u201cReglas de Beijig\u201d)<br \/>\n9. Auto Acordado del centro de medidas cautelares de los cuatro Tribunales de Familia de Santiago (Publicado en el Diario Oficial de 14 de septiembre de 2010)<br \/>\n10. Acta N\u00b0 205-2015. Modifica t refunde texto del Auto Acordado sobre procedimiento aplicable al Convenio de La Haya relativo a los efectos civiles de la sustracci\u00f3n internacional de ni\u00f1os y ni\u00f1as (Publicado en el Diario Oficial de 16 de enero de 2016)<br \/>\n11. Acta N\u00b0 271-2021. Auto Acordado sobre audiencias y vistas de causas por videoconferencia (publicado en el Diario Oficial de 18 de diciembre de 2021)<\/li>\n<\/ol>\n","protected":false},"excerpt":{"rendered":"<p>Despu\u00e9s de la publicaci\u00f3n de la s\u00e9ptima edici\u00f3n de este libro, hubo varis novedades legislativas y reglamentarias de que debemos ocuparnos, como es el Auto Acordado Acta N\u00b0 13-2021 de fecha 22 de enero 2021, para remates judiciales de bienes inmuebles mediante el uso de videoconferencia. Asimismo, con fecha 11 de mayo de 2021, se public\u00f3 la Ley N\u00b0 21.331 sobre reconocimiento y protecci\u00f3n de los derechos de las personas en la atenci\u00f3n de salud mental. Su art\u00edculo 25 modifica el n\u00famero 10 de la Ley N\u00b0 20.584, que regula los derechos y deberes que tienen las personas en relaci\u00f3n con acciones vinculadas a su atenci\u00f3n en salud, disponiendo que todo ni\u00f1o, ni\u00f1a y adolescente, tiene derecho a recibir informaci\u00f3n sobre su enfermedad y la forma en que se realizar\u00e1 su tratamiento, adaptada a su edad, desarrollo mental y estado afectivo y psicol\u00f3gico. Por otro lado, la Ley N\u00b0 21.378 de octubre de 2021, establece monitoreo telem\u00e1tico en las Leyes N\u00b0 20.066 sobre violencia intrafamiliar y N\u00b0 19.968 sobre los tribunales de familia. El 6 de octubre de 2021 se public\u00f3 la Ley N\u00b0 21.271, adecuando el C\u00f3digo del Trabajo en materia de protecci\u00f3n de los ni\u00f1os, ni\u00f1as, y adolescentes en el mundo laboral. El 18 de noviembre de 2021 se public\u00f3 la Ley N\u00b0 21.389, que cre\u00f3 el Registro Nacional de Deudores de Pensiones de Alimentos y modific\u00f3 diversos cuerpos legales para perfeccionar el sistema de pago de las pensiones de alimentos y modific\u00f3 diversos cuerpos legales para perfeccionar el sistema de pago de las pensiones de alimentos. El 30 de noviembre de 2021 se public\u00f3 la Ley N\u00b021.394, que introdujo reformas al sistema de justicia para enfrentar la situaci\u00f3n luego del estado de excepci\u00f3n constitucional de cat\u00e1strofe por calamidad p\u00fablica. Su art\u00edculo 4\u00b0 introduce varias modificaciones a la Ley N\u00b0 19.958, que cre\u00f3 los Tribunales de Familia. El 11 de diciembre de 2021 se public\u00f3 en el Diario Oficial el Decreto Supremo N\u00b04, de 9 de noviembre de 2020, del Ministerio Secretar\u00eda General de la Presidencia, Reglamento de la Ley N\u00b0 21.180 sobre Transformaci\u00f3n Digital del Estado. La Ley N\u00b0 21.400 que modifica diversos cuerpos legales para regular en igualdad de condiciones el matrimonio entre personas del mismo sexo, se public\u00f3 en el Diario Oficial del 10 de diciembre de 2021, y entr\u00f3 a regir el 10 de marzo de 2022. T\u00cdTULO I DE LOS JUZGADOS DE FAMILIA Y SU ORGANIZACI\u00d3N P\u00c1RRAFO 1\u00ba: DE LOS JUZGADOS DE FAMILIA De la Jurisdicci\u00f3n b. Conformaci\u00f3n: Tribunales Unipersonales de Varios Jueces c. Conformaci\u00f3n de los Juzgados de Familia d. Funcionamiento de los Tribunales de Familia &#8211; Sala &#8211; Atenci\u00f3n de p\u00fablico y mediaci\u00f3n &#8211; Servicios &#8211; Administraci\u00f3n de causas &#8211; Cumplimiento e. Se Crean Nuevos Tribunales de Familia P\u00c1RRAFO 2\u00ba: DEL CONCEPTO T\u00c9CNICO (ARTS. 5\u00ba Y SIGUINTES) De las Funciones y Atribuciones del Consejo T\u00e9cnico b. Integraci\u00f3n del Consejo T\u00e9cnico c. Requisitos para Integrar el Consejo T\u00e9cnico T\u00cdTULO II DE LA COMPETENCIA DE LOS JUZGADOS DE FAMILIA (ART. 8\u00ba) T\u00cdTULO III DEL PROCEDIMIENTO LEGISLACI\u00d3N APLICABLE P\u00c1RRAFO 1\u00ba: DE LOS PRINCIPIOS DEL PROCEDIMIENTO Principio de la Oralidad b. Principio de la Publicidad c. Principio de la Concentraci\u00f3n d. Principio de la Inmediaci\u00f3n e. Actuaci\u00f3n de Oficio-Celeridad f. Principio de la Colaboraci\u00f3n o \u201cB\u00fasqueda de Soluciones Colaborativas\u201d entre las Partes g. Gratuidad de las Actuaciones h. Inter\u00e9s Superior del Ni\u00f1o, Ni\u00f1a o Adolescente i. Econom\u00eda Procesal i) Acumulaci\u00f3n necesaria (art. 17) ii) Representaci\u00f3n voluntaria (art. 18) P\u00c1RRAFO 2\u00ba: DE LAS \u201cREGLAS GENERALES\u201d (ARTS. 17 Y SIGUIENTES) De la Competencia A. Competencia amplia B. Acumulaci\u00f3n necesaria C. Extensi\u00f3n de la competencia territorial D. Amplia competencia para decretar medidas cautelares De las Medidas Cautelares A. Concepto B. Clases C. Forma de decretarlas D. Legislaci\u00f3n aplicable De la Comparecencia en Juicio (Art. 18) Suspensi\u00f3n del Procedimiento (Art. 20) De las Notificaciones (Art. 23) A. Notificaci\u00f3n personal B. Notificaci\u00f3n personal especial o subsidiaria C. Alguna otra forma que el juez estime id\u00f3nea D. Carta certificada E. Estado diario F. Notificaci\u00f3n por la polic\u00eda G. Notificaci\u00f3n electr\u00f3nica De los incidentes A. Incidentes promovidos durante el transcurso de una audiencia B. Los otros incidentes C. Nulidad procesal D. Abandono de procedimiento E. Revocaci\u00f3n de actos fraudulentos del alimentante P\u00c1RRAFO 3\u00ba: DE LA PRUEBA Disposiciones Generales Acerca de la Prueba A. Libertad de prueba B. Amplitud de prueba C. Facultad de oficio D. Convenciones probatorias (art 30) E. Examen de admisibilidad de la prueba F. Valoraci\u00f3n de la prueba a. Concepto de sana cr\u00edtica b. Prueba y sentencia De la Prueba Testimonial (Arts. 33 y Siguientes) A. De los testigos B. Deber de comparecer a declarar C. Debe de declarar D. Objeto de declaraci\u00f3n E. Forma de declaraci\u00f3n De la Prueba Pericial (Arts. 45 y Siguientes) A. Casos en que procede B. Fuente u origen de la prueba pericial C. Carga del perito de declarar D. Requisitos del informe E. Improcedencia de inhabilitaci\u00f3n de los peritos De la Declaraci\u00f3n de las Partes (Arts. 50 y Siguientes) A. Procedencia de la declaraci\u00f3n B. Clases de preguntas C. Preguntas rec\u00edprocas D. Sanci\u00f3n por no comparecencia Otros Medios de Prueba P\u00c1RRAFO 3\u00ba BIS: ADMISIBILIDAD Y ETAPA DE RECEPCI\u00d3N (ARTS. 54-1 Y 54-2) P\u00c1RRAFO 4\u00ba: DEL PROCEDIMIENTO ORDINARIO Aplicaci\u00f3n Del Inicio del Proceso A. Por medida prejudicial cautelar (art. 71) B. Por demanda Providencias a la Demanda A. Inadmisibilidad B. Improcedencia C. Admisibilidad De las Actitudes que puede Tomar el Demandado A. Rebeld\u00eda B. Reconvenci\u00f3n C. Contestar la demanda De la Audiencia Preparatoria A. Carga de comparecer B. Objeto de la audiencia preparatoria C. Forma de la audiencia D. Del t\u00e9rmino de la audiencia preparatoria De la Audiencia del Juicio A. Forma de la audiencia B. Objetivos de la audiencia C. Desarrollo de la audiencia Audiencias por videoconferencia A. Concepto B. Requisitos C. Procedimiento De la sentencia A. Oportunidad para dictarla B. Oportunidad para redactarla C. Contenido de la sentencia De los recursos A. De la reposici\u00f3n B. De la apelaci\u00f3n C. Del recurso de casaci\u00f3n en la forma D. Otros recursos, casaci\u00f3n<\/p>\n","protected":false},"featured_media":3118,"comment_status":"open","ping_status":"closed","template":"","meta":{"inline_featured_image":false,"_joinchat":[]},"product_brand":[],"product_cat":[57,29],"product_tag":[],"class_list":{"0":"post-3077","1":"product","2":"type-product","3":"status-publish","4":"has-post-thumbnail","6":"product_cat-editorial-juridica-de-chile","7":"product_cat-familia-y-del-menor","8":"product_shipping_class-a-convenir","10":"first","11":"instock","12":"shipping-taxable","13":"purchasable","14":"product-type-simple"},"_links":{"self":[{"href":"https:\/\/bibliotecajuridicavirtual.cl\/index.php\/wp-json\/wp\/v2\/product\/3077","targetHints":{"allow":["GET"]}}],"collection":[{"href":"https:\/\/bibliotecajuridicavirtual.cl\/index.php\/wp-json\/wp\/v2\/product"}],"about":[{"href":"https:\/\/bibliotecajuridicavirtual.cl\/index.php\/wp-json\/wp\/v2\/types\/product"}],"replies":[{"embeddable":true,"href":"https:\/\/bibliotecajuridicavirtual.cl\/index.php\/wp-json\/wp\/v2\/comments?post=3077"}],"wp:featuredmedia":[{"embeddable":true,"href":"https:\/\/bibliotecajuridicavirtual.cl\/index.php\/wp-json\/wp\/v2\/media\/3118"}],"wp:attachment":[{"href":"https:\/\/bibliotecajuridicavirtual.cl\/index.php\/wp-json\/wp\/v2\/media?parent=3077"}],"wp:term":[{"taxonomy":"product_brand","embeddable":true,"href":"https:\/\/bibliotecajuridicavirtual.cl\/index.php\/wp-json\/wp\/v2\/product_brand?post=3077"},{"taxonomy":"product_cat","embeddable":true,"href":"https:\/\/bibliotecajuridicavirtual.cl\/index.php\/wp-json\/wp\/v2\/product_cat?post=3077"},{"taxonomy":"product_tag","embeddable":true,"href":"https:\/\/bibliotecajuridicavirtual.cl\/index.php\/wp-json\/wp\/v2\/product_tag?post=3077"}],"curies":[{"name":"wp","href":"https:\/\/api.w.org\/{rel}","templated":true}]}}