{"id":3090,"date":"2026-02-28T01:09:08","date_gmt":"2026-02-28T04:09:08","guid":{"rendered":"https:\/\/bibliotecajuridicavirtual.cl\/?post_type=product&#038;p=3090"},"modified":"2026-02-28T01:09:33","modified_gmt":"2026-02-28T04:09:33","slug":"coleccion-derecho-comercial-xv-tomos-autor-ricardo-sandoval-lopez","status":"publish","type":"product","link":"https:\/\/bibliotecajuridicavirtual.cl\/index.php\/product\/coleccion-derecho-comercial-xv-tomos-autor-ricardo-sandoval-lopez\/","title":{"rendered":"Colecci\u00f3n Derecho Comercial &#8211;  XV Tomos. Autor Ricardo Sandoval L\u00f3pez"},"content":{"rendered":"<p>Colecci\u00f3n de Derecho Comercial, principales temas:<\/p>\n<p>Tomo I: Introducci\u00f3n al Derecho Comercial, Actos de Comercio, Noci\u00f3n General de Empresa Individual y Colectiva, Sociedades de Personas y de Capital<\/p>\n<p>Tomo II: Teor\u00eda General de los T\u00edtulos- Valores: Letra de Cambio, Pagar\u00e9, Cheque y T\u00edtulos Electr\u00f3nicos o Desincorporados<\/p>\n<p>Tomo III: Propiedad Industrial, Marcas, Nombres de Dominio, Patentes, Arbitraje Comercial Internacional<\/p>\n<p>Tomo IV: Derecho Comercial Internacional, Organismos Generadores de Normas, Compraventa Internacional de Mercader\u00edas, T\u00e9rminos Internacionales de Comercio (INCOTERMS), Principios de UNDROIT Sobre Contratos Comerciales Internacionales, Leasing y Factoring Internacionales, Transporte Internacional de Mercader\u00edas, Contrataci\u00f3n Electr\u00f3nica Internacional.<\/p>\n<p>Tomo V: Derecho del Consumidor Protecci\u00f3n del Consumidor en el Derecho Nacional y en la Legislaci\u00f3n Comparada<\/p>\n<p>Tomo VI: Derecho del Comercio Electr\u00f3nico, An\u00e1lisis de la Normativa Nacional Sobre la Materia, Derecho Comparado y Derecho Internacional del Comercio Electr\u00f3nico<\/p>\n<p>Tomo VII: Garant\u00edas Reales y Personales en el Derecho Mercantil Nacional y Comparado<\/p>\n<p>Tomo VIII: Derecho del Turismo, Normativa de Derecho Privado y P\u00fablico Nacional y Comparado Sobre la Actividad Tur\u00edstica, Contratos Tur\u00edsticos con Usuarios: Viaje Combinado, Alojamiento Tur\u00edstico o Tiempo Compartido; Contratos Tur\u00edsticos Interempresariales: Reserva de Plazas de Alojamiento en R\u00e9gimen de Cupo o Contingente, Colaboraci\u00f3n Empresarial Hotelera y Contratos Tur\u00edsticos por Comunicaciones Electr\u00f3nicas<\/p>\n<p>Tomo IX: Derecho de Seguros, An\u00e1lisis de la Normativa Nacional y Derecho Comparado<\/p>\n<p>Tomo X: Derecho de la Navegaci\u00f3n y del Comercio Mar\u00edtimos, Normativa Nacional de Derecho P\u00fablico y Privado Mercantil y de Derecho Comparado Sobre la Materia<\/p>\n<p>Tomo XI: Derecho Concursal, Reorganizaci\u00f3n y Liquidaci\u00f3n de Empresas y Personas<\/p>\n<p>Tomo XII: Contratos Mercantiles<\/p>\n<p>Tomo XIII: Derecho Bancario P\u00fablico, Derecho Bancario Privado, Banca Electr\u00f3nica y Derecho Comparado.<\/p>\n<p>Tomo XIV: Derecho Burs\u00e1til Mercantil, P\u00fablico y Privado, Operaciones Burs\u00e1tiles, Bolsa Electr\u00f3nica, Derecho Comparado<\/p>\n<p>Tomo XV: Derecho de Sociedades, Sociedades de Personas y Sociedades de Capital.<\/p>\n<p>&nbsp;<\/p>\n","protected":false},"excerpt":{"rendered":"<p>Colecci\u00f3n de Derecho Comercial, principales temas: Tomo I: Introducci\u00f3n al Derecho Comercial, Actos de Comercio, Noci\u00f3n General de Empresa Individual y Colectiva, Sociedades de Personas y de Capital Tomo II: Teor\u00eda General de los T\u00edtulos- Valores: Letra de Cambio, Pagar\u00e9, Cheque y T\u00edtulos Electr\u00f3nicos o Desincorporados Tomo III: Propiedad Industrial, Marcas, Nombres de Dominio, Patentes, Arbitraje Comercial Internacional Tomo IV: Derecho Comercial Internacional, Organismos Generadores de Normas, Compraventa Internacional de Mercader\u00edas, T\u00e9rminos Internacionales de Comercio (INCOTERMS), Principios de UNDROIT Sobre Contratos Comerciales Internacionales, Leasing y Factoring Internacionales, Transporte Internacional de Mercader\u00edas, Contrataci\u00f3n Electr\u00f3nica Internacional. Tomo V: Derecho del Consumidor Protecci\u00f3n del Consumidor en el Derecho Nacional y en la Legislaci\u00f3n Comparada Tomo VI: Derecho del Comercio Electr\u00f3nico, An\u00e1lisis de la Normativa Nacional Sobre la Materia, Derecho Comparado y Derecho Internacional del Comercio Electr\u00f3nico Tomo VII: Garant\u00edas Reales y Personales en el Derecho Mercantil Nacional y Comparado Tomo VIII: Derecho del Turismo, Normativa de Derecho Privado y P\u00fablico Nacional y Comparado Sobre la Actividad Tur\u00edstica, Contratos Tur\u00edsticos con Usuarios: Viaje Combinado, Alojamiento Tur\u00edstico o Tiempo Compartido; Contratos Tur\u00edsticos Interempresariales: Reserva de Plazas de Alojamiento en R\u00e9gimen de Cupo o Contingente, Colaboraci\u00f3n Empresarial Hotelera y Contratos Tur\u00edsticos por Comunicaciones Electr\u00f3nicas Tomo IX: Derecho de Seguros, An\u00e1lisis de la Normativa Nacional y Derecho Comparado Tomo X: Derecho de la Navegaci\u00f3n y del Comercio Mar\u00edtimos, Normativa Nacional de Derecho P\u00fablico y Privado Mercantil y de Derecho Comparado Sobre la Materia Tomo XI: Derecho Concursal, Reorganizaci\u00f3n y Liquidaci\u00f3n de Empresas y Personas Tomo XII: Contratos Mercantiles Tomo XIII: Derecho Bancario P\u00fablico, Derecho Bancario Privado, Banca Electr\u00f3nica y Derecho Comparado. Tomo XIV: Derecho Burs\u00e1til Mercantil, P\u00fablico y Privado, Operaciones Burs\u00e1tiles, Bolsa Electr\u00f3nica, Derecho Comparado Tomo XV: Derecho de Sociedades, Sociedades de Personas y Sociedades de Capital. &nbsp;<\/p>\n","protected":false},"featured_media":3138,"comment_status":"open","ping_status":"closed","template":"","meta":{"inline_featured_image":false,"_joinchat":[]},"product_brand":[],"product_cat":[48,57],"product_tag":[],"class_list":{"0":"post-3090","1":"product","2":"type-product","3":"status-publish","4":"has-post-thumbnail","6":"product_cat-comercial","7":"product_cat-editorial-juridica-de-chile","8":"product_shipping_class-a-convenir","10":"first","11":"instock","12":"shipping-taxable","13":"purchasable","14":"product-type-simple"},"_links":{"self":[{"href":"https:\/\/bibliotecajuridicavirtual.cl\/index.php\/wp-json\/wp\/v2\/product\/3090","targetHints":{"allow":["GET"]}}],"collection":[{"href":"https:\/\/bibliotecajuridicavirtual.cl\/index.php\/wp-json\/wp\/v2\/product"}],"about":[{"href":"https:\/\/bibliotecajuridicavirtual.cl\/index.php\/wp-json\/wp\/v2\/types\/product"}],"replies":[{"embeddable":true,"href":"https:\/\/bibliotecajuridicavirtual.cl\/index.php\/wp-json\/wp\/v2\/comments?post=3090"}],"wp:featuredmedia":[{"embeddable":true,"href":"https:\/\/bibliotecajuridicavirtual.cl\/index.php\/wp-json\/wp\/v2\/media\/3138"}],"wp:attachment":[{"href":"https:\/\/bibliotecajuridicavirtual.cl\/index.php\/wp-json\/wp\/v2\/media?parent=3090"}],"wp:term":[{"taxonomy":"product_brand","embeddable":true,"href":"https:\/\/bibliotecajuridicavirtual.cl\/index.php\/wp-json\/wp\/v2\/product_brand?post=3090"},{"taxonomy":"product_cat","embeddable":true,"href":"https:\/\/bibliotecajuridicavirtual.cl\/index.php\/wp-json\/wp\/v2\/product_cat?post=3090"},{"taxonomy":"product_tag","embeddable":true,"href":"https:\/\/bibliotecajuridicavirtual.cl\/index.php\/wp-json\/wp\/v2\/product_tag?post=3090"}],"curies":[{"name":"wp","href":"https:\/\/api.w.org\/{rel}","templated":true}]}}