{"id":3091,"date":"2026-02-28T01:09:08","date_gmt":"2026-02-28T04:09:08","guid":{"rendered":"https:\/\/bibliotecajuridicavirtual.cl\/?post_type=product&#038;p=3091"},"modified":"2026-02-28T01:09:35","modified_gmt":"2026-02-28T04:09:35","slug":"derecho-concursal-el-acuerdo-de-reorganizacion-4ta-edicion-ano-septiembre-2014-500-pag-autor-juan-esteban-puga-vial","status":"publish","type":"product","link":"https:\/\/bibliotecajuridicavirtual.cl\/index.php\/product\/derecho-concursal-el-acuerdo-de-reorganizacion-4ta-edicion-ano-septiembre-2014-500-pag-autor-juan-esteban-puga-vial\/","title":{"rendered":"Derecho Concursal &#8211; El Acuerdo de Reorganizaci\u00f3n &#8211; 4ta Edicion. A\u00f1o Septiembre 2014\/ 500 P\u00e1g. Autor  Juan Esteban Puga Vial"},"content":{"rendered":"<p>Esta cuarta edici\u00f3n que como la tercera es de verdad un nuevo libro edificado sobre el andamiaje de los anteriores pero inspirado por la Ley N\u00ba 20.720 trae profundos cambios al sistema que conoc\u00edamos bajo la Ley N\u00ba 18.175.<\/p>\n<p>El Texto se divide como siempre en cuatro partes, pero se cambia la cuarta anteriormente enfocada\u00a0\u00a0en la cesi\u00f3n de bienes \u2013que el nuevo texto no contempla- por la de procedimientos de renegociaci\u00f3n de deudores \u201cConsumidores\u201d, que el texto legal denomina \u201cperdonas deudoras\u201d para diferenciarlos de las \u201cempresas deudoras\u201d.<\/p>\n<p>La primera se aboca al estudio de los principios generales en materia de convenios o acuerdos de reorganizaci\u00f3n \u2013denominaci\u00f3n \u00e9sta tomada de la Ley N\u00ba 1.116 de Colombia- y a una breve mirada hist\u00f3rica sobre estos institutos. Los principios generales, no obstante las innovaciones de la Ley N\u00ba 20.720, no sufren alteraciones significativas respecto de \u00e9stos desarrollados en ediciones anteriores.<\/p>\n<p>La segunda entre de lleno en el an\u00e1lisis del instituto del acuerdo de reorganizaci\u00f3n para empresas deudoras, donde la nueva legislaci\u00f3n trae interesantes y sustantivas novedades \u2013como la protecci\u00f3n financiera concursal y los convenios por categor\u00edas de acreedores-, aunque manteniendo la estructura del r\u00e9gimen anterior. En esta parte se analiza el instrumento de nominado acuerdo de reorganizaci\u00f3n extrajudicial o simplificado que siguiendo las tendencias m\u00e1s modernas, acent\u00faa la importancia de arribar a acuerdos por mayor\u00edas antes de la etapa judicial, para as\u00ed acortar el per\u00edodo de tramitaci\u00f3n que causa de suyo un da\u00f1o a las compa\u00f1\u00edas eventualmente viables.<\/p>\n<p>En la tercera parte el texto conserva su estudio de los convenios extrajudiciales\u00a0<em>stricto sensu<\/em>, eso es, contratos o convenciones sujetas a las reglas del derecho com\u00fan porque su utilidad es innegable y como deja dicho el autor en otras latitudes ha tomado renovado impulso dadas las ventajas que representa ante su pariente el acuerdo judicial, sea el com\u00fan o el simplificado.<\/p>\n<p>Finalmente en la cuarta parte que otrora conten\u00eda un detenido estudio de la cesi\u00f3n de bienes, el autor hace una suerte de an\u00e1lisis breve pero muy ilustrado, sobre los sistemas convencionales de abordar la insolvencia de los consumidores, esto es, de personas naturales que no desarrollan por cuenta propia ninguna actividad de producci\u00f3n o provisi\u00f3n de bienes o servicios. Esto es todo novedad, porque en Chile no exist\u00eda nada parecido. El nuevo r\u00e9gimen, confiado casi en su totalidad \u2013con la excepci\u00f3n de las acciones de impugnaci\u00f3n de los acuerdos de renegociaci\u00f3n u ejecuci\u00f3n-, queda en manos de la Superintendencia de Insolvencia y Reemprendimiento, asignaci\u00f3n muy debatida pero apoyada por el autor. Seguramente \u00e9ste ser\u00e1 el procedimiento concursal de mayor uso pues por regla general as\u00ed ha sido en el derecho comparado.<\/p>\n<p>El texto mantiene e incrementa la riqueza en fuentes a que nos tiene acostumbrados el autor que sirven para ilustrar de forma m\u00e1s amena e inteligible todos los textos dif\u00edciles de la nueva ley. Un texto de verdad indispensable para jueces, abogados y estudiantes de derecho.<\/p>\n<p><strong>PRIMERA PARTE<\/strong><br \/>\n<strong>PRINCIPIOS GENERALES<\/strong><\/p>\n<p><strong>I. SOBRE LA NATURALEZA JUR\u00cdDICA DE LOS ACUERDOS DE REORGANIZACI\u00d3N JURICIALES<\/strong><br \/>\n1. El Acuerdo es un Contrato<br \/>\n2. El Acuerdo de Reorganizaci\u00f3n Judicial es un Contrato de Transacci\u00f3n<br \/>\n3. Los Acuerdos de Reorganizaci\u00f3n son Contratos Colectivos<br \/>\n4. Unidad Jur\u00eddica del Acuerdo de Reorganizaci\u00f3n<br \/>\n5. \u00bfEl Acuerdo de Reorganizaci\u00f3n es Contrato o Convenci\u00f3n?<br \/>\n6. Caracter\u00edsticas de los Acuerdos de Reorganizaci\u00f3n Judicial y del Simplificado<br \/>\n7. Interpretaci\u00f3n e Integraci\u00f3n Jur\u00eddica de los Acuerdos de Reorganizaci\u00f3n<br \/>\n8. Definici\u00f3n de Convenio o Acuerdo de Reorganizaci\u00f3n Judicial<br \/>\n9. De la Causa de los Acuerdos de Reorganizaci\u00f3n<br \/>\n10. Del Objeto de los Acuerdos de Reorganizaci\u00f3n<\/p>\n<p><strong>II. NOTICIA HIST\u00d3RICA SOBRE LOS CONVENIOS O ACUERDOS DE REORGANIZACI\u00d3N<\/strong><\/p>\n<p><strong>III. SISTEMAS PREVENTIVOS DE LIQUIDACI\u00d3N CONCURSAL EN EL DERECHO COMPARADO<\/strong><br \/>\nGENERALIDADES<br \/>\n1. Sistema Argentino<br \/>\n2. Sistema Espa\u00f1ol<br \/>\n3. Sistema Franc\u00e9s<br \/>\n4. Sistema Boliviano<br \/>\n5. Sistema Italiano<br \/>\n6. Sistema Peruano<br \/>\n7. Sistema Ingl\u00e9s<br \/>\n8. Sistema Colombiano<br \/>\n9. Sistemas Preventivos en el Derecho Estadounidense<br \/>\n10. Sistema Preventivo en el Derecho Alem\u00e1n<\/p>\n<p><strong>SEGUNDA PARTE<\/strong><br \/>\n<strong>DEL CONVENIO O ACUERDO DE REORGANIZACI\u00d3N JUDICIAL<\/strong><\/p>\n<p><strong>I. UNIDAD DOGM\u00c1TICA DEL ACUERDO DE REORGANIZACI\u00d3N<\/strong><\/p>\n<p><strong>II. DE LA FORMACI\u00d3N DEL ACUERDO DE REORGANIZACI\u00d3N<\/strong><br \/>\nA. DE LA PROPUESTA DE ACUERDO DE REORGANIZACI\u00d3N<br \/>\n1. Naturaleza jur\u00eddica<br \/>\n2. Tribunal Competente<br \/>\n3. Iniciativa de las Proposiciones<br \/>\n4. Oportunidades de las Propuestas<br \/>\n5. Capacidad, Dignidad y Poderes para Proponer Acuerdos de Reorganizaci\u00f3n<br \/>\n6. De la Solicitud de Procedimiento Concursal de Reorganizaci\u00f3n<br \/>\n7. De la Resoluci\u00f3n de Reorganizaci\u00f3n<br \/>\n8. Contenidos de las Propuestas de Acuerdo de Reorganizaci\u00f3n<br \/>\n9. Desistimiento de las Propuestas<br \/>\n10. Efectos de la Presentaci\u00f3n de las Propuestas<br \/>\n11. Tramitaci\u00f3n de las Proposiciones de Acuerdo de Reorganizaci\u00f3n<br \/>\nB. DE LA VOTACI\u00d3N DEL PLAN DE REORGANIZACI\u00d3N<br \/>\n1. Naturaleza Jur\u00eddica de la Junta y el Voto por Adhesi\u00f3n<br \/>\n2. Lugar de Celebraci\u00f3n<br \/>\n3. Fecha de Celebraci\u00f3n<br \/>\n4. Presidencia de la Junta y Ministro de Fe<br \/>\n5. Comparecencia y Poderes<br \/>\n6. Qui\u00e9nes Pueden Asistir a la Junta<br \/>\n7.Suspensi\u00f3n de la Junta<br \/>\n8. Modificaci\u00f3n de las Proposiciones<br \/>\n9. Qui\u00e9nes Tienen Derecho o Votar<br \/>\n10. Del Proceso y C\u00f3mputo de la Votaci\u00f3n<br \/>\n11. El Consentimiento del Deudor<br \/>\n12. Del Resultado de la Votaci\u00f3n. Consecuencias del Acuerdo o Rechazo de la Votaci\u00f3n<br \/>\nC. DE LA APROBACI\u00d3N DEL ACUERDO DE REORGACIZACI\u00d3N<br \/>\n1. Generalidades<br \/>\n2. De la Impugnaci\u00f3n del Convenio<br \/>\n3. Del Acuerdo de Reorganizaci\u00f3n Extrajudicial o Simplificado<br \/>\nFormalidades y Procedimiento<br \/>\n4. De la Aprobaci\u00f3n y Vigencia del Acuerdo de Reorganizaci\u00f3n Judicial<\/p>\n<p><strong>III. DE LOS EFECTOS DEL ACUERDO DE REORGANIZACI\u00d3N<\/strong><br \/>\n1. Generalidades<br \/>\n2. Efectos Procesales del Acuerdo de Reorganizaci\u00f3n<br \/>\n3. Efectos Sustantivos del Acuerdo de Reorganizaci\u00f3n<br \/>\n4. Modificaci\u00f3n del Acuerdo de Reorganizaci\u00f3n<\/p>\n<p><strong>IV. DE LA INEFICACIA DEL ACUERDO DEL REORGANIZACI\u00d3N<\/strong><br \/>\n1. Generalidades y de la Inexistencia Jur\u00eddica del Acuerdo de Reorganizaci\u00f3n<br \/>\n2. De la Nulidad del Acuerdo de Reorganizaci\u00f3n Judicial<br \/>\n3. De la Declaraci\u00f3n de Incumplimiento del Acuerdo de Reorganizaci\u00f3n<br \/>\n4. La Resoluci\u00f3n de Liquidaci\u00f3n Como Determinaci\u00f3n de un Acuerdo de Reorganizaci\u00f3n<\/p>\n<p><strong>V. DERECHO INTERNACIONAL PRIVADO EN MATERIA DE ACUERDOS DE REORGANIZACI\u00d3N O CONVENIOS DE ACREEDORES<\/strong><br \/>\n1. Generalidades<br \/>\n2. Vista a la Regulaci\u00f3n Internacional de la Declaraci\u00f3n de Quiebra o Resoluci\u00f3n de Liquidaci\u00f3n<br \/>\n3. Vista a la Regulaci\u00f3n Internacional del Convenio de Acreedores o Acuerdo de Reorganizaci\u00f3n<\/p>\n<p><strong>TERCERA PARTE<\/strong><br \/>\n<strong>DEL CONVENIO EXTRAJUDICIAL<br \/>\n<\/strong><br \/>\n1. GENERALIDADES<br \/>\n2. REQUISITOS DEL CONVENIO ESTRAJUDICIAL<br \/>\n3. EFECTOS DEL CONVENIO EXTRAJUDICIAL<\/p>\n<p><strong>CUARTA PARTE<\/strong><br \/>\n<strong>SISTEMAS DE SOLUCI\u00d3N CONVENCIONAL DE INSOLVENCIAS DE CONSUMIDORES O PERSONAS DEUDORAS<\/strong><br \/>\n<strong>EL ACUERDO DE RENEGOCIACI\u00d3N Y EL ACUERDO DE EJECUCI\u00d3N<br \/>\n<\/strong><br \/>\n1. Generalidades<br \/>\n2. Requisitos de Fondo para el Ejercicio del Derecho a Solicitar la Apertura de un Procedimiento Concursal de Renegociaci\u00f3n<br \/>\n3. Procedimiento para Aprobar un Acuerdo de Reorganizaci\u00f3n<br \/>\n4. Procedimiento para Aprobar un Acuerdo de Ejecuci\u00f3n<br \/>\n5. T\u00e9rmino Anticipado del Procedimiento de Renegociaci\u00f3n<br \/>\n6. T\u00e9rmino Natural del Procedimiento Concursal de Renegociaci\u00f3n. De la Resoluci\u00f3n de Finalizaci\u00f3n.<\/p>\n","protected":false},"excerpt":{"rendered":"<p>Esta cuarta edici\u00f3n que como la tercera es de verdad un nuevo libro edificado sobre el andamiaje de los anteriores pero inspirado por la Ley N\u00ba 20.720 trae profundos cambios al sistema que conoc\u00edamos bajo la Ley N\u00ba 18.175. El Texto se divide como siempre en cuatro partes, pero se cambia la cuarta anteriormente enfocada\u00a0\u00a0en la cesi\u00f3n de bienes \u2013que el nuevo texto no contempla- por la de procedimientos de renegociaci\u00f3n de deudores \u201cConsumidores\u201d, que el texto legal denomina \u201cperdonas deudoras\u201d para diferenciarlos de las \u201cempresas deudoras\u201d. La primera se aboca al estudio de los principios generales en materia de convenios o acuerdos de reorganizaci\u00f3n \u2013denominaci\u00f3n \u00e9sta tomada de la Ley N\u00ba 1.116 de Colombia- y a una breve mirada hist\u00f3rica sobre estos institutos. Los principios generales, no obstante las innovaciones de la Ley N\u00ba 20.720, no sufren alteraciones significativas respecto de \u00e9stos desarrollados en ediciones anteriores. La segunda entre de lleno en el an\u00e1lisis del instituto del acuerdo de reorganizaci\u00f3n para empresas deudoras, donde la nueva legislaci\u00f3n trae interesantes y sustantivas novedades \u2013como la protecci\u00f3n financiera concursal y los convenios por categor\u00edas de acreedores-, aunque manteniendo la estructura del r\u00e9gimen anterior. En esta parte se analiza el instrumento de nominado acuerdo de reorganizaci\u00f3n extrajudicial o simplificado que siguiendo las tendencias m\u00e1s modernas, acent\u00faa la importancia de arribar a acuerdos por mayor\u00edas antes de la etapa judicial, para as\u00ed acortar el per\u00edodo de tramitaci\u00f3n que causa de suyo un da\u00f1o a las compa\u00f1\u00edas eventualmente viables. En la tercera parte el texto conserva su estudio de los convenios extrajudiciales\u00a0stricto sensu, eso es, contratos o convenciones sujetas a las reglas del derecho com\u00fan porque su utilidad es innegable y como deja dicho el autor en otras latitudes ha tomado renovado impulso dadas las ventajas que representa ante su pariente el acuerdo judicial, sea el com\u00fan o el simplificado. Finalmente en la cuarta parte que otrora conten\u00eda un detenido estudio de la cesi\u00f3n de bienes, el autor hace una suerte de an\u00e1lisis breve pero muy ilustrado, sobre los sistemas convencionales de abordar la insolvencia de los consumidores, esto es, de personas naturales que no desarrollan por cuenta propia ninguna actividad de producci\u00f3n o provisi\u00f3n de bienes o servicios. Esto es todo novedad, porque en Chile no exist\u00eda nada parecido. El nuevo r\u00e9gimen, confiado casi en su totalidad \u2013con la excepci\u00f3n de las acciones de impugnaci\u00f3n de los acuerdos de renegociaci\u00f3n u ejecuci\u00f3n-, queda en manos de la Superintendencia de Insolvencia y Reemprendimiento, asignaci\u00f3n muy debatida pero apoyada por el autor. Seguramente \u00e9ste ser\u00e1 el procedimiento concursal de mayor uso pues por regla general as\u00ed ha sido en el derecho comparado. El texto mantiene e incrementa la riqueza en fuentes a que nos tiene acostumbrados el autor que sirven para ilustrar de forma m\u00e1s amena e inteligible todos los textos dif\u00edciles de la nueva ley. Un texto de verdad indispensable para jueces, abogados y estudiantes de derecho. PRIMERA PARTE PRINCIPIOS GENERALES I. SOBRE LA NATURALEZA JUR\u00cdDICA DE LOS ACUERDOS DE REORGANIZACI\u00d3N JURICIALES 1. El Acuerdo es un Contrato 2. El Acuerdo de Reorganizaci\u00f3n Judicial es un Contrato de Transacci\u00f3n 3. Los Acuerdos de Reorganizaci\u00f3n son Contratos Colectivos 4. Unidad Jur\u00eddica del Acuerdo de Reorganizaci\u00f3n 5. \u00bfEl Acuerdo de Reorganizaci\u00f3n es Contrato o Convenci\u00f3n? 6. Caracter\u00edsticas de los Acuerdos de Reorganizaci\u00f3n Judicial y del Simplificado 7. Interpretaci\u00f3n e Integraci\u00f3n Jur\u00eddica de los Acuerdos de Reorganizaci\u00f3n 8. Definici\u00f3n de Convenio o Acuerdo de Reorganizaci\u00f3n Judicial 9. De la Causa de los Acuerdos de Reorganizaci\u00f3n 10. Del Objeto de los Acuerdos de Reorganizaci\u00f3n II. NOTICIA HIST\u00d3RICA SOBRE LOS CONVENIOS O ACUERDOS DE REORGANIZACI\u00d3N III. SISTEMAS PREVENTIVOS DE LIQUIDACI\u00d3N CONCURSAL EN EL DERECHO COMPARADO GENERALIDADES 1. Sistema Argentino 2. Sistema Espa\u00f1ol 3. Sistema Franc\u00e9s 4. Sistema Boliviano 5. Sistema Italiano 6. Sistema Peruano 7. Sistema Ingl\u00e9s 8. Sistema Colombiano 9. Sistemas Preventivos en el Derecho Estadounidense 10. Sistema Preventivo en el Derecho Alem\u00e1n SEGUNDA PARTE DEL CONVENIO O ACUERDO DE REORGANIZACI\u00d3N JUDICIAL I. UNIDAD DOGM\u00c1TICA DEL ACUERDO DE REORGANIZACI\u00d3N II. DE LA FORMACI\u00d3N DEL ACUERDO DE REORGANIZACI\u00d3N A. DE LA PROPUESTA DE ACUERDO DE REORGANIZACI\u00d3N 1. Naturaleza jur\u00eddica 2. Tribunal Competente 3. Iniciativa de las Proposiciones 4. Oportunidades de las Propuestas 5. Capacidad, Dignidad y Poderes para Proponer Acuerdos de Reorganizaci\u00f3n 6. De la Solicitud de Procedimiento Concursal de Reorganizaci\u00f3n 7. De la Resoluci\u00f3n de Reorganizaci\u00f3n 8. Contenidos de las Propuestas de Acuerdo de Reorganizaci\u00f3n 9. Desistimiento de las Propuestas 10. Efectos de la Presentaci\u00f3n de las Propuestas 11. Tramitaci\u00f3n de las Proposiciones de Acuerdo de Reorganizaci\u00f3n B. DE LA VOTACI\u00d3N DEL PLAN DE REORGANIZACI\u00d3N 1. Naturaleza Jur\u00eddica de la Junta y el Voto por Adhesi\u00f3n 2. Lugar de Celebraci\u00f3n 3. Fecha de Celebraci\u00f3n 4. Presidencia de la Junta y Ministro de Fe 5. Comparecencia y Poderes 6. Qui\u00e9nes Pueden Asistir a la Junta 7.Suspensi\u00f3n de la Junta 8. Modificaci\u00f3n de las Proposiciones 9. Qui\u00e9nes Tienen Derecho o Votar 10. Del Proceso y C\u00f3mputo de la Votaci\u00f3n 11. El Consentimiento del Deudor 12. Del Resultado de la Votaci\u00f3n. Consecuencias del Acuerdo o Rechazo de la Votaci\u00f3n C. DE LA APROBACI\u00d3N DEL ACUERDO DE REORGACIZACI\u00d3N 1. Generalidades 2. De la Impugnaci\u00f3n del Convenio 3. Del Acuerdo de Reorganizaci\u00f3n Extrajudicial o Simplificado Formalidades y Procedimiento 4. De la Aprobaci\u00f3n y Vigencia del Acuerdo de Reorganizaci\u00f3n Judicial III. DE LOS EFECTOS DEL ACUERDO DE REORGANIZACI\u00d3N 1. Generalidades 2. Efectos Procesales del Acuerdo de Reorganizaci\u00f3n 3. Efectos Sustantivos del Acuerdo de Reorganizaci\u00f3n 4. Modificaci\u00f3n del Acuerdo de Reorganizaci\u00f3n IV. DE LA INEFICACIA DEL ACUERDO DEL REORGANIZACI\u00d3N 1. Generalidades y de la Inexistencia Jur\u00eddica del Acuerdo de Reorganizaci\u00f3n 2. De la Nulidad del Acuerdo de Reorganizaci\u00f3n Judicial 3. De la Declaraci\u00f3n de Incumplimiento del Acuerdo de Reorganizaci\u00f3n 4. La Resoluci\u00f3n de Liquidaci\u00f3n Como Determinaci\u00f3n de un Acuerdo de Reorganizaci\u00f3n V. DERECHO INTERNACIONAL PRIVADO EN MATERIA DE ACUERDOS DE REORGANIZACI\u00d3N O CONVENIOS DE ACREEDORES 1. Generalidades 2. Vista a la Regulaci\u00f3n Internacional de la Declaraci\u00f3n de Quiebra o Resoluci\u00f3n de Liquidaci\u00f3n 3. Vista a la Regulaci\u00f3n Internacional del Convenio de Acreedores o Acuerdo<\/p>\n","protected":false},"featured_media":3139,"comment_status":"open","ping_status":"closed","template":"","meta":{"inline_featured_image":false,"_joinchat":[]},"product_brand":[],"product_cat":[26,57],"product_tag":[],"class_list":{"0":"post-3091","1":"product","2":"type-product","3":"status-publish","4":"has-post-thumbnail","6":"product_cat-derecho","7":"product_cat-editorial-juridica-de-chile","8":"product_shipping_class-a-convenir","10":"first","11":"instock","12":"shipping-taxable","13":"purchasable","14":"product-type-simple"},"_links":{"self":[{"href":"https:\/\/bibliotecajuridicavirtual.cl\/index.php\/wp-json\/wp\/v2\/product\/3091","targetHints":{"allow":["GET"]}}],"collection":[{"href":"https:\/\/bibliotecajuridicavirtual.cl\/index.php\/wp-json\/wp\/v2\/product"}],"about":[{"href":"https:\/\/bibliotecajuridicavirtual.cl\/index.php\/wp-json\/wp\/v2\/types\/product"}],"replies":[{"embeddable":true,"href":"https:\/\/bibliotecajuridicavirtual.cl\/index.php\/wp-json\/wp\/v2\/comments?post=3091"}],"wp:featuredmedia":[{"embeddable":true,"href":"https:\/\/bibliotecajuridicavirtual.cl\/index.php\/wp-json\/wp\/v2\/media\/3139"}],"wp:attachment":[{"href":"https:\/\/bibliotecajuridicavirtual.cl\/index.php\/wp-json\/wp\/v2\/media?parent=3091"}],"wp:term":[{"taxonomy":"product_brand","embeddable":true,"href":"https:\/\/bibliotecajuridicavirtual.cl\/index.php\/wp-json\/wp\/v2\/product_brand?post=3091"},{"taxonomy":"product_cat","embeddable":true,"href":"https:\/\/bibliotecajuridicavirtual.cl\/index.php\/wp-json\/wp\/v2\/product_cat?post=3091"},{"taxonomy":"product_tag","embeddable":true,"href":"https:\/\/bibliotecajuridicavirtual.cl\/index.php\/wp-json\/wp\/v2\/product_tag?post=3091"}],"curies":[{"name":"wp","href":"https:\/\/api.w.org\/{rel}","templated":true}]}}