{"id":3092,"date":"2026-02-28T01:09:08","date_gmt":"2026-02-28T04:09:08","guid":{"rendered":"https:\/\/bibliotecajuridicavirtual.cl\/?post_type=product&#038;p=3092"},"modified":"2026-02-28T01:09:36","modified_gmt":"2026-02-28T04:09:36","slug":"derecho-concursal-del-procedimiento-concursal-de-liquidacion-ley-20-720-ano-septiembre-2014-694-pag-autor-juan-esteban-puga-vial","status":"publish","type":"product","link":"https:\/\/bibliotecajuridicavirtual.cl\/index.php\/product\/derecho-concursal-del-procedimiento-concursal-de-liquidacion-ley-20-720-ano-septiembre-2014-694-pag-autor-juan-esteban-puga-vial\/","title":{"rendered":"Derecho Concursal &#8211; Del Procedimiento Concursal de Liquidaci\u00f3n Ley 20.720. A\u00f1o  Septiembre 2014\/694 P\u00e1g. Autor Juan Esteban Puga Vial"},"content":{"rendered":"<p>Esta cuarta edici\u00f3n que como la tercera es de verdad un nuevo libro edificado sobre el andamiaje de los anteriores pero inspirado por la Ley 20.720, trae profundos cambios al sistema que conoc\u00edamos bajo la Ley 18.175. El texto est\u00e1 dividido ahora en cuatro partes. La primera se aboca al an\u00e1lisis de la cesaci\u00f3n de pagos, eje din\u00e1mico y estructural de todo el derecho concursal. Si bien este es uno de los cap\u00edtulos m\u00e1s interesantes de la obra, pues desmitifica muchos lugares comunes sobre este fen\u00f3meno, el nuevo texto trae tambi\u00e9n serias cr\u00edticas a las graves inconstancias del nuevo texto legal sobre este particular, en especial por la ligereza con que se tratan las causales de concurso de liquidaci\u00f3n, pasando por encima de una tradici\u00f3n centenaria que las tuvo siempre por medios de prueba del fen\u00f3meno de la insolvencia y no como causas propiamente tales de la ejecuci\u00f3n colectiva, defecto que ha de tener consecuencias pr\u00e1cticas grav\u00edsimas.<\/p>\n<p>En la segunda parte, el autor mantiene el car\u00e1cter eminentemente procesal del Procedimiento Concursal de Liquidaci\u00f3n, pero hace notar el cambio estructural en el sentido de que elimina el contradictorio postergado que constitu\u00eda el mal llamado recurso especial de reposici\u00f3n; cambio inspirado por la\u00a0<em>Insolvenzordnung<\/em>\u00a0alemana de 1994 y la Ley de Concurso espa\u00f1ola del a\u00f1o 2003, pero en Chile con elementos locales que sin duda desorientan la actividad de la judicatura y pueden llegar a desnaturalizar el instituto de ser un remedio contra la insolvencia a un mero medio de cobranza individual.<\/p>\n<p>Esto incide tambi\u00e9n en las modificaciones que el texto experimenta en su tercera parte, ya que la nueva estructura procesal de esta ejecuci\u00f3n colectiva concursal que es el Procedimiento Concursal de Liquidaci\u00f3n sufre una profunda transformaci\u00f3n, pues el procedimiento deja de ser equivalente colectivo y universal a la ejecuci\u00f3n civil individual, para transformarse en un h\u00edbrido con elementos propios del proceso declarativo y otros del proceso de ejecuci\u00f3n. Estas modificaciones son, sin duda, lo m\u00e1s novedoso de la ley junto con el nuevo r\u00e9gimen concursal para consumidores que la ley denomina personas deudoras.<\/p>\n<p>En la cuarta parte del texto el autor hace un an\u00e1lisis de los procedimientos concursales para personas naturales que no son productores o proveedores de bienes o servicios por cuenta propia, a saber, de lo que en el derecho comparado se denominan procedimientos concursales para consumidores o asalariados. En esto, pese a cr\u00edticas menores, el autor se muestra entusiasta, porque viene a salvar un vac\u00edo no menor en nuestro pa\u00eds.<\/p>\n<p>El texto mantiene la riqueza en fuentes a que nos tiene acostumbrados el autor que sirven para ilustrar de forma m\u00e1s amena e inteligible todos los textos dif\u00edciles de la nueva ley. Un texto de verdad indispensable para jueces, abogados y estudiantes de derecho.<\/p>\n<p><strong>PRIMERA PARTE<\/strong><br \/>\n<strong>PRINCIPIOS GENERALES DE DERECHO CONCURSAL<\/strong><\/p>\n<p><strong>I. A. LOCALIZACI\u00d3N DE LAS NOMAS DE LA NUEVA LEY DENTRO DEL ORDENAMIENTO JUR\u00cdDICO<\/strong><\/p>\n<p>I. B. TEOR\u00cdAS SOBRE LA FUNCI\u00d3N DE LOS PROCESOS CONCURSALES<\/p>\n<p><strong>II. EL CR\u00c9DIO Y SU IMPORTANCIA<\/strong><\/p>\n<p><strong>III. DE LA CAUSA MATERIAL DEL DERECHO CONCURSAL O DE LA INSOLVENCIA O CESACI\u00d3N DE PAGOS<\/strong><br \/>\n1. Generalidades<br \/>\n2. La Cesaci\u00f3n de Pagos y el Bien Jur\u00eddicamente Tutelado<br \/>\n3. Teor\u00edas Acerca de la Cesaci\u00f3n de Pagos<br \/>\n4. Definici\u00f3n de Casaci\u00f3n de Pagos<br \/>\n5. Caracter\u00edsticas de la Cesaci\u00f3n de Pagos<br \/>\n6. Prueba de la Cesaci\u00f3n de Pagos<br \/>\n7. La Cesaci\u00f3n de Pagos y el Incumplimiento de una Obligaci\u00f3n<br \/>\n8. La Cesaci\u00f3n de Pagos en la Legislaci\u00f3n Chilena<\/p>\n<p><strong>IV. LAS TUTELAS DEL DERECHO ANTE LA CESACI\u00d3N DE PAGOS<\/strong><br \/>\n1. Generalidades<br \/>\n2. Tutelas Colectivas y Concursos<\/p>\n<p><strong>V. NOTICIA SOBRE LA HISTORIA DEL DERECHO CONCURSAL<\/strong><br \/>\na). Derecho Concursal Romano<br \/>\nb). Derecho Concursal Medieval<br \/>\nc). Derecho Concursal en la Baja Edad Media. Las Rep\u00fablicas Italianas. Las Siete Partidas<br \/>\nd). El Derecho Concursal en el Derecho Franc\u00e9s<br \/>\ne). El Derecho Concursal en Espa\u00f1a<br \/>\nf). El Derecho Concursal en Chile en Materia de Ejecuciones Colectivas o Liquidaci\u00f3n<\/p>\n<p><strong>SEGUNDA PARTE<\/strong><br \/>\n<strong>DEL PROCEDIMIENTO CONCURSAL DE LIQUIDACI\u00d3N<\/strong><\/p>\n<p><strong>I. NATURALEZA JUR\u00cdDICA DE LA LIQUIDACI\u00d3N CONCURSAL<\/strong><br \/>\n1. Teor\u00edas que Explican la Naturaleza Jur\u00eddica del Juicio de Quiebra (Hoy Procedimiento Concursal de Liquidaci\u00f3n)<\/p>\n<p><strong>II. CARACTER\u00cdSTICAS DEL PROCEDIMIENTO CONCURSAL DE LIQUIDACI\u00d3N<\/strong><br \/>\na) El Procedimiento Concursal de Liquidaci\u00f3n es un Proceso Judicial<br \/>\nb) El Procedimiento Concursal de Liquidaci\u00f3n es un Proceso de Orden Contencioso<br \/>\nc) El Procedimiento Concursal de Liquidaci\u00f3n es un Proceso Civil<br \/>\nd) El Procedimiento Concursal de Liquidaci\u00f3n es un Proceso Ejecutivo<br \/>\ne) Es un Procedimiento Ejecutivo Extraordinario y no Especial<br \/>\nf) Es un Procedimiento Ejecutivo de Realizaci\u00f3n de Bienes<\/p>\n<p><strong>III. INTERPRETACI\u00d3N DE LAS NORMAS DEL PROCEDIMIENTO CONCURSAL DE LIQUIDACI\u00d3N<\/strong><br \/>\na) Hermen\u00e9utica Concursal<br \/>\nb) Integraci\u00f3n Jur\u00eddica<\/p>\n<p><strong>IV. LOS PRESUPUESTOS DE LA ACCI\u00d3N CONCURSAL DE LIQUIDACI\u00d3N<\/strong><br \/>\n1. Generalidades<br \/>\n2. El Sujeto Pasivo de la Acci\u00f3n Concursal de Liquidaci\u00f3n<br \/>\n3. El Sujeto Activo<br \/>\n4. La Causa de la Acci\u00f3n de Liquidaci\u00f3n Concursal<\/p>\n<p><strong>V. DE LAS PARTES Y DEL EJERCICIO DE LA ACCI\u00d3N EN LA LIQUIDACI\u00d3N CONCURSAL<\/strong><br \/>\n1. Las Partes en la Liquidaci\u00f3n Concursal<br \/>\n2. Del Ejercicio de la Acci\u00f3n de Liquidaci\u00f3n Concursal<\/p>\n<p><strong>DEROGACIONES A ALGUNAS NORMAS COMUNES DE LOS PROCESOS CIVILES EN LA LEY N\u00ba 20.720<\/strong><br \/>\na) Tribunal Competente y Competencia Arbitral<br \/>\nb) Normas Hacia una Judicatura Especializada<br \/>\nc) Reglas Especiales Sobre Notificaciones: El\u00a0<em>Bolet\u00edn Concursal<\/em><br \/>\nd) El Fuero<br \/>\ne) Los Incidentes<br \/>\nf) Los Recursos Procesales<\/p>\n<p><strong>TERCERA PARTE<\/strong><br \/>\n<strong>ESTRUCTURA Y TRAMITACI\u00d3N DEL PROCEDIMIENTO CONCURSAL DE LIQUIDACI\u00d3N<\/strong><\/p>\n<p><strong>I. ESQUEMA GENERAL DEL JUICIO CONCURSAL DE LIQUIDACI\u00d3N<\/strong><\/p>\n<p><strong>II. FASE COGNOSCITIVA DE LA LIQUIDACI\u00d3N CONCURSAL<\/strong><\/p>\n<p>II. A) LA FASE DE APERTURA<br \/>\n1. Objeto de la Etapa de Apertura<br \/>\n2. La Relaci\u00f3n Procesal en el Procedimiento Concursal de Liquidaci\u00f3n<br \/>\n3. El Procedimiento en la Etapa de Apertura<br \/>\n4. La Oposici\u00f3n del Deudor. El Juicio de Oposici\u00f3n<br \/>\n5. La Sentencia Definitiva del Proceso de Apertura<\/p>\n<p>II. B) ETAPA DE VERIFICACI\u00d3N<br \/>\n1. Generalidades<br \/>\n2. Suspensi\u00f3n del Derecho de los Acreedores para Ejecutar Individualmente al Fallido<br \/>\n3. An\u00e1lisis Particularizado de los Elementos de la Etapa de Verificaci\u00f3n<\/p>\n<p><strong>III. ETAPA DE EJECUCI\u00d3N PROPIAMENTE TAL DEL PROCEDIMIENTO CONCURSAL DE LIQUIDACI\u00d3N<\/strong><br \/>\n1. Generalidades<br \/>\n2. Efectos de la Resoluci\u00f3n de Liquidaci\u00f3n<\/p>\n<p>III. A) FASE DE ASEGURAMIENTO DE LA ETAPA EJECUTIVA PROPIAMENTE TAL DEL JUICIO CONCURSAL<br \/>\n1. El Desasimiento<br \/>\n2. Las Acciones Revocatorias Concursales<br \/>\n3. Bienes Exceptuados del Desasimiento<br \/>\n4. La Acumulaci\u00f3n de Juicios<\/p>\n<p>III. B) ADMINISTRACI\u00d3N Y REALIZACI\u00d3N DEL ACTIVO CONCURSADO<br \/>\nGENERALIDADES<br \/>\nA) LOS \u00d3RGANOS DEL CONCURSO<br \/>\n1. De los \u00d3rganos y de las Partes del Juicio Concursal<br \/>\n2. Los \u00d3rganos del Procedimiento Concursal de Liquidaci\u00f3n<br \/>\n3. La Comisi\u00f3n de Acreedores<br \/>\n4. El Veedor y El Martillero Concursal<br \/>\nB) DE LA REALIZACI\u00d3N PROPIAMENTE TAL<br \/>\n1. Introducci\u00f3n<br \/>\n2. De la Facultad de Disposici\u00f3n. Disposici\u00f3n y Administraci\u00f3n Concursal<br \/>\n3. Incautaci\u00f3n e Inventario (Arts. 166 a 169)<br \/>\n4. De la Realizaci\u00f3n y Sus Formas<br \/>\n5. Naturaleza Jur\u00eddica de las Ventas Forzadas<br \/>\n6. Formas de Realizaci\u00f3n<br \/>\n7. De la Realizaci\u00f3n de Bienes Propiamente Tal<br \/>\n8. Graduaci\u00f3n y Pago de los Cr\u00e9ditos<\/p>\n<p><strong>IV. CLAUSURA DEL PROCEDIMIENTO CONCURSAL DE LIQUIDACI\u00d3N<\/strong><br \/>\n1. Generalidades<br \/>\n2. De la Resoluci\u00f3n de T\u00e9rmino del Procedimiento Concursal de Liquidaci\u00f3n (Arts. 254 a 256)<br \/>\nDerecho Comparado<br \/>\n3. El Acuerdo de Reorganizaci\u00f3n Judicial<\/p>\n<p><strong>V. DE LA INSOLVENCIA TRANSFRONTERIZA<\/strong><br \/>\n5.1. Generalidades<br \/>\n5.2. \u00c1mbito de Aplicaci\u00f3n de la Ley<br \/>\n5.3. Definiciones de la Ley N\u00ba 20.720 Relativas a Insolvencias Transfronterizas<br \/>\n5.4. Efectos en Chile de Procedimiento Concursales Abiertos en el Extranjero<br \/>\n5.5. Extraterritorialidad de Procedimientos Concursales Iniciados en Chile<br \/>\n5.6. De los Procedimientos Concursales Paralelos<br \/>\nNormas Sobre Cooperaci\u00f3n con Tribunales y Representantes Extranjeros (Arts. 324 a 326 de la Ley)<\/p>\n<p><strong>VI. NOTICIA DEL PROCEDIMIENTO DE LIQUIDACI\u00d3N CONCURSAL DE CONSUMIDORES O PERSONA DEUDORA<\/strong><br \/>\n1. Generalidades<br \/>\n2. Causales del Procedimiento Concursal de Liquidaci\u00f3n de la Persona Deudora<br \/>\n3. Procedimiento de Liquidaci\u00f3n Concursal de la Persona Deudora<\/p>\n","protected":false},"excerpt":{"rendered":"<p>Esta cuarta edici\u00f3n que como la tercera es de verdad un nuevo libro edificado sobre el andamiaje de los anteriores pero inspirado por la Ley 20.720, trae profundos cambios al sistema que conoc\u00edamos bajo la Ley 18.175. El texto est\u00e1 dividido ahora en cuatro partes. La primera se aboca al an\u00e1lisis de la cesaci\u00f3n de pagos, eje din\u00e1mico y estructural de todo el derecho concursal. Si bien este es uno de los cap\u00edtulos m\u00e1s interesantes de la obra, pues desmitifica muchos lugares comunes sobre este fen\u00f3meno, el nuevo texto trae tambi\u00e9n serias cr\u00edticas a las graves inconstancias del nuevo texto legal sobre este particular, en especial por la ligereza con que se tratan las causales de concurso de liquidaci\u00f3n, pasando por encima de una tradici\u00f3n centenaria que las tuvo siempre por medios de prueba del fen\u00f3meno de la insolvencia y no como causas propiamente tales de la ejecuci\u00f3n colectiva, defecto que ha de tener consecuencias pr\u00e1cticas grav\u00edsimas. En la segunda parte, el autor mantiene el car\u00e1cter eminentemente procesal del Procedimiento Concursal de Liquidaci\u00f3n, pero hace notar el cambio estructural en el sentido de que elimina el contradictorio postergado que constitu\u00eda el mal llamado recurso especial de reposici\u00f3n; cambio inspirado por la\u00a0Insolvenzordnung\u00a0alemana de 1994 y la Ley de Concurso espa\u00f1ola del a\u00f1o 2003, pero en Chile con elementos locales que sin duda desorientan la actividad de la judicatura y pueden llegar a desnaturalizar el instituto de ser un remedio contra la insolvencia a un mero medio de cobranza individual. Esto incide tambi\u00e9n en las modificaciones que el texto experimenta en su tercera parte, ya que la nueva estructura procesal de esta ejecuci\u00f3n colectiva concursal que es el Procedimiento Concursal de Liquidaci\u00f3n sufre una profunda transformaci\u00f3n, pues el procedimiento deja de ser equivalente colectivo y universal a la ejecuci\u00f3n civil individual, para transformarse en un h\u00edbrido con elementos propios del proceso declarativo y otros del proceso de ejecuci\u00f3n. Estas modificaciones son, sin duda, lo m\u00e1s novedoso de la ley junto con el nuevo r\u00e9gimen concursal para consumidores que la ley denomina personas deudoras. En la cuarta parte del texto el autor hace un an\u00e1lisis de los procedimientos concursales para personas naturales que no son productores o proveedores de bienes o servicios por cuenta propia, a saber, de lo que en el derecho comparado se denominan procedimientos concursales para consumidores o asalariados. En esto, pese a cr\u00edticas menores, el autor se muestra entusiasta, porque viene a salvar un vac\u00edo no menor en nuestro pa\u00eds. El texto mantiene la riqueza en fuentes a que nos tiene acostumbrados el autor que sirven para ilustrar de forma m\u00e1s amena e inteligible todos los textos dif\u00edciles de la nueva ley. Un texto de verdad indispensable para jueces, abogados y estudiantes de derecho. PRIMERA PARTE PRINCIPIOS GENERALES DE DERECHO CONCURSAL I. A. LOCALIZACI\u00d3N DE LAS NOMAS DE LA NUEVA LEY DENTRO DEL ORDENAMIENTO JUR\u00cdDICO I. B. TEOR\u00cdAS SOBRE LA FUNCI\u00d3N DE LOS PROCESOS CONCURSALES II. EL CR\u00c9DIO Y SU IMPORTANCIA III. DE LA CAUSA MATERIAL DEL DERECHO CONCURSAL O DE LA INSOLVENCIA O CESACI\u00d3N DE PAGOS 1. Generalidades 2. La Cesaci\u00f3n de Pagos y el Bien Jur\u00eddicamente Tutelado 3. Teor\u00edas Acerca de la Cesaci\u00f3n de Pagos 4. Definici\u00f3n de Casaci\u00f3n de Pagos 5. Caracter\u00edsticas de la Cesaci\u00f3n de Pagos 6. Prueba de la Cesaci\u00f3n de Pagos 7. La Cesaci\u00f3n de Pagos y el Incumplimiento de una Obligaci\u00f3n 8. La Cesaci\u00f3n de Pagos en la Legislaci\u00f3n Chilena IV. LAS TUTELAS DEL DERECHO ANTE LA CESACI\u00d3N DE PAGOS 1. Generalidades 2. Tutelas Colectivas y Concursos V. NOTICIA SOBRE LA HISTORIA DEL DERECHO CONCURSAL a). Derecho Concursal Romano b). Derecho Concursal Medieval c). Derecho Concursal en la Baja Edad Media. Las Rep\u00fablicas Italianas. Las Siete Partidas d). El Derecho Concursal en el Derecho Franc\u00e9s e). El Derecho Concursal en Espa\u00f1a f). El Derecho Concursal en Chile en Materia de Ejecuciones Colectivas o Liquidaci\u00f3n SEGUNDA PARTE DEL PROCEDIMIENTO CONCURSAL DE LIQUIDACI\u00d3N I. NATURALEZA JUR\u00cdDICA DE LA LIQUIDACI\u00d3N CONCURSAL 1. Teor\u00edas que Explican la Naturaleza Jur\u00eddica del Juicio de Quiebra (Hoy Procedimiento Concursal de Liquidaci\u00f3n) II. CARACTER\u00cdSTICAS DEL PROCEDIMIENTO CONCURSAL DE LIQUIDACI\u00d3N a) El Procedimiento Concursal de Liquidaci\u00f3n es un Proceso Judicial b) El Procedimiento Concursal de Liquidaci\u00f3n es un Proceso de Orden Contencioso c) El Procedimiento Concursal de Liquidaci\u00f3n es un Proceso Civil d) El Procedimiento Concursal de Liquidaci\u00f3n es un Proceso Ejecutivo e) Es un Procedimiento Ejecutivo Extraordinario y no Especial f) Es un Procedimiento Ejecutivo de Realizaci\u00f3n de Bienes III. INTERPRETACI\u00d3N DE LAS NORMAS DEL PROCEDIMIENTO CONCURSAL DE LIQUIDACI\u00d3N a) Hermen\u00e9utica Concursal b) Integraci\u00f3n Jur\u00eddica IV. LOS PRESUPUESTOS DE LA ACCI\u00d3N CONCURSAL DE LIQUIDACI\u00d3N 1. Generalidades 2. El Sujeto Pasivo de la Acci\u00f3n Concursal de Liquidaci\u00f3n 3. El Sujeto Activo 4. La Causa de la Acci\u00f3n de Liquidaci\u00f3n Concursal V. DE LAS PARTES Y DEL EJERCICIO DE LA ACCI\u00d3N EN LA LIQUIDACI\u00d3N CONCURSAL 1. Las Partes en la Liquidaci\u00f3n Concursal 2. Del Ejercicio de la Acci\u00f3n de Liquidaci\u00f3n Concursal DEROGACIONES A ALGUNAS NORMAS COMUNES DE LOS PROCESOS CIVILES EN LA LEY N\u00ba 20.720 a) Tribunal Competente y Competencia Arbitral b) Normas Hacia una Judicatura Especializada c) Reglas Especiales Sobre Notificaciones: El\u00a0Bolet\u00edn Concursal d) El Fuero e) Los Incidentes f) Los Recursos Procesales TERCERA PARTE ESTRUCTURA Y TRAMITACI\u00d3N DEL PROCEDIMIENTO CONCURSAL DE LIQUIDACI\u00d3N I. ESQUEMA GENERAL DEL JUICIO CONCURSAL DE LIQUIDACI\u00d3N II. FASE COGNOSCITIVA DE LA LIQUIDACI\u00d3N CONCURSAL II. A) LA FASE DE APERTURA 1. Objeto de la Etapa de Apertura 2. La Relaci\u00f3n Procesal en el Procedimiento Concursal de Liquidaci\u00f3n 3. El Procedimiento en la Etapa de Apertura 4. La Oposici\u00f3n del Deudor. El Juicio de Oposici\u00f3n 5. La Sentencia Definitiva del Proceso de Apertura II. B) ETAPA DE VERIFICACI\u00d3N 1. Generalidades 2. Suspensi\u00f3n del Derecho de los Acreedores para Ejecutar Individualmente al Fallido 3. An\u00e1lisis Particularizado de los Elementos de la Etapa de Verificaci\u00f3n III. ETAPA DE EJECUCI\u00d3N PROPIAMENTE TAL DEL PROCEDIMIENTO CONCURSAL DE LIQUIDACI\u00d3N 1. Generalidades 2. Efectos de la Resoluci\u00f3n de Liquidaci\u00f3n III. A) FASE DE ASEGURAMIENTO DE LA ETAPA EJECUTIVA PROPIAMENTE TAL DEL JUICIO CONCURSAL<\/p>\n","protected":false},"featured_media":3140,"comment_status":"open","ping_status":"closed","template":"","meta":{"inline_featured_image":false,"_joinchat":[]},"product_brand":[],"product_cat":[26,57],"product_tag":[],"class_list":{"0":"post-3092","1":"product","2":"type-product","3":"status-publish","4":"has-post-thumbnail","6":"product_cat-derecho","7":"product_cat-editorial-juridica-de-chile","8":"product_shipping_class-a-convenir","10":"first","11":"instock","12":"shipping-taxable","13":"purchasable","14":"product-type-simple"},"_links":{"self":[{"href":"https:\/\/bibliotecajuridicavirtual.cl\/index.php\/wp-json\/wp\/v2\/product\/3092","targetHints":{"allow":["GET"]}}],"collection":[{"href":"https:\/\/bibliotecajuridicavirtual.cl\/index.php\/wp-json\/wp\/v2\/product"}],"about":[{"href":"https:\/\/bibliotecajuridicavirtual.cl\/index.php\/wp-json\/wp\/v2\/types\/product"}],"replies":[{"embeddable":true,"href":"https:\/\/bibliotecajuridicavirtual.cl\/index.php\/wp-json\/wp\/v2\/comments?post=3092"}],"wp:featuredmedia":[{"embeddable":true,"href":"https:\/\/bibliotecajuridicavirtual.cl\/index.php\/wp-json\/wp\/v2\/media\/3140"}],"wp:attachment":[{"href":"https:\/\/bibliotecajuridicavirtual.cl\/index.php\/wp-json\/wp\/v2\/media?parent=3092"}],"wp:term":[{"taxonomy":"product_brand","embeddable":true,"href":"https:\/\/bibliotecajuridicavirtual.cl\/index.php\/wp-json\/wp\/v2\/product_brand?post=3092"},{"taxonomy":"product_cat","embeddable":true,"href":"https:\/\/bibliotecajuridicavirtual.cl\/index.php\/wp-json\/wp\/v2\/product_cat?post=3092"},{"taxonomy":"product_tag","embeddable":true,"href":"https:\/\/bibliotecajuridicavirtual.cl\/index.php\/wp-json\/wp\/v2\/product_tag?post=3092"}],"curies":[{"name":"wp","href":"https:\/\/api.w.org\/{rel}","templated":true}]}}