{"id":3094,"date":"2026-02-28T01:09:08","date_gmt":"2026-02-28T04:09:08","guid":{"rendered":"https:\/\/bibliotecajuridicavirtual.cl\/?post_type=product&#038;p=3094"},"modified":"2026-02-28T01:09:39","modified_gmt":"2026-02-28T04:09:39","slug":"documentos-negociables-en-el-derecho-chileno-y-comparado-la-letra-de-cambio-el-pagare-el-cheque-y-la-factura-cedible-ano-septiembre-2018-739-pag-autor-juan-esteban-puga-vidal","status":"publish","type":"product","link":"https:\/\/bibliotecajuridicavirtual.cl\/index.php\/product\/documentos-negociables-en-el-derecho-chileno-y-comparado-la-letra-de-cambio-el-pagare-el-cheque-y-la-factura-cedible-ano-septiembre-2018-739-pag-autor-juan-esteban-puga-vidal\/","title":{"rendered":"Documentos Negociables en el Derecho Chileno  y Comparado &#8211; La letra de cambio, El pagare, El Cheque y la factura cedible. A\u00f1o Septiembre 2018\/ 739 P\u00e1g. Autor Juan Esteban Puga Vidal"},"content":{"rendered":"<p>Como se\u00f1ala el autor en su introducci\u00f3n, el tratamiento dogm\u00e1tico y doctrinario de los t\u00edtulos de cr\u00e9dito o efectos de comercio, reunidos en esta obra bajo el nombre de Documentos Negociables en el Derecho Chileno y Comparado, salvo raras excepciones que designa, en Chile ha sido pobre. A eso se suma una falta total de exposici\u00f3n de los sistemas cambiarios en otros pa\u00edses y bajo sistemas distintos como los del Common Law.<\/p>\n<p>La ley es una exposici\u00f3n segmentada de un sistema dise\u00f1ado por el legislador como una unidad, como el desarrollo de un discurso continuo. La doctrina apunta justamente a explicar el discurso racional sustrato de las diversas disposiciones positivas y esta es la gran riqueza del texto.<\/p>\n<p>El autor no deja de lado a ning\u00fan nacional; todos ellos son considerados y escuchados en este texto como un reconocimiento de que nada se construye sin antecesores. Esto no significa ignorar la doctrina extranjera. El autor hace copiosa referencia a ella, tanto la que pertenece a nuestra tradici\u00f3n jur\u00eddica, inspirada en la Convenci\u00f3n de Ginebra sobre Letra de Cambio (1930), como a la atingente al derecho saj\u00f3n.<\/p>\n<p>Como nos tiene acostumbrados, el autor arriesga su propia teor\u00eda, luego de un largo recorrido por m\u00faltiples obras de connotados juristas. Curiosamente se inclina por la concepci\u00f3n \u201cmonetarista\u201d de los t\u00edtulos valores. No se trata de una novedad, sino que de una resurrecci\u00f3n de la obra gruesa de las tesis de Karl Einert en la primera mitad del siglo XIX, afinada con aportes de Lorenzo Mossa y Ripert y con complementos novedosos del mismo autor. Dicha tesis invade todo el texto y tiene la curiosidad de ser, adem\u00e1s de acogida por muchos autores continentales, dominante en el derecho angloamericano.<\/p>\n<p>Huelga a\u00f1adir que, como todas sus obras precedentes, en el texto es rico en doctrina nacional y for\u00e1nea, derecho comparado y jurisprudencia. Una obra que es un hito en esta \u00f3rbita cuya utilidad para jueces, abogados y estudiantes est\u00e1 de m\u00e1s subrayar.<\/p>\n<p><strong>PRIMERA PARTE<br \/>\nASPECTOS GENERALES<\/p>\n<p><\/strong>1. Noticia hist\u00f3rica de la letra de cambio y el pagar\u00e9<br \/>\n2. Unificaci\u00f3n internacional del derecho cambiario<br \/>\n2.1. El largo camino a la convenci\u00f3n de ginebra<br \/>\n2.2. Despu\u00e9s de ginebra<br \/>\n2.3. Am\u00e9rica latina<br \/>\n3. La desmaterializaci\u00f3n de los t\u00edtulos<\/p>\n<p><strong>SEGUNDA PARTE<br \/>\nNATURALEZA JUR\u00cdDICA DE LOS INSTRUMENTOS NEGOCIABLES O EFECTOS DE COMERCIO<\/p>\n<p><\/strong>1. T\u00edtulos valores y documentos negociables o efectos de comercio<br \/>\n2. Funci\u00f3n de los documentos negociables<br \/>\n3. Teor\u00edas acerca de la naturaleza de los efectos de comercio<br \/>\n3.1. Teor\u00edas monistas o causalistas, dualistas y mixtas en orden a la autonom\u00eda de la relaci\u00f3n cambiaria<br \/>\n3.2. teor\u00edas que explican la naturaleza de la obligaci\u00f3n cambiaria misma<br \/>\n4. Principios generales en materia cambiaria<br \/>\n4.1. Principio de la incorporaci\u00f3n<br \/>\n4.2. Principio de la autonom\u00eda<br \/>\n4.3. Principio de la independencia de las firmas o de la autonom\u00eda de las obligaciones cambiarias<br \/>\n4.4. Principio de la abstracci\u00f3n<br \/>\n4.5. La literalidad<br \/>\n4.6. Incondicionalidad<br \/>\n4.7. Solemnidad<br \/>\n4.8. La legitimaci\u00f3n<br \/>\n4.9. \u00cdndole dineraria de la prestaci\u00f3n cambiaria<br \/>\n5. Clasificaciones de los t\u00edtulos de cr\u00e9dito<br \/>\n6. R\u00e9gimen general de los efectos de comercio en el derecho chileno<br \/>\n7. Fuente jur\u00eddica de los t\u00edtulos negociables<br \/>\n8. Mercantilidad de los efectos de comercio<br \/>\n9. Reivindicaci\u00f3n de los efectos de comercio<br \/>\n10. La capacidad cambiaria<br \/>\n11. La representaci\u00f3n cambiaria<br \/>\n12. La comisi\u00f3n cambiaria<br \/>\n13. Las copias y los duplicados cambiarios<br \/>\n14. El rigor cambiario<br \/>\n15. La ley cambiaria en el tiempo<\/p>\n<p><strong>TERCERA PARTE<br \/>\nSISTEMAS CAMBIARIOS EN EL COMMON LAW<\/p>\n<p><\/strong>1. Sistema brit\u00e1nico<br \/>\n2. Sistema de los Estados Unidos de Norteam\u00e9rica<\/p>\n<p><strong>TERCERA PARTE<br \/>\nLA LETRA DE CAMBIO<\/p>\n<p><\/strong>1. Generalidades<br \/>\n2. Concepto y definici\u00f3n de letra de cambio<br \/>\n3. Continente y contenido de la letra de cambio<br \/>\n3.1. Continente de la letra de cambio<br \/>\n3.2. Contenido de la letra de cambio<br \/>\n3.3. Omisi\u00f3n de los contenidos<br \/>\n3.4. La letra en blanco<br \/>\n4. Alteraci\u00f3n de una letra de cambio<br \/>\n5. Part\u00edcipes en la letra de cambio<br \/>\n5.1. La aceptaci\u00f3n<br \/>\n5.2. El aportador leg\u00edtimo y portador de buena fe<br \/>\n5.3. Las garant\u00edas cambiarias<br \/>\n6. El endoso<br \/>\n6.1. Generalidades. La cl\u00e1usula a la orden y el endoso<br \/>\n6.2. Definici\u00f3n<br \/>\n6.3. Clases de endoso<br \/>\n6.4. Naturaleza jur\u00eddica del endoso translaticio o en propiedad. Endoso y cesi\u00f3n de cr\u00e9ditos nominativos<br \/>\n6.5. Formalidades de endoso<br \/>\n6.6. Cl\u00e1usulas facultativas del endoso<br \/>\n6.7. A qui\u00e9nes se pueden endosar<br \/>\n6.8. Car\u00e1cter incondicional y total del endoso<br \/>\n6.9. El endoso en blanco y t\u00edtulos al portador<br \/>\n6.10. Cl\u00e1usula no endosable del librador y del endosante y la cl\u00e1usula sin garant\u00eda<br \/>\n6.11. Tiempo y lugar del endoso<br \/>\n6.12. Efectos del endoso traslaticio<br \/>\n6.13. Endoso de documentos nominativos<br \/>\n6.14. El principio de la inoponibilidad de las excepciones<br \/>\n6.15. El endoso en garant\u00eda<br \/>\n6.16. El endoso en comisi\u00f3n de cobranza, de apoderamiento o de procuraci\u00f3n<br \/>\n7. El vencimiento de la letra<br \/>\n7.1. Ejercicio anticipado de la acci\u00f3n cambiaria<br \/>\n8. El pago de la letra<br \/>\n8.1. Pago voluntario total o parcial de la letra. Condiciones de validez<br \/>\n8.2. Pago forzado de la letra. La letra como t\u00edtulo ejecutivo<br \/>\n8.3. Pago anticipado<br \/>\n8.4. El pago por intervenci\u00f3n<br \/>\n8.5. Obligaci\u00f3n del portador pagado<br \/>\n8.6. La resaca o recambio<br \/>\n9. El protesto<br \/>\n9.1. Generalidades<br \/>\n9.2. Clases de protestos<br \/>\n9.3. El acta de protesto<br \/>\n9.4. Exenciones legales y voluntarias de la obligaci\u00f3n de protesto<br \/>\n9.5. La nulidad del protesto<br \/>\n9.6. Aceptaci\u00f3n y pago despu\u00e9s del protesto<br \/>\n10. Extrav\u00edo y deterioro f\u00edsico de la letra de cambio<br \/>\n10.1. Generalidades<br \/>\n10.2. Procedimiento voluntario<br \/>\n10.3. Procedimiento contencioso. Oposici\u00f3n de los obligados y portador leg\u00edtimo<br \/>\n10.4. Efectos de la amortizaci\u00f3n<br \/>\n10.5. Oponibilidad de excepciones y la resoluci\u00f3n positiva sustitutiva<br \/>\n11. Las acciones cambiarias<br \/>\n11.1. Generalidades<br \/>\n11.2. Clases de acciones cambiarias. La acci\u00f3n directa y la de regreso en el derecho comparado y en el derecho chileno<br \/>\n11.3. Nuestra acci\u00f3n directa. La letra perjudicada<br \/>\n11.4. Nuestra acci\u00f3n de regreso<br \/>\n12.Caducidad y prescripci\u00f3n de las acciones cambiarias<br \/>\n12.1. La caducidad, perjuicio o decadencia de la letra de cambio<br \/>\n12.2. La prescripci\u00f3n cambiaria<br \/>\n13. Acciones extracambiarias<br \/>\n13.1. La acci\u00f3n causal<br \/>\n13.2. Acci\u00f3n de enriquecimiento sin causa<\/p>\n<p><strong>QUINTA PARTE<br \/>\nEL PAGAR\u00c9 O VALE<\/p>\n<p><\/strong>1. Generalidades<br \/>\n2. Definici\u00f3n<br \/>\n3. R\u00e9gimen legal<br \/>\n4. Continente, contenido y vencimiento del pagar\u00e9<br \/>\n5. Caducidad del pagar\u00e9 a la vista<br \/>\n6. Vencimientos sucesivos y la cl\u00e1usula de aceleraci\u00f3n<\/p>\n<p><strong>SEXTA PARTE<br \/>\nDOCUMENTOS NEGOCIABLES AL PORTADOR<\/p>\n<p><\/strong>Generalidades. Problemas relacionados con los t\u00edtulos al portador<\/p>\n<p><strong>S\u00c9PTIMA PARTE<br \/>\nEL CHEQUE<\/p>\n<p><\/strong>1. Noticia hist\u00f3rica<br \/>\n2. Unificaci\u00f3n internacional de las legislaciones sobre el cheque<br \/>\n3. El contrato de cuenta corriente bancaria<br \/>\n3.1. Generalidades<br \/>\n3.2. Concepto y caracter\u00edsticas<br \/>\n3.3. Contrato de cuenta corriente bancaria y contrato de cuenta corriente mercantil<br \/>\n3.4. R\u00e9gimen jur\u00eddico, efectos y determinaci\u00f3n del contrato de cuenta corriente mercantil<br \/>\n3.5. La cuenta corriente bancaria en moneda extranjera<br \/>\n4. Naturaleza jur\u00eddica del cheque<br \/>\n5. Mercantilidad del cheque<br \/>\n6. El cheque y la letra de cambio<br \/>\n7. Definici\u00f3ny concepto de cheque<br \/>\n8. La provisi\u00f3n de fondos<br \/>\n9. Clases de cheques<br \/>\n9.1. Cheque certificado<br \/>\n9.2. Cheque garantizado<br \/>\n9.3. Cheque viajero<br \/>\n9.4. Cheque circular<br \/>\n9.5. Cheque postal<br \/>\n9.6. Cheque en cuenta<br \/>\n9.7. El cheque imputado<br \/>\n9.8. El cheque de pago diferido<br \/>\n10. El cheque en el derecho anglosaj\u00f3n<br \/>\n11. Solemnidad del cheque. El continente del cheque<br \/>\n12. Los contenidos del cheque<br \/>\n12.1. Menciones esenciales del cheque<br \/>\n12.2. Inadmisibilidad general de cl\u00e1usula accesorias<br \/>\n12.3. Excepciones<br \/>\n13. Cheque en comisi\u00f3n de cobranza o cheque mandato<br \/>\n14. Cheques duplicados<br \/>\n15. Cheque en blanco<br \/>\n16. El cheque posdatado o a fecha<br \/>\n17. El cheque en garant\u00eda<br \/>\n18. El aval y el cheque<br \/>\n19. La circulaci\u00f3n del cheque<br \/>\n19.1. Cheque nominativo<br \/>\n19.2. Cheque al portador<br \/>\n19.3. Cheque a la orden<br \/>\n20. La caducidad del cheque y sus efectos<br \/>\n21. Normas especiales sobre la falsificaci\u00f3n del cheque y sus efectos<br \/>\n22. La renovaci\u00f3n del cheque<br \/>\n23. Robo, hurto o p\u00e9rdida del cheque<br \/>\n24. El pago del cheque<br \/>\n25. El protesto del cheque<br \/>\n25.1. Definici\u00f3n<br \/>\n25.2. Causales de protesto<br \/>\n25.3 Del acta del protesto<br \/>\n25.4. Importancia del protesto<br \/>\n25.5. Nulidad del protesto<br \/>\n25.6. Responsabilidad civil del banco librado<br \/>\n26. Las acciones derivadas del cheque<br \/>\n26.1. Acciones civiles emanadas del cheque<br \/>\n26.2. Acciones penales relacionadas con el cheque<\/p>\n<p><strong>OCTAVA PARTE<br \/>\nLA FACTURA CEDIBLE, CONFORMADA O PROTESTABLE<\/p>\n<p><\/strong>1. Generalidades<br \/>\n2. Aplicaci\u00f3n de los principios cambiarios a la factura cedible<br \/>\n3. Concepto y definici\u00f3n<br \/>\n4. Procedimiento para convertir una factura en un instrumento cedible<br \/>\n4.1. Qu\u00e9 facturan gozan de este beneficio<br \/>\n4.2. Contenido de la factura<br \/>\n4.3. Formalidades<br \/>\n4.4. Procedimiento de aceptaci\u00f3n<br \/>\n5. Cesi\u00f3n de los cr\u00e9ditos contenidos en la factura<br \/>\n6. Efectos de la cesi\u00f3n de la factura<br \/>\n7 Libre disponibilidad de las facturas<br \/>\n8. M\u00e9rito ejecutivo de la factura<br \/>\n9. Protecci\u00f3n civil de la factura cedible<br \/>\n9.1. Normas que protegen el merito ejecutivo de la factura<br \/>\n92. Sanci\u00f3n por impugnaci\u00f3n judicial infundada de factura<br \/>\n10. Cesi\u00f3n de factura en comisi\u00f3n de cobranza<br \/>\n11. Prescripci\u00f3n de la acci\u00f3n emanada de la factura<\/p>\n<p><strong>NOVENA PARTE<br \/>\nCONFLICTOS DE LEYES EN MATERIA CAMBIARIA<\/p>\n<p><\/strong>A. conflictos de leyes relativas a letras de cambio y pagar\u00e9s<\/p>\n<p>1. Generalidades<br \/>\n2. \u00d3rdenes de prelaci\u00f3n de normas<br \/>\n3. Calificaci\u00f3n de los t\u00edtulos<br \/>\n4. La capacidad cambiaria<br \/>\n5. La causa<br \/>\n6. Consentimiento cambiario<br \/>\n7. Solemnidades de las obligaciones cambiarias<br \/>\n8. Soluci\u00f3n de conflictos de leyes relativos a los efectos de las obligaciones cambiarias<br \/>\n9. Ley del vencimiento<br \/>\n10. Ley de presentaci\u00f3n al pago del protesto<br \/>\n11. Ley del pago y del protesto<br \/>\n12. Ejercicio de las acciones cambiarias<br \/>\n13. La caducidad de las sanciones<br \/>\n14. La prescripci\u00f3n de las acciones<br \/>\n15. La provisi\u00f3n del librador al librado<\/p>\n<p>B. Conflictos de leyes relativos al cheque<\/p>\n<p>1. Generalidades y prelaci\u00f3n de texto legales<br \/>\n2. Conflictos en los que siempre se aplica la ley del pa\u00eds del librado<br \/>\n3. Calificaci\u00f3n de los t\u00edtulos negociables<br \/>\n4. La capacidad y la causa de los t\u00edtulos negociables<br \/>\n5. Consentimiento cambiario<br \/>\n6. Las solemnidades<br \/>\n7. Efecto de las obligaciones emanadas del cheque<br \/>\n8. La previsi\u00f3n del librador al librado<br \/>\n9. Ejercicio de las acciones cambiarias<br \/>\n10. La caducidad de las acciones<br \/>\n11. La prescripci\u00f3n de las acciones<\/p>\n","protected":false},"excerpt":{"rendered":"<p>Como se\u00f1ala el autor en su introducci\u00f3n, el tratamiento dogm\u00e1tico y doctrinario de los t\u00edtulos de cr\u00e9dito o efectos de comercio, reunidos en esta obra bajo el nombre de Documentos Negociables en el Derecho Chileno y Comparado, salvo raras excepciones que designa, en Chile ha sido pobre. A eso se suma una falta total de exposici\u00f3n de los sistemas cambiarios en otros pa\u00edses y bajo sistemas distintos como los del Common Law. La ley es una exposici\u00f3n segmentada de un sistema dise\u00f1ado por el legislador como una unidad, como el desarrollo de un discurso continuo. La doctrina apunta justamente a explicar el discurso racional sustrato de las diversas disposiciones positivas y esta es la gran riqueza del texto. El autor no deja de lado a ning\u00fan nacional; todos ellos son considerados y escuchados en este texto como un reconocimiento de que nada se construye sin antecesores. Esto no significa ignorar la doctrina extranjera. El autor hace copiosa referencia a ella, tanto la que pertenece a nuestra tradici\u00f3n jur\u00eddica, inspirada en la Convenci\u00f3n de Ginebra sobre Letra de Cambio (1930), como a la atingente al derecho saj\u00f3n. Como nos tiene acostumbrados, el autor arriesga su propia teor\u00eda, luego de un largo recorrido por m\u00faltiples obras de connotados juristas. Curiosamente se inclina por la concepci\u00f3n \u201cmonetarista\u201d de los t\u00edtulos valores. No se trata de una novedad, sino que de una resurrecci\u00f3n de la obra gruesa de las tesis de Karl Einert en la primera mitad del siglo XIX, afinada con aportes de Lorenzo Mossa y Ripert y con complementos novedosos del mismo autor. Dicha tesis invade todo el texto y tiene la curiosidad de ser, adem\u00e1s de acogida por muchos autores continentales, dominante en el derecho angloamericano. Huelga a\u00f1adir que, como todas sus obras precedentes, en el texto es rico en doctrina nacional y for\u00e1nea, derecho comparado y jurisprudencia. Una obra que es un hito en esta \u00f3rbita cuya utilidad para jueces, abogados y estudiantes est\u00e1 de m\u00e1s subrayar. PRIMERA PARTE ASPECTOS GENERALES 1. Noticia hist\u00f3rica de la letra de cambio y el pagar\u00e9 2. Unificaci\u00f3n internacional del derecho cambiario 2.1. El largo camino a la convenci\u00f3n de ginebra 2.2. Despu\u00e9s de ginebra 2.3. Am\u00e9rica latina 3. La desmaterializaci\u00f3n de los t\u00edtulos SEGUNDA PARTE NATURALEZA JUR\u00cdDICA DE LOS INSTRUMENTOS NEGOCIABLES O EFECTOS DE COMERCIO 1. T\u00edtulos valores y documentos negociables o efectos de comercio 2. Funci\u00f3n de los documentos negociables 3. Teor\u00edas acerca de la naturaleza de los efectos de comercio 3.1. Teor\u00edas monistas o causalistas, dualistas y mixtas en orden a la autonom\u00eda de la relaci\u00f3n cambiaria 3.2. teor\u00edas que explican la naturaleza de la obligaci\u00f3n cambiaria misma 4. Principios generales en materia cambiaria 4.1. Principio de la incorporaci\u00f3n 4.2. Principio de la autonom\u00eda 4.3. Principio de la independencia de las firmas o de la autonom\u00eda de las obligaciones cambiarias 4.4. Principio de la abstracci\u00f3n 4.5. La literalidad 4.6. Incondicionalidad 4.7. Solemnidad 4.8. La legitimaci\u00f3n 4.9. \u00cdndole dineraria de la prestaci\u00f3n cambiaria 5. Clasificaciones de los t\u00edtulos de cr\u00e9dito 6. R\u00e9gimen general de los efectos de comercio en el derecho chileno 7. Fuente jur\u00eddica de los t\u00edtulos negociables 8. Mercantilidad de los efectos de comercio 9. Reivindicaci\u00f3n de los efectos de comercio 10. La capacidad cambiaria 11. La representaci\u00f3n cambiaria 12. La comisi\u00f3n cambiaria 13. Las copias y los duplicados cambiarios 14. El rigor cambiario 15. La ley cambiaria en el tiempo TERCERA PARTE SISTEMAS CAMBIARIOS EN EL COMMON LAW 1. Sistema brit\u00e1nico 2. Sistema de los Estados Unidos de Norteam\u00e9rica TERCERA PARTE LA LETRA DE CAMBIO 1. Generalidades 2. Concepto y definici\u00f3n de letra de cambio 3. Continente y contenido de la letra de cambio 3.1. Continente de la letra de cambio 3.2. Contenido de la letra de cambio 3.3. Omisi\u00f3n de los contenidos 3.4. La letra en blanco 4. Alteraci\u00f3n de una letra de cambio 5. Part\u00edcipes en la letra de cambio 5.1. La aceptaci\u00f3n 5.2. El aportador leg\u00edtimo y portador de buena fe 5.3. Las garant\u00edas cambiarias 6. El endoso 6.1. Generalidades. La cl\u00e1usula a la orden y el endoso 6.2. Definici\u00f3n 6.3. Clases de endoso 6.4. Naturaleza jur\u00eddica del endoso translaticio o en propiedad. Endoso y cesi\u00f3n de cr\u00e9ditos nominativos 6.5. Formalidades de endoso 6.6. Cl\u00e1usulas facultativas del endoso 6.7. A qui\u00e9nes se pueden endosar 6.8. Car\u00e1cter incondicional y total del endoso 6.9. El endoso en blanco y t\u00edtulos al portador 6.10. Cl\u00e1usula no endosable del librador y del endosante y la cl\u00e1usula sin garant\u00eda 6.11. Tiempo y lugar del endoso 6.12. Efectos del endoso traslaticio 6.13. Endoso de documentos nominativos 6.14. El principio de la inoponibilidad de las excepciones 6.15. El endoso en garant\u00eda 6.16. El endoso en comisi\u00f3n de cobranza, de apoderamiento o de procuraci\u00f3n 7. El vencimiento de la letra 7.1. Ejercicio anticipado de la acci\u00f3n cambiaria 8. El pago de la letra 8.1. Pago voluntario total o parcial de la letra. Condiciones de validez 8.2. Pago forzado de la letra. La letra como t\u00edtulo ejecutivo 8.3. Pago anticipado 8.4. El pago por intervenci\u00f3n 8.5. Obligaci\u00f3n del portador pagado 8.6. La resaca o recambio 9. El protesto 9.1. Generalidades 9.2. Clases de protestos 9.3. El acta de protesto 9.4. Exenciones legales y voluntarias de la obligaci\u00f3n de protesto 9.5. La nulidad del protesto 9.6. Aceptaci\u00f3n y pago despu\u00e9s del protesto 10. Extrav\u00edo y deterioro f\u00edsico de la letra de cambio 10.1. Generalidades 10.2. Procedimiento voluntario 10.3. Procedimiento contencioso. Oposici\u00f3n de los obligados y portador leg\u00edtimo 10.4. Efectos de la amortizaci\u00f3n 10.5. Oponibilidad de excepciones y la resoluci\u00f3n positiva sustitutiva 11. Las acciones cambiarias 11.1. Generalidades 11.2. Clases de acciones cambiarias. La acci\u00f3n directa y la de regreso en el derecho comparado y en el derecho chileno 11.3. Nuestra acci\u00f3n directa. La letra perjudicada 11.4. Nuestra acci\u00f3n de regreso 12.Caducidad y prescripci\u00f3n de las acciones cambiarias 12.1. La caducidad, perjuicio o decadencia de la letra de cambio 12.2. La prescripci\u00f3n cambiaria 13. Acciones extracambiarias 13.1. La acci\u00f3n causal 13.2. Acci\u00f3n de enriquecimiento sin causa QUINTA PARTE EL PAGAR\u00c9 O VALE 1. Generalidades 2. Definici\u00f3n<\/p>\n","protected":false},"featured_media":3142,"comment_status":"open","ping_status":"closed","template":"","meta":{"inline_featured_image":false,"_joinchat":[]},"product_brand":[],"product_cat":[48,57],"product_tag":[],"class_list":{"0":"post-3094","1":"product","2":"type-product","3":"status-publish","4":"has-post-thumbnail","6":"product_cat-comercial","7":"product_cat-editorial-juridica-de-chile","8":"product_shipping_class-a-convenir","10":"first","11":"instock","12":"shipping-taxable","13":"purchasable","14":"product-type-simple"},"_links":{"self":[{"href":"https:\/\/bibliotecajuridicavirtual.cl\/index.php\/wp-json\/wp\/v2\/product\/3094","targetHints":{"allow":["GET"]}}],"collection":[{"href":"https:\/\/bibliotecajuridicavirtual.cl\/index.php\/wp-json\/wp\/v2\/product"}],"about":[{"href":"https:\/\/bibliotecajuridicavirtual.cl\/index.php\/wp-json\/wp\/v2\/types\/product"}],"replies":[{"embeddable":true,"href":"https:\/\/bibliotecajuridicavirtual.cl\/index.php\/wp-json\/wp\/v2\/comments?post=3094"}],"wp:featuredmedia":[{"embeddable":true,"href":"https:\/\/bibliotecajuridicavirtual.cl\/index.php\/wp-json\/wp\/v2\/media\/3142"}],"wp:attachment":[{"href":"https:\/\/bibliotecajuridicavirtual.cl\/index.php\/wp-json\/wp\/v2\/media?parent=3094"}],"wp:term":[{"taxonomy":"product_brand","embeddable":true,"href":"https:\/\/bibliotecajuridicavirtual.cl\/index.php\/wp-json\/wp\/v2\/product_brand?post=3094"},{"taxonomy":"product_cat","embeddable":true,"href":"https:\/\/bibliotecajuridicavirtual.cl\/index.php\/wp-json\/wp\/v2\/product_cat?post=3094"},{"taxonomy":"product_tag","embeddable":true,"href":"https:\/\/bibliotecajuridicavirtual.cl\/index.php\/wp-json\/wp\/v2\/product_tag?post=3094"}],"curies":[{"name":"wp","href":"https:\/\/api.w.org\/{rel}","templated":true}]}}