{"id":3096,"date":"2026-02-28T01:09:08","date_gmt":"2026-02-28T04:09:08","guid":{"rendered":"https:\/\/bibliotecajuridicavirtual.cl\/?post_type=product&#038;p=3096"},"modified":"2026-02-28T01:09:42","modified_gmt":"2026-02-28T04:09:42","slug":"interpretacion-juridica-3era-edicion-ano-2018-266-pag-autor-carlos-ducci-claro","status":"publish","type":"product","link":"https:\/\/bibliotecajuridicavirtual.cl\/index.php\/product\/interpretacion-juridica-3era-edicion-ano-2018-266-pag-autor-carlos-ducci-claro\/","title":{"rendered":"Interpretaci\u00f3n Jur\u00eddica &#8211; 3era Edici\u00f3n . A\u00f1o 2018\/ 266 P\u00e1g. Autor   Carlos Ducci Claro"},"content":{"rendered":"<p>La interpretaci\u00f3n jur\u00eddica, y especialmente la interpretaci\u00f3n judicial de la ley, es una de las materias de mayor importancia en el \u00e1mbito del derecho.<\/p>\n<p>El autor analiza la evoluci\u00f3n de la interpretaci\u00f3n jur\u00eddica y los problemas fundamentales que se presentan cuando el supuesto de hecho de una norma debe enfrentarse a una situaci\u00f3n concreta.<\/p>\n<p>Al analizar las disposiciones que regulan la interpretaci\u00f3n legal en nuestro derecho descarta toda teor\u00eda exeg\u00e9tica, se\u00f1alando que es el sentido y no el tener literal de la ley lo que debe considerarse para la determinaci\u00f3n jurisdiccional del derecho.<\/p>\n<p>Su teses modifica los conceptos tradicionalmente aceptados en nuestra interpretaci\u00f3n legal y abre la posibilidad, a trav\u00e9s de la labor interpretativa, de la adaptaci\u00f3n del ordenamiento jur\u00eddico a la din\u00e1mica del progreso y de la evoluci\u00f3n social.<\/p>\n<p><strong>CAP\u00cdTULO PRIMERO<br \/>\nLA INTERPRETACI\u00d3N EN GENERAL<br \/>\n<\/strong><br \/>\n1. Consideraciones preliminares<br \/>\n2. Diversos tipos de interpretaci\u00f3n<br \/>\n3. Sistemas de Interpretaci\u00f3n jur\u00eddica y su desarrollo hist\u00f3rico<br \/>\n4. Los objetos de la interpretaci\u00f3n jur\u00eddica<br \/>\n5. Diversas clases de interpretaci\u00f3n jur\u00eddica<\/p>\n<p><strong>CAP\u00cdTULO SEGUNDO<br \/>\nLA INTERPRETACI\u00d3N DE LA LEY<br \/>\n<\/strong>A. INTERPRETACI\u00d3N LEGISLATIVA<br \/>\n1. Leyes interpretativas. Contenido y car\u00e1cter<br \/>\n2. Limitaciones a la retroactividad de las leyes interpretativas<br \/>\nB. INTEPRETACI\u00d3N JUDICIAL<br \/>\n1. Interpretaci\u00f3n e integraci\u00f3n<br \/>\n2. Valorizaci\u00f3n de la norma<br \/>\n3. Valorizaci\u00f3n de la costumbre<br \/>\n4. Valorizaci\u00f3n de los hechos<br \/>\n5. Valorizaci\u00f3n jur\u00eddica de los hechos<br \/>\n6. Valorizaci\u00f3n de conceptos indeterminados<br \/>\n7. La equidad<br \/>\n8. L\u00f3gica jur\u00eddica<br \/>\n9. Sistemas legales<\/p>\n<p><strong>CAP\u00cdTULO TERCERO<br \/>\nINTERPRETACI\u00d3N JUDICIAL DE LA LEY EN NUESTRO DERECHO<br \/>\n<\/strong>1. Normas<br \/>\n2. El elemento gramatical y el sentido de la ley<br \/>\n3. El elemento hist\u00f3rico<br \/>\n4. El elemento l\u00f3gico<br \/>\n5. El elemento sistem\u00e1tico<br \/>\n6. Elementos generales<\/p>\n<p><strong>CAP\u00cdTULO CUARTO<br \/>\nOTROS ORGANISMOS CON FACULTAD DE INTERPRETAR LA LEY<br \/>\n<\/strong>1. Aspectos Previos<br \/>\n2. Contralor\u00eda General de la Rep\u00fablica<br \/>\n3. Superintendencia de Seguridad Social<br \/>\n4. Servicio de Impuestos Internos<br \/>\n5. Servicio P\u00fablico de Aduanas<br \/>\n6. Direcci\u00f3n General del Trabajo<\/p>\n<p><strong>CAP\u00cdTULO QUINTO<br \/>\nLA INTERPRETACI\u00d3N DEL NEGOCIO JUR\u00cdDICO<br \/>\n<\/strong>1. Consideraciones preliminares<br \/>\n2. Calificaci\u00f3n e interpretaci\u00f3n de los contratos<br \/>\n3. Teor\u00edas sobre la interpretaci\u00f3n de los negocios jur\u00eddicos<br \/>\n4. Normas de interpretaci\u00f3n<br \/>\n5. El recurso de casaci\u00f3n en el fondo<br \/>\n6. La interpretaci\u00f3n de los testamentos<br \/>\n7. Normas especiales de interpretaci\u00f3n relativas a las donaciones y al mandato<br \/>\nReferencia de citas<br \/>\nAp\u00e9ndice.<\/p>\n<p>&nbsp;<\/p>\n<p>&nbsp;<\/p>\n","protected":false},"excerpt":{"rendered":"<p>La interpretaci\u00f3n jur\u00eddica, y especialmente la interpretaci\u00f3n judicial de la ley, es una de las materias de mayor importancia en el \u00e1mbito del derecho. El autor analiza la evoluci\u00f3n de la interpretaci\u00f3n jur\u00eddica y los problemas fundamentales que se presentan cuando el supuesto de hecho de una norma debe enfrentarse a una situaci\u00f3n concreta. Al analizar las disposiciones que regulan la interpretaci\u00f3n legal en nuestro derecho descarta toda teor\u00eda exeg\u00e9tica, se\u00f1alando que es el sentido y no el tener literal de la ley lo que debe considerarse para la determinaci\u00f3n jurisdiccional del derecho. Su teses modifica los conceptos tradicionalmente aceptados en nuestra interpretaci\u00f3n legal y abre la posibilidad, a trav\u00e9s de la labor interpretativa, de la adaptaci\u00f3n del ordenamiento jur\u00eddico a la din\u00e1mica del progreso y de la evoluci\u00f3n social. CAP\u00cdTULO PRIMERO LA INTERPRETACI\u00d3N EN GENERAL 1. Consideraciones preliminares 2. Diversos tipos de interpretaci\u00f3n 3. Sistemas de Interpretaci\u00f3n jur\u00eddica y su desarrollo hist\u00f3rico 4. Los objetos de la interpretaci\u00f3n jur\u00eddica 5. Diversas clases de interpretaci\u00f3n jur\u00eddica CAP\u00cdTULO SEGUNDO LA INTERPRETACI\u00d3N DE LA LEY A. INTERPRETACI\u00d3N LEGISLATIVA 1. Leyes interpretativas. Contenido y car\u00e1cter 2. Limitaciones a la retroactividad de las leyes interpretativas B. INTEPRETACI\u00d3N JUDICIAL 1. Interpretaci\u00f3n e integraci\u00f3n 2. Valorizaci\u00f3n de la norma 3. Valorizaci\u00f3n de la costumbre 4. Valorizaci\u00f3n de los hechos 5. Valorizaci\u00f3n jur\u00eddica de los hechos 6. Valorizaci\u00f3n de conceptos indeterminados 7. La equidad 8. L\u00f3gica jur\u00eddica 9. Sistemas legales CAP\u00cdTULO TERCERO INTERPRETACI\u00d3N JUDICIAL DE LA LEY EN NUESTRO DERECHO 1. Normas 2. El elemento gramatical y el sentido de la ley 3. El elemento hist\u00f3rico 4. El elemento l\u00f3gico 5. El elemento sistem\u00e1tico 6. Elementos generales CAP\u00cdTULO CUARTO OTROS ORGANISMOS CON FACULTAD DE INTERPRETAR LA LEY 1. Aspectos Previos 2. Contralor\u00eda General de la Rep\u00fablica 3. Superintendencia de Seguridad Social 4. Servicio de Impuestos Internos 5. Servicio P\u00fablico de Aduanas 6. Direcci\u00f3n General del Trabajo CAP\u00cdTULO QUINTO LA INTERPRETACI\u00d3N DEL NEGOCIO JUR\u00cdDICO 1. Consideraciones preliminares 2. Calificaci\u00f3n e interpretaci\u00f3n de los contratos 3. Teor\u00edas sobre la interpretaci\u00f3n de los negocios jur\u00eddicos 4. Normas de interpretaci\u00f3n 5. El recurso de casaci\u00f3n en el fondo 6. La interpretaci\u00f3n de los testamentos 7. Normas especiales de interpretaci\u00f3n relativas a las donaciones y al mandato Referencia de citas Ap\u00e9ndice. &nbsp; &nbsp;<\/p>\n","protected":false},"featured_media":3144,"comment_status":"open","ping_status":"closed","template":"","meta":{"inline_featured_image":false,"_joinchat":[]},"product_brand":[],"product_cat":[57,44],"product_tag":[],"class_list":{"0":"post-3096","1":"product","2":"type-product","3":"status-publish","4":"has-post-thumbnail","6":"product_cat-editorial-juridica-de-chile","7":"product_cat-filosofia-del-derecho-y-introduccion","8":"product_shipping_class-a-convenir","10":"first","11":"instock","12":"shipping-taxable","13":"purchasable","14":"product-type-simple"},"_links":{"self":[{"href":"https:\/\/bibliotecajuridicavirtual.cl\/index.php\/wp-json\/wp\/v2\/product\/3096","targetHints":{"allow":["GET"]}}],"collection":[{"href":"https:\/\/bibliotecajuridicavirtual.cl\/index.php\/wp-json\/wp\/v2\/product"}],"about":[{"href":"https:\/\/bibliotecajuridicavirtual.cl\/index.php\/wp-json\/wp\/v2\/types\/product"}],"replies":[{"embeddable":true,"href":"https:\/\/bibliotecajuridicavirtual.cl\/index.php\/wp-json\/wp\/v2\/comments?post=3096"}],"wp:featuredmedia":[{"embeddable":true,"href":"https:\/\/bibliotecajuridicavirtual.cl\/index.php\/wp-json\/wp\/v2\/media\/3144"}],"wp:attachment":[{"href":"https:\/\/bibliotecajuridicavirtual.cl\/index.php\/wp-json\/wp\/v2\/media?parent=3096"}],"wp:term":[{"taxonomy":"product_brand","embeddable":true,"href":"https:\/\/bibliotecajuridicavirtual.cl\/index.php\/wp-json\/wp\/v2\/product_brand?post=3096"},{"taxonomy":"product_cat","embeddable":true,"href":"https:\/\/bibliotecajuridicavirtual.cl\/index.php\/wp-json\/wp\/v2\/product_cat?post=3096"},{"taxonomy":"product_tag","embeddable":true,"href":"https:\/\/bibliotecajuridicavirtual.cl\/index.php\/wp-json\/wp\/v2\/product_tag?post=3096"}],"curies":[{"name":"wp","href":"https:\/\/api.w.org\/{rel}","templated":true}]}}