{"id":3097,"date":"2026-02-28T01:09:08","date_gmt":"2026-02-28T04:09:08","guid":{"rendered":"https:\/\/bibliotecajuridicavirtual.cl\/?post_type=product&#038;p=3097"},"modified":"2026-02-28T01:09:44","modified_gmt":"2026-02-28T04:09:44","slug":"derecho-de-aguas-ano-1998-448-pag-autor-alejandro-vergara-blanco","status":"publish","type":"product","link":"https:\/\/bibliotecajuridicavirtual.cl\/index.php\/product\/derecho-de-aguas-ano-1998-448-pag-autor-alejandro-vergara-blanco\/","title":{"rendered":"Derecho de Aguas. A\u00f1o 1998\/448 P\u00e1g. Autor Alejandro Vergara Blanco"},"content":{"rendered":"<p>Este libro ofrece una visi\u00f3n completa de la disciplina y un an\u00e1lisis pr\u00e1ctico de los problemas actuales del Derecho de Aguas, materia, hoy d\u00eda, altamente litigiosa.<\/p>\n<p>Consta de diecis\u00e9is cap\u00edtulos distribuidos en cuatro partes, que desarrollan sucesivamente la historia de Derecho de Aguas, sus principios fundamentales, la evoluci\u00f3n de la legislaci\u00f3n y las instituciones matrices de la legislaci\u00f3n vigente.<\/p>\n<p>Especial an\u00e1lisis reciben los aspectos centrales de la disciplina como son su estatuto jur\u00eddico y los problemas actuales de los derechos de aprovechamiento de aguas, la unidad de la medida de los derechos, la construcci\u00f3n de obras hidroel\u00e9ctricas y de riesgo, y la constituci\u00f3n de derechos de aprovechamiento de aguas. Todo ello se completa con un extenso repertorio bibliogr\u00e1fico de la disciplina y minuciosos \u00edndice<\/p>\n<p>En consecuencia, esta obra constituye un complet\u00edsimo cuerpo doctrinario del Derecho de Aguas, inexistente hasta hoy en Chile<\/p>\n<p>Por el an\u00e1lisis y la metodolog\u00eda utilizada, en que se combinan aspectos hist\u00f3ricos, de legislaci\u00f3n vigente, jurisprudencia, y otros m\u00e1s generales, como el an\u00e1lisis del mercado de las aguas, es una obra de consulta para estudiantes de derecho, para profesores, abogados, asociados de regantes y para economistas, ge\u00f3grafos, ingenieros y otros especialistas relacionados con el estudio de las aguas.<\/p>\n<p><strong>EL DERECHO DE AGUAS ANTE LA HISTORIA Y LA LEGISLACI\u00d3N VIGENTE.<\/p>\n<p><\/strong>1. Explicaci\u00f3n preliminar<br \/>\n2. Objetivos generales de una investigaci\u00f3n sobre derecho de aguas<br \/>\n3. Fundamentaci\u00f3n te\u00f3rica de una investigaci\u00f3n en materia de aguas<br \/>\n4. Hip\u00f3tesis de trabajo<br \/>\n5. Bibliograf\u00eda mas relevante en materia de aguas<br \/>\n6. Objetivos espec\u00edficos del estudio del derecho de aguas<br \/>\n7. N\u00facleo dogm\u00e1tico del derecho de aguas<\/p>\n<p><strong>PRIMERA PARTE<br \/>\nHISTORIA DEL DERECHO DE AGUAS<\/p>\n<p>CAP\u00cdTULO I<br \/>\nFUENTES DE DERECHO ROMANO DE AGUAS<\/p>\n<p><\/strong>I. Las aguas en el derecho romano cl\u00e1sico<br \/>\nII. Las aguas en el derecho postcl\u00e1sico<\/p>\n<p><strong>CAP\u00cdTULO II<br \/>\nFUENTES Y PRINCIPIOS DEL DERECHO ESPA\u00d1OL MEDIEVAL DE AGUAS<\/p>\n<p><\/strong>Introducci\u00f3n<br \/>\nI. Primer texto hisp\u00e1nico<br \/>\nII. Las aguas en el fuero juzgo<br \/>\nIII. Las siete partidas<br \/>\nIV. El ordenamiento de Alcal\u00e1<br \/>\nV. El derechopr\u00e1ctico<br \/>\nVI. Conclusiones<br \/>\n<strong><br \/>\nCAP\u00cdTULO III<br \/>\nFUENTES Y PRINCIPIOS DEL DERECHO ESPA\u00d1OL MODERNO Y DECIMON\u00d3NICO DE AGUAS<\/p>\n<p><\/strong>I. El derecho moderno de aguas<br \/>\nII. El derecho de aguas espa\u00f1ol decimon\u00f3nico<\/p>\n<p><strong>CAP\u00cdTULO IV<br \/>\nFUENTES Y PRINCIPIOS DEL DERECHO INDIANO DE AGUAS<\/p>\n<p><\/strong>Introducci\u00f3n<strong><br \/>\n<\/strong>I. El estado de la cuesti\u00f3n<br \/>\nII. La existencia de unos \u201cprincipios generales\u201d<br \/>\nIII. El dominio de las aguas<br \/>\nIV. Las mercedes de aguas\u201d<br \/>\nV. Los derechos de uso y aprovechamiento<br \/>\nVI. La intervenci\u00f3n administrativa<br \/>\nVII. Conclusiones<\/p>\n<p><strong>CAP\u00cdTULO V<br \/>\nFUENTES Y PRINCIPIOS DEL DERECHO CONTEMPOR\u00c1NEO DE AGUAS<\/p>\n<p><\/strong>PRIMERA PARTE<br \/>\nLEGISLACI\u00d3N NACIONAL DE AGUAS DESDE 1818 HASTA 1951<\/p>\n<p>I. El derecho Nacional de Aguas antes del C\u00f3digo Civil (1818-1856)<br \/>\nII. El derecho de aguas en el C\u00f3digo Civil (1857)<br \/>\nIII. Legislaci\u00f3n de aguas desde 1857 hasta fin de siglo<br \/>\nIV. legislaci\u00f3n de aguas desde principios de siglo, hasta antes de la codificaci\u00f3n<\/p>\n<p><strong>SEGUNDA PARTE<\/strong><br \/>\n<strong>EL DERECHO DE AGUAS CODIFICADO<\/strong><\/p>\n<p>I. El C\u00f3digo de aguas de 1951<br \/>\nII. La ley N\u00b016640 y un \u201cnuevo\u201d C\u00f3digo de aguas, en 1967<br \/>\nIII. Disposiciones constitucionales y legales desde 1976 a 1980<br \/>\nIV. Colof\u00f3n<\/p>\n<p><strong>CAP\u00cdTULO VI<br \/>\nHISTORIA DE LA CODIFICACI\u00d3N DEL DERECHO DE AGUAS<\/p>\n<p><\/strong>I. El derecho nacional de aguas precodificado<br \/>\nII. Los proyectos de codificaci\u00f3n rural (1875-1887)<br \/>\nIII. Los primeros proyectos de C\u00f3digo de aguas<br \/>\nIV. Discusi\u00f3n parlamentaria del c\u00f3digo de aguas (1936-1951)<br \/>\nV. Ep\u00edlogo<\/p>\n<p><strong>SEGUNDA PARTE<br \/>\nPRINCIPIOS DEL DERECHO DE AGUAS VIGENTE<\/p>\n<p>CAP\u00cdTULO VII<br \/>\nEL PRINCIPIO DE LA UNIDAD DE LA CORRIENTE EN EL DERECHO DE AGUAS<\/p>\n<p><\/strong>Introducci\u00f3n<strong><br \/>\n<\/strong>I. Historia legislativa de la unidad de la corriente<br \/>\nII. Implicancias jur\u00eddicas del concepto de la unidad de la corriente<br \/>\nIII. Conclusiones<\/p>\n<p><strong>CAP\u00cdTULO VIII<br \/>\nEL PRINCIPIO DE LA LIBRE TRANSFERIBILIDAD DE LOS DERECHOS DE AGUAS<\/p>\n<p><\/strong>I. La creaci\u00f3n y transferibilidad de los derechos de aguas<br \/>\nII. Obst\u00e1culos y facilidades legales del sistema chileno de transferibilidad de derechos de aguas<br \/>\nII. Conclusiones<br \/>\nBibliograf\u00eda<\/p>\n<p><strong>TERCERA PARTE<br \/>\nDOGM\u00c1TICA DEL DERECHO DE AGUAS VIGENTE<\/strong><\/p>\n<p><strong>CAP\u00cdTULO IX<br \/>\nESTATUTO JUR\u00cdDICO, TIPOLOG\u00cdA Y PROBLEMAS ACTUALES DE LOS DERECHOS DE APROVECHAMIENTO DE AGUAS. EN ESPECIAL DE SU REGULARIZACI\u00d3N Y CATASTRO<\/p>\n<p><\/strong>INTRODUCCI\u00d3N: LO PUBLICO Y LO PRIVADO EN MATERIA DE AGUAS ANTE LA HISTORIA JUR\u00cdDICA<\/p>\n<p>I. Estatuto y tipolog\u00eda de los derechos de aguas de Chile<br \/>\nII. Problemas actuales de los t\u00edtulos de aguas<br \/>\nBibliograf\u00eda<\/p>\n<p><strong>CAP\u00cdTULO X<br \/>\nR\u00c9GIMEN JUR\u00cdDICO DE LA UNIDAD DE MEDIDA DE LOS DERECHOS DE AGUAS. SU ESENCIAL CONEXI\u00d3N CON LA DISTRIBUCI\u00d3N DE AGUAS SUPERFICIALES<\/p>\n<p><\/strong>Introducci\u00f3n<br \/>\nI. La unidad de medida ante la historia legislativa y el derecho vigente<br \/>\nII. Unidad de medida de los derechos reconocidos<br \/>\nBibliograf\u00eda citada<\/p>\n<p><strong>CAP\u00cdTULO XI<br \/>\nCONSTRUCCI\u00d3N DE OBRAS HIDROEL\u00c9CTRICAS Y DE RIEGO<\/p>\n<p><\/strong>Introducci\u00f3n<br \/>\nI. Aspectos geogr\u00e1ficos e hist\u00f3ricos de las obras hidr\u00e1ulicas<br \/>\nII. R\u00e9gimen jur\u00eddico de las obras hidroel\u00e9ctricas<br \/>\nIII. R\u00e9gimen jur\u00eddico de las obras para riego<br \/>\nIV. Conclusiones<\/p>\n<p><strong>CAP\u00cdTULO XII<br \/>\nCONSTITUCI\u00d3N DE DERECHOS DE APROVECHAMIENTO DE AGUAS SOBRE DERRAMES. EL CASO DE LAS AGUAS DEPOSITADAS POR UN CONCESIONARIO SANITARIO EN FUENTES NATURALES<\/p>\n<p><\/strong>Introducci\u00f3n<br \/>\nI. Titularidad de las aguas que ocurren por las instalaciones sanitarias<br \/>\nII. Derrames de aguas servidas y creaci\u00f3n de derechos sobre ellas<\/p>\n<p><strong>CAP\u00cdTULO XIII<br \/>\nCONSTITUCI\u00d3N DE DERECHOS DE APROVECHAMIENTO EN AGUAS EMBALSADAS POR UNA CENTRAL HIDROEL\u00c9CTRICA<\/p>\n<p><\/strong>I. Antecedentes<br \/>\nII. Consecuencias jur\u00eddicas de un embalse<br \/>\nIII. Creaci\u00f3n de nuevos derechos de aprovechamiento por la autoridad, para ser captadas las aguas desde un embalse<br \/>\nIV. Conclusiones<\/p>\n<p><strong>CUARTA PARTE<br \/>\nPROSPECTIVA DEL DERECHO DE AGUAS<\/p>\n<p>CAP\u00cdTULO XIV<br \/>\nENTRE LO P\u00daBLICO Y LO PRIVADO, \u00bfQUI\u00c9N ES EL DUE\u00d1O DE LAS AGUAS?<\/p>\n<p><\/strong>I. Una mirada hist\u00f3rica<br \/>\nII. El derecho a las gotas de lluvia<br \/>\nIII. \u00bfAl alcance de todos?<\/p>\n<p><strong>CAP\u00cdTULO XV<br \/>\nCONFLICTIVIDAD JUDICIAL SOBRE RECURSOS H\u00cdDRICOS EN UN SISTEMA DE MERCADO DE DERECHOS DE AGUAS<\/p>\n<p><\/strong>I. Causas de las disputas de aguas en Chile<br \/>\nII. Antecedentes hist\u00f3ricos de la legislaci\u00f3n de aguas chilenas<br \/>\nIII. La conflictividad judicial de aguas en medio de un mercado de los derechos de aguas<br \/>\nIV. Conclusi\u00f3n final<br \/>\nBibliograf\u00eda citada<\/p>\n<p><strong>CAP\u00cdTULO XVI<br \/>\nPERFECCIONAMIENTO LEGAL DEL MERCADO DE DERECHO DE APROVECHAMIENTO DE AGUAS<\/p>\n<p><\/strong>I. El principio de la libre transferibilidad de los derechos de aguas<br \/>\nII. Arreglos institucionales necesarios en un mercado de derecho de aguas<br \/>\nIII. \u201cExternalidades\u201d del mercado de derechos de aguas<br \/>\nIV. El problema de los derrames o flujos de retorno<br \/>\nV. Catastro e inscripci\u00f3n de los derechos de aguas. Su falta de formalizaci\u00f3n<br \/>\nVI. Definici\u00f3n y conceptualizaci\u00f3n inadecuada de los derechos de aguas<br \/>\nVII. Infraestructuras\u00a0y tabas administrativas.<\/p>\n","protected":false},"excerpt":{"rendered":"<p>Este libro ofrece una visi\u00f3n completa de la disciplina y un an\u00e1lisis pr\u00e1ctico de los problemas actuales del Derecho de Aguas, materia, hoy d\u00eda, altamente litigiosa. Consta de diecis\u00e9is cap\u00edtulos distribuidos en cuatro partes, que desarrollan sucesivamente la historia de Derecho de Aguas, sus principios fundamentales, la evoluci\u00f3n de la legislaci\u00f3n y las instituciones matrices de la legislaci\u00f3n vigente. Especial an\u00e1lisis reciben los aspectos centrales de la disciplina como son su estatuto jur\u00eddico y los problemas actuales de los derechos de aprovechamiento de aguas, la unidad de la medida de los derechos, la construcci\u00f3n de obras hidroel\u00e9ctricas y de riesgo, y la constituci\u00f3n de derechos de aprovechamiento de aguas. Todo ello se completa con un extenso repertorio bibliogr\u00e1fico de la disciplina y minuciosos \u00edndice En consecuencia, esta obra constituye un complet\u00edsimo cuerpo doctrinario del Derecho de Aguas, inexistente hasta hoy en Chile Por el an\u00e1lisis y la metodolog\u00eda utilizada, en que se combinan aspectos hist\u00f3ricos, de legislaci\u00f3n vigente, jurisprudencia, y otros m\u00e1s generales, como el an\u00e1lisis del mercado de las aguas, es una obra de consulta para estudiantes de derecho, para profesores, abogados, asociados de regantes y para economistas, ge\u00f3grafos, ingenieros y otros especialistas relacionados con el estudio de las aguas. EL DERECHO DE AGUAS ANTE LA HISTORIA Y LA LEGISLACI\u00d3N VIGENTE. 1. Explicaci\u00f3n preliminar 2. Objetivos generales de una investigaci\u00f3n sobre derecho de aguas 3. Fundamentaci\u00f3n te\u00f3rica de una investigaci\u00f3n en materia de aguas 4. Hip\u00f3tesis de trabajo 5. Bibliograf\u00eda mas relevante en materia de aguas 6. Objetivos espec\u00edficos del estudio del derecho de aguas 7. N\u00facleo dogm\u00e1tico del derecho de aguas PRIMERA PARTE HISTORIA DEL DERECHO DE AGUAS CAP\u00cdTULO I FUENTES DE DERECHO ROMANO DE AGUAS I. Las aguas en el derecho romano cl\u00e1sico II. Las aguas en el derecho postcl\u00e1sico CAP\u00cdTULO II FUENTES Y PRINCIPIOS DEL DERECHO ESPA\u00d1OL MEDIEVAL DE AGUAS Introducci\u00f3n I. Primer texto hisp\u00e1nico II. Las aguas en el fuero juzgo III. Las siete partidas IV. El ordenamiento de Alcal\u00e1 V. El derechopr\u00e1ctico VI. Conclusiones CAP\u00cdTULO III FUENTES Y PRINCIPIOS DEL DERECHO ESPA\u00d1OL MODERNO Y DECIMON\u00d3NICO DE AGUAS I. El derecho moderno de aguas II. El derecho de aguas espa\u00f1ol decimon\u00f3nico CAP\u00cdTULO IV FUENTES Y PRINCIPIOS DEL DERECHO INDIANO DE AGUAS Introducci\u00f3n I. El estado de la cuesti\u00f3n II. La existencia de unos \u201cprincipios generales\u201d III. El dominio de las aguas IV. Las mercedes de aguas\u201d V. Los derechos de uso y aprovechamiento VI. La intervenci\u00f3n administrativa VII. Conclusiones CAP\u00cdTULO V FUENTES Y PRINCIPIOS DEL DERECHO CONTEMPOR\u00c1NEO DE AGUAS PRIMERA PARTE LEGISLACI\u00d3N NACIONAL DE AGUAS DESDE 1818 HASTA 1951 I. El derecho Nacional de Aguas antes del C\u00f3digo Civil (1818-1856) II. El derecho de aguas en el C\u00f3digo Civil (1857) III. Legislaci\u00f3n de aguas desde 1857 hasta fin de siglo IV. legislaci\u00f3n de aguas desde principios de siglo, hasta antes de la codificaci\u00f3n SEGUNDA PARTE EL DERECHO DE AGUAS CODIFICADO I. El C\u00f3digo de aguas de 1951 II. La ley N\u00b016640 y un \u201cnuevo\u201d C\u00f3digo de aguas, en 1967 III. Disposiciones constitucionales y legales desde 1976 a 1980 IV. Colof\u00f3n CAP\u00cdTULO VI HISTORIA DE LA CODIFICACI\u00d3N DEL DERECHO DE AGUAS I. El derecho nacional de aguas precodificado II. Los proyectos de codificaci\u00f3n rural (1875-1887) III. Los primeros proyectos de C\u00f3digo de aguas IV. Discusi\u00f3n parlamentaria del c\u00f3digo de aguas (1936-1951) V. Ep\u00edlogo SEGUNDA PARTE PRINCIPIOS DEL DERECHO DE AGUAS VIGENTE CAP\u00cdTULO VII EL PRINCIPIO DE LA UNIDAD DE LA CORRIENTE EN EL DERECHO DE AGUAS Introducci\u00f3n I. Historia legislativa de la unidad de la corriente II. Implicancias jur\u00eddicas del concepto de la unidad de la corriente III. Conclusiones CAP\u00cdTULO VIII EL PRINCIPIO DE LA LIBRE TRANSFERIBILIDAD DE LOS DERECHOS DE AGUAS I. La creaci\u00f3n y transferibilidad de los derechos de aguas II. Obst\u00e1culos y facilidades legales del sistema chileno de transferibilidad de derechos de aguas II. Conclusiones Bibliograf\u00eda TERCERA PARTE DOGM\u00c1TICA DEL DERECHO DE AGUAS VIGENTE CAP\u00cdTULO IX ESTATUTO JUR\u00cdDICO, TIPOLOG\u00cdA Y PROBLEMAS ACTUALES DE LOS DERECHOS DE APROVECHAMIENTO DE AGUAS. EN ESPECIAL DE SU REGULARIZACI\u00d3N Y CATASTRO INTRODUCCI\u00d3N: LO PUBLICO Y LO PRIVADO EN MATERIA DE AGUAS ANTE LA HISTORIA JUR\u00cdDICA I. Estatuto y tipolog\u00eda de los derechos de aguas de Chile II. Problemas actuales de los t\u00edtulos de aguas Bibliograf\u00eda CAP\u00cdTULO X R\u00c9GIMEN JUR\u00cdDICO DE LA UNIDAD DE MEDIDA DE LOS DERECHOS DE AGUAS. SU ESENCIAL CONEXI\u00d3N CON LA DISTRIBUCI\u00d3N DE AGUAS SUPERFICIALES Introducci\u00f3n I. La unidad de medida ante la historia legislativa y el derecho vigente II. Unidad de medida de los derechos reconocidos Bibliograf\u00eda citada CAP\u00cdTULO XI CONSTRUCCI\u00d3N DE OBRAS HIDROEL\u00c9CTRICAS Y DE RIEGO Introducci\u00f3n I. Aspectos geogr\u00e1ficos e hist\u00f3ricos de las obras hidr\u00e1ulicas II. R\u00e9gimen jur\u00eddico de las obras hidroel\u00e9ctricas III. R\u00e9gimen jur\u00eddico de las obras para riego IV. Conclusiones CAP\u00cdTULO XII CONSTITUCI\u00d3N DE DERECHOS DE APROVECHAMIENTO DE AGUAS SOBRE DERRAMES. EL CASO DE LAS AGUAS DEPOSITADAS POR UN CONCESIONARIO SANITARIO EN FUENTES NATURALES Introducci\u00f3n I. Titularidad de las aguas que ocurren por las instalaciones sanitarias II. Derrames de aguas servidas y creaci\u00f3n de derechos sobre ellas CAP\u00cdTULO XIII CONSTITUCI\u00d3N DE DERECHOS DE APROVECHAMIENTO EN AGUAS EMBALSADAS POR UNA CENTRAL HIDROEL\u00c9CTRICA I. Antecedentes II. Consecuencias jur\u00eddicas de un embalse III. Creaci\u00f3n de nuevos derechos de aprovechamiento por la autoridad, para ser captadas las aguas desde un embalse IV. Conclusiones CUARTA PARTE PROSPECTIVA DEL DERECHO DE AGUAS CAP\u00cdTULO XIV ENTRE LO P\u00daBLICO Y LO PRIVADO, \u00bfQUI\u00c9N ES EL DUE\u00d1O DE LAS AGUAS? I. Una mirada hist\u00f3rica II. El derecho a las gotas de lluvia III. \u00bfAl alcance de todos? CAP\u00cdTULO XV CONFLICTIVIDAD JUDICIAL SOBRE RECURSOS H\u00cdDRICOS EN UN SISTEMA DE MERCADO DE DERECHOS DE AGUAS I. Causas de las disputas de aguas en Chile II. Antecedentes hist\u00f3ricos de la legislaci\u00f3n de aguas chilenas III. La conflictividad judicial de aguas en medio de un mercado de los derechos de aguas IV. Conclusi\u00f3n final Bibliograf\u00eda citada CAP\u00cdTULO XVI PERFECCIONAMIENTO LEGAL DEL MERCADO DE DERECHO DE APROVECHAMIENTO DE AGUAS I. El principio de la libre transferibilidad de los derechos de aguas II. Arreglos institucionales necesarios en un mercado de derecho de aguas III.<\/p>\n","protected":false},"featured_media":3145,"comment_status":"open","ping_status":"closed","template":"","meta":{"inline_featured_image":false,"_joinchat":[]},"product_brand":[],"product_cat":[31,57],"product_tag":[],"class_list":{"0":"post-3097","1":"product","2":"type-product","3":"status-publish","4":"has-post-thumbnail","6":"product_cat-derecho-ambiental","7":"product_cat-editorial-juridica-de-chile","8":"product_shipping_class-a-convenir","10":"first","11":"instock","12":"shipping-taxable","13":"purchasable","14":"product-type-simple"},"_links":{"self":[{"href":"https:\/\/bibliotecajuridicavirtual.cl\/index.php\/wp-json\/wp\/v2\/product\/3097","targetHints":{"allow":["GET"]}}],"collection":[{"href":"https:\/\/bibliotecajuridicavirtual.cl\/index.php\/wp-json\/wp\/v2\/product"}],"about":[{"href":"https:\/\/bibliotecajuridicavirtual.cl\/index.php\/wp-json\/wp\/v2\/types\/product"}],"replies":[{"embeddable":true,"href":"https:\/\/bibliotecajuridicavirtual.cl\/index.php\/wp-json\/wp\/v2\/comments?post=3097"}],"wp:featuredmedia":[{"embeddable":true,"href":"https:\/\/bibliotecajuridicavirtual.cl\/index.php\/wp-json\/wp\/v2\/media\/3145"}],"wp:attachment":[{"href":"https:\/\/bibliotecajuridicavirtual.cl\/index.php\/wp-json\/wp\/v2\/media?parent=3097"}],"wp:term":[{"taxonomy":"product_brand","embeddable":true,"href":"https:\/\/bibliotecajuridicavirtual.cl\/index.php\/wp-json\/wp\/v2\/product_brand?post=3097"},{"taxonomy":"product_cat","embeddable":true,"href":"https:\/\/bibliotecajuridicavirtual.cl\/index.php\/wp-json\/wp\/v2\/product_cat?post=3097"},{"taxonomy":"product_tag","embeddable":true,"href":"https:\/\/bibliotecajuridicavirtual.cl\/index.php\/wp-json\/wp\/v2\/product_tag?post=3097"}],"curies":[{"name":"wp","href":"https:\/\/api.w.org\/{rel}","templated":true}]}}