{"id":3098,"date":"2026-02-28T01:09:08","date_gmt":"2026-02-28T04:09:08","guid":{"rendered":"https:\/\/bibliotecajuridicavirtual.cl\/?post_type=product&#038;p=3098"},"modified":"2026-02-28T01:09:45","modified_gmt":"2026-02-28T04:09:45","slug":"inexistencia-y-nulidad-en-el-codigo-civil-chileno-teoria-bimembre-de-la-nulidad-ano-2004-338-pag-autor-pablo-rodriguez-grez","status":"publish","type":"product","link":"https:\/\/bibliotecajuridicavirtual.cl\/index.php\/product\/inexistencia-y-nulidad-en-el-codigo-civil-chileno-teoria-bimembre-de-la-nulidad-ano-2004-338-pag-autor-pablo-rodriguez-grez\/","title":{"rendered":"Inexistencia y Nulidad en el C\u00f3digo Civil Chileno &#8211; Teor\u00eda Bimembre de la Nulidad. A\u00f1o 2004\/338 P\u00e1g. Autor Pablo Rodr\u00edguez Grez"},"content":{"rendered":"<p><strong>La inexistencia jur\u00eddica<\/strong><\/p>\n<p>La inexistencia como consecuencia jur\u00eddica<br \/>\nInexistencia propia e impropia<br \/>\nElementos esenciales, de existencia o estructurales del acto jur\u00eddico<br \/>\nLa inexistencia como consecuencia negativa; Validez y existencia<br \/>\nTeor\u00eda de los opuestos jur\u00eddicos<br \/>\n\u00bfContempla la legislaci\u00f3n chilena la \u201cinexistencia\u201d jur\u00eddica?<br \/>\nEstatuto jur\u00eddico de la inexistencia; Posiciones de la doctrina frente a la inexistencia<br \/>\nJurisprudencia<br \/>\nPrincipales conclusiones.<\/p>\n<p><strong>Teor\u00eda bimembre de la nulidad:<\/strong><\/p>\n<p>Premisas b\u00e1sicas<br \/>\nDefinici\u00f3n del acto jur\u00eddico<br \/>\nPresupuestos de la teor\u00eda de la nulidad<br \/>\nDe los tipos de nulidad en el C\u00f3digo Civil chileno<br \/>\nRazones para sostener la distinci\u00f3n de nulidades originarias y virtuales en el C\u00f3digo Civil chileno<br \/>\nInterversi\u00f3n de la nulidad<br \/>\nEstatuto jur\u00eddico de las nulidades originarias<br \/>\nDiferencias<br \/>\nEstatuto jur\u00eddico de las nulidades virtuales<br \/>\nNulidad e inter\u00e9s<br \/>\nNulidad orden p\u00fablico e inter\u00e9s privado<br \/>\nLa nulidad y el arbitraje<br \/>\nNulidad e indemnizaci\u00f3n de perjuicios<br \/>\nNulidad y recurso de protecci\u00f3n<br \/>\nReenfoque de la nulidad<br \/>\nPrincipales conclusions<\/p>\n","protected":false},"excerpt":{"rendered":"<p>La inexistencia jur\u00eddica La inexistencia como consecuencia jur\u00eddica Inexistencia propia e impropia Elementos esenciales, de existencia o estructurales del acto jur\u00eddico La inexistencia como consecuencia negativa; Validez y existencia Teor\u00eda de los opuestos jur\u00eddicos \u00bfContempla la legislaci\u00f3n chilena la \u201cinexistencia\u201d jur\u00eddica? Estatuto jur\u00eddico de la inexistencia; Posiciones de la doctrina frente a la inexistencia Jurisprudencia Principales conclusiones. Teor\u00eda bimembre de la nulidad: Premisas b\u00e1sicas Definici\u00f3n del acto jur\u00eddico Presupuestos de la teor\u00eda de la nulidad De los tipos de nulidad en el C\u00f3digo Civil chileno Razones para sostener la distinci\u00f3n de nulidades originarias y virtuales en el C\u00f3digo Civil chileno Interversi\u00f3n de la nulidad Estatuto jur\u00eddico de las nulidades originarias Diferencias Estatuto jur\u00eddico de las nulidades virtuales Nulidad e inter\u00e9s Nulidad orden p\u00fablico e inter\u00e9s privado La nulidad y el arbitraje Nulidad e indemnizaci\u00f3n de perjuicios Nulidad y recurso de protecci\u00f3n Reenfoque de la nulidad Principales conclusions<\/p>\n","protected":false},"featured_media":3146,"comment_status":"open","ping_status":"closed","template":"","meta":{"inline_featured_image":false,"_joinchat":[]},"product_brand":[],"product_cat":[27,57],"product_tag":[],"class_list":{"0":"post-3098","1":"product","2":"type-product","3":"status-publish","4":"has-post-thumbnail","6":"product_cat-civil","7":"product_cat-editorial-juridica-de-chile","8":"product_shipping_class-a-convenir","10":"first","11":"instock","12":"shipping-taxable","13":"purchasable","14":"product-type-simple"},"_links":{"self":[{"href":"https:\/\/bibliotecajuridicavirtual.cl\/index.php\/wp-json\/wp\/v2\/product\/3098","targetHints":{"allow":["GET"]}}],"collection":[{"href":"https:\/\/bibliotecajuridicavirtual.cl\/index.php\/wp-json\/wp\/v2\/product"}],"about":[{"href":"https:\/\/bibliotecajuridicavirtual.cl\/index.php\/wp-json\/wp\/v2\/types\/product"}],"replies":[{"embeddable":true,"href":"https:\/\/bibliotecajuridicavirtual.cl\/index.php\/wp-json\/wp\/v2\/comments?post=3098"}],"wp:featuredmedia":[{"embeddable":true,"href":"https:\/\/bibliotecajuridicavirtual.cl\/index.php\/wp-json\/wp\/v2\/media\/3146"}],"wp:attachment":[{"href":"https:\/\/bibliotecajuridicavirtual.cl\/index.php\/wp-json\/wp\/v2\/media?parent=3098"}],"wp:term":[{"taxonomy":"product_brand","embeddable":true,"href":"https:\/\/bibliotecajuridicavirtual.cl\/index.php\/wp-json\/wp\/v2\/product_brand?post=3098"},{"taxonomy":"product_cat","embeddable":true,"href":"https:\/\/bibliotecajuridicavirtual.cl\/index.php\/wp-json\/wp\/v2\/product_cat?post=3098"},{"taxonomy":"product_tag","embeddable":true,"href":"https:\/\/bibliotecajuridicavirtual.cl\/index.php\/wp-json\/wp\/v2\/product_tag?post=3098"}],"curies":[{"name":"wp","href":"https:\/\/api.w.org\/{rel}","templated":true}]}}