{"id":3100,"date":"2026-02-28T01:09:08","date_gmt":"2026-02-28T04:09:08","guid":{"rendered":"https:\/\/bibliotecajuridicavirtual.cl\/?post_type=product&#038;p=3100"},"modified":"2026-02-28T01:09:48","modified_gmt":"2026-02-28T04:09:48","slug":"delitos-relacionados-con-el-trafico-ilicito-de-estupefacientes-estudio-de-la-ley-nro-20-000-ano-diciembre-2023-584-pag-autor-hernan-silva-silva","status":"publish","type":"product","link":"https:\/\/bibliotecajuridicavirtual.cl\/index.php\/product\/delitos-relacionados-con-el-trafico-ilicito-de-estupefacientes-estudio-de-la-ley-nro-20-000-ano-diciembre-2023-584-pag-autor-hernan-silva-silva\/","title":{"rendered":"Delitos Relacionados con el Trafico Il\u00edcito de Estupefacientes &#8211; Estudio de la Ley Nro 20.000. A\u00f1o Diciembre 2023\/ 584 P\u00e1g. Autor  Hern\u00e1n Silva Silva"},"content":{"rendered":"<p style=\"font-weight: 400;\"><b><strong>DOCTRINA, JURISPRUDENCIA Y DERECHO COMPARADO<\/strong><\/b><\/p>\n<p>El profesor titular de Derecho Penal don Hern\u00e1n Silva Silva desarrolla en esta obra las figuras penales de la Ley N\u00b020 000, del a\u00f1o 2005, en especial sus modificaciones y entre otras las se\u00f1aladas en la Ley N\u00b021.577, de 15 junio de 2023 que fortalece la persecuci\u00f3n de los delitos de delincuencia organizada, establece t\u00e9cnicas especiales para su investigaci\u00f3n y robustece el comiso de ganancias del Ministerio del Interior y Seguridad P\u00fablica.<\/p>\n<p style=\"font-weight: 400;\">Se dedican apartados al delito de microtr\u00e1fico que se comete d\u00eda a d\u00eda a nivel mundial y a la atenuante de la cooperaci\u00f3n eficaz que es un mecanismo contemplado y empleado a nivel internacional para la investigaci\u00f3n de los delitos sobre tr\u00e1fico de drogas.<\/p>\n<p style=\"font-weight: 400;\">Tambi\u00e9n se refiere el autor al tema vigente de la legalizaci\u00f3n de la marihuana, se\u00f1alando las diversas opiniones al respecto especialmente sobre su uso terap\u00e9utico con informes de la OMS en orden al incremento alarmante de su consumo analizando el discutido uso recreativo o l\u00fadico de esta droga y los pa\u00edses que lo han permitido en casos calificados y cu\u00e1ndo constituye un il\u00edcito.<\/p>\n<p style=\"font-weight: 400;\">Se indica en una estad\u00edstica de la OMS del a\u00f1o 2022 que cerca de 284 millones de personas consumen drogas de diversa naturaleza en el mundo entre los 15 y 64 a\u00f1os de edad y un importante n\u00famero de ellos sufre patolog\u00edas mentales por su uso habitual, registr\u00e1ndose un elevado porcentaje de muertes por sobredosis y por la comisi\u00f3n de delitos violentos bajo su influencia.<\/p>\n<p style=\"font-weight: 400;\">El autor prosigue desarrollando la legislaci\u00f3n comparada sobre el tr\u00e1fico il\u00edcito de drogas, el aspecto m\u00e9dico legal, los informes periciales, el juicio de imputabilidad y del drogadicto, con sentencias de fecha reciente, terminando la obra con un extenso glosario sobre drogas y terminolog\u00eda m\u00e9dica al respecto.<\/p>\n<p style=\"font-weight: 400;\">Es un libro que desarrolla una problem\u00e1tica vigente en sus diversos aspectos y marca un esfuerzo de su autor, siendo de gran utilidad para los especialistas en derecho penal medicina legal, para profesores, fiscales defensores estudiantes y p\u00fablico en general que se interesen en este relevante tema para la sociedad considerando que el consumo de drogas afecta no solo a la salud individual, sino que tambi\u00e9n a la salud de toda la poblaci\u00f3n.<\/p>\n","protected":false},"excerpt":{"rendered":"<p>DOCTRINA, JURISPRUDENCIA Y DERECHO COMPARADO El profesor titular de Derecho Penal don Hern\u00e1n Silva Silva desarrolla en esta obra las figuras penales de la Ley N\u00b020 000, del a\u00f1o 2005, en especial sus modificaciones y entre otras las se\u00f1aladas en la Ley N\u00b021.577, de 15 junio de 2023 que fortalece la persecuci\u00f3n de los delitos de delincuencia organizada, establece t\u00e9cnicas especiales para su investigaci\u00f3n y robustece el comiso de ganancias del Ministerio del Interior y Seguridad P\u00fablica. Se dedican apartados al delito de microtr\u00e1fico que se comete d\u00eda a d\u00eda a nivel mundial y a la atenuante de la cooperaci\u00f3n eficaz que es un mecanismo contemplado y empleado a nivel internacional para la investigaci\u00f3n de los delitos sobre tr\u00e1fico de drogas. Tambi\u00e9n se refiere el autor al tema vigente de la legalizaci\u00f3n de la marihuana, se\u00f1alando las diversas opiniones al respecto especialmente sobre su uso terap\u00e9utico con informes de la OMS en orden al incremento alarmante de su consumo analizando el discutido uso recreativo o l\u00fadico de esta droga y los pa\u00edses que lo han permitido en casos calificados y cu\u00e1ndo constituye un il\u00edcito. Se indica en una estad\u00edstica de la OMS del a\u00f1o 2022 que cerca de 284 millones de personas consumen drogas de diversa naturaleza en el mundo entre los 15 y 64 a\u00f1os de edad y un importante n\u00famero de ellos sufre patolog\u00edas mentales por su uso habitual, registr\u00e1ndose un elevado porcentaje de muertes por sobredosis y por la comisi\u00f3n de delitos violentos bajo su influencia. El autor prosigue desarrollando la legislaci\u00f3n comparada sobre el tr\u00e1fico il\u00edcito de drogas, el aspecto m\u00e9dico legal, los informes periciales, el juicio de imputabilidad y del drogadicto, con sentencias de fecha reciente, terminando la obra con un extenso glosario sobre drogas y terminolog\u00eda m\u00e9dica al respecto. Es un libro que desarrolla una problem\u00e1tica vigente en sus diversos aspectos y marca un esfuerzo de su autor, siendo de gran utilidad para los especialistas en derecho penal medicina legal, para profesores, fiscales defensores estudiantes y p\u00fablico en general que se interesen en este relevante tema para la sociedad considerando que el consumo de drogas afecta no solo a la salud individual, sino que tambi\u00e9n a la salud de toda la poblaci\u00f3n.<\/p>\n","protected":false},"featured_media":3148,"comment_status":"open","ping_status":"closed","template":"","meta":{"inline_featured_image":false,"_joinchat":[]},"product_brand":[],"product_cat":[57,30],"product_tag":[],"class_list":{"0":"post-3100","1":"product","2":"type-product","3":"status-publish","4":"has-post-thumbnail","6":"product_cat-editorial-juridica-de-chile","7":"product_cat-penal","8":"product_shipping_class-a-convenir","10":"first","11":"instock","12":"shipping-taxable","13":"purchasable","14":"product-type-simple"},"_links":{"self":[{"href":"https:\/\/bibliotecajuridicavirtual.cl\/index.php\/wp-json\/wp\/v2\/product\/3100","targetHints":{"allow":["GET"]}}],"collection":[{"href":"https:\/\/bibliotecajuridicavirtual.cl\/index.php\/wp-json\/wp\/v2\/product"}],"about":[{"href":"https:\/\/bibliotecajuridicavirtual.cl\/index.php\/wp-json\/wp\/v2\/types\/product"}],"replies":[{"embeddable":true,"href":"https:\/\/bibliotecajuridicavirtual.cl\/index.php\/wp-json\/wp\/v2\/comments?post=3100"}],"wp:featuredmedia":[{"embeddable":true,"href":"https:\/\/bibliotecajuridicavirtual.cl\/index.php\/wp-json\/wp\/v2\/media\/3148"}],"wp:attachment":[{"href":"https:\/\/bibliotecajuridicavirtual.cl\/index.php\/wp-json\/wp\/v2\/media?parent=3100"}],"wp:term":[{"taxonomy":"product_brand","embeddable":true,"href":"https:\/\/bibliotecajuridicavirtual.cl\/index.php\/wp-json\/wp\/v2\/product_brand?post=3100"},{"taxonomy":"product_cat","embeddable":true,"href":"https:\/\/bibliotecajuridicavirtual.cl\/index.php\/wp-json\/wp\/v2\/product_cat?post=3100"},{"taxonomy":"product_tag","embeddable":true,"href":"https:\/\/bibliotecajuridicavirtual.cl\/index.php\/wp-json\/wp\/v2\/product_tag?post=3100"}],"curies":[{"name":"wp","href":"https:\/\/api.w.org\/{rel}","templated":true}]}}