{"id":3120,"date":"2026-02-28T01:09:30","date_gmt":"2026-02-28T04:09:30","guid":{"rendered":"https:\/\/bibliotecajuridicavirtual.cl\/?post_type=product&#038;p=3120"},"modified":"2026-02-28T01:09:50","modified_gmt":"2026-02-28T04:09:50","slug":"concesiones-mineras-ano-octubre-2018-189-pag-autor-salustio-f-montalva-del-pozo","status":"publish","type":"product","link":"https:\/\/bibliotecajuridicavirtual.cl\/index.php\/product\/concesiones-mineras-ano-octubre-2018-189-pag-autor-salustio-f-montalva-del-pozo\/","title":{"rendered":"Concesiones Mineras. A\u00f1o Octubre 2018 \/ 189 P\u00e1g. Autor Salustio F. Montalva Del Pozo"},"content":{"rendered":"<div class=\"textLayer\" data-main-rotation=\"0\"><span id=\"page93R_mcid61\" class=\"markedContent\"><span dir=\"ltr\" role=\"presentation\">INDICE <\/span><\/span><\/div>\n<div class=\"textLayer\" data-main-rotation=\"0\"><span id=\"page93R_mcid61\" class=\"markedContent\"><span dir=\"ltr\" role=\"presentation\">Pr\u00f3logo<\/span><\/span><span id=\"page93R_mcid62\" class=\"markedContent\"> <span dir=\"ltr\" role=\"presentation\">&#8230;&#8230;&#8230;&#8230;&#8230;&#8230;&#8230;&#8230;&#8230;&#8230;&#8230;&#8230;&#8230;&#8230;&#8230;&#8230;&#8230;&#8230;&#8230;&#8230;&#8230;..<\/span><\/span><span id=\"page93R_mcid63\" class=\"markedContent\"> <span dir=\"ltr\" role=\"presentation\">11<\/span><\/span><span id=\"page93R_mcid64\" class=\"markedContent\"><br role=\"presentation\" \/><span dir=\"ltr\" role=\"presentation\">Cap\u00edtulo I<\/span><\/span><span id=\"page93R_mcid65\" class=\"markedContent\"><span class=\"markedContent\"><br role=\"presentation\" \/><\/span><span dir=\"ltr\" role=\"presentation\">Introducci\u00f3n,<\/span> <span dir=\"ltr\" role=\"presentation\">presentaci\u00f3n<\/span> <span dir=\"ltr\" role=\"presentation\">de<\/span> <span dir=\"ltr\" role=\"presentation\">problem\u00e1tica <\/span><\/span><span id=\"page93R_mcid66\" class=\"markedContent\"><span dir=\"ltr\" role=\"presentation\">y<\/span> <span dir=\"ltr\" role=\"presentation\">objetivos<\/span> <span dir=\"ltr\" role=\"presentation\">del<\/span> <span dir=\"ltr\" role=\"presentation\">trabajo <\/span><\/span><span id=\"page93R_mcid67\" class=\"markedContent\"><span dir=\"ltr\" role=\"presentation\">Nota Introductoria<\/span><\/span><span id=\"page93R_mcid68\" class=\"markedContent\"><span dir=\"ltr\" role=\"presentation\">&#8230;&#8230;&#8230;&#8230;&#8230;&#8230;&#8230;&#8230;.<\/span><\/span><span id=\"page93R_mcid69\" class=\"markedContent\"> <span dir=\"ltr\" role=\"presentation\">15<\/span><\/span><span id=\"page93R_mcid70\" class=\"markedContent\"><br role=\"presentation\" \/><span dir=\"ltr\" role=\"presentation\">Problem\u00e1tica.<\/span> <span dir=\"ltr\" role=\"presentation\">El<\/span> <span dir=\"ltr\" role=\"presentation\">Proceso<\/span> <span dir=\"ltr\" role=\"presentation\">Concesional <\/span><\/span><span id=\"page93R_mcid71\" class=\"markedContent\"><span dir=\"ltr\" role=\"presentation\">Minero<\/span><\/span><span id=\"page93R_mcid72\" class=\"markedContent\"> <span dir=\"ltr\" role=\"presentation\">&#8230;&#8230;&#8230;&#8230;&#8230;&#8230;&#8230;&#8230;&#8230;&#8230;&#8230;&#8230;&#8230;&#8230;&#8230;&#8230;&#8230;&#8230;.<\/span><\/span><span id=\"page93R_mcid73\" class=\"markedContent\"> <span dir=\"ltr\" role=\"presentation\">18<\/span><\/span><span id=\"page93R_mcid74\" class=\"markedContent\"><br role=\"presentation\" \/><span dir=\"ltr\" role=\"presentation\">Regulaci\u00f3n Jur\u00eddica de la Problem\u00e1tica<\/span><\/span><span id=\"page93R_mcid75\" class=\"markedContent\"> <span dir=\"ltr\" role=\"presentation\">&#8230;&#8230;.<\/span><\/span><span id=\"page93R_mcid76\" class=\"markedContent\"> <span dir=\"ltr\" role=\"presentation\">22<\/span><\/span><span id=\"page93R_mcid77\" class=\"markedContent\"><br role=\"presentation\" \/><span dir=\"ltr\" role=\"presentation\">Relevancia de una investigaci\u00f3n jur\u00eddica <\/span><\/span><span id=\"page93R_mcid78\" class=\"markedContent\"><span dir=\"ltr\" role=\"presentation\">sobre este problema y sus complejida<\/span><\/span><span id=\"page93R_mcid80\" class=\"markedContent\"><span dir=\"ltr\" role=\"presentation\">des<\/span><\/span><span id=\"page93R_mcid81\" class=\"markedContent\"><span dir=\"ltr\" role=\"presentation\">&#8230;&#8230;&#8230;&#8230;&#8230;&#8230;&#8230;&#8230;&#8230;.<\/span><\/span><span id=\"page93R_mcid82\" class=\"markedContent\"> <span dir=\"ltr\" role=\"presentation\">24<\/span><\/span><span id=\"page93R_mcid83\" class=\"markedContent\"><br role=\"presentation\" \/><span dir=\"ltr\" role=\"presentation\">Cap\u00edtulo II<\/span><\/span><span id=\"page93R_mcid84\" class=\"markedContent\"><span class=\"markedContent\"><br role=\"presentation\" \/><span dir=\"ltr\" role=\"presentation\">e<\/span><\/span><span dir=\"ltr\" role=\"presentation\">l<\/span> <span dir=\"ltr\" role=\"presentation\">proceso<\/span> <span dir=\"ltr\" role=\"presentation\">concesional<\/span> <span dir=\"ltr\" role=\"presentation\">minero<\/span> <span dir=\"ltr\" role=\"presentation\">y<\/span> <span dir=\"ltr\" role=\"presentation\">su<\/span><span dir=\"ltr\" role=\"presentation\">s <\/span><\/span><span id=\"page93R_mcid85\" class=\"markedContent\"><span dir=\"ltr\" role=\"presentation\">participantes.<\/span><\/span><span id=\"page93R_mcid86\" class=\"markedContent\"><br role=\"presentation\" \/><span dir=\"ltr\" role=\"presentation\">P\u00e1rrafo 1: Generalidades del proceso conce<\/span><\/span><span id=\"page93R_mcid88\" class=\"markedContent\"><span dir=\"ltr\" role=\"presentation\">sional y participantes<\/span><\/span><span id=\"page93R_mcid89\" class=\"markedContent\"> <span dir=\"ltr\" role=\"presentation\">&#8230;&#8230;&#8230;&#8230;&#8230;&#8230;&#8230;&#8230;&#8230;&#8230;.<\/span><\/span><span id=\"page93R_mcid90\" class=\"markedContent\"> <span dir=\"ltr\" role=\"presentation\">31<\/span><\/span><\/div>\n<div data-main-rotation=\"0\">\n<div class=\"textLayer\" data-main-rotation=\"0\"><span id=\"page115R_mcid91\" class=\"markedContent\"><span dir=\"ltr\" role=\"presentation\">P\u00e1rrafo 2: El problema de la competencia<\/span><\/span><span id=\"page115R_mcid92\" class=\"markedContent\"><br role=\"presentation\" \/><span dir=\"ltr\" role=\"presentation\">entre concesionarios. An\u00e1lisis del proce<\/span><\/span><span id=\"page115R_mcid94\" class=\"markedContent\"><span dir=\"ltr\" role=\"presentation\">so concesional<\/span><\/span><span id=\"page115R_mcid95\" class=\"markedContent\"> <span dir=\"ltr\" role=\"presentation\">&#8230;&#8230;&#8230;&#8230;&#8230;&#8230;&#8230;&#8230;&#8230;&#8230;&#8230;&#8230;&#8230;&#8230;..<\/span><\/span><span id=\"page115R_mcid96\" class=\"markedContent\"> <span dir=\"ltr\" role=\"presentation\">48<\/span><\/span><span id=\"page115R_mcid97\" class=\"markedContent\"><br role=\"presentation\" \/><span dir=\"ltr\" role=\"presentation\">P\u00e1rrafo 3: Soluci\u00f3n integradora del ordena<\/span><\/span><span id=\"page115R_mcid99\" class=\"markedContent\"><span dir=\"ltr\" role=\"presentation\">miento minero<\/span><\/span><span id=\"page115R_mcid100\" class=\"markedContent\"> <span dir=\"ltr\" role=\"presentation\">&#8230;&#8230;&#8230;&#8230;&#8230;&#8230;&#8230;&#8230;&#8230;&#8230;&#8230;&#8230;&#8230;&#8230;.<\/span><\/span><span id=\"page115R_mcid101\" class=\"markedContent\"> <span dir=\"ltr\" role=\"presentation\">90<\/span><\/span><span id=\"page115R_mcid102\" class=\"markedContent\"><br role=\"presentation\" \/><span dir=\"ltr\" role=\"presentation\">Cap\u00edtulo III<\/span><\/span><span id=\"page115R_mcid103\" class=\"markedContent\"><span class=\"markedContent\"><br role=\"presentation\" \/><span dir=\"ltr\" role=\"presentation\">c<\/span><\/span><span dir=\"ltr\" role=\"presentation\">onfrontaci\u00f3n<\/span> <span dir=\"ltr\" role=\"presentation\">normativa<\/span><span dir=\"ltr\" role=\"presentation\">:<\/span><span class=\"markedContent\">\u00a0<\/span>art\u00edculo<span dir=\"ltr\" role=\"presentation\">107<\/span><\/span><span id=\"page115R_mcid104\" class=\"markedContent\"><br role=\"presentation\" \/><span dir=\"ltr\" role=\"presentation\">vers<\/span><span class=\"markedContent\"><span dir=\"ltr\" role=\"presentation\">U<\/span><\/span><span dir=\"ltr\" role=\"presentation\">s<\/span> <span dir=\"ltr\" role=\"presentation\">art\u00edc<\/span><span class=\"markedContent\"><span dir=\"ltr\" role=\"presentation\">U<\/span><\/span><span dir=\"ltr\" role=\"presentation\">lo<\/span> <span dir=\"ltr\" role=\"presentation\">53.<\/span><span class=\"markedContent\"> <span dir=\"ltr\" role=\"presentation\">a<\/span><\/span><span dir=\"ltr\" role=\"presentation\">lcances<\/span> <span dir=\"ltr\" role=\"presentation\">y<\/span> <span dir=\"ltr\" role=\"presentation\">dimensiones<\/span><\/span><span id=\"page115R_mcid105\" class=\"markedContent\"><br role=\"presentation\" \/><span dir=\"ltr\" role=\"presentation\">P\u00e1rrafo 1: An\u00e1lisis dogm\u00e1tico del art\u00edculo<\/span><\/span><span id=\"page115R_mcid106\" class=\"markedContent\"><br role=\"presentation\" \/><span dir=\"ltr\" role=\"presentation\">107 del C<\/span><\/span><span id=\"page115R_mcid107\" class=\"markedContent\"><span dir=\"ltr\" role=\"presentation\">\u00f3digo<\/span><\/span><span id=\"page115R_mcid108\" class=\"markedContent\"> <span dir=\"ltr\" role=\"presentation\">de Miner\u00eda<\/span><\/span><span id=\"page115R_mcid109\" class=\"markedContent\"> <span dir=\"ltr\" role=\"presentation\">&#8230;&#8230;&#8230;&#8230;&#8230;&#8230;..<\/span><\/span><span id=\"page115R_mcid110\" class=\"markedContent\"> <span dir=\"ltr\" role=\"presentation\">105<\/span><\/span><span id=\"page115R_mcid111\" class=\"markedContent\"><br role=\"presentation\" \/><span dir=\"ltr\" role=\"presentation\">P\u00e1rrafo 2: La Soluci\u00f3n: El Art\u00edculo 53 del<\/span><\/span><span id=\"page115R_mcid112\" class=\"markedContent\"><br role=\"presentation\" \/><span dir=\"ltr\" role=\"presentation\">C<\/span><\/span><span id=\"page115R_mcid113\" class=\"markedContent\"><span dir=\"ltr\" role=\"presentation\">\u00f3digo de Miner\u00eda<\/span><\/span><span id=\"page115R_mcid114\" class=\"markedContent\"> <span dir=\"ltr\" role=\"presentation\">&#8230;&#8230;&#8230;&#8230;&#8230;&#8230;&#8230;&#8230;&#8230;&#8230;&#8230;<\/span><\/span><span id=\"page115R_mcid115\" class=\"markedContent\"> <span dir=\"ltr\" role=\"presentation\">119<\/span><\/span><span id=\"page115R_mcid116\" class=\"markedContent\"><br role=\"presentation\" \/><span dir=\"ltr\" role=\"presentation\">P\u00e1rrafo 3: \u201cLa Equidad\u201d<\/span><\/span><span id=\"page115R_mcid117\" class=\"markedContent\"> <span dir=\"ltr\" role=\"presentation\">&#8230;&#8230;&#8230;&#8230;&#8230;&#8230;&#8230;&#8230;&#8230;&#8230;<\/span><\/span><span id=\"page115R_mcid118\" class=\"markedContent\"> <span dir=\"ltr\" role=\"presentation\">134<\/span><\/span><span id=\"page115R_mcid119\" class=\"markedContent\"><br role=\"presentation\" \/><span dir=\"ltr\" role=\"presentation\">Cap\u00edtulo IV<\/span><\/span><span id=\"page115R_mcid120\" class=\"markedContent\"><span class=\"markedContent\"><br role=\"presentation\" \/><span dir=\"ltr\" role=\"presentation\">d<\/span><\/span><span dir=\"ltr\" role=\"presentation\">erribando<\/span> <span dir=\"ltr\" role=\"presentation\">mitos<\/span><span dir=\"ltr\" role=\"presentation\">:<\/span> <span dir=\"ltr\" role=\"presentation\">an\u00e1lisis<\/span> <span dir=\"ltr\" role=\"presentation\">de<\/span> <span dir=\"ltr\" role=\"presentation\">la<\/span> <span dir=\"ltr\" role=\"presentation\">sol<\/span><span class=\"markedContent\"><span dir=\"ltr\" role=\"presentation\">U<\/span><\/span><span dir=\"ltr\" role=\"presentation\">ci\u00f3n<\/span><\/span><span id=\"page115R_mcid121\" class=\"markedContent\"><br role=\"presentation\" \/><span dir=\"ltr\" role=\"presentation\">P\u00e1rrafo 1: An\u00e1lisis desde la perspectiva ju<\/span><\/span><span id=\"page115R_mcid123\" class=\"markedContent\"><span dir=\"ltr\" role=\"presentation\">r\u00eddico-t\u00e9cnica<\/span><\/span><span id=\"page115R_mcid124\" class=\"markedContent\"> <span dir=\"ltr\" role=\"presentation\">&#8230;&#8230;&#8230;&#8230;&#8230;&#8230;&#8230;&#8230;&#8230;&#8230;&#8230;&#8230;&#8230;.<\/span><\/span><span id=\"page115R_mcid125\" class=\"markedContent\"> <span dir=\"ltr\" role=\"presentation\">143<\/span><\/span><span id=\"page115R_mcid126\" class=\"markedContent\"><br role=\"presentation\" \/><span dir=\"ltr\" role=\"presentation\">P\u00e1rrafo 2: Actividad reguladora del Estado<\/span><\/span><span id=\"page115R_mcid127\" class=\"markedContent\"><br role=\"presentation\" \/><span dir=\"ltr\" role=\"presentation\">en la miner\u00eda \u00bfQu\u00e9 dice al respecto la<\/span><\/span><span id=\"page115R_mcid128\" class=\"markedContent\"><br role=\"presentation\" \/><span dir=\"ltr\" role=\"presentation\">normativa de seguridad minera?<\/span><\/span><span id=\"page115R_mcid129\" class=\"markedContent\"> <span dir=\"ltr\" role=\"presentation\">&#8230;&#8230;&#8230;<\/span><\/span><span id=\"page115R_mcid130\" class=\"markedContent\"> <span dir=\"ltr\" role=\"presentation\">154<\/span><\/span><span id=\"page115R_mcid131\" class=\"markedContent\"><br role=\"presentation\" \/><span dir=\"ltr\" role=\"presentation\">P\u00e1rrafo 3:<\/span><\/span><span id=\"page115R_mcid132\" class=\"markedContent\"> <span dir=\"ltr\" role=\"presentation\">\u00bfQu\u00e9 dice al respecto la ley de<\/span><\/span><span id=\"page115R_mcid133\" class=\"markedContent\"><br role=\"presentation\" \/><span dir=\"ltr\" role=\"presentation\">c<\/span><\/span><span id=\"page115R_mcid134\" class=\"markedContent\"><span dir=\"ltr\" role=\"presentation\">ierre?<\/span><\/span><span id=\"page115R_mcid135\" class=\"markedContent\"> <span dir=\"ltr\" role=\"presentation\">&#8230;&#8230;&#8230;&#8230;&#8230;&#8230;&#8230;&#8230;&#8230;&#8230;&#8230;&#8230;&#8230;&#8230;&#8230;&#8230;&#8230;..<\/span><\/span><span id=\"page115R_mcid136\" class=\"markedContent\"> <span dir=\"ltr\" role=\"presentation\">172<\/span><\/span><span id=\"page115R_mcid137\" class=\"markedContent\"><br role=\"presentation\" \/><span dir=\"ltr\" role=\"presentation\">Breve s\u00edntesis de conclusiones<\/span><\/span><span id=\"page115R_mcid138\" class=\"markedContent\"> <span dir=\"ltr\" role=\"presentation\">&#8230;&#8230;&#8230;&#8230;&#8230;&#8230;&#8230;&#8230;<\/span><\/span><span id=\"page115R_mcid139\" class=\"markedContent\"> <span dir=\"ltr\" role=\"presentation\">181<\/span><\/span><span id=\"page115R_mcid140\" class=\"markedContent\"><br role=\"presentation\" \/><span dir=\"ltr\" role=\"presentation\">Bibliograf\u00eda relevante<\/span><\/span><span id=\"page115R_mcid141\" class=\"markedContent\"><span dir=\"ltr\" role=\"presentation\">&#8230;&#8230;&#8230;&#8230;&#8230;&#8230;&#8230;&#8230;&#8230;&#8230;&#8230;&#8230;&#8230;<\/span><\/span><span id=\"page115R_mcid142\" class=\"markedContent\"> <span dir=\"ltr\" role=\"presentation\">185<\/span><\/span><\/p>\n<div class=\"endOfContent\"><\/div>\n<\/div>\n<div data-main-rotation=\"0\"><\/div>\n<\/div>\n<div data-main-rotation=\"0\"><\/div>\n","protected":false},"excerpt":{"rendered":"<p>INDICE Pr\u00f3logo &#8230;&#8230;&#8230;&#8230;&#8230;&#8230;&#8230;&#8230;&#8230;&#8230;&#8230;&#8230;&#8230;&#8230;&#8230;&#8230;&#8230;&#8230;&#8230;&#8230;&#8230;.. 11Cap\u00edtulo IIntroducci\u00f3n, presentaci\u00f3n de problem\u00e1tica y objetivos del trabajo Nota Introductoria&#8230;&#8230;&#8230;&#8230;&#8230;&#8230;&#8230;&#8230;. 15Problem\u00e1tica. El Proceso Concesional Minero &#8230;&#8230;&#8230;&#8230;&#8230;&#8230;&#8230;&#8230;&#8230;&#8230;&#8230;&#8230;&#8230;&#8230;&#8230;&#8230;&#8230;&#8230;. 18Regulaci\u00f3n Jur\u00eddica de la Problem\u00e1tica &#8230;&#8230;. 22Relevancia de una investigaci\u00f3n jur\u00eddica sobre este problema y sus complejidades&#8230;&#8230;&#8230;&#8230;&#8230;&#8230;&#8230;&#8230;&#8230;. 24Cap\u00edtulo IIel proceso concesional minero y sus participantes.P\u00e1rrafo 1: Generalidades del proceso concesional y participantes &#8230;&#8230;&#8230;&#8230;&#8230;&#8230;&#8230;&#8230;&#8230;&#8230;. 31 P\u00e1rrafo 2: El problema de la competenciaentre concesionarios. An\u00e1lisis del proceso concesional &#8230;&#8230;&#8230;&#8230;&#8230;&#8230;&#8230;&#8230;&#8230;&#8230;&#8230;&#8230;&#8230;&#8230;.. 48P\u00e1rrafo 3: Soluci\u00f3n integradora del ordenamiento minero &#8230;&#8230;&#8230;&#8230;&#8230;&#8230;&#8230;&#8230;&#8230;&#8230;&#8230;&#8230;&#8230;&#8230;. 90Cap\u00edtulo IIIconfrontaci\u00f3n normativa:\u00a0art\u00edculo107versUs art\u00edcUlo 53. alcances y dimensionesP\u00e1rrafo 1: An\u00e1lisis dogm\u00e1tico del art\u00edculo107 del C\u00f3digo de Miner\u00eda &#8230;&#8230;&#8230;&#8230;&#8230;&#8230;.. 105P\u00e1rrafo 2: La Soluci\u00f3n: El Art\u00edculo 53 delC\u00f3digo de Miner\u00eda &#8230;&#8230;&#8230;&#8230;&#8230;&#8230;&#8230;&#8230;&#8230;&#8230;&#8230; 119P\u00e1rrafo 3: \u201cLa Equidad\u201d &#8230;&#8230;&#8230;&#8230;&#8230;&#8230;&#8230;&#8230;&#8230;&#8230; 134Cap\u00edtulo IVderribando mitos: an\u00e1lisis de la solUci\u00f3nP\u00e1rrafo 1: An\u00e1lisis desde la perspectiva jur\u00eddico-t\u00e9cnica &#8230;&#8230;&#8230;&#8230;&#8230;&#8230;&#8230;&#8230;&#8230;&#8230;&#8230;&#8230;&#8230;. 143P\u00e1rrafo 2: Actividad reguladora del Estadoen la miner\u00eda \u00bfQu\u00e9 dice al respecto lanormativa de seguridad minera? &#8230;&#8230;&#8230; 154P\u00e1rrafo 3: \u00bfQu\u00e9 dice al respecto la ley decierre? &#8230;&#8230;&#8230;&#8230;&#8230;&#8230;&#8230;&#8230;&#8230;&#8230;&#8230;&#8230;&#8230;&#8230;&#8230;&#8230;&#8230;.. 172Breve s\u00edntesis de conclusiones &#8230;&#8230;&#8230;&#8230;&#8230;&#8230;&#8230;&#8230; 181Bibliograf\u00eda relevante&#8230;&#8230;&#8230;&#8230;&#8230;&#8230;&#8230;&#8230;&#8230;&#8230;&#8230;&#8230;&#8230; 185<\/p>\n","protected":false},"featured_media":3150,"comment_status":"open","ping_status":"closed","template":"","meta":{"inline_featured_image":false,"_joinchat":[]},"product_brand":[],"product_cat":[52],"product_tag":[],"class_list":{"0":"post-3120","1":"product","2":"type-product","3":"status-publish","4":"has-post-thumbnail","6":"product_cat-derecho-minero","7":"product_shipping_class-a-convenir","9":"first","10":"instock","11":"shipping-taxable","12":"purchasable","13":"product-type-simple"},"_links":{"self":[{"href":"https:\/\/bibliotecajuridicavirtual.cl\/index.php\/wp-json\/wp\/v2\/product\/3120","targetHints":{"allow":["GET"]}}],"collection":[{"href":"https:\/\/bibliotecajuridicavirtual.cl\/index.php\/wp-json\/wp\/v2\/product"}],"about":[{"href":"https:\/\/bibliotecajuridicavirtual.cl\/index.php\/wp-json\/wp\/v2\/types\/product"}],"replies":[{"embeddable":true,"href":"https:\/\/bibliotecajuridicavirtual.cl\/index.php\/wp-json\/wp\/v2\/comments?post=3120"}],"wp:featuredmedia":[{"embeddable":true,"href":"https:\/\/bibliotecajuridicavirtual.cl\/index.php\/wp-json\/wp\/v2\/media\/3150"}],"wp:attachment":[{"href":"https:\/\/bibliotecajuridicavirtual.cl\/index.php\/wp-json\/wp\/v2\/media?parent=3120"}],"wp:term":[{"taxonomy":"product_brand","embeddable":true,"href":"https:\/\/bibliotecajuridicavirtual.cl\/index.php\/wp-json\/wp\/v2\/product_brand?post=3120"},{"taxonomy":"product_cat","embeddable":true,"href":"https:\/\/bibliotecajuridicavirtual.cl\/index.php\/wp-json\/wp\/v2\/product_cat?post=3120"},{"taxonomy":"product_tag","embeddable":true,"href":"https:\/\/bibliotecajuridicavirtual.cl\/index.php\/wp-json\/wp\/v2\/product_tag?post=3120"}],"curies":[{"name":"wp","href":"https:\/\/api.w.org\/{rel}","templated":true}]}}