{"id":3122,"date":"2026-02-28T01:09:30","date_gmt":"2026-02-28T04:09:30","guid":{"rendered":"https:\/\/bibliotecajuridicavirtual.cl\/?post_type=product&#038;p=3122"},"modified":"2026-02-28T01:09:55","modified_gmt":"2026-02-28T04:09:55","slug":"litigacion-ambiental-ano-2019-292-pag-autor-andres-bordali-salamanca","status":"publish","type":"product","link":"https:\/\/bibliotecajuridicavirtual.cl\/index.php\/product\/litigacion-ambiental-ano-2019-292-pag-autor-andres-bordali-salamanca\/","title":{"rendered":"Litigaci\u00f3n Ambiental. A\u00f1o 2019\/ 292 P\u00e1g. Autor  Andr\u00e9s Bordal\u00ed Salamanca"},"content":{"rendered":"<p>La presente obra tiene entre sus primeros objetivos precisar qu\u00e9 derechos e intereses tienen los ciudadanos sobre los bienes ambientales. Esos derechos e intereses pueden ser denominados gen\u00e9ricamente como intereses colectivos ambientales.<\/p>\n<p>Precisado ese primer aspecto, la publicaci\u00f3n analiza la tutela jurisdiccional de esos intereses colectivos ambientales bajo dos tipos de procedimientos del derecho chileno: el Recurso de Protecci\u00f3n de Derechos Fundamentales y el proceso de reclamaci\u00f3n que regula la Ley N\u00ba 20.600 sobre Tribunales Ambientales.<\/p>\n<p>Dentro del an\u00e1lisis de la estructura, caracter\u00edsticas y problemas pr\u00e1cticos de los procedimientos del derecho chileno se\u00f1alados, se abordan tambi\u00e9n los temas de acceso a la justicia y legitimaci\u00f3n activa en dichos procesos. Asimismo, se comprende la tutela cautelar y, finalmente, los efectos de cosa juzgada que producen las sentencias dictadas en ellos.<\/p>\n<p>El trabajo puede inscribirse en un \u00e1rea que se acostumbra a denominar hoy en d\u00eda como litigaci\u00f3n de Derecho P\u00fablico, lo que comprende principalmente cuestiones de Justicia Constitucional y Justicia Administrativa.<\/p>\n<p>La obra tiene como principales destinatarios a los abogados que litigan en temas ambientales, as\u00ed como a los jueces que deben conocer y resolver esos asuntos. Sin embargo, tambi\u00e9n puede ser de utilidad para los estudiantes de derecho de pre y posgrado en cursos de Derecho Ambiental y Derecho Administrativo.<\/p>\n<p><strong>PARTE PRIMERA<\/strong><br \/>\n<strong>DERECHOS E INTERESES AMBIENTALES<\/strong><\/p>\n<p><strong>CAP\u00cdTULO PRIMERO<\/strong><br \/>\n<b>SOBRE LOS DERECHOS FUNDAMENTALES Y SU DIVERSA INTELECCI\u00d3N<\/b><\/p>\n<p>1. Significado jur\u00eddico de la expresi\u00f3n derechos fundamentales<\/p>\n<p><strong>CAP\u00cdTULO SEGUNDO<\/strong><br \/>\n<strong>EL INTER\u00c9S LEG\u00cdTIMO<\/strong><\/p>\n<p>1. El inter\u00e9s jur\u00eddico<br \/>\n2. El inter\u00e9s leg\u00edtimo<br \/>\n2.1. El inter\u00e9s leg\u00edtimo como posici\u00f3n jur\u00eddica legitimante<br \/>\n2.2. El inter\u00e9s leg\u00edtimo en el derecho chileno<br \/>\n2.3. \u00bfQu\u00e9 cosa es eso llamado inter\u00e9s leg\u00edtimo?<br \/>\n2.4. Inter\u00e9s leg\u00edtimo y derecho subjetivo<br \/>\n2.5. Contenido del inter\u00e9s leg\u00edtimo<br \/>\n2.6. Inter\u00e9s leg\u00edtimo e inter\u00e9s para recurrir<\/p>\n<p><strong>CAP\u00cdTULO TERCERO<\/strong><br \/>\n<strong>LOS INTERESES COLECTIVOS<\/strong><\/p>\n<p>1. Contexto pol\u00edtico-sociol\u00f3gico de los intereses colectivos<br \/>\n2. Sobre la noci\u00f3n de intereses colectivos<br \/>\n3. Criterios para el reconocimiento de los intereses colectivos<br \/>\n3.1. Criterio objetivo<br \/>\n3.2. Criterio subjetivo<br \/>\n3.3. Criterio normativo<br \/>\n4. Valoraci\u00f3n cr\u00edtica de los criterios utilizados para el reconocimiento de los intereses colectivos<br \/>\n5. Hacia una caracterizaci\u00f3n de los intereses colectivos<\/p>\n<p><strong>CAP\u00cdTULO CUARTO<\/strong><br \/>\n<strong>LOS INTERESES COLECTIVOS Y LAS POSICIONES SUBJETIVAS MATERIALES RESPECTO DEL AMBIENTE<\/strong><\/p>\n<p>1. Los intereses colectivos en relaci\u00f3n con el derecho fundamental a vivir en un medio ambiente libre de contaminaci\u00f3n<br \/>\n2. Los intereses colectivos en relaci\u00f3n con el inter\u00e9s leg\u00edtimo a vivir en un medio ambiente adecuado<br \/>\n3. Los intereses colectivos en relaci\u00f3n con el inter\u00e9s p\u00fablico a la protecci\u00f3n del medio ambiente<br \/>\n3.1. Inter\u00e9s general e inter\u00e9s p\u00fablico<br \/>\n3.2. El inter\u00e9s p\u00fablico en la protecci\u00f3n del medio ambiente<\/p>\n<p><strong>CAP\u00cdTULO QUINTO<\/strong><br \/>\n<strong>EL DERECHO FUNDAMENTAL COLECTIVO A VIVIR EN UN MEDIO AMBIENTE LIBRE DE CONTAMINACI\u00d3N EN EL DERECHO CHILENO<\/strong><\/p>\n<p>1. El derecho fundamental colectivo a vivir en un medio ambiente libre de contaminaci\u00f3n<br \/>\n1.1. Concepci\u00f3n de la doctrina y jurisprudencia chilenas del derecho fundamental colectivo a vivir en un<br \/>\nmedio ambiente libre de contaminaci\u00f3n<br \/>\n1.2. Titulares del derecho fundamental colectivo a vivir en un medio ambiente libre de contaminaci\u00f3n<br \/>\n1.3. Objeto del derecho fundamental colectivo a vivir en un medio ambiente libre de contaminaci\u00f3n<br \/>\na) El medio ambiente libre de contaminaci\u00f3n como bien jur\u00eddico no aut\u00f3nomo<br \/>\nb) El medio ambiente libre de contaminaci\u00f3n como bien jur\u00eddico aut\u00f3nomo<br \/>\n1.4. Contenido del derecho fundamental colectivo a vivir en un medio ambiente libre de contaminaci\u00f3n<br \/>\na) Contenido restringido del derecho fundamental<br \/>\nb) Contenido extensivo del derecho fundamental<\/p>\n<p><strong>CAP\u00cdTULO SEXTO<\/strong><br \/>\n<strong>EL INTER\u00c9S LEG\u00cdTIMO COLECTIVO A VIVIR EN UN MEDIO AMBIENTE ADECUADO EN EL DERECHO CHILENO<\/strong><\/p>\n<p>1. Consideraciones generales<br \/>\n2. Titulares del inter\u00e9s leg\u00edtimo colectivo a vivir en un medio ambiente adecuado<br \/>\n3. Objeto del inter\u00e9s leg\u00edtimo colectivo a vivir en un medio ambiente adecuado<br \/>\n4. Contenido del inter\u00e9s leg\u00edtimo colectivo a vivir en un medio ambiente adecuado<\/p>\n<p><strong>PARTE SEGUNDA<\/strong><br \/>\n<strong>PROCESOS PARA LA TUTELA DE LOS DERECHOS E INTERESES COLECTIVOS AMBIENTALES<\/strong><\/p>\n<p><strong>CAP\u00cdTULO S\u00c9PTIMO<\/strong><br \/>\n<strong>EL ACCESO A LA JUSTICIA AMBIENTAL<\/strong><\/p>\n<p>1. El acceso a la justicia: acci\u00f3n y legitimaci\u00f3n activa<br \/>\n2. Legitimaci\u00f3n activa en el Recurso de Protecci\u00f3n ambiental<br \/>\n2.1. Legitimaci\u00f3n activa en los amparos constitucionales<br \/>\n2.2. Legitimaci\u00f3n activa en el Recurso de Protecci\u00f3n<br \/>\n3. Legitimaci\u00f3n activa en el proceso de reclamaci\u00f3n ante los tribunales ambientales<\/p>\n<p><strong>CAP\u00cdTULO OCTAVO<\/strong><br \/>\n<strong>EL RECURSO DE PROTECCI\u00d3N EN MATERIA AMBIENTAL<\/strong><\/p>\n<p>1. Recurso de Protecci\u00f3n<br \/>\n1.1. Cuestiones generales sobre el Recurso de Protecci\u00f3n<br \/>\n1.2. El proceso de protecci\u00f3n dentro de la tipolog\u00eda de procesos del derecho chileno<br \/>\n1.3. El Recurso de Protecci\u00f3n como proceso cautelar o como proceso sumario<br \/>\n1.4. El Recurso de Protecci\u00f3n como proceso cautelar de derechos no disputados<br \/>\n2. El Recurso de Protecci\u00f3n en materia ambiental<br \/>\n2.1. Medidas de protecci\u00f3n: medidas provisionales y medidas definitivas<br \/>\n2.2. Regulaci\u00f3n constitucional del Recurso de Protecci\u00f3n ambiental. Regulaci\u00f3n original y reforma del a\u00f1o 2005<\/p>\n<p><strong>CAP\u00cdTULO NOVENO<\/strong><br \/>\n<strong>EL PROCESO DE RECLAMACI\u00d3N AMBIENTAL<\/strong><\/p>\n<p>1. Introducci\u00f3n<br \/>\n2. Del contencioso objetivo de revisi\u00f3n al contencioso subjetivo de plena jurisdicci\u00f3n<br \/>\n2.1. El contencioso administrativo objetivo como proceso sin partes<br \/>\n2.2. El contencioso administrativo como proceso de partes<br \/>\n2.3. La pretensi\u00f3n como objeto del proceso administrativo<br \/>\n3. Las partes del proceso administrativo<br \/>\n4. El contencioso administrativo chileno<br \/>\n5. El contencioso administrativo de reclamaci\u00f3n ambiental<\/p>\n<p><strong>CAP\u00cdTULO D\u00c9CIMO<\/strong><br \/>\n<strong>JUSTICIA AMBIENTAL CONSTITUCIONAL Y JUSTICIA AMBIENTAL ADMINISTRATIVA. \u00bfES POSIBLE UNA COORDINACI\u00d3N DE TUTELAS?<\/strong><\/p>\n<p>1. \u00bfJusticia ambiental especializada?<br \/>\n2. Reclamaciones ante los tribunales ambientales y Recurso de Protecci\u00f3n<br \/>\n2.1. Cuestiones generales<br \/>\n2.2. Casos en que se puede recurrir alternativamente o conjuntamente de protecci\u00f3n y v\u00eda reclamo ante los tribunales ambientales<br \/>\n2.3. Casos en que se debe recurrir exclusivamente v\u00eda Recurso de Protecci\u00f3n<br \/>\n2.4. Bondades del Recurso de Protecci\u00f3n frente a las reclamaciones ante el Tribunal Ambiental<br \/>\n3. Intentos por coordinar el sistema de tutelas judiciales en materia ambiental<\/p>\n<p><strong>CAP\u00cdTULO UND\u00c9CIMO<\/strong><br \/>\n<strong>TUTELA CAUTELAR EN LOS PROCESOS AMBIENTALES<\/strong><\/p>\n<p>1. La tutela cautelar y el derecho fundamental a la tutela judicial<br \/>\n2. La tutela cautelar en el C\u00f3digo de Procedimiento Civil<br \/>\n3. El derecho a la tutela cautelar en el contexto del contencioso administrativo<br \/>\n3.1. El contencioso administrativo y la tutela judicial de los administrados<br \/>\n3.2. La suspensi\u00f3n del acto administrativo como medida cautelar t\u00edpica del contencioso administrativo<br \/>\n3.3. El contencioso de nulidad en la justicia administrativa chilena y la suspensi\u00f3n del acto administrativo<br \/>\n4. Las medidas cautelares en el contencioso administrativo de reclamaci\u00f3n ambiental<\/p>\n<p><strong>CAP\u00cdTULO DUOD\u00c9CIMO<\/strong><br \/>\n<strong>SENTENCIA JUDICIAL Y COSA JUZGADA EN LOS PROCESOS AMBIENTALES<\/strong><\/p>\n<p>1. La cosa juzgada en el Recurso de Protecci\u00f3n<br \/>\n2. Partes de la sentencia que producen cosa juzgada<br \/>\n3. Cosa juzgada y Administraci\u00f3n del Estado<\/p>\n","protected":false},"excerpt":{"rendered":"<p>La presente obra tiene entre sus primeros objetivos precisar qu\u00e9 derechos e intereses tienen los ciudadanos sobre los bienes ambientales. Esos derechos e intereses pueden ser denominados gen\u00e9ricamente como intereses colectivos ambientales. Precisado ese primer aspecto, la publicaci\u00f3n analiza la tutela jurisdiccional de esos intereses colectivos ambientales bajo dos tipos de procedimientos del derecho chileno: el Recurso de Protecci\u00f3n de Derechos Fundamentales y el proceso de reclamaci\u00f3n que regula la Ley N\u00ba 20.600 sobre Tribunales Ambientales. Dentro del an\u00e1lisis de la estructura, caracter\u00edsticas y problemas pr\u00e1cticos de los procedimientos del derecho chileno se\u00f1alados, se abordan tambi\u00e9n los temas de acceso a la justicia y legitimaci\u00f3n activa en dichos procesos. Asimismo, se comprende la tutela cautelar y, finalmente, los efectos de cosa juzgada que producen las sentencias dictadas en ellos. El trabajo puede inscribirse en un \u00e1rea que se acostumbra a denominar hoy en d\u00eda como litigaci\u00f3n de Derecho P\u00fablico, lo que comprende principalmente cuestiones de Justicia Constitucional y Justicia Administrativa. La obra tiene como principales destinatarios a los abogados que litigan en temas ambientales, as\u00ed como a los jueces que deben conocer y resolver esos asuntos. Sin embargo, tambi\u00e9n puede ser de utilidad para los estudiantes de derecho de pre y posgrado en cursos de Derecho Ambiental y Derecho Administrativo. PARTE PRIMERA DERECHOS E INTERESES AMBIENTALES CAP\u00cdTULO PRIMERO SOBRE LOS DERECHOS FUNDAMENTALES Y SU DIVERSA INTELECCI\u00d3N 1. Significado jur\u00eddico de la expresi\u00f3n derechos fundamentales CAP\u00cdTULO SEGUNDO EL INTER\u00c9S LEG\u00cdTIMO 1. El inter\u00e9s jur\u00eddico 2. El inter\u00e9s leg\u00edtimo 2.1. El inter\u00e9s leg\u00edtimo como posici\u00f3n jur\u00eddica legitimante 2.2. El inter\u00e9s leg\u00edtimo en el derecho chileno 2.3. \u00bfQu\u00e9 cosa es eso llamado inter\u00e9s leg\u00edtimo? 2.4. Inter\u00e9s leg\u00edtimo y derecho subjetivo 2.5. Contenido del inter\u00e9s leg\u00edtimo 2.6. Inter\u00e9s leg\u00edtimo e inter\u00e9s para recurrir CAP\u00cdTULO TERCERO LOS INTERESES COLECTIVOS 1. Contexto pol\u00edtico-sociol\u00f3gico de los intereses colectivos 2. Sobre la noci\u00f3n de intereses colectivos 3. Criterios para el reconocimiento de los intereses colectivos 3.1. Criterio objetivo 3.2. Criterio subjetivo 3.3. Criterio normativo 4. Valoraci\u00f3n cr\u00edtica de los criterios utilizados para el reconocimiento de los intereses colectivos 5. Hacia una caracterizaci\u00f3n de los intereses colectivos CAP\u00cdTULO CUARTO LOS INTERESES COLECTIVOS Y LAS POSICIONES SUBJETIVAS MATERIALES RESPECTO DEL AMBIENTE 1. Los intereses colectivos en relaci\u00f3n con el derecho fundamental a vivir en un medio ambiente libre de contaminaci\u00f3n 2. Los intereses colectivos en relaci\u00f3n con el inter\u00e9s leg\u00edtimo a vivir en un medio ambiente adecuado 3. Los intereses colectivos en relaci\u00f3n con el inter\u00e9s p\u00fablico a la protecci\u00f3n del medio ambiente 3.1. Inter\u00e9s general e inter\u00e9s p\u00fablico 3.2. El inter\u00e9s p\u00fablico en la protecci\u00f3n del medio ambiente CAP\u00cdTULO QUINTO EL DERECHO FUNDAMENTAL COLECTIVO A VIVIR EN UN MEDIO AMBIENTE LIBRE DE CONTAMINACI\u00d3N EN EL DERECHO CHILENO 1. El derecho fundamental colectivo a vivir en un medio ambiente libre de contaminaci\u00f3n 1.1. Concepci\u00f3n de la doctrina y jurisprudencia chilenas del derecho fundamental colectivo a vivir en un medio ambiente libre de contaminaci\u00f3n 1.2. Titulares del derecho fundamental colectivo a vivir en un medio ambiente libre de contaminaci\u00f3n 1.3. Objeto del derecho fundamental colectivo a vivir en un medio ambiente libre de contaminaci\u00f3n a) El medio ambiente libre de contaminaci\u00f3n como bien jur\u00eddico no aut\u00f3nomo b) El medio ambiente libre de contaminaci\u00f3n como bien jur\u00eddico aut\u00f3nomo 1.4. Contenido del derecho fundamental colectivo a vivir en un medio ambiente libre de contaminaci\u00f3n a) Contenido restringido del derecho fundamental b) Contenido extensivo del derecho fundamental CAP\u00cdTULO SEXTO EL INTER\u00c9S LEG\u00cdTIMO COLECTIVO A VIVIR EN UN MEDIO AMBIENTE ADECUADO EN EL DERECHO CHILENO 1. Consideraciones generales 2. Titulares del inter\u00e9s leg\u00edtimo colectivo a vivir en un medio ambiente adecuado 3. Objeto del inter\u00e9s leg\u00edtimo colectivo a vivir en un medio ambiente adecuado 4. Contenido del inter\u00e9s leg\u00edtimo colectivo a vivir en un medio ambiente adecuado PARTE SEGUNDA PROCESOS PARA LA TUTELA DE LOS DERECHOS E INTERESES COLECTIVOS AMBIENTALES CAP\u00cdTULO S\u00c9PTIMO EL ACCESO A LA JUSTICIA AMBIENTAL 1. El acceso a la justicia: acci\u00f3n y legitimaci\u00f3n activa 2. Legitimaci\u00f3n activa en el Recurso de Protecci\u00f3n ambiental 2.1. Legitimaci\u00f3n activa en los amparos constitucionales 2.2. Legitimaci\u00f3n activa en el Recurso de Protecci\u00f3n 3. Legitimaci\u00f3n activa en el proceso de reclamaci\u00f3n ante los tribunales ambientales CAP\u00cdTULO OCTAVO EL RECURSO DE PROTECCI\u00d3N EN MATERIA AMBIENTAL 1. Recurso de Protecci\u00f3n 1.1. Cuestiones generales sobre el Recurso de Protecci\u00f3n 1.2. El proceso de protecci\u00f3n dentro de la tipolog\u00eda de procesos del derecho chileno 1.3. El Recurso de Protecci\u00f3n como proceso cautelar o como proceso sumario 1.4. El Recurso de Protecci\u00f3n como proceso cautelar de derechos no disputados 2. El Recurso de Protecci\u00f3n en materia ambiental 2.1. Medidas de protecci\u00f3n: medidas provisionales y medidas definitivas 2.2. Regulaci\u00f3n constitucional del Recurso de Protecci\u00f3n ambiental. Regulaci\u00f3n original y reforma del a\u00f1o 2005 CAP\u00cdTULO NOVENO EL PROCESO DE RECLAMACI\u00d3N AMBIENTAL 1. Introducci\u00f3n 2. Del contencioso objetivo de revisi\u00f3n al contencioso subjetivo de plena jurisdicci\u00f3n 2.1. El contencioso administrativo objetivo como proceso sin partes 2.2. El contencioso administrativo como proceso de partes 2.3. La pretensi\u00f3n como objeto del proceso administrativo 3. Las partes del proceso administrativo 4. El contencioso administrativo chileno 5. El contencioso administrativo de reclamaci\u00f3n ambiental CAP\u00cdTULO D\u00c9CIMO JUSTICIA AMBIENTAL CONSTITUCIONAL Y JUSTICIA AMBIENTAL ADMINISTRATIVA. \u00bfES POSIBLE UNA COORDINACI\u00d3N DE TUTELAS? 1. \u00bfJusticia ambiental especializada? 2. Reclamaciones ante los tribunales ambientales y Recurso de Protecci\u00f3n 2.1. Cuestiones generales 2.2. Casos en que se puede recurrir alternativamente o conjuntamente de protecci\u00f3n y v\u00eda reclamo ante los tribunales ambientales 2.3. Casos en que se debe recurrir exclusivamente v\u00eda Recurso de Protecci\u00f3n 2.4. Bondades del Recurso de Protecci\u00f3n frente a las reclamaciones ante el Tribunal Ambiental 3. Intentos por coordinar el sistema de tutelas judiciales en materia ambiental CAP\u00cdTULO UND\u00c9CIMO TUTELA CAUTELAR EN LOS PROCESOS AMBIENTALES 1. La tutela cautelar y el derecho fundamental a la tutela judicial 2. La tutela cautelar en el C\u00f3digo de Procedimiento Civil 3. El derecho a la tutela cautelar en el contexto del contencioso administrativo 3.1. El contencioso administrativo y la tutela judicial de los administrados 3.2. La suspensi\u00f3n del acto administrativo como medida cautelar t\u00edpica del contencioso<\/p>\n","protected":false},"featured_media":3166,"comment_status":"open","ping_status":"closed","template":"","meta":{"inline_featured_image":false,"_joinchat":[]},"product_brand":[],"product_cat":[31,42],"product_tag":[],"class_list":{"0":"post-3122","1":"product","2":"type-product","3":"status-publish","4":"has-post-thumbnail","6":"product_cat-derecho-ambiental","7":"product_cat-thomson-reuters","8":"product_shipping_class-a-convenir","10":"first","11":"instock","12":"shipping-taxable","13":"purchasable","14":"product-type-simple"},"_links":{"self":[{"href":"https:\/\/bibliotecajuridicavirtual.cl\/index.php\/wp-json\/wp\/v2\/product\/3122","targetHints":{"allow":["GET"]}}],"collection":[{"href":"https:\/\/bibliotecajuridicavirtual.cl\/index.php\/wp-json\/wp\/v2\/product"}],"about":[{"href":"https:\/\/bibliotecajuridicavirtual.cl\/index.php\/wp-json\/wp\/v2\/types\/product"}],"replies":[{"embeddable":true,"href":"https:\/\/bibliotecajuridicavirtual.cl\/index.php\/wp-json\/wp\/v2\/comments?post=3122"}],"wp:featuredmedia":[{"embeddable":true,"href":"https:\/\/bibliotecajuridicavirtual.cl\/index.php\/wp-json\/wp\/v2\/media\/3166"}],"wp:attachment":[{"href":"https:\/\/bibliotecajuridicavirtual.cl\/index.php\/wp-json\/wp\/v2\/media?parent=3122"}],"wp:term":[{"taxonomy":"product_brand","embeddable":true,"href":"https:\/\/bibliotecajuridicavirtual.cl\/index.php\/wp-json\/wp\/v2\/product_brand?post=3122"},{"taxonomy":"product_cat","embeddable":true,"href":"https:\/\/bibliotecajuridicavirtual.cl\/index.php\/wp-json\/wp\/v2\/product_cat?post=3122"},{"taxonomy":"product_tag","embeddable":true,"href":"https:\/\/bibliotecajuridicavirtual.cl\/index.php\/wp-json\/wp\/v2\/product_tag?post=3122"}],"curies":[{"name":"wp","href":"https:\/\/api.w.org\/{rel}","templated":true}]}}