{"id":3125,"date":"2026-02-28T01:09:30","date_gmt":"2026-02-28T04:09:30","guid":{"rendered":"https:\/\/bibliotecajuridicavirtual.cl\/?post_type=product&#038;p=3125"},"modified":"2026-02-28T01:09:57","modified_gmt":"2026-02-28T04:09:57","slug":"derecho-y-justicia-para-una-introduccion-al-estudio-del-derecho-ano-diciembre-2023-150-pag-autor-francesco-d-agostino","status":"publish","type":"product","link":"https:\/\/bibliotecajuridicavirtual.cl\/index.php\/product\/derecho-y-justicia-para-una-introduccion-al-estudio-del-derecho-ano-diciembre-2023-150-pag-autor-francesco-d-agostino\/","title":{"rendered":"Derecho Y Justicia. Para una Introducci\u00f3n al Estudio del Derecho. A\u00f1o Diciembre 2023\/150 P\u00e1g. Autor Francesco D Agostino"},"content":{"rendered":"<p>El libro &#8220;Derecho y Justicia. Para una introducci\u00f3n al estudio del Derecho&#8221; presenta una s\u00edntesis de ciertos temas abordados por el Profesor Francesco D&#8217;Agostino, como el vocablo Derecho y el Novecientos Jur\u00eddico, entre otros. En las \u00faltimas p\u00e1ginas, defiende la tesis seg\u00fan la cual la identidad cat\u00f3lica garantiza una apertura a lo universal y no un encierro en lo particular.<br \/>\nEl texto se caracteriza por su sencillez y la traducci\u00f3n ha sido pensada para la did\u00e1ctica en las Escuelas de Derecho -como una aproximaci\u00f3n al Derecho Natural-. Y tambi\u00e9n, para todo abogado que busque acercarse a uno de los fil\u00f3sofos del Derecho contempor\u00e1neo, m\u00e1s reconocidos a nivel europeo.<\/p>\n<p>&nbsp;<\/p>\n<p>\u00cdndice<br \/>\nPremisa\u00a0\u00a0 \u00a0\u00a0\u00a0 \u00a013<br \/>\nCap\u00edtulo I<br \/>\nDerecho<br \/>\n1. El Derecho como reconocimiento entre pares\u00a0\u00a0 \u00a0\u00a0\u00a0 \u00a015<br \/>\n1.1. Derecho y Normas\u00a0\u00a0 \u00a0\u00a0\u00a0 \u00a015<br \/>\n1.2. Universalidad del Derecho\u00a0\u00a0 \u00a0\u00a0\u00a0 \u00a016<br \/>\n1.3. La jurisdicci\u00f3n\u00a0\u00a0 \u00a0\u00a0\u00a0 \u00a017<br \/>\n1.4. La ciencia del Derecho\u00a0\u00a0 \u00a0\u00a0\u00a0 \u00a019<br \/>\n1.5. Derecho y Poder\u00a0\u00a0 \u00a0\u00a0\u00a0 \u00a020<br \/>\n2. Derecho Civil y Derecho Can\u00f3nico\u00a0\u00a0 \u00a0\u00a0\u00a0 \u00a021<br \/>\n2.1. Utrumque jus (ix)\u00a0\u00a0 \u00a0\u00a0\u00a0 \u00a021<br \/>\n2.2. El car\u00e1cter teol\u00f3gico del Derecho Can\u00f3nico\u00a0\u00a0 \u00a0\u00a0\u00a0 \u00a023<br \/>\n2.3. El problema del m\u00e9todo en la canon\u00edstica\u00a0\u00a0 \u00a0\u00a0\u00a0 \u00a024<br \/>\n3. El Derecho Natural\u00a0\u00a0 \u00a0\u00a0\u00a0 \u00a025<br \/>\n3.1. La idea de natura\u00a0\u00a0 \u00a0\u00a0\u00a0 \u00a025<br \/>\n3.2. El iusnaturalismo naturalista\u00a0\u00a0 \u00a0\u00a0\u00a0 \u00a026<br \/>\n3.3. El iusnaturalismo teol\u00f3gico-metaf\u00edsico\u00a0\u00a0 \u00a0\u00a0\u00a0 \u00a027<br \/>\n3.4. El iusnaturalismo moderno\u00a0\u00a0 \u00a0\u00a0\u00a0 \u00a028<br \/>\n3.5. El derecho natural de contenido variable\u00a0\u00a0 \u00a0\u00a0\u00a0 \u00a029<br \/>\n4. Los Derechos Humanos\u00a0\u00a0 \u00a0\u00a0\u00a0 \u00a031<br \/>\n4.1. El car\u00e1cter iusnaturalista de los Derechos del Hombre\u00a0\u00a0 \u00a0\u00a0\u00a0 \u00a031<br \/>\n4.2. Los Derechos del Hombre en la misi\u00f3n de la Iglesia\u00a0\u00a0 \u00a0\u00a0\u00a0 \u00a033<br \/>\n4.3. Los Derechos del cristiano en la Iglesia\u00a0\u00a0 \u00a0\u00a0\u00a0 \u00a034<br \/>\n5. Derecho y Religi\u00f3n\u00a0\u00a0 \u00a0\u00a0\u00a0 \u00a035<br \/>\n5.1. La religi\u00f3n como fundamento del Derecho\u00a0\u00a0 \u00a0\u00a0\u00a0 \u00a035<br \/>\n5.2. El Derecho en la Biblia: ley y alianza\u00a0\u00a0 \u00a0\u00a0\u00a0 \u00a037<br \/>\n5.3. El problema del fundamentalismo\u00a0\u00a0 \u00a0\u00a0\u00a0 \u00a038<br \/>\n5.4. El Derecho en otras religiones monote\u00edstas\u00a0\u00a0 \u00a0\u00a0\u00a0 \u00a039<br \/>\n6. Justicia, Caridad, Pena\u00a0\u00a0 \u00a0\u00a0\u00a0 \u00a042<br \/>\n6.1. Justicia y caridad\u00a0\u00a0 \u00a0\u00a0\u00a0 \u00a042<br \/>\n6.2. La justicia penal\u00a0\u00a0 \u00a0\u00a0\u00a0 \u00a043<br \/>\n6.3. Los l\u00edmites del Derecho\u00a0\u00a0 \u00a0\u00a0\u00a0 \u00a046<br \/>\nCap\u00edtulo II<br \/>\nDios, ley y justicia en la perspectiva del Occidente<br \/>\n1. Dios y natura, la Biblia y los griegos\u00a0\u00a0 \u00a0\u00a0\u00a0 \u00a049<br \/>\n2. El pensamiento griego y sus l\u00edmites\u00a0\u00a0 \u00a0\u00a0\u00a0 \u00a051<br \/>\n3. \u201cOrdo factivus\u201d\u00a0\u00a0 \u00a0\u00a0\u00a0 \u00a057<br \/>\n4. Justicia, nunca bastante justicia\u00a0\u00a0 \u00a0\u00a0\u00a0 \u00a064<br \/>\nCap\u00edtulo III<br \/>\nJusticia, solidaridad y caridad<br \/>\n1. \u201cLa caridad del prudente\u201d\u00a0\u00a0 \u00a0\u00a0\u00a0 \u00a067<br \/>\n2. Los fil\u00f3sofos y la Biblia\u00a0\u00a0 \u00a0\u00a0\u00a0 \u00a068<br \/>\n3. La solidaridad ambigua\u00a0\u00a0 \u00a0\u00a0\u00a0 \u00a078<br \/>\n4. Un bien relacional\u00a0\u00a0 \u00a0\u00a0\u00a0 \u00a083<br \/>\n5. Solidaridad, justicia y caridad\u00a0\u00a0 \u00a0\u00a0\u00a0 \u00a087<br \/>\nCap\u00edtulo IV<br \/>\nNovecientos jur\u00eddico<br \/>\n1. La crisis del estatismo jur\u00eddico\u00a0\u00a0 \u00a0\u00a0\u00a0 \u00a093<br \/>\n2. Kelsen\u00a0\u00a0 \u00a0\u00a0\u00a0 \u00a096<br \/>\n3. Schmitt\u00a0\u00a0 \u00a0\u00a0\u00a0 \u00a097<br \/>\n4. La Edad de los derechos\u00a0\u00a0 \u00a0\u00a0\u00a0 \u00a0100<br \/>\nCap\u00edtulo V<br \/>\nCuando una la ley es justa\u00a0\u00a0 \u00a0\u00a0\u00a0 \u00a0105<br \/>\nCap\u00edtulo VI<br \/>\nSer jurista cat\u00f3lico hoy<br \/>\n1. Una cuesti\u00f3n de identidad\u00a0\u00a0 \u00a0\u00a0\u00a0 \u00a0111<br \/>\n2. Cristo, \u201cel Salvador de la ciencia\u201d\u00a0\u00a0 \u00a0\u00a0\u00a0 \u00a0115<br \/>\n3. Nihilismo y polite\u00edsmo \u00e9tico\u00a0\u00a0 \u00a0\u00a0\u00a0 \u00a0120<br \/>\n4. Comunicaci\u00f3n jur\u00eddica entre \u201cextranjeros morales\u201d\u00a0\u00a0 \u00a0\u00a0\u00a0 \u00a0122<br \/>\nNotas a la edici\u00f3n espa\u00f1ola<br \/>\nCap\u00edtulo i. Derecho\u00a0\u00a0 \u00a0\u00a0\u00a0 \u00a0130<br \/>\nCap\u00edtulo ii. Dios, ley y justicia en la perspectiva del occidente\u00a0\u00a0 \u00a0\u00a0\u00a0 \u00a0136<br \/>\nCap\u00edtulo iii. Justicia, solidaridad y caridad\u00a0\u00a0 \u00a0\u00a0\u00a0 \u00a0140<br \/>\nCap\u00edtulo iv. Novecientos jur\u00eddico\u00a0\u00a0 \u00a0\u00a0\u00a0 \u00a0142<br \/>\nCap\u00edtulo v. Cuando una ley es justa\u00a0\u00a0 \u00a0\u00a0\u00a0 \u00a0142<br \/>\nCap\u00edtulo vi. Ser jurista cat\u00f3lico hoy\u00a0\u00a0 \u00a0\u00a0\u00a0 \u00a0143<br \/>\n\u00cdndice de nombres\u00a0\u00a0 \u00a0\u00a0\u00a0 \u00a0144<\/p>\n","protected":false},"excerpt":{"rendered":"<p>El libro &#8220;Derecho y Justicia. Para una introducci\u00f3n al estudio del Derecho&#8221; presenta una s\u00edntesis de ciertos temas abordados por el Profesor Francesco D&#8217;Agostino, como el vocablo Derecho y el Novecientos Jur\u00eddico, entre otros. En las \u00faltimas p\u00e1ginas, defiende la tesis seg\u00fan la cual la identidad cat\u00f3lica garantiza una apertura a lo universal y no un encierro en lo particular. El texto se caracteriza por su sencillez y la traducci\u00f3n ha sido pensada para la did\u00e1ctica en las Escuelas de Derecho -como una aproximaci\u00f3n al Derecho Natural-. Y tambi\u00e9n, para todo abogado que busque acercarse a uno de los fil\u00f3sofos del Derecho contempor\u00e1neo, m\u00e1s reconocidos a nivel europeo. &nbsp; \u00cdndice Premisa\u00a0\u00a0 \u00a0\u00a0\u00a0 \u00a013 Cap\u00edtulo I Derecho 1. El Derecho como reconocimiento entre pares\u00a0\u00a0 \u00a0\u00a0\u00a0 \u00a015 1.1. Derecho y Normas\u00a0\u00a0 \u00a0\u00a0\u00a0 \u00a015 1.2. Universalidad del Derecho\u00a0\u00a0 \u00a0\u00a0\u00a0 \u00a016 1.3. La jurisdicci\u00f3n\u00a0\u00a0 \u00a0\u00a0\u00a0 \u00a017 1.4. La ciencia del Derecho\u00a0\u00a0 \u00a0\u00a0\u00a0 \u00a019 1.5. Derecho y Poder\u00a0\u00a0 \u00a0\u00a0\u00a0 \u00a020 2. Derecho Civil y Derecho Can\u00f3nico\u00a0\u00a0 \u00a0\u00a0\u00a0 \u00a021 2.1. Utrumque jus (ix)\u00a0\u00a0 \u00a0\u00a0\u00a0 \u00a021 2.2. El car\u00e1cter teol\u00f3gico del Derecho Can\u00f3nico\u00a0\u00a0 \u00a0\u00a0\u00a0 \u00a023 2.3. El problema del m\u00e9todo en la canon\u00edstica\u00a0\u00a0 \u00a0\u00a0\u00a0 \u00a024 3. El Derecho Natural\u00a0\u00a0 \u00a0\u00a0\u00a0 \u00a025 3.1. La idea de natura\u00a0\u00a0 \u00a0\u00a0\u00a0 \u00a025 3.2. El iusnaturalismo naturalista\u00a0\u00a0 \u00a0\u00a0\u00a0 \u00a026 3.3. El iusnaturalismo teol\u00f3gico-metaf\u00edsico\u00a0\u00a0 \u00a0\u00a0\u00a0 \u00a027 3.4. El iusnaturalismo moderno\u00a0\u00a0 \u00a0\u00a0\u00a0 \u00a028 3.5. El derecho natural de contenido variable\u00a0\u00a0 \u00a0\u00a0\u00a0 \u00a029 4. Los Derechos Humanos\u00a0\u00a0 \u00a0\u00a0\u00a0 \u00a031 4.1. El car\u00e1cter iusnaturalista de los Derechos del Hombre\u00a0\u00a0 \u00a0\u00a0\u00a0 \u00a031 4.2. Los Derechos del Hombre en la misi\u00f3n de la Iglesia\u00a0\u00a0 \u00a0\u00a0\u00a0 \u00a033 4.3. Los Derechos del cristiano en la Iglesia\u00a0\u00a0 \u00a0\u00a0\u00a0 \u00a034 5. Derecho y Religi\u00f3n\u00a0\u00a0 \u00a0\u00a0\u00a0 \u00a035 5.1. La religi\u00f3n como fundamento del Derecho\u00a0\u00a0 \u00a0\u00a0\u00a0 \u00a035 5.2. El Derecho en la Biblia: ley y alianza\u00a0\u00a0 \u00a0\u00a0\u00a0 \u00a037 5.3. El problema del fundamentalismo\u00a0\u00a0 \u00a0\u00a0\u00a0 \u00a038 5.4. El Derecho en otras religiones monote\u00edstas\u00a0\u00a0 \u00a0\u00a0\u00a0 \u00a039 6. Justicia, Caridad, Pena\u00a0\u00a0 \u00a0\u00a0\u00a0 \u00a042 6.1. Justicia y caridad\u00a0\u00a0 \u00a0\u00a0\u00a0 \u00a042 6.2. La justicia penal\u00a0\u00a0 \u00a0\u00a0\u00a0 \u00a043 6.3. Los l\u00edmites del Derecho\u00a0\u00a0 \u00a0\u00a0\u00a0 \u00a046 Cap\u00edtulo II Dios, ley y justicia en la perspectiva del Occidente 1. Dios y natura, la Biblia y los griegos\u00a0\u00a0 \u00a0\u00a0\u00a0 \u00a049 2. El pensamiento griego y sus l\u00edmites\u00a0\u00a0 \u00a0\u00a0\u00a0 \u00a051 3. \u201cOrdo factivus\u201d\u00a0\u00a0 \u00a0\u00a0\u00a0 \u00a057 4. Justicia, nunca bastante justicia\u00a0\u00a0 \u00a0\u00a0\u00a0 \u00a064 Cap\u00edtulo III Justicia, solidaridad y caridad 1. \u201cLa caridad del prudente\u201d\u00a0\u00a0 \u00a0\u00a0\u00a0 \u00a067 2. Los fil\u00f3sofos y la Biblia\u00a0\u00a0 \u00a0\u00a0\u00a0 \u00a068 3. La solidaridad ambigua\u00a0\u00a0 \u00a0\u00a0\u00a0 \u00a078 4. Un bien relacional\u00a0\u00a0 \u00a0\u00a0\u00a0 \u00a083 5. Solidaridad, justicia y caridad\u00a0\u00a0 \u00a0\u00a0\u00a0 \u00a087 Cap\u00edtulo IV Novecientos jur\u00eddico 1. La crisis del estatismo jur\u00eddico\u00a0\u00a0 \u00a0\u00a0\u00a0 \u00a093 2. Kelsen\u00a0\u00a0 \u00a0\u00a0\u00a0 \u00a096 3. Schmitt\u00a0\u00a0 \u00a0\u00a0\u00a0 \u00a097 4. La Edad de los derechos\u00a0\u00a0 \u00a0\u00a0\u00a0 \u00a0100 Cap\u00edtulo V Cuando una la ley es justa\u00a0\u00a0 \u00a0\u00a0\u00a0 \u00a0105 Cap\u00edtulo VI Ser jurista cat\u00f3lico hoy 1. Una cuesti\u00f3n de identidad\u00a0\u00a0 \u00a0\u00a0\u00a0 \u00a0111 2. Cristo, \u201cel Salvador de la ciencia\u201d\u00a0\u00a0 \u00a0\u00a0\u00a0 \u00a0115 3. Nihilismo y polite\u00edsmo \u00e9tico\u00a0\u00a0 \u00a0\u00a0\u00a0 \u00a0120 4. Comunicaci\u00f3n jur\u00eddica entre \u201cextranjeros morales\u201d\u00a0\u00a0 \u00a0\u00a0\u00a0 \u00a0122 Notas a la edici\u00f3n espa\u00f1ola Cap\u00edtulo i. Derecho\u00a0\u00a0 \u00a0\u00a0\u00a0 \u00a0130 Cap\u00edtulo ii. Dios, ley y justicia en la perspectiva del occidente\u00a0\u00a0 \u00a0\u00a0\u00a0 \u00a0136 Cap\u00edtulo iii. Justicia, solidaridad y caridad\u00a0\u00a0 \u00a0\u00a0\u00a0 \u00a0140 Cap\u00edtulo iv. Novecientos jur\u00eddico\u00a0\u00a0 \u00a0\u00a0\u00a0 \u00a0142 Cap\u00edtulo v. Cuando una ley es justa\u00a0\u00a0 \u00a0\u00a0\u00a0 \u00a0142 Cap\u00edtulo vi. Ser jurista cat\u00f3lico hoy\u00a0\u00a0 \u00a0\u00a0\u00a0 \u00a0143 \u00cdndice de nombres\u00a0\u00a0 \u00a0\u00a0\u00a0 \u00a0144<\/p>\n","protected":false},"featured_media":3169,"comment_status":"open","ping_status":"closed","template":"","meta":{"inline_featured_image":false,"_joinchat":[]},"product_brand":[],"product_cat":[44],"product_tag":[],"class_list":{"0":"post-3125","1":"product","2":"type-product","3":"status-publish","4":"has-post-thumbnail","6":"product_cat-filosofia-del-derecho-y-introduccion","7":"product_shipping_class-a-convenir","9":"first","10":"instock","11":"shipping-taxable","12":"purchasable","13":"product-type-simple"},"_links":{"self":[{"href":"https:\/\/bibliotecajuridicavirtual.cl\/index.php\/wp-json\/wp\/v2\/product\/3125","targetHints":{"allow":["GET"]}}],"collection":[{"href":"https:\/\/bibliotecajuridicavirtual.cl\/index.php\/wp-json\/wp\/v2\/product"}],"about":[{"href":"https:\/\/bibliotecajuridicavirtual.cl\/index.php\/wp-json\/wp\/v2\/types\/product"}],"replies":[{"embeddable":true,"href":"https:\/\/bibliotecajuridicavirtual.cl\/index.php\/wp-json\/wp\/v2\/comments?post=3125"}],"wp:featuredmedia":[{"embeddable":true,"href":"https:\/\/bibliotecajuridicavirtual.cl\/index.php\/wp-json\/wp\/v2\/media\/3169"}],"wp:attachment":[{"href":"https:\/\/bibliotecajuridicavirtual.cl\/index.php\/wp-json\/wp\/v2\/media?parent=3125"}],"wp:term":[{"taxonomy":"product_brand","embeddable":true,"href":"https:\/\/bibliotecajuridicavirtual.cl\/index.php\/wp-json\/wp\/v2\/product_brand?post=3125"},{"taxonomy":"product_cat","embeddable":true,"href":"https:\/\/bibliotecajuridicavirtual.cl\/index.php\/wp-json\/wp\/v2\/product_cat?post=3125"},{"taxonomy":"product_tag","embeddable":true,"href":"https:\/\/bibliotecajuridicavirtual.cl\/index.php\/wp-json\/wp\/v2\/product_tag?post=3125"}],"curies":[{"name":"wp","href":"https:\/\/api.w.org\/{rel}","templated":true}]}}