{"id":3126,"date":"2026-02-28T01:09:30","date_gmt":"2026-02-28T04:09:30","guid":{"rendered":"https:\/\/bibliotecajuridicavirtual.cl\/?post_type=product&#038;p=3126"},"modified":"2026-02-28T01:09:58","modified_gmt":"2026-02-28T04:09:58","slug":"principios-generales-del-proceso-y-de-la-prueba-en-su-interaccion-con-la-jurisdiccion-ambiental-ano-diciembre-2023-508-pag-autor-jairo-enrique-lucero-pantoja","status":"publish","type":"product","link":"https:\/\/bibliotecajuridicavirtual.cl\/index.php\/product\/principios-generales-del-proceso-y-de-la-prueba-en-su-interaccion-con-la-jurisdiccion-ambiental-ano-diciembre-2023-508-pag-autor-jairo-enrique-lucero-pantoja\/","title":{"rendered":"Principios Generales del Proceso y de la Prueba en su Interacci\u00f3n con la Jurisdicci\u00f3n Ambiental. A\u00f1o Diciembre 2023\/ 508 P\u00e1g. Autor Jairo Enrique Lucero Pantoja"},"content":{"rendered":"<p>El derecho procesal ha sido y sigue siendo considerado el primer escenario de la b\u00fasqueda de seguridad jur\u00eddica, pero con el avenimiento de nuevas realidades, como lo es el da\u00f1o ambiental, se ha establecido una nueva demanda hacia la actualizaci\u00f3n de las estructuras normativas, tanto sustanciales como procesales, en cuya misi\u00f3n conjunta logren, de manera efectiva, proteger los derechos y servicios ecosist\u00e9micos, individuales, supraindividuales y del ambiente per se.<br \/>\nLo que se propone en el presente trabajo no son conclusiones pac\u00edficas, siempre que, desvelando en primera medida el contenido y funci\u00f3n de los principios del proceso y de la prueba, se formula, en una segunda etapa, la reestructuraci\u00f3n de los mismos cuando deben aplicarse en un proceso ambiental. En tal medida, lo que se propone encuentra asidero en las teor\u00edas contempor\u00e1neas de la publicitaci\u00f3n del proceso, y por tanto, se enfoca en transpolar los principios procesales en funci\u00f3n pro ambiental.<\/p>\n<p>\u00cdndice<\/p>\n<p>Pr\u00f3logo\u00a0\u00a0 \u00a015<\/p>\n<p>Abreviaturas\u00a0\u00a0 \u00a021<\/p>\n<p>Introducci\u00f3n\u00a0\u00a0 \u00a023<\/p>\n<p>Cap\u00edtulo 1<br \/>\nPrincipios generales del proceso. Hacia un entendimiento sist\u00e9mico del proceso\u00a0\u00a0 \u00a029<br \/>\n1.1. Principio prima facie\u00a0\u00a0 \u00a066<br \/>\n1.2. Principio de audiencia\u00a0\u00a0 \u00a073<br \/>\n1.3. Principio juez\/a\u00a0\u00a0 \u00a0102<br \/>\n1.4. Principio de Legalidad\u00a0\u00a0 \u00a0105<br \/>\n1.5. El debido proceso: de la exegesis procesal hacia la tutela judicial efectiva\u00a0\u00a0 \u00a0141<br \/>\n1.5.1. Principio de Buena Fe &#8211; Herramienta conductual del Debido Proceso\u00a0\u00a0 \u00a0150<br \/>\n1.5.1.1. Sobre los or\u00edgenes y surgimiento de la buena fe\u00a0\u00a0 \u00a0150<br \/>\n1.5.1.2. Contenido, l\u00edmites y exigencias de la buena fe\u00a0\u00a0 \u00a0164<br \/>\n1.5.1.3. Buena fe en el principio de audiencia y principio juez\/a\u00a0\u00a0 \u00a0170<br \/>\n1.5.2. Sistem\u00e1tica Procesal y el meta principio del Debido Proceso\u00a0\u00a0 \u00a0193<\/p>\n<p>Cap\u00edtulo 2<br \/>\nLa sistem\u00e1tica del ejercicio jurisdiccional\u00a0\u00a0 \u00a0217<\/p>\n<p>Cap\u00edtulo 3<br \/>\nPrincipios generales de la prueba\u00a0\u00a0 \u00a0243<br \/>\n3.1. \u00bfQu\u00e9 dice la doctrina?\u00a0\u00a0 \u00a0243<br \/>\n3.2. Prueba y proceso\u00a0\u00a0 \u00a0252<br \/>\n3.2.1. Los principios de la prueba desde el Derecho de las Partes\u00a0\u00a0 \u00a0252<br \/>\n3.2.2. Los principios de la prueba desde la Obligaci\u00f3n de las Partes\u00a0\u00a0 \u00a0255<br \/>\n3.2.3. Los principios de la prueba desde la Obligaci\u00f3n del Juez\u00a0\u00a0 \u00a0262<br \/>\n3.2.4. Principios de la prueba desde la mixtura de la Obligaci\u00f3n judicial y Derecho de las partes\u00a0\u00a0 \u00a0265<br \/>\n3.2.5. Los principios de la prueba desde la prueba en s\u00ed misma\u00a0\u00a0 \u00a0278<br \/>\n3.2.5.1. Desde los requisitos de la prueba\u00a0\u00a0 \u00a0279<br \/>\n3.2.5.2. Desde la naturaleza y funci\u00f3n sist\u00e9mica de la prueba en el proceso\u00a0\u00a0 \u00a0280<\/p>\n<p>Cap\u00edtulo 4<br \/>\nPrincipios generales del proceso en el proceso ambiental\u00a0\u00a0 \u00a0285<br \/>\n4.1. Antes de empezar: principios del derecho ambiental como respuesta al cl\u00e1sico paradigma jur\u00eddico\u00a0\u00a0 \u00a0288<br \/>\n4.1.1. Arribo de los tres grandes: Principios preventivo, precautorio y transgeneracional\u00a0\u00a0 \u00a0289<br \/>\n4.1.2. Principio pro natura\u00a0\u00a0 \u00a0297<br \/>\n4.1.3. Del principio \u201cin dubio pro natura\u201d a la incorporaci\u00f3n del \u201cprincipio pro ambiente\u201d \u2013 un acercamiento al integral entendimiento ambiental en el in dubio por homine y el ius cogens\u00a0\u00a0 \u00a0303<br \/>\n4.2. Los principios ordenadores de los principios procesales ambientales\u00a0\u00a0 \u00a0309<br \/>\n4.2.1. Meta principio del debido proceso en el proceso ambiental \u2013 flexibilidad o armonizaci\u00f3n\u00a0\u00a0 \u00a0310<br \/>\n4.2.2. El principio pro ambiente y el efecto \u00fatil reforzado de la jurisdicci\u00f3n ambiental\u00a0\u00a0 \u00a0319<br \/>\n4.2.3. La eficacia ambiental y el derecho a la Tutela Judicial Efectiva\u00a0\u00a0 \u00a0322<br \/>\n4.3. De principios procesales a principios procesales ambientales\u00a0\u00a0 \u00a0330<br \/>\n4.3.1. Igualdad de partes (del principio de audiencia) e imparcialidad (del principio juez\/a)\u00a0\u00a0 \u00a0331<br \/>\n4.3.2. Competencia profesional (del principio juez\/a)\u00a0\u00a0 \u00a0355<br \/>\n4.3.3. Congruencia (del principio de legalidad)\u00a0\u00a0 \u00a0369<br \/>\n4.3.4. Frente a la buena fe y sus deberes conductuales en el proceso\u00a0\u00a0 \u00a0375<br \/>\n4.3.5. Frente al sistema recursivo amplio\u00a0\u00a0 \u00a0382<\/p>\n<p>Cap\u00edtulo 5<br \/>\nLegitimaci\u00f3n como base de la teor\u00eda probatoria y acceso a la justicia ambiental\u00a0\u00a0 \u00a0395<br \/>\n5.1. Conceptos preliminares\u00a0\u00a0 \u00a0396<br \/>\n5.2. Acceso a la justicia ambiental en el marco de la legitimatio ad procesum\u00a0\u00a0 \u00a0405<\/p>\n<p>Conclusiones\u00a0\u00a0 \u00a0421<\/p>\n<p>Bibliograf\u00eda Citada\u00a0\u00a0 \u00a0437<\/p>\n","protected":false},"excerpt":{"rendered":"<p>El derecho procesal ha sido y sigue siendo considerado el primer escenario de la b\u00fasqueda de seguridad jur\u00eddica, pero con el avenimiento de nuevas realidades, como lo es el da\u00f1o ambiental, se ha establecido una nueva demanda hacia la actualizaci\u00f3n de las estructuras normativas, tanto sustanciales como procesales, en cuya misi\u00f3n conjunta logren, de manera efectiva, proteger los derechos y servicios ecosist\u00e9micos, individuales, supraindividuales y del ambiente per se. Lo que se propone en el presente trabajo no son conclusiones pac\u00edficas, siempre que, desvelando en primera medida el contenido y funci\u00f3n de los principios del proceso y de la prueba, se formula, en una segunda etapa, la reestructuraci\u00f3n de los mismos cuando deben aplicarse en un proceso ambiental. En tal medida, lo que se propone encuentra asidero en las teor\u00edas contempor\u00e1neas de la publicitaci\u00f3n del proceso, y por tanto, se enfoca en transpolar los principios procesales en funci\u00f3n pro ambiental. \u00cdndice Pr\u00f3logo\u00a0\u00a0 \u00a015 Abreviaturas\u00a0\u00a0 \u00a021 Introducci\u00f3n\u00a0\u00a0 \u00a023 Cap\u00edtulo 1 Principios generales del proceso. Hacia un entendimiento sist\u00e9mico del proceso\u00a0\u00a0 \u00a029 1.1. Principio prima facie\u00a0\u00a0 \u00a066 1.2. Principio de audiencia\u00a0\u00a0 \u00a073 1.3. Principio juez\/a\u00a0\u00a0 \u00a0102 1.4. Principio de Legalidad\u00a0\u00a0 \u00a0105 1.5. El debido proceso: de la exegesis procesal hacia la tutela judicial efectiva\u00a0\u00a0 \u00a0141 1.5.1. Principio de Buena Fe &#8211; Herramienta conductual del Debido Proceso\u00a0\u00a0 \u00a0150 1.5.1.1. Sobre los or\u00edgenes y surgimiento de la buena fe\u00a0\u00a0 \u00a0150 1.5.1.2. Contenido, l\u00edmites y exigencias de la buena fe\u00a0\u00a0 \u00a0164 1.5.1.3. Buena fe en el principio de audiencia y principio juez\/a\u00a0\u00a0 \u00a0170 1.5.2. Sistem\u00e1tica Procesal y el meta principio del Debido Proceso\u00a0\u00a0 \u00a0193 Cap\u00edtulo 2 La sistem\u00e1tica del ejercicio jurisdiccional\u00a0\u00a0 \u00a0217 Cap\u00edtulo 3 Principios generales de la prueba\u00a0\u00a0 \u00a0243 3.1. \u00bfQu\u00e9 dice la doctrina?\u00a0\u00a0 \u00a0243 3.2. Prueba y proceso\u00a0\u00a0 \u00a0252 3.2.1. Los principios de la prueba desde el Derecho de las Partes\u00a0\u00a0 \u00a0252 3.2.2. Los principios de la prueba desde la Obligaci\u00f3n de las Partes\u00a0\u00a0 \u00a0255 3.2.3. Los principios de la prueba desde la Obligaci\u00f3n del Juez\u00a0\u00a0 \u00a0262 3.2.4. Principios de la prueba desde la mixtura de la Obligaci\u00f3n judicial y Derecho de las partes\u00a0\u00a0 \u00a0265 3.2.5. Los principios de la prueba desde la prueba en s\u00ed misma\u00a0\u00a0 \u00a0278 3.2.5.1. Desde los requisitos de la prueba\u00a0\u00a0 \u00a0279 3.2.5.2. Desde la naturaleza y funci\u00f3n sist\u00e9mica de la prueba en el proceso\u00a0\u00a0 \u00a0280 Cap\u00edtulo 4 Principios generales del proceso en el proceso ambiental\u00a0\u00a0 \u00a0285 4.1. Antes de empezar: principios del derecho ambiental como respuesta al cl\u00e1sico paradigma jur\u00eddico\u00a0\u00a0 \u00a0288 4.1.1. Arribo de los tres grandes: Principios preventivo, precautorio y transgeneracional\u00a0\u00a0 \u00a0289 4.1.2. Principio pro natura\u00a0\u00a0 \u00a0297 4.1.3. Del principio \u201cin dubio pro natura\u201d a la incorporaci\u00f3n del \u201cprincipio pro ambiente\u201d \u2013 un acercamiento al integral entendimiento ambiental en el in dubio por homine y el ius cogens\u00a0\u00a0 \u00a0303 4.2. Los principios ordenadores de los principios procesales ambientales\u00a0\u00a0 \u00a0309 4.2.1. Meta principio del debido proceso en el proceso ambiental \u2013 flexibilidad o armonizaci\u00f3n\u00a0\u00a0 \u00a0310 4.2.2. El principio pro ambiente y el efecto \u00fatil reforzado de la jurisdicci\u00f3n ambiental\u00a0\u00a0 \u00a0319 4.2.3. La eficacia ambiental y el derecho a la Tutela Judicial Efectiva\u00a0\u00a0 \u00a0322 4.3. De principios procesales a principios procesales ambientales\u00a0\u00a0 \u00a0330 4.3.1. Igualdad de partes (del principio de audiencia) e imparcialidad (del principio juez\/a)\u00a0\u00a0 \u00a0331 4.3.2. Competencia profesional (del principio juez\/a)\u00a0\u00a0 \u00a0355 4.3.3. Congruencia (del principio de legalidad)\u00a0\u00a0 \u00a0369 4.3.4. Frente a la buena fe y sus deberes conductuales en el proceso\u00a0\u00a0 \u00a0375 4.3.5. Frente al sistema recursivo amplio\u00a0\u00a0 \u00a0382 Cap\u00edtulo 5 Legitimaci\u00f3n como base de la teor\u00eda probatoria y acceso a la justicia ambiental\u00a0\u00a0 \u00a0395 5.1. Conceptos preliminares\u00a0\u00a0 \u00a0396 5.2. Acceso a la justicia ambiental en el marco de la legitimatio ad procesum\u00a0\u00a0 \u00a0405 Conclusiones\u00a0\u00a0 \u00a0421 Bibliograf\u00eda Citada\u00a0\u00a0 \u00a0437<\/p>\n","protected":false},"featured_media":3170,"comment_status":"open","ping_status":"closed","template":"","meta":{"inline_featured_image":false,"_joinchat":[]},"product_brand":[],"product_cat":[27,31],"product_tag":[],"class_list":{"0":"post-3126","1":"product","2":"type-product","3":"status-publish","4":"has-post-thumbnail","6":"product_cat-civil","7":"product_cat-derecho-ambiental","8":"product_shipping_class-a-convenir","10":"first","11":"instock","12":"shipping-taxable","13":"purchasable","14":"product-type-simple"},"_links":{"self":[{"href":"https:\/\/bibliotecajuridicavirtual.cl\/index.php\/wp-json\/wp\/v2\/product\/3126","targetHints":{"allow":["GET"]}}],"collection":[{"href":"https:\/\/bibliotecajuridicavirtual.cl\/index.php\/wp-json\/wp\/v2\/product"}],"about":[{"href":"https:\/\/bibliotecajuridicavirtual.cl\/index.php\/wp-json\/wp\/v2\/types\/product"}],"replies":[{"embeddable":true,"href":"https:\/\/bibliotecajuridicavirtual.cl\/index.php\/wp-json\/wp\/v2\/comments?post=3126"}],"wp:featuredmedia":[{"embeddable":true,"href":"https:\/\/bibliotecajuridicavirtual.cl\/index.php\/wp-json\/wp\/v2\/media\/3170"}],"wp:attachment":[{"href":"https:\/\/bibliotecajuridicavirtual.cl\/index.php\/wp-json\/wp\/v2\/media?parent=3126"}],"wp:term":[{"taxonomy":"product_brand","embeddable":true,"href":"https:\/\/bibliotecajuridicavirtual.cl\/index.php\/wp-json\/wp\/v2\/product_brand?post=3126"},{"taxonomy":"product_cat","embeddable":true,"href":"https:\/\/bibliotecajuridicavirtual.cl\/index.php\/wp-json\/wp\/v2\/product_cat?post=3126"},{"taxonomy":"product_tag","embeddable":true,"href":"https:\/\/bibliotecajuridicavirtual.cl\/index.php\/wp-json\/wp\/v2\/product_tag?post=3126"}],"curies":[{"name":"wp","href":"https:\/\/api.w.org\/{rel}","templated":true}]}}