{"id":3129,"date":"2026-02-28T01:09:30","date_gmt":"2026-02-28T04:09:30","guid":{"rendered":"https:\/\/bibliotecajuridicavirtual.cl\/?post_type=product&#038;p=3129"},"modified":"2026-02-28T01:10:12","modified_gmt":"2026-02-28T04:10:12","slug":"aplicacion-practica-de-las-penas-tercera-edicion-actualizado-ano-abril-2022-626-pag-autor-jorge-danilo-correa-selame","status":"publish","type":"product","link":"https:\/\/bibliotecajuridicavirtual.cl\/index.php\/product\/aplicacion-practica-de-las-penas-tercera-edicion-actualizado-ano-abril-2022-626-pag-autor-jorge-danilo-correa-selame\/","title":{"rendered":"Aplicaci\u00f3n Pr\u00e1ctica de las Penas &#8211; Tercera edicion actualizado. A\u00f1o Abril 2022\/626 P\u00e1g. Autor Jorge Danilo Correa Selam\u00e9"},"content":{"rendered":"<p style=\"font-weight: 400;\">Con motivo de la importancia que tiene la imposici\u00f3n de una pena, el autor se atrevi\u00f3 a preparar esta obra en la que se analiza, art\u00edculo por art\u00edculo, la pena que corresponde imponer en cada caso considerando la existencia de entidades modificatorias de la responsabilidad penal.<\/p>\n<p style=\"font-weight: 400;\">El conocimiento de la pena a imponer respecto de cada delito cobra mayor importancia frente a los diversos caminos que puede seguir el proceso penal a la luz del C\u00f3digo Procesal Penal.<\/p>\n<p style=\"font-weight: 400;\">El trabajo se encabeza en una Primer Parte con ideas someras y que no tiene la pretensi\u00f3n, ni con mucho, de abordar temas de Derecho Penal que han sido desarrollados por grandes penalistas y respecto de los cuales tanto se ha escrito.<\/p>\n<p style=\"font-weight: 400;\">Con la finalidad de hacer m\u00e1s f\u00e1cil su manejo, no se hace referencia a formas de aplicaci\u00f3n de una pena remiti\u00e9ndonos a otra normal legal, sino que, a riesgo de resultar repetitivos, se analiza cada precepto en particular, luego de transcribir el art\u00edculo respectivo del c\u00f3digo.<\/p>\n<p style=\"font-weight: 400;\">Por \u00faltimo, sin perjuicio de las reglas que proporciona el C\u00f3digo, no debe olvidarse el p\u00e1rrafo del Mensaje del mismo que se\u00f1ala: \u201ces indispensable confiar en la rectitud y el sano criterio del magistrado gran parte de lo que debiera en rigor hallarse consignado en la ley, pues no hay precepto alguno general, por claro y perfecto que se suponga, que pueda suplir a la apreciaci\u00f3n juiciosa de los hechos, propia s\u00f3lo del tribunal que los ve y los pesa\u201d.<\/p>\n<p style=\"font-weight: 400;\">\n<p style=\"font-weight: 400;\"><b><strong>PRIMERA PARTE<\/strong><\/b><br \/>\n<b><strong>CONCEPTOS GENERALES<\/strong><\/b><\/p>\n<ol>\n<li style=\"font-weight: 400;\">La pena y su finalidad<\/li>\n<li style=\"font-weight: 400;\">Teor\u00edas Absolutas o Retributivas de la Pena<br \/>\n2. Teor\u00edas Relativas o de la Prevenci\u00f3n<br \/>\n3. Teor\u00edas Unitarias, Ecl\u00e9cticas o de la Uni\u00f3n<\/li>\n<li style=\"font-weight: 400;\">Clasificaci\u00f3n de las penas<\/li>\n<li style=\"font-weight: 400;\">Seg\u00fan su gravedad<br \/>\nii. Seg\u00fan su autonom\u00eda<br \/>\niii. Seg\u00fan si son aflictivas o no<br \/>\niv. Seg\u00fan su naturaleza o atendiendo al bien jur\u00eddico afectado<\/li>\n<\/ol>\n<p style=\"font-weight: 400;\">III. Naturaleza y efectos de las penas<\/p>\n<p style=\"font-weight: 400;\">Penas corporales<br \/>\nPenas privativas de libertad<br \/>\nA. Reclusi\u00f3n y Presidio<br \/>\nB. Prisi\u00f3n<br \/>\nPenas restrictivas de libertad<br \/>\nPenas pecuniarias<\/p>\n<ol>\n<li style=\"font-weight: 400;\">Determinaci\u00f3n de las penas<\/li>\n<li style=\"font-weight: 400;\">Reglas comunes<br \/>\n2. Factores a considerar para aplicar una pena<br \/>\nNormas Especiales<br \/>\n3. Circunstancias modificatorias de responsabilidad penal<br \/>\ni. Cuando la ley se\u00f1ala una sola pena indivisible<br \/>\nii. Pena compuesta de dos indivisibles<br \/>\niii. La pena se\u00f1alada al delito es un grado de una divisible<\/li>\n<\/ol>\n<p style=\"font-weight: 400;\"><b><strong>SEGUNDA PARTE<\/strong><\/b><br \/>\n<b><strong>APLICACI\u00d3N EN LOS DELITOS DEL C\u00d3DIGO PENAL<\/strong><\/b><\/p>\n<p style=\"font-weight: 400;\">LIBRO SEGUNDO<br \/>\nCR\u00cdMENES Y SIMPLES DELITOS Y SUS PENAS<\/p>\n<p style=\"font-weight: 400;\">T\u00cdTULO I<br \/>\nCR\u00cdMENES Y SIMPLES DELITOS CONTRA LA SEGURIDAD EXTERIOR Y SOBERAN\u00cdA DEL ESTADO<\/p>\n<p style=\"font-weight: 400;\">T\u00cdTULO II<br \/>\nCR\u00cdMENES Y SIMPLES DELITOS CONTRA LA SEGURIDAD INTERIOR DEL ESTADO<\/p>\n<p style=\"font-weight: 400;\">T\u00cdTULO III<br \/>\nDE LOS CR\u00cdMENES Y SIMPLES DELITOS QUE AFECTAN LOS DERECHOS GARANTIDOS POR LA CONSTITUCI\u00d3N<\/p>\n<ul>\n<li style=\"font-weight: 400;\">1. De los delitos relativos al ejercicio de los derechos pol\u00edticos y a la libertad de imprenta<br \/>\n\u00a7 2. De los cr\u00edmenes y simples delitos relativos al ejercicio de los cultos<\/li>\n<\/ul>\n<p style=\"font-weight: 400;\">permitidos en la Rep\u00fablica<br \/>\n\u00a7 3. Cr\u00edmenes y simples delitos contra la libertad y seguridad, cometidos por particulares<br \/>\n\u00a7 4. De la tortura, otros tratos crueles, inhumanos o degradantes, y de otros agravios inferidos por funcionarios p\u00fablicos a los derechos garantidos por la Constituci\u00f3n<br \/>\n\u00a7 5. De los delitos contra el respeto y protecci\u00f3n a la vida privada y p\u00fablica de la persona y su familia<\/p>\n<p style=\"font-weight: 400;\">T\u00cdTULO IV<br \/>\nDE LOS CR\u00cdMENES Y SIMPLES DELITOS CONTRA LA FE P\u00daBLICA, DE LAS FALSIFICACIONES, DEL FALSO TESTIMONIO Y DEL PERJURIO<\/p>\n<ul>\n<li style=\"font-weight: 400;\">1. De la moneda falsa<br \/>\n\u00a7 2. De la falsificaci\u00f3n de documentos de cr\u00e9dito del Estado, de las Municipalidades, de los establecimientos p\u00fablicos, sociedades an\u00f3nimas o bancos de emisi\u00f3n legalmente autorizados<br \/>\n\u00a7 3. De la falsificaci\u00f3n de sellos, punzones, matrices, marcas, papel sellado, timbres, estampillas, etc.<br \/>\n\u00a7 4. De la falsificaci\u00f3n de documentos p\u00fablicos o aut\u00e9nticos<br \/>\n\u00a7 5. De la falsificaci\u00f3n de instrumentos privados<br \/>\n\u00a7 6. De la falsificaci\u00f3n de pasaportes, portes de armas y certificados<br \/>\n\u00a7 7. De las falsedades vertidas en el proceso y del perjurio<br \/>\n\u00a7 8. Del ejercicio ilegal de una profesi\u00f3n y de la usurpaci\u00f3n de funciones o nombres . .<\/li>\n<\/ul>\n<p style=\"font-weight: 400;\">T\u00cdTULO V<br \/>\nDE LOS CR\u00cdMENES Y SIMPLES DELITOS COMETIDOS POR EMPLEADOS P\u00daBLICOS EN EL DESEMPE\u00d1O DE SUS CARGOS<\/p>\n<ul>\n<li style=\"font-weight: 400;\">1. Anticipaci\u00f3n y prolongaci\u00f3n indebida de funciones p\u00fablicas<br \/>\n\u00a7 2. Nombramientos ilegales<br \/>\n\u00a7 3. Usurpaci\u00f3n de atribuciones<br \/>\n\u00a7 4. Prevaricaci\u00f3n<br \/>\n\u00a7 5. Malversaci\u00f3n de caudales p\u00fablicos<br \/>\n\u00a7 6. Fraudes y exacciones ilegales<br \/>\n\u00a7 7. Infidelidad en la custodia de documentos<br \/>\n\u00a7 8. Violaci\u00f3n de secretos<br \/>\n\u00a7 9. Cohecho<br \/>\n\u00a7 9 bis. Cohecho a Funcionarios P\u00fablicos Extranjeros<br \/>\n\u00a7 9 ter. Normas comunes a los P\u00e1rrafos anteriores<br \/>\n\u00a7 10.Resistencia y desobediencia<br \/>\n\u00a7 11.Denegaci\u00f3n de auxilio y abandono de destino<br \/>\n\u00a7 12.Abusos contra particulares<br \/>\n\u00a7 13.Disposici\u00f3n general<\/li>\n<\/ul>\n<p style=\"font-weight: 400;\">T\u00cdTULO VI<br \/>\nDE LOS CR\u00cdMENES Y SIMPLES DELITOS CONTRA EL ORDEN Y LA SEGURIDAD PUBLICOS COMETIDOS POR PARTICULARES<\/p>\n<ul>\n<li style=\"font-weight: 400;\">1. Atentados contra la autoridad<br \/>\n\u00a7 1 bis. Atentados y amenazas contra fiscales del Ministerio P\u00fablico y defensores penales p\u00fablicos<br \/>\n\u00a7 I ter. Retenciones o toma de control de veh\u00edculo de transporte p\u00fablico de pasajeros<br \/>\n\u00a7 II. Otros des\u00f3rdenes p\u00fablicos<\/li>\n<li style=\"font-weight: 400;\">2. Des\u00f3rdenes p\u00fablicos<br \/>\n\u00a7 2 bis. De la obstrucci\u00f3n a la investigaci\u00f3n<\/li>\n<li style=\"font-weight: 400;\">3. De la rotura de sellos<\/li>\n<li style=\"font-weight: 400;\">4. De los embarazos puestos a la ejecuci\u00f3n de los trabajos p\u00fablicos<\/li>\n<li style=\"font-weight: 400;\">5. Cr\u00edmenes y simples delitos de los proveedores<\/li>\n<li style=\"font-weight: 400;\">6. De las infracciones de las leyes y reglamentos referentes a loter\u00edas, casas de juego y de pr\u00e9stamo sobre prendas<\/li>\n<li style=\"font-weight: 400;\">7. Cr\u00edmenes y simples delitos relativos a la industria, al comercio y a las subastas p\u00fablicas<br \/>\n\u00a7 7o bis. De la corrupci\u00f3n entre particulares<\/li>\n<li style=\"font-weight: 400;\">8. De las infracciones de las leyes y reglamentos relativos a las armas prohibidas<\/li>\n<li style=\"font-weight: 400;\">9. Delitos relativos a la salud animal y vegetal<\/li>\n<li style=\"font-weight: 400;\">10. De las asociaciones il\u00edcitas<\/li>\n<li style=\"font-weight: 400;\">11. De las amenazas de atentado contra las personas y propiedades<\/li>\n<li style=\"font-weight: 400;\">12. De la evasi\u00f3n de los detenidos<\/li>\n<li style=\"font-weight: 400;\">13. De la vagancia y mendicidad<\/li>\n<li style=\"font-weight: 400;\">14. Cr\u00edmenes y simples delitos contra la salud p\u00fablica<\/li>\n<li style=\"font-weight: 400;\">15. De la infracci\u00f3n de las leyes o reglamentos sobre inhumaciones y exhumaciones<\/li>\n<li style=\"font-weight: 400;\">16. Cr\u00edmenes y simples delitos relativos a los ferrocarriles, tel\u00e9grafos y conductores de correspondencia<\/li>\n<\/ul>\n<p style=\"font-weight: 400;\">T\u00cdTULO VII<br \/>\nCR\u00cdMENES Y DELITOS CONTRA EL ORDEN DE LAS FAMILIAS, CONTRA LA MORALIDAD P\u00daBLICA Y CONTRA LA INTEGRIDAD SEXUAL<\/p>\n<ul>\n<li style=\"font-weight: 400;\">1. Aborto<br \/>\n\u00a7 2. Abandono de ni\u00f1os y personas desvalidas<br \/>\n\u00a7 3. Cr\u00edmenes y simples delitos contra el estado civil de las personas<br \/>\n\u00a7 4. Del rapto<br \/>\n\u00a7 5. De la violaci\u00f3n<br \/>\n\u00a7 6. Del estupro y otros delitos sexuales<br \/>\n\u00a7 7. Disposiciones comunes a los dos p\u00e1rrafos anteriores<br \/>\n\u00a7 8. De los ultrajes p\u00fablicos a las buenas costumbres<br \/>\n\u00a7 9. Del incesto<br \/>\n\u00a7 10.Celebraci\u00f3n de matrimonios ilegales<\/li>\n<\/ul>\n<p style=\"font-weight: 400;\">T\u00cdTULO VIII<br \/>\nCR\u00cdMENES Y SIMPLES DELITOS CONTRA LAS PERSONAS<\/p>\n<ul>\n<li style=\"font-weight: 400;\">1. Del parricidio<br \/>\n\u00a7 1 bis. Del femicidio<br \/>\n\u00a7 1 ter. Del homicidio<\/li>\n<li style=\"font-weight: 400;\">2. Del infanticidio<\/li>\n<li style=\"font-weight: 400;\">3. Lesiones corporales<\/li>\n<li style=\"font-weight: 400;\">III. bis. Del maltrato a menores de dieciocho a\u00f1os de edad, adultos mayores o personas en situaci\u00f3n de discapacidad<\/li>\n<li style=\"font-weight: 400;\">4. Del duelo<\/li>\n<li style=\"font-weight: 400;\">5. Disposiciones comunes a los p\u00e1rrafos 1, 1 bis, 1 ter, 3 y 4 de este T\u00edtulo<br \/>\n\u00a7 5 bis. De los delitos de tr\u00e1fico il\u00edcito de migrantes y trata de personas<\/li>\n<li style=\"font-weight: 400;\">6. De la calumnia<\/li>\n<li style=\"font-weight: 400;\">7. De las injurias<\/li>\n<li style=\"font-weight: 400;\">8. Disposiciones comunes a los dos p\u00e1rrafos anteriores<\/li>\n<\/ul>\n<p style=\"font-weight: 400;\">T\u00cdTULO IX<br \/>\nCR\u00cdMENES Y SIMPLES DELITOS CONTRA LA PROPIEDAD<\/p>\n<ul>\n<li style=\"font-weight: 400;\">1. De la apropiaci\u00f3n de las cosas muebles ajenas contra la voluntad de su due\u00f1o\n<p>\u00a7 2. Del robo con violencia o intimidaci\u00f3n en las personas<\/p>\n<p>\u00a7 3. Del robo con fuerza en las cosas<\/p>\n<p>\u00a7 4. Del hurto<br \/>\n\u00a7 4 bis. Del Abigeato<\/li>\n<li style=\"font-weight: 400;\">5. Disposiciones comunes a los cuatro P\u00e1rrafos anteriores<br \/>\n\u00a7 5 bis. De la receptaci\u00f3n<\/li>\n<li style=\"font-weight: 400;\">6. De la usurpaci\u00f3n<\/li>\n<li style=\"font-weight: 400;\">7. De los delitos concursales y de las defraudaciones<\/li>\n<li style=\"font-weight: 400;\">8. Estafas y otros enga\u00f1os<\/li>\n<li style=\"font-weight: 400;\">9. Del incendio y otros estragos<\/li>\n<li style=\"font-weight: 400;\">10.De los da\u00f1os<\/li>\n<li style=\"font-weight: 400;\">11. Disposiciones generales<\/li>\n<\/ul>\n<p style=\"font-weight: 400;\">\nT\u00cdTULO X<br \/>\nDE LOS CUASIDELITOS<\/p>\n<p>LIBRO TERCERO<\/p>\n<p style=\"font-weight: 400;\">T\u00cdTULO I<br \/>\nDE LAS FALTAS<\/p>\n<p style=\"font-weight: 400;\">T\u00cdTULO II<br \/>\nDISPOSICIONES COMUNES A LAS FALTAS<\/p>\n<p style=\"font-weight: 400;\">T\u00cdTULO FINAL<br \/>\nDE LA OBSERVANCIA DE ESTE C\u00d3DIGO<\/p>\n","protected":false},"excerpt":{"rendered":"<p>Con motivo de la importancia que tiene la imposici\u00f3n de una pena, el autor se atrevi\u00f3 a preparar esta obra en la que se analiza, art\u00edculo por art\u00edculo, la pena que corresponde imponer en cada caso considerando la existencia de entidades modificatorias de la responsabilidad penal. El conocimiento de la pena a imponer respecto de cada delito cobra mayor importancia frente a los diversos caminos que puede seguir el proceso penal a la luz del C\u00f3digo Procesal Penal. El trabajo se encabeza en una Primer Parte con ideas someras y que no tiene la pretensi\u00f3n, ni con mucho, de abordar temas de Derecho Penal que han sido desarrollados por grandes penalistas y respecto de los cuales tanto se ha escrito. Con la finalidad de hacer m\u00e1s f\u00e1cil su manejo, no se hace referencia a formas de aplicaci\u00f3n de una pena remiti\u00e9ndonos a otra normal legal, sino que, a riesgo de resultar repetitivos, se analiza cada precepto en particular, luego de transcribir el art\u00edculo respectivo del c\u00f3digo. Por \u00faltimo, sin perjuicio de las reglas que proporciona el C\u00f3digo, no debe olvidarse el p\u00e1rrafo del Mensaje del mismo que se\u00f1ala: \u201ces indispensable confiar en la rectitud y el sano criterio del magistrado gran parte de lo que debiera en rigor hallarse consignado en la ley, pues no hay precepto alguno general, por claro y perfecto que se suponga, que pueda suplir a la apreciaci\u00f3n juiciosa de los hechos, propia s\u00f3lo del tribunal que los ve y los pesa\u201d. PRIMERA PARTE CONCEPTOS GENERALES La pena y su finalidad Teor\u00edas Absolutas o Retributivas de la Pena 2. Teor\u00edas Relativas o de la Prevenci\u00f3n 3. Teor\u00edas Unitarias, Ecl\u00e9cticas o de la Uni\u00f3n Clasificaci\u00f3n de las penas Seg\u00fan su gravedad ii. Seg\u00fan su autonom\u00eda iii. Seg\u00fan si son aflictivas o no iv. Seg\u00fan su naturaleza o atendiendo al bien jur\u00eddico afectado III. Naturaleza y efectos de las penas Penas corporales Penas privativas de libertad A. Reclusi\u00f3n y Presidio B. Prisi\u00f3n Penas restrictivas de libertad Penas pecuniarias Determinaci\u00f3n de las penas Reglas comunes 2. Factores a considerar para aplicar una pena Normas Especiales 3. Circunstancias modificatorias de responsabilidad penal i. Cuando la ley se\u00f1ala una sola pena indivisible ii. Pena compuesta de dos indivisibles iii. La pena se\u00f1alada al delito es un grado de una divisible SEGUNDA PARTE APLICACI\u00d3N EN LOS DELITOS DEL C\u00d3DIGO PENAL LIBRO SEGUNDO CR\u00cdMENES Y SIMPLES DELITOS Y SUS PENAS T\u00cdTULO I CR\u00cdMENES Y SIMPLES DELITOS CONTRA LA SEGURIDAD EXTERIOR Y SOBERAN\u00cdA DEL ESTADO T\u00cdTULO II CR\u00cdMENES Y SIMPLES DELITOS CONTRA LA SEGURIDAD INTERIOR DEL ESTADO T\u00cdTULO III DE LOS CR\u00cdMENES Y SIMPLES DELITOS QUE AFECTAN LOS DERECHOS GARANTIDOS POR LA CONSTITUCI\u00d3N 1. De los delitos relativos al ejercicio de los derechos pol\u00edticos y a la libertad de imprenta \u00a7 2. De los cr\u00edmenes y simples delitos relativos al ejercicio de los cultos permitidos en la Rep\u00fablica \u00a7 3. Cr\u00edmenes y simples delitos contra la libertad y seguridad, cometidos por particulares \u00a7 4. De la tortura, otros tratos crueles, inhumanos o degradantes, y de otros agravios inferidos por funcionarios p\u00fablicos a los derechos garantidos por la Constituci\u00f3n \u00a7 5. De los delitos contra el respeto y protecci\u00f3n a la vida privada y p\u00fablica de la persona y su familia T\u00cdTULO IV DE LOS CR\u00cdMENES Y SIMPLES DELITOS CONTRA LA FE P\u00daBLICA, DE LAS FALSIFICACIONES, DEL FALSO TESTIMONIO Y DEL PERJURIO 1. De la moneda falsa \u00a7 2. De la falsificaci\u00f3n de documentos de cr\u00e9dito del Estado, de las Municipalidades, de los establecimientos p\u00fablicos, sociedades an\u00f3nimas o bancos de emisi\u00f3n legalmente autorizados \u00a7 3. De la falsificaci\u00f3n de sellos, punzones, matrices, marcas, papel sellado, timbres, estampillas, etc. \u00a7 4. De la falsificaci\u00f3n de documentos p\u00fablicos o aut\u00e9nticos \u00a7 5. De la falsificaci\u00f3n de instrumentos privados \u00a7 6. De la falsificaci\u00f3n de pasaportes, portes de armas y certificados \u00a7 7. De las falsedades vertidas en el proceso y del perjurio \u00a7 8. Del ejercicio ilegal de una profesi\u00f3n y de la usurpaci\u00f3n de funciones o nombres . . T\u00cdTULO V DE LOS CR\u00cdMENES Y SIMPLES DELITOS COMETIDOS POR EMPLEADOS P\u00daBLICOS EN EL DESEMPE\u00d1O DE SUS CARGOS 1. Anticipaci\u00f3n y prolongaci\u00f3n indebida de funciones p\u00fablicas \u00a7 2. Nombramientos ilegales \u00a7 3. Usurpaci\u00f3n de atribuciones \u00a7 4. Prevaricaci\u00f3n \u00a7 5. Malversaci\u00f3n de caudales p\u00fablicos \u00a7 6. Fraudes y exacciones ilegales \u00a7 7. Infidelidad en la custodia de documentos \u00a7 8. Violaci\u00f3n de secretos \u00a7 9. Cohecho \u00a7 9 bis. Cohecho a Funcionarios P\u00fablicos Extranjeros \u00a7 9 ter. Normas comunes a los P\u00e1rrafos anteriores \u00a7 10.Resistencia y desobediencia \u00a7 11.Denegaci\u00f3n de auxilio y abandono de destino \u00a7 12.Abusos contra particulares \u00a7 13.Disposici\u00f3n general T\u00cdTULO VI DE LOS CR\u00cdMENES Y SIMPLES DELITOS CONTRA EL ORDEN Y LA SEGURIDAD PUBLICOS COMETIDOS POR PARTICULARES 1. Atentados contra la autoridad \u00a7 1 bis. Atentados y amenazas contra fiscales del Ministerio P\u00fablico y defensores penales p\u00fablicos \u00a7 I ter. Retenciones o toma de control de veh\u00edculo de transporte p\u00fablico de pasajeros \u00a7 II. Otros des\u00f3rdenes p\u00fablicos 2. Des\u00f3rdenes p\u00fablicos \u00a7 2 bis. De la obstrucci\u00f3n a la investigaci\u00f3n 3. De la rotura de sellos 4. De los embarazos puestos a la ejecuci\u00f3n de los trabajos p\u00fablicos 5. Cr\u00edmenes y simples delitos de los proveedores 6. De las infracciones de las leyes y reglamentos referentes a loter\u00edas, casas de juego y de pr\u00e9stamo sobre prendas 7. Cr\u00edmenes y simples delitos relativos a la industria, al comercio y a las subastas p\u00fablicas \u00a7 7o bis. De la corrupci\u00f3n entre particulares 8. De las infracciones de las leyes y reglamentos relativos a las armas prohibidas 9. Delitos relativos a la salud animal y vegetal 10. De las asociaciones il\u00edcitas 11. De las amenazas de atentado contra las personas y propiedades 12. De la evasi\u00f3n de los detenidos 13. De la vagancia y mendicidad 14. Cr\u00edmenes y simples delitos contra la salud p\u00fablica 15. De la infracci\u00f3n de las leyes o reglamentos sobre inhumaciones y exhumaciones 16. Cr\u00edmenes y simples delitos relativos a los ferrocarriles, tel\u00e9grafos y conductores de correspondencia T\u00cdTULO VII CR\u00cdMENES Y DELITOS CONTRA<\/p>\n","protected":false},"featured_media":3173,"comment_status":"open","ping_status":"closed","template":"","meta":{"inline_featured_image":false,"_joinchat":[]},"product_brand":[],"product_cat":[30],"product_tag":[],"class_list":{"0":"post-3129","1":"product","2":"type-product","3":"status-publish","4":"has-post-thumbnail","6":"product_cat-penal","7":"product_shipping_class-a-convenir","9":"first","10":"instock","11":"shipping-taxable","12":"purchasable","13":"product-type-simple"},"_links":{"self":[{"href":"https:\/\/bibliotecajuridicavirtual.cl\/index.php\/wp-json\/wp\/v2\/product\/3129","targetHints":{"allow":["GET"]}}],"collection":[{"href":"https:\/\/bibliotecajuridicavirtual.cl\/index.php\/wp-json\/wp\/v2\/product"}],"about":[{"href":"https:\/\/bibliotecajuridicavirtual.cl\/index.php\/wp-json\/wp\/v2\/types\/product"}],"replies":[{"embeddable":true,"href":"https:\/\/bibliotecajuridicavirtual.cl\/index.php\/wp-json\/wp\/v2\/comments?post=3129"}],"wp:featuredmedia":[{"embeddable":true,"href":"https:\/\/bibliotecajuridicavirtual.cl\/index.php\/wp-json\/wp\/v2\/media\/3173"}],"wp:attachment":[{"href":"https:\/\/bibliotecajuridicavirtual.cl\/index.php\/wp-json\/wp\/v2\/media?parent=3129"}],"wp:term":[{"taxonomy":"product_brand","embeddable":true,"href":"https:\/\/bibliotecajuridicavirtual.cl\/index.php\/wp-json\/wp\/v2\/product_brand?post=3129"},{"taxonomy":"product_cat","embeddable":true,"href":"https:\/\/bibliotecajuridicavirtual.cl\/index.php\/wp-json\/wp\/v2\/product_cat?post=3129"},{"taxonomy":"product_tag","embeddable":true,"href":"https:\/\/bibliotecajuridicavirtual.cl\/index.php\/wp-json\/wp\/v2\/product_tag?post=3129"}],"curies":[{"name":"wp","href":"https:\/\/api.w.org\/{rel}","templated":true}]}}