{"id":3131,"date":"2026-02-28T01:09:30","date_gmt":"2026-02-28T04:09:30","guid":{"rendered":"https:\/\/bibliotecajuridicavirtual.cl\/?post_type=product&#038;p=3131"},"modified":"2026-02-28T01:10:16","modified_gmt":"2026-02-28T04:10:16","slug":"ley-21-180-de-transformacion-digital-del-estado-ano-noviembre-2023-126-pag-autor-katherine-cempe-cempe","status":"publish","type":"product","link":"https:\/\/bibliotecajuridicavirtual.cl\/index.php\/product\/ley-21-180-de-transformacion-digital-del-estado-ano-noviembre-2023-126-pag-autor-katherine-cempe-cempe\/","title":{"rendered":"Ley 21.180 de Transformaci\u00f3n Digital del Estado. A\u00f1o Noviembre 2023\/ 126 P\u00e1g. Autor Katherine Cempe Cempe"},"content":{"rendered":"<p style=\"font-weight: 400;\">La Ley N\u00ba21.180, sobre Transformaci\u00f3n Digital del Estado, constituye, sin duda, una de las modificaciones m\u00e1s importantes y esperadas de aquellas que se han hecho a la Ley N\u00ba19.880, sobre Bases de los Procedimientos Administrativos que rigen los Actos de los \u00d3rganos de la Administraci\u00f3n del Estado, desde que esta \u00faltima entr\u00f3 en vigencia hace ya dos d\u00e9cadas.<\/p>\n<p style=\"font-weight: 400;\">Este trabajo aborda esas modificaciones- obligatoriedad de la tramitaci\u00f3n electr\u00f3nica de los procedimientos administrativos; las comunicaciones electr\u00f3nicas entre los distintos \u00f3rganos de la Administraci\u00f3n; notificaciones y Domicilio Digital \u00danico, entre otras-, as\u00ed como las ventajas y dificultades de la implementaci\u00f3n de una normativa de esa magnitud. Del mismo modo, se exploran algunos ejemplos de implementaci\u00f3n de procedimientos electr\u00f3nicos en la gesti\u00f3n p\u00fablica, para efectos de atender esas experiencias, de cara a la pronta implementaci\u00f3n de la Transformaci\u00f3n Digital del Estado.<\/p>\n<p style=\"font-weight: 400;\">\n<p style=\"font-weight: 400;\"><b><strong>CAP\u00cdTULO UNO<\/strong><\/b><br \/>\n<b><strong>LEY N\u00b0 21.180, DE TRANSFORMACI\u00d3N DIGITAL DEL ESTADO<\/strong><\/b><\/p>\n<ol>\n<li style=\"font-weight: 400;\">Acto y Procedimiento Administrativo en Chile<\/li>\n<li style=\"font-weight: 400;\">Nueva ley de Procedimiento Administrativo Electr\u00f3nico en Chile<\/li>\n<li style=\"font-weight: 400;\">Generalidades.<br \/>\nB. Cuerpos normativos modificados<\/li>\n<\/ol>\n<p style=\"font-weight: 400;\">III. Cambios que introdujo la Ley de Transformaci\u00f3n Digital del Estado.<\/p>\n<ol>\n<li style=\"font-weight: 400;\">Obligatoriedad de llevar el procedimiento administrativo en soporte electr\u00f3nico<br \/>\nB. Plataforma electr\u00f3nica de procedimientos administrativos<br \/>\nC. Domicilio digital \u00fanico y notificaciones por medios electr\u00f3nicos<br \/>\nD. Comunicaciones entre los \u00f3rganos de la Administraci\u00f3n del Estado<br \/>\nE. Archivo Nacional Digital<br \/>\nF. Sistema de microcopia o micrograbaci\u00f3n de documentos<br \/>\nG. Normas T\u00e9cnicas<br \/>\nH. Rol del Ministerio Secretar\u00eda General de la Presidencia<br \/>\nI. Principios que se incorporan<\/li>\n<li style=\"font-weight: 400;\">Entrada en vigencia de las modificaciones establecidas por la ley N\u00b0 21.180<\/li>\n<li style=\"font-weight: 400;\">Procedimientos administrativos iniciados de forma previa a la entrada en vigencia de las normas establecidas por la ley N\u00b021.180<\/li>\n<li style=\"font-weight: 400;\">Un caso de an\u00e1lisis: La ley N\u00b0 21.180 y los procedimientos disciplinarios.<\/li>\n<li style=\"font-weight: 400;\">Procedimientos disciplinarios en general<br \/>\nB. Sumarios administrativos instruidos por la Contralor\u00eda General de la Rep\u00fablica<\/li>\n<\/ol>\n<p style=\"font-weight: 400;\"><b><strong>CAP\u00cdTULO DOS<\/strong><\/b><br \/>\n<b><strong>LA LEY DE TRANSFORMACI\u00d3N DIGITAL DEL ESTADO: VENTAJAS Y DIFICULTADES EN SU IMPLEMENTACI\u00d3N<\/strong><\/b><\/p>\n<ol>\n<li style=\"font-weight: 400;\">Ventajas de la implementaci\u00f3n de la Ley de Transformaci\u00f3n Digital del Estado<\/li>\n<li style=\"font-weight: 400;\">Aspectos Financieros en la Administraci\u00f3n<br \/>\nB. Medio Ambiente<br \/>\nC. Ventajas directas para los usuarios de los distintos OAE<br \/>\nD. M\u00e1s transparencia, eficiencia y eficacia, en la Administraci\u00f3n P\u00fablica<\/li>\n<li style=\"font-weight: 400;\">Desaf\u00edos y\/o dificultades<\/li>\n<li style=\"font-weight: 400;\">Brecha Digital: ciudadanos e instituciones<br \/>\nB. Ciberseguridad y protecci\u00f3n de datos de datos personales<\/li>\n<\/ol>\n<p style=\"font-weight: 400;\"><b><strong>CAP\u00cdTULO TRES<\/strong><\/b><br \/>\n<b><strong>EJEMPLOS DE IMPLEMENTACI\u00d3N DE PROCEDIMIENTOS ADMINISTRATIVOS ELECTR\u00d3NICOS EN EL ESTADO<\/strong><\/b><\/p>\n<ol>\n<li style=\"font-weight: 400;\">Sistema de Informaci\u00f3n y Control de Personal de la Administraci\u00f3n del Estado (SIAPER), de la Contralor\u00eda General de la Rep\u00fablica<\/li>\n<li style=\"font-weight: 400;\">Sistema de Compras P\u00fablicas<\/li>\n<\/ol>\n<p style=\"font-weight: 400;\">III. Tribunales de Justicia: Tramitaci\u00f3n Digital<\/p>\n","protected":false},"excerpt":{"rendered":"<p>La Ley N\u00ba21.180, sobre Transformaci\u00f3n Digital del Estado, constituye, sin duda, una de las modificaciones m\u00e1s importantes y esperadas de aquellas que se han hecho a la Ley N\u00ba19.880, sobre Bases de los Procedimientos Administrativos que rigen los Actos de los \u00d3rganos de la Administraci\u00f3n del Estado, desde que esta \u00faltima entr\u00f3 en vigencia hace ya dos d\u00e9cadas. Este trabajo aborda esas modificaciones- obligatoriedad de la tramitaci\u00f3n electr\u00f3nica de los procedimientos administrativos; las comunicaciones electr\u00f3nicas entre los distintos \u00f3rganos de la Administraci\u00f3n; notificaciones y Domicilio Digital \u00danico, entre otras-, as\u00ed como las ventajas y dificultades de la implementaci\u00f3n de una normativa de esa magnitud. Del mismo modo, se exploran algunos ejemplos de implementaci\u00f3n de procedimientos electr\u00f3nicos en la gesti\u00f3n p\u00fablica, para efectos de atender esas experiencias, de cara a la pronta implementaci\u00f3n de la Transformaci\u00f3n Digital del Estado. CAP\u00cdTULO UNO LEY N\u00b0 21.180, DE TRANSFORMACI\u00d3N DIGITAL DEL ESTADO Acto y Procedimiento Administrativo en Chile Nueva ley de Procedimiento Administrativo Electr\u00f3nico en Chile Generalidades. B. Cuerpos normativos modificados III. Cambios que introdujo la Ley de Transformaci\u00f3n Digital del Estado. Obligatoriedad de llevar el procedimiento administrativo en soporte electr\u00f3nico B. Plataforma electr\u00f3nica de procedimientos administrativos C. Domicilio digital \u00fanico y notificaciones por medios electr\u00f3nicos D. Comunicaciones entre los \u00f3rganos de la Administraci\u00f3n del Estado E. Archivo Nacional Digital F. Sistema de microcopia o micrograbaci\u00f3n de documentos G. Normas T\u00e9cnicas H. Rol del Ministerio Secretar\u00eda General de la Presidencia I. Principios que se incorporan Entrada en vigencia de las modificaciones establecidas por la ley N\u00b0 21.180 Procedimientos administrativos iniciados de forma previa a la entrada en vigencia de las normas establecidas por la ley N\u00b021.180 Un caso de an\u00e1lisis: La ley N\u00b0 21.180 y los procedimientos disciplinarios. Procedimientos disciplinarios en general B. Sumarios administrativos instruidos por la Contralor\u00eda General de la Rep\u00fablica CAP\u00cdTULO DOS LA LEY DE TRANSFORMACI\u00d3N DIGITAL DEL ESTADO: VENTAJAS Y DIFICULTADES EN SU IMPLEMENTACI\u00d3N Ventajas de la implementaci\u00f3n de la Ley de Transformaci\u00f3n Digital del Estado Aspectos Financieros en la Administraci\u00f3n B. Medio Ambiente C. Ventajas directas para los usuarios de los distintos OAE D. M\u00e1s transparencia, eficiencia y eficacia, en la Administraci\u00f3n P\u00fablica Desaf\u00edos y\/o dificultades Brecha Digital: ciudadanos e instituciones B. Ciberseguridad y protecci\u00f3n de datos de datos personales CAP\u00cdTULO TRES EJEMPLOS DE IMPLEMENTACI\u00d3N DE PROCEDIMIENTOS ADMINISTRATIVOS ELECTR\u00d3NICOS EN EL ESTADO Sistema de Informaci\u00f3n y Control de Personal de la Administraci\u00f3n del Estado (SIAPER), de la Contralor\u00eda General de la Rep\u00fablica Sistema de Compras P\u00fablicas III. Tribunales de Justicia: Tramitaci\u00f3n Digital<\/p>\n","protected":false},"featured_media":3184,"comment_status":"open","ping_status":"closed","template":"","meta":{"inline_featured_image":false,"_joinchat":[]},"product_brand":[],"product_cat":[45,58],"product_tag":[],"class_list":{"0":"post-3131","1":"product","2":"type-product","3":"status-publish","4":"has-post-thumbnail","6":"product_cat-administrativo","7":"product_cat-editorial-rubicon","8":"product_shipping_class-a-convenir","10":"first","11":"instock","12":"shipping-taxable","13":"purchasable","14":"product-type-simple"},"_links":{"self":[{"href":"https:\/\/bibliotecajuridicavirtual.cl\/index.php\/wp-json\/wp\/v2\/product\/3131","targetHints":{"allow":["GET"]}}],"collection":[{"href":"https:\/\/bibliotecajuridicavirtual.cl\/index.php\/wp-json\/wp\/v2\/product"}],"about":[{"href":"https:\/\/bibliotecajuridicavirtual.cl\/index.php\/wp-json\/wp\/v2\/types\/product"}],"replies":[{"embeddable":true,"href":"https:\/\/bibliotecajuridicavirtual.cl\/index.php\/wp-json\/wp\/v2\/comments?post=3131"}],"wp:featuredmedia":[{"embeddable":true,"href":"https:\/\/bibliotecajuridicavirtual.cl\/index.php\/wp-json\/wp\/v2\/media\/3184"}],"wp:attachment":[{"href":"https:\/\/bibliotecajuridicavirtual.cl\/index.php\/wp-json\/wp\/v2\/media?parent=3131"}],"wp:term":[{"taxonomy":"product_brand","embeddable":true,"href":"https:\/\/bibliotecajuridicavirtual.cl\/index.php\/wp-json\/wp\/v2\/product_brand?post=3131"},{"taxonomy":"product_cat","embeddable":true,"href":"https:\/\/bibliotecajuridicavirtual.cl\/index.php\/wp-json\/wp\/v2\/product_cat?post=3131"},{"taxonomy":"product_tag","embeddable":true,"href":"https:\/\/bibliotecajuridicavirtual.cl\/index.php\/wp-json\/wp\/v2\/product_tag?post=3131"}],"curies":[{"name":"wp","href":"https:\/\/api.w.org\/{rel}","templated":true}]}}