{"id":3132,"date":"2026-02-28T01:09:30","date_gmt":"2026-02-28T04:09:30","guid":{"rendered":"https:\/\/bibliotecajuridicavirtual.cl\/?post_type=product&#038;p=3132"},"modified":"2026-02-28T01:10:17","modified_gmt":"2026-02-28T04:10:17","slug":"vision-jurisprudencial-robo-con-fuerza-diciembre-2023-176-pag-autor-editorial-hammurabi","status":"publish","type":"product","link":"https:\/\/bibliotecajuridicavirtual.cl\/index.php\/product\/vision-jurisprudencial-robo-con-fuerza-diciembre-2023-176-pag-autor-editorial-hammurabi\/","title":{"rendered":"Vision Jurisprudencial Robo con Fuerza. Diciembre 2023\/ 176 P\u00e1g. Autor Editorial Hammurabi"},"content":{"rendered":"<ol>\n<li style=\"font-weight: 400; text-align: left;\"><b><strong> FICHAS DE ROBO CON FUERZA &#8211; CORTE SUPREMA<\/strong><\/b><\/li>\n<\/ol>\n<p style=\"font-weight: 400;\">Ficha N\u00ba 1: Robo en lugar destinado a la habitaci\u00f3n. Recurso de nulidad<\/p>\n<p style=\"font-weight: 400;\">An\u00e1lisis de la pretensi\u00f3n y defensa<br \/>\n1. S\u00edntesis del fallo<br \/>\n2. Conclusi\u00f3n<\/p>\n<p style=\"font-weight: 400;\">Ficha N\u00ba 2: Delito consumado de robo en lugar no habitado. Se restablece la causa al estado de realizarse nuevo juicio oral ante tribunal no inhabilitado. Recursos de nulidad acogidos<\/p>\n<p style=\"font-weight: 400;\">An\u00e1lisis de la pretensi\u00f3n y defensa<br \/>\n1. S\u00edntesis del fallo<br \/>\n2. Conclusi\u00f3n<\/p>\n<p style=\"font-weight: 400;\">Ficha N\u00ba 3: Delito consumado de robo con fuerza en las cosas. Recurso de nulidad rechazado. Escalamiento.<\/p>\n<p>An\u00e1lisis de la pretensi\u00f3n y defensa<br \/>\n1. S\u00edntesis del fallo<br \/>\n2. Conclusi\u00f3n<\/p>\n<p style=\"font-weight: 400;\">Ficha N\u00ba 4: Delito consumado de tenencia de instrumentos conocidamente destinados para cometer el delito de robo. Recursos de nulidad. Delito de robo de veh\u00edculos<\/p>\n<p style=\"font-weight: 400;\">An\u00e1lisis de la pretensi\u00f3n y defensa<br \/>\n1. S\u00edntesis del fallo<br \/>\n2. Conclusi\u00f3n<\/p>\n<p style=\"font-weight: 400;\">Ficha N\u00ba 5: Delito consumado de robo con fuerza en las cosas. Recurso de nulidad rechazado<\/p>\n<p style=\"font-weight: 400;\">An\u00e1lisis de la pretensi\u00f3n y defensa<br \/>\n1. S\u00edntesis del fallo<br \/>\n2. Conclusi\u00f3n<\/p>\n<p style=\"font-weight: 400;\">Ficha N\u00ba 6: Delito de robo con fuerza en las cosas. Recurso de nulidad. Escalamiento<\/p>\n<p style=\"font-weight: 400;\">An\u00e1lisis de la pretensi\u00f3n y defensa<br \/>\n1. S\u00edntesis del fallo<br \/>\n2. Conclusi\u00f3n<\/p>\n<p style=\"font-weight: 400;\">Ficha N\u00ba 7: Delito consumado de robo con fuerza en las cosas. Control de identidad. Control preventivo. Funciones de resguardo del orden y la seguridad p\u00fablica<\/p>\n<p style=\"font-weight: 400;\">An\u00e1lisis de la pretensi\u00f3n y defensa<br \/>\n1. S\u00edntesis del fallo<br \/>\n2. Conclusi\u00f3n<\/p>\n<p style=\"font-weight: 400;\">Ficha N\u00ba 8: Delito de robo con fuerza en las cosas en lugar habitado. Recurso de nulidad rechazado. Voto en contra<\/p>\n<p style=\"font-weight: 400;\">An\u00e1lisis de la pretensi\u00f3n y defensa<br \/>\n1. S\u00edntesis del fallo<br \/>\n2. Conclusi\u00f3n<\/p>\n<p style=\"font-weight: 400;\">Ficha N\u00ba 9: Delito frustrado de robo con fuerza en las cosas en bienes nacionales de uso p\u00fablico. Delito de usurpaci\u00f3n de nombre. Hermanos gemelos<\/p>\n<p style=\"font-weight: 400;\">An\u00e1lisis de la pretensi\u00f3n y defensa<br \/>\n1. S\u00edntesis del fallo<br \/>\n2. Conclusi\u00f3n<\/p>\n<p style=\"font-weight: 400;\">Ficha N\u00ba 10: Delito consumado de robo con fuerza en las cosas efectuado en lugar habitado. Recurso de nulidad rechazado. Flagrancia<\/p>\n<p style=\"font-weight: 400;\">An\u00e1lisis de la pretensi\u00f3n y defensa<br \/>\n1. S\u00edntesis del fallo<br \/>\n2. Conclusi\u00f3n<\/p>\n<p style=\"font-weight: 400;\">Ficha N\u00ba 11: Delito de robo con fuerza en las cosas. Recurso de nulidad rechazado. Delito flagrante<\/p>\n<p>An\u00e1lisis de la pretensi\u00f3n y defensa<br \/>\n1. S\u00edntesis del fallo<br \/>\n2. Conclusi\u00f3n<\/p>\n<ol>\n<li style=\"font-weight: 400;\"><b><strong> FICHAS DE ROBO CON FUERZA \u2013 CORTES DE APELACIONES<\/strong><\/b><\/li>\n<\/ol>\n<p style=\"font-weight: 400;\">Ficha N\u00ba 12: Delitos de robo con fuerza en lugar habitado. Recursos de nulidad. Escalamiento<\/p>\n<p style=\"font-weight: 400;\">An\u00e1lisis de la pretensi\u00f3n y defensa<br \/>\n1. S\u00edntesis del fallo<br \/>\n2. Conclusi\u00f3n<\/p>\n<p style=\"font-weight: 400;\">Ficha N\u00ba 13: Delito consumado de robo en lugar habitado. Recurso de nulidad. Escalamiento<\/p>\n<p style=\"font-weight: 400;\">An\u00e1lisis de la pretensi\u00f3n y defensa<br \/>\n1. S\u00edntesis del fallo<br \/>\n2. Conclusi\u00f3n<\/p>\n<p style=\"font-weight: 400;\">Ficha N\u00ba 14: Delito de robo con fuerza en las cosas en grado de frustrado. Recurso de nulidad. Huella gen\u00e9tica<\/p>\n<p style=\"font-weight: 400;\">An\u00e1lisis de la pretensi\u00f3n y defensa<br \/>\n1. S\u00edntesis del fallo<br \/>\n2. Conclusi\u00f3n<\/p>\n<p style=\"font-weight: 400;\">Ficha N\u00ba 15: Delito de robo con fuerza en las cosas en lugar no habitado. Recurso de nulidad<\/p>\n<p style=\"font-weight: 400;\">An\u00e1lisis de la pretensi\u00f3n y defensa<br \/>\n1. S\u00edntesis del fallo<br \/>\n2. Conclusi\u00f3n<\/p>\n<p style=\"font-weight: 400;\"><b><strong>III. SENTENCIAS DE LA CORTE SUPREMA \u2013 ROBOS CON FUERZA<\/strong><\/b><\/p>\n<p>Sentencia 1<br \/>\nSentencia 2<br \/>\nSentencia 3<br \/>\nSentencia 4<br \/>\nSentencia 5<br \/>\nSentencia 6<br \/>\nSentencia 7<br \/>\nSentencia 8<br \/>\nSentencia 9<br \/>\nSentencia 10<br \/>\nSentencia 11<\/p>\n<ol>\n<li style=\"font-weight: 400;\"><b><strong> SENTENCIAS DE LAS CORTES DE APELACIONES &#8211; ROBOS CON FUERZA<\/strong><\/b>\n<p>Sentencia 12<br \/>\nSentencia 13<br \/>\nSentencia 14<br \/>\nSentencia 15<\/li>\n<\/ol>\n","protected":false},"excerpt":{"rendered":"<p>FICHAS DE ROBO CON FUERZA &#8211; CORTE SUPREMA Ficha N\u00ba 1: Robo en lugar destinado a la habitaci\u00f3n. Recurso de nulidad An\u00e1lisis de la pretensi\u00f3n y defensa 1. S\u00edntesis del fallo 2. Conclusi\u00f3n Ficha N\u00ba 2: Delito consumado de robo en lugar no habitado. Se restablece la causa al estado de realizarse nuevo juicio oral ante tribunal no inhabilitado. Recursos de nulidad acogidos An\u00e1lisis de la pretensi\u00f3n y defensa 1. S\u00edntesis del fallo 2. Conclusi\u00f3n Ficha N\u00ba 3: Delito consumado de robo con fuerza en las cosas. Recurso de nulidad rechazado. Escalamiento. An\u00e1lisis de la pretensi\u00f3n y defensa 1. S\u00edntesis del fallo 2. Conclusi\u00f3n Ficha N\u00ba 4: Delito consumado de tenencia de instrumentos conocidamente destinados para cometer el delito de robo. Recursos de nulidad. Delito de robo de veh\u00edculos An\u00e1lisis de la pretensi\u00f3n y defensa 1. S\u00edntesis del fallo 2. Conclusi\u00f3n Ficha N\u00ba 5: Delito consumado de robo con fuerza en las cosas. Recurso de nulidad rechazado An\u00e1lisis de la pretensi\u00f3n y defensa 1. S\u00edntesis del fallo 2. Conclusi\u00f3n Ficha N\u00ba 6: Delito de robo con fuerza en las cosas. Recurso de nulidad. Escalamiento An\u00e1lisis de la pretensi\u00f3n y defensa 1. S\u00edntesis del fallo 2. Conclusi\u00f3n Ficha N\u00ba 7: Delito consumado de robo con fuerza en las cosas. Control de identidad. Control preventivo. Funciones de resguardo del orden y la seguridad p\u00fablica An\u00e1lisis de la pretensi\u00f3n y defensa 1. S\u00edntesis del fallo 2. Conclusi\u00f3n Ficha N\u00ba 8: Delito de robo con fuerza en las cosas en lugar habitado. Recurso de nulidad rechazado. Voto en contra An\u00e1lisis de la pretensi\u00f3n y defensa 1. S\u00edntesis del fallo 2. Conclusi\u00f3n Ficha N\u00ba 9: Delito frustrado de robo con fuerza en las cosas en bienes nacionales de uso p\u00fablico. Delito de usurpaci\u00f3n de nombre. Hermanos gemelos An\u00e1lisis de la pretensi\u00f3n y defensa 1. S\u00edntesis del fallo 2. Conclusi\u00f3n Ficha N\u00ba 10: Delito consumado de robo con fuerza en las cosas efectuado en lugar habitado. Recurso de nulidad rechazado. Flagrancia An\u00e1lisis de la pretensi\u00f3n y defensa 1. S\u00edntesis del fallo 2. Conclusi\u00f3n Ficha N\u00ba 11: Delito de robo con fuerza en las cosas. Recurso de nulidad rechazado. Delito flagrante An\u00e1lisis de la pretensi\u00f3n y defensa 1. S\u00edntesis del fallo 2. Conclusi\u00f3n FICHAS DE ROBO CON FUERZA \u2013 CORTES DE APELACIONES Ficha N\u00ba 12: Delitos de robo con fuerza en lugar habitado. Recursos de nulidad. Escalamiento An\u00e1lisis de la pretensi\u00f3n y defensa 1. S\u00edntesis del fallo 2. Conclusi\u00f3n Ficha N\u00ba 13: Delito consumado de robo en lugar habitado. Recurso de nulidad. Escalamiento An\u00e1lisis de la pretensi\u00f3n y defensa 1. S\u00edntesis del fallo 2. Conclusi\u00f3n Ficha N\u00ba 14: Delito de robo con fuerza en las cosas en grado de frustrado. Recurso de nulidad. Huella gen\u00e9tica An\u00e1lisis de la pretensi\u00f3n y defensa 1. S\u00edntesis del fallo 2. Conclusi\u00f3n Ficha N\u00ba 15: Delito de robo con fuerza en las cosas en lugar no habitado. Recurso de nulidad An\u00e1lisis de la pretensi\u00f3n y defensa 1. S\u00edntesis del fallo 2. Conclusi\u00f3n III. SENTENCIAS DE LA CORTE SUPREMA \u2013 ROBOS CON FUERZA Sentencia 1 Sentencia 2 Sentencia 3 Sentencia 4 Sentencia 5 Sentencia 6 Sentencia 7 Sentencia 8 Sentencia 9 Sentencia 10 Sentencia 11 SENTENCIAS DE LAS CORTES DE APELACIONES &#8211; ROBOS CON FUERZA Sentencia 12 Sentencia 13 Sentencia 14 Sentencia 15<\/p>\n","protected":false},"featured_media":3185,"comment_status":"open","ping_status":"closed","template":"","meta":{"inline_featured_image":false,"_joinchat":[]},"product_brand":[],"product_cat":[30],"product_tag":[],"class_list":{"0":"post-3132","1":"product","2":"type-product","3":"status-publish","4":"has-post-thumbnail","6":"product_cat-penal","7":"product_shipping_class-a-convenir","9":"first","10":"instock","11":"shipping-taxable","12":"purchasable","13":"product-type-simple"},"_links":{"self":[{"href":"https:\/\/bibliotecajuridicavirtual.cl\/index.php\/wp-json\/wp\/v2\/product\/3132","targetHints":{"allow":["GET"]}}],"collection":[{"href":"https:\/\/bibliotecajuridicavirtual.cl\/index.php\/wp-json\/wp\/v2\/product"}],"about":[{"href":"https:\/\/bibliotecajuridicavirtual.cl\/index.php\/wp-json\/wp\/v2\/types\/product"}],"replies":[{"embeddable":true,"href":"https:\/\/bibliotecajuridicavirtual.cl\/index.php\/wp-json\/wp\/v2\/comments?post=3132"}],"wp:featuredmedia":[{"embeddable":true,"href":"https:\/\/bibliotecajuridicavirtual.cl\/index.php\/wp-json\/wp\/v2\/media\/3185"}],"wp:attachment":[{"href":"https:\/\/bibliotecajuridicavirtual.cl\/index.php\/wp-json\/wp\/v2\/media?parent=3132"}],"wp:term":[{"taxonomy":"product_brand","embeddable":true,"href":"https:\/\/bibliotecajuridicavirtual.cl\/index.php\/wp-json\/wp\/v2\/product_brand?post=3132"},{"taxonomy":"product_cat","embeddable":true,"href":"https:\/\/bibliotecajuridicavirtual.cl\/index.php\/wp-json\/wp\/v2\/product_cat?post=3132"},{"taxonomy":"product_tag","embeddable":true,"href":"https:\/\/bibliotecajuridicavirtual.cl\/index.php\/wp-json\/wp\/v2\/product_tag?post=3132"}],"curies":[{"name":"wp","href":"https:\/\/api.w.org\/{rel}","templated":true}]}}