{"id":3151,"date":"2026-02-28T01:09:51","date_gmt":"2026-02-28T04:09:51","guid":{"rendered":"https:\/\/bibliotecajuridicavirtual.cl\/?post_type=product&#038;p=3151"},"modified":"2026-02-28T01:10:21","modified_gmt":"2026-02-28T04:10:21","slug":"trece-anos-de-jurisprudencia-del-consejo-para-la-transparencia-seleccion-desarrollo-y-proyeccion-2009-2022-ii-tomos-ano-noviembre-2023-1-134-pag-autor-david-ibaceta-medina","status":"publish","type":"product","link":"https:\/\/bibliotecajuridicavirtual.cl\/index.php\/product\/trece-anos-de-jurisprudencia-del-consejo-para-la-transparencia-seleccion-desarrollo-y-proyeccion-2009-2022-ii-tomos-ano-noviembre-2023-1-134-pag-autor-david-ibaceta-medina\/","title":{"rendered":"Trece A\u00f1os de Jurisprudencia del Consejo para la Transparencia &#8211;  Selecci\u00f3n, desarrollo y Proyecci\u00f3n 2009-2022 &#8211; II Tomos . A\u00f1o Noviembre 2023\/  1.134 P\u00e1g. Autor David Ibaceta Medina"},"content":{"rendered":"<p style=\"font-weight: 400;\">El principio de transparencia y el derecho de acceso a la informacio\u0301n requieren la existencia de una institucionalidad garante que permita su reconocimiento y consolidacio\u0301n.<\/p>\n<p style=\"font-weight: 400;\">En Chile, dicha competencia radica en el Consejo para la Transparencia, que es por ley el o\u0301rgano encargado de promover la transparencia de la funcio\u0301n pu\u0301blica, fiscalizar el cumplimiento de las normas sobre transparencia y publicidad de la informacio\u0301n de los o\u0301rganos de la Administracio\u0301n del Estado, y garantizar el derecho de acceso a la informacio\u0301n.<\/p>\n<p style=\"font-weight: 400;\">En cumplimiento de dicho objeto, una de las principales tareas que la Ley de Transparencia encarga al Consejo consiste en resolver, fundadamente, los amparos por denegacio\u0301n de acceso a la informacio\u0301n que le sean formulados de conformidad a dicha ley, al igual que los reclamos por infraccio\u0301n a los deberes de transparencia activa por parte de los sujetos obligados.<\/p>\n<p style=\"font-weight: 400;\">La labor del Consejo para la Transparencia se ha ido consolidando en el tiempo, el cual ha ido desarrollando a lo largo de su existencia importantes criterios jurisprudenciales en materia de transparencia, derecho de acceso a la informacio\u0301n y sus causales de secreto o reserva, los que se tienen como referente tanto en Chile como en el extranjero.<\/p>\n<p style=\"font-weight: 400;\">Esta recopilacio\u0301n jurisprudencial da cuenta de los principales criterios del Consejo para la Transparencia en estos u\u0301ltimos trece an\u0303os y se presenta como una contribucio\u0301n al desarrollo de la materia en nuestro pai\u0301s.<\/p>\n<p style=\"font-weight: 400;\">\n<p style=\"font-weight: 400;\"><b><strong>VOLUMEN I<\/strong><\/b><\/p>\n<p style=\"font-weight: 400;\"><b><strong>CASOS A\u00d1O 2009<\/strong><\/b><\/p>\n<p style=\"font-weight: 400;\">Caso beneficiarios Programa de Reparaci\u00f3n y Atenci\u00f3n Integral de Salud a los afectados por Violaciones a los Derechos Humanos (PRAIS)<br \/>\nCaso permisos \u201cexpress\u201d<br \/>\nCaso protecci\u00f3n de personas importantes<br \/>\nCaso calificaciones MINVU<br \/>\nCaso diagnosticados con gripe AH1N1<br \/>\nCaso Costanera Center<br \/>\nCaso Hospital Barros Luco<br \/>\nCaso Lista de Retiros<br \/>\nCaso director regional del Trabajo de Valpara\u00edso<\/p>\n<p style=\"font-weight: 400;\"><b><strong>CASOS A\u00d1O 2010<\/strong><\/b><\/p>\n<p style=\"font-weight: 400;\">Caso denuncia por malversaci\u00f3n de fondos<br \/>\nCaso Plan de intervenci\u00f3n poblaci\u00f3n La Legua<br \/>\nCaso Cabaret<br \/>\nCaso puente r\u00edo Biob\u00edo<br \/>\nCaso salida dominical<\/p>\n<p style=\"font-weight: 400;\"><b><strong>CASOS A\u00d1O 2011<\/strong><\/b><\/p>\n<p>Caso accidentes mineros<br \/>\nCaso \u00f3rdenes de detenci\u00f3n y eliminaci\u00f3n de antecedentes penales<br \/>\nCas ficha cl\u00ednica de fallecido<br \/>\nCaso informe psicolaboral<br \/>\nCaso servidumbres mineras<br \/>\nCaso estudio de consumo de drogas<br \/>\nCaso La Polar<br \/>\nCaso presupuesto gases lacrim\u00f3genos<\/p>\n<p style=\"font-weight: 400;\"><b><strong>CASOS A\u00d1O 2012<\/strong><\/b><\/p>\n<p style=\"font-weight: 400;\">Caso correos electr\u00f3nicos institucionales<br \/>\nCaso deudores patentes municipales<br \/>\nCaso perros vagos<br \/>\nCaso causas ambientales CDE<\/p>\n<p style=\"font-weight: 400;\"><b><strong>CASOS A\u00d1O 2013<\/strong><\/b><\/p>\n<p style=\"font-weight: 400;\">Caso licitaci\u00f3n Ej\u00e9rcito<br \/>\nCasos sumarios administrativos afinados<br \/>\nCaso fiscalizaci\u00f3n Direcci\u00f3n del Trabajo<br \/>\nCaso fallecidos por meningitis<\/p>\n<p style=\"font-weight: 400;\"><b><strong>CASOS A\u00d1O 2014<\/strong><\/b><\/p>\n<p>Caso bono funcionario naval<br \/>\nCaso declarantes sumario administrativo<br \/>\nCaso investigaci\u00f3n homicidio en Ej\u00e9rcito<br \/>\nCaso fiscalizaci\u00f3n superintendencia de valores y seguros<br \/>\nCaso salida del pa\u00eds de menores de edad<br \/>\nCaso acreditaci\u00f3n Universidad Santo Tom\u00e1s<br \/>\nCaso integrantes de la CNI<\/p>\n<p style=\"font-weight: 400;\"><b><strong>CASOS A\u00d1O 2015<\/strong><\/b><\/p>\n<p style=\"font-weight: 400;\">Caso ficha cl\u00ednica<br \/>\nCaso expediente afinado<br \/>\nCaso sumario naval<br \/>\nCaso Matute Johns<br \/>\nCaso acreditaci\u00f3n Universidad Andr\u00e9s Bello y Universidad Vi\u00f1a del Mar<br \/>\nCaso evaluaciones docentes<br \/>\nCaso monumento nacional arqueol\u00f3gico<br \/>\nCaso infraestructura escolar<br \/>\nCaso Lista 3 PDI<br \/>\nCaso Asignaci\u00f3n de Funciones Cr\u00edticas<br \/>\nCaso aborto<br \/>\nCaso fallas Metro<br \/>\nCaso INTERPOL<br \/>\nCaso notificaci\u00f3n<br \/>\nCaso planilla de asistencia practicante CAJ<br \/>\nCaso beneficiarios Ley SEP<br \/>\nCaso evaluaciones t\u00e9cnicas ejecutores SERNAM<br \/>\nCaso Actas de la Comisi\u00f3n de Control y Seguimiento<br \/>\nCaso anticonceptivos<br \/>\nCaso investigaci\u00f3n educacional<br \/>\nCaso demandas reparaci\u00f3n ambiental<br \/>\nCaso carta Asamblea Aut\u00f3noma y Autoconvocada de los Pueblos Aymara, Quechua y Mapuche<br \/>\nCaso Rosamel Fierro<br \/>\nCaso declaraci\u00f3n de patrimonio<br \/>\nCaso 3\u00aa Comisar\u00eda de Chile Chico<br \/>\nCaso informes de compa\u00f1\u00edas aseguradoras de veh\u00edculos<br \/>\nCaso votantes consulta ciudadana<br \/>\nCausa querellas CDE<br \/>\nCaso c\u00f3digo fuente<br \/>\nCaso rendici\u00f3n de cuentas<br \/>\nCaso tarjamiento hoja de vida excomandante en jefe<br \/>\nCaso Alto Hospicio<br \/>\nCaso dotaci\u00f3n comisar\u00edas<br \/>\nCaso registros de videos<br \/>\nCaso plan de negocios AFP<br \/>\nCaso postulaci\u00f3n academia diplom\u00e1tica<br \/>\nCaso informe costeo educaci\u00f3n<br \/>\nCaso Fundaci\u00f3n Daya<br \/>\nCaso administradores p\u00fablicos ANI<br \/>\nCaso economatos establecimientos penitenciarios Regi\u00f3n Metropolitana<br \/>\nCaso L\u00ednea base energ\u00e9tica Ays\u00e9n<br \/>\nCaso cargos y sanciones persona natural<br \/>\nCaso vi\u00e1ticos y remuneraciones<br \/>\nCaso convenio colectivo<\/p>\n<p style=\"font-weight: 400;\"><b><strong>CASOS A\u00d1O 2016<\/strong><\/b><\/p>\n<p style=\"font-weight: 400;\">Caso importaciones<br \/>\nCaso interno Colina Dos<br \/>\nCaso inversi\u00f3n exploraci\u00f3n en Ecuador<br \/>\nCaso instituciones adulto mayor<br \/>\nCaso solicitudes de regularizaci\u00f3n de dominio<br \/>\nCaso audiencias Ministerio de Agricultura<br \/>\nCaso acuerdo conciliatorio<br \/>\nCaso investigaci\u00f3n de acoso sexual<br \/>\nCaso concurso p\u00fablico<br \/>\nCaso silicosis pulmonar<br \/>\nCaso inversi\u00f3n CODELCO Ventanas<br \/>\nCaso oferentes licitaci\u00f3n p\u00fablica<br \/>\nCaso Banco BTG<br \/>\nCaso sumario administrativo<br \/>\nCaso informe sobre libertad condicional<br \/>\nCaso archivos maestros<br \/>\nCaso funcionarios integrantes de la DINA y de la CNI<br \/>\nCaso capacitaciones y viajes de alcaldes y concejales<br \/>\nCaso dotaci\u00f3n de Carabineros<br \/>\nCaso rendici\u00f3n de cuentas de regimiento<br \/>\nCaso consulta ciudadana<br \/>\nCaso autopsia<\/p>\n<p style=\"font-weight: 400;\"><b><strong>CASOS A\u00d1O 2017<\/strong><\/b><\/p>\n<p style=\"font-weight: 400;\">Caso centros de producci\u00f3n de salm\u00f3nidos<br \/>\nCaso arriendo de propiedades<br \/>\nCaso informe t\u00e9cnico arquitect\u00f3nico<br \/>\nCaso pago por venta de gas<br \/>\nCaso examen de cosmetolog\u00eda<br \/>\nCaso planificaci\u00f3n de servicios policiales y de seguridad<br \/>\nCaso relleno sanitario<br \/>\nCaso adjudicaci\u00f3n de proyecto<br \/>\nCaso grupos relacionados al diagn\u00f3stico<br \/>\nCaso entrevista reclamante<br \/>\nCaso Encuesta CASEN<br \/>\nCaso dotaci\u00f3n y presupuestos de Carabineros<br \/>\nCaso sumario administrativo y grabaci\u00f3n<br \/>\nCaso investigaci\u00f3n por vulneraci\u00f3n de derechos fundamentales<\/p>\n<p style=\"font-weight: 400;\"><b><strong>VOLUMEN II<\/strong><\/b><\/p>\n<p style=\"font-weight: 400;\"><b><strong>CASOS A\u00d1O 2018<\/strong><\/b><\/p>\n<p style=\"font-weight: 400;\">Caso bit\u00e1coras de vuelo<br \/>\nCaso n\u00f3minas de acciones<br \/>\nCaso videos de c\u00e1maras de seguridad<br \/>\nCaso sumario y video hospital<br \/>\nCaso minutas SECOM Camilo Catrillanca<br \/>\nCaso acoso laboral exembajador<br \/>\nCaso copia de carta<br \/>\nCaso solicitud exploraci\u00f3n s\u00edsmica<br \/>\nCaso almuerzo presidencial<br \/>\nCaso Universidad de Harvard<br \/>\nCaso controles preventivos de identidad<br \/>\nCaso impuesto sobre emisi\u00f3n de contaminantes<br \/>\nCaso penas por violaciones a derechos humanos<\/p>\n<p style=\"font-weight: 400;\"><b><strong>CASOS A\u00d1O 2019<\/strong><\/b><\/p>\n<p style=\"font-weight: 400;\">Caso Reglamento de Especialidades del Ej\u00e9rcito<br \/>\nCaso deudas, impuestos y multas del servicio municipal de agua potable<br \/>\nCaso informes de Unidad de An\u00e1lisis de Datos y Coordinaci\u00f3n Intersectorial<br \/>\nCaso notificaciones de efectos e incidentes adversos de dispositivos m\u00e9dicos no regulados<br \/>\nCaso participaci\u00f3n ciudadana y estudios de impacto ambiental<br \/>\nCaso tratados internacionales<br \/>\nCaso \u201cModernizaci\u00f3n Tributaria\u201d<br \/>\nCaso conscriptos muertos y lesionados<br \/>\nCaso modelos hidrogeol\u00f3gicos<br \/>\nCaso investigaci\u00f3n de seguridad militar<\/p>\n<p style=\"font-weight: 400;\"><b><strong>CASOS A\u00d1O 2020<\/strong><\/b><\/p>\n<p style=\"font-weight: 400;\">Caso balances e informes de auditor\u00eda<br \/>\nCaso estudio psicol\u00f3gico interno<br \/>\nCaso denuncias por malversaci\u00f3n de fondos p\u00fablicos<br \/>\nCaso ministros de Corte Naval<br \/>\nCaso PSU<br \/>\nCaso m\u00e9dicos objetores de conciencia<br \/>\nCaso Programa Denuncio Seguro<br \/>\nCaso ataques al Metro de Santiago<br \/>\nCaso antibi\u00f3ticos salmones<br \/>\nCaso actividades del presidente de la Rep\u00fablica<br \/>\nCaso n\u00f3mina de donantes de corporaci\u00f3n cultural<br \/>\nCaso concurso tierras ind\u00edgenas<br \/>\nCaso registro de asistencia<br \/>\nCaso convenio Isapre-Farmacia<br \/>\nCaso informe de delimitaci\u00f3n de territorio ind\u00edgena<br \/>\nCaso agenda de exministro<br \/>\nCaso ausentismo en Facultad de Derecho de la Universidad Chile<br \/>\nCaso accidente avi\u00f3n H\u00e9rcules C130<br \/>\nCaso ejercicios epidemiol\u00f3gicos y f\u00f3rmulas para efectuar proyecciones COVID-19<br \/>\nCaso exiliados apristas peruanos en Chile<br \/>\nCaso Twitter del presidente de la Rep\u00fablica<br \/>\nCaso campa\u00f1a audiovisual #Cuentasconmigo<br \/>\nCaso mensajes de WhatsApp<br \/>\nCaso Reglas de Uso de la Fuerza<br \/>\nCaso teletrabajo y trabajo presencial<br \/>\nCaso Informe sobre Reorganizaci\u00f3n de Misiones Diplom\u00e1ticas<br \/>\nCaso agua potable<br \/>\nCaso inversi\u00f3n diaria AFP<\/p>\n<p style=\"font-weight: 400;\"><b><strong>CASOS A\u00d1O 2021<\/strong><\/b><\/p>\n<p style=\"font-weight: 400;\">Caso balines de gomas antidisturbios<br \/>\nCaso informe de uso de Zoom<br \/>\nCaso bit\u00e1cora de ruta y TAG<br \/>\nCaso base de datos FOGAPE<br \/>\nCaso grabaci\u00f3n \u201cmeet\u201d<br \/>\nCaso estudios precl\u00ednicos y cl\u00ednicos<br \/>\nCaso grabaci\u00f3n de accidente automovil\u00edstico<br \/>\nCaso plebiscito de 25 de octubre de 2020<br \/>\nCaso actas de inspecciones<br \/>\nCaso identificaciones falsas<br \/>\nCaso Ley de Inclusi\u00f3n Laboral<br \/>\nCaso ni\u00f1os y adolescentes con trastornos de salud mental<br \/>\nCaso hoja de vida de furg\u00f3n policial<br \/>\nCaso equipos certificados y su registro de validaci\u00f3n<br \/>\nCaso RUT de candidatos a convencionales constituyentes<br \/>\nCaso convenio para la adquisici\u00f3n de la vacuna Pfizer-BioNTech<br \/>\nCaso control de orden p\u00fablico y uso de la fuerza<br \/>\nCaso correos electr\u00f3nicos institucionales<br \/>\nCaso protocolo de ensayo cl\u00ednico<br \/>\nCaso bono clase media<br \/>\nCaso acta de reuni\u00f3n de directorio de corporaci\u00f3n de derecho privado<br \/>\nCaso licencias m\u00e9dicas<br \/>\nCaso grabaciones de c\u00e1maras corporales<br \/>\nCaso empresas que vulneraron normas COVID-19<br \/>\nCaso pasaportes chilenos<br \/>\nCaso contrataci\u00f3n BMAJ Abogados<br \/>\nCaso deudores morosos<br \/>\nCaso enfermedades de notificaci\u00f3n obligatoria<br \/>\nCaso m\u00e9dicos mayores emisores de licencias<br \/>\nCaso OVNI<\/p>\n<p style=\"font-weight: 400;\"><b><strong>CASOS A\u00d1O 2022<\/strong><\/b><\/p>\n<p style=\"font-weight: 400;\">Caso \u201cColegios Constituyentes\u201d<br \/>\nCaso detenidos del Cuartel Borgo\u00f1o de la CNI<br \/>\nCaso datos estad\u00edsticos de cambios de nombre y sexo registral<br \/>\nCaso correos electr\u00f3nicos Municipalidad de Las Condes<br \/>\nCaso entrada y salida del pa\u00eds de diplom\u00e1ticos<br \/>\nCaso Hospital San Borja<br \/>\nCaso Corporaci\u00f3n Cultural de Las Condes<br \/>\nCaso mercado del gas<br \/>\nCaso registro sanitario y f\u00f3rmula de antidepresivo sertralina \u201cEleval\u201d<br \/>\nCaso PCR exministra Iskia Siches<br \/>\nCaso Netflix<br \/>\nCaso armas y municiones robadas y extraviadas desde el Ej\u00e9rcito<br \/>\nCaso correos electr\u00f3nicos cuenta institucional ex subsecretario del Interior<br \/>\nCaso muestra biol\u00f3gica humana<br \/>\nCaso vacuna \u201cCoronaVac\u201d<br \/>\nCaso Evaristo Espina<\/p>\n<p style=\"font-weight: 400;\"><b><strong>BIBLIOGRAF\u00cdA<\/strong><\/b><\/p>\n<p style=\"font-weight: 400;\">Doctrina<br \/>\nNormativa citada<\/p>\n","protected":false},"excerpt":{"rendered":"<p>El principio de transparencia y el derecho de acceso a la informacio\u0301n requieren la existencia de una institucionalidad garante que permita su reconocimiento y consolidacio\u0301n. En Chile, dicha competencia radica en el Consejo para la Transparencia, que es por ley el o\u0301rgano encargado de promover la transparencia de la funcio\u0301n pu\u0301blica, fiscalizar el cumplimiento de las normas sobre transparencia y publicidad de la informacio\u0301n de los o\u0301rganos de la Administracio\u0301n del Estado, y garantizar el derecho de acceso a la informacio\u0301n. En cumplimiento de dicho objeto, una de las principales tareas que la Ley de Transparencia encarga al Consejo consiste en resolver, fundadamente, los amparos por denegacio\u0301n de acceso a la informacio\u0301n que le sean formulados de conformidad a dicha ley, al igual que los reclamos por infraccio\u0301n a los deberes de transparencia activa por parte de los sujetos obligados. La labor del Consejo para la Transparencia se ha ido consolidando en el tiempo, el cual ha ido desarrollando a lo largo de su existencia importantes criterios jurisprudenciales en materia de transparencia, derecho de acceso a la informacio\u0301n y sus causales de secreto o reserva, los que se tienen como referente tanto en Chile como en el extranjero. Esta recopilacio\u0301n jurisprudencial da cuenta de los principales criterios del Consejo para la Transparencia en estos u\u0301ltimos trece an\u0303os y se presenta como una contribucio\u0301n al desarrollo de la materia en nuestro pai\u0301s. VOLUMEN I CASOS A\u00d1O 2009 Caso beneficiarios Programa de Reparaci\u00f3n y Atenci\u00f3n Integral de Salud a los afectados por Violaciones a los Derechos Humanos (PRAIS) Caso permisos \u201cexpress\u201d Caso protecci\u00f3n de personas importantes Caso calificaciones MINVU Caso diagnosticados con gripe AH1N1 Caso Costanera Center Caso Hospital Barros Luco Caso Lista de Retiros Caso director regional del Trabajo de Valpara\u00edso CASOS A\u00d1O 2010 Caso denuncia por malversaci\u00f3n de fondos Caso Plan de intervenci\u00f3n poblaci\u00f3n La Legua Caso Cabaret Caso puente r\u00edo Biob\u00edo Caso salida dominical CASOS A\u00d1O 2011 Caso accidentes mineros Caso \u00f3rdenes de detenci\u00f3n y eliminaci\u00f3n de antecedentes penales Cas ficha cl\u00ednica de fallecido Caso informe psicolaboral Caso servidumbres mineras Caso estudio de consumo de drogas Caso La Polar Caso presupuesto gases lacrim\u00f3genos CASOS A\u00d1O 2012 Caso correos electr\u00f3nicos institucionales Caso deudores patentes municipales Caso perros vagos Caso causas ambientales CDE CASOS A\u00d1O 2013 Caso licitaci\u00f3n Ej\u00e9rcito Casos sumarios administrativos afinados Caso fiscalizaci\u00f3n Direcci\u00f3n del Trabajo Caso fallecidos por meningitis CASOS A\u00d1O 2014 Caso bono funcionario naval Caso declarantes sumario administrativo Caso investigaci\u00f3n homicidio en Ej\u00e9rcito Caso fiscalizaci\u00f3n superintendencia de valores y seguros Caso salida del pa\u00eds de menores de edad Caso acreditaci\u00f3n Universidad Santo Tom\u00e1s Caso integrantes de la CNI CASOS A\u00d1O 2015 Caso ficha cl\u00ednica Caso expediente afinado Caso sumario naval Caso Matute Johns Caso acreditaci\u00f3n Universidad Andr\u00e9s Bello y Universidad Vi\u00f1a del Mar Caso evaluaciones docentes Caso monumento nacional arqueol\u00f3gico Caso infraestructura escolar Caso Lista 3 PDI Caso Asignaci\u00f3n de Funciones Cr\u00edticas Caso aborto Caso fallas Metro Caso INTERPOL Caso notificaci\u00f3n Caso planilla de asistencia practicante CAJ Caso beneficiarios Ley SEP Caso evaluaciones t\u00e9cnicas ejecutores SERNAM Caso Actas de la Comisi\u00f3n de Control y Seguimiento Caso anticonceptivos Caso investigaci\u00f3n educacional Caso demandas reparaci\u00f3n ambiental Caso carta Asamblea Aut\u00f3noma y Autoconvocada de los Pueblos Aymara, Quechua y Mapuche Caso Rosamel Fierro Caso declaraci\u00f3n de patrimonio Caso 3\u00aa Comisar\u00eda de Chile Chico Caso informes de compa\u00f1\u00edas aseguradoras de veh\u00edculos Caso votantes consulta ciudadana Causa querellas CDE Caso c\u00f3digo fuente Caso rendici\u00f3n de cuentas Caso tarjamiento hoja de vida excomandante en jefe Caso Alto Hospicio Caso dotaci\u00f3n comisar\u00edas Caso registros de videos Caso plan de negocios AFP Caso postulaci\u00f3n academia diplom\u00e1tica Caso informe costeo educaci\u00f3n Caso Fundaci\u00f3n Daya Caso administradores p\u00fablicos ANI Caso economatos establecimientos penitenciarios Regi\u00f3n Metropolitana Caso L\u00ednea base energ\u00e9tica Ays\u00e9n Caso cargos y sanciones persona natural Caso vi\u00e1ticos y remuneraciones Caso convenio colectivo CASOS A\u00d1O 2016 Caso importaciones Caso interno Colina Dos Caso inversi\u00f3n exploraci\u00f3n en Ecuador Caso instituciones adulto mayor Caso solicitudes de regularizaci\u00f3n de dominio Caso audiencias Ministerio de Agricultura Caso acuerdo conciliatorio Caso investigaci\u00f3n de acoso sexual Caso concurso p\u00fablico Caso silicosis pulmonar Caso inversi\u00f3n CODELCO Ventanas Caso oferentes licitaci\u00f3n p\u00fablica Caso Banco BTG Caso sumario administrativo Caso informe sobre libertad condicional Caso archivos maestros Caso funcionarios integrantes de la DINA y de la CNI Caso capacitaciones y viajes de alcaldes y concejales Caso dotaci\u00f3n de Carabineros Caso rendici\u00f3n de cuentas de regimiento Caso consulta ciudadana Caso autopsia CASOS A\u00d1O 2017 Caso centros de producci\u00f3n de salm\u00f3nidos Caso arriendo de propiedades Caso informe t\u00e9cnico arquitect\u00f3nico Caso pago por venta de gas Caso examen de cosmetolog\u00eda Caso planificaci\u00f3n de servicios policiales y de seguridad Caso relleno sanitario Caso adjudicaci\u00f3n de proyecto Caso grupos relacionados al diagn\u00f3stico Caso entrevista reclamante Caso Encuesta CASEN Caso dotaci\u00f3n y presupuestos de Carabineros Caso sumario administrativo y grabaci\u00f3n Caso investigaci\u00f3n por vulneraci\u00f3n de derechos fundamentales VOLUMEN II CASOS A\u00d1O 2018 Caso bit\u00e1coras de vuelo Caso n\u00f3minas de acciones Caso videos de c\u00e1maras de seguridad Caso sumario y video hospital Caso minutas SECOM Camilo Catrillanca Caso acoso laboral exembajador Caso copia de carta Caso solicitud exploraci\u00f3n s\u00edsmica Caso almuerzo presidencial Caso Universidad de Harvard Caso controles preventivos de identidad Caso impuesto sobre emisi\u00f3n de contaminantes Caso penas por violaciones a derechos humanos CASOS A\u00d1O 2019 Caso Reglamento de Especialidades del Ej\u00e9rcito Caso deudas, impuestos y multas del servicio municipal de agua potable Caso informes de Unidad de An\u00e1lisis de Datos y Coordinaci\u00f3n Intersectorial Caso notificaciones de efectos e incidentes adversos de dispositivos m\u00e9dicos no regulados Caso participaci\u00f3n ciudadana y estudios de impacto ambiental Caso tratados internacionales Caso \u201cModernizaci\u00f3n Tributaria\u201d Caso conscriptos muertos y lesionados Caso modelos hidrogeol\u00f3gicos Caso investigaci\u00f3n de seguridad militar CASOS A\u00d1O 2020 Caso balances e informes de auditor\u00eda Caso estudio psicol\u00f3gico interno Caso denuncias por malversaci\u00f3n de fondos p\u00fablicos Caso ministros de Corte Naval Caso PSU Caso m\u00e9dicos objetores de conciencia Caso Programa Denuncio Seguro Caso ataques al Metro de Santiago Caso antibi\u00f3ticos salmones Caso actividades del presidente de la Rep\u00fablica Caso n\u00f3mina de donantes de corporaci\u00f3n cultural Caso concurso tierras ind\u00edgenas Caso registro de asistencia<\/p>\n","protected":false},"featured_media":3190,"comment_status":"open","ping_status":"closed","template":"","meta":{"inline_featured_image":false,"_joinchat":[]},"product_brand":[],"product_cat":[45,38],"product_tag":[],"class_list":{"0":"post-3151","1":"product","2":"type-product","3":"status-publish","4":"has-post-thumbnail","6":"product_cat-administrativo","7":"product_cat-editorial-der-ediciones","8":"product_shipping_class-a-convenir","10":"first","11":"instock","12":"shipping-taxable","13":"purchasable","14":"product-type-simple"},"_links":{"self":[{"href":"https:\/\/bibliotecajuridicavirtual.cl\/index.php\/wp-json\/wp\/v2\/product\/3151","targetHints":{"allow":["GET"]}}],"collection":[{"href":"https:\/\/bibliotecajuridicavirtual.cl\/index.php\/wp-json\/wp\/v2\/product"}],"about":[{"href":"https:\/\/bibliotecajuridicavirtual.cl\/index.php\/wp-json\/wp\/v2\/types\/product"}],"replies":[{"embeddable":true,"href":"https:\/\/bibliotecajuridicavirtual.cl\/index.php\/wp-json\/wp\/v2\/comments?post=3151"}],"wp:featuredmedia":[{"embeddable":true,"href":"https:\/\/bibliotecajuridicavirtual.cl\/index.php\/wp-json\/wp\/v2\/media\/3190"}],"wp:attachment":[{"href":"https:\/\/bibliotecajuridicavirtual.cl\/index.php\/wp-json\/wp\/v2\/media?parent=3151"}],"wp:term":[{"taxonomy":"product_brand","embeddable":true,"href":"https:\/\/bibliotecajuridicavirtual.cl\/index.php\/wp-json\/wp\/v2\/product_brand?post=3151"},{"taxonomy":"product_cat","embeddable":true,"href":"https:\/\/bibliotecajuridicavirtual.cl\/index.php\/wp-json\/wp\/v2\/product_cat?post=3151"},{"taxonomy":"product_tag","embeddable":true,"href":"https:\/\/bibliotecajuridicavirtual.cl\/index.php\/wp-json\/wp\/v2\/product_tag?post=3151"}],"curies":[{"name":"wp","href":"https:\/\/api.w.org\/{rel}","templated":true}]}}