{"id":3154,"date":"2026-02-28T01:09:51","date_gmt":"2026-02-28T04:09:51","guid":{"rendered":"https:\/\/bibliotecajuridicavirtual.cl\/?post_type=product&#038;p=3154"},"modified":"2026-02-28T01:10:25","modified_gmt":"2026-02-28T04:10:25","slug":"desafios-actuales-del-derecho-privado-ano-diciembre-2023-292-pag-autor-isnel-martinez-montenegro-y-juan-casazola-ccama","status":"publish","type":"product","link":"https:\/\/bibliotecajuridicavirtual.cl\/index.php\/product\/desafios-actuales-del-derecho-privado-ano-diciembre-2023-292-pag-autor-isnel-martinez-montenegro-y-juan-casazola-ccama\/","title":{"rendered":"Desaf\u00edos Actuales del Derecho Privado. A\u00f1o Diciembre 2023\/ 292 P\u00e1g. Autor  Isnel Mart\u00ednez Montenegro y Juan Casazola Ccama"},"content":{"rendered":"<p style=\"font-weight: 400;\">La presente obra es en gran medida fruto de las reflexiones que se desarrollaron en el \u00e1mbito del Congreso Internacional de Derecho Privado correspondiente al a\u00f1o 2022 y que fuere coauspiciado por la Universidad Cat\u00f3lica de Temuco y la Universidad Gabriela Mistral de Chile. La exigencia de evaluar e integrar los manuscritos presentados no se limit\u00f3 a este marco, por lo que, entre el pr\u00f3logo y los 19 textos que lo componen, el lector\/investigador podr\u00e1 encontrar trabajos de autores de Espa\u00f1a, Cuba, Per\u00fa, Argentina y Chile en los que se exponen diversos puntos de vista en cuanto a los desaf\u00edos y los nuevos entornos regulatorios, doctrinales y jurisprudenciales del Derecho Privado.<\/p>\n<p style=\"font-weight: 400;\">Consideramos que este compendio de investigaciones es una buena oportunidad para analizar las transformaciones m\u00e1s importantes que se han producido en los \u00faltimos a\u00f1os en esta disciplina del Derecho<\/p>\n<p style=\"font-weight: 400;\">\n<p style=\"font-weight: 400;\"><em><b><strong>Manum conserere en el origen de las acciones reales<\/strong><\/b><\/em><br \/>\nAlfredo Gustavo Di Pietro<\/p>\n<p style=\"font-weight: 400;\"><em><b><strong>El principio de autoridad y su relevancia en la responsabilidad de los hijos sometidos a la patria potestad en el derecho romano<\/strong><\/b><\/em><br \/>\nEduardo Alberto Darritchon Pool<\/p>\n<p style=\"font-weight: 400;\"><em><b><strong>Algunos apuntes sobre el criterio de argumentaci\u00f3n jur\u00eddica llamado \u201cequidad natural\u201d<\/strong><\/b><\/em><br \/>\nJos\u00e9 Maximiliano Rivera Restrepo<\/p>\n<p style=\"font-weight: 400;\"><em><b><strong>Fundamento y l\u00edmite constitucional a la autonom\u00eda jur\u00eddica privada<\/strong><\/b><\/em><br \/>\nJhoni Shang Castilla Colquehuanca<\/p>\n<p style=\"font-weight: 400;\"><em><b><strong>Puntos de encuentros entre el derecho administrativo y derecho civil<\/strong><\/b><\/em><br \/>\nMariano Carbajales<\/p>\n<p style=\"font-weight: 400;\"><em><b><strong>Mencione sus apellidos, por favor: \u00bfdebe primar la interpretaci\u00f3n lata del C\u00f3digo Civil o la libertad de los progenitores a decidir el orden de los apellidos del hijo?<\/strong><\/b><\/em><br \/>\nAnthony Juan F\u00e9lix Arizaca Maquera<\/p>\n<p style=\"font-weight: 400;\"><em><b><strong>Socioafectividad e inter\u00e9s superior del ni\u00f1o, ni\u00f1a y adolescente. Una mirada de protecci\u00f3n constitucional ante la pluralidad familiar<\/strong><\/b><\/em><br \/>\nIris Mar\u00eda M\u00e9ndez Trujillo &#8211; Liz Hayde\u00e9 Monz\u00f3n M\u00e9ndez<\/p>\n<p style=\"font-weight: 400;\"><em><b><strong>La protecci\u00f3n de los derechos del ni\u00f1o y principios empresariales en Chile<\/strong><\/b><\/em><br \/>\nPedro Antonio Goi\u0107 Martini\u0107 &#8211; Alejandra Cid Droppelmann<\/p>\n<p style=\"font-weight: 400;\"><em><b><strong>Novedades jurisprudenciales en torno al incumplimiento del contrato de pr\u00e9stamo en Espa\u00f1a<\/strong><\/b><\/em><br \/>\nDiego Cruz Rivero<\/p>\n<p style=\"font-weight: 400;\"><em><b><strong>Los modernos medios de prueba frente al T\u00edtulo XXI, Libro IV del C\u00f3digo Civil: desaf\u00edos derivados de su compatibilizaci\u00f3n<\/strong><\/b><\/em><br \/>\nJaviera Constanza Far\u00edas Soto &#8211; Max Alberto Hurtado Barros &#8211; Gianpaolo Andr\u00e9s Molinari Torres<\/p>\n<p style=\"font-weight: 400;\"><em><b><strong>Los \u201csordomudos\u201d como evidencia de la falta de criterios actualizados sobre discapacidad en el C\u00f3digo Civil<\/strong><\/b><\/em><br \/>\nLourdes Marcela Soria Cardozo &#8211; Carlos Andr\u00e9s Gonzalo Curia Fuentes<\/p>\n<p style=\"font-weight: 400;\"><em><b><strong>Propuesta de un modelo institucional y de fomento para la gesti\u00f3n de la ciencia, la tecnolog\u00eda y la innovaci\u00f3n en Latinoam\u00e9rica<\/strong><\/b><\/em><br \/>\nMarta Moreno Cruz &#8211; Isnel Mart\u00ednez Montenegro<\/p>\n<p style=\"font-weight: 400;\"><em><b><strong>Inteligencia artificial y su uso en el sector p\u00fablico<\/strong><\/b><\/em><br \/>\nIrene Yuvalena Huanca Excelmes<\/p>\n<p style=\"font-weight: 400;\"><em><b><strong>Derecho de protecci\u00f3n de los datos personales de pacientes: retos legales por la implementaci\u00f3n de nuevas tecnolog\u00edas en la salud<\/strong><\/b><\/em><br \/>\nPascal Pe\u00f1a-P\u00e9rez<\/p>\n<p style=\"font-weight: 400;\"><em><b><strong>Cuestionamientos a la extinci\u00f3n del derecho de propiedad por obras artificiales acu\u00edferas<\/strong><\/b><\/em><br \/>\nMois\u00e9s Pablo Mariscal Rivera<\/p>\n<p style=\"font-weight: 400;\"><em><b><strong>La reproducci\u00f3n humana, las nuevas t\u00e9cnicas y los derechos personal\u00edsimos<\/strong><\/b><\/em><br \/>\nMariela D\u00e9bora Sema &#8211; Carlos Alberto Rodr\u00edguez Bustamante<\/p>\n<p style=\"font-weight: 400;\"><em><b><strong>La protecci\u00f3n de los intereses de las minor\u00edas en las sociedades comerciales: una visi\u00f3n general desde el derecho espa\u00f1ol<\/strong><\/b><\/em><br \/>\nFrancisco Mercadal Vidal<\/p>\n<p style=\"font-weight: 400;\"><em><b><strong>La necesidad del control de las operaciones de concentraci\u00f3n econ\u00f3mica. Hacia un modelo eficiente de control de fusiones<\/strong><\/b><\/em><br \/>\nSebasti\u00e1n Sichel Ram\u00edrez<\/p>\n<p style=\"font-weight: 400;\"><em><b><strong>Familias, turismo y medio ambiente: un v\u00ednculo a potenciar mediante el programa de turismo familiar en Chile<\/strong><\/b><\/em><br \/>\nM\u00f3nica Alejandra Baeza Leiva<\/p>\n<p style=\"font-weight: 400;\">\n","protected":false},"excerpt":{"rendered":"<p>La presente obra es en gran medida fruto de las reflexiones que se desarrollaron en el \u00e1mbito del Congreso Internacional de Derecho Privado correspondiente al a\u00f1o 2022 y que fuere coauspiciado por la Universidad Cat\u00f3lica de Temuco y la Universidad Gabriela Mistral de Chile. La exigencia de evaluar e integrar los manuscritos presentados no se limit\u00f3 a este marco, por lo que, entre el pr\u00f3logo y los 19 textos que lo componen, el lector\/investigador podr\u00e1 encontrar trabajos de autores de Espa\u00f1a, Cuba, Per\u00fa, Argentina y Chile en los que se exponen diversos puntos de vista en cuanto a los desaf\u00edos y los nuevos entornos regulatorios, doctrinales y jurisprudenciales del Derecho Privado. Consideramos que este compendio de investigaciones es una buena oportunidad para analizar las transformaciones m\u00e1s importantes que se han producido en los \u00faltimos a\u00f1os en esta disciplina del Derecho Manum conserere en el origen de las acciones reales Alfredo Gustavo Di Pietro El principio de autoridad y su relevancia en la responsabilidad de los hijos sometidos a la patria potestad en el derecho romano Eduardo Alberto Darritchon Pool Algunos apuntes sobre el criterio de argumentaci\u00f3n jur\u00eddica llamado \u201cequidad natural\u201d Jos\u00e9 Maximiliano Rivera Restrepo Fundamento y l\u00edmite constitucional a la autonom\u00eda jur\u00eddica privada Jhoni Shang Castilla Colquehuanca Puntos de encuentros entre el derecho administrativo y derecho civil Mariano Carbajales Mencione sus apellidos, por favor: \u00bfdebe primar la interpretaci\u00f3n lata del C\u00f3digo Civil o la libertad de los progenitores a decidir el orden de los apellidos del hijo? Anthony Juan F\u00e9lix Arizaca Maquera Socioafectividad e inter\u00e9s superior del ni\u00f1o, ni\u00f1a y adolescente. Una mirada de protecci\u00f3n constitucional ante la pluralidad familiar Iris Mar\u00eda M\u00e9ndez Trujillo &#8211; Liz Hayde\u00e9 Monz\u00f3n M\u00e9ndez La protecci\u00f3n de los derechos del ni\u00f1o y principios empresariales en Chile Pedro Antonio Goi\u0107 Martini\u0107 &#8211; Alejandra Cid Droppelmann Novedades jurisprudenciales en torno al incumplimiento del contrato de pr\u00e9stamo en Espa\u00f1a Diego Cruz Rivero Los modernos medios de prueba frente al T\u00edtulo XXI, Libro IV del C\u00f3digo Civil: desaf\u00edos derivados de su compatibilizaci\u00f3n Javiera Constanza Far\u00edas Soto &#8211; Max Alberto Hurtado Barros &#8211; Gianpaolo Andr\u00e9s Molinari Torres Los \u201csordomudos\u201d como evidencia de la falta de criterios actualizados sobre discapacidad en el C\u00f3digo Civil Lourdes Marcela Soria Cardozo &#8211; Carlos Andr\u00e9s Gonzalo Curia Fuentes Propuesta de un modelo institucional y de fomento para la gesti\u00f3n de la ciencia, la tecnolog\u00eda y la innovaci\u00f3n en Latinoam\u00e9rica Marta Moreno Cruz &#8211; Isnel Mart\u00ednez Montenegro Inteligencia artificial y su uso en el sector p\u00fablico Irene Yuvalena Huanca Excelmes Derecho de protecci\u00f3n de los datos personales de pacientes: retos legales por la implementaci\u00f3n de nuevas tecnolog\u00edas en la salud Pascal Pe\u00f1a-P\u00e9rez Cuestionamientos a la extinci\u00f3n del derecho de propiedad por obras artificiales acu\u00edferas Mois\u00e9s Pablo Mariscal Rivera La reproducci\u00f3n humana, las nuevas t\u00e9cnicas y los derechos personal\u00edsimos Mariela D\u00e9bora Sema &#8211; Carlos Alberto Rodr\u00edguez Bustamante La protecci\u00f3n de los intereses de las minor\u00edas en las sociedades comerciales: una visi\u00f3n general desde el derecho espa\u00f1ol Francisco Mercadal Vidal La necesidad del control de las operaciones de concentraci\u00f3n econ\u00f3mica. Hacia un modelo eficiente de control de fusiones Sebasti\u00e1n Sichel Ram\u00edrez Familias, turismo y medio ambiente: un v\u00ednculo a potenciar mediante el programa de turismo familiar en Chile M\u00f3nica Alejandra Baeza Leiva<\/p>\n","protected":false},"featured_media":3193,"comment_status":"open","ping_status":"closed","template":"","meta":{"inline_featured_image":false,"_joinchat":[]},"product_brand":[],"product_cat":[27,42],"product_tag":[],"class_list":{"0":"post-3154","1":"product","2":"type-product","3":"status-publish","4":"has-post-thumbnail","6":"product_cat-civil","7":"product_cat-thomson-reuters","8":"product_shipping_class-a-convenir","10":"first","11":"instock","12":"shipping-taxable","13":"purchasable","14":"product-type-simple"},"_links":{"self":[{"href":"https:\/\/bibliotecajuridicavirtual.cl\/index.php\/wp-json\/wp\/v2\/product\/3154","targetHints":{"allow":["GET"]}}],"collection":[{"href":"https:\/\/bibliotecajuridicavirtual.cl\/index.php\/wp-json\/wp\/v2\/product"}],"about":[{"href":"https:\/\/bibliotecajuridicavirtual.cl\/index.php\/wp-json\/wp\/v2\/types\/product"}],"replies":[{"embeddable":true,"href":"https:\/\/bibliotecajuridicavirtual.cl\/index.php\/wp-json\/wp\/v2\/comments?post=3154"}],"wp:featuredmedia":[{"embeddable":true,"href":"https:\/\/bibliotecajuridicavirtual.cl\/index.php\/wp-json\/wp\/v2\/media\/3193"}],"wp:attachment":[{"href":"https:\/\/bibliotecajuridicavirtual.cl\/index.php\/wp-json\/wp\/v2\/media?parent=3154"}],"wp:term":[{"taxonomy":"product_brand","embeddable":true,"href":"https:\/\/bibliotecajuridicavirtual.cl\/index.php\/wp-json\/wp\/v2\/product_brand?post=3154"},{"taxonomy":"product_cat","embeddable":true,"href":"https:\/\/bibliotecajuridicavirtual.cl\/index.php\/wp-json\/wp\/v2\/product_cat?post=3154"},{"taxonomy":"product_tag","embeddable":true,"href":"https:\/\/bibliotecajuridicavirtual.cl\/index.php\/wp-json\/wp\/v2\/product_tag?post=3154"}],"curies":[{"name":"wp","href":"https:\/\/api.w.org\/{rel}","templated":true}]}}