{"id":3155,"date":"2026-02-28T01:09:51","date_gmt":"2026-02-28T04:09:51","guid":{"rendered":"https:\/\/bibliotecajuridicavirtual.cl\/?post_type=product&#038;p=3155"},"modified":"2026-02-28T01:10:26","modified_gmt":"2026-02-28T04:10:26","slug":"la-factura-doctrina-y-jurisprudencia-ano-diciembre-2023-192-pag-autor-maximiliano-escobar-saavedra","status":"publish","type":"product","link":"https:\/\/bibliotecajuridicavirtual.cl\/index.php\/product\/la-factura-doctrina-y-jurisprudencia-ano-diciembre-2023-192-pag-autor-maximiliano-escobar-saavedra\/","title":{"rendered":"La Factura &#8211;  Doctrina y Jurisprudencia . A\u00f1o Diciembre 2023\/ 192 P\u00e1g. Autor Maximiliano Escobar Saavedra"},"content":{"rendered":"<p style=\"font-weight: 400;\">En esta obra se estudia a la factura como t\u00edtulo de circulaci\u00f3n mercantil a la luz de la ley, la jurisprudencia y la doctrina.<\/p>\n<p style=\"font-weight: 400;\">Se analizan los requisitos y caracter\u00edsticas de los t\u00edtulos de cr\u00e9dito en relaci\u00f3n con la factura, para determinar su naturaleza jur\u00eddica y la manera en la que nuestros tribunales, en el curso de los a\u00f1os, han reconocido tales caracter\u00edsticas en cuanto a los aspectos sustantivos y procesales, considerando las importantes consecuencias que al momento de la utilizaci\u00f3n de la factura como t\u00edtulo de ejecuci\u00f3n, en sede procesal civil, han surgido, en especial a partir de haberse dictado la Ley N\u00b019.983.<\/p>\n<p style=\"font-weight: 400;\">De igual manera, se abordan los problemas actuales del t\u00edtulo a partir del establecimiento como principio general para el Ordenamiento de la obligatoriedad de su emisi\u00f3n y registro en forma electr\u00f3nica, para as\u00ed entender c\u00f3mo el cambio de soporte documental afecta su r\u00e9gimen de circulaci\u00f3n y cobro.<\/p>\n<p style=\"font-weight: 400;\">Finalmente, se atienden los efectos de la factura en cuanto t\u00edtulo de circulaci\u00f3n en sectores espec\u00edficos, como su utilizaci\u00f3n en la operaci\u00f3n de factoring por parte de las Pymes, su uso en la contrataci\u00f3n p\u00fablica ante la administraci\u00f3n y la incidencia del t\u00edtulo en los procedimientos concursales.<\/p>\n<ol>\n<li style=\"font-weight: 400;\">\n<p><b><strong> TEOR\u00cdA GENERAL DE LA FACTURA<\/strong><\/b><\/li>\n<li style=\"font-weight: 400;\">Concepto y consideraciones de la Factura para nuestro Ordenamiento<br \/>\n2. Principales referencias normativas a la factura<\/li>\n<li style=\"font-weight: 400;\"><b><strong> INTRODUCCI\u00d3N Y ANTECEDENTES NORMATIVOS<\/strong><\/b><\/li>\n<\/ol>\n<p style=\"font-weight: 400;\"><b><strong>III. LA FACTURA A PARTIR DE LA LEY N\u00ba 19.983<\/strong><\/b><\/p>\n<ol>\n<li style=\"font-weight: 400;\">Aspectos generales<\/li>\n<li style=\"font-weight: 400;\">La estructura del t\u00edtulo y la aptitud circulatoria de la factura<br \/>\n2.1. El soporte material<br \/>\n2.2. La declaraci\u00f3n documental<br \/>\n2.3. Aptitud circulatoria de la factura<br \/>\n2.4. El vencimiento de la factura<br \/>\n2.5. El pago del t\u00edtulo a 30 d\u00edas. La factura ante la administraci\u00f3n<\/li>\n<li style=\"font-weight: 400;\"><b><strong> LAS CARACTER\u00cdSTICAS DE LOS T\u00cdTULOS DE CR\u00c9DITO Y SU RELACI\u00d3N CON LA FACTURA<\/strong><\/b><\/li>\n<li style=\"font-weight: 400;\">Aspectos generales<\/li>\n<\/ol>\n<p style=\"font-weight: 400;\">1.1. La necesariedad<br \/>\n1.2. La Literalidad<br \/>\n1.2.1. Aspectos sustantivos<br \/>\n1.2.2. El momento de la literalidad<br \/>\n1.3. Autonom\u00eda<\/p>\n<ol>\n<li style=\"font-weight: 400;\"><b><strong> DE LAS CARACTER\u00cdSTICAS ESPECIALES DE LOS T\u00cdTULOS DE CR\u00c9DITO Y SU RELACI\u00d3N CON LA FACTURA<\/strong><\/b><\/li>\n<li style=\"font-weight: 400;\">Consideraciones previas<br \/>\n2. La causalidad o abstracci\u00f3n de la factura como t\u00edtulo de cr\u00e9dito ante la jurisprudencia nacional<br \/>\n3. La causalidad del t\u00edtulo<\/li>\n<li style=\"font-weight: 400;\"><b><strong> CUESTIONES SUSTANTIVAS DE LA FACTURA EN LA LEY N\u00ba 19.983<\/strong><\/b><\/li>\n<li style=\"font-weight: 400;\">La recepci\u00f3n de la factura y su trascendencia en la configuraci\u00f3n del t\u00edtulo<\/li>\n<li style=\"font-weight: 400;\">La aceptaci\u00f3n irrevocable de la factura<br \/>\n2.1. Aspectos generales y precisiones sustantivas<br \/>\n2.2. La aceptaci\u00f3n irrevocable ante la jurisprudencia actual<br \/>\n2.3. Bases para una discusi\u00f3n necesaria<br \/>\n3. La cesi\u00f3n del cr\u00e9dito contenido en la factura<br \/>\n3.1. Aspectos normativos<br \/>\n3.2. La protecci\u00f3n a la libre cesibilidad de la factura<\/li>\n<li style=\"font-weight: 400;\">La prenda sobre facturas<br \/>\n4.1. Planteamiento del problema<br \/>\n4.2. Aspectos generales y precisiones sustantivas<br \/>\n4.3. Alcances b\u00e1sicos y necesarios de la prenda sin desplazamiento a prop\u00f3sito de los cr\u00e9ditos nominativos<br \/>\n4.4. La doctrina jurisprudencial<br \/>\n4.5. An\u00e1lisis y propuestas para una discusi\u00f3n<br \/>\n4.6. Nuestra opini\u00f3n<\/li>\n<\/ol>\n<p style=\"font-weight: 400;\"><b><strong>VII. LA FACTURA ELECTR\u00d3NICA<\/strong><\/b><\/p>\n<ol>\n<li style=\"font-weight: 400;\">Aspectos generales<\/li>\n<li style=\"font-weight: 400;\">Antecedentes normativos para la discusi\u00f3n<\/li>\n<li style=\"font-weight: 400;\">Los t\u00edtulos valores inform\u00e1ticos, electr\u00f3nicos o telem\u00e1ticos como fundamento dogm\u00e1tico del an\u00e1lisis<\/li>\n<li style=\"font-weight: 400;\">El principio de equivalencia funcional como elemento base de la electronificaci\u00f3n<br \/>\n4.1. Los principios del Comercio Electr\u00f3nico (CE) en general<br \/>\n4.2. La equivalencia funcional. Delimitaci\u00f3n conceptual<br \/>\n4.3. La equivalencia funcional en la LFE<\/li>\n<li style=\"font-weight: 400;\">La recepci\u00f3n de la factura electr\u00f3nica en la Ley N\u00ba 19.983<br \/>\n5.1. Aspectos generales<br \/>\n5.2. La factura electr\u00f3nica como equivalente funcional<br \/>\n5.3. La aceptaci\u00f3n irrevocable de la factura electr\u00f3nica<br \/>\n5.4. El acuse de recibo electr\u00f3nico<br \/>\n5.5. La cesi\u00f3n del cr\u00e9dito por medios electr\u00f3nicos<\/li>\n<\/ol>\n<p style=\"font-weight: 400;\"><b><strong>VIII. LA FACTURA EN EL JUICIO EJECUTIVO<\/strong><\/b><\/p>\n<ol>\n<li style=\"font-weight: 400;\">Cuestiones Generales<\/li>\n<li style=\"font-weight: 400;\">La distinci\u00f3n entre excepciones reales y causales<br \/>\n2.1. Importancia de la calificaci\u00f3n<br \/>\n2.2. La distinci\u00f3n ante la jurisprudencia<\/li>\n<li style=\"font-weight: 400;\">La excepci\u00f3n de falta (total o parcial) de entrega de las mercader\u00edas o falta de prestaci\u00f3n del servicio<br \/>\n3.1. Cuestiones generales<br \/>\n3.2. Las excepciones del juicio ejecutivo a prop\u00f3sito de la factura<\/li>\n<\/ol>\n","protected":false},"excerpt":{"rendered":"<p>En esta obra se estudia a la factura como t\u00edtulo de circulaci\u00f3n mercantil a la luz de la ley, la jurisprudencia y la doctrina. Se analizan los requisitos y caracter\u00edsticas de los t\u00edtulos de cr\u00e9dito en relaci\u00f3n con la factura, para determinar su naturaleza jur\u00eddica y la manera en la que nuestros tribunales, en el curso de los a\u00f1os, han reconocido tales caracter\u00edsticas en cuanto a los aspectos sustantivos y procesales, considerando las importantes consecuencias que al momento de la utilizaci\u00f3n de la factura como t\u00edtulo de ejecuci\u00f3n, en sede procesal civil, han surgido, en especial a partir de haberse dictado la Ley N\u00b019.983. De igual manera, se abordan los problemas actuales del t\u00edtulo a partir del establecimiento como principio general para el Ordenamiento de la obligatoriedad de su emisi\u00f3n y registro en forma electr\u00f3nica, para as\u00ed entender c\u00f3mo el cambio de soporte documental afecta su r\u00e9gimen de circulaci\u00f3n y cobro. Finalmente, se atienden los efectos de la factura en cuanto t\u00edtulo de circulaci\u00f3n en sectores espec\u00edficos, como su utilizaci\u00f3n en la operaci\u00f3n de factoring por parte de las Pymes, su uso en la contrataci\u00f3n p\u00fablica ante la administraci\u00f3n y la incidencia del t\u00edtulo en los procedimientos concursales. TEOR\u00cdA GENERAL DE LA FACTURA Concepto y consideraciones de la Factura para nuestro Ordenamiento 2. Principales referencias normativas a la factura INTRODUCCI\u00d3N Y ANTECEDENTES NORMATIVOS III. LA FACTURA A PARTIR DE LA LEY N\u00ba 19.983 Aspectos generales La estructura del t\u00edtulo y la aptitud circulatoria de la factura 2.1. El soporte material 2.2. La declaraci\u00f3n documental 2.3. Aptitud circulatoria de la factura 2.4. El vencimiento de la factura 2.5. El pago del t\u00edtulo a 30 d\u00edas. La factura ante la administraci\u00f3n LAS CARACTER\u00cdSTICAS DE LOS T\u00cdTULOS DE CR\u00c9DITO Y SU RELACI\u00d3N CON LA FACTURA Aspectos generales 1.1. La necesariedad 1.2. La Literalidad 1.2.1. Aspectos sustantivos 1.2.2. El momento de la literalidad 1.3. Autonom\u00eda DE LAS CARACTER\u00cdSTICAS ESPECIALES DE LOS T\u00cdTULOS DE CR\u00c9DITO Y SU RELACI\u00d3N CON LA FACTURA Consideraciones previas 2. La causalidad o abstracci\u00f3n de la factura como t\u00edtulo de cr\u00e9dito ante la jurisprudencia nacional 3. La causalidad del t\u00edtulo CUESTIONES SUSTANTIVAS DE LA FACTURA EN LA LEY N\u00ba 19.983 La recepci\u00f3n de la factura y su trascendencia en la configuraci\u00f3n del t\u00edtulo La aceptaci\u00f3n irrevocable de la factura 2.1. Aspectos generales y precisiones sustantivas 2.2. La aceptaci\u00f3n irrevocable ante la jurisprudencia actual 2.3. Bases para una discusi\u00f3n necesaria 3. La cesi\u00f3n del cr\u00e9dito contenido en la factura 3.1. Aspectos normativos 3.2. La protecci\u00f3n a la libre cesibilidad de la factura La prenda sobre facturas 4.1. Planteamiento del problema 4.2. Aspectos generales y precisiones sustantivas 4.3. Alcances b\u00e1sicos y necesarios de la prenda sin desplazamiento a prop\u00f3sito de los cr\u00e9ditos nominativos 4.4. La doctrina jurisprudencial 4.5. An\u00e1lisis y propuestas para una discusi\u00f3n 4.6. Nuestra opini\u00f3n VII. LA FACTURA ELECTR\u00d3NICA Aspectos generales Antecedentes normativos para la discusi\u00f3n Los t\u00edtulos valores inform\u00e1ticos, electr\u00f3nicos o telem\u00e1ticos como fundamento dogm\u00e1tico del an\u00e1lisis El principio de equivalencia funcional como elemento base de la electronificaci\u00f3n 4.1. Los principios del Comercio Electr\u00f3nico (CE) en general 4.2. La equivalencia funcional. Delimitaci\u00f3n conceptual 4.3. La equivalencia funcional en la LFE La recepci\u00f3n de la factura electr\u00f3nica en la Ley N\u00ba 19.983 5.1. Aspectos generales 5.2. La factura electr\u00f3nica como equivalente funcional 5.3. La aceptaci\u00f3n irrevocable de la factura electr\u00f3nica 5.4. El acuse de recibo electr\u00f3nico 5.5. La cesi\u00f3n del cr\u00e9dito por medios electr\u00f3nicos VIII. LA FACTURA EN EL JUICIO EJECUTIVO Cuestiones Generales La distinci\u00f3n entre excepciones reales y causales 2.1. Importancia de la calificaci\u00f3n 2.2. La distinci\u00f3n ante la jurisprudencia La excepci\u00f3n de falta (total o parcial) de entrega de las mercader\u00edas o falta de prestaci\u00f3n del servicio 3.1. Cuestiones generales 3.2. Las excepciones del juicio ejecutivo a prop\u00f3sito de la factura<\/p>\n","protected":false},"featured_media":3194,"comment_status":"open","ping_status":"closed","template":"","meta":{"inline_featured_image":false,"_joinchat":[]},"product_brand":[],"product_cat":[48,42],"product_tag":[],"class_list":{"0":"post-3155","1":"product","2":"type-product","3":"status-publish","4":"has-post-thumbnail","6":"product_cat-comercial","7":"product_cat-thomson-reuters","8":"product_shipping_class-a-convenir","10":"first","11":"instock","12":"shipping-taxable","13":"purchasable","14":"product-type-simple"},"_links":{"self":[{"href":"https:\/\/bibliotecajuridicavirtual.cl\/index.php\/wp-json\/wp\/v2\/product\/3155","targetHints":{"allow":["GET"]}}],"collection":[{"href":"https:\/\/bibliotecajuridicavirtual.cl\/index.php\/wp-json\/wp\/v2\/product"}],"about":[{"href":"https:\/\/bibliotecajuridicavirtual.cl\/index.php\/wp-json\/wp\/v2\/types\/product"}],"replies":[{"embeddable":true,"href":"https:\/\/bibliotecajuridicavirtual.cl\/index.php\/wp-json\/wp\/v2\/comments?post=3155"}],"wp:featuredmedia":[{"embeddable":true,"href":"https:\/\/bibliotecajuridicavirtual.cl\/index.php\/wp-json\/wp\/v2\/media\/3194"}],"wp:attachment":[{"href":"https:\/\/bibliotecajuridicavirtual.cl\/index.php\/wp-json\/wp\/v2\/media?parent=3155"}],"wp:term":[{"taxonomy":"product_brand","embeddable":true,"href":"https:\/\/bibliotecajuridicavirtual.cl\/index.php\/wp-json\/wp\/v2\/product_brand?post=3155"},{"taxonomy":"product_cat","embeddable":true,"href":"https:\/\/bibliotecajuridicavirtual.cl\/index.php\/wp-json\/wp\/v2\/product_cat?post=3155"},{"taxonomy":"product_tag","embeddable":true,"href":"https:\/\/bibliotecajuridicavirtual.cl\/index.php\/wp-json\/wp\/v2\/product_tag?post=3155"}],"curies":[{"name":"wp","href":"https:\/\/api.w.org\/{rel}","templated":true}]}}