{"id":3161,"date":"2026-02-28T01:09:51","date_gmt":"2026-02-28T04:09:51","guid":{"rendered":"https:\/\/bibliotecajuridicavirtual.cl\/?post_type=product&#038;p=3161"},"modified":"2026-02-28T01:10:34","modified_gmt":"2026-02-28T04:10:34","slug":"tratado-de-derecho-conyugal-ano-2019-714-pag-autor-jorge-leonardo-del-pico-rubio","status":"publish","type":"product","link":"https:\/\/bibliotecajuridicavirtual.cl\/index.php\/product\/tratado-de-derecho-conyugal-ano-2019-714-pag-autor-jorge-leonardo-del-pico-rubio\/","title":{"rendered":"Tratado de Derecho Conyugal. A\u00f1o 2019\/ 714 P\u00e1g. Autor Jorge Leonardo Del Pic\u00f3 Rubio"},"content":{"rendered":"<p>La obra ofrece una visi\u00f3n general, desde una perspectiva jur\u00eddica en di\u00e1logo con otras disciplinas del saber humano, sobre el fen\u00f3meno social de la uni\u00f3n afectiva y sexual de la pareja, as\u00ed como la justificaci\u00f3n y modo que adopta la intervenci\u00f3n del derecho en nuestra propia realidad. El enfoque aplicado considera al matrimonio como un modelo de uni\u00f3n afectiva y estado de convivencia institucionalmente privilegiado, a la vez que asume la p\u00e9rdida progresiva de su monopolio cultural, social y jur\u00eddico, esbozando sobre esta base los elementos configuradores de una nueva concepci\u00f3n del r\u00e9gimen civil de la pareja, resaltando sus caracteres y delineando el proceso de asentamiento de un nuevo modelo legal de la uni\u00f3n afectiva y sexual de la pareja en nuestra sociedad.<\/p>\n<p>Trata, en particular, del instituto del matrimonio, abordando en profundidad su r\u00e9gimen constitutivo, el estado que genera, sus momentos cr\u00edticos y su terminaci\u00f3n, revisando los efectos personales y patrimoniales de aqu\u00ed derivados, como la compensaci\u00f3n econ\u00f3mica. Asimismo, aborda los fundamentos del r\u00e9gimen del acuerdo de uni\u00f3n civil y profundiza en sus diferencias con el matrimonio, resaltando las tensiones del sistema de reconocimiento civil de la uni\u00f3n de pareja derivadas del impacto de la valorizaci\u00f3n de la motivaci\u00f3n afectiva en los fines, elementos y propiedades del matrimonio, en especial la procreaci\u00f3n, la diferencia de sexo, la unidad y la indisolubilidad.<strong><\/p>\n<p>PRIMERA PARTE<\/strong><strong><br \/>\nLA RELACI\u00d3N AFECTIVA DE PAREJA. PAREJA, COMUNIDAD, SOCIEDAD Y DERECHO<\/p>\n<p>T\u00cdTULO I<br \/>\nAFECTIVIDAD Y SEXUALIDAD<\/p>\n<p>CAP\u00cdTULO I<br \/>\nAFECTIVIDAD, PERSONA Y PAREJA<\/p>\n<p>CAP\u00cdTULO II<br \/>\nLA SEXUALIDAD COMO ELEMENTO ESENCIAL DE LA UNI\u00d3N DE PAREJA JUR\u00cdDICAMENTE REGULADA<\/p>\n<p>T\u00cdTULO II<br \/>\nEL RECONOCIMIENTO SOCIO-JUR\u00cdDICO DE LA UNI\u00d3N AFECTIVA DE PAREJA<\/p>\n<p>CAP\u00cdTULO I<br \/>\nPAREJA, SOCIEDAD Y DERECHO<\/p>\n<p>CAP\u00cdTULO II<br \/>\nLAS UNIONES DE HECHO<\/p>\n<p>CAP\u00cdTULO III<br \/>\nUNIONES CIVILES<\/p>\n<p>CAP\u00cdTULO IV<br \/>\nEL MATRIMONIO.\u00a0SIGNIFICADO SOCIAL Y RECEPCI\u00d3N JUR\u00cdDICA<\/p>\n<p>SEGUNDA PARTE<br \/>\nEL RECONOCIMIENTO LEGAL DE LA UNI\u00d3N AFECTIVA DE PAREJA<\/p>\n<p>T\u00cdTULO I<br \/>\nANTECEDENTES Y FUENTES<\/p>\n<p>CAP\u00cdTULO I<br \/>\nANTECEDENTES HIST\u00d3RICOS DEL DERECHO CONYUGAL CHILENO<\/p>\n<p>CAP\u00cdTULO II<br \/>\nFUENTES<\/p>\n<p>T\u00cdTULO II<br \/>\nPRINCIPIOS INFORMADORES DEL DERECHO CONYUGAL CHILENO<\/p>\n<p>CAP\u00cdTULO I<br \/>\nPRINCIPIOS INFORMADORES DEL R\u00c9GIMEN LEGAL DE LA RELACI\u00d3N JUR\u00cdDICA CONYUGAL<\/p>\n<p>CAP\u00cdTULO II<br \/>\nPRINCIPIOS INFORMADORES DEL R\u00c9GIMEN LEGAL DEL MATRIMONIO<\/p>\n<p>CAP\u00cdTULO III<br \/>\nPRINCIPIOS INFORMADORES DEL R\u00c9GIMEN LEGAL DEL ACUERDO DE UNI\u00d3N CIVIL<\/p>\n<p>TERCERA PARTE<br \/>\nLA RELACI\u00d3N JUR\u00cdDICA CONYUGAL: DERECHO MATRIMONIAL CHILENO<\/p>\n<p>T\u00cdTULO I<br \/>\nLA CONCEPCI\u00d3N JUR\u00cdDICA DEL MATRIMONIO Y SU RECEPCI\u00d3N POSITIVA<\/p>\n<p>CAP\u00cdTULO I<br \/>\nEL CONCEPTO DE MATRIMONIO<\/p>\n<p>CAP\u00cdTULO II<br \/>\nCARACTER\u00cdSTICAS DEL MATRIMONIO LEGAL<\/p>\n<p>CAP\u00cdTULO III<br \/>\nFINALIDADES DEL MATRIMONIO<\/p>\n<p>T\u00cdTULO II<br \/>\nEL MATRIMONIO COMO ACTO JUR\u00cdDICO. REQUISITOS LEGALES<\/p>\n<p>CAP\u00cdTULO I<br \/>\nREQUISITOS DEL MATRIMONIO Y SU RECEPCI\u00d3N JUR\u00cdDICA.<\/p>\n<p>CAP\u00cdTULO II<br \/>\nEXISTENCIA Y VALIDEZ DEL MATRIMONIO<\/p>\n<p>CAP\u00cdTULO III<br \/>\nLA CAPACIDAD MATRIMONIAL<\/p>\n<p>CAP\u00cdTULO IV<br \/>\nEL CONSENTIMIENTO MATRIMONIAL<\/p>\n<p>T\u00cdTULO III<br \/>\nLA FORMA JUR\u00cdDICA DEL MATRIMONIO. CELEBRACI\u00d3N DEL MATRIMONIO. SISTEMAS MATRIMONIALES. MATRIMONIO CIVIL Y MATRIMONIO RELIGIOSO EN EL R\u00c9GIMEN LEGAL CHILENO<\/p>\n<p>CAP\u00cdTULO I<br \/>\nLA FORMA JUR\u00cdDICA DEL MATRIMONIO<\/p>\n<p>CAP\u00cdTULO II<br \/>\nSISTEMAS MATRIMONIALES<\/p>\n<p>CAP\u00cdTULO III<br \/>\nFORMALIDADES LEGALES DEL MATRIMONIO<\/p>\n<p>CAP\u00cdTULO IV<br \/>\nR\u00c9GIMEN APLICABLE A LOS MATRIMONIOS CELEBRADOS FUERA DE CHILE Y RECONOCIMIENTO DE LAS SENTENCIAS EXTRANJERAS<\/p>\n<p>T\u00cdTULO IV<br \/>\nEL ESTADO MATRIMONIAL. R\u00c9GIMEN DE SUS EFECTOS DURANTE LA NORMALIDAD CONYUGAL. CRISIS DE LA CONVIVENCIA CONYUGAL Y SUS EFECTOS CIVILES<\/p>\n<p>CAP\u00cdTULO I<br \/>\nEFECTOS DEL MATRIMONIO DURANTE EL ESTADO MATRIMONIAL<\/p>\n<p>CAP\u00cdTULO II<br \/>\nMOMENTO CR\u00cdTICO DEL ESTADO MATRIMONIAL<\/p>\n<p>T\u00cdTULO VL<br \/>\nA EXTINCI\u00d3N DEL MATRIMONIO. CELEBRACI\u00d3N DEL MATRIMONIO. SISTEMAS MATRIMONIALES. MATRIMONIO CIVIL Y MATRIMONIO RELIGIOSO EN EL R\u00c9GIMEN LEGAL CHILENO<\/p>\n<p>CAP\u00cdTULO I<br \/>\nLA TERMINACI\u00d3N DEL MATRIMONIO EN LA LMC<\/p>\n<p>CAP\u00cdTULO II<br \/>\nEL DIVORCIO<\/p>\n<p>CAP\u00cdTULO III<br \/>\nLA COMPENSACI\u00d3N ECON\u00d3MICA<\/p>\n<p>T\u00cdTULO VI<br \/>\nPACTO CIVIL DE CONVIVENCIA. EL ACUERDO DE UNI\u00d3N CIVIL (AUC)<\/p>\n<p>CAP\u00cdTULO I<br \/>\nEL ACUERDO DE UNI\u00d3N CIVIL Y SU RECEPCI\u00d3N LEGAL<\/p>\n<p>CAP\u00cdTULO II<br \/>\nREQUISITOS LEGALES<\/p>\n<p>CAP\u00cdTULO III<br \/>\nEFECTOS DEL AUC<\/p>\n<p>CAP\u00cdTULO IV<br \/>\nTERMINACI\u00d3N DEL ACUERDO DE UNI\u00d3N CIVIL<\/p>\n<p>CAP\u00cdTULO V<br \/>\nACUERDO DE UNI\u00d3N CIVIL Y MATRIMONIO: AN\u00c1LISIS COMPARATIVO<\/strong><\/p>\n","protected":false},"excerpt":{"rendered":"<p>La obra ofrece una visi\u00f3n general, desde una perspectiva jur\u00eddica en di\u00e1logo con otras disciplinas del saber humano, sobre el fen\u00f3meno social de la uni\u00f3n afectiva y sexual de la pareja, as\u00ed como la justificaci\u00f3n y modo que adopta la intervenci\u00f3n del derecho en nuestra propia realidad. El enfoque aplicado considera al matrimonio como un modelo de uni\u00f3n afectiva y estado de convivencia institucionalmente privilegiado, a la vez que asume la p\u00e9rdida progresiva de su monopolio cultural, social y jur\u00eddico, esbozando sobre esta base los elementos configuradores de una nueva concepci\u00f3n del r\u00e9gimen civil de la pareja, resaltando sus caracteres y delineando el proceso de asentamiento de un nuevo modelo legal de la uni\u00f3n afectiva y sexual de la pareja en nuestra sociedad. Trata, en particular, del instituto del matrimonio, abordando en profundidad su r\u00e9gimen constitutivo, el estado que genera, sus momentos cr\u00edticos y su terminaci\u00f3n, revisando los efectos personales y patrimoniales de aqu\u00ed derivados, como la compensaci\u00f3n econ\u00f3mica. Asimismo, aborda los fundamentos del r\u00e9gimen del acuerdo de uni\u00f3n civil y profundiza en sus diferencias con el matrimonio, resaltando las tensiones del sistema de reconocimiento civil de la uni\u00f3n de pareja derivadas del impacto de la valorizaci\u00f3n de la motivaci\u00f3n afectiva en los fines, elementos y propiedades del matrimonio, en especial la procreaci\u00f3n, la diferencia de sexo, la unidad y la indisolubilidad. PRIMERA PARTE LA RELACI\u00d3N AFECTIVA DE PAREJA. PAREJA, COMUNIDAD, SOCIEDAD Y DERECHO T\u00cdTULO I AFECTIVIDAD Y SEXUALIDAD CAP\u00cdTULO I AFECTIVIDAD, PERSONA Y PAREJA CAP\u00cdTULO II LA SEXUALIDAD COMO ELEMENTO ESENCIAL DE LA UNI\u00d3N DE PAREJA JUR\u00cdDICAMENTE REGULADA T\u00cdTULO II EL RECONOCIMIENTO SOCIO-JUR\u00cdDICO DE LA UNI\u00d3N AFECTIVA DE PAREJA CAP\u00cdTULO I PAREJA, SOCIEDAD Y DERECHO CAP\u00cdTULO II LAS UNIONES DE HECHO CAP\u00cdTULO III UNIONES CIVILES CAP\u00cdTULO IV EL MATRIMONIO.\u00a0SIGNIFICADO SOCIAL Y RECEPCI\u00d3N JUR\u00cdDICA SEGUNDA PARTE EL RECONOCIMIENTO LEGAL DE LA UNI\u00d3N AFECTIVA DE PAREJA T\u00cdTULO I ANTECEDENTES Y FUENTES CAP\u00cdTULO I ANTECEDENTES HIST\u00d3RICOS DEL DERECHO CONYUGAL CHILENO CAP\u00cdTULO II FUENTES T\u00cdTULO II PRINCIPIOS INFORMADORES DEL DERECHO CONYUGAL CHILENO CAP\u00cdTULO I PRINCIPIOS INFORMADORES DEL R\u00c9GIMEN LEGAL DE LA RELACI\u00d3N JUR\u00cdDICA CONYUGAL CAP\u00cdTULO II PRINCIPIOS INFORMADORES DEL R\u00c9GIMEN LEGAL DEL MATRIMONIO CAP\u00cdTULO III PRINCIPIOS INFORMADORES DEL R\u00c9GIMEN LEGAL DEL ACUERDO DE UNI\u00d3N CIVIL TERCERA PARTE LA RELACI\u00d3N JUR\u00cdDICA CONYUGAL: DERECHO MATRIMONIAL CHILENO T\u00cdTULO I LA CONCEPCI\u00d3N JUR\u00cdDICA DEL MATRIMONIO Y SU RECEPCI\u00d3N POSITIVA CAP\u00cdTULO I EL CONCEPTO DE MATRIMONIO CAP\u00cdTULO II CARACTER\u00cdSTICAS DEL MATRIMONIO LEGAL CAP\u00cdTULO III FINALIDADES DEL MATRIMONIO T\u00cdTULO II EL MATRIMONIO COMO ACTO JUR\u00cdDICO. REQUISITOS LEGALES CAP\u00cdTULO I REQUISITOS DEL MATRIMONIO Y SU RECEPCI\u00d3N JUR\u00cdDICA. CAP\u00cdTULO II EXISTENCIA Y VALIDEZ DEL MATRIMONIO CAP\u00cdTULO III LA CAPACIDAD MATRIMONIAL CAP\u00cdTULO IV EL CONSENTIMIENTO MATRIMONIAL T\u00cdTULO III LA FORMA JUR\u00cdDICA DEL MATRIMONIO. CELEBRACI\u00d3N DEL MATRIMONIO. SISTEMAS MATRIMONIALES. MATRIMONIO CIVIL Y MATRIMONIO RELIGIOSO EN EL R\u00c9GIMEN LEGAL CHILENO CAP\u00cdTULO I LA FORMA JUR\u00cdDICA DEL MATRIMONIO CAP\u00cdTULO II SISTEMAS MATRIMONIALES CAP\u00cdTULO III FORMALIDADES LEGALES DEL MATRIMONIO CAP\u00cdTULO IV R\u00c9GIMEN APLICABLE A LOS MATRIMONIOS CELEBRADOS FUERA DE CHILE Y RECONOCIMIENTO DE LAS SENTENCIAS EXTRANJERAS T\u00cdTULO IV EL ESTADO MATRIMONIAL. R\u00c9GIMEN DE SUS EFECTOS DURANTE LA NORMALIDAD CONYUGAL. CRISIS DE LA CONVIVENCIA CONYUGAL Y SUS EFECTOS CIVILES CAP\u00cdTULO I EFECTOS DEL MATRIMONIO DURANTE EL ESTADO MATRIMONIAL CAP\u00cdTULO II MOMENTO CR\u00cdTICO DEL ESTADO MATRIMONIAL T\u00cdTULO VL A EXTINCI\u00d3N DEL MATRIMONIO. CELEBRACI\u00d3N DEL MATRIMONIO. SISTEMAS MATRIMONIALES. MATRIMONIO CIVIL Y MATRIMONIO RELIGIOSO EN EL R\u00c9GIMEN LEGAL CHILENO CAP\u00cdTULO I LA TERMINACI\u00d3N DEL MATRIMONIO EN LA LMC CAP\u00cdTULO II EL DIVORCIO CAP\u00cdTULO III LA COMPENSACI\u00d3N ECON\u00d3MICA T\u00cdTULO VI PACTO CIVIL DE CONVIVENCIA. EL ACUERDO DE UNI\u00d3N CIVIL (AUC) CAP\u00cdTULO I EL ACUERDO DE UNI\u00d3N CIVIL Y SU RECEPCI\u00d3N LEGAL CAP\u00cdTULO II REQUISITOS LEGALES CAP\u00cdTULO III EFECTOS DEL AUC CAP\u00cdTULO IV TERMINACI\u00d3N DEL ACUERDO DE UNI\u00d3N CIVIL CAP\u00cdTULO V ACUERDO DE UNI\u00d3N CIVIL Y MATRIMONIO: AN\u00c1LISIS COMPARATIVO<\/p>\n","protected":false},"featured_media":3200,"comment_status":"open","ping_status":"closed","template":"","meta":{"inline_featured_image":false,"_joinchat":[]},"product_brand":[],"product_cat":[29,42],"product_tag":[],"class_list":{"0":"post-3161","1":"product","2":"type-product","3":"status-publish","4":"has-post-thumbnail","6":"product_cat-familia-y-del-menor","7":"product_cat-thomson-reuters","8":"product_shipping_class-a-convenir","10":"first","11":"instock","12":"shipping-taxable","13":"purchasable","14":"product-type-simple"},"_links":{"self":[{"href":"https:\/\/bibliotecajuridicavirtual.cl\/index.php\/wp-json\/wp\/v2\/product\/3161","targetHints":{"allow":["GET"]}}],"collection":[{"href":"https:\/\/bibliotecajuridicavirtual.cl\/index.php\/wp-json\/wp\/v2\/product"}],"about":[{"href":"https:\/\/bibliotecajuridicavirtual.cl\/index.php\/wp-json\/wp\/v2\/types\/product"}],"replies":[{"embeddable":true,"href":"https:\/\/bibliotecajuridicavirtual.cl\/index.php\/wp-json\/wp\/v2\/comments?post=3161"}],"wp:featuredmedia":[{"embeddable":true,"href":"https:\/\/bibliotecajuridicavirtual.cl\/index.php\/wp-json\/wp\/v2\/media\/3200"}],"wp:attachment":[{"href":"https:\/\/bibliotecajuridicavirtual.cl\/index.php\/wp-json\/wp\/v2\/media?parent=3161"}],"wp:term":[{"taxonomy":"product_brand","embeddable":true,"href":"https:\/\/bibliotecajuridicavirtual.cl\/index.php\/wp-json\/wp\/v2\/product_brand?post=3161"},{"taxonomy":"product_cat","embeddable":true,"href":"https:\/\/bibliotecajuridicavirtual.cl\/index.php\/wp-json\/wp\/v2\/product_cat?post=3161"},{"taxonomy":"product_tag","embeddable":true,"href":"https:\/\/bibliotecajuridicavirtual.cl\/index.php\/wp-json\/wp\/v2\/product_tag?post=3161"}],"curies":[{"name":"wp","href":"https:\/\/api.w.org\/{rel}","templated":true}]}}