{"id":3163,"date":"2026-02-28T01:09:51","date_gmt":"2026-02-28T04:09:51","guid":{"rendered":"https:\/\/bibliotecajuridicavirtual.cl\/?post_type=product&#038;p=3163"},"modified":"2026-02-28T01:10:39","modified_gmt":"2026-02-28T04:10:39","slug":"discapacidad-intelectual-y-derecho-ano-2019-470-pag-autor-fabiola-lathrop-g-nicolas-espejo-y","status":"publish","type":"product","link":"https:\/\/bibliotecajuridicavirtual.cl\/index.php\/product\/discapacidad-intelectual-y-derecho-ano-2019-470-pag-autor-fabiola-lathrop-g-nicolas-espejo-y\/","title":{"rendered":"Discapacidad Intelectual y Derecho. A\u00f1o 2019\/470 P\u00e1g. Autor Fabiola Lathrop G. &#8211; Nicol\u00e1s Espejo Y."},"content":{"rendered":"<p>Este libro surge de una reflexio\u0301n teo\u0301rica y pra\u0301ctica en torno a la forma en que el Derecho debiera responder, bajo los para\u0301metros de un Estado Constitucional y de Derecho, a los derechos de las personas con discapacidad intelectual.<\/p>\n<p>Al coordinarlo, hemos procurado alcanzar tres objetivos. En primer lugar, los trabajos sistematizados permiten actualizar al lector respecto a la forma en que el Derecho chileno regula una serie de aspectos esenciales para la vida de estas personas, desde las relaciones de familia, pasando por el ejercicio de sus derechos poli\u0301ticos, la administracio\u0301n del patrimonio y las intervenciones sanitarias forzadas, hasta la responsabilidad penal, entre otros. En esta labor, muchos de los textos seleccionados dialogan permanentemente con el Derecho comparado y el Derecho Internacional de los Derechos Humanos. En segundo lugar, este libro busca traer a discusio\u0301n una serie de discusiones dogma\u0301ticas o teo\u0301ricas que han surgido en el marco de los debates sobre la autonomi\u0301a, el cuidado, la representacio\u0301n y la inclusio\u0301n social en campos del Derecho tales como la inclusio\u0301n laboral y social, el cuidado de los hijos, la administracio\u0301n de los bienes y las intervenciones me\u0301dicas y\/o psiquia\u0301tricas. Finalmente, y en sintoni\u0301a con los procesos de reforma legal en este campo que se observan en diversas jurisdicciones comparadas, este libro aporta una serie de recomendaciones de lege ferenda, orientadas a sentar las bases de una transformacio\u0301n y\/o recomprensio\u0301n de instituciones juri\u0301dicas como la capacidad juri\u0301dica, la interdiccio\u0301n, la inimputabilidad penal y las medidas de proteccio\u0301n, asi\u0301 como de los sistemas de apoyo a la inclusio\u0301n poli\u0301tica, laboral y social.<\/p>\n<p>Esta obra ha sido inspirada por las experiencias de vida de familiares, amigos, conocidos y desconocidos que forman parte de nuestra historia y por la manera en que el Derecho, con ma\u0301s buenas intenciones que buenas ideas, ha buscado dar respuesta a las necesidades y expectativas de las personas con discapacidad intelectual.<\/p>\n<p><strong>A. Capacidad, derechos humanos y \u00e9tica<\/strong><\/p>\n<p>Reflexiones sobre las personas con discapacidad intelectual y su capacidad jur\u00eddica<br \/>\nClaudia C\u00e1rdenas Espinoza, Marcelo Escobar Vicencio, Ariel Guerra Mart\u00ednez, Morelia L\u00f3pez Acu\u00f1a, Marisel Morales Paredes, Gonzalo Osorio C\u00e1ceres, Richard Quinteros Pino y Jos\u00e9 Salas Avenda\u00f1o<\/p>\n<p>Los derechos de las personas con discapacidad intelectual en el Derecho Internacional de los Derechos Humanos<br \/>\n\u00c1lvaro Benavides L\u00f3pez<\/p>\n<p>Lineamientos \u00e9ticos y jur\u00eddicos para la investigaci\u00f3n cient\u00edfica biom\u00e9dica en personas con discapacidad intelectual<br \/>\n\u00c1ngela Arenas Massa<\/p>\n<p>El sufragio de las personas con discapacidad intelectual en Chile: An\u00e1lisis cr\u00edtico<br \/>\nPablo Marshall Barber\u00e1n y Patricia Abollado Vivanco<\/p>\n<p>Los derechos de las mujeres con discapacidad intelectual<br \/>\nXimena Gauch\u00e9 Marchetti<\/p>\n<p><strong>B. Capacidad jur\u00eddica y discapacidad intelectual\u00a0<\/strong><\/p>\n<p>Capacidad jur\u00eddica de las personas con discapacidad intelectual, cognitiva y\/o psicosocial en Chile<br \/>\nFabiola Lathrop G\u00f3mez<\/p>\n<p>Sobre la interdicci\u00f3n por demencia en la legislaci\u00f3n chilena<br \/>\nPaula Silva Barroilhet<\/p>\n<p>Los derechos de las personas con discapacidad en algunos pa\u00edses del entorno europeo<br \/>\nDaniela Jarufe Contreras<\/p>\n<p>Los sistemas de apoyo para el ejercicio de la capacidad jur\u00eddica de las personas con discapacidad en el Derecho comparado<br \/>\nChristine Weidenslaufer von Kretschmann y Paola Truffello Garc\u00eda<\/p>\n<p><strong>C. Apoyos, cuidados e inclusi\u00f3n<\/strong><\/p>\n<p>Reflexiones sobre un sistema de cuidados para personas con discapacidad intelectual en situaci\u00f3n de dependencia<br \/>\nNatalia S\u00e1nchez Dur\u00e1n<\/p>\n<p>Persona mayor y discapacidad cognitiva<br \/>\nCarolina Riveros Ferrada<\/p>\n<p>Los derechos de las personas con discapacidad intelectual en sus relaciones de familia<br \/>\nMarcela Acu\u00f1a San Mart\u00edn<\/p>\n<p>Apoyos emancipadores y participativos: Ruta para lograr la inclusi\u00f3n (educativa) de la infancia con discapacidad intelectual<br \/>\nPaz Aravena Quiroz \u00cdndice sumario<\/p>\n<p>Vida independiente y derecho al trabajo de las personas con discapacidad intelectual<br \/>\nMar\u00eda Soledad Mart\u00ednez Ulloa<\/p>\n<p><strong>D. Libertad, seguridad personal y discapacidad<\/strong><\/p>\n<p>El derecho a la libertad y la seguridad personal de las personas con discapacidad psicosocial en materia de hospitalizaciones involuntarias en Chile<br \/>\nSergio Espejo Yaksic y Mat\u00edas Gonz\u00e1lez Tugas<\/p>\n<p>Personas con discapacidad intelectual, cognitiva y\/o psicosocial y privaci\u00f3n o restricci\u00f3n de libertad<br \/>\nFelipe Abbott Matus<\/p>\n<p>Discapacidades severas, inimputabilidad y licitud de intervenciones coactivas<br \/>\nJavier Wilenmann von Bernath<\/p>\n","protected":false},"excerpt":{"rendered":"<p>Este libro surge de una reflexio\u0301n teo\u0301rica y pra\u0301ctica en torno a la forma en que el Derecho debiera responder, bajo los para\u0301metros de un Estado Constitucional y de Derecho, a los derechos de las personas con discapacidad intelectual. Al coordinarlo, hemos procurado alcanzar tres objetivos. En primer lugar, los trabajos sistematizados permiten actualizar al lector respecto a la forma en que el Derecho chileno regula una serie de aspectos esenciales para la vida de estas personas, desde las relaciones de familia, pasando por el ejercicio de sus derechos poli\u0301ticos, la administracio\u0301n del patrimonio y las intervenciones sanitarias forzadas, hasta la responsabilidad penal, entre otros. En esta labor, muchos de los textos seleccionados dialogan permanentemente con el Derecho comparado y el Derecho Internacional de los Derechos Humanos. En segundo lugar, este libro busca traer a discusio\u0301n una serie de discusiones dogma\u0301ticas o teo\u0301ricas que han surgido en el marco de los debates sobre la autonomi\u0301a, el cuidado, la representacio\u0301n y la inclusio\u0301n social en campos del Derecho tales como la inclusio\u0301n laboral y social, el cuidado de los hijos, la administracio\u0301n de los bienes y las intervenciones me\u0301dicas y\/o psiquia\u0301tricas. Finalmente, y en sintoni\u0301a con los procesos de reforma legal en este campo que se observan en diversas jurisdicciones comparadas, este libro aporta una serie de recomendaciones de lege ferenda, orientadas a sentar las bases de una transformacio\u0301n y\/o recomprensio\u0301n de instituciones juri\u0301dicas como la capacidad juri\u0301dica, la interdiccio\u0301n, la inimputabilidad penal y las medidas de proteccio\u0301n, asi\u0301 como de los sistemas de apoyo a la inclusio\u0301n poli\u0301tica, laboral y social. Esta obra ha sido inspirada por las experiencias de vida de familiares, amigos, conocidos y desconocidos que forman parte de nuestra historia y por la manera en que el Derecho, con ma\u0301s buenas intenciones que buenas ideas, ha buscado dar respuesta a las necesidades y expectativas de las personas con discapacidad intelectual. A. Capacidad, derechos humanos y \u00e9tica Reflexiones sobre las personas con discapacidad intelectual y su capacidad jur\u00eddica Claudia C\u00e1rdenas Espinoza, Marcelo Escobar Vicencio, Ariel Guerra Mart\u00ednez, Morelia L\u00f3pez Acu\u00f1a, Marisel Morales Paredes, Gonzalo Osorio C\u00e1ceres, Richard Quinteros Pino y Jos\u00e9 Salas Avenda\u00f1o Los derechos de las personas con discapacidad intelectual en el Derecho Internacional de los Derechos Humanos \u00c1lvaro Benavides L\u00f3pez Lineamientos \u00e9ticos y jur\u00eddicos para la investigaci\u00f3n cient\u00edfica biom\u00e9dica en personas con discapacidad intelectual \u00c1ngela Arenas Massa El sufragio de las personas con discapacidad intelectual en Chile: An\u00e1lisis cr\u00edtico Pablo Marshall Barber\u00e1n y Patricia Abollado Vivanco Los derechos de las mujeres con discapacidad intelectual Ximena Gauch\u00e9 Marchetti B. Capacidad jur\u00eddica y discapacidad intelectual\u00a0 Capacidad jur\u00eddica de las personas con discapacidad intelectual, cognitiva y\/o psicosocial en Chile Fabiola Lathrop G\u00f3mez Sobre la interdicci\u00f3n por demencia en la legislaci\u00f3n chilena Paula Silva Barroilhet Los derechos de las personas con discapacidad en algunos pa\u00edses del entorno europeo Daniela Jarufe Contreras Los sistemas de apoyo para el ejercicio de la capacidad jur\u00eddica de las personas con discapacidad en el Derecho comparado Christine Weidenslaufer von Kretschmann y Paola Truffello Garc\u00eda C. Apoyos, cuidados e inclusi\u00f3n Reflexiones sobre un sistema de cuidados para personas con discapacidad intelectual en situaci\u00f3n de dependencia Natalia S\u00e1nchez Dur\u00e1n Persona mayor y discapacidad cognitiva Carolina Riveros Ferrada Los derechos de las personas con discapacidad intelectual en sus relaciones de familia Marcela Acu\u00f1a San Mart\u00edn Apoyos emancipadores y participativos: Ruta para lograr la inclusi\u00f3n (educativa) de la infancia con discapacidad intelectual Paz Aravena Quiroz \u00cdndice sumario Vida independiente y derecho al trabajo de las personas con discapacidad intelectual Mar\u00eda Soledad Mart\u00ednez Ulloa D. Libertad, seguridad personal y discapacidad El derecho a la libertad y la seguridad personal de las personas con discapacidad psicosocial en materia de hospitalizaciones involuntarias en Chile Sergio Espejo Yaksic y Mat\u00edas Gonz\u00e1lez Tugas Personas con discapacidad intelectual, cognitiva y\/o psicosocial y privaci\u00f3n o restricci\u00f3n de libertad Felipe Abbott Matus Discapacidades severas, inimputabilidad y licitud de intervenciones coactivas Javier Wilenmann von Bernath<\/p>\n","protected":false},"featured_media":3220,"comment_status":"open","ping_status":"closed","template":"","meta":{"inline_featured_image":false,"_joinchat":[]},"product_brand":[],"product_cat":[27,42],"product_tag":[],"class_list":{"0":"post-3163","1":"product","2":"type-product","3":"status-publish","4":"has-post-thumbnail","6":"product_cat-civil","7":"product_cat-thomson-reuters","8":"product_shipping_class-a-convenir","10":"first","11":"instock","12":"shipping-taxable","13":"purchasable","14":"product-type-simple"},"_links":{"self":[{"href":"https:\/\/bibliotecajuridicavirtual.cl\/index.php\/wp-json\/wp\/v2\/product\/3163","targetHints":{"allow":["GET"]}}],"collection":[{"href":"https:\/\/bibliotecajuridicavirtual.cl\/index.php\/wp-json\/wp\/v2\/product"}],"about":[{"href":"https:\/\/bibliotecajuridicavirtual.cl\/index.php\/wp-json\/wp\/v2\/types\/product"}],"replies":[{"embeddable":true,"href":"https:\/\/bibliotecajuridicavirtual.cl\/index.php\/wp-json\/wp\/v2\/comments?post=3163"}],"wp:featuredmedia":[{"embeddable":true,"href":"https:\/\/bibliotecajuridicavirtual.cl\/index.php\/wp-json\/wp\/v2\/media\/3220"}],"wp:attachment":[{"href":"https:\/\/bibliotecajuridicavirtual.cl\/index.php\/wp-json\/wp\/v2\/media?parent=3163"}],"wp:term":[{"taxonomy":"product_brand","embeddable":true,"href":"https:\/\/bibliotecajuridicavirtual.cl\/index.php\/wp-json\/wp\/v2\/product_brand?post=3163"},{"taxonomy":"product_cat","embeddable":true,"href":"https:\/\/bibliotecajuridicavirtual.cl\/index.php\/wp-json\/wp\/v2\/product_cat?post=3163"},{"taxonomy":"product_tag","embeddable":true,"href":"https:\/\/bibliotecajuridicavirtual.cl\/index.php\/wp-json\/wp\/v2\/product_tag?post=3163"}],"curies":[{"name":"wp","href":"https:\/\/api.w.org\/{rel}","templated":true}]}}