{"id":3164,"date":"2026-02-28T01:09:51","date_gmt":"2026-02-28T04:09:51","guid":{"rendered":"https:\/\/bibliotecajuridicavirtual.cl\/?post_type=product&#038;p=3164"},"modified":"2026-02-28T01:10:41","modified_gmt":"2026-02-28T04:10:41","slug":"efectos-juridicos-del-divorcio-2da-edicion-ano-2019-516-pag-autor-marcela-acuna-san-martin","status":"publish","type":"product","link":"https:\/\/bibliotecajuridicavirtual.cl\/index.php\/product\/efectos-juridicos-del-divorcio-2da-edicion-ano-2019-516-pag-autor-marcela-acuna-san-martin\/","title":{"rendered":"Efectos Jur\u00eddicos del Divorcio &#8211; 2da edici\u00f3n. A\u00f1o 2019\/516 P\u00e1g. Autor Marcela Acu\u00f1a San Mart\u00edn"},"content":{"rendered":"<p>La obra analiza los efectos jur\u00eddicos del divorcio en el ordenamiento jur\u00eddico nacional, a partir de las diversas fuentes normativas, de su interpretaci\u00f3n y aplicaci\u00f3n por los tribunales, y de la doctrina de los autores.<\/p>\n<p>Con base en el sistema matrimonial y de divorcio establecido por la Ley N\u00ba 19.947 de 2004, esta segunda edici\u00f3n actualizada, corregida y aumentada por su autora, centra la atenci\u00f3n en los efectos jur\u00eddicos del divorcio entre los c\u00f3nyuges y respecto de los hijos. Se hace un an\u00e1lisis profundo, entre otros, del acuerdo completo y suficiente; de la situaci\u00f3n de los alimentos; de los reg\u00edmenes de bienes; de los derechos sucesorios; de los bienes familiares y de la compensaci\u00f3n econ\u00f3mica, a la que por su relevancia y envergadura se destina un cap\u00edtulo independiente; todas estas cuestiones son nutridas con referencias a normas extranjeras. El cap\u00edtulo destinado a los efectos del divorcio respecto de los hijos aparece completamente actualizado conforme a los principios y normas de la Ley N\u00ba 20.680 de 2013.<\/p>\n<p>Adem\u00e1s, esta edici\u00f3n aborda temas nuevos como el ejercicio de la acci\u00f3n de divorcio por personas con discapacidad intelectual, los pactos prenupciales en previsi\u00f3n de ruptura y el divorcio culpable y la responsabilidad civil; a lo que se suma un recurrente contraste con las consecuencias del t\u00e9rmino del acuerdo de uni\u00f3n civil.<\/p>\n<p>El texto llena un vac\u00edo en la doctrina nacional, tanto desde un punto de vista dogm\u00e1tico, al recopilar y analizar la normativa, doctrina y jurisprudencia relevante sobre los efectos jur\u00eddicos del divorcio en un cuerpo \u00fanico; as\u00ed como desde un punto de vista pr\u00e1ctico, al evaluar las soluciones jur\u00eddicas y proponer permanentemente f\u00f3rmulas para afrontar las diversas problem\u00e1ticas derivadas del divorcio.<\/p>\n<p>La visi\u00f3n completa y ordenada que se brinda es de inter\u00e9s de acad\u00e9micos, jueces, abogados y estudiantes de Derecho, as\u00ed como de todo ciudadano que desee estar informado de una materia de significativa trascendencia social.<\/p>\n<p><strong>CAP\u00cdTULO I<\/strong><br \/>\n<strong>EL CONTEXTO NORMATIVO DE LOS EFECTOS DEL DIVORCIO<\/strong><\/p>\n<p>1. Panorama legal sobre los efectos del divorcio. Algunas notas conceptuales<br \/>\n2. Breve apunte sobre la regulaci\u00f3n del matrimonio<br \/>\n3. Sistema de divorcio<br \/>\n3.1. Contraste con el t\u00e9rmino del acuerdo de uni\u00f3n civil<br \/>\n3.2. Causales de divorcio en el ordenamiento jur\u00eddico nacional<br \/>\n3.3. La acci\u00f3n de divorcio<br \/>\n3.4. Titularidad de la acci\u00f3n y capacidad<\/p>\n<p>4. Efectos jur\u00eddicos del divorcio<br \/>\n4.1. La sentencia de divorcio como punto de partida de la producci\u00f3n de efectos<br \/>\n4.2. Breve referencia al divorcio notarial y administrativo<br \/>\n4.3. Efectos del divorcio y matrimonio religioso<br \/>\n4.4. Clasificaciones y delimitaci\u00f3n de los efectos del divorcio<br \/>\n4.4.1. Efectos propios y originarios y efectos derivados o secundarios<br \/>\n4.4.2. Efectos personales y efectos patrimoniales<br \/>\n4.4.3. Efectos entre los exc\u00f3nyuges y efectos respecto de los hijos<br \/>\n4.4.4. Efectos provisionales y efectos definitivos<br \/>\n4.4.5. Efectos y medidas<\/p>\n<p><strong>CAP\u00cdTULO II<\/strong><br \/>\n<strong>PRINCIPIOS ORIENTADORES EN MATERIA DE EFECTOS DEL DIVORCIO<\/strong><\/p>\n<p>1. Delimitaci\u00f3n del tema<\/p>\n<p>2. Principio de protecci\u00f3n de intereses superiores<br \/>\n2.1. Principio de protecci\u00f3n del inter\u00e9s superior de los hijos<br \/>\na) Inter\u00e9s superior de los hijos en el \u00e1mbito legal de los efectos del divorcio<br \/>\nb) Inter\u00e9s superior de los hijos en el \u00e1mbito convencional de los efectos del divorcio<br \/>\nc) Inter\u00e9s superior de los hijos en el \u00e1mbito judicial de los efectos del divorcio<br \/>\n2.1.1. Apunte sobre el deber de o\u00edr a los hijos<br \/>\n2.2. Principio de protecci\u00f3n del inter\u00e9s superior del c\u00f3nyuge m\u00e1s d\u00e9bil<br \/>\n2.3. Principio de protecci\u00f3n del inter\u00e9s superior de la familia<\/p>\n<p>3. Principio de mantenimiento de los deberes parentales<br \/>\n3.1. Corresponsabilidad parental<\/p>\n<p>4. Principio de igualdad conyugal<\/p>\n<p>5. Principio de interdependencia de la autonom\u00eda de la voluntad y la actuaci\u00f3n judicial<\/p>\n<p>6. Principio de influencia de la culpabilidad conyugal<\/p>\n<p>7. Principio de variabilidad de los efectos del divorcio<\/p>\n<p><strong>CAP\u00cdTULO III<\/strong><br \/>\n<strong>EL CONVENIO REGULADOR DE LOS EFECTOS DEL DIVORCIO<\/strong><\/p>\n<p>1. Antecedentes del convenio regulador<\/p>\n<p>2. Hacia un concepto de convenio regulador<\/p>\n<p>3. Naturaleza jur\u00eddica del convenio regulador<\/p>\n<p>4. \u00c1mbito del convenio regulador<br \/>\n4.1. Pactos prenupciales en previsi\u00f3n de ruptura<br \/>\n4.2. Los planes de parentalidad<\/p>\n<p>5. Documentalidad del convenio regulador<\/p>\n<p>6. Formaci\u00f3n y perfeccionamiento del convenio regulador<br \/>\n6.1. Autonom\u00eda privada<br \/>\n6.2. Actuaci\u00f3n judicial<br \/>\na) Aprobaci\u00f3n del convenio regulador<br \/>\nb) Rechazo del convenio regulador<br \/>\nc) Facultades extraordinarias del juez frente al convenio regulador<\/p>\n<p>7. Condicionantes del convenio regulador<br \/>\n7.1. Completitud del convenio regulador<br \/>\n7.1.1. Contenido esencial<br \/>\n7.1.2. Contenido libremente pactado<br \/>\n7.2. Suficiencia del convenio regulador<\/p>\n<p>8. Intangibilidad, modificaci\u00f3n y t\u00e9rmino del convenio<br \/>\n8.1. Intangibilidad del convenio regulador.<br \/>\n8.2. Modificaci\u00f3n del convenio regulador<br \/>\na) Extensi\u00f3n de la modificaci\u00f3n del convenio<br \/>\nb) Mecanismos de modificaci\u00f3n del convenio<br \/>\nc) Necesidad de aprobaci\u00f3n judicial de las modificaciones del convenio<br \/>\n8.3. Impugnaci\u00f3n del convenio regulador<br \/>\n8.4. T\u00e9rmino del convenio regulador<\/p>\n<p>9. S\u00edntesis conclusiva<\/p>\n<p><strong>CAP\u00cdTULO IV<\/strong><br \/>\n<strong>EFECTOS DEL DIVORCIO RESPECTO DE LOS EXC\u00d3NYUGES<\/strong><\/p>\n<p>1. Efectos propios, originarios de la sentencia<\/p>\n<p>2. Efectos secundarios o derivados generales<br \/>\n2.1. Efectos generales en el \u00e1mbito personal<br \/>\n2.2. Efectos generales en el \u00e1mbito patrimonial<br \/>\n2.2.1. Divorcio y r\u00e9gimen de bienes<br \/>\n2.2.1.1. Cuestiones generales<br \/>\n2.2.1.2. Divorcio y liquidaci\u00f3n de la comunidad quedada a la disoluci\u00f3n de la sociedad conyuga<br \/>\n2.2.1.3. Divorcio y t\u00e9rmino del r\u00e9gimen de participaci\u00f3n en los gananciales<br \/>\n2.2.1.4. Divorcio y r\u00e9gimen de separaci\u00f3n de bienes<br \/>\n2.2.2. Efectos del divorcio en relaci\u00f3n con los alimentos entre c\u00f3nyuges<br \/>\n2.2.2.1. Breve referencia a los alimentos posdivorcio<br \/>\n2.2.3. Efectos del divorcio en los derechos sucesorios<br \/>\n2.2.4. Efectos del divorcio respecto de las donaciones<\/p>\n<p>3. Efectos secundarios espec\u00edficos<br \/>\n3.1. El divorcio y los bienes familiares<br \/>\n3.1.1. Breves notas generales<br \/>\n3.1.2. Afectaci\u00f3n de bienes familiares frente al divorcio<br \/>\n3.1.3. Desafectaci\u00f3n de bienes familiares frente al divorcio<br \/>\n3.1.4. Criterios de afectaci\u00f3n y desafectaci\u00f3n en caso de divorcio<br \/>\n3.1.5. R\u00e9gimen de disposici\u00f3n de los bienes familiares<br \/>\n3.2. Divorcio culpable y responsabilidad civil<\/p>\n<p><strong>CAP\u00cdTULO V<br \/>\nLA COMPENSACI\u00d3N ECON\u00d3MICA<\/strong><\/p>\n<p>1. Algunas notas generales<br \/>\n2. Concepto de compensaci\u00f3n econ\u00f3mica<br \/>\n3. Naturaleza jur\u00eddica de la compensaci\u00f3n econ\u00f3mica<br \/>\n4. Configuraci\u00f3n legal de la compensaci\u00f3n econ\u00f3mica<br \/>\n4.1. El menoscabo econ\u00f3mico<br \/>\n4.2. La imposibilidad de desarrollo de actividad lucrativa o remunerada<br \/>\n4.3. La dedicaci\u00f3n al cuidado de los hijos y al hogar<\/p>\n<p>5. Armonizaci\u00f3n de los art\u00edculos 61 y 62 de la Ley de Matrimonio Civil<\/p>\n<p>6. Determinaci\u00f3n de la compensaci\u00f3n econ\u00f3mica<br \/>\n6.1. Determinaci\u00f3n convencional<br \/>\n6.2. Determinaci\u00f3n judicial<\/p>\n<p>7. An\u00e1lisis de las circunstancias del art\u00edculo 62 de la Ley de Matrimonio Civil<br \/>\n7.1. La duraci\u00f3n del matrimonio y de la vida en com\u00fan de los c\u00f3nyuges<br \/>\n7.2. Situaci\u00f3n patrimonial de ambos<br \/>\n7.3. La buena o mala fe<br \/>\n7.4. La edad y el estado de salud del c\u00f3nyuge beneficiario<br \/>\n7.5. Su situaci\u00f3n en materia de beneficios previsionales y de salud<br \/>\n7.6. Su cualificaci\u00f3n profesional y posibilidades de acceso al mercado laboral<br \/>\n7.7. La colaboraci\u00f3n que hubiere prestado a las actividades lucrativas del otro c\u00f3nyuge<\/p>\n<p>8. El importe de la compensaci\u00f3n econ\u00f3mica<br \/>\n8.1. Elementos para la determinaci\u00f3n del importe de la compensaci\u00f3n<br \/>\n8.2. Procedimiento de determinaci\u00f3n del importe de la compensaci\u00f3n<br \/>\n8.3. Caracter\u00edsticas del importe de la compensaci\u00f3n<\/p>\n<p>9. Forma y pago de la compensaci\u00f3n econ\u00f3mica<br \/>\n9.1. Modalidades de compensaci\u00f3n<br \/>\n9.2. Forma de pago de la compensaci\u00f3n<br \/>\n9.3. Del car\u00e1cter alimenticio de las cuotas<br \/>\n9.4. Seguridades para el pago de la compensaci\u00f3n<br \/>\n9.5. Improcedencia del pago vitalicio<\/p>\n<p>10. Oportunidad procesal para pedir y para otorgar la compensaci\u00f3n econ\u00f3mica<\/p>\n<p>11. Influencia de la culpabilidad en la compensaci\u00f3n<\/p>\n<p>12. Renuncia, sustituci\u00f3n y modificaci\u00f3n de la compensaci\u00f3n econ\u00f3mica<\/p>\n<p>13. Transmisi\u00f3n de la compensaci\u00f3n econ\u00f3mica<\/p>\n<p>14. Extinci\u00f3n de la compensaci\u00f3n econ\u00f3mica<\/p>\n<p><strong>CAP\u00cdTULO VI<br \/>\nEFECTOS DEL DIVORCIO RESPECTO DE LOS HIJOS<\/strong><\/p>\n<p>1. Cuestiones generales sobre el marco regulatorio<\/p>\n<p>2. Patria potestad<br \/>\n2.1. Titularidad de la patria potestad en caso de divorcio<br \/>\n2.2. Determinaci\u00f3n de la patria potestad en caso de divorcio<br \/>\n2.3. Ejercicio conjunto de la patria potestad<\/p>\n<p>3. Cuidado personal<br \/>\n3.1. Breves nociones generales<br \/>\n3.2. Modalidades de cuidado personal<br \/>\n3.3. Determinaci\u00f3n del cuidado personal de los hijos en procesos de divorcio<br \/>\n3.4. Instituciones vinculadas con el cuidado personal exclusivo de un hijo en caso de divorcio<br \/>\n3.5. Cuidado personal por terceros<\/p>\n<p>4. Derecho de comunicaci\u00f3n<br \/>\n4.1. Derecho de relaci\u00f3n directa y regular con el progenitor no custodio<br \/>\n4.1.1. Aspectos generales<br \/>\n4.1.2. Determinaci\u00f3n de la relaci\u00f3n directa y regular en sede de divorcio<br \/>\na) Determinaci\u00f3n convencional<br \/>\nb) Determinaci\u00f3n judicial<br \/>\n4.2. Derecho de relaci\u00f3n con los abuelos<br \/>\n4.3. Derecho de visita de parientes<br \/>\n5. Derecho de alimentos<br \/>\n5.1. Alimentos para hijos menores<br \/>\n5.2. Alimentos para hijos mayores<br \/>\n5.3. Problem\u00e1tica respecto de los alimentos en sede de divorcio<\/p>\n<p>6. El divorcio y la adopci\u00f3n de menores<\/p>\n","protected":false},"excerpt":{"rendered":"<p>La obra analiza los efectos jur\u00eddicos del divorcio en el ordenamiento jur\u00eddico nacional, a partir de las diversas fuentes normativas, de su interpretaci\u00f3n y aplicaci\u00f3n por los tribunales, y de la doctrina de los autores. Con base en el sistema matrimonial y de divorcio establecido por la Ley N\u00ba 19.947 de 2004, esta segunda edici\u00f3n actualizada, corregida y aumentada por su autora, centra la atenci\u00f3n en los efectos jur\u00eddicos del divorcio entre los c\u00f3nyuges y respecto de los hijos. Se hace un an\u00e1lisis profundo, entre otros, del acuerdo completo y suficiente; de la situaci\u00f3n de los alimentos; de los reg\u00edmenes de bienes; de los derechos sucesorios; de los bienes familiares y de la compensaci\u00f3n econ\u00f3mica, a la que por su relevancia y envergadura se destina un cap\u00edtulo independiente; todas estas cuestiones son nutridas con referencias a normas extranjeras. El cap\u00edtulo destinado a los efectos del divorcio respecto de los hijos aparece completamente actualizado conforme a los principios y normas de la Ley N\u00ba 20.680 de 2013. Adem\u00e1s, esta edici\u00f3n aborda temas nuevos como el ejercicio de la acci\u00f3n de divorcio por personas con discapacidad intelectual, los pactos prenupciales en previsi\u00f3n de ruptura y el divorcio culpable y la responsabilidad civil; a lo que se suma un recurrente contraste con las consecuencias del t\u00e9rmino del acuerdo de uni\u00f3n civil. El texto llena un vac\u00edo en la doctrina nacional, tanto desde un punto de vista dogm\u00e1tico, al recopilar y analizar la normativa, doctrina y jurisprudencia relevante sobre los efectos jur\u00eddicos del divorcio en un cuerpo \u00fanico; as\u00ed como desde un punto de vista pr\u00e1ctico, al evaluar las soluciones jur\u00eddicas y proponer permanentemente f\u00f3rmulas para afrontar las diversas problem\u00e1ticas derivadas del divorcio. La visi\u00f3n completa y ordenada que se brinda es de inter\u00e9s de acad\u00e9micos, jueces, abogados y estudiantes de Derecho, as\u00ed como de todo ciudadano que desee estar informado de una materia de significativa trascendencia social. CAP\u00cdTULO I EL CONTEXTO NORMATIVO DE LOS EFECTOS DEL DIVORCIO 1. Panorama legal sobre los efectos del divorcio. Algunas notas conceptuales 2. Breve apunte sobre la regulaci\u00f3n del matrimonio 3. Sistema de divorcio 3.1. Contraste con el t\u00e9rmino del acuerdo de uni\u00f3n civil 3.2. Causales de divorcio en el ordenamiento jur\u00eddico nacional 3.3. La acci\u00f3n de divorcio 3.4. Titularidad de la acci\u00f3n y capacidad 4. Efectos jur\u00eddicos del divorcio 4.1. La sentencia de divorcio como punto de partida de la producci\u00f3n de efectos 4.2. Breve referencia al divorcio notarial y administrativo 4.3. Efectos del divorcio y matrimonio religioso 4.4. Clasificaciones y delimitaci\u00f3n de los efectos del divorcio 4.4.1. Efectos propios y originarios y efectos derivados o secundarios 4.4.2. Efectos personales y efectos patrimoniales 4.4.3. Efectos entre los exc\u00f3nyuges y efectos respecto de los hijos 4.4.4. Efectos provisionales y efectos definitivos 4.4.5. Efectos y medidas CAP\u00cdTULO II PRINCIPIOS ORIENTADORES EN MATERIA DE EFECTOS DEL DIVORCIO 1. Delimitaci\u00f3n del tema 2. Principio de protecci\u00f3n de intereses superiores 2.1. Principio de protecci\u00f3n del inter\u00e9s superior de los hijos a) Inter\u00e9s superior de los hijos en el \u00e1mbito legal de los efectos del divorcio b) Inter\u00e9s superior de los hijos en el \u00e1mbito convencional de los efectos del divorcio c) Inter\u00e9s superior de los hijos en el \u00e1mbito judicial de los efectos del divorcio 2.1.1. Apunte sobre el deber de o\u00edr a los hijos 2.2. Principio de protecci\u00f3n del inter\u00e9s superior del c\u00f3nyuge m\u00e1s d\u00e9bil 2.3. Principio de protecci\u00f3n del inter\u00e9s superior de la familia 3. Principio de mantenimiento de los deberes parentales 3.1. Corresponsabilidad parental 4. Principio de igualdad conyugal 5. Principio de interdependencia de la autonom\u00eda de la voluntad y la actuaci\u00f3n judicial 6. Principio de influencia de la culpabilidad conyugal 7. Principio de variabilidad de los efectos del divorcio CAP\u00cdTULO III EL CONVENIO REGULADOR DE LOS EFECTOS DEL DIVORCIO 1. Antecedentes del convenio regulador 2. Hacia un concepto de convenio regulador 3. Naturaleza jur\u00eddica del convenio regulador 4. \u00c1mbito del convenio regulador 4.1. Pactos prenupciales en previsi\u00f3n de ruptura 4.2. Los planes de parentalidad 5. Documentalidad del convenio regulador 6. Formaci\u00f3n y perfeccionamiento del convenio regulador 6.1. Autonom\u00eda privada 6.2. Actuaci\u00f3n judicial a) Aprobaci\u00f3n del convenio regulador b) Rechazo del convenio regulador c) Facultades extraordinarias del juez frente al convenio regulador 7. Condicionantes del convenio regulador 7.1. Completitud del convenio regulador 7.1.1. Contenido esencial 7.1.2. Contenido libremente pactado 7.2. Suficiencia del convenio regulador 8. Intangibilidad, modificaci\u00f3n y t\u00e9rmino del convenio 8.1. Intangibilidad del convenio regulador. 8.2. Modificaci\u00f3n del convenio regulador a) Extensi\u00f3n de la modificaci\u00f3n del convenio b) Mecanismos de modificaci\u00f3n del convenio c) Necesidad de aprobaci\u00f3n judicial de las modificaciones del convenio 8.3. Impugnaci\u00f3n del convenio regulador 8.4. T\u00e9rmino del convenio regulador 9. S\u00edntesis conclusiva CAP\u00cdTULO IV EFECTOS DEL DIVORCIO RESPECTO DE LOS EXC\u00d3NYUGES 1. Efectos propios, originarios de la sentencia 2. Efectos secundarios o derivados generales 2.1. Efectos generales en el \u00e1mbito personal 2.2. Efectos generales en el \u00e1mbito patrimonial 2.2.1. Divorcio y r\u00e9gimen de bienes 2.2.1.1. Cuestiones generales 2.2.1.2. Divorcio y liquidaci\u00f3n de la comunidad quedada a la disoluci\u00f3n de la sociedad conyuga 2.2.1.3. Divorcio y t\u00e9rmino del r\u00e9gimen de participaci\u00f3n en los gananciales 2.2.1.4. Divorcio y r\u00e9gimen de separaci\u00f3n de bienes 2.2.2. Efectos del divorcio en relaci\u00f3n con los alimentos entre c\u00f3nyuges 2.2.2.1. Breve referencia a los alimentos posdivorcio 2.2.3. Efectos del divorcio en los derechos sucesorios 2.2.4. Efectos del divorcio respecto de las donaciones 3. Efectos secundarios espec\u00edficos 3.1. El divorcio y los bienes familiares 3.1.1. Breves notas generales 3.1.2. Afectaci\u00f3n de bienes familiares frente al divorcio 3.1.3. Desafectaci\u00f3n de bienes familiares frente al divorcio 3.1.4. Criterios de afectaci\u00f3n y desafectaci\u00f3n en caso de divorcio 3.1.5. R\u00e9gimen de disposici\u00f3n de los bienes familiares 3.2. Divorcio culpable y responsabilidad civil CAP\u00cdTULO V LA COMPENSACI\u00d3N ECON\u00d3MICA 1. Algunas notas generales 2. Concepto de compensaci\u00f3n econ\u00f3mica 3. Naturaleza jur\u00eddica de la compensaci\u00f3n econ\u00f3mica 4. Configuraci\u00f3n legal de la compensaci\u00f3n econ\u00f3mica 4.1. El menoscabo econ\u00f3mico 4.2. La imposibilidad de desarrollo de actividad lucrativa o remunerada 4.3. La dedicaci\u00f3n al cuidado de los hijos y al hogar 5. Armonizaci\u00f3n de los art\u00edculos 61 y 62 de<\/p>\n","protected":false},"featured_media":3221,"comment_status":"open","ping_status":"closed","template":"","meta":{"inline_featured_image":false,"_joinchat":[]},"product_brand":[],"product_cat":[29,42],"product_tag":[],"class_list":{"0":"post-3164","1":"product","2":"type-product","3":"status-publish","4":"has-post-thumbnail","6":"product_cat-familia-y-del-menor","7":"product_cat-thomson-reuters","8":"product_shipping_class-a-convenir","10":"first","11":"instock","12":"shipping-taxable","13":"purchasable","14":"product-type-simple"},"_links":{"self":[{"href":"https:\/\/bibliotecajuridicavirtual.cl\/index.php\/wp-json\/wp\/v2\/product\/3164","targetHints":{"allow":["GET"]}}],"collection":[{"href":"https:\/\/bibliotecajuridicavirtual.cl\/index.php\/wp-json\/wp\/v2\/product"}],"about":[{"href":"https:\/\/bibliotecajuridicavirtual.cl\/index.php\/wp-json\/wp\/v2\/types\/product"}],"replies":[{"embeddable":true,"href":"https:\/\/bibliotecajuridicavirtual.cl\/index.php\/wp-json\/wp\/v2\/comments?post=3164"}],"wp:featuredmedia":[{"embeddable":true,"href":"https:\/\/bibliotecajuridicavirtual.cl\/index.php\/wp-json\/wp\/v2\/media\/3221"}],"wp:attachment":[{"href":"https:\/\/bibliotecajuridicavirtual.cl\/index.php\/wp-json\/wp\/v2\/media?parent=3164"}],"wp:term":[{"taxonomy":"product_brand","embeddable":true,"href":"https:\/\/bibliotecajuridicavirtual.cl\/index.php\/wp-json\/wp\/v2\/product_brand?post=3164"},{"taxonomy":"product_cat","embeddable":true,"href":"https:\/\/bibliotecajuridicavirtual.cl\/index.php\/wp-json\/wp\/v2\/product_cat?post=3164"},{"taxonomy":"product_tag","embeddable":true,"href":"https:\/\/bibliotecajuridicavirtual.cl\/index.php\/wp-json\/wp\/v2\/product_tag?post=3164"}],"curies":[{"name":"wp","href":"https:\/\/api.w.org\/{rel}","templated":true}]}}