{"id":3174,"date":"2026-02-28T01:10:13","date_gmt":"2026-02-28T04:10:13","guid":{"rendered":"https:\/\/bibliotecajuridicavirtual.cl\/?post_type=product&#038;p=3174"},"modified":"2026-02-28T01:10:41","modified_gmt":"2026-02-28T04:10:41","slug":"derecho-y-consumo-actualidad-y-perspectivas-ano-enero-2024-630-pag-autor-gabriel-hernandez-paulsen-jose-roa-ramirez-y-diego-martinez-santibanez","status":"publish","type":"product","link":"https:\/\/bibliotecajuridicavirtual.cl\/index.php\/product\/derecho-y-consumo-actualidad-y-perspectivas-ano-enero-2024-630-pag-autor-gabriel-hernandez-paulsen-jose-roa-ramirez-y-diego-martinez-santibanez\/","title":{"rendered":"Derecho y Consumo. Actualidad y Perspectivas. A\u00f1o Enero 2024\/630 P\u00e1g. Autor Gabriel Hern\u00e1ndez Paulsen ,Jos\u00e9 Roa Ram\u00edrez y Diego Mart\u00ednez Santib\u00e1\u00f1ez"},"content":{"rendered":"<p>Este libro colectivo est\u00e1 integrado por veintitr\u00e9s trabajos de destacados acad\u00e9micos, acad\u00e9micas y profesionales en los que se reflexiona acerca de t\u00f3picos de gran actualidad en el \u00e1mbito del derecho del consumo y que resultan especialmente relevantes en relaci\u00f3n con la tutela de los intereses de los consumidores. En particular, en la obra se abordan las siguientes tem\u00e1ticas: inteligencia artificial, protecci\u00f3n de datos personales, hipervulnerabilidad, publicidad, acciones colectivas, consumidores especiales (financiero e inmobiliario), contratos de consumo y protecci\u00f3n constitucional de los derechos de los consumidores.<\/p>\n<p>INDICE<br \/>\nTabla de contenidos<br \/>\nAutoras y autores\u00a0\u00a0 \u00a0\u00a0\u00a0 \u00a011<br \/>\nPresentaci\u00f3n\u00a0\u00a0 \u00a0\u00a0\u00a0 \u00a015<br \/>\nI. Inteligencia Artificial y consumo<br \/>\nInteligencia artificial y consumo: \u00bfDe qu\u00e9 debemos preocuparnos hoy?\u00a0\u00a0 \u00a0\u00a0\u00a0 \u00a021<br \/>\nMichelle Azuaje Pirela<br \/>\nInteligencia artificial y protecci\u00f3n de los datos personales de los consumidores en Chile\u00a0\u00a0 \u00a0\u00a0\u00a0 \u00a043<br \/>\nAlberto J. Cerda Silva<br \/>\nInteligencia artificial y protecci\u00f3n de los consumidores en Chile\u00a0\u00a0 \u00a0\u00a0\u00a0 \u00a069<br \/>\nJos\u00e9 S. Roa Ram\u00edrez<br \/>\nII. Protecci\u00f3n de datos personales de los consumidores<br \/>\nCambios en las pol\u00edticas de privacidad en la mensajer\u00eda en l\u00ednea: \u00bfusuarios, pero no consumidores?\u00a0\u00a0 \u00a0\u00a0\u00a0 \u00a0103<br \/>\nJuan Carlos Lara G\u00e1lvez<br \/>\nProtecci\u00f3n de datos en la relaci\u00f3n de consumo. Principio non bis in \u00eddem\u00a0\u00a0 \u00a0\u00a0\u00a0 \u00a0131<br \/>\nAstrid Schudeck D\u00edaz<br \/>\nLa protecci\u00f3n de datos como derecho fundamental y los datos personales como activo del patrimonio\u00a0\u00a0 \u00a0\u00a0\u00a0 \u00a0155<br \/>\nDanielle Zaror Miralles<br \/>\nPablo Trigo Kramcs\u00e1k<br \/>\nIII. Consumidores hipervulnerables<br \/>\nConstrucci\u00f3n, delimitaci\u00f3n y consecuencias jur\u00eddicas de la categor\u00eda de consumidor hipervulnerable en el derecho de consumo chileno\u00a0\u00a0 \u00a0\u00a0\u00a0 \u00a0189<br \/>\nSebasti\u00e1n Nicol\u00e1s Campos Micin<br \/>\nLa intervenci\u00f3n del menor en la relaci\u00f3n de consumo\u00a0\u00a0 \u00a0\u00a0\u00a0 \u00a0203<br \/>\nErika Isler Soto<br \/>\nEl consumidor vulnerable como nueva categor\u00eda\u00a0\u00a0 \u00a0\u00a0\u00a0 \u00a0219<br \/>\nMar\u00eda Jos\u00e9 Reyes L\u00f3pez<br \/>\nIV. Publicidad y consumo<br \/>\nPublicidad enga\u00f1osa: criterios judiciales que determinan su configuraci\u00f3n\u00a0\u00a0 \u00a0\u00a0\u00a0 \u00a0251<br \/>\nFelipe Fern\u00e1ndez Ortega<br \/>\nLa publicidad comercial dirigida al consumidor hipervulnerable: un diagn\u00f3stico desde el derecho chileno y desaf\u00edos pendientes\u00a0\u00a0 \u00a0\u00a0\u00a0 \u00a0277<br \/>\nPatricia Ver\u00f3nica L\u00f3pez D\u00edaz<br \/>\nLa publicidad comparativa de precios como conducta de competencia desleal\u00a0\u00a0 \u00a0\u00a0\u00a0 \u00a0305<br \/>\nFrancisco Ag\u00fcero Vargas<br \/>\nV. Acciones colectivas<br \/>\nAlgunos aspectos de la prueba en el procedimiento colectivo de consumidores y usuarios\u00a0\u00a0 \u00a0\u00a0\u00a0 \u00a0347<br \/>\nMaite Aguirrezabal Gr\u00fcnstein<br \/>\nIndemnizaci\u00f3n del da\u00f1o moral en acciones de inter\u00e9s colectivo o difuso. Consideraciones en torno a su acertada admisi\u00f3n y a su prueba y avaluaci\u00f3n\u00a0\u00a0 \u00a0\u00a0\u00a0 \u00a0369<br \/>\nMat\u00edas Ponce M\u00e1rquez<br \/>\nAcciones colectivas, da\u00f1o moral y da\u00f1o punitivo\u00a0\u00a0 \u00a0\u00a0\u00a0 \u00a0389<br \/>\nMauricio Tapia Rodr\u00edguez<br \/>\nVI. Consumidor financiero<br \/>\nPilares de la pol\u00edtica de protecci\u00f3n del consumidor en Chile\u00a0\u00a0 \u00a0\u00a0\u00a0 \u00a0413<br \/>\nLucas Del Villar Montt<br \/>\nLa posibilidad de \u201cliberarse\u201d de las deudas, una revisi\u00f3n general de las normas sobre pago anticipado y alzamiento de garant\u00edas\u00a0\u00a0 \u00a0\u00a0\u00a0 \u00a0441<br \/>\nJaime Gallegos Z\u00fa\u00f1iga<br \/>\nControles de forma y de fondo en los contratos con consumidores financieros\u00a0\u00a0 \u00a0\u00a0\u00a0 \u00a0461<br \/>\nGabriel Hern\u00e1ndez Paulsen<br \/>\nVII. Consumidor inmobiliario<br \/>\nProblemas derivados del incumplimiento en materia de consumo de viviendas con ocasi\u00f3n de la pandemia por COVID-19\u00a0\u00a0 \u00a0\u00a0\u00a0 \u00a0493<br \/>\nMacarena D\u00edaz de Vald\u00e9s Haase<br \/>\nEnajenante y adquirente en la segunda d\u00e9cada del siglo XXI entre las recientes intervenciones normativas\u00a0\u00a0 \u00a0\u00a0\u00a0 \u00a0517<br \/>\nLorenzo Mezzasoma<br \/>\nAcciones colectivas de responsabilidad civil en contratos que tienen por objeto inmuebles y la ley aplicable\u00a0\u00a0 \u00a0\u00a0\u00a0 \u00a0547<br \/>\nMarco Antonio Rosas Zambrano<br \/>\nVIII. Contratos de consumo<br \/>\nLos contratos de consumo como fen\u00f3meno jur\u00eddico particular\u00a0\u00a0 \u00a0\u00a0\u00a0 \u00a0571<br \/>\nNicol\u00e1s Rojas Covarrubias<br \/>\nIX. Consumidores y Constituci\u00f3n<br \/>\nLa protecci\u00f3n constitucional de los derechos de los consumidores\u00a0\u00a0 \u00a0\u00a0\u00a0 \u00a0599<br \/>\nJaime Lorenzini Barr\u00eda<\/p>\n","protected":false},"excerpt":{"rendered":"<p>Este libro colectivo est\u00e1 integrado por veintitr\u00e9s trabajos de destacados acad\u00e9micos, acad\u00e9micas y profesionales en los que se reflexiona acerca de t\u00f3picos de gran actualidad en el \u00e1mbito del derecho del consumo y que resultan especialmente relevantes en relaci\u00f3n con la tutela de los intereses de los consumidores. En particular, en la obra se abordan las siguientes tem\u00e1ticas: inteligencia artificial, protecci\u00f3n de datos personales, hipervulnerabilidad, publicidad, acciones colectivas, consumidores especiales (financiero e inmobiliario), contratos de consumo y protecci\u00f3n constitucional de los derechos de los consumidores. INDICE Tabla de contenidos Autoras y autores\u00a0\u00a0 \u00a0\u00a0\u00a0 \u00a011 Presentaci\u00f3n\u00a0\u00a0 \u00a0\u00a0\u00a0 \u00a015 I. Inteligencia Artificial y consumo Inteligencia artificial y consumo: \u00bfDe qu\u00e9 debemos preocuparnos hoy?\u00a0\u00a0 \u00a0\u00a0\u00a0 \u00a021 Michelle Azuaje Pirela Inteligencia artificial y protecci\u00f3n de los datos personales de los consumidores en Chile\u00a0\u00a0 \u00a0\u00a0\u00a0 \u00a043 Alberto J. Cerda Silva Inteligencia artificial y protecci\u00f3n de los consumidores en Chile\u00a0\u00a0 \u00a0\u00a0\u00a0 \u00a069 Jos\u00e9 S. Roa Ram\u00edrez II. Protecci\u00f3n de datos personales de los consumidores Cambios en las pol\u00edticas de privacidad en la mensajer\u00eda en l\u00ednea: \u00bfusuarios, pero no consumidores?\u00a0\u00a0 \u00a0\u00a0\u00a0 \u00a0103 Juan Carlos Lara G\u00e1lvez Protecci\u00f3n de datos en la relaci\u00f3n de consumo. Principio non bis in \u00eddem\u00a0\u00a0 \u00a0\u00a0\u00a0 \u00a0131 Astrid Schudeck D\u00edaz La protecci\u00f3n de datos como derecho fundamental y los datos personales como activo del patrimonio\u00a0\u00a0 \u00a0\u00a0\u00a0 \u00a0155 Danielle Zaror Miralles Pablo Trigo Kramcs\u00e1k III. Consumidores hipervulnerables Construcci\u00f3n, delimitaci\u00f3n y consecuencias jur\u00eddicas de la categor\u00eda de consumidor hipervulnerable en el derecho de consumo chileno\u00a0\u00a0 \u00a0\u00a0\u00a0 \u00a0189 Sebasti\u00e1n Nicol\u00e1s Campos Micin La intervenci\u00f3n del menor en la relaci\u00f3n de consumo\u00a0\u00a0 \u00a0\u00a0\u00a0 \u00a0203 Erika Isler Soto El consumidor vulnerable como nueva categor\u00eda\u00a0\u00a0 \u00a0\u00a0\u00a0 \u00a0219 Mar\u00eda Jos\u00e9 Reyes L\u00f3pez IV. Publicidad y consumo Publicidad enga\u00f1osa: criterios judiciales que determinan su configuraci\u00f3n\u00a0\u00a0 \u00a0\u00a0\u00a0 \u00a0251 Felipe Fern\u00e1ndez Ortega La publicidad comercial dirigida al consumidor hipervulnerable: un diagn\u00f3stico desde el derecho chileno y desaf\u00edos pendientes\u00a0\u00a0 \u00a0\u00a0\u00a0 \u00a0277 Patricia Ver\u00f3nica L\u00f3pez D\u00edaz La publicidad comparativa de precios como conducta de competencia desleal\u00a0\u00a0 \u00a0\u00a0\u00a0 \u00a0305 Francisco Ag\u00fcero Vargas V. Acciones colectivas Algunos aspectos de la prueba en el procedimiento colectivo de consumidores y usuarios\u00a0\u00a0 \u00a0\u00a0\u00a0 \u00a0347 Maite Aguirrezabal Gr\u00fcnstein Indemnizaci\u00f3n del da\u00f1o moral en acciones de inter\u00e9s colectivo o difuso. Consideraciones en torno a su acertada admisi\u00f3n y a su prueba y avaluaci\u00f3n\u00a0\u00a0 \u00a0\u00a0\u00a0 \u00a0369 Mat\u00edas Ponce M\u00e1rquez Acciones colectivas, da\u00f1o moral y da\u00f1o punitivo\u00a0\u00a0 \u00a0\u00a0\u00a0 \u00a0389 Mauricio Tapia Rodr\u00edguez VI. Consumidor financiero Pilares de la pol\u00edtica de protecci\u00f3n del consumidor en Chile\u00a0\u00a0 \u00a0\u00a0\u00a0 \u00a0413 Lucas Del Villar Montt La posibilidad de \u201cliberarse\u201d de las deudas, una revisi\u00f3n general de las normas sobre pago anticipado y alzamiento de garant\u00edas\u00a0\u00a0 \u00a0\u00a0\u00a0 \u00a0441 Jaime Gallegos Z\u00fa\u00f1iga Controles de forma y de fondo en los contratos con consumidores financieros\u00a0\u00a0 \u00a0\u00a0\u00a0 \u00a0461 Gabriel Hern\u00e1ndez Paulsen VII. Consumidor inmobiliario Problemas derivados del incumplimiento en materia de consumo de viviendas con ocasi\u00f3n de la pandemia por COVID-19\u00a0\u00a0 \u00a0\u00a0\u00a0 \u00a0493 Macarena D\u00edaz de Vald\u00e9s Haase Enajenante y adquirente en la segunda d\u00e9cada del siglo XXI entre las recientes intervenciones normativas\u00a0\u00a0 \u00a0\u00a0\u00a0 \u00a0517 Lorenzo Mezzasoma Acciones colectivas de responsabilidad civil en contratos que tienen por objeto inmuebles y la ley aplicable\u00a0\u00a0 \u00a0\u00a0\u00a0 \u00a0547 Marco Antonio Rosas Zambrano VIII. Contratos de consumo Los contratos de consumo como fen\u00f3meno jur\u00eddico particular\u00a0\u00a0 \u00a0\u00a0\u00a0 \u00a0571 Nicol\u00e1s Rojas Covarrubias IX. Consumidores y Constituci\u00f3n La protecci\u00f3n constitucional de los derechos de los consumidores\u00a0\u00a0 \u00a0\u00a0\u00a0 \u00a0599 Jaime Lorenzini Barr\u00eda<\/p>\n","protected":false},"featured_media":3222,"comment_status":"open","ping_status":"closed","template":"","meta":{"inline_featured_image":false,"_joinchat":[]},"product_brand":[],"product_cat":[27],"product_tag":[],"class_list":{"0":"post-3174","1":"product","2":"type-product","3":"status-publish","4":"has-post-thumbnail","6":"product_cat-civil","7":"product_shipping_class-a-convenir","9":"first","10":"instock","11":"shipping-taxable","12":"purchasable","13":"product-type-simple"},"_links":{"self":[{"href":"https:\/\/bibliotecajuridicavirtual.cl\/index.php\/wp-json\/wp\/v2\/product\/3174","targetHints":{"allow":["GET"]}}],"collection":[{"href":"https:\/\/bibliotecajuridicavirtual.cl\/index.php\/wp-json\/wp\/v2\/product"}],"about":[{"href":"https:\/\/bibliotecajuridicavirtual.cl\/index.php\/wp-json\/wp\/v2\/types\/product"}],"replies":[{"embeddable":true,"href":"https:\/\/bibliotecajuridicavirtual.cl\/index.php\/wp-json\/wp\/v2\/comments?post=3174"}],"wp:featuredmedia":[{"embeddable":true,"href":"https:\/\/bibliotecajuridicavirtual.cl\/index.php\/wp-json\/wp\/v2\/media\/3222"}],"wp:attachment":[{"href":"https:\/\/bibliotecajuridicavirtual.cl\/index.php\/wp-json\/wp\/v2\/media?parent=3174"}],"wp:term":[{"taxonomy":"product_brand","embeddable":true,"href":"https:\/\/bibliotecajuridicavirtual.cl\/index.php\/wp-json\/wp\/v2\/product_brand?post=3174"},{"taxonomy":"product_cat","embeddable":true,"href":"https:\/\/bibliotecajuridicavirtual.cl\/index.php\/wp-json\/wp\/v2\/product_cat?post=3174"},{"taxonomy":"product_tag","embeddable":true,"href":"https:\/\/bibliotecajuridicavirtual.cl\/index.php\/wp-json\/wp\/v2\/product_tag?post=3174"}],"curies":[{"name":"wp","href":"https:\/\/api.w.org\/{rel}","templated":true}]}}