{"id":3175,"date":"2026-02-28T01:10:13","date_gmt":"2026-02-28T04:10:13","guid":{"rendered":"https:\/\/bibliotecajuridicavirtual.cl\/?post_type=product&#038;p=3175"},"modified":"2026-02-28T01:10:42","modified_gmt":"2026-02-28T04:10:42","slug":"derecho-de-familia-septima-edicion-ano-2024-536-pag-autor-ruben-celis-rodriguez-eric-andres-chavez-chavez","status":"publish","type":"product","link":"https:\/\/bibliotecajuridicavirtual.cl\/index.php\/product\/derecho-de-familia-septima-edicion-ano-2024-536-pag-autor-ruben-celis-rodriguez-eric-andres-chavez-chavez\/","title":{"rendered":"Derecho de Familia, S\u00e9ptima Edici\u00f3n. A\u00f1o 2024\/ 536 P\u00e1g. Autor Rub\u00e9n Celis Rodr\u00edguez &#8211; Eric Andr\u00e9s Ch\u00e1vez Ch\u00e1vez"},"content":{"rendered":"<p style=\"font-weight: 400;\">En esta \u00faltima edici\u00f3n se agregaron las adecuaciones de la Ley de Matrimonio Igualitario y mayor\u00eda de edad como requisito esencial para la celebraci\u00f3n del matrimonio, con la finalidad que los usuarios puedan ver<\/p>\n<p style=\"font-weight: 400;\">satisfechas sus necesidades de estudio, tanto en el \u00e1mbito profesional como en el docente.<\/p>\n<p style=\"font-weight: 400;\">Por todo esto, los autores han estructurado la obra con la gran precisi\u00f3n que requiere esta materia civil, configur\u00e1ndose un todo cohesionado y dotado de un orden sistem\u00e1tico y coherente.<\/p>\n<p style=\"font-weight: 400;\">1\u00aa PARTE<\/p>\n<p style=\"font-weight: 400;\">EL MATRIMONIO<\/p>\n<p style=\"font-weight: 400;\">CAP\u00cdTULO I<\/p>\n<p style=\"font-weight: 400;\">GENERALIDADES<\/p>\n<p style=\"font-weight: 400;\">\u00bfQu\u00e9 es la familia?<\/p>\n<p style=\"font-weight: 400;\">CAP\u00cdTULO II<\/p>\n<p style=\"font-weight: 400;\">EL PARENTESCO<\/p>\n<p style=\"font-weight: 400;\">CAP\u00cdTULO III<\/p>\n<p style=\"font-weight: 400;\">LOS ESPONSALES<\/p>\n<p style=\"font-weight: 400;\">CAP\u00cdTULO IV<\/p>\n<p style=\"font-weight: 400;\">CONTRATO DE CORRETAJE MATRIMONIAL<\/p>\n<p style=\"font-weight: 400;\">CAP\u00cdTULO V<\/p>\n<p style=\"font-weight: 400;\">EL MATRIMONIO<\/p>\n<p style=\"font-weight: 400;\">Concepto<\/p>\n<p style=\"font-weight: 400;\">La historia del matrimonio en Chile<\/p>\n<p style=\"font-weight: 400;\">Condiciones de existencia y de validez del matrimonio<\/p>\n<p style=\"font-weight: 400;\">I.- Requisitos de existencia<\/p>\n<p style=\"font-weight: 400;\">II.- requisitos de validez del matrimonio<\/p>\n<p style=\"font-weight: 400;\">CAP\u00cdTULO VI<\/p>\n<p style=\"font-weight: 400;\">IMPEDIMENTOS PARA CONTRAER MATRIMONIO<\/p>\n<p style=\"font-weight: 400;\">I.- impedimentos absolutos<\/p>\n<p style=\"font-weight: 400;\">II.- Impedimentos relativos<\/p>\n<p style=\"font-weight: 400;\">Las prohibiciones o impedimentos impedientes<\/p>\n<p style=\"font-weight: 400;\">1.- La falta de consentimiento<\/p>\n<p style=\"font-weight: 400;\">2.- El impedimento de guarda<\/p>\n<p style=\"font-weight: 400;\">3.- Impedimento de segundas nupcias por falta de inventario Solemne de Bienes<\/p>\n<p style=\"font-weight: 400;\">III.- Cumplimiento de las solemnidades legales<\/p>\n<p style=\"font-weight: 400;\">i.- Solemnidades del matrimonio celebrado en Chile<\/p>\n<p style=\"font-weight: 400;\">1.- La manifestaci\u00f3n o comunicaci\u00f3n<\/p>\n<p style=\"font-weight: 400;\">2.- La informaci\u00f3n<\/p>\n<p style=\"font-weight: 400;\">3.- La celebraci\u00f3n del matrimonio<\/p>\n<p style=\"font-weight: 400;\">ii.- Solemnidad de los matrimonios celebrados en el extranjero<\/p>\n<p style=\"font-weight: 400;\">CAP\u00cdTULO VII<\/p>\n<p style=\"font-weight: 400;\">MATRIMONIO POR PODER<\/p>\n<p style=\"font-weight: 400;\">CAP\u00cdTULO VIII<\/p>\n<p style=\"font-weight: 400;\">MATRIMONIOS CELEBRADOS ANTE ENTIDADES RELIGIOSAS DE DERECHO P\u00daBLICO<\/p>\n<p style=\"font-weight: 400;\">CAP\u00cdTULO IX<\/p>\n<p style=\"font-weight: 400;\">LA SEPARACI\u00d3N DE LOS C\u00d3NYUGES<\/p>\n<p style=\"font-weight: 400;\">1.- La separaci\u00f3n de hecho<\/p>\n<p style=\"font-weight: 400;\">I.- Regulai\u00f3n de relaciones de c\u00f3nyuges entre s\u00ed<\/p>\n<p style=\"font-weight: 400;\">II.- Regulaci\u00f3n de relaciones de c\u00f3nyuges con los hijos<\/p>\n<p style=\"font-weight: 400;\">2.- La separaci\u00f3n judicial<\/p>\n<p style=\"font-weight: 400;\">CAP\u00cdTULO X<\/p>\n<p style=\"font-weight: 400;\">REANUDACI\u00d3N DE LA VIDA COM\u00daN<\/p>\n<p style=\"font-weight: 400;\">CAP\u00cdTULO XI<\/p>\n<p style=\"font-weight: 400;\">TERMINACI\u00d3N DEL MATRIMONIO<\/p>\n<p style=\"font-weight: 400;\">1.- Por muerte de uno de los c\u00f3nyuges<\/p>\n<p style=\"font-weight: 400;\">2.- Por la muerte presunta<\/p>\n<p style=\"font-weight: 400;\">3.- Comprobaci\u00f3n judicial de la muerte<\/p>\n<p style=\"font-weight: 400;\">4.- Por sentencia firme de nulidad<\/p>\n<p style=\"font-weight: 400;\">5.- Por sentencia de divorcio<\/p>\n<p style=\"font-weight: 400;\">6.- Por sentencia firme que acoge solicitud de rectificaci\u00f3n de sexo<\/p>\n<p style=\"font-weight: 400;\">\n<p style=\"font-weight: 400;\">CAP\u00cdTULO XII<\/p>\n<p style=\"font-weight: 400;\">DISOLUCI\u00d3N DE MATRIMONIOS CELEBRADOS EN EL EXTRANJERO<\/p>\n<p style=\"font-weight: 400;\">\n<p style=\"font-weight: 400;\">CAP\u00cdTULO XIII<\/p>\n<p style=\"font-weight: 400;\">EL MATRIMONIO PUTATIVO<\/p>\n<p style=\"font-weight: 400;\">\n<p style=\"font-weight: 400;\">CAP\u00cdTULO XIV<\/p>\n<p style=\"font-weight: 400;\">EL DIVORCIO<\/p>\n<p style=\"font-weight: 400;\">\n<p style=\"font-weight: 400;\">1.- Divorcio culpa<\/p>\n<p style=\"font-weight: 400;\">2.- Divorcio (Solicitud) de los c\u00f3nyuges de com\u00fan acuerdo<\/p>\n<p style=\"font-weight: 400;\">3.- Divorcio por transcurso del tiempo<\/p>\n<p style=\"font-weight: 400;\">Cl\u00e1usula de dureza<\/p>\n<p style=\"font-weight: 400;\">\n<p style=\"font-weight: 400;\">CAP\u00cdTULO XV<\/p>\n<p style=\"font-weight: 400;\">REGLAS COMUNES A CIERTOS CASOS DE SEPARACI\u00d3N, NULIDAD Y DIVORCIO<\/p>\n<p style=\"font-weight: 400;\">\n<p style=\"font-weight: 400;\">1.- De la compensaci\u00f3n econ\u00f3mica<\/p>\n<p style=\"font-weight: 400;\">2.- De la conciliaci\u00f3n<\/p>\n<p style=\"font-weight: 400;\">3.- De la mediaci\u00f3n<\/p>\n<p style=\"font-weight: 400;\">\n<p style=\"font-weight: 400;\">CAP\u00cdTULO XVI<\/p>\n<p style=\"font-weight: 400;\">DISPOSICIONES COMUNES A LOS JUICIOS DE SEPARACI\u00d3N, NULIDAD DE MATRIMONIO Y DIVORCIO<\/p>\n<p style=\"font-weight: 400;\">\n<p style=\"font-weight: 400;\">A.- Disposiciones generales<\/p>\n<p style=\"font-weight: 400;\">B.- Competencia y procedimiento<\/p>\n<p style=\"font-weight: 400;\">\n<p style=\"font-weight: 400;\">CAP\u00cdTULO XVII<\/p>\n<p style=\"font-weight: 400;\">LOS EFECTOS DEL MATRIMONIO<\/p>\n<p style=\"font-weight: 400;\">\n<p style=\"font-weight: 400;\">1.- Deber de fidelidad<\/p>\n<p style=\"font-weight: 400;\">2.- Deber de socorro<\/p>\n<p style=\"font-weight: 400;\">3.- Deber de ayuda mutua<\/p>\n<p style=\"font-weight: 400;\">4.- Deber de protecci\u00f3n<\/p>\n<p style=\"font-weight: 400;\">5.- Deber de vivir juntos o cohabitaci\u00f3n<\/p>\n<p style=\"font-weight: 400;\">6.- Deber de d\u00e9bito conyugal<\/p>\n<p style=\"font-weight: 400;\">\n<p style=\"font-weight: 400;\">CAP\u00cdTULO XVIII<\/p>\n<p style=\"font-weight: 400;\">LOS ALIMENTOS<\/p>\n<p style=\"font-weight: 400;\">\n<p style=\"font-weight: 400;\">CAP\u00cdTULO XIX<\/p>\n<p style=\"font-weight: 400;\">DISMINUCI\u00d3N, EXTINCI\u00d3N, AUMENTO Y SUSPENSI\u00d3N DE LA OBLIGACI\u00d3N ALIMENTICIA<\/p>\n<p style=\"font-weight: 400;\">\n<p style=\"font-weight: 400;\">\n<p style=\"font-weight: 400;\">2\u00aa PARTE<\/p>\n<p style=\"font-weight: 400;\">LAS UNIONES DE HECHO<\/p>\n<p style=\"font-weight: 400;\">\n<p style=\"font-weight: 400;\">CAP\u00cdTULO I<\/p>\n<p style=\"font-weight: 400;\">EL CONCUBINATO<\/p>\n<p style=\"font-weight: 400;\">\n<p style=\"font-weight: 400;\">CAP\u00cdTULO II<\/p>\n<p style=\"font-weight: 400;\">EFECTOS DEL CONCUBINATO<\/p>\n<p style=\"font-weight: 400;\">\n<p style=\"font-weight: 400;\">3\u00aa PARTE<\/p>\n<p style=\"font-weight: 400;\">ACUERDO DE UNI\u00d3N CIVIL<\/p>\n<p style=\"font-weight: 400;\">\n<p style=\"font-weight: 400;\">CAP\u00cdTULO I<\/p>\n<p style=\"font-weight: 400;\">ACUERDO DE UNI\u00d3N CIVIL Y DE LOS CONVIVIENTES CIVILES<\/p>\n<p style=\"font-weight: 400;\">\n<p style=\"font-weight: 400;\">CAP\u00cdTULO II<\/p>\n<p style=\"font-weight: 400;\">FORMALIDADES DE ACUERDO DE UNI\u00d3N CIVIL<\/p>\n<p style=\"font-weight: 400;\">\n<p style=\"font-weight: 400;\">CAP\u00cdTULO III<\/p>\n<p style=\"font-weight: 400;\">FORMALIDADES DEL ACUERDO DE UNI\u00d3N CIVIL<\/p>\n<p style=\"font-weight: 400;\">\n<p style=\"font-weight: 400;\">CAP\u00cdTULO IV<\/p>\n<p style=\"font-weight: 400;\">LOS EFECTOS DEL ACUERDO DE UNI\u00d3N CIVIL<\/p>\n<p style=\"font-weight: 400;\">\n<p style=\"font-weight: 400;\">CAP\u00cdTULO V<\/p>\n<p style=\"font-weight: 400;\">DISPOSICIONES PROCESALES GENERALES<\/p>\n<p style=\"font-weight: 400;\">\n<p style=\"font-weight: 400;\">CAP\u00cdTULO VI<\/p>\n<p style=\"font-weight: 400;\">T\u00c9RMINO DEL ACUERDO DE UNI\u00d3N CIVIL<\/p>\n<p style=\"font-weight: 400;\">\n<p style=\"font-weight: 400;\">CAP\u00cdTULO VII<\/p>\n<p style=\"font-weight: 400;\">COMPENSACI\u00d3N ECON\u00d3MICA<\/p>\n<p style=\"font-weight: 400;\">\n<p style=\"font-weight: 400;\">\n<p style=\"font-weight: 400;\">4\u00aa PARTE<\/p>\n<p style=\"font-weight: 400;\">LA FILIACI\u00d3N<\/p>\n<p style=\"font-weight: 400;\">\n<p style=\"font-weight: 400;\">CAP\u00cdTULO I<\/p>\n<p style=\"font-weight: 400;\">GENERALIDADES<\/p>\n<p style=\"font-weight: 400;\">\n<p style=\"font-weight: 400;\">CAP\u00cdTULO II<\/p>\n<p style=\"font-weight: 400;\">LA FILIACI\u00d3N MATRIMONIAL<\/p>\n<p style=\"font-weight: 400;\">\n<p style=\"font-weight: 400;\">i.- Filiaci\u00f3n propiamente tal<\/p>\n<p style=\"font-weight: 400;\">Elementos de la filiaci\u00f3n matrimonial<\/p>\n<p style=\"font-weight: 400;\">Impugnaci\u00f3n del estado del hijo matrimonial<\/p>\n<p style=\"font-weight: 400;\">Acci\u00f3n de reclamaci\u00f3n del estado de hijo matrimonial<\/p>\n<p style=\"font-weight: 400;\">\n<p style=\"font-weight: 400;\">ii.- Filiaci\u00f3n matrimonial por matrimonio posterior de los padres<\/p>\n<p style=\"font-weight: 400;\">Repudiaci\u00f3n del reconocimiento<\/p>\n<p style=\"font-weight: 400;\">\n<p style=\"font-weight: 400;\">CAP\u00cdTULO III<\/p>\n<p style=\"font-weight: 400;\">LA FILIACI\u00d3N NO MATRIMONIAL<\/p>\n<p style=\"font-weight: 400;\">\n<p style=\"font-weight: 400;\">1.- Voluntario<\/p>\n<p style=\"font-weight: 400;\">2.- Reconocimiento forzado<\/p>\n<p style=\"font-weight: 400;\">Acci\u00f3n de reclamaci\u00f3n de la filiaci\u00f3n no matrimonial<\/p>\n<p style=\"font-weight: 400;\">Impugnaci\u00f3n del reconocimiento<\/p>\n<p style=\"font-weight: 400;\">\n<p style=\"font-weight: 400;\">CAP\u00cdTULO IV<\/p>\n<p style=\"font-weight: 400;\">FILIACI\u00d3N EN EL CASO DE LA REPRODUCCI\u00d3N ASISTIDA<\/p>\n<p style=\"font-weight: 400;\">\n<p style=\"font-weight: 400;\">CAP\u00cdTULO V<\/p>\n<p style=\"font-weight: 400;\">FILIACI\u00d3N NO DETERMINADA<\/p>\n<p style=\"font-weight: 400;\">\n<p style=\"font-weight: 400;\">CAP\u00cdTULO VI<\/p>\n<p style=\"font-weight: 400;\">LA FILIACI\u00d3N ADOPTIVA<\/p>\n<p style=\"font-weight: 400;\">\n<p style=\"font-weight: 400;\">Los procedimientos de la adopci\u00f3n<\/p>\n<p style=\"font-weight: 400;\">Cuidado del menor<\/p>\n<p style=\"font-weight: 400;\">Alternativas que pueden presentarse<\/p>\n<p style=\"font-weight: 400;\">1.- Incapacidad de los padres<\/p>\n<p style=\"font-weight: 400;\">2.- Menor consangu\u00edneo<\/p>\n<p style=\"font-weight: 400;\">3.- Declaraci\u00f3n judicial<\/p>\n<p style=\"font-weight: 400;\">Procedimiento de adopci\u00f3n propiamente tal<\/p>\n<p style=\"font-weight: 400;\">I.- Constituci\u00f3n de la adopci\u00f3n por personas residentes en Chile<\/p>\n<p style=\"font-weight: 400;\">II.- Constituci\u00f3n de la adopci\u00f3n por personas no residentes en Chile<\/p>\n<p style=\"font-weight: 400;\">Normas comunes de procedimiento<\/p>\n<p style=\"font-weight: 400;\">I.- Normas aplicables a la adopci\u00f3n por personas residentes en Chile<\/p>\n<p style=\"font-weight: 400;\">II.- Normas aplicables a la adopci\u00f3n por personas no residentes en Chile<\/p>\n<p style=\"font-weight: 400;\">Efectos de la adopci\u00f3n<\/p>\n<p style=\"font-weight: 400;\">Irrevocabilidad de la adopci\u00f3n<\/p>\n<p style=\"font-weight: 400;\">Sanciones<\/p>\n<p style=\"font-weight: 400;\">\n<p style=\"font-weight: 400;\">CAP\u00cdTULO VII<\/p>\n<p style=\"font-weight: 400;\">LOS EFECTOS DE LA FILIACI\u00d3N<\/p>\n<p style=\"font-weight: 400;\">\n<p style=\"font-weight: 400;\">Deberes y derechos entre padres e hijos<\/p>\n<p style=\"font-weight: 400;\">I.- derechos de los hijos para con los padres<\/p>\n<p style=\"font-weight: 400;\">II.- derechos y deberes de los padres para con sus hijos<\/p>\n<p style=\"font-weight: 400;\">\n<p style=\"font-weight: 400;\">CAP\u00cdTULO VIII<\/p>\n<p style=\"font-weight: 400;\">LA PATRIA POTESTAD<\/p>\n<p style=\"font-weight: 400;\">\n<p style=\"font-weight: 400;\">Concepto<\/p>\n<p style=\"font-weight: 400;\">1.- Derecho legal de goce de los bienes del hijo<\/p>\n<p style=\"font-weight: 400;\">2.- derecho de administrar los bienes del hijo<\/p>\n<p style=\"font-weight: 400;\">3.- Derecho de representar al menor<\/p>\n<p style=\"font-weight: 400;\">Suspensi\u00f3n de la patria potestad<\/p>\n<p style=\"font-weight: 400;\">\n<p style=\"font-weight: 400;\">CAP\u00cdTULO IX<\/p>\n<p style=\"font-weight: 400;\">LA EMANCIPACI\u00d3N<\/p>\n<p style=\"font-weight: 400;\">\n<p style=\"font-weight: 400;\">Concepto<\/p>\n<p style=\"font-weight: 400;\">Clasificaci\u00f3n de la emancipaci\u00f3n<\/p>\n<p style=\"font-weight: 400;\">\n<p style=\"font-weight: 400;\">CAP\u00cdTULO X<\/p>\n<p style=\"font-weight: 400;\">EL ESTADO CIVIL<\/p>\n<p style=\"font-weight: 400;\">\n<p style=\"font-weight: 400;\">Concepto<\/p>\n<p style=\"font-weight: 400;\">Reglas que rigen la prueba del estado civil<\/p>\n<p style=\"font-weight: 400;\">1.- Partidas<\/p>\n<p style=\"font-weight: 400;\">A.- Registro de Nacimiento<\/p>\n<p style=\"font-weight: 400;\">B.- Registro de matrimonios<\/p>\n<p style=\"font-weight: 400;\">C.- Registro de defunciones<\/p>\n<p style=\"font-weight: 400;\">D.- Registro Catastro Nacional Especial de Mortinatos<\/p>\n<p style=\"font-weight: 400;\">2.- Otros documentos aut\u00e9nticos<\/p>\n<p style=\"font-weight: 400;\">3.- Fallo judicial que determine la filiaci\u00f3n<\/p>\n<p style=\"font-weight: 400;\">4.- La prueba mediante testigos presenciales<\/p>\n<p style=\"font-weight: 400;\">5.- La prueba mediante la posesi\u00f3n notoria<\/p>\n<p style=\"font-weight: 400;\">\n<p style=\"font-weight: 400;\">5\u00aa PARTE<\/p>\n<p style=\"font-weight: 400;\">LAS GUARDAS<\/p>\n<p style=\"font-weight: 400;\">\n<p style=\"font-weight: 400;\">CAP\u00cdTULO I<\/p>\n<p style=\"font-weight: 400;\">GENERALIDADES<\/p>\n<p style=\"font-weight: 400;\">\n<p style=\"font-weight: 400;\">CAP\u00cdTULO II<\/p>\n<p style=\"font-weight: 400;\">LA GUARDA TESTAMENTARIA<\/p>\n<p style=\"font-weight: 400;\">\n<p style=\"font-weight: 400;\">CAP\u00cdTULO III<\/p>\n<p style=\"font-weight: 400;\">LA GUARDA LEG\u00cdTIMA<\/p>\n<p style=\"font-weight: 400;\">\n<p style=\"font-weight: 400;\">CAP\u00cdTULO IV<\/p>\n","protected":false},"excerpt":{"rendered":"<p>En esta \u00faltima edici\u00f3n se agregaron las adecuaciones de la Ley de Matrimonio Igualitario y mayor\u00eda de edad como requisito esencial para la celebraci\u00f3n del matrimonio, con la finalidad que los usuarios puedan ver satisfechas sus necesidades de estudio, tanto en el \u00e1mbito profesional como en el docente. Por todo esto, los autores han estructurado la obra con la gran precisi\u00f3n que requiere esta materia civil, configur\u00e1ndose un todo cohesionado y dotado de un orden sistem\u00e1tico y coherente. 1\u00aa PARTE EL MATRIMONIO CAP\u00cdTULO I GENERALIDADES \u00bfQu\u00e9 es la familia? CAP\u00cdTULO II EL PARENTESCO CAP\u00cdTULO III LOS ESPONSALES CAP\u00cdTULO IV CONTRATO DE CORRETAJE MATRIMONIAL CAP\u00cdTULO V EL MATRIMONIO Concepto La historia del matrimonio en Chile Condiciones de existencia y de validez del matrimonio I.- Requisitos de existencia II.- requisitos de validez del matrimonio CAP\u00cdTULO VI IMPEDIMENTOS PARA CONTRAER MATRIMONIO I.- impedimentos absolutos II.- Impedimentos relativos Las prohibiciones o impedimentos impedientes 1.- La falta de consentimiento 2.- El impedimento de guarda 3.- Impedimento de segundas nupcias por falta de inventario Solemne de Bienes III.- Cumplimiento de las solemnidades legales i.- Solemnidades del matrimonio celebrado en Chile 1.- La manifestaci\u00f3n o comunicaci\u00f3n 2.- La informaci\u00f3n 3.- La celebraci\u00f3n del matrimonio ii.- Solemnidad de los matrimonios celebrados en el extranjero CAP\u00cdTULO VII MATRIMONIO POR PODER CAP\u00cdTULO VIII MATRIMONIOS CELEBRADOS ANTE ENTIDADES RELIGIOSAS DE DERECHO P\u00daBLICO CAP\u00cdTULO IX LA SEPARACI\u00d3N DE LOS C\u00d3NYUGES 1.- La separaci\u00f3n de hecho I.- Regulai\u00f3n de relaciones de c\u00f3nyuges entre s\u00ed II.- Regulaci\u00f3n de relaciones de c\u00f3nyuges con los hijos 2.- La separaci\u00f3n judicial CAP\u00cdTULO X REANUDACI\u00d3N DE LA VIDA COM\u00daN CAP\u00cdTULO XI TERMINACI\u00d3N DEL MATRIMONIO 1.- Por muerte de uno de los c\u00f3nyuges 2.- Por la muerte presunta 3.- Comprobaci\u00f3n judicial de la muerte 4.- Por sentencia firme de nulidad 5.- Por sentencia de divorcio 6.- Por sentencia firme que acoge solicitud de rectificaci\u00f3n de sexo CAP\u00cdTULO XII DISOLUCI\u00d3N DE MATRIMONIOS CELEBRADOS EN EL EXTRANJERO CAP\u00cdTULO XIII EL MATRIMONIO PUTATIVO CAP\u00cdTULO XIV EL DIVORCIO 1.- Divorcio culpa 2.- Divorcio (Solicitud) de los c\u00f3nyuges de com\u00fan acuerdo 3.- Divorcio por transcurso del tiempo Cl\u00e1usula de dureza CAP\u00cdTULO XV REGLAS COMUNES A CIERTOS CASOS DE SEPARACI\u00d3N, NULIDAD Y DIVORCIO 1.- De la compensaci\u00f3n econ\u00f3mica 2.- De la conciliaci\u00f3n 3.- De la mediaci\u00f3n CAP\u00cdTULO XVI DISPOSICIONES COMUNES A LOS JUICIOS DE SEPARACI\u00d3N, NULIDAD DE MATRIMONIO Y DIVORCIO A.- Disposiciones generales B.- Competencia y procedimiento CAP\u00cdTULO XVII LOS EFECTOS DEL MATRIMONIO 1.- Deber de fidelidad 2.- Deber de socorro 3.- Deber de ayuda mutua 4.- Deber de protecci\u00f3n 5.- Deber de vivir juntos o cohabitaci\u00f3n 6.- Deber de d\u00e9bito conyugal CAP\u00cdTULO XVIII LOS ALIMENTOS CAP\u00cdTULO XIX DISMINUCI\u00d3N, EXTINCI\u00d3N, AUMENTO Y SUSPENSI\u00d3N DE LA OBLIGACI\u00d3N ALIMENTICIA 2\u00aa PARTE LAS UNIONES DE HECHO CAP\u00cdTULO I EL CONCUBINATO CAP\u00cdTULO II EFECTOS DEL CONCUBINATO 3\u00aa PARTE ACUERDO DE UNI\u00d3N CIVIL CAP\u00cdTULO I ACUERDO DE UNI\u00d3N CIVIL Y DE LOS CONVIVIENTES CIVILES CAP\u00cdTULO II FORMALIDADES DE ACUERDO DE UNI\u00d3N CIVIL CAP\u00cdTULO III FORMALIDADES DEL ACUERDO DE UNI\u00d3N CIVIL CAP\u00cdTULO IV LOS EFECTOS DEL ACUERDO DE UNI\u00d3N CIVIL CAP\u00cdTULO V DISPOSICIONES PROCESALES GENERALES CAP\u00cdTULO VI T\u00c9RMINO DEL ACUERDO DE UNI\u00d3N CIVIL CAP\u00cdTULO VII COMPENSACI\u00d3N ECON\u00d3MICA 4\u00aa PARTE LA FILIACI\u00d3N CAP\u00cdTULO I GENERALIDADES CAP\u00cdTULO II LA FILIACI\u00d3N MATRIMONIAL i.- Filiaci\u00f3n propiamente tal Elementos de la filiaci\u00f3n matrimonial Impugnaci\u00f3n del estado del hijo matrimonial Acci\u00f3n de reclamaci\u00f3n del estado de hijo matrimonial ii.- Filiaci\u00f3n matrimonial por matrimonio posterior de los padres Repudiaci\u00f3n del reconocimiento CAP\u00cdTULO III LA FILIACI\u00d3N NO MATRIMONIAL 1.- Voluntario 2.- Reconocimiento forzado Acci\u00f3n de reclamaci\u00f3n de la filiaci\u00f3n no matrimonial Impugnaci\u00f3n del reconocimiento CAP\u00cdTULO IV FILIACI\u00d3N EN EL CASO DE LA REPRODUCCI\u00d3N ASISTIDA CAP\u00cdTULO V FILIACI\u00d3N NO DETERMINADA CAP\u00cdTULO VI LA FILIACI\u00d3N ADOPTIVA Los procedimientos de la adopci\u00f3n Cuidado del menor Alternativas que pueden presentarse 1.- Incapacidad de los padres 2.- Menor consangu\u00edneo 3.- Declaraci\u00f3n judicial Procedimiento de adopci\u00f3n propiamente tal I.- Constituci\u00f3n de la adopci\u00f3n por personas residentes en Chile II.- Constituci\u00f3n de la adopci\u00f3n por personas no residentes en Chile Normas comunes de procedimiento I.- Normas aplicables a la adopci\u00f3n por personas residentes en Chile II.- Normas aplicables a la adopci\u00f3n por personas no residentes en Chile Efectos de la adopci\u00f3n Irrevocabilidad de la adopci\u00f3n Sanciones CAP\u00cdTULO VII LOS EFECTOS DE LA FILIACI\u00d3N Deberes y derechos entre padres e hijos I.- derechos de los hijos para con los padres II.- derechos y deberes de los padres para con sus hijos CAP\u00cdTULO VIII LA PATRIA POTESTAD Concepto 1.- Derecho legal de goce de los bienes del hijo 2.- derecho de administrar los bienes del hijo 3.- Derecho de representar al menor Suspensi\u00f3n de la patria potestad CAP\u00cdTULO IX LA EMANCIPACI\u00d3N Concepto Clasificaci\u00f3n de la emancipaci\u00f3n CAP\u00cdTULO X EL ESTADO CIVIL Concepto Reglas que rigen la prueba del estado civil 1.- Partidas A.- Registro de Nacimiento B.- Registro de matrimonios C.- Registro de defunciones D.- Registro Catastro Nacional Especial de Mortinatos 2.- Otros documentos aut\u00e9nticos 3.- Fallo judicial que determine la filiaci\u00f3n 4.- La prueba mediante testigos presenciales 5.- La prueba mediante la posesi\u00f3n notoria 5\u00aa PARTE LAS GUARDAS CAP\u00cdTULO I GENERALIDADES CAP\u00cdTULO II LA GUARDA TESTAMENTARIA CAP\u00cdTULO III LA GUARDA LEG\u00cdTIMA CAP\u00cdTULO IV<\/p>\n","protected":false},"featured_media":3223,"comment_status":"open","ping_status":"closed","template":"","meta":{"inline_featured_image":false,"_joinchat":[]},"product_brand":[],"product_cat":[59,29],"product_tag":[],"class_list":{"0":"post-3175","1":"product","2":"type-product","3":"status-publish","4":"has-post-thumbnail","6":"product_cat-editorial-tofulex-ediciones-juridicas","7":"product_cat-familia-y-del-menor","8":"product_shipping_class-a-convenir","10":"first","11":"instock","12":"shipping-taxable","13":"purchasable","14":"product-type-simple"},"_links":{"self":[{"href":"https:\/\/bibliotecajuridicavirtual.cl\/index.php\/wp-json\/wp\/v2\/product\/3175","targetHints":{"allow":["GET"]}}],"collection":[{"href":"https:\/\/bibliotecajuridicavirtual.cl\/index.php\/wp-json\/wp\/v2\/product"}],"about":[{"href":"https:\/\/bibliotecajuridicavirtual.cl\/index.php\/wp-json\/wp\/v2\/types\/product"}],"replies":[{"embeddable":true,"href":"https:\/\/bibliotecajuridicavirtual.cl\/index.php\/wp-json\/wp\/v2\/comments?post=3175"}],"wp:featuredmedia":[{"embeddable":true,"href":"https:\/\/bibliotecajuridicavirtual.cl\/index.php\/wp-json\/wp\/v2\/media\/3223"}],"wp:attachment":[{"href":"https:\/\/bibliotecajuridicavirtual.cl\/index.php\/wp-json\/wp\/v2\/media?parent=3175"}],"wp:term":[{"taxonomy":"product_brand","embeddable":true,"href":"https:\/\/bibliotecajuridicavirtual.cl\/index.php\/wp-json\/wp\/v2\/product_brand?post=3175"},{"taxonomy":"product_cat","embeddable":true,"href":"https:\/\/bibliotecajuridicavirtual.cl\/index.php\/wp-json\/wp\/v2\/product_cat?post=3175"},{"taxonomy":"product_tag","embeddable":true,"href":"https:\/\/bibliotecajuridicavirtual.cl\/index.php\/wp-json\/wp\/v2\/product_tag?post=3175"}],"curies":[{"name":"wp","href":"https:\/\/api.w.org\/{rel}","templated":true}]}}