{"id":3179,"date":"2026-02-28T01:10:13","date_gmt":"2026-02-28T04:10:13","guid":{"rendered":"https:\/\/bibliotecajuridicavirtual.cl\/?post_type=product&#038;p=3179"},"modified":"2026-02-28T01:10:47","modified_gmt":"2026-02-28T04:10:47","slug":"derecho-de-proteccion-de-consumidores-principio-pro-consumidor-y-extension-de-su-proteccion-ano-diciembre-2023-812-pag-autor-mauricio-tapia-r","status":"publish","type":"product","link":"https:\/\/bibliotecajuridicavirtual.cl\/index.php\/product\/derecho-de-proteccion-de-consumidores-principio-pro-consumidor-y-extension-de-su-proteccion-ano-diciembre-2023-812-pag-autor-mauricio-tapia-r\/","title":{"rendered":"Derecho de Protecci\u00f3n de Consumidores &#8211; Principio Pro Consumidor y Extensi\u00f3n de su Protecci\u00f3n. A\u00f1o Diciembre 2023\/812 P\u00e1g. Autor Mauricio Tapia. R."},"content":{"rendered":"<p>En este libro se analiza el principio pro-consumidor y la extensi\u00f3n de la aplicaci\u00f3n de la Ley N\u00b019.496 de 1997, sobre protecci\u00f3n de los derechos de los consumidores, analizando las modificaciones legislativas de los \u00faltimos a\u00f1os en la materia. El objetivo de la obra es poder identificar los principales espacios de desprotecci\u00f3n a que ha dado lugar la regulaci\u00f3n nacional en la aplicaci\u00f3n de la Ley del Consumidor. Se sugieren igualmente por el autor algunas interpretaciones a la luz del principio pro-consumidores y adaptaciones de lege ferenda que puedan mejorar la protecci\u00f3n y certeza jur\u00eddica y, en definitiva, que contribuyan a reducir el desequilibrio que enfrentan los consumidores con los proveedores, como consecuencia de la asimetr\u00eda de informaci\u00f3n y del desequilibrado poder de negociaci\u00f3n.<\/p>\n<p>Para este an\u00e1lisis se revisan regulaciones de derecho comparado, junto a iniciativas chilenas que han intentado resolver algunos de estos vac\u00edos e imperfecciones normativas.<\/p>\n<p>Adicionalmente, el autor intentar\u00e1 demostrar la innecesaria y confusa regulaci\u00f3n del \u00e1mbito de aplicaci\u00f3n de la Ley del Consumidor, que constituye una negativa originalidad del derecho chileno y que lo hace apartarse del concierto internacional.<\/p>\n<p>Algunas secciones del libro se sustentan en investigaciones anteriores del autor, revisadas y complementadas: principio pro-consumidor e interpretaci\u00f3n en favor del consumidor; revisi\u00f3n cr\u00edtica del \u00e1mbito de aplicaci\u00f3n de la Ley del Consumidor; contrato por adhesi\u00f3n; orden p\u00fablico de protecci\u00f3n de consumidores; dignidad humana y da\u00f1o moral colectivo; contratos de consumo y consecuencias de la pandemia. Se incluyen nuevas reflexiones, profundizando el an\u00e1lisis de temas relevantes, adicionando jurisprudencia y doctrina, as\u00ed como temas de actualidad.<\/p>\n","protected":false},"excerpt":{"rendered":"<p>En este libro se analiza el principio pro-consumidor y la extensi\u00f3n de la aplicaci\u00f3n de la Ley N\u00b019.496 de 1997, sobre protecci\u00f3n de los derechos de los consumidores, analizando las modificaciones legislativas de los \u00faltimos a\u00f1os en la materia. El objetivo de la obra es poder identificar los principales espacios de desprotecci\u00f3n a que ha dado lugar la regulaci\u00f3n nacional en la aplicaci\u00f3n de la Ley del Consumidor. Se sugieren igualmente por el autor algunas interpretaciones a la luz del principio pro-consumidores y adaptaciones de lege ferenda que puedan mejorar la protecci\u00f3n y certeza jur\u00eddica y, en definitiva, que contribuyan a reducir el desequilibrio que enfrentan los consumidores con los proveedores, como consecuencia de la asimetr\u00eda de informaci\u00f3n y del desequilibrado poder de negociaci\u00f3n. Para este an\u00e1lisis se revisan regulaciones de derecho comparado, junto a iniciativas chilenas que han intentado resolver algunos de estos vac\u00edos e imperfecciones normativas. Adicionalmente, el autor intentar\u00e1 demostrar la innecesaria y confusa regulaci\u00f3n del \u00e1mbito de aplicaci\u00f3n de la Ley del Consumidor, que constituye una negativa originalidad del derecho chileno y que lo hace apartarse del concierto internacional. Algunas secciones del libro se sustentan en investigaciones anteriores del autor, revisadas y complementadas: principio pro-consumidor e interpretaci\u00f3n en favor del consumidor; revisi\u00f3n cr\u00edtica del \u00e1mbito de aplicaci\u00f3n de la Ley del Consumidor; contrato por adhesi\u00f3n; orden p\u00fablico de protecci\u00f3n de consumidores; dignidad humana y da\u00f1o moral colectivo; contratos de consumo y consecuencias de la pandemia. Se incluyen nuevas reflexiones, profundizando el an\u00e1lisis de temas relevantes, adicionando jurisprudencia y doctrina, as\u00ed como temas de actualidad.<\/p>\n","protected":false},"featured_media":3227,"comment_status":"open","ping_status":"closed","template":"","meta":{"inline_featured_image":false,"_joinchat":[]},"product_brand":[],"product_cat":[27,58],"product_tag":[],"class_list":{"0":"post-3179","1":"product","2":"type-product","3":"status-publish","4":"has-post-thumbnail","6":"product_cat-civil","7":"product_cat-editorial-rubicon","8":"product_shipping_class-a-convenir","10":"first","11":"instock","12":"shipping-taxable","13":"purchasable","14":"product-type-simple"},"_links":{"self":[{"href":"https:\/\/bibliotecajuridicavirtual.cl\/index.php\/wp-json\/wp\/v2\/product\/3179","targetHints":{"allow":["GET"]}}],"collection":[{"href":"https:\/\/bibliotecajuridicavirtual.cl\/index.php\/wp-json\/wp\/v2\/product"}],"about":[{"href":"https:\/\/bibliotecajuridicavirtual.cl\/index.php\/wp-json\/wp\/v2\/types\/product"}],"replies":[{"embeddable":true,"href":"https:\/\/bibliotecajuridicavirtual.cl\/index.php\/wp-json\/wp\/v2\/comments?post=3179"}],"wp:featuredmedia":[{"embeddable":true,"href":"https:\/\/bibliotecajuridicavirtual.cl\/index.php\/wp-json\/wp\/v2\/media\/3227"}],"wp:attachment":[{"href":"https:\/\/bibliotecajuridicavirtual.cl\/index.php\/wp-json\/wp\/v2\/media?parent=3179"}],"wp:term":[{"taxonomy":"product_brand","embeddable":true,"href":"https:\/\/bibliotecajuridicavirtual.cl\/index.php\/wp-json\/wp\/v2\/product_brand?post=3179"},{"taxonomy":"product_cat","embeddable":true,"href":"https:\/\/bibliotecajuridicavirtual.cl\/index.php\/wp-json\/wp\/v2\/product_cat?post=3179"},{"taxonomy":"product_tag","embeddable":true,"href":"https:\/\/bibliotecajuridicavirtual.cl\/index.php\/wp-json\/wp\/v2\/product_tag?post=3179"}],"curies":[{"name":"wp","href":"https:\/\/api.w.org\/{rel}","templated":true}]}}