{"id":3201,"date":"2026-02-28T01:10:36","date_gmt":"2026-02-28T04:10:36","guid":{"rendered":"https:\/\/bibliotecajuridicavirtual.cl\/?post_type=product&#038;p=3201"},"modified":"2026-02-28T01:10:56","modified_gmt":"2026-02-28T04:10:56","slug":"estudios-sobre-propiedad-intelectual-nuevas-tecnologias-y-cosas-incorporales-miradas-desde-distintas-ramas-del-derecho-ano-enero-2024-677-pag-autor-christian-schmitz-vaccaro","status":"publish","type":"product","link":"https:\/\/bibliotecajuridicavirtual.cl\/index.php\/product\/estudios-sobre-propiedad-intelectual-nuevas-tecnologias-y-cosas-incorporales-miradas-desde-distintas-ramas-del-derecho-ano-enero-2024-677-pag-autor-christian-schmitz-vaccaro\/","title":{"rendered":"Estudios sobre Propiedad Intelectual, Nuevas Tecnolog\u00edas y Cosas Incorporales. Miradas desde distintas Ramas del Derecho. A\u00f1o Enero 2024\/677 P\u00e1g. Autor Christian Schmitz Vaccaro"},"content":{"rendered":"<p>La presente obra colectiva \u00a0coeditada por la Facultad de Derecho de la Universidad Cat\u00f3lica de la Sant\u00edsima Concepci\u00f3n, Chile \u00a0da cuenta de cambios jur\u00eddicos y tecnol\u00f3gicos en el mundo actual, y de la evoluci\u00f3n de la siempre interesante interacci\u00f3n entre Derecho y tecnolog\u00eda. El Derecho regula los avances tecnol\u00f3gicos, pero tambi\u00e9n se vale de ellos.<br \/>\nCon distintas miradas \u00a0desde el Derecho de propiedad intelectual, Derecho del trabajo, Derecho civil, Derecho administrativo y Derecho procesal \u00a0se analizan los fen\u00f3menos sociales y culturales asociados a los progresos de la tecnolog\u00eda y al auge de las cosas incorporales, bienes inmateriales y activos intangibles.<\/p>\n<p>\u00cdndice<\/p>\n<p>Presentaci\u00f3n\u00a0\u00a0 \u00a013<br \/>\nChristian Schmitz Vaccaro<\/p>\n<p>PRIMERA PARTE<br \/>\nDERECHO DE LA PROPIEDAD INTELECTUAL Y NUEVAS TECNOLOG\u00cdAS<\/p>\n<p>Cap\u00edtulo 1<br \/>\nEl derecho de la propiedad intelectual frente a los desaf\u00edos y progresos tecnol\u00f3gicos\u00a0\u00a0 \u00a019<br \/>\nDiego Jos\u00e9 Acu\u00f1a Dom\u00ednguez<\/p>\n<p>Cap\u00edtulo 2<br \/>\nPanorama general de los smart contracts o contratos inteligentes\u00a0\u00a0 \u00a071<br \/>\nGonzalo Montory Barriga<\/p>\n<p>Cap\u00edtulo 3<br \/>\nInformaci\u00f3n y conocimientos, la base de la Propiedad Intelectual y de los Activos Intangibles\u00a0\u00a0 \u00a099<br \/>\nChristian Schmitz Vaccaro<\/p>\n<p>Cap\u00edtulo 4<br \/>\nLa legitimaci\u00f3n post mortem en el ejercicio del derecho moral del autor en la Ley de Propiedad Intelectual Espa\u00f1ola\u00a0\u00a0 \u00a0173<br \/>\nEsther Algarra Prats<\/p>\n<p>SEGUNDA PARTE<br \/>\nDERECHO DEL TRABAJO Y NUEVAS TECNOLOG\u00cdAS<\/p>\n<p>Cap\u00edtulo 5<br \/>\n\u00bfTiene responsabilidad un empleador por un accidente del trabajo provocado por una inteligencia artificial?\u00a0\u00a0 \u00a0227<br \/>\nJos\u00e9 Antonio Santander Gidi<\/p>\n<p>Cap\u00edtulo 6<br \/>\nFiscalizaci\u00f3n del empleador a trav\u00e9s de medios tecnol\u00f3gicos y ponderaci\u00f3n de derechos fundamentales\u00a0\u00a0 \u00a0265<br \/>\nYenny Pinto Sarmiento<\/p>\n<p>Cap\u00edtulo 7<br \/>\nDerecho a descanso y a desconexi\u00f3n en tiempos de hiperconexi\u00f3n: una mirada conjunta desde la salud mental y el Derecho del trabajo chileno\u00a0\u00a0 \u00a0315<br \/>\nAndr\u00e9s Varela Fleckenstein<br \/>\nLeonardo Rosel Barbieri<br \/>\nDiego Barttlet Gonz\u00e1lez<\/p>\n<p>Cap\u00edtulo 8<br \/>\nCiberviolencia en el trabajo por raz\u00f3n de g\u00e9nero. El aporte del Convenio n\u00b0 190 OIT\u00a0\u00a0 \u00a0395<br \/>\nFernando Monsalve Basaul<\/p>\n<p>TERCERA PARTE<br \/>\nDERECHO CIVIL Y COSAS INCORPORALES<\/p>\n<p>Cap\u00edtulo 9<br \/>\nAlgunas reflexiones sobre la tradici\u00f3n de las cosas incorporales y su relaci\u00f3n con los productos del intelecto\u00a0\u00a0 \u00a0461<br \/>\nCristian Aedo Barrena<\/p>\n<p>Cap\u00edtulo 10<br \/>\nLa protecci\u00f3n de la propiedad incorporal mediante acciones restitutorias y su confusi\u00f3n con las acciones indemnizatorias. Un problema de t\u00e9cnica legislativa\u00a0\u00a0 \u00a0497<br \/>\nCarlos C\u00e9spedes Mu\u00f1oz<\/p>\n<p>Cap\u00edtulo 11<br \/>\nLa obligacion civil. Dudas y certezas que presenta este bien incorporal\u00a0\u00a0 \u00a0539<br \/>\nRodrigo Fuentes Gu\u00ed\u00f1ez<\/p>\n<p>CUARTA PARTE<br \/>\nDERECHO ADMINISTRATIVO Y NUEVAS TECNOLOG\u00cdAS<\/p>\n<p>Cap\u00edtulo 12<br \/>\nInteroperabilidad: nueva forma de relaci\u00f3n interadministrativa\u00a0\u00a0 \u00a0585<br \/>\nValeska Opazo de la Fuente<\/p>\n<p>QUINTA PARTE<br \/>\nDERECHO PROCESAL Y NUEVAS TECNOLOG\u00cdAS<\/p>\n<p>Cap\u00edtulo 13<br \/>\nDe Luces y Sombras. Problemas Procesales de la Ley N\u00b0 20.009 sobre fraude en transacciones electr\u00f3nicas\u00a0\u00a0 \u00a0625<br \/>\nRam\u00f3n Garc\u00eda Odgers<\/p>\n","protected":false},"excerpt":{"rendered":"<p>La presente obra colectiva \u00a0coeditada por la Facultad de Derecho de la Universidad Cat\u00f3lica de la Sant\u00edsima Concepci\u00f3n, Chile \u00a0da cuenta de cambios jur\u00eddicos y tecnol\u00f3gicos en el mundo actual, y de la evoluci\u00f3n de la siempre interesante interacci\u00f3n entre Derecho y tecnolog\u00eda. El Derecho regula los avances tecnol\u00f3gicos, pero tambi\u00e9n se vale de ellos. Con distintas miradas \u00a0desde el Derecho de propiedad intelectual, Derecho del trabajo, Derecho civil, Derecho administrativo y Derecho procesal \u00a0se analizan los fen\u00f3menos sociales y culturales asociados a los progresos de la tecnolog\u00eda y al auge de las cosas incorporales, bienes inmateriales y activos intangibles. \u00cdndice Presentaci\u00f3n\u00a0\u00a0 \u00a013 Christian Schmitz Vaccaro PRIMERA PARTE DERECHO DE LA PROPIEDAD INTELECTUAL Y NUEVAS TECNOLOG\u00cdAS Cap\u00edtulo 1 El derecho de la propiedad intelectual frente a los desaf\u00edos y progresos tecnol\u00f3gicos\u00a0\u00a0 \u00a019 Diego Jos\u00e9 Acu\u00f1a Dom\u00ednguez Cap\u00edtulo 2 Panorama general de los smart contracts o contratos inteligentes\u00a0\u00a0 \u00a071 Gonzalo Montory Barriga Cap\u00edtulo 3 Informaci\u00f3n y conocimientos, la base de la Propiedad Intelectual y de los Activos Intangibles\u00a0\u00a0 \u00a099 Christian Schmitz Vaccaro Cap\u00edtulo 4 La legitimaci\u00f3n post mortem en el ejercicio del derecho moral del autor en la Ley de Propiedad Intelectual Espa\u00f1ola\u00a0\u00a0 \u00a0173 Esther Algarra Prats SEGUNDA PARTE DERECHO DEL TRABAJO Y NUEVAS TECNOLOG\u00cdAS Cap\u00edtulo 5 \u00bfTiene responsabilidad un empleador por un accidente del trabajo provocado por una inteligencia artificial?\u00a0\u00a0 \u00a0227 Jos\u00e9 Antonio Santander Gidi Cap\u00edtulo 6 Fiscalizaci\u00f3n del empleador a trav\u00e9s de medios tecnol\u00f3gicos y ponderaci\u00f3n de derechos fundamentales\u00a0\u00a0 \u00a0265 Yenny Pinto Sarmiento Cap\u00edtulo 7 Derecho a descanso y a desconexi\u00f3n en tiempos de hiperconexi\u00f3n: una mirada conjunta desde la salud mental y el Derecho del trabajo chileno\u00a0\u00a0 \u00a0315 Andr\u00e9s Varela Fleckenstein Leonardo Rosel Barbieri Diego Barttlet Gonz\u00e1lez Cap\u00edtulo 8 Ciberviolencia en el trabajo por raz\u00f3n de g\u00e9nero. El aporte del Convenio n\u00b0 190 OIT\u00a0\u00a0 \u00a0395 Fernando Monsalve Basaul TERCERA PARTE DERECHO CIVIL Y COSAS INCORPORALES Cap\u00edtulo 9 Algunas reflexiones sobre la tradici\u00f3n de las cosas incorporales y su relaci\u00f3n con los productos del intelecto\u00a0\u00a0 \u00a0461 Cristian Aedo Barrena Cap\u00edtulo 10 La protecci\u00f3n de la propiedad incorporal mediante acciones restitutorias y su confusi\u00f3n con las acciones indemnizatorias. Un problema de t\u00e9cnica legislativa\u00a0\u00a0 \u00a0497 Carlos C\u00e9spedes Mu\u00f1oz Cap\u00edtulo 11 La obligacion civil. Dudas y certezas que presenta este bien incorporal\u00a0\u00a0 \u00a0539 Rodrigo Fuentes Gu\u00ed\u00f1ez CUARTA PARTE DERECHO ADMINISTRATIVO Y NUEVAS TECNOLOG\u00cdAS Cap\u00edtulo 12 Interoperabilidad: nueva forma de relaci\u00f3n interadministrativa\u00a0\u00a0 \u00a0585 Valeska Opazo de la Fuente QUINTA PARTE DERECHO PROCESAL Y NUEVAS TECNOLOG\u00cdAS Cap\u00edtulo 13 De Luces y Sombras. Problemas Procesales de la Ley N\u00b0 20.009 sobre fraude en transacciones electr\u00f3nicas\u00a0\u00a0 \u00a0625 Ram\u00f3n Garc\u00eda Odgers<\/p>\n","protected":false},"featured_media":3231,"comment_status":"open","ping_status":"closed","template":"","meta":{"inline_featured_image":false,"_joinchat":[]},"product_brand":[],"product_cat":[27],"product_tag":[],"class_list":{"0":"post-3201","1":"product","2":"type-product","3":"status-publish","4":"has-post-thumbnail","6":"product_cat-civil","7":"product_shipping_class-a-convenir","9":"first","10":"instock","11":"shipping-taxable","12":"purchasable","13":"product-type-simple"},"_links":{"self":[{"href":"https:\/\/bibliotecajuridicavirtual.cl\/index.php\/wp-json\/wp\/v2\/product\/3201","targetHints":{"allow":["GET"]}}],"collection":[{"href":"https:\/\/bibliotecajuridicavirtual.cl\/index.php\/wp-json\/wp\/v2\/product"}],"about":[{"href":"https:\/\/bibliotecajuridicavirtual.cl\/index.php\/wp-json\/wp\/v2\/types\/product"}],"replies":[{"embeddable":true,"href":"https:\/\/bibliotecajuridicavirtual.cl\/index.php\/wp-json\/wp\/v2\/comments?post=3201"}],"wp:featuredmedia":[{"embeddable":true,"href":"https:\/\/bibliotecajuridicavirtual.cl\/index.php\/wp-json\/wp\/v2\/media\/3231"}],"wp:attachment":[{"href":"https:\/\/bibliotecajuridicavirtual.cl\/index.php\/wp-json\/wp\/v2\/media?parent=3201"}],"wp:term":[{"taxonomy":"product_brand","embeddable":true,"href":"https:\/\/bibliotecajuridicavirtual.cl\/index.php\/wp-json\/wp\/v2\/product_brand?post=3201"},{"taxonomy":"product_cat","embeddable":true,"href":"https:\/\/bibliotecajuridicavirtual.cl\/index.php\/wp-json\/wp\/v2\/product_cat?post=3201"},{"taxonomy":"product_tag","embeddable":true,"href":"https:\/\/bibliotecajuridicavirtual.cl\/index.php\/wp-json\/wp\/v2\/product_tag?post=3201"}],"curies":[{"name":"wp","href":"https:\/\/api.w.org\/{rel}","templated":true}]}}