{"id":3203,"date":"2026-02-28T01:10:36","date_gmt":"2026-02-28T04:10:36","guid":{"rendered":"https:\/\/bibliotecajuridicavirtual.cl\/?post_type=product&#038;p=3203"},"modified":"2026-02-28T01:10:58","modified_gmt":"2026-02-28T04:10:58","slug":"codigo-de-procedimiento-civil-de-chile-5ta-edicion-con-apendice-legislativo-indices-tematico-y-analitico-enero-ano-2026-390-pag","status":"publish","type":"product","link":"https:\/\/bibliotecajuridicavirtual.cl\/index.php\/product\/codigo-de-procedimiento-civil-de-chile-5ta-edicion-con-apendice-legislativo-indices-tematico-y-analitico-enero-ano-2026-390-pag\/","title":{"rendered":"C\u00f3digo de Procedimiento Civil de Chile 5ta. Edici\u00f3n con Ap\u00e9ndice Legislativo. \u00cdndices Tem\u00e1tico y Anal\u00edtico. Enero A\u00f1o 2026 \/ 390 P\u00e1g."},"content":{"rendered":"<p><b>\u00cdNDICE EN PREPARACI\u00d3N A LAS MODIFICACIONES DEL A\u00d1O FEBRERO 2026<\/b><\/p>\n<p>5\u00aa Edici\u00f3n con ap\u00e9ndice legislativo.<\/p>\n<p>\u00cdndices tem\u00e1tico y anal\u00edtico<\/p>\n<p>Texto a dos colores indicando los \u00faltimos cambios legislativos<\/p>\n<p>Con t\u00edtulos de art\u00edculos.<\/p>\n<p>Incluye las modificaciones introducidas por las Leyes N\u00ba 21.325, 21.379, 21.389, 21.394, 21.461, 21.484 y 21.526<\/p>\n<p>Incluye:<br \/>\nLey N\u00ba 18.120. Establece normas sobre comparecencia en juicio y modifica los art\u00edculos 4\u00ba del C\u00f3digo de Procedimiento Civil y 523 del C\u00f3digo Org\u00e1nico de Tribunales<br \/>\nLey N\u00ba 14.908. Sobre abandono de familia y pago de pensiones alimenticias<br \/>\nDecreto N\u00ba 23. Promulga convenci\u00f3n sobre la obtenci\u00f3n de alimentos en el extranjero<br \/>\nTexto refundido del auto acordado sobre tramitaci\u00f3n y fallo del recurso de protecci\u00f3n de las garant\u00edas constitucionales<br \/>\nAuto acordado de la Corte Suprema sobre la forma de las sentencias<br \/>\nAuto acordado de la Corte Suprema sobre vista de la causa<br \/>\nLey N\u00ba 18.101. Fija normas especiales sobre arrendamiento de predios urbanos<br \/>\nLey n\u00fam. 20.886. Modifica el C\u00f3digo de Procedimiento Civil, para establecer la tramitaci\u00f3n digital de los procedimientos judiciales<br \/>\nLey n\u00fam. 21.226. Establece un r\u00e9gimen jur\u00eddico de excepci\u00f3n para los procesos judiciales, en las audiencias y actuaciones judiciales, y para los plazos y ejercicio de las acciones que indica, por el impacto de la enfermedad COVID-19 en Chile<br \/>\nAuto Acordado sobre remates judiciales por v\u00eda remota<br \/>\nReglamento sobre el otorgamiento de escrituras p\u00fablicas por medios electr\u00f3nicos<\/p>\n<p>\u00cdndice<br \/>\nIntroducci\u00f3n\u00a0\u00a0 \u00a0\u00a0\u00a0 \u00a013<br \/>\nMENSAJE DEL C\u00d3DIGO DE PROCEDIMIENTO CIVIL\u00a0\u00a0 \u00a0\u00a0\u00a0 \u00a017<br \/>\nMENSAJE CON QUE S. E. EL PRESIDENTE DE LA REP\u00daBLICA ACOMPA\u00d1\u00d3 AL CONGRESO NACIONAL EL PROYECTO DE LEY SOBRE MODIFICACIONES AL C\u00d3DIGO DE PROCEDIMIENTO CIVIL\u00a0\u00a0 \u00a0\u00a0\u00a0 \u00a027<br \/>\nLEY N\u00ba 1.552<br \/>\nAPRUEBA C\u00d3DIGO DE. PROCEDIMIENTO CIVIL<br \/>\nART\u00cdCULOS TRANSITORIOS\u00a0\u00a0 \u00a0\u00a0\u00a0 \u00a032<br \/>\nLIBRO PRIMERO<br \/>\nDISPOSICIONES COMUNES A TODO PROCEDIMIENTO<br \/>\nT\u00cdTULO I. REGLAS GENERALES\u00a0\u00a0 \u00a0\u00a0\u00a0 \u00a035<br \/>\nT\u00cdTULO II. DE LA COMPARECENCIA EN JUICIO\u00a0\u00a0 \u00a0\u00a0\u00a0 \u00a036<br \/>\nT\u00cdTULO III. DE LA PLURALIDAD DE ACCIONES O DE PARTES\u00a0\u00a0 \u00a0\u00a0\u00a0 \u00a039<br \/>\nT\u00cdTULO IV. DE LAS CARGAS PECUNIARIAS A QUE EST\u00c1N SUJETOS LOS LITIGANTES\u00a0\u00a0 \u00a0\u00a0\u00a0 \u00a041<br \/>\nT\u00cdTULO V. DE LA FORMACI\u00d3N DEL PROCESO, DE SU CUSTODIA Y DE SU COMUNICACI\u00d3N A LAS PARTES\u00a0\u00a0 \u00a0\u00a0\u00a0 \u00a041<br \/>\nT\u00cdTULO VI. DE LAS NOTIFICACIONES\u00a0\u00a0 \u00a0\u00a0\u00a0 \u00a044<br \/>\nT\u00cdTULO VII. DE LAS ACTUACIONES JUDICIALES\u00a0\u00a0 \u00a0\u00a0\u00a0 \u00a051<br \/>\nT\u00cdTULO VII BIS. DE LA COMPARECENCIA VOLUNTARIA EN AUDIENCIAS POR MEDIOS REMOTOS \u00a0\u00a0 \u00a0\u00a0\u00a0 \u00a055<br \/>\nT\u00cdTULO VIII. DE LAS REBELD\u00cdAS\u00a0\u00a0 \u00a0\u00a0\u00a0 \u00a057<br \/>\nT\u00cdTULO IX. DE LOS INCIDENTES\u00a0\u00a0 \u00a0\u00a0\u00a0 \u00a058<br \/>\nT\u00cdTULO X. DE LA ACUMULACI\u00d3N DE AUTOS\u00a0\u00a0 \u00a0\u00a0\u00a0 \u00a061<br \/>\nT\u00cdTULO XI. DE LAS CUESTIONES DE COMPETENCIA\u00a0\u00a0 \u00a0\u00a0\u00a0 \u00a063<br \/>\nT\u00cdTULO XII. DE LAS IMPLICANCIAS Y RECUSACIONES\u00a0\u00a0 \u00a0\u00a0\u00a0 \u00a065<br \/>\nT\u00cdTULO XIII. DEL PRIVILEGIO DE POBREZA\u00a0\u00a0 \u00a0\u00a0\u00a0 \u00a069<br \/>\nT\u00cdTULO XIV. DE LAS COSTAS\u00a0\u00a0 \u00a0\u00a0\u00a0 \u00a071<br \/>\nT\u00cdTULO XV. DEL DESISTIMIENTO DE LA DEMANDA\u00a0\u00a0 \u00a0\u00a0\u00a0 \u00a073<br \/>\nT\u00cdTULO XVI. DEL ABANDONO DEL PROCEDIMIENTO\u00a0\u00a0 \u00a0\u00a0\u00a0 \u00a074<br \/>\nT\u00cdTULO XVII. DE LAS RESOLUCIONES JUDICIALES\u00a0\u00a0 \u00a0\u00a0\u00a0 \u00a075<br \/>\nT\u00cdTULO XVIII. DE LA APELACI\u00d3N\u00a0\u00a0 \u00a0\u00a0\u00a0 \u00a084<br \/>\nT\u00cdTULO XIX. DE LA EJECUCI\u00d3N DE LAS RESOLUCIONES\u00a0\u00a0 \u00a0\u00a0\u00a0 \u00a096<br \/>\n1. De las resoluciones pronunciadas por tribunales chilenos\u00a0\u00a0 \u00a0\u00a0\u00a0 \u00a096<br \/>\n2. De las resoluciones pronunciadas por tribunales extranjeros\u00a0\u00a0 \u00a0\u00a0\u00a0 \u00a0100<br \/>\nT\u00cdTULO XX. DE LAS MULTAS\u00a0\u00a0 \u00a0\u00a0\u00a0 \u00a0102<br \/>\nLIBRO SEGUNDO<br \/>\nDEL JUICIO ORDINARIO<br \/>\nT\u00cdTULO I. DE LA DEMANDA\u00a0\u00a0 \u00a0\u00a0\u00a0 \u00a0105<br \/>\nT\u00cdTULO II. DE LA CONCILIACI\u00d3N\u00a0\u00a0 \u00a0\u00a0\u00a0 \u00a0107<br \/>\nT\u00cdTULO III. DE LA JACTANCIA\u00a0\u00a0 \u00a0\u00a0\u00a0 \u00a0108<br \/>\nT\u00cdTULO IV. DE LAS MEDIDAS PREJUDICIALES\u00a0\u00a0 \u00a0\u00a0\u00a0 \u00a0109<br \/>\nT\u00cdTULO V. DE LAS MEDIDAS PRECAUTORIAS\u00a0\u00a0 \u00a0\u00a0\u00a0 \u00a0113<br \/>\nT\u00cdTULO VI. DE LAS EXCEPCIONES DILATORIAS\u00a0\u00a0 \u00a0\u00a0\u00a0 \u00a0116<br \/>\nT\u00cdTULO VII. DE LA CONTESTACI\u00d3N Y DEM\u00c1S TR\u00c1MITES HASTA EL ESTADO DE PRUEBA O DE SENTENCIA\u00a0\u00a0 \u00a0\u00a0\u00a0 \u00a0117<br \/>\nT\u00cdTULO VIII. DE LA RECONVENCI\u00d3N\u00a0\u00a0 \u00a0\u00a0\u00a0 \u00a0118<br \/>\nT\u00cdTULO IX. DE LA PRUEBA EN GENERAL\u00a0\u00a0 \u00a0\u00a0\u00a0 \u00a0119<br \/>\nT\u00cdTULO X. DEL T\u00c9RMINO PROBATORIO\u00a0\u00a0 \u00a0\u00a0\u00a0 \u00a0121<br \/>\nT\u00cdTULO XI. DE LOS MEDIOS DE PRUEBA EN PARTICULAR\u00a0\u00a0 \u00a0\u00a0\u00a0 \u00a0125<br \/>\n1. Disposiciones generales\u00a0\u00a0 \u00a0\u00a0\u00a0 \u00a0125<br \/>\n2. De los instrumentos\u00a0\u00a0 \u00a0\u00a0\u00a0 \u00a0125<br \/>\n3. De los testigos y de las tachas\u00a0\u00a0 \u00a0\u00a0\u00a0 \u00a0130<br \/>\n4. De la confesi\u00f3n en juicio\u00a0\u00a0 \u00a0\u00a0\u00a0 \u00a0138<br \/>\n5. De la inspecci\u00f3n personal del tribunal\u00a0\u00a0 \u00a0\u00a0\u00a0 \u00a0143<br \/>\n6. Del informe de peritos\u00a0\u00a0 \u00a0\u00a0\u00a0 \u00a0144<br \/>\n7. De las presunciones\u00a0\u00a0 \u00a0\u00a0\u00a0 \u00a0148<br \/>\n8. De la apreciaci\u00f3n comparativa de los medios de prueba\u00a0\u00a0 \u00a0\u00a0\u00a0 \u00a0148<br \/>\nT\u00cdTULO XII. DE LOS PROCEDIMIENTOS POSTERIORES A LA PRUEBA\u00a0\u00a0 \u00a0\u00a0\u00a0 \u00a0149<br \/>\nLIBRO TERCERO<br \/>\nDE LOS JUICIOS ESPECIALES<br \/>\nT\u00cdTULO I. DEL JUICIO EJECUTIVO EN LAS OBLIGACIONES DE DAR\u00a0\u00a0 \u00a0\u00a0\u00a0 \u00a0151<br \/>\n1. Del procedimiento ejecutivo\u00a0\u00a0 \u00a0\u00a0\u00a0 \u00a0151<br \/>\n2. De la administraci\u00f3n de los bienes embargados y del procedimiento de apremio\u00a0\u00a0 \u00a0\u00a0\u00a0 \u00a0164<br \/>\n3. De las tercer\u00edas\u00a0\u00a0 \u00a0\u00a0\u00a0 \u00a0174<br \/>\nT\u00cdTULO II. DEL PROCEDIMIENTO EJECUTIVO EN LAS OBLIGACIONES DE HACER Y DE NO HACER\u00a0\u00a0 \u00a0\u00a0\u00a0 \u00a0177<br \/>\nT\u00cdTULO III. DE LOS EFECTOS DEL DERECHO LEGAL DE RETENCI\u00d3N\u00a0\u00a0 \u00a0\u00a0\u00a0 \u00a0180<br \/>\nT\u00cdTULO IV. DE LOS INTERDICTOS\u00a0\u00a0 \u00a0\u00a0\u00a0 \u00a0180<br \/>\n1. Definiciones y reglas generales\u00a0\u00a0 \u00a0\u00a0\u00a0 \u00a0180<br \/>\n2. De las querellas posesorias en particular\u00a0\u00a0 \u00a0\u00a0\u00a0 \u00a0181<br \/>\n3. De la denuncia de obra nueva\u00a0\u00a0 \u00a0\u00a0\u00a0 \u00a0184<br \/>\n4. De la denuncia de obra ruinosa\u00a0\u00a0 \u00a0\u00a0\u00a0 \u00a0185<br \/>\n5. De los interdictos especiales\u00a0\u00a0 \u00a0\u00a0\u00a0 \u00a0187<br \/>\n6. Disposiciones comunes a los dos p\u00e1rrafos precedentes\u00a0\u00a0 \u00a0\u00a0\u00a0 \u00a0188<br \/>\nT\u00cdTULO V. DE LA CITACI\u00d3N DE EVICCI\u00d3N\u00a0\u00a0 \u00a0\u00a0\u00a0 \u00a0188<br \/>\nT\u00cdTULO VI. DE LOS JUICIOS ESPECIALES DEL CONTRATO DE ARRENDAMIENTO\u00a0\u00a0 \u00a0\u00a0\u00a0 \u00a0189<br \/>\n1. Del desahucio, del lanzamiento y de la retenci\u00f3n\u00a0\u00a0 \u00a0\u00a0\u00a0 \u00a0189<br \/>\n2. De la terminaci\u00f3n inmediata del arrendamiento\u00a0\u00a0 \u00a0\u00a0\u00a0 \u00a0193<br \/>\n3. Disposiciones comunes a los dos p\u00e1rrafos precedentes\u00a0\u00a0 \u00a0\u00a0\u00a0 \u00a0194<br \/>\nT\u00cdTULO VII. DE LOS JUICIOS SOBRE CONSENTIMIENTO PARA EL MATRIMONIO\u00a0\u00a0 \u00a0\u00a0\u00a0 \u00a0195<br \/>\nT\u00cdTULO VIII. DEL JUICIO ARBITRAL\u00a0\u00a0 \u00a0\u00a0\u00a0 \u00a0195<br \/>\n1. Del juicio seguido ante \u00e1rbitros de derecho\u00a0\u00a0 \u00a0\u00a0\u00a0 \u00a0195<br \/>\n2. Del juicio seguido ante arbitradores\u00a0\u00a0 \u00a0\u00a0\u00a0 \u00a0197<br \/>\n3. Disposici\u00f3n com\u00fan a los dos p\u00e1rrafos precedentes\u00a0\u00a0 \u00a0\u00a0\u00a0 \u00a0199<br \/>\nT\u00cdTULO IX. DE LOS JUICIOS SOBRE PARTICI\u00d3N DE BIENES\u00a0\u00a0 \u00a0\u00a0\u00a0 \u00a0199<br \/>\nT\u00cdTULO X. DE LOS JUICIOS SOBRE DISTRIBUCI\u00d3N DE AGUAS\u00a0\u00a0 \u00a0\u00a0\u00a0 \u00a0204<br \/>\nT\u00cdTULO XI. DEL PROCEDIMIENTO SUMARIO\u00a0\u00a0 \u00a0\u00a0\u00a0 \u00a0205<br \/>\nT\u00cdTULO XII. JUICIOS SOBRE CUENTAS\u00a0\u00a0 \u00a0\u00a0\u00a0 \u00a0208<br \/>\nT\u00cdTULO XIII. DE LOS JUICIOS SOBRE PAGO DE CIERTOS HONORARIOS\u00a0\u00a0 \u00a0\u00a0\u00a0 \u00a0209<br \/>\nT\u00cdTULO XIV. DE LOS JUICIOS DE MENOR Y DE M\u00cdNIMA CUANT\u00cdA\u00a0\u00a0 \u00a0\u00a0\u00a0 \u00a0209<br \/>\n1. De los juicios de menor cuant\u00eda\u00a0\u00a0 \u00a0\u00a0\u00a0 \u00a0209<br \/>\n2. De los juicios de m\u00ednima cuant\u00eda\u00a0\u00a0 \u00a0\u00a0\u00a0 \u00a0211<br \/>\nT\u00cdTULO XV. DEL JUICIO SOBRE ARREGLO DE LA AVER\u00cdA COM\u00daN\u00a0\u00a0 \u00a0\u00a0\u00a0 \u00a0220<br \/>\nT\u00cdTULO XVI. DE LOS JUICIOS DE HACIENDA\u00a0\u00a0 \u00a0\u00a0\u00a0 \u00a0220<br \/>\nT\u00cdTULO XVII. DE LOS JUICIOS DE NULIDAD DE MATRIMONIO Y DE DIVORCIO\u00a0\u00a0 \u00a0\u00a0\u00a0 \u00a0222<br \/>\nT\u00cdTULO XVIII. DE LA ACCI\u00d3N DE DESPOSEIMIENTO CONTRA TERCEROS POSEEDORES DE LA FINCA HIPOTECADA O ACENSUADA\u00a0\u00a0 \u00a0\u00a0\u00a0 \u00a0222<br \/>\nT\u00cdTULO XIX. DEL RECURSO DE CASACI\u00d3N\u00a0\u00a0 \u00a0\u00a0\u00a0 \u00a0224<br \/>\n1. Disposiciones generales\u00a0\u00a0 \u00a0\u00a0\u00a0 \u00a0224<br \/>\n2. Disposiciones especiales del recurso de casaci\u00f3n contra sentencias pronunciadas en juicios de m\u00ednima cuant\u00eda\u00a0\u00a0 \u00a0\u00a0\u00a0 \u00a0231<br \/>\n3. Disposiciones especiales de los recursos de casaci\u00f3n contra sentencias pronunciadas en primera o en \u00fanica instancia en juicios de mayor o de menor cuant\u00eda y en juicios especiales\u00a0\u00a0 \u00a0\u00a0\u00a0 \u00a0232<br \/>\n4. Disposiciones especiales de los recursos de casaci\u00f3n contra sentencias pronunciadas en segunda instancia en juicios de mayor o de menor cuant\u00eda y en juicios especiales\u00a0\u00a0 \u00a0\u00a0\u00a0 \u00a0233<br \/>\nT\u00cdTULO XX. DEL RECURSO DE REVISI\u00d3N\u00a0\u00a0 \u00a0\u00a0\u00a0 \u00a0235<br \/>\nLIBRO CUARTO<br \/>\nDE LOS ACTOS JUDICIALES NO CONTENCIOSOS<br \/>\nT\u00cdTULO I. DISPOSICIONES GENERALES\u00a0\u00a0 \u00a0\u00a0\u00a0 \u00a0239<br \/>\nT\u00cdTULO II. DE LA HABILITACI\u00d3N PARA COMPARECER EN JUICIO\u00a0\u00a0 \u00a0\u00a0\u00a0 \u00a0241<br \/>\nT\u00cdTULO III. DE LA AUTORIZACI\u00d3N JUDICIAL PARA REPUDIAR LA LEGITIMACI\u00d3N DE UN INTERDICTO\u00a0\u00a0 \u00a0\u00a0\u00a0 \u00a0242<br \/>\nT\u00cdTULO IV. DE LA EMANCIPACI\u00d3N VOLUNTARIA\u00a0\u00a0 \u00a0\u00a0\u00a0 \u00a0242<br \/>\nT\u00cdTULO V. DE LA AUTORIZACI\u00d3N JUDICIAL PARA REPUDIAR EL RECONOCIMIENTO DE UN INTERDICTO COMO HIJO NATURAL\u00a0\u00a0 \u00a0\u00a0\u00a0 \u00a0243<br \/>\nT\u00cdTULO VI. DEL NOMBRAMIENTO DE TUTORES Y CURADORES Y DEL DISCERNIMIENTO DE ESTOS CARGOS\u00a0\u00a0 \u00a0\u00a0\u00a0 \u00a0243<br \/>\n1. Del nombramiento de tutores y curadores\u00a0\u00a0 \u00a0\u00a0\u00a0 \u00a0243<br \/>\n2. Del discernimiento de la tutela o curadur\u00eda\u00a0\u00a0 \u00a0\u00a0\u00a0 \u00a0246<br \/>\nT\u00cdTULO VII. DEL INVENTARIO SOLEMNE\u00a0\u00a0 \u00a0\u00a0\u00a0 \u00a0247<br \/>\nT\u00cdTULO VIII. DE LOS PROCEDIMIENTOS A QUE DA LUGAR LA SUCESI\u00d3N POR CAUSA DE MUERTE\u00a0\u00a0 \u00a0\u00a0\u00a0 \u00a0249<br \/>\n1. De los procedimientos especiales de la sucesi\u00f3n testamentaria\u00a0\u00a0 \u00a0\u00a0\u00a0 \u00a0249<br \/>\n2. De la guarda de los muebles y papeles de la sucesi\u00f3n\u00a0\u00a0 \u00a0\u00a0\u00a0 \u00a0250<br \/>\n3. De la daci\u00f3n de la posesi\u00f3n efectiva de la herencia\u00a0\u00a0 \u00a0\u00a0\u00a0 \u00a0251<br \/>\n4. De la declaraci\u00f3n de herencia yacente y de los procedimientos subsiguientes a esta declaraci\u00f3n\u00a0\u00a0 \u00a0\u00a0\u00a0 \u00a0254<br \/>\n5. Disposiciones comunes a los p\u00e1rrafos precedentes\u00a0\u00a0 \u00a0\u00a0\u00a0 \u00a0254<br \/>\nT\u00cdTULO IX. DE LA INSINUACI\u00d3N DE DONACIONES\u00a0\u00a0 \u00a0\u00a0\u00a0 \u00a0254<br \/>\nT\u00cdTULO X. DE LA AUTORIZACI\u00d3N JUDICIAL PARA ENAJENAR, GRAVAR O DAR EN ARRENDAMIENTO POR LARGO TIEMPO BIENES DE INCAPACES, O PARA OBLIGAR A \u00c9STOS COMO FIADORES\u00a0\u00a0 \u00a0\u00a0\u00a0 \u00a0255<br \/>\nT\u00cdTULO XI. DE LA VENTA EN P\u00daBLICA SUBASTA\u00a0\u00a0 \u00a0\u00a0\u00a0 \u00a0255<br \/>\nT\u00cdTULO XII. DE LAS TASACIONES\u00a0\u00a0 \u00a0\u00a0\u00a0 \u00a0256<br \/>\nT\u00cdTULO XIII. DE LA DECLARACI\u00d3N DEL DERECHO AL GOCE DE CENSOS\u00a0\u00a0 \u00a0\u00a0\u00a0 \u00a0257<br \/>\nT\u00cdTULO XIV. DE LAS INFORMACIONES PARA PERPETUA MEMORIA\u00a0\u00a0 \u00a0\u00a0\u00a0 \u00a0259<br \/>\nT\u00cdTULO XV. DE LA EXPROPIACI\u00d3N POR CAUSA DE UTILIDAD P\u00daBLICA\u00a0\u00a0 \u00a0\u00a0\u00a0 \u00a0260<br \/>\nT\u00cdTULO FINAL. DE LA DEROGACI\u00d3N DE LAS LEYES DE PROCEDIMIENTO\u00a0\u00a0 \u00a0\u00a0\u00a0 \u00a0262<br \/>\nAP\u00c9NDICE DEL C\u00d3DIGO DE PROCEDIMIENTO CIVIL<br \/>\nLEY N\u00ba 18.120. ESTABLECE NORMAS SOBRE COMPARECENCIA EN JUICIO Y MODIFICA LOS ART\u00cdCULOS 4\u00ba DEL C\u00d3DIGO DE PROCEDIMIENTO CIVIL Y 523 DEL C\u00d3DIGO ORG\u00c1NICO DE TRIBUNALES\u00a0\u00a0 \u00a0\u00a0\u00a0 \u00a0265<br \/>\nLEY N\u00ba 14.908. SOBRE ABANDONO DE FAMILIA Y PAGO DE PENSIONES ALIMENTICIAS\u00a0\u00a0 \u00a0\u00a0\u00a0 \u00a0271<br \/>\nDECRETO N\u00ba 23. PROMULGA CONVENCI\u00d3N SOBRE LA OBTENCI\u00d3N DE ALIMENTOS EN EL EXTRANJERO\u00a0\u00a0 \u00a0\u00a0\u00a0 \u00a0309<br \/>\nTEXTO REFUNDIDO DEL AUTO ACORDADO SOBRE TRAMITACI\u00d3N Y FALLO DEL RECURSO DE PROTECCI\u00d3N DE LAS GARANT\u00cdAS CONSTITUCIONALES\u00a0\u00a0 \u00a0\u00a0\u00a0 \u00a0317<br \/>\nAUTO ACORDADO DE LA CORTE SUPREMA SOBRE LA FORMA DE LAS SENTENCIAS\u00a0\u00a0 \u00a0\u00a0\u00a0 \u00a0323<br \/>\nAUTO ACORDADO DE LA CORTE SUPREMA SOBRE VISTA DE LA CAUSA\u00a0\u00a0 \u00a0\u00a0\u00a0 \u00a0327<br \/>\nLEY N\u00ba 18.101. FIJA NORMAS ESPECIALES SOBRE ARRENDAMIENTO DE PREDIOS URBANOS\u00a0\u00a0 \u00a0\u00a0\u00a0 \u00a0331<br \/>\nT\u00cdTULO I. \u00c1mbito de aplicaci\u00f3n de la ley\u00a0\u00a0 \u00a0\u00a0\u00a0 \u00a0331<br \/>\nT\u00cdTULO II. Desahucio y Restituci\u00f3n\u00a0\u00a0 \u00a0\u00a0\u00a0 \u00a0332<br \/>\nT\u00cdTULO III. De la competencia y del procedimiento\u00a0\u00a0 \u00a0\u00a0\u00a0 \u00a0333<br \/>\nT\u00cdTULO III BIS. Del procedimiento monitorio para cobro de rentas de arrendamiento\u00a0\u00a0 \u00a0\u00a0\u00a0 \u00a0337<br \/>\nT\u00cdTULO IV. Disposiciones generales\u00a0\u00a0 \u00a0\u00a0\u00a0 \u00a0341<br \/>\nT\u00cdTULO V. Del arriendo y subarrendamiento abusivo, y del hacinamiento \u00a0\u00a0 \u00a0\u00a0\u00a0 \u00a0343<br \/>\nT\u00cdTULO V. Disposiciones varias\u00a0\u00a0 \u00a0\u00a0\u00a0 \u00a0344<br \/>\nDISPOSICIONES TRANSITORIAS\u00a0\u00a0 \u00a0\u00a0\u00a0 \u00a0344<br \/>\nLEY N\u00daM. 20.886. MODIFICA EL C\u00d3DIGO DE PROCEDIMIENTO CIVIL, PARA ESTABLECER LA TRAMITACI\u00d3N DIGITAL DE LOS PROCEDIMIENTOS JUDICIALES\u00a0\u00a0 \u00a0\u00a0\u00a0 \u00a0347<br \/>\nT\u00edtulo I. De la tramitaci\u00f3n electr\u00f3nica de los procedimientos judiciales\u00a0\u00a0 \u00a0\u00a0\u00a0 \u00a0347<br \/>\nT\u00edtulo II. De la modificaci\u00f3n de diversos cuerpos legales\u00a0\u00a0 \u00a0\u00a0\u00a0 \u00a0352<br \/>\nDISPOSICIONES TRANSITORIAS\u00a0\u00a0 \u00a0\u00a0\u00a0 \u00a0352<br \/>\nLEY N\u00daM. 21.226. ESTABLECE UN R\u00c9GIMEN JUR\u00cdDICO DE EXCEPCI\u00d3N PARA LOS PROCESOS JUDICIALES, EN LAS AUDIENCIAS Y ACTUACIONES JUDICIALES, Y PARA LOS PLAZOS Y EJERCICIO DE LAS ACCIONES QUE INDICA, POR EL IMPACTO DE LA ENFERMEDAD COVID-19 EN CHILE\u00a0\u00a0 \u00a0\u00a0\u00a0 \u00a0355<br \/>\nACTA N\u00ba 263-2021\u00a0\u00a0 \u00a0\u00a0\u00a0 \u00a0363<br \/>\nREGLAMENTO QUE ESTABLECE LA FORMA, CARACTER\u00cdSTICAS Y REGISTRO DE LAS ESCRITURAS P\u00daBLICAS OTORGADAS A TRAV\u00c9S DE MEDIOS ELECTR\u00d3NICOS Y PROTOCOLIZACI\u00d3N DE LOS DOCUMENTOS ELECTR\u00d3NICOS\u00a0\u00a0 \u00a0\u00a0\u00a0 \u00a0367<\/p>\n<p>\u00cdNDICE ANAL\u00cdTICO\u00a0\u00a0 \u00a0\u00a0\u00a0 \u00a0373<\/p>\n","protected":false},"excerpt":{"rendered":"<p>Buscas un libro Jur\u00eddico.? Lo puedes encontrar en nuestra tienda virtual.<br \/>\nContamos con prestigiosos autores y muchas alternativas en sus diferentes materias al igual que grandes descuentos.! Vis\u00edtanos en <a class=\"uBRuLksiXRXJNxzCdmDLlNvbeHoNnTVInTsbWCI \" href=\"https:\/\/lnkd.in\/eiAG7jdZ\" target=\"_blank\" rel=\"noopener\" data-test-app-aware-link=\"\">https:\/\/lnkd.in\/eiAG7jdZ<\/a><br \/>\nEscr\u00edbenos al +56930565235 \/ <a class=\"uBRuLksiXRXJNxzCdmDLlNvbeHoNnTVInTsbWCI \" href=\"mailto:ventaslegallexglobal@gmail.com\" target=\"_self\" rel=\"noopener\" data-test-app-aware-link=\"\">ventaslegallexglobal@gmail.com<\/a><br \/>\nHacemos env\u00edos a todo Chile &#8211; Starken o Correos Chile \/ Te esperamos<\/p>\n","protected":false},"featured_media":3246,"comment_status":"open","ping_status":"closed","template":"","meta":{"inline_featured_image":false,"_joinchat":[]},"product_brand":[],"product_cat":[32,39],"product_tag":[],"class_list":{"0":"post-3203","1":"product","2":"type-product","3":"status-publish","4":"has-post-thumbnail","6":"product_cat-codigos-de-la-republica-de-chile-ano-2026","7":"product_cat-procesal-civil","8":"product_shipping_class-a-convenir","10":"first","11":"instock","12":"shipping-taxable","13":"purchasable","14":"product-type-simple"},"_links":{"self":[{"href":"https:\/\/bibliotecajuridicavirtual.cl\/index.php\/wp-json\/wp\/v2\/product\/3203","targetHints":{"allow":["GET"]}}],"collection":[{"href":"https:\/\/bibliotecajuridicavirtual.cl\/index.php\/wp-json\/wp\/v2\/product"}],"about":[{"href":"https:\/\/bibliotecajuridicavirtual.cl\/index.php\/wp-json\/wp\/v2\/types\/product"}],"replies":[{"embeddable":true,"href":"https:\/\/bibliotecajuridicavirtual.cl\/index.php\/wp-json\/wp\/v2\/comments?post=3203"}],"wp:featuredmedia":[{"embeddable":true,"href":"https:\/\/bibliotecajuridicavirtual.cl\/index.php\/wp-json\/wp\/v2\/media\/3246"}],"wp:attachment":[{"href":"https:\/\/bibliotecajuridicavirtual.cl\/index.php\/wp-json\/wp\/v2\/media?parent=3203"}],"wp:term":[{"taxonomy":"product_brand","embeddable":true,"href":"https:\/\/bibliotecajuridicavirtual.cl\/index.php\/wp-json\/wp\/v2\/product_brand?post=3203"},{"taxonomy":"product_cat","embeddable":true,"href":"https:\/\/bibliotecajuridicavirtual.cl\/index.php\/wp-json\/wp\/v2\/product_cat?post=3203"},{"taxonomy":"product_tag","embeddable":true,"href":"https:\/\/bibliotecajuridicavirtual.cl\/index.php\/wp-json\/wp\/v2\/product_tag?post=3203"}],"curies":[{"name":"wp","href":"https:\/\/api.w.org\/{rel}","templated":true}]}}