{"id":3204,"date":"2026-02-28T01:10:36","date_gmt":"2026-02-28T04:10:36","guid":{"rendered":"https:\/\/bibliotecajuridicavirtual.cl\/?post_type=product&#038;p=3204"},"modified":"2026-03-13T18:38:40","modified_gmt":"2026-03-13T21:38:40","slug":"codigo-penal-de-chile-4ta-edicion-con-apendice-legislativo-indices-tematico-y-analitico-actualizado-a-enero-de-2025-440-pag","status":"publish","type":"product","link":"https:\/\/bibliotecajuridicavirtual.cl\/index.php\/product\/codigo-penal-de-chile-4ta-edicion-con-apendice-legislativo-indices-tematico-y-analitico-actualizado-a-enero-de-2025-440-pag\/","title":{"rendered":"C\u00f3digo Penal de Chile 5ta. edici\u00f3n con Ap\u00e9ndice Legislativo. \u00cdndices Tem\u00e1tico y Anal\u00edtico. Actualizado a enero 2026\/ 460 P\u00e1g."},"content":{"rendered":"<p style=\"font-weight: 400;\">Actualizado a enero 2026<br \/>\nAp\u00e9ndice legislativo<br \/>\n\u00cdndices tem\u00e1tico y anal\u00edtico<br \/>\nTexto a dos colores indicando los \u00faltimos cambios legislativos<\/p>\n<p style=\"font-weight: 400;\">Incluye:<\/p>\n<ul style=\"font-weight: 400;\">\n<li>Ley N\u00b018.216 de Penas sustitutivas<\/li>\n<li>Decreto 518 del Reglamento de establecimientos penitenciarios<\/li>\n<li>Decreto Ley 321 de Libertad condicional<\/li>\n<li>Decreto 338 del Reglamento del DL 321<\/li>\n<li>Ley 20.000 de Tr\u00e1fico il\u00edcito de estupefacientes<\/li>\n<li>Ley 21.459 sobre Delitos inform\u00e1ticos<\/li>\n<li>Ley 20.393 que Establece penas para personas jur\u00eddicas<\/li>\n<li>Ley 21.595 sobre Delitos econ\u00f3micos<\/li>\n<li>Ley\u00a0N\u00b021.675 sobre prevenci\u00f3n, sanci\u00f3n y erradicaci\u00f3n de la violencia en contra de las mujeres, en raz\u00f3n de su g\u00e9nero<\/li>\n<\/ul>\n","protected":false},"excerpt":{"rendered":"<p>Buscas un libro Jur\u00eddico.? Lo puedes encontrar en nuestra tienda virtual.<br \/>\nContamos con prestigiosos autores y muchas alternativas en sus diferentes materias al igual que grandes descuentos.! Vis\u00edtanos en <a class=\"uBRuLksiXRXJNxzCdmDLlNvbeHoNnTVInTsbWCI \" href=\"https:\/\/lnkd.in\/eiAG7jdZ\" target=\"_blank\" rel=\"noopener\" data-test-app-aware-link=\"\">https:\/\/lnkd.in\/eiAG7jdZ<\/a><br \/>\nEscr\u00edbenos al +56930565235 \/ <a class=\"uBRuLksiXRXJNxzCdmDLlNvbeHoNnTVInTsbWCI \" href=\"mailto:ventaslegallexglobal@gmail.com\" target=\"_self\" rel=\"noopener\" data-test-app-aware-link=\"\">ventaslegallexglobal@gmail.com<\/a><br \/>\nHacemos env\u00edos a todo Chile &#8211; Starken o Correos Chile \/ Te esperamos<\/p>\n<p>&nbsp;<\/p>\n","protected":false},"featured_media":5258,"comment_status":"open","ping_status":"closed","template":"","meta":{"inline_featured_image":false,"_joinchat":[]},"product_brand":[],"product_cat":[32,30],"product_tag":[],"class_list":{"0":"post-3204","1":"product","2":"type-product","3":"status-publish","4":"has-post-thumbnail","6":"product_cat-codigos-de-la-republica-de-chile-ano-2026","7":"product_cat-penal","8":"product_shipping_class-a-convenir","10":"first","11":"instock","12":"shipping-taxable","13":"purchasable","14":"product-type-simple"},"_links":{"self":[{"href":"https:\/\/bibliotecajuridicavirtual.cl\/index.php\/wp-json\/wp\/v2\/product\/3204","targetHints":{"allow":["GET"]}}],"collection":[{"href":"https:\/\/bibliotecajuridicavirtual.cl\/index.php\/wp-json\/wp\/v2\/product"}],"about":[{"href":"https:\/\/bibliotecajuridicavirtual.cl\/index.php\/wp-json\/wp\/v2\/types\/product"}],"replies":[{"embeddable":true,"href":"https:\/\/bibliotecajuridicavirtual.cl\/index.php\/wp-json\/wp\/v2\/comments?post=3204"}],"wp:featuredmedia":[{"embeddable":true,"href":"https:\/\/bibliotecajuridicavirtual.cl\/index.php\/wp-json\/wp\/v2\/media\/5258"}],"wp:attachment":[{"href":"https:\/\/bibliotecajuridicavirtual.cl\/index.php\/wp-json\/wp\/v2\/media?parent=3204"}],"wp:term":[{"taxonomy":"product_brand","embeddable":true,"href":"https:\/\/bibliotecajuridicavirtual.cl\/index.php\/wp-json\/wp\/v2\/product_brand?post=3204"},{"taxonomy":"product_cat","embeddable":true,"href":"https:\/\/bibliotecajuridicavirtual.cl\/index.php\/wp-json\/wp\/v2\/product_cat?post=3204"},{"taxonomy":"product_tag","embeddable":true,"href":"https:\/\/bibliotecajuridicavirtual.cl\/index.php\/wp-json\/wp\/v2\/product_tag?post=3204"}],"curies":[{"name":"wp","href":"https:\/\/api.w.org\/{rel}","templated":true}]}}