{"id":3207,"date":"2026-02-28T01:10:36","date_gmt":"2026-02-28T04:10:36","guid":{"rendered":"https:\/\/bibliotecajuridicavirtual.cl\/?post_type=product&#038;p=3207"},"modified":"2026-02-28T01:11:02","modified_gmt":"2026-02-28T04:11:02","slug":"practica-forense-derecho-comercial-3-tomos-2da-edicion-ano-2024-1-374-pag-autor-eric-andres-chavez-chavez","status":"publish","type":"product","link":"https:\/\/bibliotecajuridicavirtual.cl\/index.php\/product\/practica-forense-derecho-comercial-3-tomos-2da-edicion-ano-2024-1-374-pag-autor-eric-andres-chavez-chavez\/","title":{"rendered":"Practica Forense Derecho Comercial &#8211; 3 Tomos -2da Edici\u00f3n a\u00f1o 2024\/1.374 P\u00e1g. Autor Eric Andr\u00e9s Ch\u00e1vez Ch\u00e1vez"},"content":{"rendered":"<p style=\"font-weight: 400;\">Pr\u00e1ctica Forense de Derecho Comercial en las materias de Derecho Societario, temas de gran actualidad y aplicaci\u00f3n, contemplando, adem\u00e1s, las materias de Contratos Comerciales, Transporte Terrestre, A\u00e9reo y Mar\u00edtimo, incluy\u00e9ndose los principales formatos de contratos.<\/p>\n<p style=\"font-weight: 400;\">La presente obra que comprende 3 Tomos, cada uno de ellos con las diferentes materias de Derecho Comercial, tanto en lo referente a sus contratos como en el ejercicio ante tribunales de ciertas instituciones en espec\u00edfico como el Derecho Concursal con el objeto de dar al abogado que ejerce la profesi\u00f3n en forma libre los \u201cformularios\u201d de escritos y de los principales contratos, y que se aplican en nuestro pa\u00eds, para un mejor desempe\u00f1o profesional de su labor diaria.<\/p>\n<p style=\"font-weight: 400;\">La presente colecci\u00f3n de \u201cPr\u00e1ctica Forense de Derecho Comercial\u201d, comprende los siguientes tomos:<\/p>\n<p style=\"font-weight: 400;\">Tomo I: Contratos Comerciales, Transporte Terrestre, A\u00e9reo y Mar\u00edtimo<br \/>\nTomo II: Derecho Concursal<br \/>\nTomo III: Derecho Societario<\/p>\n","protected":false},"excerpt":{"rendered":"<p>Pr\u00e1ctica Forense de Derecho Comercial en las materias de Derecho Societario, temas de gran actualidad y aplicaci\u00f3n, contemplando, adem\u00e1s, las materias de Contratos Comerciales, Transporte Terrestre, A\u00e9reo y Mar\u00edtimo, incluy\u00e9ndose los principales formatos de contratos. La presente obra que comprende 3 Tomos, cada uno de ellos con las diferentes materias de Derecho Comercial, tanto en lo referente a sus contratos como en el ejercicio ante tribunales de ciertas instituciones en espec\u00edfico como el Derecho Concursal con el objeto de dar al abogado que ejerce la profesi\u00f3n en forma libre los \u201cformularios\u201d de escritos y de los principales contratos, y que se aplican en nuestro pa\u00eds, para un mejor desempe\u00f1o profesional de su labor diaria. La presente colecci\u00f3n de \u201cPr\u00e1ctica Forense de Derecho Comercial\u201d, comprende los siguientes tomos: Tomo I: Contratos Comerciales, Transporte Terrestre, A\u00e9reo y Mar\u00edtimo Tomo II: Derecho Concursal Tomo III: Derecho Societario<\/p>\n","protected":false},"featured_media":3250,"comment_status":"open","ping_status":"closed","template":"","meta":{"inline_featured_image":false,"_joinchat":[]},"product_brand":[],"product_cat":[48,59],"product_tag":[],"class_list":{"0":"post-3207","1":"product","2":"type-product","3":"status-publish","4":"has-post-thumbnail","6":"product_cat-comercial","7":"product_cat-editorial-tofulex-ediciones-juridicas","8":"product_shipping_class-a-convenir","10":"first","11":"instock","12":"shipping-taxable","13":"purchasable","14":"product-type-simple"},"_links":{"self":[{"href":"https:\/\/bibliotecajuridicavirtual.cl\/index.php\/wp-json\/wp\/v2\/product\/3207","targetHints":{"allow":["GET"]}}],"collection":[{"href":"https:\/\/bibliotecajuridicavirtual.cl\/index.php\/wp-json\/wp\/v2\/product"}],"about":[{"href":"https:\/\/bibliotecajuridicavirtual.cl\/index.php\/wp-json\/wp\/v2\/types\/product"}],"replies":[{"embeddable":true,"href":"https:\/\/bibliotecajuridicavirtual.cl\/index.php\/wp-json\/wp\/v2\/comments?post=3207"}],"wp:featuredmedia":[{"embeddable":true,"href":"https:\/\/bibliotecajuridicavirtual.cl\/index.php\/wp-json\/wp\/v2\/media\/3250"}],"wp:attachment":[{"href":"https:\/\/bibliotecajuridicavirtual.cl\/index.php\/wp-json\/wp\/v2\/media?parent=3207"}],"wp:term":[{"taxonomy":"product_brand","embeddable":true,"href":"https:\/\/bibliotecajuridicavirtual.cl\/index.php\/wp-json\/wp\/v2\/product_brand?post=3207"},{"taxonomy":"product_cat","embeddable":true,"href":"https:\/\/bibliotecajuridicavirtual.cl\/index.php\/wp-json\/wp\/v2\/product_cat?post=3207"},{"taxonomy":"product_tag","embeddable":true,"href":"https:\/\/bibliotecajuridicavirtual.cl\/index.php\/wp-json\/wp\/v2\/product_tag?post=3207"}],"curies":[{"name":"wp","href":"https:\/\/api.w.org\/{rel}","templated":true}]}}