{"id":3208,"date":"2026-02-28T01:10:36","date_gmt":"2026-02-28T04:10:36","guid":{"rendered":"https:\/\/bibliotecajuridicavirtual.cl\/?post_type=product&#038;p=3208"},"modified":"2026-02-28T01:11:04","modified_gmt":"2026-02-28T04:11:04","slug":"conceptos-fundamentales-de-los-mercados-financieros-oferta-de-valores-giro-bancario-y-asegurador-ano-2024-296-pag-autor-mario-valderrama-venegas","status":"publish","type":"product","link":"https:\/\/bibliotecajuridicavirtual.cl\/index.php\/product\/conceptos-fundamentales-de-los-mercados-financieros-oferta-de-valores-giro-bancario-y-asegurador-ano-2024-296-pag-autor-mario-valderrama-venegas\/","title":{"rendered":"Conceptos Fundamentales de los Mercados Financieros &#8211; Oferta de valores, giro bancario y asegurador. A\u00f1o 2024\/ 296 P\u00e1g. Autor Mario Valderrama Venegas"},"content":{"rendered":"<p>Todas las personas tenemos alg\u00fan grado de vinculaci\u00f3n con los mercados financieros. Por ejemplo, cuando se apertura una cuenta bancaria, se solicita un cr\u00e9dito de consumo o se ahorra para la pensi\u00f3n, subyace una complejidad regulatoria y de infraestructura financiera muy poco conocida. De esta forma, bancos y compa\u00f1\u00edas de seguros deben cumplir fuertes regulaciones para poder sostener su solvencia y cumplir sus obligaciones con usted, es decir, la restituci\u00f3n de su dinero cuando lo necesite o cubrir un siniestro, de ser necesario.<\/p>\n<p>Adem\u00e1s, por mandato de la ley en Chile, los trabajadores deben ahorrar parte de su remuneraci\u00f3n en un fondo de pensiones gestionado por una administradora de fondos de pensiones, la cual, a su turno, invierte en el mercado de valores. En general, a menos que una persona decida dejar su dinero en una caja fuerte en su casa, aquel ingresar\u00e1 de alg\u00fan modo al mercado financiero.<\/p>\n<p>La confianza no es un asunto de fe, sino el resultado de la robustez institucional, esto es, supervisores vigilantes, con recursos de monitoreo y aplicaci\u00f3n rigurosa de la ley. De no existir esa confianza, el ecosistema financiero simplemente colapsar\u00eda.En este contexto, la presente obra explica conceptos fundamentales: la oferta p\u00fablica de valores; la captaci\u00f3n de dinero del p\u00fablico; giro asegurador, para examinar los deberes de informaci\u00f3n de los emisores de valores. Adem\u00e1s, revisa de forma sucinta aspectos org\u00e1nicos y funcionales del regulador: la Comisi\u00f3n para el Mercado Financiero.<\/p>\n","protected":false},"excerpt":{"rendered":"<h4 style=\"text-align: right;\"><span style=\"color: #0000ff;\">Entrega a partir del 10 de Febrero 2024<\/span><\/h4>\n","protected":false},"featured_media":3251,"comment_status":"open","ping_status":"closed","template":"","meta":{"inline_featured_image":false,"_joinchat":[]},"product_brand":[],"product_cat":[27,48],"product_tag":[],"class_list":{"0":"post-3208","1":"product","2":"type-product","3":"status-publish","4":"has-post-thumbnail","6":"product_cat-civil","7":"product_cat-comercial","8":"product_shipping_class-a-convenir","10":"first","11":"instock","12":"shipping-taxable","13":"purchasable","14":"product-type-simple"},"_links":{"self":[{"href":"https:\/\/bibliotecajuridicavirtual.cl\/index.php\/wp-json\/wp\/v2\/product\/3208","targetHints":{"allow":["GET"]}}],"collection":[{"href":"https:\/\/bibliotecajuridicavirtual.cl\/index.php\/wp-json\/wp\/v2\/product"}],"about":[{"href":"https:\/\/bibliotecajuridicavirtual.cl\/index.php\/wp-json\/wp\/v2\/types\/product"}],"replies":[{"embeddable":true,"href":"https:\/\/bibliotecajuridicavirtual.cl\/index.php\/wp-json\/wp\/v2\/comments?post=3208"}],"wp:featuredmedia":[{"embeddable":true,"href":"https:\/\/bibliotecajuridicavirtual.cl\/index.php\/wp-json\/wp\/v2\/media\/3251"}],"wp:attachment":[{"href":"https:\/\/bibliotecajuridicavirtual.cl\/index.php\/wp-json\/wp\/v2\/media?parent=3208"}],"wp:term":[{"taxonomy":"product_brand","embeddable":true,"href":"https:\/\/bibliotecajuridicavirtual.cl\/index.php\/wp-json\/wp\/v2\/product_brand?post=3208"},{"taxonomy":"product_cat","embeddable":true,"href":"https:\/\/bibliotecajuridicavirtual.cl\/index.php\/wp-json\/wp\/v2\/product_cat?post=3208"},{"taxonomy":"product_tag","embeddable":true,"href":"https:\/\/bibliotecajuridicavirtual.cl\/index.php\/wp-json\/wp\/v2\/product_tag?post=3208"}],"curies":[{"name":"wp","href":"https:\/\/api.w.org\/{rel}","templated":true}]}}