{"id":3212,"date":"2026-02-28T01:10:36","date_gmt":"2026-02-28T04:10:36","guid":{"rendered":"https:\/\/bibliotecajuridicavirtual.cl\/?post_type=product&#038;p=3212"},"modified":"2026-02-28T01:11:11","modified_gmt":"2026-02-28T04:11:11","slug":"el-impacto-del-derecho-del-trabajo-en-la-funcion-publica-chile-uruguay-ano-enero-2024-484-pag-autor-juan-carlos-ferrada-borquez-rodolfo-walter-diaz","status":"publish","type":"product","link":"https:\/\/bibliotecajuridicavirtual.cl\/index.php\/product\/el-impacto-del-derecho-del-trabajo-en-la-funcion-publica-chile-uruguay-ano-enero-2024-484-pag-autor-juan-carlos-ferrada-borquez-rodolfo-walter-diaz\/","title":{"rendered":"El Impacto del Derecho del Trabajo en la Funci\u00f3n P\u00fablica &#8211; Chile &#8211; Uruguay. A\u00f1o Enero 2024\/ 484 P\u00e1g. Autor Juan Carlos Ferrada B\u00f3rquez &#8211; Rodolfo Walter D\u00edaz"},"content":{"rendered":"<p style=\"font-weight: 400;\">El presente libro es una obra colectiva que agrupa trabajos de acad\u00e9micos y acad\u00e9micas de Derecho Administrativo y Derecho Laboral, abordando la concurrencia entre ambas disciplinas en relaci\u00f3n con sus difusas y expansivas fronteras. El trabajo se presenta en cuatro bloques que, desde diversas perspectivas y peculiaridades, desarrollan sus modelos y problemas en la legislaci\u00f3n uruguaya y chilena.<\/p>\n<p style=\"font-weight: 400;\">Esta obra colectiva trata, en clave comparada, los problemas asociados con la concurrencia entre el derecho administrativo y el derecho del trabajo; los modelos, peculiaridades y problemas entre la relaci\u00f3n del contrato de trabajo y la funci\u00f3n p\u00fablica; la tutela y protecci\u00f3n de los derechos en el orden privado y p\u00fablico; y, finalmente, la extinci\u00f3n del v\u00ednculo laboral y el cese de la funci\u00f3n p\u00fablica.<\/p>\n<ol>\n<li style=\"font-weight: 400;\"><b><strong> DERECHO ADMINISTRATIVO Y EL DERECHO DEL TRABAJO: SUS DIFUSAS Y EXPANSIVAS FRONTERAS<\/strong><\/b><\/li>\n<\/ol>\n<p style=\"font-weight: 400;\"><em>Laboralizaci\u00f3n de la funci\u00f3n p\u00fablica: una mirada desde el derecho administrativo<\/em><br \/>\nCarlos Dorn Garrido<\/p>\n<p style=\"font-weight: 400;\"><em>Los principios y reglas comunes del r\u00e9gimen jur\u00eddico de los trabajadores del sector p\u00fablico y privado<\/em><br \/>\nBruno Sande Escobal<\/p>\n<p style=\"font-weight: 400;\"><em>La laboralizaci\u00f3n de la funci\u00f3n p\u00fablica<\/em><br \/>\nBeatriz Dur\u00e1n Penedo<\/p>\n<p><b><strong>II. CONTRATO DE TRABAJO Y FUNCI\u00d3N P\u00daBLICA: MODELOS, PECULIARIDADES Y PROBLEMAS<\/strong><\/b><\/p>\n<p style=\"font-weight: 400;\"><em>Relaci\u00f3n funcional: una aproximaci\u00f3n r\u00e9gimen jur\u00eddico en el derecho uruguayo<\/em><br \/>\nMiguel Pezzutti<\/p>\n<p style=\"font-weight: 400;\"><em>V\u00ednculos no permanentes en el ejercicio de la funci\u00f3n p\u00fablica en el Uruguay<\/em><br \/>\n\u00c1lvaro Richino<\/p>\n<p style=\"font-weight: 400;\"><em>Funcionarios a contrata: elementos para su comprensi\u00f3n (fin-pr\u00f3rroga-confianza leg\u00edtima)<\/em><br \/>\nValeska Opazo de la Fuente<\/p>\n<p style=\"font-weight: 400;\"><em>El contrato de honorarios o de prestaci\u00f3n de servicios en el derecho del trabajo y en el derecho administrativo en el derecho chileno<\/em><br \/>\nJuan Carlos Ferrada B\u00f3rquez<\/p>\n<p style=\"font-weight: 400;\"><em>El contrato de honorarios o de prestaci\u00f3n de servicios como forma de contrataci\u00f3n en el sector p\u00fablico uruguayo<\/em><br \/>\nAlejandro Castello<\/p>\n<p style=\"font-weight: 400;\"><em>Las relaciones laborales bajo la utilizaci\u00f3n del contrato de trabajo en la administraci\u00f3n p\u00fablica<\/em><br \/>\nAna Laura L\u00f3pez \u00c1lvarez<\/p>\n<p style=\"font-weight: 400;\"><em>Peculiaridades de las relaciones laborales en el sector p\u00fablico en el Uruguay y su regulaci\u00f3n<\/em><br \/>\nFernando Delgado Soares Netto<\/p>\n<p><em>La contrataci\u00f3n temporal en el C\u00f3digo del Trabajo chileno: una mirada desde la causalidad contractual<\/em><br \/>\nDiego Ignacio Rosas Bertin<\/p>\n<p style=\"font-weight: 400;\"><em>El trabajo como una mercanc\u00eda cuando el Estado uruguayo terceriza servicios en cadena. Su admisi\u00f3n por la jurisprudencia mayoritaria<\/em><br \/>\nRosina Rossi Albert<\/p>\n<p><b><strong>III. TUTELA Y PROTECCI\u00d3N DE LOS DERECHOS EN EL ORDEN PRIVADO Y P\u00daBLICO<\/strong><\/b><\/p>\n<p style=\"font-weight: 400;\"><em>La protecci\u00f3n de los derechos fundamentales laborales: la evoluci\u00f3n del caso chileno. Un tr\u00e1nsito de la instituci\u00f3n desde el sector privado al p\u00fablico<\/em><br \/>\nFrancisco Santib\u00e1\u00f1ez Y\u00e1\u00f1ez &#8211; Teodoro Rodolfo Walter D\u00edaz<\/p>\n<p style=\"font-weight: 400;\"><em>Principio de protecci\u00f3n de derechos en el \u00e1mbito de la relaci\u00f3n laboral p\u00fablica y privada. Competencia de la Contralor\u00eda General de la Rep\u00fablica<\/em><br \/>\nMarcelo San Mart\u00edn Cerruti<\/p>\n<p style=\"font-weight: 400;\"><em>Protecci\u00f3n a la maternidad y corresponsabilidad parental, derechos universales de tutela a la familia<\/em><br \/>\nFran\u00e7oise Etcheberry Par\u00e9s<\/p>\n<p style=\"font-weight: 400;\"><em>La huelga en la Administraci\u00f3n P\u00fablica<\/em><br \/>\nBetiana Quintana<\/p>\n<p><b><strong>IV. EXTINCI\u00d3N DEL V\u00cdNCULO PRIVADO Y P\u00daBLICO: ENTRE LA CESACI\u00d3N DE SERVICIOS Y EL DESPIDO<\/strong><\/b><\/p>\n<p style=\"font-weight: 400;\"><em>La falta de probidad como justificaci\u00f3n del t\u00e9rmino del contrato de trabajo<\/em><br \/>\nPatricio Mella Cabrera<\/p>\n<p style=\"font-weight: 400;\"><em>La falta de probidad como causal de cese o destituci\u00f3n de un empleo o cargo p\u00fablico<\/em><br \/>\nBaltazar Morales Espinoza<\/p>\n<p style=\"font-weight: 400;\"><em>La falta de probidad como causal de cese o destituci\u00f3n de un empleo o cargo p\u00fablico<\/em><br \/>\nMarisa Arizeta Paip\u00f3<\/p>\n<p style=\"font-weight: 400;\"><em>La terminaci\u00f3n del contrato por las necesidades de la empresa y la necesariedad de los servicios: entre lo privado y lo p\u00fablico<\/em><br \/>\nAlvaro Dom\u00ednguez Montoya &#8211; Fabi\u00e1n Huepe Artigas<\/p>\n","protected":false},"excerpt":{"rendered":"<p>El presente libro es una obra colectiva que agrupa trabajos de acad\u00e9micos y acad\u00e9micas de Derecho Administrativo y Derecho Laboral, abordando la concurrencia entre ambas disciplinas en relaci\u00f3n con sus difusas y expansivas fronteras. El trabajo se presenta en cuatro bloques que, desde diversas perspectivas y peculiaridades, desarrollan sus modelos y problemas en la legislaci\u00f3n uruguaya y chilena. Esta obra colectiva trata, en clave comparada, los problemas asociados con la concurrencia entre el derecho administrativo y el derecho del trabajo; los modelos, peculiaridades y problemas entre la relaci\u00f3n del contrato de trabajo y la funci\u00f3n p\u00fablica; la tutela y protecci\u00f3n de los derechos en el orden privado y p\u00fablico; y, finalmente, la extinci\u00f3n del v\u00ednculo laboral y el cese de la funci\u00f3n p\u00fablica. DERECHO ADMINISTRATIVO Y EL DERECHO DEL TRABAJO: SUS DIFUSAS Y EXPANSIVAS FRONTERAS Laboralizaci\u00f3n de la funci\u00f3n p\u00fablica: una mirada desde el derecho administrativo Carlos Dorn Garrido Los principios y reglas comunes del r\u00e9gimen jur\u00eddico de los trabajadores del sector p\u00fablico y privado Bruno Sande Escobal La laboralizaci\u00f3n de la funci\u00f3n p\u00fablica Beatriz Dur\u00e1n Penedo II. CONTRATO DE TRABAJO Y FUNCI\u00d3N P\u00daBLICA: MODELOS, PECULIARIDADES Y PROBLEMAS Relaci\u00f3n funcional: una aproximaci\u00f3n r\u00e9gimen jur\u00eddico en el derecho uruguayo Miguel Pezzutti V\u00ednculos no permanentes en el ejercicio de la funci\u00f3n p\u00fablica en el Uruguay \u00c1lvaro Richino Funcionarios a contrata: elementos para su comprensi\u00f3n (fin-pr\u00f3rroga-confianza leg\u00edtima) Valeska Opazo de la Fuente El contrato de honorarios o de prestaci\u00f3n de servicios en el derecho del trabajo y en el derecho administrativo en el derecho chileno Juan Carlos Ferrada B\u00f3rquez El contrato de honorarios o de prestaci\u00f3n de servicios como forma de contrataci\u00f3n en el sector p\u00fablico uruguayo Alejandro Castello Las relaciones laborales bajo la utilizaci\u00f3n del contrato de trabajo en la administraci\u00f3n p\u00fablica Ana Laura L\u00f3pez \u00c1lvarez Peculiaridades de las relaciones laborales en el sector p\u00fablico en el Uruguay y su regulaci\u00f3n Fernando Delgado Soares Netto La contrataci\u00f3n temporal en el C\u00f3digo del Trabajo chileno: una mirada desde la causalidad contractual Diego Ignacio Rosas Bertin El trabajo como una mercanc\u00eda cuando el Estado uruguayo terceriza servicios en cadena. Su admisi\u00f3n por la jurisprudencia mayoritaria Rosina Rossi Albert III. TUTELA Y PROTECCI\u00d3N DE LOS DERECHOS EN EL ORDEN PRIVADO Y P\u00daBLICO La protecci\u00f3n de los derechos fundamentales laborales: la evoluci\u00f3n del caso chileno. Un tr\u00e1nsito de la instituci\u00f3n desde el sector privado al p\u00fablico Francisco Santib\u00e1\u00f1ez Y\u00e1\u00f1ez &#8211; Teodoro Rodolfo Walter D\u00edaz Principio de protecci\u00f3n de derechos en el \u00e1mbito de la relaci\u00f3n laboral p\u00fablica y privada. Competencia de la Contralor\u00eda General de la Rep\u00fablica Marcelo San Mart\u00edn Cerruti Protecci\u00f3n a la maternidad y corresponsabilidad parental, derechos universales de tutela a la familia Fran\u00e7oise Etcheberry Par\u00e9s La huelga en la Administraci\u00f3n P\u00fablica Betiana Quintana IV. EXTINCI\u00d3N DEL V\u00cdNCULO PRIVADO Y P\u00daBLICO: ENTRE LA CESACI\u00d3N DE SERVICIOS Y EL DESPIDO La falta de probidad como justificaci\u00f3n del t\u00e9rmino del contrato de trabajo Patricio Mella Cabrera La falta de probidad como causal de cese o destituci\u00f3n de un empleo o cargo p\u00fablico Baltazar Morales Espinoza La falta de probidad como causal de cese o destituci\u00f3n de un empleo o cargo p\u00fablico Marisa Arizeta Paip\u00f3 La terminaci\u00f3n del contrato por las necesidades de la empresa y la necesariedad de los servicios: entre lo privado y lo p\u00fablico Alvaro Dom\u00ednguez Montoya &#8211; Fabi\u00e1n Huepe Artigas<\/p>\n","protected":false},"featured_media":3255,"comment_status":"open","ping_status":"closed","template":"","meta":{"inline_featured_image":false,"_joinchat":[]},"product_brand":[],"product_cat":[41,42],"product_tag":[],"class_list":{"0":"post-3212","1":"product","2":"type-product","3":"status-publish","4":"has-post-thumbnail","6":"product_cat-laboral","7":"product_cat-thomson-reuters","8":"product_shipping_class-a-convenir","10":"first","11":"instock","12":"shipping-taxable","13":"purchasable","14":"product-type-simple"},"_links":{"self":[{"href":"https:\/\/bibliotecajuridicavirtual.cl\/index.php\/wp-json\/wp\/v2\/product\/3212","targetHints":{"allow":["GET"]}}],"collection":[{"href":"https:\/\/bibliotecajuridicavirtual.cl\/index.php\/wp-json\/wp\/v2\/product"}],"about":[{"href":"https:\/\/bibliotecajuridicavirtual.cl\/index.php\/wp-json\/wp\/v2\/types\/product"}],"replies":[{"embeddable":true,"href":"https:\/\/bibliotecajuridicavirtual.cl\/index.php\/wp-json\/wp\/v2\/comments?post=3212"}],"wp:featuredmedia":[{"embeddable":true,"href":"https:\/\/bibliotecajuridicavirtual.cl\/index.php\/wp-json\/wp\/v2\/media\/3255"}],"wp:attachment":[{"href":"https:\/\/bibliotecajuridicavirtual.cl\/index.php\/wp-json\/wp\/v2\/media?parent=3212"}],"wp:term":[{"taxonomy":"product_brand","embeddable":true,"href":"https:\/\/bibliotecajuridicavirtual.cl\/index.php\/wp-json\/wp\/v2\/product_brand?post=3212"},{"taxonomy":"product_cat","embeddable":true,"href":"https:\/\/bibliotecajuridicavirtual.cl\/index.php\/wp-json\/wp\/v2\/product_cat?post=3212"},{"taxonomy":"product_tag","embeddable":true,"href":"https:\/\/bibliotecajuridicavirtual.cl\/index.php\/wp-json\/wp\/v2\/product_tag?post=3212"}],"curies":[{"name":"wp","href":"https:\/\/api.w.org\/{rel}","templated":true}]}}