{"id":3213,"date":"2026-02-28T01:10:36","date_gmt":"2026-02-28T04:10:36","guid":{"rendered":"https:\/\/bibliotecajuridicavirtual.cl\/?post_type=product&#038;p=3213"},"modified":"2026-02-28T01:11:13","modified_gmt":"2026-02-28T04:11:13","slug":"delitos-economicos-en-la-teoria-y-la-practica-ano-enero-2024-364-pag-autor-christian-aste-mejias-ricardo-freire-scheel-francisca-moya-ortiz-luis-zurita-torres","status":"publish","type":"product","link":"https:\/\/bibliotecajuridicavirtual.cl\/index.php\/product\/delitos-economicos-en-la-teoria-y-la-practica-ano-enero-2024-364-pag-autor-christian-aste-mejias-ricardo-freire-scheel-francisca-moya-ortiz-luis-zurita-torres\/","title":{"rendered":"Delitos Econ\u00f3micos &#8211; En la teor\u00eda y la pr\u00e1ctica. A\u00f1o Enero 2024\/ 364 P\u00e1g. Autor Christian Aste Mej\u00edas &#8211; Ricardo Freire Scheel &#8211; Francisca Moya Ortiz &#8211; Luis Zurita Torres"},"content":{"rendered":"<p style=\"font-weight: 400;\">En este libro se aborda, desde una perspectiva eminentemente pr\u00e1ctica y casu\u00edstica, la nueva Ley de delitos econ\u00f3micos. Cada delito, examinado en sus elementos normativos y subjetivos, es contextualizado en funci\u00f3n del riesgo empresarial, considerando la evidencia f\u00e1ctica y el derecho comparado. Se revisan los bienes jur\u00eddicos involucrados, el dolo y, particularmente, la autor\u00eda. Todo en funci\u00f3n de las particulares caracter\u00edsticas de los il\u00edcitos econ\u00f3micos sancionados.<\/p>\n<p style=\"font-weight: 400;\">Los autores privilegian la mirada pr\u00e1ctica, poniendo \u00e9nfasis en las luces amarillas y rojas que deben encenderse dentro de la empresa con motivo de esta nueva ley.<\/p>\n<p style=\"font-weight: 400;\"><b><strong>ANTECEDENTES<\/strong><\/b><\/p>\n<ol>\n<li style=\"font-weight: 400;\">Tipificaci\u00f3n de conductas en el derecho chileno<br \/>\n2. Teor\u00edas causalista y de resultado en los delitos econ\u00f3micos<br \/>\n3. Delitos econ\u00f3micos<\/li>\n<\/ol>\n<p style=\"font-weight: 400;\">Relaci\u00f3n entre el orden pol\u00edtico econ\u00f3mico y el orden pol\u00edtico civil<br \/>\nHistoria de la Ley<\/p>\n<ol>\n<li style=\"font-weight: 400;\"><b><strong> DELITOS ECON\u00d3MICOS DE PRIMERA CATEGOR\u00cdA<\/strong><\/b><\/li>\n<li style=\"font-weight: 400;\">Califican como tales, los delitos sancionados en los art\u00edculos 59, 60, 61 y 62 de la Ley N\u00ba 18.045, de Mercado de Valores1.1. Art\u00edculo 59 letra a)<br \/>\n1.2. Art\u00edculo 59 letra b)<br \/>\n1.3. Art\u00edculo 59 letra c)<br \/>\n1.4. Art\u00edculo 59 letra d), primera parte<br \/>\n1.5. Art\u00edculo 59 letra d), segunda parte<br \/>\n1.6. Art\u00edculo 59 letra e)<br \/>\n1.7. Art\u00edculo 59 letra f), primera parte<br \/>\n1.8. Art\u00edculo 59 letra f), segunda parte<br \/>\n1.9. Art\u00edculo 59 letra f), tercera parte<br \/>\n1.10. Art\u00edculo 59, letra g)<br \/>\n1.11. Art\u00edculo 60, primera parte<br \/>\n1.12. Art\u00edculo 60, segunda parte<br \/>\n1.13. Art\u00edculo 60, tercera parte<br \/>\n1.14. Art\u00edculo 61, letra a)<br \/>\n1.15. Art\u00edculo 61, letra b)<br \/>\n1.16. Art\u00edculo 61, letra c), primera parte<br \/>\n1.17. Art\u00edculo 61, letra c), segunda parte<br \/>\n1.18. Art\u00edculo 61, letra d)<br \/>\n1.19. Art\u00edculo 62, letra a), primera parte<br \/>\n1.20. Art\u00edculo 62, letra b), primera parte<br \/>\n1.21. Art\u00edculo 62, letra e)<br \/>\n1.22. Art\u00edculo 62, letra c)<br \/>\n1.23. Art\u00edculo 62, letra d)<br \/>\n1.24. Art\u00edculo 62, letra f)<\/li>\n<li style=\"font-weight: 400;\">Los art\u00edculos 35, 43 y 58 del Decreto Ley N\u00ba 3.538, que crea la Comisi\u00f3n para el Mercado Financiero2.1. Art\u00edculo 35, inciso cuarto<br \/>\n2.2. Art\u00edculo 43<br \/>\n2.3. Art\u00edculo 58. Inciso final<\/li>\n<li style=\"font-weight: 400;\">El art\u00edculo 59 de la Ley N\u00ba 18.840, org\u00e1nica constitucional del Banco Central de Chile3.1. Art\u00edculo 59<\/li>\n<li style=\"font-weight: 400;\">Los art\u00edculos 39 literal h); 39 bis, inciso sexto, y 62 del Decreto Ley N\u00ba 211, de 1973, cuyo texto refundido, coordinado y sistematizado fue fijado por el Decreto con Fuerza de Ley N\u00ba 1, de 2004, del Ministerio de Econom\u00eda, Fomento y Reconstrucci\u00f3n4.1. Art\u00edculo 39, letra h, inciso pen\u00faltimo<br \/>\n4.2. Art\u00edculo 39 bis, inciso quinto del N\u00ba 3<br \/>\n4.3. Art\u00edculo 62<\/li>\n<li style=\"font-weight: 400;\">El inciso final del art\u00edculo 2\u00ba y los art\u00edculos 39, 141, 142, 154, 157, 158, 159 y 161 de la Ley General de Bancos, cuyo texto refundido, sistematizado y concordado fue fijado por el Decreto con Fuerza de Ley N\u00ba 3, de 1997, del Ministerio de Hacienda5.1. Art\u00edculo 2\u00ba<br \/>\n5.2. Art\u00edculo 39, inciso primero<br \/>\n5.3. Art\u00edculo 39, inciso segundo<br \/>\n5.4. Art\u00edculo 39, inciso tercero, primera parte<br \/>\n5.5. Art\u00edculo 39, inciso tercero, segunda parte<br \/>\n5.6. Art\u00edculo 39, inciso tercero, \u00faltima parte<br \/>\n5.7. Art\u00edculo 141<br \/>\n5.8. Art\u00edculo 154<br \/>\n5.9. Art\u00edculo 157<br \/>\n5.10. Art\u00edculo 158, inciso primero<br \/>\n5.11. Art\u00edculo 158, inciso segundo<br \/>\n5.12. Art\u00edculo 159<br \/>\n5.13. Art\u00edculo 161<\/li>\n<li style=\"font-weight: 400;\">El art\u00edculo 12 y el inciso sexto del art\u00edculo 24, ambos de la ley de Reorganizaci\u00f3n o cierre de micro y peque\u00f1as empresas en crisis, contenida en el art\u00edculo und\u00e9cimo de la Ley N\u00ba 20.416, que Fija normas especiales para las empresas de menor tama\u00f1o6.1. Art\u00edculo 12<br \/>\n6.2. Art\u00edculo 24<\/li>\n<li style=\"font-weight: 400;\">Los art\u00edculos 4\u00ba y 13 de la Ley N\u00ba 20.345, sobre Sistemas de compensaci\u00f3n y liquidaci\u00f3n de instrumentos financieros7.1. Art\u00edculo 4\u00ba<br \/>\n7.2. Art\u00edculo 13<\/li>\n<li style=\"font-weight: 400;\">El art\u00edculo 49 del Decreto con Fuerza de Ley N\u00ba 251, de 1931, del Ministerio de Hacienda, sobre Compa\u00f1\u00edas de seguros, sociedades an\u00f3nimas y bolsas de comercio8.1. Art\u00edculo 49, Letra A<br \/>\n8.2. Art\u00edculo 49, Letra B<\/li>\n<li style=\"font-weight: 400;\">Los art\u00edculos 134 y 134 bis de la Ley N\u00ba 18.046, sobre Sociedades An\u00f3nimas9.1. Art\u00edculo 134, inciso primero<br \/>\n9.2. Art\u00edculo 134, inciso segundo<br \/>\n9.3. Art\u00edculo 134 bis, inciso primero<br \/>\n9.4. Art\u00edculo 134 bis, inciso segundo<\/li>\n<li style=\"font-weight: 400;\">Los N\u00bas. 2, 3, 4 y 7 del art\u00edculo 240, y los art\u00edculos 251 bis, 285, 286, 287 bis, 287 ter y 464 del C\u00f3digo Penal10.1. Art\u00edculo 240, N\u00ba 2<br \/>\n10.2. Art\u00edculo 240, N\u00ba 3<br \/>\n10.3. Art\u00edculo 240 N\u00ba 4<br \/>\n10.4. Art\u00edculo 240 N\u00ba 7<br \/>\n10.5. Art\u00edculo 251 bis<br \/>\n10.6. Art\u00edculo 285<br \/>\n10.7. Art\u00edculo 286<br \/>\n10.8. Art\u00edculo 287 bis<br \/>\n10.9. Art\u00edculo 287 ter<br \/>\n10.10. Art\u00edculo 464<\/li>\n<li style=\"font-weight: 400;\"><b><strong> DOLO<\/strong><\/b><\/li>\n<\/ol>\n<p style=\"font-weight: 400;\"><b><strong>III. BIEN JUR\u00cdDICO<\/strong><\/b><\/p>\n<ol>\n<li style=\"font-weight: 400;\"><b><strong> PENA<\/strong><\/b><\/li>\n<li style=\"font-weight: 400;\">Grado de desarrollo2. Responsables3. Autores\n<p>4. C\u00f3mplices<\/p>\n<p>5. Encubridores<\/p>\n<p>6. Penas privativas o restrictivas de libertad o de otros derechos<\/p>\n<p>6.1. Multa<br \/>\n6.2. Sanciones o medidas administrativas y penas<br \/>\n6.3. Inhabilitaci\u00f3n<br \/>\n6.3.1. Inhabilitaci\u00f3n para el ejercicio de cargos u oficios p\u00fablicos<br \/>\n6.3.2. Inhabilitaci\u00f3n para el ejercicio de cargos gerenciales<br \/>\n6.3.3. Inhabilitaci\u00f3n para contratar con el Estado<br \/>\n6.3.4. Extensi\u00f3n<br \/>\n6.3.5. Determinaci\u00f3n judicial de la extensi\u00f3n de la inhabilitaci\u00f3n<br \/>\n6.3.6. Duraci\u00f3n<br \/>\n6.3.7. Rehabilitaci\u00f3n<br \/>\n6.3.8. Reincidencia<\/p>\n<p>7. Atenuantes<\/p>\n<p>7.1. Son circunstancias atenuantes<br \/>\n7.2. Atenuantes muy calificadas<\/p>\n<p>8. Agravantes<\/p>\n<p>8.1. Son circunstancias agravantes<br \/>\n8.2. Agravantes muy calificadas<br \/>\n8.3. Efectos de las atenuantes y agravantes<\/li>\n<li style=\"font-weight: 400;\">Determinaci\u00f3n judicial de la pena<\/li>\n<li style=\"font-weight: 400;\">Penas sustitutivas de los delitos econ\u00f3micos10.1. Remisi\u00f3n condicional<br \/>\n10.2. Reclusi\u00f3n parcial en domicilio<br \/>\n10.3. Reclusi\u00f3n parcial en establecimiento especial<\/li>\n<li style=\"font-weight: 400;\">Abono<\/li>\n<li style=\"font-weight: 400;\">Comiso de ganancias12.1. Comiso sin condena previa<br \/>\n12.2. Medidas cautelares solicitadas por el Ministerio P\u00fablico<br \/>\n12.3. Medidas cautelares solicitadas por otras autoridades<br \/>\n12.4. Proporcionalidad<br \/>\n12.5. Prescripci\u00f3n<br \/>\n12.6. Acci\u00f3n civil<br \/>\n12.7. Excepciones al ejercicio de la acci\u00f3n civil<\/li>\n<li style=\"font-weight: 400;\">Tabla punitiva contenida en la Ley de Delitos Econ\u00f3micos (Ley N\u00ba 21.595)<\/li>\n<\/ol>\n","protected":false},"excerpt":{"rendered":"<p>Buscas un libro Jur\u00eddico.? Lo puedes encontrar en nuestra tienda virtual.<br \/>\nContamos con prestigiosos autores y muchas alternativas en sus diferentes materias al igual que grandes descuentos.! Vis\u00edtanos en <a class=\"ukcxvJpijceGTFFxIfqKiBzyBFYklewhHM \" href=\"https:\/\/lnkd.in\/eiAG7jdZ\" target=\"_blank\" rel=\"noopener\" data-test-app-aware-link=\"\">https:\/\/lnkd.in\/eiAG7jdZ<\/a><br \/>\nEscr\u00edbenos al +56930565235 \/ <a class=\"ukcxvJpijceGTFFxIfqKiBzyBFYklewhHM \" href=\"mailto:ventaslegallexglobal@gmail.com\" target=\"_self\" data-test-app-aware-link=\"\">ventaslegallexglobal@gmail.com<\/a><br \/>\nHacemos env\u00edos a todo Chile \u2013 Starken o Correos Chile \/ Te esperamos<\/p>\n","protected":false},"featured_media":3256,"comment_status":"open","ping_status":"closed","template":"","meta":{"inline_featured_image":false,"_joinchat":[]},"product_brand":[],"product_cat":[45,26,30,34,42],"product_tag":[],"class_list":{"0":"post-3213","1":"product","2":"type-product","3":"status-publish","4":"has-post-thumbnail","6":"product_cat-administrativo","7":"product_cat-derecho","8":"product_cat-penal","9":"product_cat-procesal-penal","10":"product_cat-thomson-reuters","11":"product_shipping_class-a-convenir","13":"first","14":"instock","15":"shipping-taxable","16":"purchasable","17":"product-type-simple"},"_links":{"self":[{"href":"https:\/\/bibliotecajuridicavirtual.cl\/index.php\/wp-json\/wp\/v2\/product\/3213","targetHints":{"allow":["GET"]}}],"collection":[{"href":"https:\/\/bibliotecajuridicavirtual.cl\/index.php\/wp-json\/wp\/v2\/product"}],"about":[{"href":"https:\/\/bibliotecajuridicavirtual.cl\/index.php\/wp-json\/wp\/v2\/types\/product"}],"replies":[{"embeddable":true,"href":"https:\/\/bibliotecajuridicavirtual.cl\/index.php\/wp-json\/wp\/v2\/comments?post=3213"}],"wp:featuredmedia":[{"embeddable":true,"href":"https:\/\/bibliotecajuridicavirtual.cl\/index.php\/wp-json\/wp\/v2\/media\/3256"}],"wp:attachment":[{"href":"https:\/\/bibliotecajuridicavirtual.cl\/index.php\/wp-json\/wp\/v2\/media?parent=3213"}],"wp:term":[{"taxonomy":"product_brand","embeddable":true,"href":"https:\/\/bibliotecajuridicavirtual.cl\/index.php\/wp-json\/wp\/v2\/product_brand?post=3213"},{"taxonomy":"product_cat","embeddable":true,"href":"https:\/\/bibliotecajuridicavirtual.cl\/index.php\/wp-json\/wp\/v2\/product_cat?post=3213"},{"taxonomy":"product_tag","embeddable":true,"href":"https:\/\/bibliotecajuridicavirtual.cl\/index.php\/wp-json\/wp\/v2\/product_tag?post=3213"}],"curies":[{"name":"wp","href":"https:\/\/api.w.org\/{rel}","templated":true}]}}