{"id":3217,"date":"2026-02-28T01:10:36","date_gmt":"2026-02-28T04:10:36","guid":{"rendered":"https:\/\/bibliotecajuridicavirtual.cl\/?post_type=product&#038;p=3217"},"modified":"2026-02-28T01:11:20","modified_gmt":"2026-02-28T04:11:20","slug":"medio-ambiente-y-derechos-humanos-ano-enero-2024-104-pag-autor-vicente-eduardo-diaz-godoy","status":"publish","type":"product","link":"https:\/\/bibliotecajuridicavirtual.cl\/index.php\/product\/medio-ambiente-y-derechos-humanos-ano-enero-2024-104-pag-autor-vicente-eduardo-diaz-godoy\/","title":{"rendered":"Medio Ambiente y Derechos Humanos. A\u00f1o Enero 2024\/ 104 P\u00e1g. Autor \tVicente Eduardo Diaz Godoy"},"content":{"rendered":"<p style=\"font-weight: 400;\">El derecho a la salud es innato del hombre y de su reconocimiento, luego de acontecimientos hist\u00f3ricos durante los dos \u00faltimos siglos, esta un\u00e1nimemente admitido por todas las sociedades y aceptado por todos los Estados comprendiendo en ellos los aspectos individuales y colectivos. Los Estados tienen la obligaci\u00f3n de proteger y proporcionar a sus ciudadanos el mayor bienestar para su disfrute y conservaci\u00f3n; siendo que su calidad es un producto social por lo tanto din\u00e1mico y resuelto de factores determinantes, tales como la biolog\u00eda humana, el medio ambiente, el sistema sanitario y los estilos de vida condicionados en la mayor\u00eda de os casos por el factor socioecon\u00f3mico. Por tanto, los Estados tienen el deber de establecer pol\u00edticas adecuadas y medio de implementaci\u00f3n para su efectividad.<\/p>\n<p style=\"font-weight: 400;\">Pero el hombre, al que le es reconocido como innato un derecho a la salud, vive en un entorno f\u00edsico y hasta hace poco tiempo, los recursos naturales renovables eran considerados solo medios de desarrollo socioecon\u00f3micos del hombre, lo cual implica una utilizaci\u00f3n irracional de los mismos, y por ende una tendencia al desgaste y extinci\u00f3n progresiva, tanto en el aspecto cuantitativo como en el cualitativo; raz\u00f3n por la cual la legislaci\u00f3n mundial ha previsto principios fundamentales, en el sentido de que exista un verdadero equilibrio del uso de esos recursos en especial en los pa\u00edses llamados del Tercer Mundo; donde la concepci\u00f3n de del desarrollo socio econ\u00f3mico se orienta equivocadamente hacia el despilfarro de las riquezas naturales, olvidando los par\u00e1metros bajo los cuales debe regirse la relaci\u00f3n hombre-naturaleza.<\/p>\n<p style=\"font-weight: 400;\">Actualmente, la importancia en el plano internacional del tema del ambiente es indiscutida; a trav\u00e9s del ambiente Planeta-Tierra se trata de producir una armonizaci\u00f3n de los diversos ordenamientos jur\u00eddicos para que sirvan de base a la universalizaci\u00f3n del Derecho Ambiental. Se han realizado esfuerzo para constituir un nuevo orden legal internacional com\u00fan para todos, los diversos intereses globales del planeta nos hacen referir a los grandes tratados suscritos por todos los representantes de la comunidad universal, entre otros, los derivados de la Declaraci\u00f3n de Estocolmo (1972); la Declaraci\u00f3n de Rio (1992), la Cumbre de Johannesburgo (2002) y el Acuerdo de Par\u00eds de 2015, las cuales evidencia el agrupamiento de numerosos Estados para lograr causas comunes, como por ejemplo, la Comunidad Europea, son algunos de los temas que revisaremos en este libro.<\/p>\n<p style=\"font-weight: 400;\">\n<p style=\"font-weight: 400;\"><b><strong>CAPITULO I<\/strong><\/b><br \/>\n<b><strong>FILOSOF\u00cdA DEL DERECHO HUMANO AL AMBIENTE<\/strong><\/b><\/p>\n<ol>\n<li style=\"font-weight: 400;\">EL HUMANISMO<\/li>\n<li style=\"font-weight: 400;\">PARADIGMAS EPISTEMICOS EN EL MARCO DEL DERECHO 16\n<p>B.1. Ius Naturalismo<br \/>\nB. 2. Ius Positivismo<br \/>\nB. 3. Los Derechos Humanos en el debate Ius Naturalismo-Ius Positivismo 18<br \/>\nB.4. Otros enfoques<\/li>\n<\/ol>\n<p style=\"font-weight: 400;\">C.- LOS DERECHOS HUMANOS EN EL MARCO DE LAS RELACIONES INTERNACIONALES<\/p>\n<p style=\"font-weight: 400;\">C.1. Explicaciones pol\u00edticas<br \/>\nC.2. Explicaciones econ\u00f3micas<br \/>\nC. 3 Explicaciones Ideol\u00f3gicas y Psicol\u00f3gicas<br \/>\nC.4 Uni\u00f3n de Factores Dom\u00e9sticos e Internacionales<\/p>\n<ol>\n<li style=\"font-weight: 400;\">CAMBIOS EN LAS RELACIONES INTERNACIONALES\n<p>D.1. El Realismo y Liberalismo<br \/>\nD.2. El Transnacionalismo<br \/>\nD.3. Eficacia y Difusi\u00f3n de las normas sobre Derechos Humanos<\/li>\n<\/ol>\n<p style=\"font-weight: 400;\"><b><strong>CAPITULO II<\/strong><\/b><br \/>\n<b><strong>LOS DERECHOS HUMANOS<\/strong><\/b><\/p>\n<ol>\n<li style=\"font-weight: 400;\">LOS DERECHOS HUMANOS COMO DERECHOS FRENTE AL ESTADO<br \/>\nB. RECONOCIMIENTO DE LOS DERECHOS HUMANOS<br \/>\nC. VARIABLES QUE DEFINEN LOS DERECHOS HUMANOS<br \/>\nD. EVOLUCI\u00d3N DE LOS DERECHOS HUMANOS<br \/>\nE. INSTRUMENTOS INTERNACIONALES SOBRE DERECHOS HUMANOS<\/li>\n<\/ol>\n<p style=\"font-weight: 400;\"><b><strong>CAPITULO III<\/strong><\/b><br \/>\n<b><strong>DEL DERECHO AL MEDIO AMBIENTE SANO EN EL AMBITO INTERNCIONAL<\/strong><\/b><\/p>\n<ol>\n<li style=\"font-weight: 400;\">EL DERECHO A LA SALUD\n<p>A.1. Reconocimiento y Protecci\u00f3n Internacional<br \/>\nA.2. Instrumento Internacionales Del Derecho a la Salud<\/li>\n<li style=\"font-weight: 400;\">LA PROBLEM\u00c1TICA AMBIENTAL<\/li>\n<\/ol>\n<p style=\"font-weight: 400;\">B.1. Las Conferencias Internacionales<br \/>\nB.1.1. La Conferencia Mundial de Estocolmo<br \/>\nB.1.2. La Cumbre de Nairobi (1982)<br \/>\nB.1.3 La Cumbre de Rio (1992)<br \/>\nB. 1.4. Protocolo de Kyoto<br \/>\nB.1.5. La Cumbre de Johannesburgo (2002)<br \/>\nB.16. Acuerdo de Paris (2015)<br \/>\nB.2. Reconocimiento Internacional del Derecho al medio Ambiente Sano<br \/>\nB.2.1 Los Reconocimientos Internacionales<br \/>\nB.2.2 Los reconocimientos Regionales<br \/>\nB.2.2.1. La Carta Africana<br \/>\nB.2.2.2. El Protocolo de San Salvador<br \/>\nB.2.2.3 La Uni\u00f3n Europea<\/p>\n<ol>\n<li style=\"font-weight: 400;\">EL DERECHO A LA SALUD Y DEL DERECHO AL MEDIO AMBIENTE SANO EN LA CONSTITUCIONES LATINOAMERICANAS<\/li>\n<\/ol>\n<p style=\"font-weight: 400;\">C.1. Argentina<br \/>\nC.2. Chile<br \/>\nC.3. Brasil<br \/>\nC.4. Colombia<br \/>\nC.5. Cuba<br \/>\nC.6. Per\u00fa<br \/>\nC.7. Panam\u00e1<br \/>\nC.8. Venezuela<\/p>\n<p>D. SALUD Y MEDIO AMBIENTE<\/p>\n<p style=\"font-weight: 400;\"><b><strong>CAPITULO IV<\/strong><\/b><br \/>\n<b><strong>LA GLOBALIZACION<\/strong><\/b><\/p>\n<ol>\n<li style=\"font-weight: 400;\">CARACTER\u00cdSTICAS DE LA GLOBALIZACI\u00d3N<\/li>\n<li style=\"font-weight: 400;\">DIMENSIONES DE LA GLOBALIZACION<\/li>\n<li style=\"font-weight: 400;\">GLOBALIZACION E INTEGRACION\n<p>C.1 El auge de la Integraci\u00f3n<br \/>\nC.2. La Integraci\u00f3n como proceso<br \/>\nC.2.1. Integraci\u00f3n Comercial<br \/>\nC.2.2. Integraci\u00f3n Econ\u00f3mica<br \/>\nC.2.3. Integraci\u00f3n Econ\u00f3mica y Pol\u00edtica<\/li>\n<li style=\"font-weight: 400;\">LA GLOBALIZACION EN LAS RELACIONES INTERNCIONALES<\/li>\n<\/ol>\n<p style=\"font-weight: 400;\"><b><strong>CAPITULO V<\/strong><\/b><br \/>\n<b><strong>RELACION ENTRE EL DERECHO A LA SALUD Y EL DERECHO AL MEDIO AMBIENTE SANO EN EL MARCO DE LA GLOBALIZACION<\/strong><\/b><\/p>\n<ol>\n<li style=\"font-weight: 400;\">EL CAR\u00c1CTER GLOBAL DE LOS DERECHOS HUMANOS<br \/>\nB. GLOBALIZACION Y MEDIO AMBIENTE<br \/>\nC. LA NORMATIVA AMBIENTAL<br \/>\nD. EL MEDIO AMBIENTE EN EL DERECHO PENAL INTERNCIONAL<\/li>\n<\/ol>\n","protected":false},"excerpt":{"rendered":"<p>El derecho a la salud es innato del hombre y de su reconocimiento, luego de acontecimientos hist\u00f3ricos durante los dos \u00faltimos siglos, esta un\u00e1nimemente admitido por todas las sociedades y aceptado por todos los Estados comprendiendo en ellos los aspectos individuales y colectivos. Los Estados tienen la obligaci\u00f3n de proteger y proporcionar a sus ciudadanos el mayor bienestar para su disfrute y conservaci\u00f3n; siendo que su calidad es un producto social por lo tanto din\u00e1mico y resuelto de factores determinantes, tales como la biolog\u00eda humana, el medio ambiente, el sistema sanitario y los estilos de vida condicionados en la mayor\u00eda de os casos por el factor socioecon\u00f3mico. Por tanto, los Estados tienen el deber de establecer pol\u00edticas adecuadas y medio de implementaci\u00f3n para su efectividad. Pero el hombre, al que le es reconocido como innato un derecho a la salud, vive en un entorno f\u00edsico y hasta hace poco tiempo, los recursos naturales renovables eran considerados solo medios de desarrollo socioecon\u00f3micos del hombre, lo cual implica una utilizaci\u00f3n irracional de los mismos, y por ende una tendencia al desgaste y extinci\u00f3n progresiva, tanto en el aspecto cuantitativo como en el cualitativo; raz\u00f3n por la cual la legislaci\u00f3n mundial ha previsto principios fundamentales, en el sentido de que exista un verdadero equilibrio del uso de esos recursos en especial en los pa\u00edses llamados del Tercer Mundo; donde la concepci\u00f3n de del desarrollo socio econ\u00f3mico se orienta equivocadamente hacia el despilfarro de las riquezas naturales, olvidando los par\u00e1metros bajo los cuales debe regirse la relaci\u00f3n hombre-naturaleza. Actualmente, la importancia en el plano internacional del tema del ambiente es indiscutida; a trav\u00e9s del ambiente Planeta-Tierra se trata de producir una armonizaci\u00f3n de los diversos ordenamientos jur\u00eddicos para que sirvan de base a la universalizaci\u00f3n del Derecho Ambiental. Se han realizado esfuerzo para constituir un nuevo orden legal internacional com\u00fan para todos, los diversos intereses globales del planeta nos hacen referir a los grandes tratados suscritos por todos los representantes de la comunidad universal, entre otros, los derivados de la Declaraci\u00f3n de Estocolmo (1972); la Declaraci\u00f3n de Rio (1992), la Cumbre de Johannesburgo (2002) y el Acuerdo de Par\u00eds de 2015, las cuales evidencia el agrupamiento de numerosos Estados para lograr causas comunes, como por ejemplo, la Comunidad Europea, son algunos de los temas que revisaremos en este libro. CAPITULO I FILOSOF\u00cdA DEL DERECHO HUMANO AL AMBIENTE EL HUMANISMO PARADIGMAS EPISTEMICOS EN EL MARCO DEL DERECHO 16 B.1. Ius Naturalismo B. 2. Ius Positivismo B. 3. Los Derechos Humanos en el debate Ius Naturalismo-Ius Positivismo 18 B.4. Otros enfoques C.- LOS DERECHOS HUMANOS EN EL MARCO DE LAS RELACIONES INTERNACIONALES C.1. Explicaciones pol\u00edticas C.2. Explicaciones econ\u00f3micas C. 3 Explicaciones Ideol\u00f3gicas y Psicol\u00f3gicas C.4 Uni\u00f3n de Factores Dom\u00e9sticos e Internacionales CAMBIOS EN LAS RELACIONES INTERNACIONALES D.1. El Realismo y Liberalismo D.2. El Transnacionalismo D.3. Eficacia y Difusi\u00f3n de las normas sobre Derechos Humanos CAPITULO II LOS DERECHOS HUMANOS LOS DERECHOS HUMANOS COMO DERECHOS FRENTE AL ESTADO B. RECONOCIMIENTO DE LOS DERECHOS HUMANOS C. VARIABLES QUE DEFINEN LOS DERECHOS HUMANOS D. EVOLUCI\u00d3N DE LOS DERECHOS HUMANOS E. INSTRUMENTOS INTERNACIONALES SOBRE DERECHOS HUMANOS CAPITULO III DEL DERECHO AL MEDIO AMBIENTE SANO EN EL AMBITO INTERNCIONAL EL DERECHO A LA SALUD A.1. Reconocimiento y Protecci\u00f3n Internacional A.2. Instrumento Internacionales Del Derecho a la Salud LA PROBLEM\u00c1TICA AMBIENTAL B.1. Las Conferencias Internacionales B.1.1. La Conferencia Mundial de Estocolmo B.1.2. La Cumbre de Nairobi (1982) B.1.3 La Cumbre de Rio (1992) B. 1.4. Protocolo de Kyoto B.1.5. La Cumbre de Johannesburgo (2002) B.16. Acuerdo de Paris (2015) B.2. Reconocimiento Internacional del Derecho al medio Ambiente Sano B.2.1 Los Reconocimientos Internacionales B.2.2 Los reconocimientos Regionales B.2.2.1. La Carta Africana B.2.2.2. El Protocolo de San Salvador B.2.2.3 La Uni\u00f3n Europea EL DERECHO A LA SALUD Y DEL DERECHO AL MEDIO AMBIENTE SANO EN LA CONSTITUCIONES LATINOAMERICANAS C.1. Argentina C.2. Chile C.3. Brasil C.4. Colombia C.5. Cuba C.6. Per\u00fa C.7. Panam\u00e1 C.8. Venezuela D. SALUD Y MEDIO AMBIENTE CAPITULO IV LA GLOBALIZACION CARACTER\u00cdSTICAS DE LA GLOBALIZACI\u00d3N DIMENSIONES DE LA GLOBALIZACION GLOBALIZACION E INTEGRACION C.1 El auge de la Integraci\u00f3n C.2. La Integraci\u00f3n como proceso C.2.1. Integraci\u00f3n Comercial C.2.2. Integraci\u00f3n Econ\u00f3mica C.2.3. Integraci\u00f3n Econ\u00f3mica y Pol\u00edtica LA GLOBALIZACION EN LAS RELACIONES INTERNCIONALES CAPITULO V RELACION ENTRE EL DERECHO A LA SALUD Y EL DERECHO AL MEDIO AMBIENTE SANO EN EL MARCO DE LA GLOBALIZACION EL CAR\u00c1CTER GLOBAL DE LOS DERECHOS HUMANOS B. GLOBALIZACION Y MEDIO AMBIENTE C. LA NORMATIVA AMBIENTAL D. EL MEDIO AMBIENTE EN EL DERECHO PENAL INTERNCIONAL<\/p>\n","protected":false},"featured_media":3275,"comment_status":"open","ping_status":"closed","template":"","meta":{"inline_featured_image":false,"_joinchat":[]},"product_brand":[],"product_cat":[31],"product_tag":[],"class_list":{"0":"post-3217","1":"product","2":"type-product","3":"status-publish","4":"has-post-thumbnail","6":"product_cat-derecho-ambiental","7":"product_shipping_class-a-convenir","9":"first","10":"instock","11":"shipping-taxable","12":"purchasable","13":"product-type-simple"},"_links":{"self":[{"href":"https:\/\/bibliotecajuridicavirtual.cl\/index.php\/wp-json\/wp\/v2\/product\/3217","targetHints":{"allow":["GET"]}}],"collection":[{"href":"https:\/\/bibliotecajuridicavirtual.cl\/index.php\/wp-json\/wp\/v2\/product"}],"about":[{"href":"https:\/\/bibliotecajuridicavirtual.cl\/index.php\/wp-json\/wp\/v2\/types\/product"}],"replies":[{"embeddable":true,"href":"https:\/\/bibliotecajuridicavirtual.cl\/index.php\/wp-json\/wp\/v2\/comments?post=3217"}],"wp:featuredmedia":[{"embeddable":true,"href":"https:\/\/bibliotecajuridicavirtual.cl\/index.php\/wp-json\/wp\/v2\/media\/3275"}],"wp:attachment":[{"href":"https:\/\/bibliotecajuridicavirtual.cl\/index.php\/wp-json\/wp\/v2\/media?parent=3217"}],"wp:term":[{"taxonomy":"product_brand","embeddable":true,"href":"https:\/\/bibliotecajuridicavirtual.cl\/index.php\/wp-json\/wp\/v2\/product_brand?post=3217"},{"taxonomy":"product_cat","embeddable":true,"href":"https:\/\/bibliotecajuridicavirtual.cl\/index.php\/wp-json\/wp\/v2\/product_cat?post=3217"},{"taxonomy":"product_tag","embeddable":true,"href":"https:\/\/bibliotecajuridicavirtual.cl\/index.php\/wp-json\/wp\/v2\/product_tag?post=3217"}],"curies":[{"name":"wp","href":"https:\/\/api.w.org\/{rel}","templated":true}]}}