{"id":3218,"date":"2026-02-28T01:10:36","date_gmt":"2026-02-28T04:10:36","guid":{"rendered":"https:\/\/bibliotecajuridicavirtual.cl\/?post_type=product&#038;p=3218"},"modified":"2026-02-28T01:11:21","modified_gmt":"2026-02-28T04:11:21","slug":"boletin-jurisprudencia-de-derecho-laboral-nro-15-desafueros-maternales-ano-enero-2024-146-pag-autor-editorial-hammurabi","status":"publish","type":"product","link":"https:\/\/bibliotecajuridicavirtual.cl\/index.php\/product\/boletin-jurisprudencia-de-derecho-laboral-nro-15-desafueros-maternales-ano-enero-2024-146-pag-autor-editorial-hammurabi\/","title":{"rendered":"Bolet\u00edn Jurisprudencia de Derecho Laboral Nro 15 &#8211; Desafueros Maternales. A\u00f1o Enero 2024\/146 P\u00e1g. Autor   Editorial Hammurabi"},"content":{"rendered":"<ol>\n<li style=\"font-weight: 400;\"><b><strong> FICHAS DE DESAFUERO MATERNAL<\/strong><\/b><\/li>\n<\/ol>\n<p style=\"font-weight: 400;\">FICHA N\u00ba 1: DEMANDA DE DESAFUERO MATERNAL. PROCEDIMIENTO ORDINARIO DE APLICACI\u00d3N GENERAL. FUERO MATERNAL. RECURSO DE UNIFICACI\u00d3N DE JURISPRUDENCIA.<\/p>\n<p style=\"font-weight: 400;\">An\u00e1lisis de la pretensi\u00f3n y defensa<br \/>\n1. S\u00edntesis de los fallos<br \/>\n2. Conclusiones finales<\/p>\n<p style=\"font-weight: 400;\">FICHA N\u00ba 2: DEMANDA DE DESAFUERO LABORAL. RECURSO DE UNIFICACI\u00d3N DE JURISPRUDENCIA. FUERO MATERNAL. CONTRATO DE TRABAJO.<\/p>\n<p style=\"font-weight: 400;\">An\u00e1lisis de la pretensi\u00f3n y defensa<br \/>\n1. S\u00edntesis de los fallos<br \/>\n2. Conclusiones finales<\/p>\n<p style=\"font-weight: 400;\">FICHA N\u00ba 3: DEMANDA DE DESAFUERO MATERNAL. JUICIO LABORAL. RECURSO DE NULIDAD.<\/p>\n<p>An\u00e1lisis de la pretensi\u00f3n y defensa<br \/>\n1. S\u00edntesis de los fallos<br \/>\n2. Conclusiones finales<\/p>\n<p style=\"font-weight: 400;\">FICHA N\u00ba 4: DEMANDA LABORAL DE DESAFUERO MATERNAL, EN PROCEDIMIENTO DE APLICACI\u00d3N GENERAL. RECURSO DE NULIDAD. CONTRATO DE HONORARIOS. DESAFUERO LABORAL.<\/p>\n<p>An\u00e1lisis de la pretensi\u00f3n y defensa<br \/>\n1. S\u00edntesis de los fallos<br \/>\n2. Conclusiones finales<\/p>\n<p style=\"font-weight: 400;\">FICHA N\u00ba 5: JUICIO ORAL POR DESAFUERO MATERNAL. DESVINCULACI\u00d3N DE TODOS LOS TRABAJADORES DE LA EMPRESA. RECURSO DE NULIDAD. AUTORIZA AL EMPLEADOR PARA PONER T\u00c9RMINO AL CONTRATO DE TRABAJO.<\/p>\n<p>An\u00e1lisis de la pretensi\u00f3n y defensa<br \/>\n1. S\u00edntesis de los fallos<br \/>\n2. Conclusiones finales<\/p>\n<p style=\"font-weight: 400;\">FICHA N\u00ba 6: AUTORIZACI\u00d3N PARA PONER T\u00c9RMINO AL CONTRATO DE TRABAJO. CONTRATO A PLAZO FIJO. SOLICITUD DE DESAFUERO.<\/p>\n<p>An\u00e1lisis de la pretensi\u00f3n y defensa<br \/>\n1. S\u00edntesis de los fallos<br \/>\n2. Conclusiones finales<\/p>\n<p style=\"font-weight: 400;\">FICHA N\u00ba 7: DEMANDA DE DESAFUERO LABORAL. FUERO MATERNAL. POSTNATAL. T\u00c9RMINO DE CONTRATO DE TRABAJO.<\/p>\n<p style=\"font-weight: 400;\">An\u00e1lisis de la pretensi\u00f3n y defensa<br \/>\n1. S\u00edntesis de los fallos<br \/>\n2. Conclusiones finales<\/p>\n<p style=\"font-weight: 400;\">FICHA N\u00ba 8: DEMANDA DE DESAFUERO MATERNAL. T\u00c9RMINO DEL CONTRATO DE TRABAJO DE LA TRABAJADORA. DESAFUERO MATERNAL.<\/p>\n<p style=\"font-weight: 400;\">An\u00e1lisis de la pretensi\u00f3n y defensa<br \/>\n1. S\u00edntesis de los fallos<br \/>\n2. Conclusiones finales<\/p>\n<p style=\"font-weight: 400;\">FICHA N\u00ba 9: DEMANDA DE DESAFUERO LABORAL POR FUERO MATERNAL. EMBARAZO DE LA DEMANDADA. SENTENCIA DE REEMPLAZO. RECURSO DE UNIFICACI\u00d3N DE JURISPRUDENCIA ACOGIDO. DESAFUERO MATERNAL.<\/p>\n<p style=\"font-weight: 400;\">An\u00e1lisis de la pretensi\u00f3n y defensa<br \/>\n1. S\u00edntesis de los fallos<br \/>\n2. Conclusiones finales<\/p>\n<p style=\"font-weight: 400;\">FICHA N\u00ba 10: DEMANDA DE DESAFUERO MATERNAL. T\u00c9RMINO AL CONTRATO DE TRABAJO DE LA TRABAJADORA. RECURSO DE NULIDAD.<\/p>\n<p style=\"font-weight: 400;\">An\u00e1lisis de la pretensi\u00f3n y defensa<br \/>\n1. S\u00edntesis de los fallos<br \/>\n2. Conclusiones finales<\/p>\n<p style=\"font-weight: 400;\">FICHA N\u00ba 11: DESAFUERO MATERNAL. AUTORIZACI\u00d3N A LA PARTE DEMANDANTE PARA PONER T\u00c9RMINO AL CONTRATO DE TRABAJO. DEMANDA DE DESAFUERO.<\/p>\n<p style=\"font-weight: 400;\">An\u00e1lisis de la pretensi\u00f3n y defensa<br \/>\n1. S\u00edntesis de los fallos<br \/>\n2. Conclusiones finales<\/p>\n<p style=\"font-weight: 400;\">FICHA N\u00ba 12: T\u00c9RMINO AL CONTRATO DE TRABAJO DOCENTE. FUERO MATERNO. DEMANDA DE DESAFUERO. PROFESORA DE EDUCACI\u00d3N DIFERENCIAL.<\/p>\n<p style=\"font-weight: 400;\">An\u00e1lisis de la pretensi\u00f3n y defensa<br \/>\n1. S\u00edntesis de los fallos<br \/>\n2. Conclusiones finales<\/p>\n<ol>\n<li style=\"font-weight: 400;\"><b><strong> SENTENCIAS DE LA CORTE SUPREMA \u2013 DESAFUERO MATERNAL<\/strong><\/b><\/li>\n<\/ol>\n<p style=\"font-weight: 400;\">Sentencia 1<br \/>\nSentencia 2<br \/>\nSentencia 3<br \/>\nSentencia 4<br \/>\nSentencia 5<br \/>\nSentencia 6<br \/>\nSentencia 7<br \/>\nSentencia 8<br \/>\nSentencia 9<br \/>\nSentencia 10<br \/>\nSentencia 11<br \/>\nSentencia 12<\/p>\n","protected":false},"excerpt":{"rendered":"<p>FICHAS DE DESAFUERO MATERNAL FICHA N\u00ba 1: DEMANDA DE DESAFUERO MATERNAL. PROCEDIMIENTO ORDINARIO DE APLICACI\u00d3N GENERAL. FUERO MATERNAL. RECURSO DE UNIFICACI\u00d3N DE JURISPRUDENCIA. An\u00e1lisis de la pretensi\u00f3n y defensa 1. S\u00edntesis de los fallos 2. Conclusiones finales FICHA N\u00ba 2: DEMANDA DE DESAFUERO LABORAL. RECURSO DE UNIFICACI\u00d3N DE JURISPRUDENCIA. FUERO MATERNAL. CONTRATO DE TRABAJO. An\u00e1lisis de la pretensi\u00f3n y defensa 1. S\u00edntesis de los fallos 2. Conclusiones finales FICHA N\u00ba 3: DEMANDA DE DESAFUERO MATERNAL. JUICIO LABORAL. RECURSO DE NULIDAD. An\u00e1lisis de la pretensi\u00f3n y defensa 1. S\u00edntesis de los fallos 2. Conclusiones finales FICHA N\u00ba 4: DEMANDA LABORAL DE DESAFUERO MATERNAL, EN PROCEDIMIENTO DE APLICACI\u00d3N GENERAL. RECURSO DE NULIDAD. CONTRATO DE HONORARIOS. DESAFUERO LABORAL. An\u00e1lisis de la pretensi\u00f3n y defensa 1. S\u00edntesis de los fallos 2. Conclusiones finales FICHA N\u00ba 5: JUICIO ORAL POR DESAFUERO MATERNAL. DESVINCULACI\u00d3N DE TODOS LOS TRABAJADORES DE LA EMPRESA. RECURSO DE NULIDAD. AUTORIZA AL EMPLEADOR PARA PONER T\u00c9RMINO AL CONTRATO DE TRABAJO. An\u00e1lisis de la pretensi\u00f3n y defensa 1. S\u00edntesis de los fallos 2. Conclusiones finales FICHA N\u00ba 6: AUTORIZACI\u00d3N PARA PONER T\u00c9RMINO AL CONTRATO DE TRABAJO. CONTRATO A PLAZO FIJO. SOLICITUD DE DESAFUERO. An\u00e1lisis de la pretensi\u00f3n y defensa 1. S\u00edntesis de los fallos 2. Conclusiones finales FICHA N\u00ba 7: DEMANDA DE DESAFUERO LABORAL. FUERO MATERNAL. POSTNATAL. T\u00c9RMINO DE CONTRATO DE TRABAJO. An\u00e1lisis de la pretensi\u00f3n y defensa 1. S\u00edntesis de los fallos 2. Conclusiones finales FICHA N\u00ba 8: DEMANDA DE DESAFUERO MATERNAL. T\u00c9RMINO DEL CONTRATO DE TRABAJO DE LA TRABAJADORA. DESAFUERO MATERNAL. An\u00e1lisis de la pretensi\u00f3n y defensa 1. S\u00edntesis de los fallos 2. Conclusiones finales FICHA N\u00ba 9: DEMANDA DE DESAFUERO LABORAL POR FUERO MATERNAL. EMBARAZO DE LA DEMANDADA. SENTENCIA DE REEMPLAZO. RECURSO DE UNIFICACI\u00d3N DE JURISPRUDENCIA ACOGIDO. DESAFUERO MATERNAL. An\u00e1lisis de la pretensi\u00f3n y defensa 1. S\u00edntesis de los fallos 2. Conclusiones finales FICHA N\u00ba 10: DEMANDA DE DESAFUERO MATERNAL. T\u00c9RMINO AL CONTRATO DE TRABAJO DE LA TRABAJADORA. RECURSO DE NULIDAD. An\u00e1lisis de la pretensi\u00f3n y defensa 1. S\u00edntesis de los fallos 2. Conclusiones finales FICHA N\u00ba 11: DESAFUERO MATERNAL. AUTORIZACI\u00d3N A LA PARTE DEMANDANTE PARA PONER T\u00c9RMINO AL CONTRATO DE TRABAJO. DEMANDA DE DESAFUERO. An\u00e1lisis de la pretensi\u00f3n y defensa 1. S\u00edntesis de los fallos 2. Conclusiones finales FICHA N\u00ba 12: T\u00c9RMINO AL CONTRATO DE TRABAJO DOCENTE. FUERO MATERNO. DEMANDA DE DESAFUERO. PROFESORA DE EDUCACI\u00d3N DIFERENCIAL. An\u00e1lisis de la pretensi\u00f3n y defensa 1. S\u00edntesis de los fallos 2. Conclusiones finales SENTENCIAS DE LA CORTE SUPREMA \u2013 DESAFUERO MATERNAL Sentencia 1 Sentencia 2 Sentencia 3 Sentencia 4 Sentencia 5 Sentencia 6 Sentencia 7 Sentencia 8 Sentencia 9 Sentencia 10 Sentencia 11 Sentencia 12<\/p>\n","protected":false},"featured_media":3276,"comment_status":"open","ping_status":"closed","template":"","meta":{"inline_featured_image":false,"_joinchat":[]},"product_brand":[],"product_cat":[41],"product_tag":[],"class_list":{"0":"post-3218","1":"product","2":"type-product","3":"status-publish","4":"has-post-thumbnail","6":"product_cat-laboral","7":"product_shipping_class-a-convenir","9":"first","10":"instock","11":"shipping-taxable","12":"purchasable","13":"product-type-simple"},"_links":{"self":[{"href":"https:\/\/bibliotecajuridicavirtual.cl\/index.php\/wp-json\/wp\/v2\/product\/3218","targetHints":{"allow":["GET"]}}],"collection":[{"href":"https:\/\/bibliotecajuridicavirtual.cl\/index.php\/wp-json\/wp\/v2\/product"}],"about":[{"href":"https:\/\/bibliotecajuridicavirtual.cl\/index.php\/wp-json\/wp\/v2\/types\/product"}],"replies":[{"embeddable":true,"href":"https:\/\/bibliotecajuridicavirtual.cl\/index.php\/wp-json\/wp\/v2\/comments?post=3218"}],"wp:featuredmedia":[{"embeddable":true,"href":"https:\/\/bibliotecajuridicavirtual.cl\/index.php\/wp-json\/wp\/v2\/media\/3276"}],"wp:attachment":[{"href":"https:\/\/bibliotecajuridicavirtual.cl\/index.php\/wp-json\/wp\/v2\/media?parent=3218"}],"wp:term":[{"taxonomy":"product_brand","embeddable":true,"href":"https:\/\/bibliotecajuridicavirtual.cl\/index.php\/wp-json\/wp\/v2\/product_brand?post=3218"},{"taxonomy":"product_cat","embeddable":true,"href":"https:\/\/bibliotecajuridicavirtual.cl\/index.php\/wp-json\/wp\/v2\/product_cat?post=3218"},{"taxonomy":"product_tag","embeddable":true,"href":"https:\/\/bibliotecajuridicavirtual.cl\/index.php\/wp-json\/wp\/v2\/product_tag?post=3218"}],"curies":[{"name":"wp","href":"https:\/\/api.w.org\/{rel}","templated":true}]}}