{"id":3233,"date":"2026-02-28T01:10:57","date_gmt":"2026-02-28T04:10:57","guid":{"rendered":"https:\/\/bibliotecajuridicavirtual.cl\/?post_type=product&#038;p=3233"},"modified":"2026-02-28T01:11:24","modified_gmt":"2026-02-28T04:11:24","slug":"boletin-de-jurisprudencia-de-derecho-laboral-nro-16-prescripcion-laboral-ano-enero-2024-187-pag-autor","status":"publish","type":"product","link":"https:\/\/bibliotecajuridicavirtual.cl\/index.php\/product\/boletin-de-jurisprudencia-de-derecho-laboral-nro-16-prescripcion-laboral-ano-enero-2024-187-pag-autor\/","title":{"rendered":"Bolet\u00edn de Jurisprudencia de Derecho Laboral Nro 16 &#8211;  Prescripci\u00f3n Laboral. A\u00f1o Enero 2024\/  187 P\u00e1g. Autor"},"content":{"rendered":"<p>N\u00ba1, 2021. ACCIDENTES DEL TRABAJO<br \/>\nN\u00ba2, 2021. DESPIDO INDIRECTO<br \/>\nN\u00ba3, 2021. DESPIDO INJUSTIFICADO<br \/>\nN\u00ba4, 2021. TUTELA LABORAL<br \/>\nN\u00ba5, 2022. FUNCIONARIOS MUNICIPALES<br \/>\nN\u00ba6, 2022. CAUSALES DEL ART\u00cdCULO 160 EN LA TERMINACI\u00d3N DEL CONTRATO<br \/>\nN\u00ba7, 2022. PR\u00c1CTICAS ANTISINDICALES<br \/>\nN\u00ba8, 2022. CAUSALES DEL ART\u00cdCULO 159 EN LA TERMINACI\u00d3N DEL CONTRATO<br \/>\nN\u00ba9, 2022. CAUSALES DEL ART\u00cdCULO 161 EN LA TERMINACI\u00d3N DEL CONTRATO<br \/>\nN\u00ba10, 2022. ACOSO LABORAL O MOBBING<br \/>\nN\u00ba11, 2023. ENFERMEDADES PROFESIONALES<br \/>\nN\u00ba12, 2023. SUBCONTRATACI\u00d3N<br \/>\nN\u00ba13, 2023. ART\u00cdCULO 184 DEL C\u00d3DIGO DEL TRABAJO<br \/>\nN\u00ba14, 2023. UNIFICACI\u00d3N DE JURISPRUDENCIA<br \/>\nN\u00ba15, 2024. DESAFUEROS MATERNALES<br \/>\nN\u00ba16, 2024. PRESCRIPCI\u00d3N LABORAL<\/p>\n","protected":false},"excerpt":{"rendered":"<p>N\u00ba1, 2021. ACCIDENTES DEL TRABAJO N\u00ba2, 2021. DESPIDO INDIRECTO N\u00ba3, 2021. DESPIDO INJUSTIFICADO N\u00ba4, 2021. TUTELA LABORAL N\u00ba5, 2022. FUNCIONARIOS MUNICIPALES N\u00ba6, 2022. CAUSALES DEL ART\u00cdCULO 160 EN LA TERMINACI\u00d3N DEL CONTRATO N\u00ba7, 2022. PR\u00c1CTICAS ANTISINDICALES N\u00ba8, 2022. CAUSALES DEL ART\u00cdCULO 159 EN LA TERMINACI\u00d3N DEL CONTRATO N\u00ba9, 2022. CAUSALES DEL ART\u00cdCULO 161 EN LA TERMINACI\u00d3N DEL CONTRATO N\u00ba10, 2022. ACOSO LABORAL O MOBBING N\u00ba11, 2023. ENFERMEDADES PROFESIONALES N\u00ba12, 2023. SUBCONTRATACI\u00d3N N\u00ba13, 2023. ART\u00cdCULO 184 DEL C\u00d3DIGO DEL TRABAJO N\u00ba14, 2023. UNIFICACI\u00d3N DE JURISPRUDENCIA N\u00ba15, 2024. DESAFUEROS MATERNALES N\u00ba16, 2024. PRESCRIPCI\u00d3N LABORAL<\/p>\n","protected":false},"featured_media":3278,"comment_status":"open","ping_status":"closed","template":"","meta":{"inline_featured_image":false,"_joinchat":[]},"product_brand":[],"product_cat":[41],"product_tag":[],"class_list":{"0":"post-3233","1":"product","2":"type-product","3":"status-publish","4":"has-post-thumbnail","6":"product_cat-laboral","7":"product_shipping_class-a-convenir","9":"first","10":"instock","11":"shipping-taxable","12":"purchasable","13":"product-type-simple"},"_links":{"self":[{"href":"https:\/\/bibliotecajuridicavirtual.cl\/index.php\/wp-json\/wp\/v2\/product\/3233","targetHints":{"allow":["GET"]}}],"collection":[{"href":"https:\/\/bibliotecajuridicavirtual.cl\/index.php\/wp-json\/wp\/v2\/product"}],"about":[{"href":"https:\/\/bibliotecajuridicavirtual.cl\/index.php\/wp-json\/wp\/v2\/types\/product"}],"replies":[{"embeddable":true,"href":"https:\/\/bibliotecajuridicavirtual.cl\/index.php\/wp-json\/wp\/v2\/comments?post=3233"}],"wp:featuredmedia":[{"embeddable":true,"href":"https:\/\/bibliotecajuridicavirtual.cl\/index.php\/wp-json\/wp\/v2\/media\/3278"}],"wp:attachment":[{"href":"https:\/\/bibliotecajuridicavirtual.cl\/index.php\/wp-json\/wp\/v2\/media?parent=3233"}],"wp:term":[{"taxonomy":"product_brand","embeddable":true,"href":"https:\/\/bibliotecajuridicavirtual.cl\/index.php\/wp-json\/wp\/v2\/product_brand?post=3233"},{"taxonomy":"product_cat","embeddable":true,"href":"https:\/\/bibliotecajuridicavirtual.cl\/index.php\/wp-json\/wp\/v2\/product_cat?post=3233"},{"taxonomy":"product_tag","embeddable":true,"href":"https:\/\/bibliotecajuridicavirtual.cl\/index.php\/wp-json\/wp\/v2\/product_tag?post=3233"}],"curies":[{"name":"wp","href":"https:\/\/api.w.org\/{rel}","templated":true}]}}