{"id":3234,"date":"2026-02-28T01:10:57","date_gmt":"2026-02-28T04:10:57","guid":{"rendered":"https:\/\/bibliotecajuridicavirtual.cl\/?post_type=product&#038;p=3234"},"modified":"2026-02-28T01:11:26","modified_gmt":"2026-02-28T04:11:26","slug":"delito-y-responsabilidad-civil-extracontractual-una-dogmatica-comparada-ano-2022-468-pag-autor-marta-pantaleon-diaz","status":"publish","type":"product","link":"https:\/\/bibliotecajuridicavirtual.cl\/index.php\/product\/delito-y-responsabilidad-civil-extracontractual-una-dogmatica-comparada-ano-2022-468-pag-autor-marta-pantaleon-diaz\/","title":{"rendered":"Delito y Responsabilidad Civil Extracontractual, Una Dogm\u00e1tica Comparada.A\u00f1o 2022\/ 468 P\u00e1g.Autor Marta Pantaleon Diaz"},"content":{"rendered":"<p style=\"box-sizing: border-box; margin-bottom: 10px; color: #383838; font-family: Roboto; font-size: 14px; font-style: normal; font-weight: 400;\">\u00bfQu\u00e9 elementos comparten las estructuras dogm\u00e1ticas del delito y del (mal) llamado \u2018il\u00edcito civil\u2019, presupuesto de la responsabilidad extracontractual por culpa? \u00bfCu\u00e1les las separan? \u00bfSon la imprudencia, la causalidad y la imputaci\u00f3n objetiva requisitos comunes de ambas formas de responsabilidad o, por el contrario, categor\u00edas que han de construirse de forma diferente en uno y otro \u00e1mbito?. estas son, entre otras, las preguntas a las que trata de ofrecer una respuesta este libro. Su autora se aproxima a ellas desde un punto de vista netamente funcional, partiendo de la premisa de que, en el ordenamiento jur\u00eddico espa\u00f1ol, la pena y la responsabilidad civil tienen cometidos muy diferentes: la primera es una instituci\u00f3n dise\u00f1ada para prevenir delitos; la segunda, para resarcir da\u00f1os. As\u00ed como la v\u00edctima concreta del delito tiene un papel solo accesorio en relaci\u00f3n con los fines del castigo estatal, el perjudicado por el da\u00f1o es el protagonista de los conflictos que trata de resolver el Derecho de da\u00f1os.<\/p>\n<p style=\"box-sizing: border-box; margin-bottom: 10px; color: #383838; font-family: Roboto; font-size: 14px; font-style: normal; font-weight: 400;\">Nota preliminar.<\/p>\n<p style=\"box-sizing: border-box; margin-bottom: 10px; color: #383838; font-family: Roboto; font-size: 14px; font-style: normal; font-weight: 400;\">Abreviaturas.<\/p>\n<p style=\"box-sizing: border-box; margin-bottom: 10px; color: #383838; font-family: Roboto; font-size: 14px; font-style: normal; font-weight: 400;\">Pr\u00f3logo.<\/p>\n<p style=\"box-sizing: border-box; margin-bottom: 10px; color: #383838; font-family: Roboto; font-size: 14px; font-style: normal; font-weight: 400;\">Resumen introductorio.<\/p>\n<p style=\"box-sizing: border-box; margin-bottom: 10px; color: #383838; font-family: Roboto; font-size: 14px; font-style: normal; font-weight: 400;\">Cap\u00edtulo 1. Prevenir y resarcir<\/p>\n<p style=\"box-sizing: border-box; margin-bottom: 10px; color: #383838; font-family: Roboto; font-size: 14px; font-style: normal; font-weight: 400;\">Cap\u00edtulo 2. La perturbaci\u00f3n como elemento estructural com\u00fan a la responsabilidad penal y la responsabilidad civil<\/p>\n<p style=\"box-sizing: border-box; margin-bottom: 10px; color: #383838; font-family: Roboto; font-size: 14px; font-style: normal; font-weight: 400;\">Cap\u00edtulo 3. Los espec\u00edficamente penal<\/p>\n<p style=\"box-sizing: border-box; margin-bottom: 10px; color: #383838; font-family: Roboto; font-size: 14px; font-style: normal; font-weight: 400;\">Cap\u00edtulo 4. Los espec\u00edficamente civil<\/p>\n<p style=\"box-sizing: border-box; margin-bottom: 10px; color: #383838; font-family: Roboto; font-size: 14px; font-style: normal; font-weight: 400;\">Cap\u00edtulo 5. Algunas implicaciones pr\u00e1cticas<\/p>\n<p style=\"box-sizing: border-box; margin-bottom: 10px; color: #383838; font-family: Roboto; font-size: 14px; font-style: normal; font-weight: 400;\">Conclusiones.<\/p>\n<blockquote>\n<p style=\"box-sizing: border-box; margin-bottom: 10px; color: #383838; font-family: Roboto; font-size: 14px; font-style: normal; font-weight: 400;\">Bibliograf\u00eda.<\/p>\n<\/blockquote>\n","protected":false},"excerpt":{"rendered":"<p>\u00bfQu\u00e9 elementos comparten las estructuras dogm\u00e1ticas del delito y del (mal) llamado \u2018il\u00edcito civil\u2019, presupuesto de la responsabilidad extracontractual por culpa? \u00bfCu\u00e1les las separan? \u00bfSon la imprudencia, la causalidad y la imputaci\u00f3n objetiva requisitos comunes de ambas formas de responsabilidad o, por el contrario, categor\u00edas que han de construirse de forma diferente en uno y otro \u00e1mbito?. estas son, entre otras, las preguntas a las que trata de ofrecer una respuesta este libro. Su autora se aproxima a ellas desde un punto de vista netamente funcional, partiendo de la premisa de que, en el ordenamiento jur\u00eddico espa\u00f1ol, la pena y la responsabilidad civil tienen cometidos muy diferentes: la primera es una instituci\u00f3n dise\u00f1ada para prevenir delitos; la segunda, para resarcir da\u00f1os. As\u00ed como la v\u00edctima concreta del delito tiene un papel solo accesorio en relaci\u00f3n con los fines del castigo estatal, el perjudicado por el da\u00f1o es el protagonista de los conflictos que trata de resolver el Derecho de da\u00f1os. Nota preliminar. Abreviaturas. Pr\u00f3logo. Resumen introductorio. Cap\u00edtulo 1. Prevenir y resarcir Cap\u00edtulo 2. La perturbaci\u00f3n como elemento estructural com\u00fan a la responsabilidad penal y la responsabilidad civil Cap\u00edtulo 3. Los espec\u00edficamente penal Cap\u00edtulo 4. Los espec\u00edficamente civil Cap\u00edtulo 5. Algunas implicaciones pr\u00e1cticas Conclusiones. Bibliograf\u00eda.<\/p>\n","protected":false},"featured_media":3279,"comment_status":"open","ping_status":"closed","template":"","meta":{"inline_featured_image":false,"_joinchat":[]},"product_brand":[],"product_cat":[27],"product_tag":[],"class_list":{"0":"post-3234","1":"product","2":"type-product","3":"status-publish","4":"has-post-thumbnail","6":"product_cat-civil","7":"product_shipping_class-a-convenir","9":"first","10":"instock","11":"shipping-taxable","12":"purchasable","13":"product-type-simple"},"_links":{"self":[{"href":"https:\/\/bibliotecajuridicavirtual.cl\/index.php\/wp-json\/wp\/v2\/product\/3234","targetHints":{"allow":["GET"]}}],"collection":[{"href":"https:\/\/bibliotecajuridicavirtual.cl\/index.php\/wp-json\/wp\/v2\/product"}],"about":[{"href":"https:\/\/bibliotecajuridicavirtual.cl\/index.php\/wp-json\/wp\/v2\/types\/product"}],"replies":[{"embeddable":true,"href":"https:\/\/bibliotecajuridicavirtual.cl\/index.php\/wp-json\/wp\/v2\/comments?post=3234"}],"wp:featuredmedia":[{"embeddable":true,"href":"https:\/\/bibliotecajuridicavirtual.cl\/index.php\/wp-json\/wp\/v2\/media\/3279"}],"wp:attachment":[{"href":"https:\/\/bibliotecajuridicavirtual.cl\/index.php\/wp-json\/wp\/v2\/media?parent=3234"}],"wp:term":[{"taxonomy":"product_brand","embeddable":true,"href":"https:\/\/bibliotecajuridicavirtual.cl\/index.php\/wp-json\/wp\/v2\/product_brand?post=3234"},{"taxonomy":"product_cat","embeddable":true,"href":"https:\/\/bibliotecajuridicavirtual.cl\/index.php\/wp-json\/wp\/v2\/product_cat?post=3234"},{"taxonomy":"product_tag","embeddable":true,"href":"https:\/\/bibliotecajuridicavirtual.cl\/index.php\/wp-json\/wp\/v2\/product_tag?post=3234"}],"curies":[{"name":"wp","href":"https:\/\/api.w.org\/{rel}","templated":true}]}}