{"id":3235,"date":"2026-02-28T01:10:57","date_gmt":"2026-02-28T04:10:57","guid":{"rendered":"https:\/\/bibliotecajuridicavirtual.cl\/?post_type=product&#038;p=3235"},"modified":"2026-02-28T01:11:28","modified_gmt":"2026-02-28T04:11:28","slug":"codigo-penal-vigesima-cuarta-edicion-ano-2024-820-pag-autor-tatiana-vargas-pinto","status":"publish","type":"product","link":"https:\/\/bibliotecajuridicavirtual.cl\/index.php\/product\/codigo-penal-vigesima-cuarta-edicion-ano-2024-820-pag-autor-tatiana-vargas-pinto\/","title":{"rendered":"C\u00f3digo Penal &#8211; Vig\u00e9sima Cuarta Edici\u00f3n. A\u00f1o 2024 \/ 820 P\u00e1g. Autor Tatiana Vargas Pinto"},"content":{"rendered":"<p style=\"font-weight: 400;\"><b><strong>Actualizado al 3 de enero de 2024.<\/strong><\/b><\/p>\n<p>El equipo de Thomson Reuters lleva d\u00e9cadas realizando este trabajo de actualizaci\u00f3n, con un nivel de excelencia dif\u00edcil de igualar y ampliamente reconocido por los profesionales del derecho.<\/p>\n<p style=\"font-weight: 400;\">Todo el valor diferencial de la edici\u00f3n impresa tambi\u00e9n la tienes en su versi\u00f3n digital, a trav\u00e9s de Proview.<\/p>\n<p style=\"font-weight: 400;\"><u><br \/>\nCaracter\u00edsticas<\/u><\/p>\n<p style=\"font-weight: 400;\"><b><strong>&#8211;\u00a0Respaldo de un Director<\/strong><\/b><br \/>\nCada c\u00f3digo cuenta con la supervisi\u00f3n de un abogado destacado en la materia, encargado de revisar anualmente las normas que componen el ap\u00e9ndice, concordancias, t\u00edtulos de art\u00edculos e \u00edndice tem\u00e1tico.<br \/>\n<b><strong><br \/>\n&#8211;\u00a0Ap\u00e9ndice normativo<\/strong><\/b><br \/>\nCompilaci\u00f3n y sistematizaci\u00f3n de normas complementarias al c\u00f3digo, indispensables para el ejercicio profesional.<\/p>\n<p style=\"font-weight: 400;\"><b><strong>&#8211;\u00a0T\u00edtulos en art\u00edculos del c\u00f3digo y del ap\u00e9ndice<\/strong><\/b><br \/>\nEn cada art\u00edculo del c\u00f3digo y en las normas del ap\u00e9ndice, se presenta una breve descripci\u00f3n de su contenido.<\/p>\n<p><b><strong>&#8211;\u00a0Concordancias<\/strong><\/b><br \/>\nMuestra la relaci\u00f3n entre art\u00edculos del mismo c\u00f3digo o con otras normas, cuando tratan sobre materias similares.<br \/>\n<b><strong><br \/>\n&#8211;\u00a0\u00cdndice tem\u00e1tico<\/strong><\/b><br \/>\nEsta secci\u00f3n, ubicada al final de cada c\u00f3digo, incluye diversos t\u00e9rminos jur\u00eddicos, contenidos en el mismo cuerpo legal, con referencia al n\u00famero del art\u00edculo en que se encuentra tratado el concepto.<br \/>\n<b><strong><br \/>\n&#8211;\u00a0Articulado y ap\u00e9ndice actualizados<\/strong><\/b><br \/>\nTodos los art\u00edculos est\u00e1n actualizados hasta la fecha de cierre de la edici\u00f3n de este c\u00f3digo.<\/p>\n<p style=\"font-weight: 400;\"><u>Contenido<\/u><\/p>\n<p style=\"font-weight: 400;\"><b><strong>&#8211; C\u00d3DIGO PENAL<\/strong><\/b><\/p>\n<p style=\"font-weight: 400;\"><b><strong>&#8211; AP\u00c9NDICE CON LAS SIGUIENTES LEYES:<\/strong><\/b><\/p>\n<p style=\"font-weight: 400;\">\u2013 Decreto Ley N\u00ba 321. Establece la libertad condicional para las personas condenadas a penas privativas de libertad (D.O. 12 de marzo de 1925)<\/p>\n<p style=\"font-weight: 400;\">\u2013 Decreto N\u00ba 338. Aprueba el Reglamento del Decreto Ley N\u00ba 321, de 1925, que Establece la Libertad Condicional para las Personas Condenadas a Penas Privativas de Libertad (D.O. de 17 de septiembre de 2020)<\/p>\n<p style=\"font-weight: 400;\">\u2013 Ley N\u00ba 18.216. Establece penas que indica como sustitutivas a las penas privativas o restrictivas de libertad (D.O. de 14 de mayo de 1983)<\/p>\n<p style=\"font-weight: 400;\">\u2013 Decreto N\u00ba 1.120. Reglamento de la Ley N\u00ba 18.216 (D.O. de 18 de enero de 1984)<\/p>\n<p style=\"font-weight: 400;\">\u2013 Decreto N\u00ba 515. Aprueba reglamento de monitoreo telem\u00e1tico de condenados a penas sustitutivas a las penas privativas o restrictivas de libertad (D.O. de 18 de enero de 2013)<\/p>\n<p style=\"font-weight: 400;\">\u2013 Decreto N\u00ba 890. Fija texto actualizado de la Ley N\u00ba 12.927, sobre Seguridad del Estado (D.O. de 26 de agosto de 1975)<\/p>\n<p style=\"font-weight: 400;\">\u2013 Ley N\u00ba 18.314. Determina conductas terroristas y fija su penalidad (D.O. de 17 de mayo de 1984)<\/p>\n<p style=\"font-weight: 400;\">\u2013 Ley N\u00ba 19.913. Crea la Unidad de An\u00e1lisis Financiero y modifica diversas disposiciones en materia de lavado y blanqueo de activos (D.O. de 18 de diciembre de 2003)<\/p>\n<p style=\"font-weight: 400;\">\u2013 Ley N\u00ba 20.393. Establece la responsabilidad penal de las personas jur\u00eddicas en los delitos que indica (D.O. de 2 de diciembre de 2009)<\/p>\n<p style=\"font-weight: 400;\">\u2013 Ley N\u00ba 20.000. Sustituye la Ley N\u00ba 19.366, que sanciona el tr\u00e1fico il\u00edcito de estupefacientes y sustancias sicotr\u00f3picas (D.O. de 16 de febrero de 2005)<\/p>\n<p style=\"font-weight: 400;\">\u2013 Decreto Supremo N\u00ba 867. Aprueba reglamento de la Ley N\u00ba 20.000 que sanciona el tr\u00e1fico il\u00edcito de estupefacientes y sustancias sicotr\u00f3picas y sustituye la Ley N\u00ba 19.366 (D.O. de 19 de febrero de 2008)<\/p>\n<p style=\"font-weight: 400;\">\u2013 Ley N\u00ba 19.327. De derechos y deberes en los espect\u00e1culos de f\u00fatbol profesional (D.O. de 31 de agosto de 1994)<\/p>\n<p style=\"font-weight: 400;\">\u2013 Ley N\u00ba 19.925. Sobre expendio y consumo de bebidas alcoh\u00f3licas (D.O. de 19 de enero de 2004)<\/p>\n<p style=\"font-weight: 400;\">\u2013 Decreto N\u00ba 808. Promulga la Convenci\u00f3n contra la tortura y otros tratos o penas crueles, inhumanos o degradantes, adoptada por la Asamblea General de la Organizaci\u00f3n de las Naciones Unidas mediante Resoluci\u00f3n N\u00ba 39\/46, de fecha 10 de diciembre de 1984 (D.O. de 26 de noviembre de 1988)<\/p>\n<p style=\"font-weight: 400;\">\u2013 Decreto N\u00ba 809. Promulga la Convenci\u00f3n interamericana para prevenir y sancionar la tortura, adoptada el 9.12.85 por la Organizaci\u00f3n de los Estados Americanos en el decimoquinto per\u00edodo ordinario de sesiones de la Asamblea General N\u00ba 809 (D.O. de 26 de noviembre de 1988)<\/p>\n<p style=\"font-weight: 400;\">\u2013 Ley N\u00ba 20.084. Establece un sistema de responsabilidad de los adolescentes por infracciones a la ley penal (D.O. de 7 de diciembre de 2005)<\/p>\n<p style=\"font-weight: 400;\">\u2013 Ley N\u00ba 20.066. Establece Ley de Violencia Intrafamiliar (D.O. de 7 de octubre de 2005)<\/p>\n<p style=\"font-weight: 400;\">\u2013 Decreto con Fuerza de Ley N\u00ba 1. Fija texto refundido, coordinado y sistematizado de la Ley de Tr\u00e1nsito (D.O. de 29 de octubre de 2009)<\/p>\n<p style=\"font-weight: 400;\">\u2013 Ley N\u00ba 21.459. Establece normas sobre delitos inform\u00e1ticos, deroga la Ley N\u00ba 19.223 y modifica otros cuerpos legales con el objeto de adecuarlos al convenio de Budapest (D.O. 20 de junio de 2022)<\/p>\n<p style=\"font-weight: 400;\">\u2013 Ley N\u00ba 21.595. Ley de delitos econ\u00f3micos (D.O. de 17 de agosto de 2023)<\/p>\n<p style=\"font-weight: 400;\">\n<p style=\"font-weight: 400;\"><b><strong>MODIFICACIONES INCORPORADAS A ESTA EDICI\u00d3N<\/strong><\/b><\/p>\n<p style=\"font-weight: 400;\">Modificaciones introducidas en el per\u00edodo comprendido entre el 1 de febrero de 2002 y el 3 de enero de 2024:<\/p>\n<p style=\"font-weight: 400;\">\u2013 El art\u00edculo 3\u00ba de la Ley N\u00ba 21.638, publicada en el Diario Oficial de 26 de diciembre de 2023, modifica el art\u00edculo 269 ter del C\u00f3digo Penal.<\/p>\n<p style=\"font-weight: 400;\">\u2013 El art\u00edculo 1\u00ba de la Ley N\u00ba 21.633, publicada en el Diario Oficial de 24 de noviembre de 2023, modifica los art\u00edculos 457, 457 bis, 458, 458 bis, 462 bis y 470 bis del C\u00f3digo Penal.<\/p>\n<p style=\"font-weight: 400;\">\u2013 El art\u00edculo 2\u00ba de la Ley N\u00ba 21.632, publicada en el Diario Oficial de 23 de noviembre de 2023, modifica los art\u00edculos 27 y 39 de la Ley N\u00ba 19.913, que crea la unidad de an\u00e1lisis financiero y modifica diversas disposiciones en materia de lavado y blanqueo de activos.<\/p>\n<p style=\"font-weight: 400;\">\u2013 El art\u00edculo 1\u00ba de la Ley N\u00ba 21.627, publicada en el Diario Oficial de 9 de noviembre de 2023, modifica los art\u00edculos 2\u00ba, 3\u00ba, 4\u00ba, 5\u00ba y 6\u00ba del Decreto Ley N\u00ba 321, que establece la libertad condicional para las personas condenadas a penas privativas de libertad.<\/p>\n<p style=\"font-weight: 400;\">\u2013 El art\u00edculo \u00fanico de la Ley N\u00ba 21.620, publicada en el Diario Oficial de 25 de octubre de 2023, agrega el art\u00edculo 288 ter del C\u00f3digo Penal.<\/p>\n<p style=\"font-weight: 400;\">\u2013 El art\u00edculo 1\u00ba de la Ley N\u00ba 21.601, publicada en el Diario Oficial de 11 de septiembre de 2023, modifica los art\u00edculos 39, 39 bis, 56, 62, 71, 192, 199, 200, 200 bis, 201 y 204 del Decreto con Fuerza de Ley N\u00ba 1, que Fija el texto refundido, coordinado y sistematizado de la Ley de Tr\u00e1nsito.<\/p>\n<p style=\"font-weight: 400;\">\u2013 El art\u00edculo 3\u00ba de la Ley N\u00ba 21.601, publicada en el Diario Oficial de 11 de septiembre de 2023, modifica el art\u00edculo 456 bis del C\u00f3digo Penal.<\/p>\n<p style=\"font-weight: 400;\">\u2013 El Decreto N\u00ba 180, publicado en el Diario Oficial de 16 de septiembre de 2022, modifica el art\u00edculo 4\u00ba del Decreto Supremo N\u00ba 867, Reglamento de la Ley N\u00ba 20.000 que sanciona el tr\u00e1fico il\u00edcito de estupefacientes y sustancias sicotr\u00f3picas y sustituye la Ley N\u00ba 19.366.<\/p>\n<p style=\"font-weight: 400;\">\u2013 El art\u00edculo \u00fanico de la Ley N\u00ba 21.594, publicada en el Diario Oficial de 8 de septiembre de 2023, agrega el art\u00edculo 304 tera al C\u00f3digo Penal.<\/p>\n<p style=\"font-weight: 400;\">\u2013 El art\u00edculo 21 de la Ley N\u00ba 21.592, publicada en el Diario Oficial de 21 de agosto de 2023, modifica los art\u00edculos 211, 211 bis, 211 ter y 246 bis del C\u00f3digo Penal.<\/p>\n<p style=\"font-weight: 400;\">\u2013 El art\u00edculo 48 de la Ley N\u00ba 21.595, publicada en el Diario Oficial de 17 de agosto de 2023, modifica los art\u00edculos 24 bis, 78 bis, 240, 247 bis, 284, 284 bis, 284 ter, 284 qu\u00e1ter, 284 quinquies, 284 sexies, 285, 286, 287 bis, 287 ter, Libro II T\u00edtulo VI P\u00e1rrafo 13, 305, 306, 307, 308, 309, 310, 310 bis, 310 ter, 311, 311 bis, 311 ter, 311 qu\u00e1ter, 311 quinquies, 311 sexies, 312, 459, 463, 463 bis, 463 ter, 464, 464 bis, 464 ter, 464 qu\u00e1ter, 465 bis, 466, 467, 468, 470, 472, 472 bis y 472 ter del C\u00f3digo Penal.<\/p>\n<p style=\"font-weight: 400;\">\u2013 El art\u00edculo 50 de la Ley N\u00ba 21.595, publicada en el Diario Oficial de 17 de agosto de 2023, modifica los art\u00edculos 1\u00ba, 2\u00ba, 3\u00ba, 4\u00ba, 5\u00ba, 6\u00ba, 7\u00ba, 8\u00ba, 9\u00ba, 10, 11, 11 bis, 12, 13, 14, 15, 16, T\u00edtulo II P\u00e1rrafo 2 bis, 17, 17 bis, 17 ter, 17 qu\u00e1ter, 17 quinquies, 18, 18 bis, 19, T\u00edtulo II P\u00e1rrafo 4, 19 bis, 20, 20 bis y 25 de la Ley N\u00ba 20.393, que Establece la responsabilidad penal de las personas jur\u00eddicas en los delitos de lavado de activos, financiamiento del terrorismo y delitos de cohecho que indica.<\/p>\n<p style=\"font-weight: 400;\">\u2013 El art\u00edculo 56 de la Ley N\u00ba 21.595, publicada en el Diario Oficial de 17 de agosto de 2023, modifica el art\u00edculo 27 de la Ley N\u00ba 19.913, que crea la unidad de an\u00e1lisis financiero y modifica diversas disposiciones en materia de lavado y blanqueo de activos.<\/p>\n<p style=\"font-weight: 400;\">\u2013 El art\u00edculo 1\u00ba de la Ley N\u00ba 21.587, publicada en el Diario Oficial de 5 de agosto de 2023, modifica el art\u00edculo 198 del Decreto con Fuerza de Ley N\u00ba 1, que Fija el texto refundido, coordinado y sistematizado de la Ley de Tr\u00e1nsito.<\/p>\n<p style=\"font-weight: 400;\">\u2013 El art\u00edculo 2\u00ba de la Ley N\u00ba 21.587, publicada en el Diario Oficial de 5 de agosto de 2023, modifica el art\u00edculo 485 del C\u00f3digo Penal.<\/p>\n<p style=\"font-weight: 400;\">\u2013 El art\u00edculo \u00fanico de la Ley N\u00ba 21.579, publicada en el Diario Oficial de 16 de junio de 2023, modifica los art\u00edculos 6\u00ba y 7\u00ba transitorios del Decreto con Fuerza de Ley N\u00ba 1, que Fija el texto refundido, coordinado y sistematizado de la Ley de Tr\u00e1nsito.<\/p>\n<p style=\"font-weight: 400;\">\u2013 El art\u00edculo 1\u00ba de la Ley N\u00ba 21.577, publicada en el Diario Oficial de 15 de junio de 2023, modifica los art\u00edculos 12, 20, 24 bis, 24 ter, 31, 31 bis, 31 ter, 48, 60, 269 ter, P\u00e1rrafo 10 del T\u00edtulo VI del Libro Segundo, 292, 293, 293 bis, 294, 294 bis, 294 ter, 295, 369 ter, 411 octies y 448 qu\u00e1ter del C\u00f3digo Penal.<\/p>\n<p style=\"font-weight: 400;\">\u2013 El art\u00edculo 3\u00ba de la Ley N\u00ba 21.577, publicada en el Diario Oficial de 15 de junio de 2023, modifica el art\u00edculo 1\u00ba de la Ley N\u00ba 18.216, Establece penas que indica como sustitutivas a las penas privativas o restrictivas de libertad y deroga disposiciones que se\u00f1ala.<\/p>\n<p style=\"font-weight: 400;\">\u2013 El art\u00edculo 4\u00ba de la Ley N\u00ba 21.577, publicada en el Diario Oficial de 15 de junio de 2023, modifica el art\u00edculo 3\u00ba del Decreto Ley N\u00ba 321, que establece la libertad condicional para las personas condenadas a penas privativas de libertad.<\/p>\n<p style=\"font-weight: 400;\">\u2013 El art\u00edculo 1\u00ba de la Ley N\u00ba 21.575, publicada en el Diario Oficial de 23 de mayo de 2023, modifica los art\u00edculos 4\u00ba, 5\u00ba, 5\u00ba bis, 8\u00ba, 9\u00ba, 19, 40, 40 bis, 41, 43, 45, 46, 55, 56, 57, 59 y 63 de la Ley N\u00ba 20.000 que sanciona el tr\u00e1fico il\u00edcito de estupefacientes y sustancias sicotr\u00f3picas y sustituye la Ley N\u00ba 19.366.<\/p>\n<p style=\"font-weight: 400;\">\u2013 El art\u00edculo 4\u00ba de la Ley N\u00ba 21.575, publicada en el Diario Oficial de 23 de mayo de 2023, modifica el art\u00edculo 3\u00ba de la Ley N\u00ba 19.913, que crea la unidad de an\u00e1lisis financiero y modifica diversas disposiciones en materia de lavado y blanqueo de activos.<\/p>\n<p style=\"font-weight: 400;\">[&#8230;]<\/p>\n","protected":false},"excerpt":{"rendered":"<p>Actualizado al 3 de enero de 2024. El equipo de Thomson Reuters lleva d\u00e9cadas realizando este trabajo de actualizaci\u00f3n, con un nivel de excelencia dif\u00edcil de igualar y ampliamente reconocido por los profesionales del derecho. Todo el valor diferencial de la edici\u00f3n impresa tambi\u00e9n la tienes en su versi\u00f3n digital, a trav\u00e9s de Proview. Caracter\u00edsticas &#8211;\u00a0Respaldo de un Director Cada c\u00f3digo cuenta con la supervisi\u00f3n de un abogado destacado en la materia, encargado de revisar anualmente las normas que componen el ap\u00e9ndice, concordancias, t\u00edtulos de art\u00edculos e \u00edndice tem\u00e1tico. &#8211;\u00a0Ap\u00e9ndice normativo Compilaci\u00f3n y sistematizaci\u00f3n de normas complementarias al c\u00f3digo, indispensables para el ejercicio profesional. &#8211;\u00a0T\u00edtulos en art\u00edculos del c\u00f3digo y del ap\u00e9ndice En cada art\u00edculo del c\u00f3digo y en las normas del ap\u00e9ndice, se presenta una breve descripci\u00f3n de su contenido. &#8211;\u00a0Concordancias Muestra la relaci\u00f3n entre art\u00edculos del mismo c\u00f3digo o con otras normas, cuando tratan sobre materias similares. &#8211;\u00a0\u00cdndice tem\u00e1tico Esta secci\u00f3n, ubicada al final de cada c\u00f3digo, incluye diversos t\u00e9rminos jur\u00eddicos, contenidos en el mismo cuerpo legal, con referencia al n\u00famero del art\u00edculo en que se encuentra tratado el concepto. &#8211;\u00a0Articulado y ap\u00e9ndice actualizados Todos los art\u00edculos est\u00e1n actualizados hasta la fecha de cierre de la edici\u00f3n de este c\u00f3digo. Contenido &#8211; C\u00d3DIGO PENAL &#8211; AP\u00c9NDICE CON LAS SIGUIENTES LEYES: \u2013 Decreto Ley N\u00ba 321. Establece la libertad condicional para las personas condenadas a penas privativas de libertad (D.O. 12 de marzo de 1925) \u2013 Decreto N\u00ba 338. Aprueba el Reglamento del Decreto Ley N\u00ba 321, de 1925, que Establece la Libertad Condicional para las Personas Condenadas a Penas Privativas de Libertad (D.O. de 17 de septiembre de 2020) \u2013 Ley N\u00ba 18.216. Establece penas que indica como sustitutivas a las penas privativas o restrictivas de libertad (D.O. de 14 de mayo de 1983) \u2013 Decreto N\u00ba 1.120. Reglamento de la Ley N\u00ba 18.216 (D.O. de 18 de enero de 1984) \u2013 Decreto N\u00ba 515. Aprueba reglamento de monitoreo telem\u00e1tico de condenados a penas sustitutivas a las penas privativas o restrictivas de libertad (D.O. de 18 de enero de 2013) \u2013 Decreto N\u00ba 890. Fija texto actualizado de la Ley N\u00ba 12.927, sobre Seguridad del Estado (D.O. de 26 de agosto de 1975) \u2013 Ley N\u00ba 18.314. Determina conductas terroristas y fija su penalidad (D.O. de 17 de mayo de 1984) \u2013 Ley N\u00ba 19.913. Crea la Unidad de An\u00e1lisis Financiero y modifica diversas disposiciones en materia de lavado y blanqueo de activos (D.O. de 18 de diciembre de 2003) \u2013 Ley N\u00ba 20.393. Establece la responsabilidad penal de las personas jur\u00eddicas en los delitos que indica (D.O. de 2 de diciembre de 2009) \u2013 Ley N\u00ba 20.000. Sustituye la Ley N\u00ba 19.366, que sanciona el tr\u00e1fico il\u00edcito de estupefacientes y sustancias sicotr\u00f3picas (D.O. de 16 de febrero de 2005) \u2013 Decreto Supremo N\u00ba 867. Aprueba reglamento de la Ley N\u00ba 20.000 que sanciona el tr\u00e1fico il\u00edcito de estupefacientes y sustancias sicotr\u00f3picas y sustituye la Ley N\u00ba 19.366 (D.O. de 19 de febrero de 2008) \u2013 Ley N\u00ba 19.327. De derechos y deberes en los espect\u00e1culos de f\u00fatbol profesional (D.O. de 31 de agosto de 1994) \u2013 Ley N\u00ba 19.925. Sobre expendio y consumo de bebidas alcoh\u00f3licas (D.O. de 19 de enero de 2004) \u2013 Decreto N\u00ba 808. Promulga la Convenci\u00f3n contra la tortura y otros tratos o penas crueles, inhumanos o degradantes, adoptada por la Asamblea General de la Organizaci\u00f3n de las Naciones Unidas mediante Resoluci\u00f3n N\u00ba 39\/46, de fecha 10 de diciembre de 1984 (D.O. de 26 de noviembre de 1988) \u2013 Decreto N\u00ba 809. Promulga la Convenci\u00f3n interamericana para prevenir y sancionar la tortura, adoptada el 9.12.85 por la Organizaci\u00f3n de los Estados Americanos en el decimoquinto per\u00edodo ordinario de sesiones de la Asamblea General N\u00ba 809 (D.O. de 26 de noviembre de 1988) \u2013 Ley N\u00ba 20.084. Establece un sistema de responsabilidad de los adolescentes por infracciones a la ley penal (D.O. de 7 de diciembre de 2005) \u2013 Ley N\u00ba 20.066. Establece Ley de Violencia Intrafamiliar (D.O. de 7 de octubre de 2005) \u2013 Decreto con Fuerza de Ley N\u00ba 1. Fija texto refundido, coordinado y sistematizado de la Ley de Tr\u00e1nsito (D.O. de 29 de octubre de 2009) \u2013 Ley N\u00ba 21.459. Establece normas sobre delitos inform\u00e1ticos, deroga la Ley N\u00ba 19.223 y modifica otros cuerpos legales con el objeto de adecuarlos al convenio de Budapest (D.O. 20 de junio de 2022) \u2013 Ley N\u00ba 21.595. Ley de delitos econ\u00f3micos (D.O. de 17 de agosto de 2023) MODIFICACIONES INCORPORADAS A ESTA EDICI\u00d3N Modificaciones introducidas en el per\u00edodo comprendido entre el 1 de febrero de 2002 y el 3 de enero de 2024: \u2013 El art\u00edculo 3\u00ba de la Ley N\u00ba 21.638, publicada en el Diario Oficial de 26 de diciembre de 2023, modifica el art\u00edculo 269 ter del C\u00f3digo Penal. \u2013 El art\u00edculo 1\u00ba de la Ley N\u00ba 21.633, publicada en el Diario Oficial de 24 de noviembre de 2023, modifica los art\u00edculos 457, 457 bis, 458, 458 bis, 462 bis y 470 bis del C\u00f3digo Penal. \u2013 El art\u00edculo 2\u00ba de la Ley N\u00ba 21.632, publicada en el Diario Oficial de 23 de noviembre de 2023, modifica los art\u00edculos 27 y 39 de la Ley N\u00ba 19.913, que crea la unidad de an\u00e1lisis financiero y modifica diversas disposiciones en materia de lavado y blanqueo de activos. \u2013 El art\u00edculo 1\u00ba de la Ley N\u00ba 21.627, publicada en el Diario Oficial de 9 de noviembre de 2023, modifica los art\u00edculos 2\u00ba, 3\u00ba, 4\u00ba, 5\u00ba y 6\u00ba del Decreto Ley N\u00ba 321, que establece la libertad condicional para las personas condenadas a penas privativas de libertad. \u2013 El art\u00edculo \u00fanico de la Ley N\u00ba 21.620, publicada en el Diario Oficial de 25 de octubre de 2023, agrega el art\u00edculo 288 ter del C\u00f3digo Penal. \u2013 El art\u00edculo 1\u00ba de la Ley N\u00ba 21.601, publicada en el Diario Oficial de 11 de septiembre de 2023, modifica los art\u00edculos 39, 39 bis, 56, 62, 71, 192, 199, 200, 200 bis, 201 y 204 del<\/p>\n","protected":false},"featured_media":3280,"comment_status":"open","ping_status":"closed","template":"","meta":{"inline_featured_image":false,"_joinchat":[]},"product_brand":[],"product_cat":[30,42],"product_tag":[],"class_list":{"0":"post-3235","1":"product","2":"type-product","3":"status-publish","4":"has-post-thumbnail","6":"product_cat-penal","7":"product_cat-thomson-reuters","8":"product_shipping_class-a-convenir","10":"first","11":"instock","12":"shipping-taxable","13":"purchasable","14":"product-type-simple"},"_links":{"self":[{"href":"https:\/\/bibliotecajuridicavirtual.cl\/index.php\/wp-json\/wp\/v2\/product\/3235","targetHints":{"allow":["GET"]}}],"collection":[{"href":"https:\/\/bibliotecajuridicavirtual.cl\/index.php\/wp-json\/wp\/v2\/product"}],"about":[{"href":"https:\/\/bibliotecajuridicavirtual.cl\/index.php\/wp-json\/wp\/v2\/types\/product"}],"replies":[{"embeddable":true,"href":"https:\/\/bibliotecajuridicavirtual.cl\/index.php\/wp-json\/wp\/v2\/comments?post=3235"}],"wp:featuredmedia":[{"embeddable":true,"href":"https:\/\/bibliotecajuridicavirtual.cl\/index.php\/wp-json\/wp\/v2\/media\/3280"}],"wp:attachment":[{"href":"https:\/\/bibliotecajuridicavirtual.cl\/index.php\/wp-json\/wp\/v2\/media?parent=3235"}],"wp:term":[{"taxonomy":"product_brand","embeddable":true,"href":"https:\/\/bibliotecajuridicavirtual.cl\/index.php\/wp-json\/wp\/v2\/product_brand?post=3235"},{"taxonomy":"product_cat","embeddable":true,"href":"https:\/\/bibliotecajuridicavirtual.cl\/index.php\/wp-json\/wp\/v2\/product_cat?post=3235"},{"taxonomy":"product_tag","embeddable":true,"href":"https:\/\/bibliotecajuridicavirtual.cl\/index.php\/wp-json\/wp\/v2\/product_tag?post=3235"}],"curies":[{"name":"wp","href":"https:\/\/api.w.org\/{rel}","templated":true}]}}