{"id":3236,"date":"2026-02-28T01:10:57","date_gmt":"2026-02-28T04:10:57","guid":{"rendered":"https:\/\/bibliotecajuridicavirtual.cl\/?post_type=product&#038;p=3236"},"modified":"2026-02-28T01:11:29","modified_gmt":"2026-02-28T04:11:29","slug":"codigo-civil-vigesima-cuarta-edicion-ano-2024-1-292-pag-autor-javier-barrientos-grandon","status":"publish","type":"product","link":"https:\/\/bibliotecajuridicavirtual.cl\/index.php\/product\/codigo-civil-vigesima-cuarta-edicion-ano-2024-1-292-pag-autor-javier-barrientos-grandon\/","title":{"rendered":"C\u00f3digo Civil &#8211; Vig\u00e9sima Cuarta Edici\u00f3n. A\u00f1o 2024\/ 1.292 P\u00e1g. Autor Javier Barrientos Grandon"},"content":{"rendered":"<p style=\"font-weight: 400;\"><b><strong>Actualizado al 3 de enero de 2024.<\/strong><\/b><\/p>\n<p>El equipo de Thomson Reuters lleva d\u00e9cadas realizando este trabajo de actualizaci\u00f3n, con un nivel de excelencia dif\u00edcil de igualar y ampliamente reconocido por los profesionales del derecho.<\/p>\n<p style=\"font-weight: 400;\">Todo el valor diferencial de la edici\u00f3n impresa tambi\u00e9n la tienes en su versi\u00f3n digital, a trav\u00e9s de Proview.<\/p>\n<p style=\"font-weight: 400;\"><u><br \/>\nCaracter\u00edsticas<\/u><\/p>\n<p style=\"font-weight: 400;\"><b><strong>&#8211;\u00a0Respaldo de un Director<\/strong><\/b><br \/>\nCada c\u00f3digo cuenta con la supervisi\u00f3n de un abogado destacado en la materia, encargado de revisar anualmente las normas que componen el ap\u00e9ndice, concordancias, t\u00edtulos de art\u00edculos e \u00edndice tem\u00e1tico.<br \/>\n<b><strong><br \/>\n&#8211;\u00a0Ap\u00e9ndice normativo<\/strong><\/b><br \/>\nCompilaci\u00f3n y sistematizaci\u00f3n de normas complementarias al c\u00f3digo, indispensables para el ejercicio profesional.<\/p>\n<p style=\"font-weight: 400;\"><b><strong>&#8211;\u00a0T\u00edtulos en art\u00edculos del c\u00f3digo y del ap\u00e9ndice<\/strong><\/b><br \/>\nEn cada art\u00edculo del c\u00f3digo y en las normas del ap\u00e9ndice, se presenta una breve descripci\u00f3n de su contenido.<\/p>\n<p><b><strong>&#8211;\u00a0Concordancias<\/strong><\/b><br \/>\nMuestra la relaci\u00f3n entre art\u00edculos del mismo c\u00f3digo o con otras normas, cuando tratan sobre materias similares.<br \/>\n<b><strong><br \/>\n&#8211;\u00a0\u00cdndice tem\u00e1tico<\/strong><\/b><br \/>\nEsta secci\u00f3n, ubicada al final de cada c\u00f3digo, incluye diversos t\u00e9rminos jur\u00eddicos, contenidos en el mismo cuerpo legal, con referencia al n\u00famero del art\u00edculo en que se encuentra tratado el concepto.<br \/>\n<b><strong><br \/>\n&#8211;\u00a0Articulado y ap\u00e9ndice actualizados<\/strong><\/b><br \/>\nTodos los art\u00edculos est\u00e1n actualizados hasta la fecha de cierre de la edici\u00f3n de este c\u00f3digo.<\/p>\n<p style=\"font-weight: 400;\"><u><br \/>\nContenido<\/u><\/p>\n<p style=\"font-weight: 400;\"><b><strong>&#8211; C\u00d3DIGO CIVIL<\/strong><\/b><\/p>\n<p style=\"font-weight: 400;\"><b><strong>&#8211; AP\u00c9NDICE CON LAS SIGUIENTES LEYES:<\/strong><\/b><\/p>\n<p style=\"font-weight: 400;\">\u2013 Ley sobre el Efecto Retroactivo de las Leyes (7 de octubre de 1861)<\/p>\n<p style=\"font-weight: 400;\">\u2013 Ley N\u00ba 19.947. Establece Nueva Ley de Matrimonio Civil (D.O. de 17 de mayo de 2004)<\/p>\n<p style=\"font-weight: 400;\">\u2013 Decreto N\u00ba 673. Aprueba normas reglamentarias sobre Matrimonio Civil y Registro de Mediadores (D.O. de 30 de octubre de 2004)<\/p>\n<p style=\"font-weight: 400;\">\u2013 Ley N\u00ba 20.830. Crea el Acuerdo de Uni\u00f3n Civil (D.O. de 21 de abril de 2015)<\/p>\n<p style=\"font-weight: 400;\">\u2013 Decreto N\u00ba 510. Aprueba reglamento de la Ley N\u00ba 20.830, que crea el Acuerdo de Uni\u00f3n Civil (D.O. de 16 de septiembre de 2015)<\/p>\n<p style=\"font-weight: 400;\">\u2013 Ley N\u00ba 19.477. Aprueba Ley Org\u00e1nica del Servicio de Registro Civil e Identificaci\u00f3n (D.O. de 19 de octubre de 1996)<\/p>\n<p style=\"font-weight: 400;\">\u2013 Ley N\u00ba 4.808. Sobre Registro Civil (texto refundido, coordinado y sistematizado por D.F.L. N\u00ba 1 de 2000, D.O. de 30 de mayo de 2000)<\/p>\n<p style=\"font-weight: 400;\">\u2013 Ley N\u00ba 17.344. Autoriza el Cambio de Nombres y Apellidos en los casos que indica. Modifica Ley N\u00ba 4.808, sobre Registro Civil (texto refundido, coordinado y sistematizado por D.F.L. N\u00ba 1, D.O. de 30 de mayo de 2000)<\/p>\n<p style=\"font-weight: 400;\">\u2013 Ley N\u00ba 19.620. Dicta Normas sobre Adopci\u00f3n de Menores (D.O. de 5 de agosto de 1999)<\/p>\n<p style=\"font-weight: 400;\">\u2013 Decreto N\u00ba 110. Reglamento sobre Concesi\u00f3n de Personalidad Jur\u00eddica a Corporaciones y Fundaciones (D.O. de 20 de marzo de 1979)<\/p>\n<p style=\"font-weight: 400;\">\u2013 Reglamento del Registro Conservatorio de Bienes Ra\u00edces (24 de junio de 1857)<\/p>\n<p style=\"font-weight: 400;\">\u2013 Ley N\u00ba 16.665. Reconstituci\u00f3n de Inscripciones en Registro de Conservadores de Bienes Ra\u00edces, deroga Ley N\u00ba 15.567 (D.O. de 8 de septiembre de 1967)<\/p>\n<p style=\"font-weight: 400;\">\u2013 Decreto Ley N\u00ba 2.695. Fija Normas para Regularizar la Posesi\u00f3n de la Peque\u00f1a Propiedad Ra\u00edz y para la Constituci\u00f3n del Dominio sobre ella (D.O. de 21 de julio de 1979)<\/p>\n<p style=\"font-weight: 400;\">\u2013 Ley N\u00ba 17.336. Propiedad Intelectual (D.O. de 2 de octubre de 1970)<\/p>\n<p style=\"font-weight: 400;\">\u2013 Decreto con Fuerza de Ley N\u00ba 4. Fija texto refundido, coordinado y sistematizado de la Ley N\u00ba 19.039, de Propiedad Industrial (D.O. de 6 de agosto de 2022)<\/p>\n<p style=\"font-weight: 400;\">\u2013 Decreto Ley N\u00ba 993. Disposiciones Especiales sobre Arrendamiento de Predios R\u00fasticos, Medier\u00edas o Aparcer\u00edas y otras formas de Explotaci\u00f3n por Terceros (D.O. de 24 de abril de 1975)<\/p>\n<p style=\"font-weight: 400;\">\u2013 Ley N\u00ba 18.101. Fija Normas Especiales sobre Arrendamiento de Predios Urbanos (D.O. de 29 de enero de 1982)<\/p>\n<p style=\"font-weight: 400;\">\u2013 Ley N\u00ba 19.281. Establece Normas sobre Arrendamiento de Viviendas con Promesa de Compraventa (D.O. de 27 de diciembre de 1993)<\/p>\n<p style=\"font-weight: 400;\">\u2013 Decreto con Fuerza de Ley N\u00ba 458. Aprueba Nueva Ley General de Urbanismo y Construcciones (D.O. de 13 de abril de 1976)<\/p>\n<p style=\"font-weight: 400;\">\u2013 Decreto Supremo N\u00ba 47. Fija texto de la Ordenanza General de la Ley General de Urbanismo y Construcciones (D.O. de 5 de junio de 1992)<\/p>\n<p style=\"font-weight: 400;\">\u2013 Ley N\u00ba 20.190 (art\u00edculo 14). Dicta Normas sobre Prenda sin Desplazamiento y crea el Registro de Prendas sin Desplazamiento (D.O. de 5 de junio de 2007)<\/p>\n<p style=\"font-weight: 400;\">\u2013 Decreto Supremo N\u00ba 722. Aprueba Reglamento del Registro de Prendas sin Desplazamiento (D.O. de 23 de octubre de 2010)<\/p>\n<p style=\"font-weight: 400;\">\u2013 Ley N\u00ba 18.010. Establece Normas para las Operaciones de Cr\u00e9dito y otras Obligaciones de Dinero que indica (D.O. de 27 de junio de 1981)<\/p>\n<p style=\"font-weight: 400;\">\u2013 Ley N\u00ba 19.799. Sobre Documentos Electr\u00f3nicos, Firma Electr\u00f3nica y Servicios de Certificaci\u00f3n de dicha Firma (D.O. de 12 de abril de 2002)<\/p>\n<p style=\"font-weight: 400;\">\u2013 Ley N\u00ba 19.253. Establece Normas sobre Protecci\u00f3n, Fomento y Desarrollo de los Ind\u00edgenas, y crea la Corporaci\u00f3n Nacional de Desarrollo Ind\u00edgena (D.O. de 5 de octubre de 1993)<\/p>\n<p style=\"font-weight: 400;\">\u2013 Ley N\u00ba 21.120. Reconoce y da protecci\u00f3n al derecho a la identidad de g\u00e9nero (D.O. de 10 de diciembre de 2018)<\/p>\n<p style=\"font-weight: 400;\">\u2013 Ley N\u00ba 21.442. Aprueba nueva Ley de Copropiedad Inmobiliaria (D.O. de 13 de abril de 2022)<\/p>\n<p style=\"font-weight: 400;\">\n<p style=\"font-weight: 400;\"><b><strong>MODIFICACIONES INCORPORADAS A ESTA EDICI\u00d3N<\/strong><\/b><\/p>\n<p style=\"font-weight: 400;\">Modificaciones introducidas a esta edici\u00f3n en el per\u00edodo comprendido entre el 1 de enero de 2002 y el 3 de enero de 2024:<\/p>\n<p style=\"font-weight: 400;\">\u2013 El art\u00edculo 4\u00ba de la Ley N\u00ba 21.633, publicada en el Diario Oficial de 24 de noviembre de 2023, modifica los art\u00edculos 2\u00ba, 6\u00ba, 8\u00ba, 9\u00ba y 12 del Decreto Ley N\u00ba 2.695, que fija normas para Regularizar la Posesi\u00f3n de la Peque\u00f1a Propiedad Ra\u00edz y para la Constituci\u00f3n del Dominio sobre ella.<\/p>\n<p style=\"font-weight: 400;\">\u2013 El art\u00edculo 4\u00ba de la Ley N\u00ba 21.558, publicada en el Diario Oficial de 25 de abril de 2023, modifica los art\u00edculos 60 y 8\u00ba transitorio de la Ley N\u00ba 21.442, Nueva Ley de Copropiedad Inmobiliaria.<\/p>\n<p style=\"font-weight: 400;\">\u2013 El art\u00edculo 1\u00ba de la Ley N\u00ba 21.515, publicada en el Diario Oficial de 28 de diciembre de 2022, modifica los art\u00edculos 2\u00ba, 5\u00ba, 46, 48 y 58 de la Ley N\u00ba 19.947, Nueva Ley de Matrimonio Civil.<\/p>\n<p style=\"font-weight: 400;\">\u2013 El art\u00edculo 2\u00ba de la Ley N\u00ba 21.515, publicada en el Diario Oficial de 28 de diciembre de 2022, deroga los art\u00edculos 105, 106, 107, 109, 110, 111, 112, 113, 114, 115, 116, 139 y 154 del C\u00f3digo Civil, y modifica los art\u00edculos 150, 270, 463, 1208, 1322, 1721, 1723, 1749 y 1781 del mismo cuerpo legal.<\/p>\n<p style=\"font-weight: 400;\">\u2013 El art\u00edculo 4\u00ba de la Ley N\u00ba 21.515, publicada en el Diario Oficial de 28 de diciembre de 2022, modifica el art\u00edculo 18 de la Ley N\u00ba 21.120, que Reconoce y da protecci\u00f3n al derecho a la identidad de g\u00e9nero.<\/p>\n<p style=\"font-weight: 400;\">\u2013 El art\u00edculo 2\u00ba de la Ley N\u00ba 21.508, publicada en el Diario Oficial de 10 de noviembre de 2022, modifica los art\u00edculos 6\u00ba, 8\u00ba, 15, 17, 40, 66, 70 y noveno transitorio de la Ley N\u00ba 21.442, Nueva Ley de Copropiedad Inmobiliaria.<\/p>\n<p style=\"font-weight: 400;\">\u2013 El art\u00edculo 2\u00ba de la Ley N\u00ba 21.484, publicada en el Diario Oficial de 7 de septiembre de 2022, modifica los art\u00edculos 323 y 324 del C\u00f3digo Civil.<\/p>\n<p style=\"font-weight: 400;\">\u2013 El Decreto con Fuerza de Ley N\u00ba 4, publicado en el Diario Oficial de 6 de agosto de 2022, refundi\u00f3 el Decreto con Fuerza de Ley N\u00ba 3, que fija texto refundido, coordinado y sistematizado de la Ley de Propiedad Industrial.<\/p>\n<p style=\"font-weight: 400;\">\u2013 El art\u00edculo 1\u00ba de la Ley N\u00ba 21.461, publicada en el Diario Oficial de 30 de junio de 2022, modifica los art\u00edculos 8\u00ba, 10 y 20; y a la vez agrega un nuevo T\u00edtulo III bis (art\u00edculos 18-A, a 18-K), a la Ley N\u00ba 18.101, que fija normas especiales sobre Arrendamiento de Predios Urbanos.<\/p>\n<p style=\"font-weight: 400;\">\u2013 El art\u00edculo 100 de la Ley N\u00ba 21.442, publicada en el Diario Oficial de 13 de abril de 2022, deroga la Ley N\u00ba 19.537, sobre Copropiedad Inmobiliaria.<\/p>\n<p style=\"font-weight: 400;\">\u2013 El art\u00edculo 3\u00ba de la Ley N\u00ba 21.398, publicada en el Diario Oficial de 24 de diciembre de 2021, modifica el art\u00edculo 10 de la Ley N\u00ba 18.010, que establece normas para las operaciones de cr\u00e9dito y otras obligaciones de dinero que indica.<\/p>\n<p style=\"font-weight: 400;\">\u2013 El art\u00edculo 1\u00ba de la Ley N\u00ba 21.400, publicada en el Diario Oficial de 10 de diciembre de 2021, modifica los art\u00edculos 31, 34, 37, 41, 43, 72, 102, 107, 111, 125, 131, 132, 134, 135, 163, 180, 184, 185, 186, 187, 188, 204, 205, 206, 225-2, 308, 310, 990, 992, 994, 1000, 1255, 1715, 1792-2, 2049, 2262, 2320 y 2321 del C\u00f3digo Civil.<\/p>\n<p style=\"font-weight: 400;\">\u2013 El art\u00edculo 2\u00ba de la Ley N\u00ba 21.400, publicada en el Diario Oficial de 10 de diciembre de 2021, modifica los art\u00edculos 7\u00ba, 42 y 80 de la Ley N\u00ba 19.947, Nueva Ley de Matrimonio Civil.<\/p>\n<p style=\"font-weight: 400;\">\u2013 El art\u00edculo 3\u00ba de la Ley N\u00ba 21.400, publicada en el Diario Oficial de 10 de diciembre de 2021, modifica el art\u00edculo 12 de la Ley N\u00ba 20.830, que crea el Acuerdo de Uni\u00f3n Civil.<\/p>\n<p style=\"font-weight: 400;\">\u2013 El art\u00edculo 4\u00ba de la Ley N\u00ba 21.400, publicada en el Diario Oficial de 10 de diciembre de 2021, modifica los art\u00edculos 39 y 40 de la Ley N\u00ba 4.808, sobre Registro Civil.<\/p>\n<p style=\"font-weight: 400;\">\u2013 El art\u00edculo 8\u00ba de la Ley N\u00ba 21.400, publicada en el Diario Oficial de 10 de diciembre de 2021, reemplaza el art\u00edculo 58 ter del C\u00f3digo Civil.<\/p>\n<p style=\"font-weight: 400;\">\u2013 El art\u00edculo 9\u00ba de la Ley N\u00ba 21.400, publicada en el Diario Oficial de 10 de diciembre de 2021, modifica los art\u00edculos 10, 11, 12, 18, 19, 21, y los ep\u00edgrafes de los T\u00edtulos III, IV y IV bis de la Ley N\u00ba 21.120, que Reconoce y da protecci\u00f3n al derecho a la identidad de g\u00e9nero.<\/p>\n<p style=\"font-weight: 400;\">\u2013 El art\u00edculo 2\u00ba de la Ley N\u00ba 21.389, publicada en el Diario Oficial de 18 de noviembre de 2021, modifica el art\u00edculo 2472 del C\u00f3digo Civil.<\/p>\n<p style=\"font-weight: 400;\">\u2013 El art\u00edculo 3\u00ba de la Ley N\u00ba 21.389, publicada en el Diario Oficial de 18 de noviembre de 2021, modifica el art\u00edculo 20 de la Ley N\u00ba 19.620, sobre Adopci\u00f3n de Menores.<\/p>\n<p style=\"font-weight: 400;\">\u2013 El art\u00edculo \u00fanico de la Ley N\u00ba 21.367, publicada en el Diario Oficial de 16 de agosto de 2021, modifica el art\u00edculo 54 de la Ley N\u00ba 19.947, Nueva Ley de Matrimonio Civil.<\/p>\n<p style=\"font-weight: 400;\">\u2013 El art\u00edculo 1\u00ba de la Ley N\u00ba 21.355, publicada en el Diario Oficial de 5 de julio de 2021, modifica los art\u00edculos 13, 18, 18 bis B, 18 bis D, 18 bis E, 18 bis F, 19, 19 bis, 19 bis A, 19 bis D, 19 bis E, 20, 20 bis, 22, 23, 23 bis A, 23 bis B, 23 bis C, 23 bis D, 23 bis E, 24, 27 bis A, 27 bis B, 27 bis C, 27 bis D, 28, 28 bis, 29, 34, 40, 45, 49, 50, 50 bis, 53 Bis 1, 53 Bis 2, 53 Bis 5, T\u00edtulo V P\u00e1rrafo 1\u00ba, 65, T\u00edtulo V P\u00e1rrafo 2\u00ba, 67 bis A, 67 bis B, 67 bis C, 67 bis D, 67 bis E, 67 bis F, 67 bis G, 67 bis H, 72, T\u00edtulo VIII Ep\u00edgrafe, T\u00edtulo VIII P\u00e1rrafo 1\u00ba, 86, 87, 88, 95, 97, 98, 100, 108 y 118, del Decreto con Fuerza de Ley N\u00ba 3, que fija texto refundido, coordinado y sistematizado de la Ley de Propiedad Industrial.<\/p>\n<p style=\"font-weight: 400;\">\u2013 El art\u00edculo 1\u00ba de la Ley N\u00ba 21.334, publicada en el Diario Oficial de 14 de mayo de 2021, modifica el ep\u00edgrafe del T\u00edtulo I del Libro Primero, el P\u00e1rrafo 2 del mismo T\u00edtulo e incorpora los art\u00edculos 58 bis y 58 ter del C\u00f3digo Civil.<\/p>\n<p style=\"font-weight: 400;\">\u2013 El art\u00edculo 2\u00ba de la Ley N\u00ba 21.334, publicada en el Diario Oficial de 14 de mayo de 2021, incorpora los art\u00edculos 17 bis, 17 ter y 17 qu\u00e1ter; y modifica el art\u00edculo 31 de la Ley N\u00ba 4.808, sobre Registro Civil.<\/p>\n","protected":false},"excerpt":{"rendered":"<p>Actualizado al 3 de enero de 2024. El equipo de Thomson Reuters lleva d\u00e9cadas realizando este trabajo de actualizaci\u00f3n, con un nivel de excelencia dif\u00edcil de igualar y ampliamente reconocido por los profesionales del derecho. Todo el valor diferencial de la edici\u00f3n impresa tambi\u00e9n la tienes en su versi\u00f3n digital, a trav\u00e9s de Proview. Caracter\u00edsticas &#8211;\u00a0Respaldo de un Director Cada c\u00f3digo cuenta con la supervisi\u00f3n de un abogado destacado en la materia, encargado de revisar anualmente las normas que componen el ap\u00e9ndice, concordancias, t\u00edtulos de art\u00edculos e \u00edndice tem\u00e1tico. &#8211;\u00a0Ap\u00e9ndice normativo Compilaci\u00f3n y sistematizaci\u00f3n de normas complementarias al c\u00f3digo, indispensables para el ejercicio profesional. &#8211;\u00a0T\u00edtulos en art\u00edculos del c\u00f3digo y del ap\u00e9ndice En cada art\u00edculo del c\u00f3digo y en las normas del ap\u00e9ndice, se presenta una breve descripci\u00f3n de su contenido. &#8211;\u00a0Concordancias Muestra la relaci\u00f3n entre art\u00edculos del mismo c\u00f3digo o con otras normas, cuando tratan sobre materias similares. &#8211;\u00a0\u00cdndice tem\u00e1tico Esta secci\u00f3n, ubicada al final de cada c\u00f3digo, incluye diversos t\u00e9rminos jur\u00eddicos, contenidos en el mismo cuerpo legal, con referencia al n\u00famero del art\u00edculo en que se encuentra tratado el concepto. &#8211;\u00a0Articulado y ap\u00e9ndice actualizados Todos los art\u00edculos est\u00e1n actualizados hasta la fecha de cierre de la edici\u00f3n de este c\u00f3digo. Contenido &#8211; C\u00d3DIGO CIVIL &#8211; AP\u00c9NDICE CON LAS SIGUIENTES LEYES: \u2013 Ley sobre el Efecto Retroactivo de las Leyes (7 de octubre de 1861) \u2013 Ley N\u00ba 19.947. Establece Nueva Ley de Matrimonio Civil (D.O. de 17 de mayo de 2004) \u2013 Decreto N\u00ba 673. Aprueba normas reglamentarias sobre Matrimonio Civil y Registro de Mediadores (D.O. de 30 de octubre de 2004) \u2013 Ley N\u00ba 20.830. Crea el Acuerdo de Uni\u00f3n Civil (D.O. de 21 de abril de 2015) \u2013 Decreto N\u00ba 510. Aprueba reglamento de la Ley N\u00ba 20.830, que crea el Acuerdo de Uni\u00f3n Civil (D.O. de 16 de septiembre de 2015) \u2013 Ley N\u00ba 19.477. Aprueba Ley Org\u00e1nica del Servicio de Registro Civil e Identificaci\u00f3n (D.O. de 19 de octubre de 1996) \u2013 Ley N\u00ba 4.808. Sobre Registro Civil (texto refundido, coordinado y sistematizado por D.F.L. N\u00ba 1 de 2000, D.O. de 30 de mayo de 2000) \u2013 Ley N\u00ba 17.344. Autoriza el Cambio de Nombres y Apellidos en los casos que indica. Modifica Ley N\u00ba 4.808, sobre Registro Civil (texto refundido, coordinado y sistematizado por D.F.L. N\u00ba 1, D.O. de 30 de mayo de 2000) \u2013 Ley N\u00ba 19.620. Dicta Normas sobre Adopci\u00f3n de Menores (D.O. de 5 de agosto de 1999) \u2013 Decreto N\u00ba 110. Reglamento sobre Concesi\u00f3n de Personalidad Jur\u00eddica a Corporaciones y Fundaciones (D.O. de 20 de marzo de 1979) \u2013 Reglamento del Registro Conservatorio de Bienes Ra\u00edces (24 de junio de 1857) \u2013 Ley N\u00ba 16.665. Reconstituci\u00f3n de Inscripciones en Registro de Conservadores de Bienes Ra\u00edces, deroga Ley N\u00ba 15.567 (D.O. de 8 de septiembre de 1967) \u2013 Decreto Ley N\u00ba 2.695. Fija Normas para Regularizar la Posesi\u00f3n de la Peque\u00f1a Propiedad Ra\u00edz y para la Constituci\u00f3n del Dominio sobre ella (D.O. de 21 de julio de 1979) \u2013 Ley N\u00ba 17.336. Propiedad Intelectual (D.O. de 2 de octubre de 1970) \u2013 Decreto con Fuerza de Ley N\u00ba 4. Fija texto refundido, coordinado y sistematizado de la Ley N\u00ba 19.039, de Propiedad Industrial (D.O. de 6 de agosto de 2022) \u2013 Decreto Ley N\u00ba 993. Disposiciones Especiales sobre Arrendamiento de Predios R\u00fasticos, Medier\u00edas o Aparcer\u00edas y otras formas de Explotaci\u00f3n por Terceros (D.O. de 24 de abril de 1975) \u2013 Ley N\u00ba 18.101. Fija Normas Especiales sobre Arrendamiento de Predios Urbanos (D.O. de 29 de enero de 1982) \u2013 Ley N\u00ba 19.281. Establece Normas sobre Arrendamiento de Viviendas con Promesa de Compraventa (D.O. de 27 de diciembre de 1993) \u2013 Decreto con Fuerza de Ley N\u00ba 458. Aprueba Nueva Ley General de Urbanismo y Construcciones (D.O. de 13 de abril de 1976) \u2013 Decreto Supremo N\u00ba 47. Fija texto de la Ordenanza General de la Ley General de Urbanismo y Construcciones (D.O. de 5 de junio de 1992) \u2013 Ley N\u00ba 20.190 (art\u00edculo 14). Dicta Normas sobre Prenda sin Desplazamiento y crea el Registro de Prendas sin Desplazamiento (D.O. de 5 de junio de 2007) \u2013 Decreto Supremo N\u00ba 722. Aprueba Reglamento del Registro de Prendas sin Desplazamiento (D.O. de 23 de octubre de 2010) \u2013 Ley N\u00ba 18.010. Establece Normas para las Operaciones de Cr\u00e9dito y otras Obligaciones de Dinero que indica (D.O. de 27 de junio de 1981) \u2013 Ley N\u00ba 19.799. Sobre Documentos Electr\u00f3nicos, Firma Electr\u00f3nica y Servicios de Certificaci\u00f3n de dicha Firma (D.O. de 12 de abril de 2002) \u2013 Ley N\u00ba 19.253. Establece Normas sobre Protecci\u00f3n, Fomento y Desarrollo de los Ind\u00edgenas, y crea la Corporaci\u00f3n Nacional de Desarrollo Ind\u00edgena (D.O. de 5 de octubre de 1993) \u2013 Ley N\u00ba 21.120. Reconoce y da protecci\u00f3n al derecho a la identidad de g\u00e9nero (D.O. de 10 de diciembre de 2018) \u2013 Ley N\u00ba 21.442. Aprueba nueva Ley de Copropiedad Inmobiliaria (D.O. de 13 de abril de 2022) MODIFICACIONES INCORPORADAS A ESTA EDICI\u00d3N Modificaciones introducidas a esta edici\u00f3n en el per\u00edodo comprendido entre el 1 de enero de 2002 y el 3 de enero de 2024: \u2013 El art\u00edculo 4\u00ba de la Ley N\u00ba 21.633, publicada en el Diario Oficial de 24 de noviembre de 2023, modifica los art\u00edculos 2\u00ba, 6\u00ba, 8\u00ba, 9\u00ba y 12 del Decreto Ley N\u00ba 2.695, que fija normas para Regularizar la Posesi\u00f3n de la Peque\u00f1a Propiedad Ra\u00edz y para la Constituci\u00f3n del Dominio sobre ella. \u2013 El art\u00edculo 4\u00ba de la Ley N\u00ba 21.558, publicada en el Diario Oficial de 25 de abril de 2023, modifica los art\u00edculos 60 y 8\u00ba transitorio de la Ley N\u00ba 21.442, Nueva Ley de Copropiedad Inmobiliaria. \u2013 El art\u00edculo 1\u00ba de la Ley N\u00ba 21.515, publicada en el Diario Oficial de 28 de diciembre de 2022, modifica los art\u00edculos 2\u00ba, 5\u00ba, 46, 48 y 58 de la Ley N\u00ba 19.947, Nueva Ley de Matrimonio Civil. \u2013 El art\u00edculo 2\u00ba de la Ley N\u00ba 21.515, publicada en el Diario Oficial de 28 de diciembre de 2022,<\/p>\n","protected":false},"featured_media":3281,"comment_status":"open","ping_status":"closed","template":"","meta":{"inline_featured_image":false,"_joinchat":[]},"product_brand":[],"product_cat":[27,42],"product_tag":[],"class_list":{"0":"post-3236","1":"product","2":"type-product","3":"status-publish","4":"has-post-thumbnail","6":"product_cat-civil","7":"product_cat-thomson-reuters","8":"product_shipping_class-a-convenir","10":"first","11":"instock","12":"shipping-taxable","13":"purchasable","14":"product-type-simple"},"_links":{"self":[{"href":"https:\/\/bibliotecajuridicavirtual.cl\/index.php\/wp-json\/wp\/v2\/product\/3236","targetHints":{"allow":["GET"]}}],"collection":[{"href":"https:\/\/bibliotecajuridicavirtual.cl\/index.php\/wp-json\/wp\/v2\/product"}],"about":[{"href":"https:\/\/bibliotecajuridicavirtual.cl\/index.php\/wp-json\/wp\/v2\/types\/product"}],"replies":[{"embeddable":true,"href":"https:\/\/bibliotecajuridicavirtual.cl\/index.php\/wp-json\/wp\/v2\/comments?post=3236"}],"wp:featuredmedia":[{"embeddable":true,"href":"https:\/\/bibliotecajuridicavirtual.cl\/index.php\/wp-json\/wp\/v2\/media\/3281"}],"wp:attachment":[{"href":"https:\/\/bibliotecajuridicavirtual.cl\/index.php\/wp-json\/wp\/v2\/media?parent=3236"}],"wp:term":[{"taxonomy":"product_brand","embeddable":true,"href":"https:\/\/bibliotecajuridicavirtual.cl\/index.php\/wp-json\/wp\/v2\/product_brand?post=3236"},{"taxonomy":"product_cat","embeddable":true,"href":"https:\/\/bibliotecajuridicavirtual.cl\/index.php\/wp-json\/wp\/v2\/product_cat?post=3236"},{"taxonomy":"product_tag","embeddable":true,"href":"https:\/\/bibliotecajuridicavirtual.cl\/index.php\/wp-json\/wp\/v2\/product_tag?post=3236"}],"curies":[{"name":"wp","href":"https:\/\/api.w.org\/{rel}","templated":true}]}}