{"id":3237,"date":"2026-02-28T01:10:57","date_gmt":"2026-02-28T04:10:57","guid":{"rendered":"https:\/\/bibliotecajuridicavirtual.cl\/?post_type=product&#038;p=3237"},"modified":"2026-02-28T01:11:30","modified_gmt":"2026-02-28T04:11:30","slug":"codigo-de-comercio-vigesima-cuarta-edicion-ano-2024-1-316-pag-autor-jose-ignacio-diaz-villalobos","status":"publish","type":"product","link":"https:\/\/bibliotecajuridicavirtual.cl\/index.php\/product\/codigo-de-comercio-vigesima-cuarta-edicion-ano-2024-1-316-pag-autor-jose-ignacio-diaz-villalobos\/","title":{"rendered":"C\u00f3digo de Comercio &#8211; Vig\u00e9sima Cuarta Edici\u00f3n. A\u00f1o 2024\/ 1.316 P\u00e1g. Autor Jos\u00e9 Ignacio D\u00edaz Villalobos"},"content":{"rendered":"<p style=\"font-weight: 400;\"><b><strong>Actualizado al 3 de enero de 2024.<\/strong><\/b><\/p>\n<p>El equipo de Thomson Reuters lleva d\u00e9cadas realizando este trabajo de actualizaci\u00f3n, con un nivel de excelencia dif\u00edcil de igualar y ampliamente reconocido por los profesionales del derecho.<\/p>\n<p style=\"font-weight: 400;\">Todo el valor diferencial de la edici\u00f3n impresa tambi\u00e9n la tienes en su versi\u00f3n digital, a trav\u00e9s de Proview.<\/p>\n<p style=\"font-weight: 400;\"><u><br \/>\nCaracter\u00edsticas<\/u><\/p>\n<p style=\"font-weight: 400;\"><b><strong>&#8211;\u00a0Respaldo de un Director<\/strong><\/b><br \/>\nCada c\u00f3digo cuenta con la supervisi\u00f3n de un abogado destacado en la materia, encargado de revisar anualmente las normas que componen el ap\u00e9ndice, concordancias, t\u00edtulos de art\u00edculos e \u00edndice tem\u00e1tico.<br \/>\n<b><strong><br \/>\n&#8211;\u00a0Ap\u00e9ndice normativo<\/strong><\/b><br \/>\nCompilaci\u00f3n y sistematizaci\u00f3n de normas complementarias al c\u00f3digo, indispensables para el ejercicio profesional.<\/p>\n<p style=\"font-weight: 400;\"><b><strong>&#8211;\u00a0T\u00edtulos en art\u00edculos del c\u00f3digo y del ap\u00e9ndice<\/strong><\/b><br \/>\nEn cada art\u00edculo del c\u00f3digo y en las normas del ap\u00e9ndice, se presenta una breve descripci\u00f3n de su contenido.<\/p>\n<p><b><strong>&#8211;\u00a0Concordancias<\/strong><\/b><br \/>\nMuestra la relaci\u00f3n entre art\u00edculos del mismo c\u00f3digo o con otras normas, cuando tratan sobre materias similares.<br \/>\n<b><strong><br \/>\n&#8211;\u00a0\u00cdndice tem\u00e1tico<\/strong><\/b><br \/>\nEsta secci\u00f3n, ubicada al final de cada c\u00f3digo, incluye diversos t\u00e9rminos jur\u00eddicos, contenidos en el mismo cuerpo legal, con referencia al n\u00famero del art\u00edculo en que se encuentra tratado el concepto.<br \/>\n<b><strong><br \/>\n&#8211;\u00a0Articulado y ap\u00e9ndice actualizados<\/strong><\/b><br \/>\nTodos los art\u00edculos est\u00e1n actualizados hasta la fecha de cierre de la edici\u00f3n de este c\u00f3digo.<\/p>\n<p style=\"font-weight: 400;\"><u>Contenido<\/u><\/p>\n<p style=\"font-weight: 400;\"><b><strong>&#8211; C\u00d3DIGO DE COMERCIO<\/strong><\/b><\/p>\n<p style=\"font-weight: 400;\"><b><strong>&#8211; AP\u00c9NDICE CON LAS SIGUIENTES LEYES:<\/strong><\/b><\/p>\n<p style=\"font-weight: 400;\">&#8211; Ley N\u00ba 20.720. Sustituye el r\u00e9gimen concursal vigente por una Ley de Reorganizaci\u00f3n y Liquidaci\u00f3n de Empresas y Personas, y perfecciona el rol de la superintendencia del ramo (D.O. de 9 de enero de 2014)<\/p>\n<p style=\"font-weight: 400;\">&#8211; Reglamento para el Registro de Comercio<\/p>\n<p style=\"font-weight: 400;\">&#8211; Ley N\u00ba 18.046. Ley sobre Sociedades An\u00f3nimas (D.O. de 22 de octubre de 1981)<\/p>\n<p style=\"font-weight: 400;\">&#8211; Decreto Supremo N\u00ba 702. Aprueba nuevo Reglamento de Sociedades An\u00f3nimas (D.O. de 6 de julio de 2012)<\/p>\n<p style=\"font-weight: 400;\">&#8211; Ley N\u00ba 3.918. Ley sobre Sociedades de Responsabilidad Limitada (D.O. de 14 de marzo de 1923)<\/p>\n<p style=\"font-weight: 400;\">&#8211; Ley N\u00ba 19.857. Autoriza el establecimiento de empresas individuales de responsabilidad limitada (D.O. de 11 de febrero de 2003)<\/p>\n<p style=\"font-weight: 400;\">&#8211; Ley N\u00ba 19.499. Establece normas sobre saneamiento de vicios de nulidad de sociedades y modifica C\u00f3digo de Comercio y otros cuerpos legales (D.O. de 11 de abril de 1997)<\/p>\n<p style=\"font-weight: 400;\">&#8211; Ley N\u00ba 20.659. Simplifica el r\u00e9gimen de constituci\u00f3n, modificaci\u00f3n y disoluci\u00f3n de las sociedades comerciales (D.O. de 8 de febrero de 2013)<\/p>\n<p style=\"font-weight: 400;\">&#8211; Decreto N\u00ba 83. Aprueba nuevo reglamento de la Ley N\u00ba 20.659, que Simplifica el R\u00e9gimen de Constituci\u00f3n, Modificaci\u00f3n y Disoluci\u00f3n de las Sociedades Comerciales (D.O. de 25 de agosto de 2022) 695<\/p>\n<p style=\"font-weight: 400;\">&#8211; Ley N\u00ba 18.045. Ley de Mercado de Valores (D.O. de 22 de octubre de 1981)<\/p>\n<p style=\"font-weight: 400;\">&#8211; Decreto Ley N\u00ba 3.538. Crea la Comisi\u00f3n para el Mercado Financiero (D.O. de 23 de febrero de 2017 y su rectificaci\u00f3n el 4 de marzo de 2017)<\/p>\n<p style=\"font-weight: 400;\">&#8211; Decreto con Fuerza de Ley N\u00ba 251. Decreto con Fuerza de Ley sobre compa\u00f1\u00edas de seguros, sociedades an\u00f3nimas y bolsas de comercio (D.O. de 22 de mayo de 1931)<\/p>\n<p style=\"font-weight: 400;\">&#8211; Ley N\u00ba 18.092. Dicta nuevas normas sobre letra de cambio y pagar\u00e9 y deroga disposiciones del C\u00f3digo de Comercio (D.O. de 14 de enero de 1982)<\/p>\n<p style=\"font-weight: 400;\">&#8211; Decreto con Fuerza de Ley N\u00ba 707. Fija texto refundido, coordinado y sistematizado de la Ley sobre Cuentas Corrientes Bancarias y Cheques (D.O. de 7 de octubre de 1982)<\/p>\n<p style=\"font-weight: 400;\">&#8211; Ley N\u00ba 19.983. Regula la transferencia y otorga m\u00e9rito ejecutivo a copia de la factura (D.O. de 15 de diciembre de 2004)<\/p>\n<p style=\"font-weight: 400;\">&#8211; Ley N\u00ba 18.552. Regula tratamiento de t\u00edtulos de cr\u00e9dito (D.O. de 20 de septiembre de 1986)<\/p>\n<p style=\"font-weight: 400;\">&#8211; Ley N\u00ba 4.287. Ley sobre Prenda de Valores Mobiliarios a favor de los Bancos (D.O. de 23 y 29 de febrero de 1928)<\/p>\n<p style=\"font-weight: 400;\">&#8211; Ley N\u00ba 18.010. Establece normas para las operaciones de cr\u00e9dito y otras obligaciones de dinero que indica (D.O. de 27 de junio de 1981)<\/p>\n<p style=\"font-weight: 400;\">&#8211; Decreto con Fuerza de Ley N\u00ba 3. Fija texto refundido, sistematizado y concordado de la Ley General de Bancos y de otros cuerpos legales que se indican (D.O. de 19 de diciembre de 1997)<\/p>\n<p style=\"font-weight: 400;\">&#8211; Decreto con Fuerza de Ley N\u00ba 3. Fija texto refundido, coordinado y sistematizado de la Ley N\u00ba 19.496, que Establece Normas Sobre Protecci\u00f3n de los Derechos de los Consumidores (D.O. de 31 de mayo de 2021)<\/p>\n<p style=\"font-weight: 400;\">&#8211; Decreto N\u00ba 84. Aprueba Reglamento que regula la mediaci\u00f3n, conciliaci\u00f3n y arbitraje en materias de consumo, de conformidad con lo dispuesto por la Ley N\u00ba 19.496, sobre Protecci\u00f3n de los Derechos de los Consumidores (D.O. de 13 de diciembre de 2022)<\/p>\n<p style=\"font-weight: 400;\">\n<p style=\"font-weight: 400;\"><b><strong>MODIFICACIONES INCORPORADAS A ESTA EDICI\u00d3N<\/strong><\/b><\/p>\n<p style=\"font-weight: 400;\">Modificaciones introducidas en el per\u00edodo comprendido entre el 1 de febrero de 2002 y el 3 de enero de 2024:<\/p>\n<p style=\"font-weight: 400;\">\u2013 El art\u00edculo 1\u00ba de la Ley N\u00ba 21.641, publicada en el Diario Oficial de 30 de diciembre de 2023, modifica los art\u00edculos 57 y 140 de la Ley N\u00ba 20.720, que Sustituye el r\u00e9gimen concursal vigente por una ley de reorganizaci\u00f3n y liquidaci\u00f3n de empresas y personas, y perfecciona el rol de la Superintendencia del ramo.<\/p>\n<p style=\"font-weight: 400;\">\u2013 El art\u00edculo 2\u00ba de la Ley N\u00ba 21.641, publicada en el Diario Oficial de 30 de diciembre de 2023, modifica los art\u00edculos 116, 117 y 136 del Decreto con Fuerza de Ley N\u00ba 3, que Fija texto refundido, sistematizado y concordado de la Ley General de Bancos.<\/p>\n<p style=\"font-weight: 400;\">\u2013 El art\u00edculo 8\u00ba de la Ley N\u00ba 21.641, publicada en el Diario Oficial de 30 de diciembre de 2023, modifica el art\u00edculo 48 de la Ley N\u00ba 18.045, de Mercado de Valores.<\/p>\n<p style=\"font-weight: 400;\">\u2013 El art\u00edculo \u00fanico de la Ley N\u00ba 21.608, publicada en el Diario Oficial de 23 de septiembre de 2023, modifica el art\u00edculo 426 del C\u00f3digo de Comercio.<\/p>\n<p style=\"font-weight: 400;\">\u2013 El art\u00edculo 51 de la Ley N\u00ba 21.595, publicada en el Diario Oficial de 17 de agosto de 2023, modifica los art\u00edculos 134 y 134 bis de la Ley N\u00ba 18.046, sobre Sociedades An\u00f3nimas.<\/p>\n<p style=\"font-weight: 400;\">\u2013 El art\u00edculo 52 de la Ley N\u00ba 21.595, publicada en el Diario Oficial de 17 de agosto de 2023, modifica los art\u00edculos, 59, 60, 61, 62, 63, 85, 165, 166 y 241 de la Ley N\u00ba 18.045, de Mercado de Valores.<\/p>\n<p style=\"font-weight: 400;\">\u2013 El art\u00edculo 5\u00ba de la Ley N\u00ba 21.582, publicada en el Diario Oficial de 7 de julio de 2023, modifica el art\u00edculo 122 de la Ley N\u00ba 20.720, que Sustituye el r\u00e9gimen concursal vigente por una ley de reorganizaci\u00f3n y liquidaci\u00f3n de empresas y personas, y perfecciona el rol de la Superintendencia del ramo.<\/p>\n<p style=\"font-weight: 400;\">\u2013 El art\u00edculo \u00fanico de la Ley N\u00ba 21.572, publicada en el Diario Oficial de 24 de mayo de 2023, modifica el art\u00edculo 156 del Decreto con Fuerza de Ley N\u00ba 3, que Fija texto refundido, sistematizado y concordado de la Ley General de Bancos.<\/p>\n<p style=\"font-weight: 400;\">\u2013 El art\u00edculo 1\u00ba de la Ley N\u00ba 21.563, publicada en el Diario Oficial de 10 de mayo de 2023, modifica los art\u00edculos 2\u00ba, 6\u00ba, 6 A), 6 B), 9\u00ba, 12, 13, 18, 25, 26, 30, 32, 37, 38, 40, 42, 50, 51, 52, 55, 56, 57, 58, 60 A), 61, 63, 66, 69, 70, 72, 73, 74, 77, 80, 85, 88, 94, 96 A), Cap\u00edtulo III T\u00edtulo 3 Ep\u00edgrafe, 102, 103, 104, 105, 106, 107, 108, 109, 110, 112, 113, 114, 115, 117, 118, 119, 120, 131, 169, 169 A), 182, 190, 194, 203, 247, 254, 255, Cap\u00edtulo V, Ep\u00edgrafe, 260, 261, 262, 263, 264, 265, 266, 267, 268, 269, 272, 272 A), 272 B), Cap\u00edtulo V T\u00edtulo II Ep\u00edgrafe, 273, 273 A), 273 B), 274, 275, 277, 277 A), 277 B), 277 C), 277 D), 277 E), 277 F), 278, 278 A), 279, 279 A), 279 B), 281, 281 A), 281 B), Cap\u00edtulo V T\u00edtulo 2 P\u00e1rrafo 2 Ep\u00edgrafe, 282, 283, 284, 285, T\u00edtulo III, 286, 286 A), 286 B), 286 C), 286 D), 286 E), 286 F), 286 G), 286 H), 286 I), 286 J), 286 K), 286 L), 286 M), 286 N), 286 \u00d1), 286 O), 286 P), 286 Q), 286 R), 286 S), 290, 337 y D\u00e9cimo tercero transitorio de la Ley N\u00ba 20.720, que Sustituye el r\u00e9gimen concursal vigente por una ley de reorganizaci\u00f3n y liquidaci\u00f3n de empresas y personas, y perfecciona el rol de la Superintendencia del ramo.<\/p>\n<p style=\"font-weight: 400;\">\u2013 El art\u00edculo 32 de la Ley N\u00ba 21.521, publicada en el Diario Oficial de 4 de enero de 2023, modifica los art\u00edculos 4\u00ba, 5\u00ba, 6\u00ba, 8\u00ba ter, 10, 23, 24, 25, 26, 27, 28, 29, 30, 31, 36, 38, 39, 40, 41, 42, 250, 251, 252, 253 y 254 de la Ley N\u00ba 18.045, de Mercado de Valores.<\/p>\n<p style=\"font-weight: 400;\">\u2013 El art\u00edculo 33 de la Ley N\u00ba 21.521, publicada en el Diario Oficial de 4 de enero de 2023, modifica los art\u00edculos 2\u00ba, 126 y 127 de la Ley N\u00ba 18.046, sobre Sociedades An\u00f3nimas.<\/p>\n<p style=\"font-weight: 400;\">\u2013 El art\u00edculo 34 de la Ley N\u00ba 21.521, publicada en el Diario Oficial de 4 de enero de 2023, modifica los art\u00edculos 430 y 507 bis del C\u00f3digo de Comercio.<\/p>\n<p style=\"font-weight: 400;\">\u2013 El art\u00edculo 37 de la Ley N\u00ba 21.521, publicada en el Diario Oficial de 4 de enero de 2023, modifica los art\u00edculos 2\u00ba, 37, 38, 74 y 155 del Decreto con Fuerza de Ley N\u00ba 3, que Fija texto refundido, sistematizado y concordado de la Ley General de Bancos.<\/p>\n<p style=\"font-weight: 400;\">\u2013 El art\u00edculo 40 de la Ley N\u00ba 21.521, publicada en el Diario Oficial de 4 de enero de 2023, modifica los art\u00edculos 3\u00ba, 11, 23 y 57 bis del Decreto con Fuerza de Ley N\u00ba 251, sobre Compa\u00f1\u00edas de Seguros, Sociedades An\u00f3nimas y Bolsas de Comercio.<\/p>\n<p style=\"font-weight: 400;\">\u2013 El art\u00edculo 43 de la Ley N\u00ba 21.521, publicada en el Diario Oficial de 4 de enero de 2023, modifica el art\u00edculo 5\u00ba del Decreto Ley N\u00ba 3.538, que Crea la Comisi\u00f3n para el Mercado Financiero.<\/p>\n<p style=\"font-weight: 400;\">\u2013 El art\u00edculo segundo del Decreto N\u00ba 83, publicado en el Diario Oficial de 25 de agosto de 2022, deroga el Decreto N\u00ba 45, Reglamento de la Ley N\u00ba 20.659, que Simplifica el R\u00e9gimen de Constituci\u00f3n, Modificaci\u00f3n y Disoluci\u00f3n de las Sociedades Comerciales.<\/p>\n<p style=\"font-weight: 400;\">\u2013 El art\u00edculo 50 de la Ley N\u00ba 21.455, publicada en el Diario Oficial de 13 de junio de 2022, modific\u00f3 el art\u00edculo 10 de la Ley N\u00ba 18.045, de Mercado de Valores.<\/p>\n<p style=\"font-weight: 400;\">\u2013 El n\u00famero 1) del Decreto N\u00ba 48, publicado en el Diario Oficial de 14 de mayo de 2022, modifica el art\u00edculo 104 del Decreto Supremo N\u00ba 702, que aprueba el nuevo Reglamento de Sociedades An\u00f3nimas.<\/p>\n<p style=\"font-weight: 400;\">\u2013 El art\u00edculo 1\u00ba de la Ley N\u00ba 21.398, publicada en el Diario Oficial de 24 de diciembre de 2021, modifica los art\u00edculos 1\u00ba, 2\u00ba ter, 3\u00ba, 3\u00ba bis, 3\u00ba qu\u00e1ter, 12 C, 15 bis, 16, 16 C, 17, 17 A, 17 D, 17 H, 17 N, 20, 21, 23 bis, 25, 27 y 37 de la Ley N\u00ba 19.496, que Establece Normas Sobre Protecci\u00f3n de los Derechos de los Consumidores.<\/p>\n<p style=\"font-weight: 400;\">\u2013 El art\u00edculo 3\u00ba de la Ley N\u00ba 21.398, publicada en el Diario Oficial de 24 de diciembre de 2021, modifica el art\u00edculo 10 de la Ley N\u00ba 18.010, que establece normas para las operaciones de cr\u00e9dito y otras obligaciones de dinero que indica.<\/p>\n<p style=\"font-weight: 400;\">\u2013 El art\u00edculo \u00fanico de la Ley N\u00ba 21.366, publicada en el Diario Oficial de 25 de agosto de 2021, modifica los art\u00edculos 3\u00ba, 4\u00ba, 8\u00ba, 9\u00ba, 10, 11, 13, 13 bis, 13 ter, 14, 16, 18 y 19 de la Ley N\u00ba 20.659, que simplifica el r\u00e9gimen de constituci\u00f3n, modificaci\u00f3n y disoluci\u00f3n de las sociedades comerciales.<\/p>\n<p style=\"font-weight: 400;\">\u2013 El Decreto con Fuerza de Ley N\u00ba 3, publicado en el Diario Oficial de 31 de mayo de 2021, Fija el texto refundido, coordinado y sistematizado de la Ley N\u00ba 19.496, que Establece Normas Sobre Protecci\u00f3n de los Derechos de los Consumidores.<\/p>\n","protected":false},"excerpt":{"rendered":"<p>Actualizado al 3 de enero de 2024. El equipo de Thomson Reuters lleva d\u00e9cadas realizando este trabajo de actualizaci\u00f3n, con un nivel de excelencia dif\u00edcil de igualar y ampliamente reconocido por los profesionales del derecho. Todo el valor diferencial de la edici\u00f3n impresa tambi\u00e9n la tienes en su versi\u00f3n digital, a trav\u00e9s de Proview. Caracter\u00edsticas &#8211;\u00a0Respaldo de un Director Cada c\u00f3digo cuenta con la supervisi\u00f3n de un abogado destacado en la materia, encargado de revisar anualmente las normas que componen el ap\u00e9ndice, concordancias, t\u00edtulos de art\u00edculos e \u00edndice tem\u00e1tico. &#8211;\u00a0Ap\u00e9ndice normativo Compilaci\u00f3n y sistematizaci\u00f3n de normas complementarias al c\u00f3digo, indispensables para el ejercicio profesional. &#8211;\u00a0T\u00edtulos en art\u00edculos del c\u00f3digo y del ap\u00e9ndice En cada art\u00edculo del c\u00f3digo y en las normas del ap\u00e9ndice, se presenta una breve descripci\u00f3n de su contenido. &#8211;\u00a0Concordancias Muestra la relaci\u00f3n entre art\u00edculos del mismo c\u00f3digo o con otras normas, cuando tratan sobre materias similares. &#8211;\u00a0\u00cdndice tem\u00e1tico Esta secci\u00f3n, ubicada al final de cada c\u00f3digo, incluye diversos t\u00e9rminos jur\u00eddicos, contenidos en el mismo cuerpo legal, con referencia al n\u00famero del art\u00edculo en que se encuentra tratado el concepto. &#8211;\u00a0Articulado y ap\u00e9ndice actualizados Todos los art\u00edculos est\u00e1n actualizados hasta la fecha de cierre de la edici\u00f3n de este c\u00f3digo. Contenido &#8211; C\u00d3DIGO DE COMERCIO &#8211; AP\u00c9NDICE CON LAS SIGUIENTES LEYES: &#8211; Ley N\u00ba 20.720. Sustituye el r\u00e9gimen concursal vigente por una Ley de Reorganizaci\u00f3n y Liquidaci\u00f3n de Empresas y Personas, y perfecciona el rol de la superintendencia del ramo (D.O. de 9 de enero de 2014) &#8211; Reglamento para el Registro de Comercio &#8211; Ley N\u00ba 18.046. Ley sobre Sociedades An\u00f3nimas (D.O. de 22 de octubre de 1981) &#8211; Decreto Supremo N\u00ba 702. Aprueba nuevo Reglamento de Sociedades An\u00f3nimas (D.O. de 6 de julio de 2012) &#8211; Ley N\u00ba 3.918. Ley sobre Sociedades de Responsabilidad Limitada (D.O. de 14 de marzo de 1923) &#8211; Ley N\u00ba 19.857. Autoriza el establecimiento de empresas individuales de responsabilidad limitada (D.O. de 11 de febrero de 2003) &#8211; Ley N\u00ba 19.499. Establece normas sobre saneamiento de vicios de nulidad de sociedades y modifica C\u00f3digo de Comercio y otros cuerpos legales (D.O. de 11 de abril de 1997) &#8211; Ley N\u00ba 20.659. Simplifica el r\u00e9gimen de constituci\u00f3n, modificaci\u00f3n y disoluci\u00f3n de las sociedades comerciales (D.O. de 8 de febrero de 2013) &#8211; Decreto N\u00ba 83. Aprueba nuevo reglamento de la Ley N\u00ba 20.659, que Simplifica el R\u00e9gimen de Constituci\u00f3n, Modificaci\u00f3n y Disoluci\u00f3n de las Sociedades Comerciales (D.O. de 25 de agosto de 2022) 695 &#8211; Ley N\u00ba 18.045. Ley de Mercado de Valores (D.O. de 22 de octubre de 1981) &#8211; Decreto Ley N\u00ba 3.538. Crea la Comisi\u00f3n para el Mercado Financiero (D.O. de 23 de febrero de 2017 y su rectificaci\u00f3n el 4 de marzo de 2017) &#8211; Decreto con Fuerza de Ley N\u00ba 251. Decreto con Fuerza de Ley sobre compa\u00f1\u00edas de seguros, sociedades an\u00f3nimas y bolsas de comercio (D.O. de 22 de mayo de 1931) &#8211; Ley N\u00ba 18.092. Dicta nuevas normas sobre letra de cambio y pagar\u00e9 y deroga disposiciones del C\u00f3digo de Comercio (D.O. de 14 de enero de 1982) &#8211; Decreto con Fuerza de Ley N\u00ba 707. Fija texto refundido, coordinado y sistematizado de la Ley sobre Cuentas Corrientes Bancarias y Cheques (D.O. de 7 de octubre de 1982) &#8211; Ley N\u00ba 19.983. Regula la transferencia y otorga m\u00e9rito ejecutivo a copia de la factura (D.O. de 15 de diciembre de 2004) &#8211; Ley N\u00ba 18.552. Regula tratamiento de t\u00edtulos de cr\u00e9dito (D.O. de 20 de septiembre de 1986) &#8211; Ley N\u00ba 4.287. Ley sobre Prenda de Valores Mobiliarios a favor de los Bancos (D.O. de 23 y 29 de febrero de 1928) &#8211; Ley N\u00ba 18.010. Establece normas para las operaciones de cr\u00e9dito y otras obligaciones de dinero que indica (D.O. de 27 de junio de 1981) &#8211; Decreto con Fuerza de Ley N\u00ba 3. Fija texto refundido, sistematizado y concordado de la Ley General de Bancos y de otros cuerpos legales que se indican (D.O. de 19 de diciembre de 1997) &#8211; Decreto con Fuerza de Ley N\u00ba 3. Fija texto refundido, coordinado y sistematizado de la Ley N\u00ba 19.496, que Establece Normas Sobre Protecci\u00f3n de los Derechos de los Consumidores (D.O. de 31 de mayo de 2021) &#8211; Decreto N\u00ba 84. Aprueba Reglamento que regula la mediaci\u00f3n, conciliaci\u00f3n y arbitraje en materias de consumo, de conformidad con lo dispuesto por la Ley N\u00ba 19.496, sobre Protecci\u00f3n de los Derechos de los Consumidores (D.O. de 13 de diciembre de 2022) MODIFICACIONES INCORPORADAS A ESTA EDICI\u00d3N Modificaciones introducidas en el per\u00edodo comprendido entre el 1 de febrero de 2002 y el 3 de enero de 2024: \u2013 El art\u00edculo 1\u00ba de la Ley N\u00ba 21.641, publicada en el Diario Oficial de 30 de diciembre de 2023, modifica los art\u00edculos 57 y 140 de la Ley N\u00ba 20.720, que Sustituye el r\u00e9gimen concursal vigente por una ley de reorganizaci\u00f3n y liquidaci\u00f3n de empresas y personas, y perfecciona el rol de la Superintendencia del ramo. \u2013 El art\u00edculo 2\u00ba de la Ley N\u00ba 21.641, publicada en el Diario Oficial de 30 de diciembre de 2023, modifica los art\u00edculos 116, 117 y 136 del Decreto con Fuerza de Ley N\u00ba 3, que Fija texto refundido, sistematizado y concordado de la Ley General de Bancos. \u2013 El art\u00edculo 8\u00ba de la Ley N\u00ba 21.641, publicada en el Diario Oficial de 30 de diciembre de 2023, modifica el art\u00edculo 48 de la Ley N\u00ba 18.045, de Mercado de Valores. \u2013 El art\u00edculo \u00fanico de la Ley N\u00ba 21.608, publicada en el Diario Oficial de 23 de septiembre de 2023, modifica el art\u00edculo 426 del C\u00f3digo de Comercio. \u2013 El art\u00edculo 51 de la Ley N\u00ba 21.595, publicada en el Diario Oficial de 17 de agosto de 2023, modifica los art\u00edculos 134 y 134 bis de la Ley N\u00ba 18.046, sobre Sociedades An\u00f3nimas. \u2013 El art\u00edculo 52 de la Ley N\u00ba 21.595, publicada en el Diario Oficial de 17 de agosto de 2023, modifica los art\u00edculos, 59, 60, 61, 62,<\/p>\n","protected":false},"featured_media":3282,"comment_status":"open","ping_status":"closed","template":"","meta":{"inline_featured_image":false,"_joinchat":[]},"product_brand":[],"product_cat":[48,42],"product_tag":[],"class_list":{"0":"post-3237","1":"product","2":"type-product","3":"status-publish","4":"has-post-thumbnail","6":"product_cat-comercial","7":"product_cat-thomson-reuters","8":"product_shipping_class-a-convenir","10":"first","11":"instock","12":"shipping-taxable","13":"purchasable","14":"product-type-simple"},"_links":{"self":[{"href":"https:\/\/bibliotecajuridicavirtual.cl\/index.php\/wp-json\/wp\/v2\/product\/3237","targetHints":{"allow":["GET"]}}],"collection":[{"href":"https:\/\/bibliotecajuridicavirtual.cl\/index.php\/wp-json\/wp\/v2\/product"}],"about":[{"href":"https:\/\/bibliotecajuridicavirtual.cl\/index.php\/wp-json\/wp\/v2\/types\/product"}],"replies":[{"embeddable":true,"href":"https:\/\/bibliotecajuridicavirtual.cl\/index.php\/wp-json\/wp\/v2\/comments?post=3237"}],"wp:featuredmedia":[{"embeddable":true,"href":"https:\/\/bibliotecajuridicavirtual.cl\/index.php\/wp-json\/wp\/v2\/media\/3282"}],"wp:attachment":[{"href":"https:\/\/bibliotecajuridicavirtual.cl\/index.php\/wp-json\/wp\/v2\/media?parent=3237"}],"wp:term":[{"taxonomy":"product_brand","embeddable":true,"href":"https:\/\/bibliotecajuridicavirtual.cl\/index.php\/wp-json\/wp\/v2\/product_brand?post=3237"},{"taxonomy":"product_cat","embeddable":true,"href":"https:\/\/bibliotecajuridicavirtual.cl\/index.php\/wp-json\/wp\/v2\/product_cat?post=3237"},{"taxonomy":"product_tag","embeddable":true,"href":"https:\/\/bibliotecajuridicavirtual.cl\/index.php\/wp-json\/wp\/v2\/product_tag?post=3237"}],"curies":[{"name":"wp","href":"https:\/\/api.w.org\/{rel}","templated":true}]}}