{"id":3242,"date":"2026-02-28T01:10:57","date_gmt":"2026-02-28T04:10:57","guid":{"rendered":"https:\/\/bibliotecajuridicavirtual.cl\/?post_type=product&#038;p=3242"},"modified":"2026-02-28T01:11:39","modified_gmt":"2026-02-28T04:11:39","slug":"argumentacion-juridica-texto-razonamiento-y-logica-informal-ano-2024-580-pag-autor-victor-gabriel-rodriguez","status":"publish","type":"product","link":"https:\/\/bibliotecajuridicavirtual.cl\/index.php\/product\/argumentacion-juridica-texto-razonamiento-y-logica-informal-ano-2024-580-pag-autor-victor-gabriel-rodriguez\/","title":{"rendered":"Argumentaci\u00f3n Jur\u00eddica. Texto, Razonamiento y L\u00f3gica Informal. A\u00f1o 2024 \/ 580 P\u00e1g. Autor  V\u00edctor Gabriel Rodr\u00edguez"},"content":{"rendered":"<p>Pocos juristas se dedican a estudiar el Derecho como actividad comunicativa. Este libro, en continuas ediciones, presenta un m\u00e9todo para la formaci\u00f3n del profesional o del estudiante como creador del razonamiento jur\u00eddico. El autor profundiza en lo m\u00e1s contempor\u00e1neo de la l\u00f3gica informal y de la teor\u00eda de la comunicaci\u00f3n para ense\u00f1ar, paso a paso, las competencias que el jurista debe dominar en su actividad de construcci\u00f3n textual persuasiva. Tambi\u00e9n se postulan algunas tesis, como la estructura narrativa de toda argumentaci\u00f3n, o las distancias y aproximaciones entre el saber jur\u00eddico y las ciencias, visando a la construcci\u00f3n del discurso coherente. As\u00ed, el lector tiene a su disposici\u00f3n un verdadero Programa para el estudio de la Argumentaci\u00f3n en Derecho. La presente obra, ahora por primera vez en el idioma espa\u00f1ol, surge de la revisi\u00f3n y ampliaci\u00f3n, por el propio autor, del original de la s\u00e9ptima edici\u00f3n en portugu\u00e9s.<\/p>\n<p>\u00cdndice<br \/>\nIntroducci\u00f3n a la S\u00e9ptima Edici\u00f3n en portugu\u00e9s\u00a0\u00a0 \u00a0\u00a0\u00a0 \u00a015<br \/>\nCap\u00edtulo I<br \/>\nESTUDIANDO LA ARGUMENTACI\u00d3N<br \/>\nINTRODUCCI\u00d3N\u00a0\u00a0 \u00a0\u00a0\u00a0 \u00a023<br \/>\nUN MAR DE INFORMACIONES\u00a0\u00a0 \u00a0\u00a0\u00a0 \u00a024<br \/>\nEPISTEME Y CORTE HIST\u00d3RICO\u00a0\u00a0 \u00a0\u00a0\u00a0 \u00a026<br \/>\nRET\u00d3RICA DEL SIGLO XX\u00a0\u00a0 \u00a0\u00a0\u00a0 \u00a029<br \/>\nARGUMENTACI\u00d3N CONTEMPOR\u00c1NEA\u00a0\u00a0 \u00a0\u00a0\u00a0 \u00a033<br \/>\nOTRO GIRO TECNOL\u00d3GICO\u00a0\u00a0 \u00a0\u00a0\u00a0 \u00a040<br \/>\nCINCO PREMISAS O REFERENCIAS\u00a0\u00a0 \u00a0\u00a0\u00a0 \u00a045<br \/>\n1.\u00a0\u00a0 \u00a0El texto escrito y la estructura racional\u00a0\u00a0 \u00a0\u00a0\u00a0 \u00a046<br \/>\n2.\u00a0\u00a0 \u00a0Argumentaci\u00f3n como pensamiento m\u00e1gico (cr\u00edtico)\u00a0\u00a0 \u00a0\u00a0\u00a0 \u00a048<br \/>\n3.\u00a0\u00a0 \u00a0Argumentaci\u00f3n como producto narrativo\u00a0\u00a0 \u00a0\u00a0\u00a0 \u00a050<br \/>\n4.\u00a0\u00a0 \u00a0Combinaci\u00f3n intertextual\u00a0\u00a0 \u00a0\u00a0\u00a0 \u00a052<br \/>\n5.\u00a0\u00a0 \u00a0Dependencia estructurante de la l\u00f3gica formal\u00a0\u00a0 \u00a0\u00a0\u00a0 \u00a053<br \/>\nCONCLUSI\u00d3N\u00a0\u00a0 \u00a0\u00a0\u00a0 \u00a053<br \/>\nCap\u00edtulo II<br \/>\nEL ARGUMENTO<br \/>\nTRES TIPOS CL\u00c1SICOS DE DISCURSO\u00a0\u00a0 \u00a0\u00a0\u00a0 \u00a055<br \/>\nLA DISPUTA ENTRE DOS CRITERIOS\u00a0\u00a0 \u00a0\u00a0\u00a0 \u00a059<br \/>\nARGUMENTO Y VERDAD\u00a0\u00a0 \u00a0\u00a0\u00a0 \u00a062<br \/>\nLOS OBJETIVOS Y LOS MEDIOS DE LA ARGUMENTACI\u00d3N\u00a0\u00a0 \u00a0\u00a0\u00a0 \u00a069<br \/>\nINTERL\u00daDIO: ARGUMENTACI\u00d3N EN MEDIOS CORRUPTOS\u00a0\u00a0 \u00a0\u00a0\u00a0 \u00a072<br \/>\nDE ELLO SE DESPRENDE: EL OBJETIVO DE HACER CREER\u00a0\u00a0 \u00a0\u00a0\u00a0 \u00a075<br \/>\nCARACTER\u00cdSTICAS B\u00c1SICAS DE LA ARGUMENTACI\u00d3N\u00a0\u00a0 \u00a0\u00a0\u00a0 \u00a077<br \/>\nCARACTER\u00cdSTICAS QUE SUMAN: MAGIA, NARRATIVA, EST\u00c9TICA Y LEGITIMACI\u00d3N \u00a0\u00a0 \u00a0\u00a0\u00a0 \u00a084<br \/>\nRealismo: pensamiento m\u00e1gico\u00a0\u00a0 \u00a0\u00a0\u00a0 \u00a085<br \/>\nBase: la idea narrativa\u00a0\u00a0 \u00a0\u00a0\u00a0 \u00a087<br \/>\nLa dimensi\u00f3n est\u00e9tica\u00a0\u00a0 \u00a0\u00a0\u00a0 \u00a088<br \/>\nDimensi\u00f3n legitimadora del Estado\u00a0\u00a0 \u00a0\u00a0\u00a0 \u00a089<br \/>\nCONCLUSI\u00d3N \u00a0\u00a0 \u00a0\u00a0\u00a0 \u00a090<br \/>\nCap\u00edtulo III<br \/>\nARGUMENTACI\u00d3N Y RAZONAMIENTO.<br \/>\nPENSAR EN EL OYENTE<br \/>\nEL DISCURSO DE LA VERACIDAD CIENT\u00cdFICA\u00a0\u00a0 \u00a0\u00a0\u00a0 \u00a093<br \/>\nEL DESTINATARIO: CARTA AL JOVEN ABOGADO\u00a0\u00a0 \u00a0\u00a0\u00a0 \u00a096<br \/>\nARGUMENTACI\u00d3N \u00d7 FUNDAMENTACI\u00d3N: LA DISTINCI\u00d3N RELATIVA\u00a0\u00a0 \u00a0\u00a0\u00a0 \u00a0106<br \/>\nTIEMPOS DE PATERNALISMO: LA PARCIALIDAD COMO NUEVO RIESGO A EVITAR\u00a0\u00a0 \u00a0\u00a0\u00a0 \u00a0113<br \/>\nSIGUE: LA LICITUD DE UNA LEY COMUNICATIVA\u00a0\u00a0 \u00a0\u00a0\u00a0 \u00a0115<br \/>\nCap\u00edtulo IV<br \/>\nINTERTEXTUALIDAD: ADHESI\u00d3N DE ESP\u00cdRITUS<br \/>\nY MAGIA ELEMENTAL<br \/>\nUN P\u00daBLICO UNIVERSAL\u00a0\u00a0 \u00a0\u00a0\u00a0 \u00a0118<br \/>\nLA INTERTEXTUALIDAD\u00a0\u00a0 \u00a0\u00a0\u00a0 \u00a0120<br \/>\nFORMALIDAD Y MATERIALIDAD DE LA DECISI\u00d3N INTERTEXTUAL\u00a0\u00a0 \u00a0\u00a0\u00a0 \u00a0123<br \/>\nPROXIMIDAD, ADHERENCIA Y REDUCCI\u00d3N\u00a0\u00a0 \u00a0\u00a0\u00a0 \u00a0127<br \/>\nEST\u00c9TICA ABSOLUTA Y DISCURSIVA\u00a0\u00a0 \u00a0\u00a0\u00a0 \u00a0131<br \/>\nCap\u00edtulo V<br \/>\nPROGRESI\u00d3N Y COHERENCIA DEL DISCURSO<br \/>\nLA COHERENCIA\u00a0\u00a0 \u00a0\u00a0\u00a0 \u00a0135<br \/>\nCOHERENCIA Y RECORTES\u00a0\u00a0 \u00a0\u00a0\u00a0 \u00a0137<br \/>\nESTABLECIENDO LA COHERENCIA\u00a0\u00a0 \u00a0\u00a0\u00a0 \u00a0139<br \/>\nCOHERENCIA Y SENTIDO: DEPENDENCIA DEL MUNDO EXTERIOR\u00a0\u00a0 \u00a0\u00a0\u00a0 \u00a0142<br \/>\nCOHERENCIA Y EXTENSI\u00d3N DE LA ARGUMENTACI\u00d3N\u00a0\u00a0 \u00a0\u00a0\u00a0 \u00a0144<br \/>\nTEXTO Y RITMO\u00a0\u00a0 \u00a0\u00a0\u00a0 \u00a0148<br \/>\nEL NIVEL NECESARIO DE INFORMACI\u00d3N\u00a0\u00a0 \u00a0\u00a0\u00a0 \u00a0151<br \/>\nHABLA ALGO, DI OTRA COSA\u00a0\u00a0 \u00a0\u00a0\u00a0 \u00a0156<br \/>\nILUSTRACI\u00d3N: DEFENSA DE UN HOMICIDIO\u00a0\u00a0 \u00a0\u00a0\u00a0 \u00a0157<br \/>\nREGLAS SOBRE COHERENCIA\u00a0\u00a0 \u00a0\u00a0\u00a0 \u00a0161<br \/>\nCONCLUSI\u00d3N\u00a0\u00a0 \u00a0\u00a0\u00a0 \u00a0168<br \/>\nCap\u00edtulo VI<br \/>\nLA NARRACI\u00d3N DE LOS HECHOS, TIEMPO Y ESTRUCTURA<br \/>\nNARRATIVA ELEMENTAL: LOS HECHOS COMO PREMISA\u00a0\u00a0 \u00a0\u00a0\u00a0 \u00a0171<br \/>\nLO FIGURATIVO EN LA NARRATIVA\u00a0\u00a0 \u00a0\u00a0\u00a0 \u00a0172<br \/>\nEL EJE TEMPORAL\u00a0\u00a0 \u00a0\u00a0\u00a0 \u00a0174<br \/>\nFUNCI\u00d3N ARGUMENTATIVA DE LA NARRACI\u00d3N DE LOS HECHOS: EL PUNTO DE VISTA\u00a0\u00a0 \u00a0\u00a0\u00a0 \u00a0176<br \/>\nCOHERENCIA NARRATIVA\u00a0\u00a0 \u00a0\u00a0\u00a0 \u00a0182<br \/>\nEL PERSONAJE\u00a0\u00a0 \u00a0\u00a0\u00a0 \u00a0188<br \/>\nCREACI\u00d3N DEL PERSONAJE\u00a0\u00a0 \u00a0\u00a0\u00a0 \u00a0189<br \/>\nEXISTENCIA DE CONFLICTO Y PROGRESI\u00d3N INMANENTE \u00a0\u00a0 \u00a0\u00a0\u00a0 \u00a0197<br \/>\nESTRUCTURA DEL PENSAMIENTO NARRATIVO\u00a0\u00a0 \u00a0\u00a0\u00a0 \u00a0202<br \/>\nAPROXIM\u00c1NDOSE A LA ARGUMENTACI\u00d3N\u00a0\u00a0 \u00a0\u00a0\u00a0 \u00a0203<br \/>\nEL DERECHO EN CLAVE NARRATIVA\u00a0\u00a0 \u00a0\u00a0\u00a0 \u00a0214<br \/>\nLA ESTRUCTURA FIGURATIVA COMPLEJA: MACRO Y MICROTEXTO\u00a0\u00a0 \u00a0\u00a0\u00a0 \u00a0218<br \/>\nEL TIEMPO INMANENTE: PROYECTARSE AL FUTURO\u00a0\u00a0 \u00a0\u00a0\u00a0 \u00a0223<br \/>\nCONCLUSI\u00d3N\u00a0\u00a0 \u00a0\u00a0\u00a0 \u00a0227<br \/>\nCap\u00edtulo VII<br \/>\nARGUMENTO DE AUTORIDAD: LA PERSUASI\u00d3N<br \/>\nDE LA DOCTRINA<br \/>\nPRESENTACI\u00d3N: LOS TIPOS DE ARGUMENTO\u00a0\u00a0 \u00a0\u00a0\u00a0 \u00a0229<br \/>\nLA AUTORIDAD\u00a0\u00a0 \u00a0\u00a0\u00a0 \u00a0230<br \/>\nARGUMENTUM AD VERECUNDIAM\u00a0\u00a0 \u00a0\u00a0\u00a0 \u00a0232<br \/>\nCIENCIA Y VERDAD\u00a0\u00a0 \u00a0\u00a0\u00a0 \u00a0234<br \/>\nLA FIABILIDAD DE LA OPINI\u00d3N DE LA AUTORIDAD: QUIA NOMINOR LEO \u00a0\u00a0 \u00a0\u00a0\u00a0 \u00a0236<br \/>\nESTABLECIENDO LA VALIDEZ DEL ARGUMENTO\u00a0\u00a0 \u00a0\u00a0\u00a0 \u00a0238<br \/>\nCRITERIOS PRIMARIOS DEL AN\u00c1LISIS DEL ARGUMENTO DE AUTORIDAD\u00a0\u00a0 \u00a0\u00a0\u00a0 \u00a0239<br \/>\nLA PREGUNTA DEL EXPERTO\u00a0\u00a0 \u00a0\u00a0\u00a0 \u00a0240<br \/>\nCUESTI\u00d3N DEL \u00c1REA\u00a0\u00a0 \u00a0\u00a0\u00a0 \u00a0243<br \/>\nCUESTI\u00d3N DE LA VALIDEZ DE LA OPINI\u00d3N\u00a0\u00a0 \u00a0\u00a0\u00a0 \u00a0245<br \/>\nCUESTI\u00d3N DE CONFIABILIDAD\u00a0\u00a0 \u00a0\u00a0\u00a0 \u00a0246<br \/>\nCUESTI\u00d3N DE CONSISTENCIA\u00a0\u00a0 \u00a0\u00a0\u00a0 \u00a0249<br \/>\nCUESTI\u00d3N DE LAS PRUEBAS\u00a0\u00a0 \u00a0\u00a0\u00a0 \u00a0250<br \/>\nLA RELACI\u00d3N ENTRE AFIRMACI\u00d3N DE LA AUTORIDAD Y EL ARGUMENTADOR\u00a0\u00a0 \u00a0\u00a0\u00a0 \u00a0252<br \/>\nCUESTI\u00d3N DE LA CONCIENCIA DEL ARGUMENTADOR\u00a0\u00a0 \u00a0\u00a0\u00a0 \u00a0253<br \/>\nCUESTI\u00d3N DE EXENCI\u00d3N ABSOLUTA DE LA FUENTE\u00a0\u00a0 \u00a0\u00a0\u00a0 \u00a0254<br \/>\nLA CONCLUSI\u00d3N DE LA PERTINENCIA DEL MOMENTO DISCURSIVO (PLACEMENT)\u00a0\u00a0 \u00a0\u00a0\u00a0 \u00a0255<br \/>\nFORMAS ESPEC\u00cdFICAS DEL ARGUMENTO DE AUTORIDAD \u00a0\u00a0 \u00a0\u00a0\u00a0 \u00a0257<br \/>\nLas pericias en general\u00a0\u00a0 \u00a0\u00a0\u00a0 \u00a0258<br \/>\nLos pareceres \u00a0\u00a0 \u00a0\u00a0\u00a0 \u00a0259<br \/>\nEXAGERACIONES Y MAL USO DEL ARGUMENTO\u00a0\u00a0 \u00a0\u00a0\u00a0 \u00a0262<br \/>\nLA EST\u00c9TICA ESTRUCTURANTE DE LAS NOTAS A PIE DE P\u00c1GINA\u00a0\u00a0 \u00a0\u00a0\u00a0 \u00a0264<br \/>\nEL MAYOR INTELECTUAL DEL MUNDO: LA PERTINENCIA DE LA AUTORIDAD\u00a0\u00a0 \u00a0\u00a0\u00a0 \u00a0269<br \/>\nCONCLUSI\u00d3N\u00a0\u00a0 \u00a0\u00a0\u00a0 \u00a0272<br \/>\nCap\u00edtulo VIII<br \/>\nARGUMENTACI\u00d3N POR ANALOG\u00cdA:<br \/>\nEL USO DE LA JURISPRUDENCIA<br \/>\nLA ANALOG\u00cdA Y LA ILUSTRACI\u00d3N\u00a0\u00a0 \u00a0\u00a0\u00a0 \u00a0275<br \/>\nJURISPRUDENCIA: LA ANALOG\u00cdA Y LA AUTORIDAD \u00a0\u00a0 \u00a0\u00a0\u00a0 \u00a0276<br \/>\nUSO DE LA JURISPRUDENCIA: CANTIDAD Y CALIDAD\u00a0\u00a0 \u00a0\u00a0\u00a0 \u00a0277<br \/>\nPRECEDENTES Y COMMON LAW\u00a0\u00a0 \u00a0\u00a0\u00a0 \u00a0280<br \/>\nA CONTINUACI\u00d3N: VALOR Y USO DE LA JURISPRUDENCIA\u00a0\u00a0 \u00a0\u00a0\u00a0 \u00a0281<br \/>\nCOMBATIENDO EL ARGUMENTO DE LA ANALOG\u00cdA\u00a0\u00a0 \u00a0\u00a0\u00a0 \u00a0283<br \/>\nCAMBIANDO LA JURISPRUDENCIA: EL OVERRULLING\u00a0\u00a0 \u00a0\u00a0\u00a0 \u00a0285<br \/>\nCONCLUSI\u00d3N\u00a0\u00a0 \u00a0\u00a0\u00a0 \u00a0287<br \/>\nCap\u00edtulo IX<br \/>\nEJEMPLO, LO FIGURATIVO Y LA ILUSTRACI\u00d3N<br \/>\nDEL DISCURSO<br \/>\nEL EJEMPLO\u00a0\u00a0 \u00a0\u00a0\u00a0 \u00a0289<br \/>\nREQUISITOS DEL EJEMPLO\u00a0\u00a0 \u00a0\u00a0\u00a0 \u00a0292<br \/>\nREPRESENTATIVIDAD DEL EJEMPLO\u00a0\u00a0 \u00a0\u00a0\u00a0 \u00a0294<br \/>\nHABLANDO DE ILUSTRACI\u00d3N\u00a0\u00a0 \u00a0\u00a0\u00a0 \u00a0295<br \/>\nILUSTRACI\u00d3N Y ARGUMENTO\u00a0\u00a0 \u00a0\u00a0\u00a0 \u00a0297<br \/>\nTENDENCIA ACTUAL DE LO FIGURATIVO\u00a0\u00a0 \u00a0\u00a0\u00a0 \u00a0299<br \/>\nLA IMAGEN Y LA CUESTI\u00d3N DE LA PRESENCIA\u00a0\u00a0 \u00a0\u00a0\u00a0 \u00a0302<br \/>\nEXAGERACI\u00d3N DE LA IMAGEN Y DEL EJEMPLO\u00a0\u00a0 \u00a0\u00a0\u00a0 \u00a0304<br \/>\nCONCLUSI\u00d3N\u00a0\u00a0 \u00a0\u00a0\u00a0 \u00a0305<br \/>\nCap\u00edtulo X<br \/>\nESTRUCTURA L\u00d3GICA Y ARGUMENTO:<br \/>\nA FORTIORI, AD ABSURDUM Y RID\u00cdCULO<br \/>\nEL ARGUMENTO JUR\u00cdDICO\u00a0\u00a0 \u00a0\u00a0\u00a0 \u00a0307<br \/>\nEL ARGUMENTO CONTRARIO SENSU\u00a0\u00a0 \u00a0\u00a0\u00a0 \u00a0309<br \/>\nEL ARGUMENTO AD ABSURDUM\u00a0\u00a0 \u00a0\u00a0\u00a0 \u00a0312<br \/>\nEL USO DE LA RIDICULIZACI\u00d3N\u00a0\u00a0 \u00a0\u00a0\u00a0 \u00a0317<br \/>\nARGUMENTO A FORTIORI\u00a0\u00a0 \u00a0\u00a0\u00a0 \u00a0320<br \/>\nEL C\u00d3RAX\u00a0\u00a0 \u00a0\u00a0\u00a0 \u00a0322<br \/>\nCONCLUSI\u00d3N: LA HIP\u00d3TESIS NARRATIVA\u00a0\u00a0 \u00a0\u00a0\u00a0 \u00a0324<br \/>\nCap\u00edtulo XI<br \/>\nARGUMENTACI\u00d3N D\u00c9BIL: EVASI\u00d3N Y SENTIDO COM\u00daN<br \/>\nEL ARGUMENTO COM\u00daN\u00a0\u00a0 \u00a0\u00a0\u00a0 \u00a0327<br \/>\nARGUMENTO AD HOMINEM\u00a0\u00a0 \u00a0\u00a0\u00a0 \u00a0328<br \/>\nEL ARGUMENTO DEL SENTIDO COM\u00daN\u00a0\u00a0 \u00a0\u00a0\u00a0 \u00a0331<br \/>\nARGUMENTO DE FUGA\u00a0\u00a0 \u00a0\u00a0\u00a0 \u00a0336<br \/>\nCONCLUSI\u00d3N\u00a0\u00a0 \u00a0\u00a0\u00a0 \u00a0339<br \/>\nCap\u00edtulo XII<br \/>\nCUANDO EL LENGUAJE ES ARGUMENTO<br \/>\nPREDISPOSICI\u00d3N A LA ARGUMENTACI\u00d3N\u00a0\u00a0 \u00a0\u00a0\u00a0 \u00a0341<br \/>\nPALABRA\u00a0\u00a0 \u00a0\u00a0\u00a0 \u00a0343<br \/>\nCONTENIDO Y FORMA\u00a0\u00a0 \u00a0\u00a0\u00a0 \u00a0345<br \/>\nEL LENGUAJE ADECUADO\u00a0\u00a0 \u00a0\u00a0\u00a0 \u00a0348<br \/>\nEL DISCURSO JUR\u00cdDICO EN EL VOCABULARIO\u00a0\u00a0 \u00a0\u00a0\u00a0 \u00a0349<br \/>\nLENGUAJE T\u00c9CNICO Y JERGA\u00a0\u00a0 \u00a0\u00a0\u00a0 \u00a0351<br \/>\nCOMPETENCIA LING\u00dc\u00cdSTICA Y LENGUAJE COTIDIANO\u00a0\u00a0 \u00a0\u00a0\u00a0 \u00a0354<br \/>\nCARGA SEM\u00c1NTICA\u00a0\u00a0 \u00a0\u00a0\u00a0 \u00a0356<br \/>\nEXPRESIONES LATINAS Y BROCARDOS JUR\u00cdDICOS\u00a0\u00a0 \u00a0\u00a0\u00a0 \u00a0359<br \/>\nSIN\u00d3NIMOS Y POLISEMIA\u00a0\u00a0 \u00a0\u00a0\u00a0 \u00a0361<br \/>\n\u00bfPOR QU\u00c9 NO TE CALLAS?\u00a0\u00a0 \u00a0\u00a0\u00a0 \u00a0362<br \/>\nCONCLUSI\u00d3N\u00a0\u00a0 \u00a0\u00a0\u00a0 \u00a0364<br \/>\nCap\u00edtulo XIII<br \/>\nORDEN Y MOMENTOS ARGUMENTATIVOS<br \/>\nORDEN DE LOS ARGUMENTOS\u00a0\u00a0 \u00a0\u00a0\u00a0 \u00a0365<br \/>\nMOMENTOS PRINCIPALES DEL ARGUMENTO\u00a0\u00a0 \u00a0\u00a0\u00a0 \u00a0368<br \/>\nALGO SOBRE EL DESENLACE\u00a0\u00a0 \u00a0\u00a0\u00a0 \u00a0371<br \/>\n\u00bfARGUMENTAR O MOSTRAR ERUDICI\u00d3N?\u00a0\u00a0 \u00a0\u00a0\u00a0 \u00a0374<br \/>\nCONCLUSI\u00d3N\u00a0\u00a0 \u00a0\u00a0\u00a0 \u00a0375<br \/>\nCap\u00edtulo XIV<br \/>\nESPACIO DE ARGUMENTACI\u00d3N JUR\u00cdDICA:<br \/>\nSENTENCIA Y TESIS SUBSIDIARIAS<br \/>\nLA SENTENCIA COMO ESPACIO ARGUMENTATIVO\u00a0\u00a0 \u00a0\u00a0\u00a0 \u00a0377<br \/>\nTESIS SUBSIDIARIAS Y EFECTO ARGUMENTATIVO\u00a0\u00a0 \u00a0\u00a0\u00a0 \u00a0379<br \/>\nARGUMENTAR ES PONER EN DUDA\u00a0\u00a0 \u00a0\u00a0\u00a0 \u00a0381<br \/>\nTESIS SUBSIDIARIAS Y ACEPTABILIDAD EN JUICIO\u00a0\u00a0 \u00a0\u00a0\u00a0 \u00a0383<br \/>\nSENTENCIA: FUNDAMENTACI\u00d3N Y REALISMO JUR\u00cdDICO\u00a0\u00a0 \u00a0\u00a0\u00a0 \u00a0384<br \/>\nPARA LAS RAZONES DEL JUEZ: EL TEXTO M\u00c1S FUERTE QUE EL AUTOR\u00a0\u00a0 \u00a0\u00a0\u00a0 \u00a0386<br \/>\nCONCLUSI\u00d3N\u00a0\u00a0 \u00a0\u00a0\u00a0 \u00a0390<br \/>\nCap\u00edtulo XV<br \/>\nPECULIARIDADES DEL DISCURSO ORAL<br \/>\nDISCURSO ORAL Y DISCURSO ESCRITO\u00a0\u00a0 \u00a0\u00a0\u00a0 \u00a0393<br \/>\nDISCURSO ORAL, PAPEL Y EVIDENCIA\u00a0\u00a0 \u00a0\u00a0\u00a0 \u00a0394<br \/>\nINTENCIONALIDAD EN EL HABLA\u00a0\u00a0 \u00a0\u00a0\u00a0 \u00a0397<br \/>\nPREDISPOSICI\u00d3N A LA ARGUMENTACI\u00d3N EN EL DISCURSO ORAL\u00a0\u00a0 \u00a0\u00a0\u00a0 \u00a0399<br \/>\nDISCURSO PARLAMENTARIO Y DISCURSO POL\u00cdTICO\u00a0\u00a0 \u00a0\u00a0\u00a0 \u00a0403<br \/>\nDISCURSO ANTE EL JURADO\u00a0\u00a0 \u00a0\u00a0\u00a0 \u00a0408<br \/>\nCONCLUSI\u00d3N\u00a0\u00a0 \u00a0\u00a0\u00a0 \u00a0409<br \/>\nCap\u00edtulo XVI<br \/>\nPECULIARIDADES DEL TEXTO ESCRITO<br \/>\nUNA PREMISA: \u00bfQUI\u00c9N LEE LO QUE ESCRIBIMOS?\u00a0\u00a0 \u00a0\u00a0\u00a0 \u00a0412<br \/>\nEN EL MACROTEXTO: EXTENSI\u00d3N Y ORIENTACI\u00d3N\u00a0\u00a0 \u00a0\u00a0\u00a0 \u00a0414<br \/>\nEN EL MICROTEXTO: LA COHESI\u00d3N TEXTUAL\u00a0\u00a0 \u00a0\u00a0\u00a0 \u00a0418<br \/>\nCOHESI\u00d3N ELEMENTAL Y COHESI\u00d3N AVANZADA \u00a0\u00a0 \u00a0\u00a0\u00a0 \u00a0419<br \/>\nGRAM\u00c1TICA Y PUNTUACI\u00d3N\u00a0\u00a0 \u00a0\u00a0\u00a0 \u00a0421<br \/>\nCOHESI\u00d3N AVANZADA\u00a0\u00a0 \u00a0\u00a0\u00a0 \u00a0423<br \/>\nANALIZAR LA ESCRITURA PERSUASIVA\u00a0\u00a0 \u00a0\u00a0\u00a0 \u00a0427<br \/>\nPERCEPCI\u00d3N TEXTUAL: EXPRESI\u00d3N ORAL Y ESCRITA\u00a0\u00a0 \u00a0\u00a0\u00a0 \u00a0428<br \/>\nPAPEL EN BLANCO: MICROTEXTO Y MACROTEXTO\u00a0\u00a0 \u00a0\u00a0\u00a0 \u00a0435<br \/>\nCONCLUSI\u00d3N\u00a0\u00a0 \u00a0\u00a0\u00a0 \u00a0436<br \/>\nCap\u00edtulo XVII<br \/>\nESTILO Y CREATIVIDAD<br \/>\nCONSTRUIR UN ESTILO, EDIFICAR UNA IMAGEN\u00a0\u00a0 \u00a0\u00a0\u00a0 \u00a0442<br \/>\nSUBJETIVIDAD Y CONCIENCIA\u00a0\u00a0 \u00a0\u00a0\u00a0 \u00a0444<br \/>\nDEL ESTILO A LA CREATIVIDAD\u00a0\u00a0 \u00a0\u00a0\u00a0 \u00a0446<br \/>\nLA CREATIVIDAD\u00a0\u00a0 \u00a0\u00a0\u00a0 \u00a0448<br \/>\nSI HAY MIEDO AL CAMBIO\u00a0\u00a0 \u00a0\u00a0\u00a0 \u00a0448<br \/>\nCREATIVIDAD E INFORMACI\u00d3N \u00a0\u00a0 \u00a0\u00a0\u00a0 \u00a0450<br \/>\nINTERTEXTUALIDAD CREATIVA\u00a0\u00a0 \u00a0\u00a0\u00a0 \u00a0453<br \/>\nNOVEDAD, SEGURIDAD Y HABILIDADES\u00a0\u00a0 \u00a0\u00a0\u00a0 \u00a0457<br \/>\nCONCLUSI\u00d3N\u00a0\u00a0 \u00a0\u00a0\u00a0 \u00a0458<br \/>\nCap\u00edtulo XVIII<br \/>\nINTELIGENCIA ARTIFICIAL:<br \/>\nARGUMENTOS A SU FAVOR<br \/>\nSENTENCIAS ARTIFICIALES\u00a0\u00a0 \u00a0\u00a0\u00a0 \u00a0460<br \/>\nINTELIGENCIA ARTIFICIAL\u00a0\u00a0 \u00a0\u00a0\u00a0 \u00a0461<br \/>\nDECISI\u00d3N HUMANA: QUERER Y DETERMINISMO\u00a0\u00a0 \u00a0\u00a0\u00a0 \u00a0463<br \/>\nNUESTRO CEREBRO: ALGO SOBRE LOS EXPERIMENTOS DE LAS NEUROCIENCIAS\u00a0\u00a0 \u00a0\u00a0\u00a0 \u00a0464<br \/>\nINTERPRETAR LA LIBERTAD DE DECISI\u00d3N\u00a0\u00a0 \u00a0\u00a0\u00a0 \u00a0466<br \/>\nDERECHO A UNA DECISI\u00d3N NO ARTIFICIAL\u00a0\u00a0 \u00a0\u00a0\u00a0 \u00a0469<br \/>\n\u00bfC\u00d3MO PERSUADIR A UN ORDENADOR?\u00a0\u00a0 \u00a0\u00a0\u00a0 \u00a0475<br \/>\nCONCLUSI\u00d3N\u00a0\u00a0 \u00a0\u00a0\u00a0 \u00a0479<br \/>\nEp\u00edlogo. Un programa de argumentaci\u00f3n jur\u00eddica\u00a0\u00a0 \u00a0\u00a0\u00a0 \u00a0481<br \/>\nBibliograf\u00eda\u00a0\u00a0 \u00a0\u00a0\u00a0 \u00a0485<br \/>\nNotas al final\u00a0\u00a0 \u00a0\u00a0\u00a0 \u00a0509<\/p>\n","protected":false},"excerpt":{"rendered":"<h5 style=\"text-align: center;\"><span style=\"color: #0000ff;\">Libro Espa\u00f1ol \/ Reservas 10-15 d\u00edas h\u00e1biles.<\/span><\/h5>\n","protected":false},"featured_media":3287,"comment_status":"open","ping_status":"closed","template":"","meta":{"inline_featured_image":false,"_joinchat":[]},"product_brand":[],"product_cat":[27,26,44],"product_tag":[],"class_list":{"0":"post-3242","1":"product","2":"type-product","3":"status-publish","4":"has-post-thumbnail","6":"product_cat-civil","7":"product_cat-derecho","8":"product_cat-filosofia-del-derecho-y-introduccion","9":"product_shipping_class-a-convenir","11":"first","12":"instock","13":"shipping-taxable","14":"purchasable","15":"product-type-simple"},"_links":{"self":[{"href":"https:\/\/bibliotecajuridicavirtual.cl\/index.php\/wp-json\/wp\/v2\/product\/3242","targetHints":{"allow":["GET"]}}],"collection":[{"href":"https:\/\/bibliotecajuridicavirtual.cl\/index.php\/wp-json\/wp\/v2\/product"}],"about":[{"href":"https:\/\/bibliotecajuridicavirtual.cl\/index.php\/wp-json\/wp\/v2\/types\/product"}],"replies":[{"embeddable":true,"href":"https:\/\/bibliotecajuridicavirtual.cl\/index.php\/wp-json\/wp\/v2\/comments?post=3242"}],"wp:featuredmedia":[{"embeddable":true,"href":"https:\/\/bibliotecajuridicavirtual.cl\/index.php\/wp-json\/wp\/v2\/media\/3287"}],"wp:attachment":[{"href":"https:\/\/bibliotecajuridicavirtual.cl\/index.php\/wp-json\/wp\/v2\/media?parent=3242"}],"wp:term":[{"taxonomy":"product_brand","embeddable":true,"href":"https:\/\/bibliotecajuridicavirtual.cl\/index.php\/wp-json\/wp\/v2\/product_brand?post=3242"},{"taxonomy":"product_cat","embeddable":true,"href":"https:\/\/bibliotecajuridicavirtual.cl\/index.php\/wp-json\/wp\/v2\/product_cat?post=3242"},{"taxonomy":"product_tag","embeddable":true,"href":"https:\/\/bibliotecajuridicavirtual.cl\/index.php\/wp-json\/wp\/v2\/product_tag?post=3242"}],"curies":[{"name":"wp","href":"https:\/\/api.w.org\/{rel}","templated":true}]}}