{"id":3243,"date":"2026-02-28T01:10:57","date_gmt":"2026-02-28T04:10:57","guid":{"rendered":"https:\/\/bibliotecajuridicavirtual.cl\/?post_type=product&#038;p=3243"},"modified":"2026-02-28T01:11:42","modified_gmt":"2026-02-28T04:11:42","slug":"delitos-informaticos-analisis-dogmatico-y-comentarios-a-la-ley-n-21-459-ano-2024-474-pag-autor-samuel-malamud-herrera-y-guillermo-chahuan-chahuan","status":"publish","type":"product","link":"https:\/\/bibliotecajuridicavirtual.cl\/index.php\/product\/delitos-informaticos-analisis-dogmatico-y-comentarios-a-la-ley-n-21-459-ano-2024-474-pag-autor-samuel-malamud-herrera-y-guillermo-chahuan-chahuan\/","title":{"rendered":"Delitos Inform\u00e1ticos. An\u00e1lisis Dogm\u00e1tico y Comentarios a la Ley N 21.459. A\u00f1o 2024\/ 474 P\u00e1g. Autor Samuel Malamud Herrera y  Guillermo Chahu\u00e1n Chahu\u00e1n"},"content":{"rendered":"<p>El presente libro es una obra colectiva, de tipo monogr\u00e1fi ca, en la que se\u00a0analizan desde una perspectiva dogm\u00e1tica cada una de las disposiciones\u00a0de la Ley N\u00b0 21.459 sobre delitos inform\u00e1ticos.<br \/>\nDe la mano de comentarios independientes, encargados a especialistas\u00a0en los respectivos temas, se abordan cada uno de los delitos que introduce\u00a0la nueva ley de delitos inform\u00e1ticos, las circunstancias especiales\u00a0modifi catorias de responsabilidad penal y las nuevas normas procesales\u00a0especialmente incorporadas.<br \/>\nEl objetivo de la obra es brindar a los intervinientes en el sistema de justicia\u00a0criminal y a la comunidad jur\u00eddica en general, una visi\u00f3n sistematizada\u00a0de las principales regulaciones impuestas por la mencionada ley. De igual\u00a0forma, se hacen presentes ciertas propuestas de reformas legales que intentan\u00a0alentar una continuaci\u00f3n en el debate sobre la materia.<\/p>\n<p>\u00cdndice<br \/>\nPR\u00d3LOGO\u00a0\u00a0 \u00a0\u00a0\u00a0 \u00a011<br \/>\nH\u00e9ctor Hern\u00e1ndez Basualto<br \/>\nINTRODUCCI\u00d3N\u00a0\u00a0 \u00a0\u00a0\u00a0 \u00a015<br \/>\nSamuel Malamud Herrera<br \/>\nGuillermo Chahu\u00e1n Chahu\u00e1n<br \/>\nCap\u00edtulo I. EL DELITO DE ATAQUE A LA INTEGRIDAD DE UN SISTEMA INFORM\u00c1TICO\u00a0\u00a0 \u00a0\u00a0\u00a0 \u00a019<br \/>\nSamuel Malamud Herrera<br \/>\nCap\u00edtulo II. EL DELITO DE ACCESO IL\u00cdCITO A SISTEMAS INFORM\u00c1TICOS\u00a0\u00a0 \u00a0\u00a0\u00a0 \u00a049<br \/>\nGonzalo Medina Schulz<br \/>\nCap\u00edtulo III. EL DELITO DE INTERCEPTACI\u00d3N IL\u00cdCITA\u00a0\u00a0 \u00a0\u00a0\u00a0 \u00a073<br \/>\nGuillermo Chahu\u00e1n Chahu\u00e1n<br \/>\nCap\u00edtulo IV. EL DELITO DE ATAQUE A LA INTEGRIDAD DE UN SISTEMA INFORM\u00c1TICO\u00a0\u00a0 \u00a0\u00a0\u00a0 \u00a099<br \/>\nSamuel Malamud Herrera<br \/>\nCap\u00edtulo V. EL DELITO DE FALSIFICACI\u00d3N INFORM\u00c1TICA\u00a0\u00a0 \u00a0\u00a0\u00a0 \u00a0125<br \/>\nLaura Mayer Lux<br \/>\nJaime Vera Vega<br \/>\nCap\u00edtulo VI. EL DELITO DE RECEPTACI\u00d3N DE DATOS INFORM\u00c1TICOS\u00a0\u00a0 \u00a0\u00a0\u00a0 \u00a0163<br \/>\nRodrigo \u00c1lvarez Quevedo<br \/>\nJuan Ignacio Rosas Oliva<br \/>\nCap\u00edtulo VII. EL DELITO DE FRAUDE INFORM\u00c1TICO\u00a0\u00a0 \u00a0\u00a0\u00a0 \u00a0205<br \/>\nJorge Cabrera Guirao<br \/>\nLautaro Contreras Chaimovich<br \/>\nCap\u00edtulo VIII. EL DELITO DE ABUSO DE LOS DISPOSITIVOS\u00a0\u00a0 \u00a0\u00a0\u00a0 \u00a0233<br \/>\nMiguel Schurmann Opazo<br \/>\nCap\u00edtulo IX. CIRCUNSTANCIAS MODIFICATORIAS DE LA RESPONSABILIDAD PENAL\u00a0\u00a0 \u00a0\u00a0\u00a0 \u00a0265<br \/>\nAng\u00e9lica Torres Figueroa<br \/>\nCap\u00edtulo X. NORMAS PROCESALES ESPECIALES Y COMISO: ART\u00cdCULOS 11, 12, 13 Y 14 DE LA LEY N\u00b0 21.459.\u00a0\u00a0 \u00a0\u00a0\u00a0 \u00a0309<br \/>\nGuillermo Chahu\u00e1n Chahu\u00e1n<br \/>\nCap\u00edtulo XI. LA EXENCI\u00d3N DE RESPONSABILIDAD POR AUTORIZACI\u00d3N O INVESTIGACI\u00d3N ACAD\u00c9MICA\u00a0\u00a0 \u00a0\u00a0\u00a0 \u00a0339<br \/>\nMichelle Bordachar Benoit<br \/>\nCap\u00edtulo XII. LA PRESERVACI\u00d3N PROVISORIA DE DATOS INFORM\u00c1TICOS\u00a0\u00a0 \u00a0\u00a0\u00a0 \u00a0369<br \/>\nMacarena Y\u00e1\u00f1ez Ruiz<br \/>\nCap\u00edtulo XIII. RESPONSABILIDAD PENAL DE LAS PERSONAS JUR\u00cdDICAS POR DELITOS INFORM\u00c1TICOS: ALCANCES, REPERCUSIONES Y DESAF\u00cdOS INVESTIGATIVOS\u00a0\u00a0 \u00a0\u00a0\u00a0 \u00a0407<br \/>\nXimena Chong Campusano<br \/>\nCap\u00edtulo XIV. EXCURSO. CRIMINALIDAD INFORM\u00c1TICA Y DELITOS DE PORNOGRAF\u00cdA O EXPLOTACI\u00d3N SEXUAL DE NI\u00d1AS, NI\u00d1OS O ADOLESCENTES \u00bfEXISTE O NO VINCULACI\u00d3N ENTRE LOS TIPOS PENALES DE LA LEY DE DELITOS INFORM\u00c1TICOS Y AQUELLOS RELACIONADOS CON LA PORNOGRAF\u00cdA INFANTIL?\u00a0\u00a0 \u00a0\u00a0\u00a0 \u00a0449<br \/>\nCarolina Suazo Schwencke<br \/>\nSOBRE LAS\/OS AUTORAS\/ES\u00a0\u00a0 \u00a0\u00a0\u00a0 \u00a0467<\/p>\n","protected":false},"excerpt":{"rendered":"<p>El presente libro es una obra colectiva, de tipo monogr\u00e1fi ca, en la que se\u00a0analizan desde una perspectiva dogm\u00e1tica cada una de las disposiciones\u00a0de la Ley N\u00b0 21.459 sobre delitos inform\u00e1ticos. De la mano de comentarios independientes, encargados a especialistas\u00a0en los respectivos temas, se abordan cada uno de los delitos que introduce\u00a0la nueva ley de delitos inform\u00e1ticos, las circunstancias especiales\u00a0modifi catorias de responsabilidad penal y las nuevas normas procesales\u00a0especialmente incorporadas. El objetivo de la obra es brindar a los intervinientes en el sistema de justicia\u00a0criminal y a la comunidad jur\u00eddica en general, una visi\u00f3n sistematizada\u00a0de las principales regulaciones impuestas por la mencionada ley. De igual\u00a0forma, se hacen presentes ciertas propuestas de reformas legales que intentan\u00a0alentar una continuaci\u00f3n en el debate sobre la materia. \u00cdndice PR\u00d3LOGO\u00a0\u00a0 \u00a0\u00a0\u00a0 \u00a011 H\u00e9ctor Hern\u00e1ndez Basualto INTRODUCCI\u00d3N\u00a0\u00a0 \u00a0\u00a0\u00a0 \u00a015 Samuel Malamud Herrera Guillermo Chahu\u00e1n Chahu\u00e1n Cap\u00edtulo I. EL DELITO DE ATAQUE A LA INTEGRIDAD DE UN SISTEMA INFORM\u00c1TICO\u00a0\u00a0 \u00a0\u00a0\u00a0 \u00a019 Samuel Malamud Herrera Cap\u00edtulo II. EL DELITO DE ACCESO IL\u00cdCITO A SISTEMAS INFORM\u00c1TICOS\u00a0\u00a0 \u00a0\u00a0\u00a0 \u00a049 Gonzalo Medina Schulz Cap\u00edtulo III. EL DELITO DE INTERCEPTACI\u00d3N IL\u00cdCITA\u00a0\u00a0 \u00a0\u00a0\u00a0 \u00a073 Guillermo Chahu\u00e1n Chahu\u00e1n Cap\u00edtulo IV. EL DELITO DE ATAQUE A LA INTEGRIDAD DE UN SISTEMA INFORM\u00c1TICO\u00a0\u00a0 \u00a0\u00a0\u00a0 \u00a099 Samuel Malamud Herrera Cap\u00edtulo V. EL DELITO DE FALSIFICACI\u00d3N INFORM\u00c1TICA\u00a0\u00a0 \u00a0\u00a0\u00a0 \u00a0125 Laura Mayer Lux Jaime Vera Vega Cap\u00edtulo VI. EL DELITO DE RECEPTACI\u00d3N DE DATOS INFORM\u00c1TICOS\u00a0\u00a0 \u00a0\u00a0\u00a0 \u00a0163 Rodrigo \u00c1lvarez Quevedo Juan Ignacio Rosas Oliva Cap\u00edtulo VII. EL DELITO DE FRAUDE INFORM\u00c1TICO\u00a0\u00a0 \u00a0\u00a0\u00a0 \u00a0205 Jorge Cabrera Guirao Lautaro Contreras Chaimovich Cap\u00edtulo VIII. EL DELITO DE ABUSO DE LOS DISPOSITIVOS\u00a0\u00a0 \u00a0\u00a0\u00a0 \u00a0233 Miguel Schurmann Opazo Cap\u00edtulo IX. CIRCUNSTANCIAS MODIFICATORIAS DE LA RESPONSABILIDAD PENAL\u00a0\u00a0 \u00a0\u00a0\u00a0 \u00a0265 Ang\u00e9lica Torres Figueroa Cap\u00edtulo X. NORMAS PROCESALES ESPECIALES Y COMISO: ART\u00cdCULOS 11, 12, 13 Y 14 DE LA LEY N\u00b0 21.459.\u00a0\u00a0 \u00a0\u00a0\u00a0 \u00a0309 Guillermo Chahu\u00e1n Chahu\u00e1n Cap\u00edtulo XI. LA EXENCI\u00d3N DE RESPONSABILIDAD POR AUTORIZACI\u00d3N O INVESTIGACI\u00d3N ACAD\u00c9MICA\u00a0\u00a0 \u00a0\u00a0\u00a0 \u00a0339 Michelle Bordachar Benoit Cap\u00edtulo XII. LA PRESERVACI\u00d3N PROVISORIA DE DATOS INFORM\u00c1TICOS\u00a0\u00a0 \u00a0\u00a0\u00a0 \u00a0369 Macarena Y\u00e1\u00f1ez Ruiz Cap\u00edtulo XIII. RESPONSABILIDAD PENAL DE LAS PERSONAS JUR\u00cdDICAS POR DELITOS INFORM\u00c1TICOS: ALCANCES, REPERCUSIONES Y DESAF\u00cdOS INVESTIGATIVOS\u00a0\u00a0 \u00a0\u00a0\u00a0 \u00a0407 Ximena Chong Campusano Cap\u00edtulo XIV. EXCURSO. CRIMINALIDAD INFORM\u00c1TICA Y DELITOS DE PORNOGRAF\u00cdA O EXPLOTACI\u00d3N SEXUAL DE NI\u00d1AS, NI\u00d1OS O ADOLESCENTES \u00bfEXISTE O NO VINCULACI\u00d3N ENTRE LOS TIPOS PENALES DE LA LEY DE DELITOS INFORM\u00c1TICOS Y AQUELLOS RELACIONADOS CON LA PORNOGRAF\u00cdA INFANTIL?\u00a0\u00a0 \u00a0\u00a0\u00a0 \u00a0449 Carolina Suazo Schwencke SOBRE LAS\/OS AUTORAS\/ES\u00a0\u00a0 \u00a0\u00a0\u00a0 \u00a0467<\/p>\n","protected":false},"featured_media":3301,"comment_status":"open","ping_status":"closed","template":"","meta":{"inline_featured_image":false,"_joinchat":[]},"product_brand":[],"product_cat":[27,26,30,34,28],"product_tag":[],"class_list":{"0":"post-3243","1":"product","2":"type-product","3":"status-publish","4":"has-post-thumbnail","6":"product_cat-civil","7":"product_cat-derecho","8":"product_cat-penal","9":"product_cat-procesal-penal","10":"product_cat-tributario","11":"product_shipping_class-a-convenir","13":"first","14":"instock","15":"shipping-taxable","16":"purchasable","17":"product-type-simple"},"_links":{"self":[{"href":"https:\/\/bibliotecajuridicavirtual.cl\/index.php\/wp-json\/wp\/v2\/product\/3243","targetHints":{"allow":["GET"]}}],"collection":[{"href":"https:\/\/bibliotecajuridicavirtual.cl\/index.php\/wp-json\/wp\/v2\/product"}],"about":[{"href":"https:\/\/bibliotecajuridicavirtual.cl\/index.php\/wp-json\/wp\/v2\/types\/product"}],"replies":[{"embeddable":true,"href":"https:\/\/bibliotecajuridicavirtual.cl\/index.php\/wp-json\/wp\/v2\/comments?post=3243"}],"wp:featuredmedia":[{"embeddable":true,"href":"https:\/\/bibliotecajuridicavirtual.cl\/index.php\/wp-json\/wp\/v2\/media\/3301"}],"wp:attachment":[{"href":"https:\/\/bibliotecajuridicavirtual.cl\/index.php\/wp-json\/wp\/v2\/media?parent=3243"}],"wp:term":[{"taxonomy":"product_brand","embeddable":true,"href":"https:\/\/bibliotecajuridicavirtual.cl\/index.php\/wp-json\/wp\/v2\/product_brand?post=3243"},{"taxonomy":"product_cat","embeddable":true,"href":"https:\/\/bibliotecajuridicavirtual.cl\/index.php\/wp-json\/wp\/v2\/product_cat?post=3243"},{"taxonomy":"product_tag","embeddable":true,"href":"https:\/\/bibliotecajuridicavirtual.cl\/index.php\/wp-json\/wp\/v2\/product_tag?post=3243"}],"curies":[{"name":"wp","href":"https:\/\/api.w.org\/{rel}","templated":true}]}}