{"id":3260,"date":"2026-02-28T01:11:18","date_gmt":"2026-02-28T04:11:18","guid":{"rendered":"https:\/\/bibliotecajuridicavirtual.cl\/?post_type=product&#038;p=3260"},"modified":"2026-02-28T01:11:44","modified_gmt":"2026-02-28T04:11:44","slug":"anuncios-preliminares-concertacion-del-voto-y-ofertas-de-canje-estudios-sobre-opas-iii-1era-edicion-ano-febrero-ano-2024-300-pag-autor-javier-garcia-de-enterria","status":"publish","type":"product","link":"https:\/\/bibliotecajuridicavirtual.cl\/index.php\/product\/anuncios-preliminares-concertacion-del-voto-y-ofertas-de-canje-estudios-sobre-opas-iii-1era-edicion-ano-febrero-ano-2024-300-pag-autor-javier-garcia-de-enterria\/","title":{"rendered":"Anuncios Preliminares, Concertaci\u00f3n del voto y ofertas de canje. Estudios sobre opas III 1era Edicion. A\u00f1o Febrero a\u00f1o 2024 \/ 300 P\u00e1g. Autor Javier Garc\u00eda de Enterr\u00eda"},"content":{"rendered":"<div class=\"col-md-12 tab-text\">\n<h1 class=\"tab-title\">DESCRIPCI\u00d3N<\/h1>\n<p class=\"ficha_titulo_parrafo\"><strong>SINOPSIS<\/strong><\/p>\n<p>An\u00e1lisis pr\u00e1ctico procedente de cuestiones suscitadas desde la experiencia y precedidas de una aproximaci\u00f3n general y panor\u00e1mica sobre la regulaci\u00f3n de las OPAs, en la obra se aborda, el alcance y contenido de los acuerdos de concertaci\u00f3n del voto que activan la obligaci\u00f3n de OPA, las comunicaciones sobre la posible formulaci\u00f3n de una OPA previas al anuncio formal de la oferta, los acuerdos de asociaci\u00f3n o concertaci\u00f3n con un tercero para la modificaci\u00f3n de las caracter\u00edsticas de la oferta, o la valoraci\u00f3n de la contraprestaci\u00f3n ofrecida en las OPA de canje a efectos del r\u00e9gimen de mejoras.<\/p>\n<ul>\n<li>Las ofertas p\u00fablicas de Adquisici\u00f3n de valores.<\/li>\n<li>Las comunicaciones e informaciones sobre una OPA previas al anuncio formal de la oferta.<\/li>\n<li>El concierto en materia de OPA obligatoria: los pactos parasociales y el ejercicio concertado de los Derechos de voto.<\/li>\n<li>El proceso de OPAS sobre Abertis de conciertos para la modificaci\u00f3n de la OPA y mejoras de la contraprestaci\u00f3n en las OPAS de canje.<\/li>\n<li>Acciones de lealtad: efectos en junta, OPAS y participaciones significativas.<\/li>\n<\/ul>\n<p><strong>Destinado a\u00a0<\/strong>abogados mercantilistas, inversores y empresas.<\/p>\n<p class=\"ficha_titulo_parrafo\"><strong>EXTRACTO<\/strong><\/p>\n<p>El permanente dinamismo y evoluci\u00f3n de este mercado, impulsado en parte por la magnitud de los intereses a los que afecta y la habitual sofisticaci\u00f3n de los operadores y sujetos que en \u00e9l intervienen, junto con la dedicaci\u00f3n profesional del autor a la figura, han tenido como fruto este nuevo libro que el lector tiene en sus manos.<\/p>\n<p>Los trabajos que lo componen tienen un origen pr\u00e1ctico y proceden de cuestiones suscitadas desde la experiencia, como el alcance y contenido de los acuerdos de concertaci\u00f3n del voto que activan la obligaci\u00f3n de OPA, las comunicaciones sobre la posible formulaci\u00f3n de una OPA previas al anuncio formal de la oferta, los acuerdos de asociaci\u00f3n o concertaci\u00f3n con un tercero para la modificaci\u00f3n de las caracter\u00edsticas de la oferta, o la valoraci\u00f3n de la contraprestaci\u00f3n ofrecida en las OPA de canje a efectos del r\u00e9gimen de mejoras.<\/p>\n<p>A estos trabajos se suman uno general y panor\u00e1mico sobre la regulaci\u00f3n de las OPAS, junto a otro sobre una figura novedosa como las acciones de lealtad y su ineludible incidencia -considerando sus efectos sobre el n\u00famero de derechos de voto y por extensi\u00f3n sobre las situaciones de control de las sociedades afectadas- sobre el r\u00e9gimen de OPAs.<\/p>\n<p>La propia tem\u00e1tica de los trabajos aqu\u00ed agrupados parece ofrecer una inequ\u00edvoca confirmaci\u00f3n de la creciente complejidad y sofisticaci\u00f3n adquirida por nuestro mercado de OPAs, al ir esencialmente referidos a cuestiones carentes de un tratamiento positivo expreso que en su mayor parte se desenvuelven por los recodos e intersticios del r\u00e9gimen legal.<\/p>\n<p><span style=\"font-size: 2em; font-weight: bold;\">AUTORES<\/span><\/p>\n<\/div>\n<div class=\"col-md-12 tab-text\">\n<p><strong>Javier Garc\u00eda de Enterr\u00eda\u00a0<\/strong>es catedr\u00e1tico de Derecho Mercantil y abogado consultor en Clifford Chance.<\/p>\n<\/div>\n","protected":false},"excerpt":{"rendered":"<h5 style=\"text-align: center;\"><span style=\"color: #008000;\">SOLO RESERVAS! LIBRO ESPA\u00d1OL<\/span><\/h5>\n","protected":false},"featured_media":3303,"comment_status":"open","ping_status":"closed","template":"","meta":{"inline_featured_image":false,"_joinchat":[]},"product_brand":[],"product_cat":[48,26],"product_tag":[],"class_list":{"0":"post-3260","1":"product","2":"type-product","3":"status-publish","4":"has-post-thumbnail","6":"product_cat-comercial","7":"product_cat-derecho","8":"product_shipping_class-a-convenir","10":"first","11":"instock","12":"shipping-taxable","13":"purchasable","14":"product-type-simple"},"_links":{"self":[{"href":"https:\/\/bibliotecajuridicavirtual.cl\/index.php\/wp-json\/wp\/v2\/product\/3260","targetHints":{"allow":["GET"]}}],"collection":[{"href":"https:\/\/bibliotecajuridicavirtual.cl\/index.php\/wp-json\/wp\/v2\/product"}],"about":[{"href":"https:\/\/bibliotecajuridicavirtual.cl\/index.php\/wp-json\/wp\/v2\/types\/product"}],"replies":[{"embeddable":true,"href":"https:\/\/bibliotecajuridicavirtual.cl\/index.php\/wp-json\/wp\/v2\/comments?post=3260"}],"wp:featuredmedia":[{"embeddable":true,"href":"https:\/\/bibliotecajuridicavirtual.cl\/index.php\/wp-json\/wp\/v2\/media\/3303"}],"wp:attachment":[{"href":"https:\/\/bibliotecajuridicavirtual.cl\/index.php\/wp-json\/wp\/v2\/media?parent=3260"}],"wp:term":[{"taxonomy":"product_brand","embeddable":true,"href":"https:\/\/bibliotecajuridicavirtual.cl\/index.php\/wp-json\/wp\/v2\/product_brand?post=3260"},{"taxonomy":"product_cat","embeddable":true,"href":"https:\/\/bibliotecajuridicavirtual.cl\/index.php\/wp-json\/wp\/v2\/product_cat?post=3260"},{"taxonomy":"product_tag","embeddable":true,"href":"https:\/\/bibliotecajuridicavirtual.cl\/index.php\/wp-json\/wp\/v2\/product_tag?post=3260"}],"curies":[{"name":"wp","href":"https:\/\/api.w.org\/{rel}","templated":true}]}}