{"id":3261,"date":"2026-02-28T01:11:18","date_gmt":"2026-02-28T04:11:18","guid":{"rendered":"https:\/\/bibliotecajuridicavirtual.cl\/?post_type=product&#038;p=3261"},"modified":"2026-02-28T01:11:45","modified_gmt":"2026-02-28T04:11:45","slug":"la-prescripcion-extintiva-en-accidentes-del-trabajo-y-enfermedades-profesionales-ano-2025-150-pag-autor-gonzalo-sanchez-sandoval","status":"publish","type":"product","link":"https:\/\/bibliotecajuridicavirtual.cl\/index.php\/product\/la-prescripcion-extintiva-en-accidentes-del-trabajo-y-enfermedades-profesionales-ano-2025-150-pag-autor-gonzalo-sanchez-sandoval\/","title":{"rendered":"La Prescripci\u00f3n Extintiva en Accidentes del Trabajo y Enfermedades Profesionales . A\u00f1o 2025\/ 150 P\u00e1g. Autor  Gonzalo S\u00e1nchez Sandoval"},"content":{"rendered":"<p style=\"font-weight: 400;\">Este libro aborda de forma exhaustiva y sistem\u00e1tica la prescripci\u00f3n extintiva en los accidentes del trabajo y enfermedades profesionales, con el objetivo de proponer soluciones para los diversos problemas observados en la pr\u00e1ctica, los que se reducen a tres: regla, plazo y c\u00f3mputo, distinguiendo entre la acci\u00f3n de la v\u00edctima directa y la acci\u00f3n de las v\u00edctimas por repercusi\u00f3n.<\/p>\n<p style=\"font-weight: 400;\">En el cap\u00edtulo I, denominado \u201cLa responsabilidad civil por accidentes del trabajo y enfermedades profesionales\u201d, se analiza, de acuerdo con la legislaci\u00f3n nacional, el estatuto de responsabilidad civil del empleador, el que var\u00eda seg\u00fan el titular de la acci\u00f3n.<\/p>\n<p style=\"font-weight: 400;\">En el cap\u00edtulo II, denominado \u201cLa prescripci\u00f3n de la acci\u00f3n indemnizatoria del trabajador\u201d, se delimita el \u00e1mbito de aplicaci\u00f3n de las reglas de prescripci\u00f3n en el derecho com\u00fan y laboral que potencialmente podr\u00edan normar la civil indemnizatoria de la v\u00edctima.<\/p>\n<p style=\"font-weight: 400;\">En el cap\u00edtulo III, denominado \u201cEl c\u00f3mputo del plazo de prescripci\u00f3n. Parte general\u201d, se aborda el problema del dies a quo del plazo de prescripci\u00f3n extintiva de la acci\u00f3n de responsabilidad por da\u00f1os.<\/p>\n<p style=\"font-weight: 400;\">En el cap\u00edtulo IV, denominado \u201cEl c\u00f3mputo del plazo de prescripci\u00f3n. Parte especial\u201d, se proponen criterios de c\u00f3mputo del plazo de prescripci\u00f3n, distinguiendo situaciones particulares derivadas de los accidentes o enfermedades profesionales.<\/p>\n<p style=\"font-weight: 400;\"><b><strong>CAP\u00cdTULO I<\/strong><\/b><br \/>\n<b><strong>LA RESPONSABILIDAD CIVIL POR ACCIDENTES DEL TRABAJO Y ENFERMEDADES PROFESIONALES<\/strong><\/b><\/p>\n<ol>\n<li style=\"font-weight: 400;\">Introducci\u00f3n<\/li>\n<li style=\"font-weight: 400;\">La ley N\u00ba 16.744, sobre accidentes del trabajo y enfermedades profesionales2.1. \u00c1mbito de aplicaci\u00f3n y contingencias cubiertas<br \/>\nA) Concepto de accidente del trabajo<br \/>\nB) Concepto de enfermedad profesional<br \/>\n2.2. Las prestaciones<\/li>\n<li style=\"font-weight: 400;\">el r\u00e9gimen especial de accidentes del trabajo y enfermedades profesionales3.1. La competencia<br \/>\n3.2. El deber de seguridad y la configuraci\u00f3n de la culpa<br \/>\n3.3. El plazo de prescripci\u00f3n de la acci\u00f3n<\/li>\n<\/ol>\n<p style=\"font-weight: 400;\"><b><strong>CAP\u00cdTULO II<\/strong><\/b><br \/>\n<b><strong>LA PRESCRIPCI\u00d3N DE LA ACCI\u00d3N INDEMNIZATORIA DEL TRABAJADOR<\/strong><\/b><\/p>\n<ol>\n<li style=\"font-weight: 400;\">Introducci\u00f3n<\/li>\n<li style=\"font-weight: 400;\">Cuesti\u00f3n preliminar: el alcance de la remisi\u00f3n al \u201cderecho com\u00fan\u201d del Art\u00edculo 69 de la LATEP<\/li>\n<li style=\"font-weight: 400;\">Improcedencia de aplicar el plazo de prescripci\u00f3n del art\u00edculo 510 del C\u00f3digo del Trabajo<\/li>\n<li style=\"font-weight: 400;\">Sobre la aplicaci\u00f3n del art\u00edculo 79 de la LATEP4.1. Relevancia del problema<br \/>\n4.2. La prescripci\u00f3n en la historia de la Ley N\u00ba 16.744<br \/>\nA) Antecedentes: regulaci\u00f3n en el C\u00f3digo del Trabajo de 1931<br \/>\nB) La prescripci\u00f3n en la tramitaci\u00f3n de la Ley N\u00ba 16.744<br \/>\nC) Cr\u00edticas a la redacci\u00f3n del art\u00edculo 79 de la Ley N\u00ba 16.744<br \/>\n4.3. Argumentos a favor de la aplicaci\u00f3n del art\u00edculo 79 de la Ley N\u00ba 16.744<br \/>\nA) El principio de especialidad<br \/>\nB) El principio protector, la historia de la ley y la intenci\u00f3n del legislador<br \/>\nC) La expresi\u00f3n \u201cprestaciones\u201d es oscura y \u201cha de entenderse en t\u00e9rminos amplios, comprensiva de beneficios y de retribuciones o indemnizaciones\u201d<br \/>\nD) La indemnizaci\u00f3n de perjuicios tiene naturaleza de obligaci\u00f3n laboral<br \/>\n4.4. La situaci\u00f3n de la v\u00edctima por repercusi\u00f3n<\/li>\n<li style=\"font-weight: 400;\">Sobre la aplicaci\u00f3n de los plazos de prescripci\u00f3n del derecho com\u00fan5.1. Sobre la inexistencia de una acci\u00f3n por da\u00f1o moral<br \/>\n5.2. Argumentos a favor de la aplicaci\u00f3n de las normas del derecho com\u00fan<br \/>\nA) El art\u00edculo 79 de la Ley N\u00ba 16.744 consagra un plazo de prescripci\u00f3n para el cobro de las prestaciones del seguro social<br \/>\nB) Sostener que las \u201cprestaciones\u201d son aquellas contenidas en el T\u00edtulo V de la Ley N\u00ba 16.744 es una interpretaci\u00f3n arm\u00f3nica y ajustada a las reglas del C\u00f3digo Civil<br \/>\nC) Si la expresi\u00f3n \u201cprestaciones\u201d no incluye la indemnizaci\u00f3n de perjuicios, no corresponde aplicar el principio de especialidad<br \/>\nD) Si el plazo de prescripci\u00f3n se comienza a computar solo una vez que el da\u00f1o se manifieste, es imposible que la acci\u00f3n nazca prescrita<br \/>\nE) El hecho de que la obligaci\u00f3n de indemnizar al trabajador pueda ser considerada como una obligaci\u00f3n laboral no la convierte en una prestaci\u00f3n<br \/>\nF) El art\u00edculo 79 de la LATEP no es necesariamente la norma m\u00e1s favorable al trabajador<\/p>\n<p>6. Mi Postura<\/li>\n<\/ol>\n<p style=\"font-weight: 400;\"><b><strong>CAP\u00cdTULO III<\/strong><\/b><br \/>\n<b><strong>EL C\u00d3MPUTO DEL PLAZO DE PRESCRIPCI\u00d3N. PARTE GENERAL<\/strong><\/b><\/p>\n<ol>\n<li style=\"font-weight: 400;\">Introducci\u00f3n<\/li>\n<li style=\"font-weight: 400;\">El problema<\/li>\n<li style=\"font-weight: 400;\">El desarrollo jurisprudencial del art\u00edculo 2332: la manifestaci\u00f3n del da\u00f1o y su conocimiento Por la v\u00edctima como criterios para fijar el diez a quo del plazo de prescripci\u00f3n4. An\u00e1lisis cr\u00edtico del desarrollo jurisprudencial y doctrinario de la interpretaci\u00f3n del art\u00edculo 2332 del C\u00f3digo Civil\n<p>4.1. La relevancia del da\u00f1o como condici\u00f3n de responsabilidad civil y su relaci\u00f3n con la prescripci\u00f3n<br \/>\n4.2. \u00bfEs lo mismo el da\u00f1o que el conocimiento del da\u00f1o?<br \/>\n4.3. Correctivos a la teor\u00eda subjetiva<br \/>\nA) La regla de clausura (long-stop)<br \/>\nB) El potencial conocimiento como criterio de fijaci\u00f3n del diez a quo del plazo de prescripci\u00f3n<br \/>\n4.4. Las tipolog\u00edas de da\u00f1os y su relaci\u00f3n con el dies a quo del plazo de prescripci\u00f3n<br \/>\nA) Da\u00f1os permanentes y da\u00f1os continuados<br \/>\nB) Da\u00f1os sobrevenidos<br \/>\n4.5. Hip\u00f3tesis en que la v\u00edctima desconoce de otro elemento de la acci\u00f3n indemnizatoria<br \/>\n4.6. Algunas reflexiones sobre el c\u00f3mputo del plazo de prescripci\u00f3n de la acci\u00f3n de responsabilidad contractual por da\u00f1os<br \/>\n4.7. Cuestiones probatorias<\/li>\n<\/ol>\n<p style=\"font-weight: 400;\"><b><strong>CAP\u00cdTULO IV<\/strong><\/b><br \/>\n<b><strong>EL C\u00d3MPUTO DEL PLAZO DE PRESCRIPCI\u00d3N. PARTE ESPECIAL<\/strong><\/b><\/p>\n<ol>\n<li style=\"font-weight: 400;\">Introducci\u00f3n2. Accidentes del trabajo (lesiones corporales)\n<p>3. Enfermedades profesionales<\/p>\n<p>4. Situaciones especiales<\/p>\n<p>4.1. Hip\u00f3tesis en que el trabajador ha tomado conocimiento, o debi\u00f3 hacerlo, de los elementos de su acci\u00f3n con anterioridad a la fecha del diagn\u00f3stico o del alta m\u00e9dica<br \/>\n4.2. La agravaci\u00f3n de los da\u00f1os y los da\u00f1os nuevos (da\u00f1os sobrevenidos)<\/li>\n<\/ol>\n","protected":false},"excerpt":{"rendered":"<p>Buscas un libro Jur\u00eddico.? Lo puedes encontrar en nuestra tienda virtual.<br \/>\nContamos con prestigiosos autores y muchas alternativas en sus diferentes materias al igual que grandes descuentos.! Vis\u00edtanos en <a class=\"pwHwmXBqmofSClxsctVkNQQzvNIASaSVkFYLg \" tabindex=\"0\" href=\"https:\/\/lnkd.in\/eiAG7jdZ\" target=\"_blank\" rel=\"noopener\" data-test-app-aware-link=\"\">https:\/\/lnkd.in\/eiAG7jdZ<\/a><br \/>\nEscr\u00edbenos al +56930565235 \/ <a class=\"pwHwmXBqmofSClxsctVkNQQzvNIASaSVkFYLg \" tabindex=\"0\" href=\"mailto:ventaslegallexglobal@gmail.com\" target=\"_self\" data-test-app-aware-link=\"\">ventaslegallexglobal@gmail.com<\/a><br \/>\nHacemos env\u00edos a todo Chile \u2013 Starken o Correos Chile \/ Te esperamos.<\/p>\n","protected":false},"featured_media":3304,"comment_status":"open","ping_status":"closed","template":"","meta":{"inline_featured_image":false,"_joinchat":[]},"product_brand":[],"product_cat":[26,41],"product_tag":[],"class_list":{"0":"post-3261","1":"product","2":"type-product","3":"status-publish","4":"has-post-thumbnail","6":"product_cat-derecho","7":"product_cat-laboral","8":"product_shipping_class-a-convenir","10":"first","11":"instock","12":"sale","13":"shipping-taxable","14":"purchasable","15":"product-type-simple"},"_links":{"self":[{"href":"https:\/\/bibliotecajuridicavirtual.cl\/index.php\/wp-json\/wp\/v2\/product\/3261","targetHints":{"allow":["GET"]}}],"collection":[{"href":"https:\/\/bibliotecajuridicavirtual.cl\/index.php\/wp-json\/wp\/v2\/product"}],"about":[{"href":"https:\/\/bibliotecajuridicavirtual.cl\/index.php\/wp-json\/wp\/v2\/types\/product"}],"replies":[{"embeddable":true,"href":"https:\/\/bibliotecajuridicavirtual.cl\/index.php\/wp-json\/wp\/v2\/comments?post=3261"}],"wp:featuredmedia":[{"embeddable":true,"href":"https:\/\/bibliotecajuridicavirtual.cl\/index.php\/wp-json\/wp\/v2\/media\/3304"}],"wp:attachment":[{"href":"https:\/\/bibliotecajuridicavirtual.cl\/index.php\/wp-json\/wp\/v2\/media?parent=3261"}],"wp:term":[{"taxonomy":"product_brand","embeddable":true,"href":"https:\/\/bibliotecajuridicavirtual.cl\/index.php\/wp-json\/wp\/v2\/product_brand?post=3261"},{"taxonomy":"product_cat","embeddable":true,"href":"https:\/\/bibliotecajuridicavirtual.cl\/index.php\/wp-json\/wp\/v2\/product_cat?post=3261"},{"taxonomy":"product_tag","embeddable":true,"href":"https:\/\/bibliotecajuridicavirtual.cl\/index.php\/wp-json\/wp\/v2\/product_tag?post=3261"}],"curies":[{"name":"wp","href":"https:\/\/api.w.org\/{rel}","templated":true}]}}