{"id":3262,"date":"2026-02-28T01:11:18","date_gmt":"2026-02-28T04:11:18","guid":{"rendered":"https:\/\/bibliotecajuridicavirtual.cl\/?post_type=product&#038;p=3262"},"modified":"2026-02-28T01:11:46","modified_gmt":"2026-02-28T04:11:46","slug":"manual-de-derecho-penal-teoria-del-delito-edicion-actualizada-febrero-2024-360-pag-autor-juan-luis-modolell-gonzalez","status":"publish","type":"product","link":"https:\/\/bibliotecajuridicavirtual.cl\/index.php\/product\/manual-de-derecho-penal-teoria-del-delito-edicion-actualizada-febrero-2024-360-pag-autor-juan-luis-modolell-gonzalez\/","title":{"rendered":"Manual de Derecho Penal &#8211; Teor\u00eda del Delito, Edici\u00f3n Actualizada Febrero 2024 \/ 360 P\u00e1g. Autor Juan Luis Modolell Gonz\u00e1lez"},"content":{"rendered":"<p style=\"font-weight: 400;\">Esta obra se dirige a estudiantes de la carrera de Derecho y estudiantes de postgrado que quieran profundizar en la teor\u00eda del delio, ofreciendo un panorama completo de la discusi\u00f3n doctrinal y jurisprudencial chilena en relaci\u00f3n a las instituciones de la parte general del derecho penal.<\/p>\n<p style=\"font-weight: 400;\">De igual modo, los profesionales y operadores de justicia del \u00e1rea penal tendr\u00e1n a la mano un manual claro, conciso y preciso sobre los temas abordados, contenidos que podr\u00e1n guiarlos en la soluci\u00f3n de problemas jur\u00eddicos.<\/p>\n<p style=\"font-weight: 400;\">Como enuncia uno de sus destacados prologuistas: \u201c[\u2026] esta exposici\u00f3n de la parte general del derecho penal interesar\u00e1 tanto al jurista formado como a los estudiantes que se inician en el estudio de esta materia, puesto que tiene la dif\u00edcil virtud de hacer f\u00e1cil lo dif\u00edcil (Santiago Mir Puig).<\/p>\n<p style=\"font-weight: 400;\"><b><strong>CAP\u00cdTULO I<\/strong><\/b><br \/>\n<b><strong>INTRODUCCI\u00d3N A LA TEOR\u00cdA DEL DELITO<\/strong><\/b><\/p>\n<ol>\n<li style=\"font-weight: 400;\">Fin de la pena y norma jur\u00eddica-penal<br \/>\n2. Funci\u00f3n determinativa (motivadora) de la norma (desvalor de conducta-perspectiva ex ante)<br \/>\n3. Funci\u00f3n valorativa de la norma (desvalor de lesi\u00f3n, o peligro, del bien jur\u00eddico-perspectiva ex post)<br \/>\n4. Conclusi\u00f3n<\/li>\n<\/ol>\n<p style=\"font-weight: 400;\"><b><strong>CAP\u00cdTULO II<\/strong><\/b><br \/>\n<b><strong>LA CONDUCTA HUMANA<\/strong><\/b><\/p>\n<ol>\n<li style=\"font-weight: 400;\">Introducci\u00f3n<\/li>\n<li style=\"font-weight: 400;\">Evoluci\u00f3n dogm\u00e1tica del concepto de conducta<br \/>\n2.1. Concepciones naturalistas de la conducta: conceptos causal-mecanicista de Von Liszt y finalista de Welzel<br \/>\nA) Von Liszt y su visi\u00f3n causal-mecanicista de la acci\u00f3n<br \/>\nB) El concepto de acci\u00f3n final welzeliano<br \/>\n2.2. Conceptos normativo-valorativos de conducta<br \/>\nA) Mezger y el concepto neokantiano de conducta<br \/>\nB) la doctrina de la acci\u00f3n social<br \/>\nC) Jakobs y el concepto de \u201cacci\u00f3n imputable\u201d<br \/>\nD) Roxin y la conducta como \u201cmanifestaci\u00f3n de la personalidad\u201d<br \/>\nE) la acci\u00f3n como suceso \u201cinterpretable\u201d<br \/>\nF) El concepto de \u201cacci\u00f3n negativa\u201d (Herzberg)<\/li>\n<li style=\"font-weight: 400;\">Inutilidad del concepto de conducta<\/li>\n<li style=\"font-weight: 400;\">Toma de posici\u00f3n: \u00bfconcepto de conducta ontol\u00f3gico o valorativo?<\/li>\n<li style=\"font-weight: 400;\">El car\u00e1cter humano de la conducta: la responsabilidad penal de las personas jur\u00eddicas<\/li>\n<li style=\"font-weight: 400;\">Car\u00e1cter voluntario de la conducta<\/li>\n<li style=\"font-weight: 400;\">La omisi\u00f3n<\/li>\n<\/ol>\n<p style=\"font-weight: 400;\"><b><strong>CAP\u00cdTULO III<\/strong><\/b><br \/>\n<b><strong>INTRODUCCI\u00d3N AL TIPO PENAL<\/strong><\/b><\/p>\n<ol>\n<li style=\"font-weight: 400;\">Tipo y tipicidad<\/li>\n<li style=\"font-weight: 400;\">Tipo y antijuridicidad<\/li>\n<li style=\"font-weight: 400;\">Estructura del tipo penal<\/li>\n<li style=\"font-weight: 400;\">Clasificaci\u00f3n de los tipos penales<br \/>\n4.1. Seg\u00fan las modalidades del aspecto objetivo de la conducta<br \/>\nA) Tipos de mera actividad y tipos de resultado material<br \/>\nB) Tipos de acci\u00f3n y tipos de omisi\u00f3n<br \/>\n4.2. Seg\u00fan los sujetos<br \/>\nA) Tipos comunes y tipos especiales<br \/>\nB) Delitos de propia mano<br \/>\nC) Tipos de autor\u00eda y de participaci\u00f3n<br \/>\n4.3. Seg\u00fan la relaci\u00f3n con el objeto del bien jur\u00eddico<br \/>\n4.4. Seg\u00fan la relaci\u00f3n entre los propios tipos penales<\/li>\n<\/ol>\n<p style=\"font-weight: 400;\"><b><strong>CAP\u00cdTULO IV<\/strong><\/b><br \/>\n<b><strong>TIPO DE ACCI\u00d3N DOLOSO DE RESULTADO MATERIAL<\/strong><\/b><\/p>\n<ol>\n<li style=\"font-weight: 400;\">El tipo objetivo en los delitos dolosos de resultado material<br \/>\n1.1. Relaci\u00f3n de causalidad<br \/>\n1.2. Imputaci\u00f3n objetiva del resultado material<br \/>\n1.3. Criterios de imputaci\u00f3n objetiva del resultado material<br \/>\nA) Disminuci\u00f3n objetiva del riesgo<br \/>\nB) ausencia de un riesgo t\u00edpicamente relevante<br \/>\nC) aumento del riesgo permitido (conducta alternativa conforme a derecho)<br \/>\nD) Prohibici\u00f3n de regreso<br \/>\nE) Principio de confianza<br \/>\nF) Conducta de la propia v\u00edctima<br \/>\n1.4. adenda: la llamada \u201cconcausalidad\u201d<\/li>\n<li style=\"font-weight: 400;\">El tipo subjetivo en los delitos dolosos de resultado material<br \/>\n2.1. Introducci\u00f3n<br \/>\n2.2. Evoluci\u00f3n sistem\u00e1tica del dolo<br \/>\n2.3. Contenido<br \/>\n2.4. Objeto del dolo<br \/>\n2.5. Clases de dolo<\/li>\n<li style=\"font-weight: 400;\">Ausencia de dolo t\u00edpico<br \/>\n3.1. Error de tipo<br \/>\n3.2. Clases de error de tipo<br \/>\n3.3. Modalidades adicionales de error<br \/>\nA) Error sobre el objeto o en la persona<br \/>\nB) Error en el golpe (aberratio ictus)<\/li>\n<li style=\"font-weight: 400;\">Elementos subjetivos distintos al dolo del autor<\/li>\n<\/ol>\n<p style=\"font-weight: 400;\"><b><strong>CAP\u00cdTULO V<\/strong><\/b><br \/>\n<b><strong>TIPO DOLOSO DE MERA ACTIVIDAD<\/strong><\/b><\/p>\n<ol>\n<li style=\"font-weight: 400;\">Tipos de mera actividad (concepto)<br \/>\n2. Tipo objetivo<br \/>\n3. Tipo subjetivo<\/li>\n<\/ol>\n<p style=\"font-weight: 400;\"><b><strong>CAP\u00cdTULO VI<\/strong><\/b><br \/>\n<b><strong>TIPO CULPOSO DE ACCI\u00d3N DE RESULTADO MATERIAL. PRETERINTENCI\u00d3N Y DELITOS CALIFICADOS POR EL RESULTADO<\/strong><\/b><\/p>\n<ol>\n<li style=\"font-weight: 400;\">Introducci\u00f3n<\/li>\n<li style=\"font-weight: 400;\">Fundamento y evoluci\u00f3n dogm\u00e1tica de la culpa<\/li>\n<li style=\"font-weight: 400;\">Estructura del tipo culposo<br \/>\n3.1. Tipo objetivo<br \/>\n3.2. Tipo subjetivo<\/li>\n<li style=\"font-weight: 400;\">Preterintenci\u00f3n y delitos calificados por el resultado<\/li>\n<\/ol>\n<p style=\"font-weight: 400;\"><b><strong>CAP\u00cdTULO VII<\/strong><\/b><br \/>\n<b><strong>EL TIPO DE OMISI\u00d3N<\/strong><\/b><\/p>\n<ol>\n<li style=\"font-weight: 400;\">Concepto<\/li>\n<li style=\"font-weight: 400;\">Distinci\u00f3n acci\u00f3n-omisi\u00f3n en el caso concreto<\/li>\n<li style=\"font-weight: 400;\">Clases de omisi\u00f3n<\/li>\n<li style=\"font-weight: 400;\">Omisi\u00f3n propia<br \/>\n4.1. Tipo objetivo<br \/>\na) Supuesto de hecho determinado en la ley<br \/>\nB) ausencia de una acci\u00f3n determinada<br \/>\nC) Capacidad concreta de actuar<br \/>\n4.2. Tipo subjetivo<\/li>\n<li style=\"font-weight: 400;\">Omisi\u00f3n impropia (comisi\u00f3n por omisi\u00f3n)<br \/>\n5.1. Tipo objetivo<br \/>\na) Posici\u00f3n de garante derivada del deber de protecci\u00f3n de un bien jur\u00eddico<br \/>\nB) Posici\u00f3n de garante derivada del deber de control de una fuente de peligro<br \/>\n5.2. Tipo subjetivo en la comisi\u00f3n por omisi\u00f3n<\/li>\n<\/ol>\n<p style=\"font-weight: 400;\"><b><strong>CAP\u00cdTULO VIII<\/strong><\/b><br \/>\n<b><strong>TIPOS DE IMPERFECTA REALIZACI\u00d3N<\/strong><\/b><\/p>\n<ol>\n<li style=\"font-weight: 400;\">Introducci\u00f3n<br \/>\n2. Fundamento de la punici\u00f3n del delito imperfecto<br \/>\n3. Actos preparatorios y comienzo de ejecuci\u00f3n<br \/>\n4. Tipo de tentativa<br \/>\n4.1. Tipo objetivo<br \/>\n4.2. Tipo subjetivo<\/li>\n<li style=\"font-weight: 400;\">Tipo de frustraci\u00f3n<br \/>\n5.1. Tipo objetivo<br \/>\n5.2. Tipo subjetivo<\/li>\n<li style=\"font-weight: 400;\">Tentativa inid\u00f3nea (tipo imperfecto inid\u00f3neo)<br \/>\n6.1. Definici\u00f3n<br \/>\n6.2. fundamento del castigo de la tentativa inid\u00f3nea<\/li>\n<\/ol>\n<p>7. Desistimiento voluntario<br \/>\n7.1. Concepto<br \/>\n7.2. Naturaleza jur\u00eddica<br \/>\n7.3. fundamento de la impunidad del desistimiento<br \/>\n7.4. Car\u00e1cter voluntario del desistimiento<br \/>\n7.5. Desistimiento en la tentativa y en la frustraci\u00f3n<\/p>\n<p style=\"font-weight: 400;\"><b><strong>CAP\u00cdTULO IX<\/strong><\/b><br \/>\n<b><strong>TIPOS DE AUTOR\u00cdA Y PARTICIPACI\u00d3N<\/strong><\/b><\/p>\n<ol>\n<li style=\"font-weight: 400;\">La autor\u00eda (concepto y determinaci\u00f3n)<\/li>\n<li style=\"font-weight: 400;\">Excurso: autor\u00eda y tipos de infracci\u00f3n de deber<\/li>\n<li style=\"font-weight: 400;\">Autor individual<\/li>\n<li style=\"font-weight: 400;\">La coautor\u00eda<br \/>\n4.1. Concepto<br \/>\n4.2. Regulaci\u00f3n legal de la coautor\u00eda<br \/>\n4.3. autor\u00eda accesoria<br \/>\n4.4. Part\u00edcipe-coautor<\/li>\n<li style=\"font-weight: 400;\">Autor\u00eda mediata<br \/>\n5.1. Concepto<br \/>\n5.2. Supuestos<br \/>\n5.3. Comienzo de ejecuci\u00f3n en la autor\u00eda mediata<br \/>\n5.4. autor\u00eda mediata y tipos especiales<br \/>\n5.5. autor\u00eda mediata en estructuras organizadas de poder<\/li>\n<\/ol>\n<p>6. Participaci\u00f3n criminal<br \/>\n6.1. Inducci\u00f3n (instigaci\u00f3n)<br \/>\na) Concepto<br \/>\nB) Elementos objetivos<br \/>\nC) Elementos subjetivos<br \/>\n6.2. Complicidad castigada como autor\u00eda<br \/>\n6.3. C\u00f3mplice simple<br \/>\n6.4. Encubrimiento<br \/>\n6.5. Excurso: conductas neutrales y participaci\u00f3n criminal<\/p>\n<p style=\"font-weight: 400;\"><b><strong>CAP\u00cdTULO X<\/strong><\/b><br \/>\n<b><strong>AUSENCIA DE CAUSAS DE JUSTIFICACI\u00d3N (ANTIJURIDICIDAD)<\/strong><\/b><\/p>\n<ol>\n<li style=\"font-weight: 400;\">Introducci\u00f3n<\/li>\n<li style=\"font-weight: 400;\">Leg\u00edtima defensa<br \/>\n2.1. Requisitos objetivos<br \/>\n2.2. Requisitos subjetivos<br \/>\n2.3. leg\u00edtima defensa de terceros y leg\u00edtima defensa privilegiada<\/li>\n<li style=\"font-weight: 400;\">Estado de necesidad justificante<br \/>\n3.1. Clasificaci\u00f3n<br \/>\n3.2. Regulaci\u00f3n legal<br \/>\na) Requisitos objetivos<br \/>\nB) Requisitos subjetivos<\/li>\n<li style=\"font-weight: 400;\">Cumplimiento de un deber<\/li>\n<li style=\"font-weight: 400;\">Ejercicio leg\u00edtimo de un derecho, autoridad, oficio o cargo<br \/>\n5.1. Ejercicio leg\u00edtimo de un derecho<br \/>\n5.2. Ejercicio de la autoridad<br \/>\n5.3. Ejercicio del oficio o cargo<\/li>\n<li style=\"font-weight: 400;\">Obediencia debida (jer\u00e1rquica)<\/li>\n<li style=\"font-weight: 400;\">Eximente incompleta<\/li>\n<\/ol>\n<p style=\"font-weight: 400;\"><b><strong>CAP\u00cdTULO XI<\/strong><\/b><br \/>\n<b><strong>LA CULPABILIDAD<\/strong><\/b><\/p>\n<ol>\n<li style=\"font-weight: 400;\">Evoluci\u00f3n dogm\u00e1tica<br \/>\n1.1. Culpabilidad \u201cpsicol\u00f3gica\u201d<br \/>\n1.2. Teor\u00eda normativa de la culpabilidad (frank)<br \/>\n1.3. Teor\u00eda normativa pura (Welzel)<br \/>\n1.4. Culpabilidad funcional<\/li>\n<li style=\"font-weight: 400;\">Culpabilidad como reproche jur\u00eddico-penal<\/li>\n<li style=\"font-weight: 400;\">Fundamento de la culpabilidad como elemento del delito<\/li>\n<li style=\"font-weight: 400;\">Elementos de la culpabilidad<br \/>\n4.1. Imputabilidad<br \/>\n4.2. Conocimiento de la prohibici\u00f3n<br \/>\nA) Evoluci\u00f3n dogm\u00e1tica del error de prohibici\u00f3n<br \/>\nB) Admisi\u00f3n del error de prohibici\u00f3n por la legislaci\u00f3n chilena<br \/>\n4.3. Normalidad del acto volitivo<\/li>\n<\/ol>\n","protected":false},"excerpt":{"rendered":"<p>NOVEDAD JUR\u00cdDICA<\/p>\n","protected":false},"featured_media":3305,"comment_status":"open","ping_status":"closed","template":"","meta":{"inline_featured_image":false,"_joinchat":[]},"product_brand":[],"product_cat":[30],"product_tag":[],"class_list":{"0":"post-3262","1":"product","2":"type-product","3":"status-publish","4":"has-post-thumbnail","6":"product_cat-penal","7":"product_shipping_class-a-convenir","9":"first","10":"instock","11":"shipping-taxable","12":"purchasable","13":"product-type-simple"},"_links":{"self":[{"href":"https:\/\/bibliotecajuridicavirtual.cl\/index.php\/wp-json\/wp\/v2\/product\/3262","targetHints":{"allow":["GET"]}}],"collection":[{"href":"https:\/\/bibliotecajuridicavirtual.cl\/index.php\/wp-json\/wp\/v2\/product"}],"about":[{"href":"https:\/\/bibliotecajuridicavirtual.cl\/index.php\/wp-json\/wp\/v2\/types\/product"}],"replies":[{"embeddable":true,"href":"https:\/\/bibliotecajuridicavirtual.cl\/index.php\/wp-json\/wp\/v2\/comments?post=3262"}],"wp:featuredmedia":[{"embeddable":true,"href":"https:\/\/bibliotecajuridicavirtual.cl\/index.php\/wp-json\/wp\/v2\/media\/3305"}],"wp:attachment":[{"href":"https:\/\/bibliotecajuridicavirtual.cl\/index.php\/wp-json\/wp\/v2\/media?parent=3262"}],"wp:term":[{"taxonomy":"product_brand","embeddable":true,"href":"https:\/\/bibliotecajuridicavirtual.cl\/index.php\/wp-json\/wp\/v2\/product_brand?post=3262"},{"taxonomy":"product_cat","embeddable":true,"href":"https:\/\/bibliotecajuridicavirtual.cl\/index.php\/wp-json\/wp\/v2\/product_cat?post=3262"},{"taxonomy":"product_tag","embeddable":true,"href":"https:\/\/bibliotecajuridicavirtual.cl\/index.php\/wp-json\/wp\/v2\/product_tag?post=3262"}],"curies":[{"name":"wp","href":"https:\/\/api.w.org\/{rel}","templated":true}]}}