{"id":3268,"date":"2026-02-28T01:11:19","date_gmt":"2026-02-28T04:11:19","guid":{"rendered":"https:\/\/bibliotecajuridicavirtual.cl\/?post_type=product&#038;p=3268"},"modified":"2026-02-28T01:12:00","modified_gmt":"2026-02-28T04:12:00","slug":"las-actas-constitucionales-de-1976-la-dictadura-chilena-y-la-generacion-de-normas-iusfundamentales-1973-1980-ano-2024-430-pag-autor-eric-eduardo-palma-gonzalez","status":"publish","type":"product","link":"https:\/\/bibliotecajuridicavirtual.cl\/index.php\/product\/las-actas-constitucionales-de-1976-la-dictadura-chilena-y-la-generacion-de-normas-iusfundamentales-1973-1980-ano-2024-430-pag-autor-eric-eduardo-palma-gonzalez\/","title":{"rendered":"Las Actas Constitucionales de 1976. La Dictadura Chilena y la Generaci\u00f3n de Normas Iusfundamentales 1973-1980 . A\u00f1o 2024\/ 430 P\u00e1g. Autor Eric Eduardo Palma Gonz\u00e1lez"},"content":{"rendered":"<p>La obra estudia desde la perspectiva de la historia constitucional integral o polifac\u00e9tica, las Actas Constitucionales 2, 3 y 4 de 1976 dictadas por la dictadura militar chilena. Cuestiona las tesis al uso sobre las autolimitaciones del r\u00e9gimen autoritario \u00a0(Barros, Huneeus). La incorporaci\u00f3n de la cultura pol\u00edtica y constitucional que inspiraba al r\u00e9gimen civil-militar, as\u00ed como del acontecer pol\u00edtico y la pr\u00e1ctica judicial, como elementos de an\u00e1lisis del fen\u00f3meno, permiti\u00f3 dar con antecedentes que indican que las febles limitaciones del poder del general Augusto Pinochet como cabeza del r\u00e9gimen civil-militar, no tuvieron relevancia para los opositores. La normativa vigente al 11 de septiembre de 1973, as\u00ed como la que se dict\u00f3 en el tiempo posterior para la persecuci\u00f3n de la disidencia, se aplic\u00f3 severamente por las autoridades del Gobierno de facto, contando para ello con una interpretaci\u00f3n de los Tribunales mayoritariamente favorable a la pol\u00edtica represiva del r\u00e9gimen. Se organiz\u00f3, adem\u00e1s, un sistema institucional que permiti\u00f3 la comisi\u00f3n de cr\u00edmenes de lesa humanidad. Todo lo cual indica que los Tribunales no emplearon, y menos las propias autoridades del r\u00e9gimen civil-militar, la normativa de las Actas Constitucionales para detener la maquinaria represiva. La investigaci\u00f3n demuestra que la aplicaci\u00f3n combinada de las Actas Constitucionales impide caracterizarlas como mecanismos eficaces de autolimitaci\u00f3n. La Corte Suprema jug\u00f3 en este sentido un rol decisivo al no recurrir en sus sentencias a la interpretaci\u00f3n m\u00e1s favorable al disidente que estaba siendo reprimido. El Derecho jug\u00f3 en el per\u00edodo en estudio (1973-1980) un cierto papel de control, pero, no de mejoramiento de la protecci\u00f3n de la vida, de la integridad f\u00edsica y ps\u00edquica, ni de las dem\u00e1s libertades, derechos y garant\u00edas de quienes son calificados por los defensores del r\u00e9gimen civil-militar, como enemigos de la civilizaci\u00f3n cristiana occidental y su orden social, econ\u00f3mico y pol\u00edtico.<\/p>\n<p>\u00cdndice<br \/>\nINTRODUCCI\u00d3N\u00a0\u00a0 \u00a0\u00a0\u00a0 \u00a09<br \/>\nCap\u00edtulo I<br \/>\nLA DOCTRINA DEMOCR\u00c1TICA<br \/>\nDEL CONTROL DEL PODER<br \/>\n1.\u00a0\u00a0 \u00a0RESPONSABILIDAD, CONTROL Y CONFLICTO EN EL SISTEMA DEMOCR\u00c1TICO\u00a0\u00a0 \u00a0\u00a0\u00a0 \u00a027<br \/>\n1.1.\u00a0\u00a0 \u00a0Antecedentes en el constitucionalismo hist\u00f3rico chileno\u00a0\u00a0 \u00a0\u00a0\u00a0 \u00a028<br \/>\n1.2.\u00a0\u00a0 \u00a0La pol\u00edtica de seguridad y la doctrina de la Seguridad Nacional\u00a0\u00a0 \u00a0\u00a0\u00a0 \u00a049<br \/>\n1.2.1.\u00a0\u00a0 \u00a0Precedentes liberales doctrinarios de elementos de la doctrina de la Seguridad Nacional\u00a0\u00a0 \u00a0\u00a0\u00a0 \u00a070<br \/>\n1.3.\u00a0\u00a0 \u00a0Conflicto, responsabilidad y control respecto del derecho de propiedad\u00a0\u00a0 \u00a0\u00a0\u00a0 \u00a089<br \/>\n2.\u00a0\u00a0 \u00a0LA DICTADURA EN LA ETAPA 1973-1976\u00a0\u00a0 \u00a0\u00a0\u00a0 \u00a094<br \/>\n2.1.\u00a0\u00a0 \u00a0El uso de la situaci\u00f3n de guerra: cr\u00edmenes de lesa humanidad\u00a0\u00a0 \u00a0\u00a0\u00a0 \u00a094<br \/>\n2.2.\u00a0\u00a0 \u00a0La creaci\u00f3n de Derecho de rango legal y constitucional por la dictadura civil-militar \u00a0\u00a0 \u00a0\u00a0\u00a0 \u00a0158<br \/>\n2.3.\u00a0\u00a0 \u00a0La Junta Militar y el poder constituyente\u00a0\u00a0 \u00a0\u00a0\u00a0 \u00a0170<br \/>\n2.4.\u00a0\u00a0 \u00a0De la organizaci\u00f3n de poder como paso del estado de fuerza al estado autoridad\u00a0\u00a0 \u00a0\u00a0\u00a0 \u00a0189<br \/>\n2.5.\u00a0\u00a0 \u00a0Del reconocimiento de derechos a la negaci\u00f3n de derechos\u00a0\u00a0 \u00a0\u00a0\u00a0 \u00a0193<br \/>\nCap\u00edtulo II<br \/>\nLAS ACTAS CONSTITUCIONALES DE 1976<br \/>\n1.\u00a0\u00a0 \u00a0EL ACTA CONSTITUCIONAL COMO DECRETO LEY CALIFICADO\u00a0\u00a0 \u00a0\u00a0\u00a0 \u00a0197<br \/>\n2.\u00a0\u00a0 \u00a0LAS ACTAS A LA LUZ DE LA LEY DE REFORMA CONSTITUCIONAL 17.931 (DE GARANT\u00cdAS CONSTITUCIONALES)\u00a0\u00a0 \u00a0\u00a0\u00a0 \u00a0223<br \/>\n3.\u00a0\u00a0 \u00a0LAS ACTAS Y LA OPINI\u00d3N P\u00daBLICA\u00a0\u00a0 \u00a0\u00a0\u00a0 \u00a0253<br \/>\n4.\u00a0\u00a0 \u00a0LAS ACTAS Y LA DOGM\u00c1TICA JUR\u00cdDICA\u00a0\u00a0 \u00a0\u00a0\u00a0 \u00a0264<br \/>\n5.\u00a0\u00a0 \u00a0LAS ACTAS Y LA JURISPRUDENCIA\u00a0\u00a0 \u00a0\u00a0\u00a0 \u00a0271<br \/>\n6.\u00a0\u00a0 \u00a0PROYECCI\u00d3N DE LAS ACTAS AL DECRETO LEY 3464 (CARTA OTORGADA DE 1980)\u00a0\u00a0 \u00a0\u00a0\u00a0 \u00a0326<br \/>\n7.\u00a0\u00a0 \u00a0PRIMERAS REFLEXIONES CONCLUSIVAS\u00a0\u00a0 \u00a0\u00a0\u00a0 \u00a0355<br \/>\n7.1.\u00a0\u00a0 \u00a0Las relaciones entre Dictadura y Derecho: revisi\u00f3n de la tesis del gobierno autoritario autolimitado\u00a0\u00a0 \u00a0\u00a0\u00a0 \u00a0355<br \/>\n7.2.\u00a0\u00a0 \u00a0Impacto en el estudio del fen\u00f3meno jur\u00eddico\u00a0\u00a0 \u00a0\u00a0\u00a0 \u00a0358<br \/>\n7.3.\u00a0\u00a0 \u00a0Doctrina de las fuentes formales del Derecho\u00a0\u00a0 \u00a0\u00a0\u00a0 \u00a0359<br \/>\n7.4.\u00a0\u00a0 \u00a0La cultura jur\u00eddica interna: los juristas y el derecho creado por las dictaduras\u00a0\u00a0 \u00a0\u00a0\u00a0 \u00a0361<br \/>\n7.5.\u00a0\u00a0 \u00a0Derecho opresivo de rango constitucional\u00a0\u00a0 \u00a0\u00a0\u00a0 \u00a0363<br \/>\n7.6.\u00a0\u00a0 \u00a0Derecho de la dictadura: existencia de una zona oscura de la tradici\u00f3n jur\u00eddica occidental\u00a0\u00a0 \u00a0\u00a0\u00a0 \u00a0364<br \/>\n7.7.\u00a0\u00a0 \u00a0Abogados y jueces excepcionales en etapas de excepci\u00f3n\u00a0\u00a0 \u00a0\u00a0\u00a0 \u00a0367<br \/>\n7.8.\u00a0\u00a0 \u00a0Formaci\u00f3n jur\u00eddica para una sociedad democr\u00e1tica y de aut\u00e9ntico constitucionalismo \u00a0\u00a0 \u00a0\u00a0\u00a0 \u00a0370<br \/>\nCONCLUSIONES\u00a0\u00a0 \u00a0\u00a0\u00a0 \u00a0373<br \/>\nBIBLIOGRAF\u00cdA, FUENTES Y PAGINAS WEB CONSULTADAS\u00a0\u00a0 \u00a0\u00a0\u00a0 \u00a0395<\/p>\n<p>&nbsp;<\/p>\n","protected":false},"excerpt":{"rendered":"<p>La obra estudia desde la perspectiva de la historia constitucional integral o polifac\u00e9tica, las Actas Constitucionales 2, 3 y 4 de 1976 dictadas por la dictadura militar chilena. Cuestiona las tesis al uso sobre las autolimitaciones del r\u00e9gimen autoritario \u00a0(Barros, Huneeus). La incorporaci\u00f3n de la cultura pol\u00edtica y constitucional que inspiraba al r\u00e9gimen civil-militar, as\u00ed como del acontecer pol\u00edtico y la pr\u00e1ctica judicial, como elementos de an\u00e1lisis del fen\u00f3meno, permiti\u00f3 dar con antecedentes que indican que las febles limitaciones del poder del general Augusto Pinochet como cabeza del r\u00e9gimen civil-militar, no tuvieron relevancia para los opositores. La normativa vigente al 11 de septiembre de 1973, as\u00ed como la que se dict\u00f3 en el tiempo posterior para la persecuci\u00f3n de la disidencia, se aplic\u00f3 severamente por las autoridades del Gobierno de facto, contando para ello con una interpretaci\u00f3n de los Tribunales mayoritariamente favorable a la pol\u00edtica represiva del r\u00e9gimen. Se organiz\u00f3, adem\u00e1s, un sistema institucional que permiti\u00f3 la comisi\u00f3n de cr\u00edmenes de lesa humanidad. Todo lo cual indica que los Tribunales no emplearon, y menos las propias autoridades del r\u00e9gimen civil-militar, la normativa de las Actas Constitucionales para detener la maquinaria represiva. La investigaci\u00f3n demuestra que la aplicaci\u00f3n combinada de las Actas Constitucionales impide caracterizarlas como mecanismos eficaces de autolimitaci\u00f3n. La Corte Suprema jug\u00f3 en este sentido un rol decisivo al no recurrir en sus sentencias a la interpretaci\u00f3n m\u00e1s favorable al disidente que estaba siendo reprimido. El Derecho jug\u00f3 en el per\u00edodo en estudio (1973-1980) un cierto papel de control, pero, no de mejoramiento de la protecci\u00f3n de la vida, de la integridad f\u00edsica y ps\u00edquica, ni de las dem\u00e1s libertades, derechos y garant\u00edas de quienes son calificados por los defensores del r\u00e9gimen civil-militar, como enemigos de la civilizaci\u00f3n cristiana occidental y su orden social, econ\u00f3mico y pol\u00edtico. \u00cdndice INTRODUCCI\u00d3N\u00a0\u00a0 \u00a0\u00a0\u00a0 \u00a09 Cap\u00edtulo I LA DOCTRINA DEMOCR\u00c1TICA DEL CONTROL DEL PODER 1.\u00a0\u00a0 \u00a0RESPONSABILIDAD, CONTROL Y CONFLICTO EN EL SISTEMA DEMOCR\u00c1TICO\u00a0\u00a0 \u00a0\u00a0\u00a0 \u00a027 1.1.\u00a0\u00a0 \u00a0Antecedentes en el constitucionalismo hist\u00f3rico chileno\u00a0\u00a0 \u00a0\u00a0\u00a0 \u00a028 1.2.\u00a0\u00a0 \u00a0La pol\u00edtica de seguridad y la doctrina de la Seguridad Nacional\u00a0\u00a0 \u00a0\u00a0\u00a0 \u00a049 1.2.1.\u00a0\u00a0 \u00a0Precedentes liberales doctrinarios de elementos de la doctrina de la Seguridad Nacional\u00a0\u00a0 \u00a0\u00a0\u00a0 \u00a070 1.3.\u00a0\u00a0 \u00a0Conflicto, responsabilidad y control respecto del derecho de propiedad\u00a0\u00a0 \u00a0\u00a0\u00a0 \u00a089 2.\u00a0\u00a0 \u00a0LA DICTADURA EN LA ETAPA 1973-1976\u00a0\u00a0 \u00a0\u00a0\u00a0 \u00a094 2.1.\u00a0\u00a0 \u00a0El uso de la situaci\u00f3n de guerra: cr\u00edmenes de lesa humanidad\u00a0\u00a0 \u00a0\u00a0\u00a0 \u00a094 2.2.\u00a0\u00a0 \u00a0La creaci\u00f3n de Derecho de rango legal y constitucional por la dictadura civil-militar \u00a0\u00a0 \u00a0\u00a0\u00a0 \u00a0158 2.3.\u00a0\u00a0 \u00a0La Junta Militar y el poder constituyente\u00a0\u00a0 \u00a0\u00a0\u00a0 \u00a0170 2.4.\u00a0\u00a0 \u00a0De la organizaci\u00f3n de poder como paso del estado de fuerza al estado autoridad\u00a0\u00a0 \u00a0\u00a0\u00a0 \u00a0189 2.5.\u00a0\u00a0 \u00a0Del reconocimiento de derechos a la negaci\u00f3n de derechos\u00a0\u00a0 \u00a0\u00a0\u00a0 \u00a0193 Cap\u00edtulo II LAS ACTAS CONSTITUCIONALES DE 1976 1.\u00a0\u00a0 \u00a0EL ACTA CONSTITUCIONAL COMO DECRETO LEY CALIFICADO\u00a0\u00a0 \u00a0\u00a0\u00a0 \u00a0197 2.\u00a0\u00a0 \u00a0LAS ACTAS A LA LUZ DE LA LEY DE REFORMA CONSTITUCIONAL 17.931 (DE GARANT\u00cdAS CONSTITUCIONALES)\u00a0\u00a0 \u00a0\u00a0\u00a0 \u00a0223 3.\u00a0\u00a0 \u00a0LAS ACTAS Y LA OPINI\u00d3N P\u00daBLICA\u00a0\u00a0 \u00a0\u00a0\u00a0 \u00a0253 4.\u00a0\u00a0 \u00a0LAS ACTAS Y LA DOGM\u00c1TICA JUR\u00cdDICA\u00a0\u00a0 \u00a0\u00a0\u00a0 \u00a0264 5.\u00a0\u00a0 \u00a0LAS ACTAS Y LA JURISPRUDENCIA\u00a0\u00a0 \u00a0\u00a0\u00a0 \u00a0271 6.\u00a0\u00a0 \u00a0PROYECCI\u00d3N DE LAS ACTAS AL DECRETO LEY 3464 (CARTA OTORGADA DE 1980)\u00a0\u00a0 \u00a0\u00a0\u00a0 \u00a0326 7.\u00a0\u00a0 \u00a0PRIMERAS REFLEXIONES CONCLUSIVAS\u00a0\u00a0 \u00a0\u00a0\u00a0 \u00a0355 7.1.\u00a0\u00a0 \u00a0Las relaciones entre Dictadura y Derecho: revisi\u00f3n de la tesis del gobierno autoritario autolimitado\u00a0\u00a0 \u00a0\u00a0\u00a0 \u00a0355 7.2.\u00a0\u00a0 \u00a0Impacto en el estudio del fen\u00f3meno jur\u00eddico\u00a0\u00a0 \u00a0\u00a0\u00a0 \u00a0358 7.3.\u00a0\u00a0 \u00a0Doctrina de las fuentes formales del Derecho\u00a0\u00a0 \u00a0\u00a0\u00a0 \u00a0359 7.4.\u00a0\u00a0 \u00a0La cultura jur\u00eddica interna: los juristas y el derecho creado por las dictaduras\u00a0\u00a0 \u00a0\u00a0\u00a0 \u00a0361 7.5.\u00a0\u00a0 \u00a0Derecho opresivo de rango constitucional\u00a0\u00a0 \u00a0\u00a0\u00a0 \u00a0363 7.6.\u00a0\u00a0 \u00a0Derecho de la dictadura: existencia de una zona oscura de la tradici\u00f3n jur\u00eddica occidental\u00a0\u00a0 \u00a0\u00a0\u00a0 \u00a0364 7.7.\u00a0\u00a0 \u00a0Abogados y jueces excepcionales en etapas de excepci\u00f3n\u00a0\u00a0 \u00a0\u00a0\u00a0 \u00a0367 7.8.\u00a0\u00a0 \u00a0Formaci\u00f3n jur\u00eddica para una sociedad democr\u00e1tica y de aut\u00e9ntico constitucionalismo \u00a0\u00a0 \u00a0\u00a0\u00a0 \u00a0370 CONCLUSIONES\u00a0\u00a0 \u00a0\u00a0\u00a0 \u00a0373 BIBLIOGRAF\u00cdA, FUENTES Y PAGINAS WEB CONSULTADAS\u00a0\u00a0 \u00a0\u00a0\u00a0 \u00a0395 &nbsp;<\/p>\n","protected":false},"featured_media":3311,"comment_status":"open","ping_status":"closed","template":"","meta":{"inline_featured_image":false,"_joinchat":[]},"product_brand":[],"product_cat":[33],"product_tag":[],"class_list":{"0":"post-3268","1":"product","2":"type-product","3":"status-publish","4":"has-post-thumbnail","6":"product_cat-constitucional","7":"product_shipping_class-a-convenir","9":"first","10":"instock","11":"shipping-taxable","12":"purchasable","13":"product-type-simple"},"_links":{"self":[{"href":"https:\/\/bibliotecajuridicavirtual.cl\/index.php\/wp-json\/wp\/v2\/product\/3268","targetHints":{"allow":["GET"]}}],"collection":[{"href":"https:\/\/bibliotecajuridicavirtual.cl\/index.php\/wp-json\/wp\/v2\/product"}],"about":[{"href":"https:\/\/bibliotecajuridicavirtual.cl\/index.php\/wp-json\/wp\/v2\/types\/product"}],"replies":[{"embeddable":true,"href":"https:\/\/bibliotecajuridicavirtual.cl\/index.php\/wp-json\/wp\/v2\/comments?post=3268"}],"wp:featuredmedia":[{"embeddable":true,"href":"https:\/\/bibliotecajuridicavirtual.cl\/index.php\/wp-json\/wp\/v2\/media\/3311"}],"wp:attachment":[{"href":"https:\/\/bibliotecajuridicavirtual.cl\/index.php\/wp-json\/wp\/v2\/media?parent=3268"}],"wp:term":[{"taxonomy":"product_brand","embeddable":true,"href":"https:\/\/bibliotecajuridicavirtual.cl\/index.php\/wp-json\/wp\/v2\/product_brand?post=3268"},{"taxonomy":"product_cat","embeddable":true,"href":"https:\/\/bibliotecajuridicavirtual.cl\/index.php\/wp-json\/wp\/v2\/product_cat?post=3268"},{"taxonomy":"product_tag","embeddable":true,"href":"https:\/\/bibliotecajuridicavirtual.cl\/index.php\/wp-json\/wp\/v2\/product_tag?post=3268"}],"curies":[{"name":"wp","href":"https:\/\/api.w.org\/{rel}","templated":true}]}}